{"id":71498,"date":"2022-11-07T09:54:50","date_gmt":"2022-11-07T08:54:50","guid":{"rendered":"https:\/\/www.editorialjuventud.es\/van-dog-catala-9788426147950\/"},"modified":"2025-01-22T12:40:34","modified_gmt":"2025-01-22T11:40:34","slug":"van-dog-9788426147950","status":"publish","type":"product","link":"https:\/\/www.editorialjuventud.es\/ca\/van-dog-9788426147950\/","title":{"rendered":"Van Dog"},"content":{"rendered":"<p>Van Dog \u00e9s pintor, i surt de bon mat\u00ed al camp per a pintar un paisatge. De mica en mica, el prat cobra vida: les formigues van a treballar, els nens juguen a futbol, un llangardaix gegant va de viatge a T\u00f2quio, arriben alien\u00edgenes&#8230; Cada cop hi ha m\u00e9s soroll i confusi\u00f3. \u00c9s dif\u00edcil treballar, per\u00f2 Van Dog pinta incansablement.<\/p>\n<p>Un delici\u00f3s \u00e0lbum que combina caracter\u00edstiques de l&#8217;\u00e0lbum il\u00b7lustrat, del llibre joc i del c\u00f2mic. Replet de microescenes, ens perdrem en els seus detalls i gaudirem de les seves vibrants il\u00b7lustracions. Algunes d&#8217;elles varen formar part de l&#8217;exhibici\u00f3 de la Fira de Bolonya.<\/p>\n","protected":false},"excerpt":{"rendered":"Van Dog \u00e9s pintor, i surt de bon mat\u00ed al camp per a pintar un paisatge. De mica en mica, el prat cobra vida: les formigues van a treballar, els nens juguen a futbol, un llangardaix gegant va de viatge [&hellip;]","protected":false},"featured_media":71499,"template":"","meta":{"_acf_changed":false,"_exactmetrics_skip_tracking":false,"_exactmetrics_sitenote_active":false,"_exactmetrics_sitenote_note":"","_exactmetrics_sitenote_category":0},"product_brand":[],"product_cat":[902,1121,1140,892,1115,1184,1201,893,1207,1128],"product_tag":[],"coleccion":[917,945,915],"class_list":{"0":"post-71498","1":"product","2":"type-product","3":"status-publish","4":"has-post-thumbnail","6":"product_cat-a-partir-de-7-anos","7":"product_cat-albumes-ilustrados","8":"product_cat-arte-y-creatividad","9":"product_cat-edades","10":"product_cat-generos","11":"product_cat-humor","12":"product_cat-naturaleza-biodiversidad","13":"product_cat-novedades","14":"product_cat-personajes-reales","15":"product_cat-tematica","16":"coleccion-albums-illustrats","17":"coleccion-art-i-creativitat","18":"coleccion-catala","20":"first","21":"instock","22":"taxable","23":"shipping-taxable","24":"purchasable","25":"product-type-simple"},"acf":{"indice":"","autor":"Pasinski, Mikolaj","codart":"4795","ediciones":"1","encuadernacion":"Carton\u00e9","fecha_de_publicacion":"01\/11\/2022","fecha_de_reimpresion":"","novedad":"0","paginas":"48","subtitulo":"","texto_web_adicional":"","autores-libros":[71490],"ilustradores-libros":[71491],"texto_web_novedad":"","orden":"999","portada":"0","texto_web_resaltado":"","traductores-libros":[63266],"descripcion_corta":"","recomendamos":"","mas_vendido":"","idioma-libro":"","color":false,"formato":"","mas_informacion_del_producto":false,"premios":false,"deshabilitar_compra":[],"texto_enlace_cubierta":"","enlace_cubierta":{"ID":71615,"id":71615,"title":"VAN DOG COVER.indd","filename":"VAN-DOG_Cover_CAT-scaled.jpg","filesize":792494,"url":"https:\/\/www.editorialjuventud.es\/wp-content\/uploads\/VAN-DOG_Cover_CAT-scaled.jpg","link":"https:\/\/www.editorialjuventud.es\/ca\/?attachment_id=71615","alt":"","author":"50","description":"","caption":"","name":"van-dog-cover-indd-4","status":"inherit","uploaded_to":71498,"date":"2022-11-08 11:35:33","modified":"2022-11-08 11:35:33","menu_order":0,"mime_type":"image\/jpeg","type":"image","subtype":"jpeg","icon":"https:\/\/www.editorialjuventud.es\/wp-includes\/images\/media\/default.png","width":2117,"height":2560,"sizes":{"thumbnail":"https:\/\/www.editorialjuventud.es\/wp-content\/uploads\/VAN-DOG_Cover_CAT-200x200.jpg","thumbnail-width":200,"thumbnail-height":200,"medium":"https:\/\/www.editorialjuventud.es\/wp-content\/uploads\/VAN-DOG_Cover_CAT-scaled.jpg","medium-width":2117,"medium-height":2560,"medium_large":"https:\/\/www.editorialjuventud.es\/wp-content\/uploads\/VAN-DOG_Cover_CAT-768x929.jpg","medium_large-width":768,"medium_large-height":929,"large":"https:\/\/www.editorialjuventud.es\/wp-content\/uploads\/VAN-DOG_Cover_CAT-scaled.jpg","large-width":2117,"large-height":2560,"1536x1536":"https:\/\/www.editorialjuventud.es\/wp-content\/uploads\/VAN-DOG_Cover_CAT-1270x1536.jpg","1536x1536-width":1270,"1536x1536-height":1536,"2048x2048":"https:\/\/www.editorialjuventud.es\/wp-content\/uploads\/VAN-DOG_Cover_CAT-1694x2048.jpg","2048x2048-width":1694,"2048x2048-height":2048,"woocommerce_thumbnail":"https:\/\/www.editorialjuventud.es\/wp-content\/uploads\/VAN-DOG_Cover_CAT-350x423.jpg","woocommerce_thumbnail-width":350,"woocommerce_thumbnail-height":423,"woocommerce_single":"https:\/\/www.editorialjuventud.es\/wp-content\/uploads\/VAN-DOG_Cover_CAT-900x1088.jpg","woocommerce_single-width":900,"woocommerce_single-height":1088,"woocommerce_gallery_thumbnail":"https:\/\/www.editorialjuventud.es\/wp-content\/uploads\/VAN-DOG_Cover_CAT-100x100.jpg","woocommerce_gallery_thumbnail-width":100,"woocommerce_gallery_thumbnail-height":100,"ppec_logo_image_size":"https:\/\/www.editorialjuventud.es\/wp-content\/uploads\/VAN-DOG_Cover_CAT-50x60.jpg","ppec_logo_image_size-width":50,"ppec_logo_image_size-height":60,"ppec_header_image_size":"https:\/\/www.editorialjuventud.es\/wp-content\/uploads\/VAN-DOG_Cover_CAT-74x90.jpg","ppec_header_image_size-width":74,"ppec_header_image_size-height":90}},"texto_enlace_ficha_tecnica":"","enlace_ficha_tecnica":{"ID":72303,"id":72303,"title":"VAN DOG_CAT","filename":"VAN-DOG_CAT.pdf","filesize":2962440,"url":"https:\/\/www.editorialjuventud.es\/wp-content\/uploads\/VAN-DOG_CAT.pdf","link":"https:\/\/www.editorialjuventud.es\/ca\/?attachment_id=72303","alt":"","author":"50","description":"","caption":"","name":"van-dog_cat","status":"inherit","uploaded_to":71498,"date":"2022-11-28 16:27:42","modified":"2022-11-28 16:27:42","menu_order":0,"mime_type":"application\/pdf","type":"application","subtype":"pdf","icon":"https:\/\/www.editorialjuventud.es\/wp-includes\/images\/media\/document.png"},"ficheros":[{"acf_fc_layout":"fichero","texto_de_enlace_a_fichero":"Activitat Van Dog","path_fichero":{"ID":71985,"id":71985,"title":"A3 PROMOCION poster VAN DOG_ca","filename":"A3-PROMOCION-poster-VAN-DOG_ca.pdf","filesize":783641,"url":"https:\/\/www.editorialjuventud.es\/wp-content\/uploads\/A3-PROMOCION-poster-VAN-DOG_ca.pdf","link":"https:\/\/www.editorialjuventud.es\/ca\/?attachment_id=71985","alt":"","author":"50","description":"","caption":"","name":"a3-promocion-poster-van-dog_ca","status":"inherit","uploaded_to":71498,"date":"2022-11-18 13:32:48","modified":"2022-11-18 13:32:48","menu_order":0,"mime_type":"application\/pdf","type":"application","subtype":"pdf","icon":"https:\/\/www.editorialjuventud.es\/wp-includes\/images\/media\/document.png"}}],"titulo-fr":"","texto-fr":""},"yoast_head":"<!-- This site is optimized with the Yoast SEO plugin v27.5 - https:\/\/yoast.com\/product\/yoast-seo-wordpress\/ -->\n<title>Van Dog - Editorial Juventud<\/title>\n<meta name=\"description\" content=\"Van Dog \u00e9s pintor, i surt de bon mat\u00ed al camp per a pintar un paisatge. De mica en mica, el prat cobra vida: les formigues van a treballar, els nens\" \/>\n<meta name=\"robots\" content=\"index, follow, max-snippet:-1, max-image-preview:large, max-video-preview:-1\" \/>\n<link rel=\"canonical\" href=\"https:\/\/www.editorialjuventud.es\/van-dog-9788426147950\/\" \/>\n<meta property=\"og:locale\" content=\"ca_ES\" \/>\n<meta property=\"og:type\" content=\"article\" \/>\n<meta property=\"og:title\" content=\"Van Dog - Editorial Juventud\" \/>\n<meta property=\"og:description\" content=\"Van Dog \u00e9s pintor, i surt de bon mat\u00ed al camp per a pintar un paisatge. De mica en mica, el prat cobra vida: les formigues van a treballar, els nens\" \/>\n<meta property=\"og:url\" content=\"https:\/\/www.editorialjuventud.es\/van-dog-9788426147950\/\" \/>\n<meta property=\"og:site_name\" content=\"Editorial Juventud\" \/>\n<meta property=\"article:modified_time\" content=\"2025-01-22T11:40:34+00:00\" \/>\n<meta property=\"og:image\" content=\"https:\/\/www.editorialjuventud.es\/wp-content\/uploads\/9788426147950.jpg\" \/>\n\t<meta property=\"og:image:width\" content=\"662\" \/>\n\t<meta property=\"og:image:height\" content=\"800\" \/>\n\t<meta property=\"og:image:type\" content=\"image\/jpeg\" \/>\n<meta name=\"twitter:card\" content=\"summary_large_image\" \/>\n<meta name=\"twitter:label1\" content=\"Temps estimat de lectura\" \/>\n\t<meta name=\"twitter:data1\" content=\"1 minut\" \/>\n<script type=\"application\/ld+json\" class=\"yoast-schema-graph\">{\"@context\":\"https:\\\/\\\/schema.org\",\"@graph\":[{\"@type\":\"WebPage\",\"@id\":\"https:\\\/\\\/www.editorialjuventud.es\\\/van-dog-9788426147950\\\/\",\"url\":\"https:\\\/\\\/www.editorialjuventud.es\\\/van-dog-9788426147950\\\/\",\"name\":\"Van Dog - Editorial Juventud\",\"isPartOf\":{\"@id\":\"https:\\\/\\\/www.editorialjuventud.es\\\/#website\"},\"primaryImageOfPage\":{\"@id\":\"https:\\\/\\\/www.editorialjuventud.es\\\/van-dog-9788426147950\\\/#primaryimage\"},\"image\":{\"@id\":\"https:\\\/\\\/www.editorialjuventud.es\\\/van-dog-9788426147950\\\/#primaryimage\"},\"thumbnailUrl\":\"https:\\\/\\\/www.editorialjuventud.es\\\/wp-content\\\/uploads\\\/9788426147950.jpg\",\"datePublished\":\"2022-11-07T08:54:50+00:00\",\"dateModified\":\"2025-01-22T11:40:34+00:00\",\"description\":\"Van Dog \u00e9s pintor, i surt de bon mat\u00ed al camp per a pintar un paisatge. De mica en mica, el prat cobra vida: les formigues van a treballar, els nens\",\"breadcrumb\":{\"@id\":\"https:\\\/\\\/www.editorialjuventud.es\\\/van-dog-9788426147950\\\/#breadcrumb\"},\"inLanguage\":\"ca\",\"potentialAction\":[{\"@type\":\"ReadAction\",\"target\":[\"https:\\\/\\\/www.editorialjuventud.es\\\/van-dog-9788426147950\\\/\"]}]},{\"@type\":\"ImageObject\",\"inLanguage\":\"ca\",\"@id\":\"https:\\\/\\\/www.editorialjuventud.es\\\/van-dog-9788426147950\\\/#primaryimage\",\"url\":\"https:\\\/\\\/www.editorialjuventud.es\\\/wp-content\\\/uploads\\\/9788426147950.jpg\",\"contentUrl\":\"https:\\\/\\\/www.editorialjuventud.es\\\/wp-content\\\/uploads\\\/9788426147950.jpg\",\"width\":662,\"height\":800,\"caption\":\"9788426147950.jpg\"},{\"@type\":\"BreadcrumbList\",\"@id\":\"https:\\\/\\\/www.editorialjuventud.es\\\/van-dog-9788426147950\\\/#breadcrumb\",\"itemListElement\":[{\"@type\":\"ListItem\",\"position\":1,\"name\":\"Portada\",\"item\":\"https:\\\/\\\/www.editorialjuventud.es\\\/\"},{\"@type\":\"ListItem\",\"position\":2,\"name\":\"cat\u00e1logo\",\"item\":\"https:\\\/\\\/www.editorialjuventud.es\\\/coleccion\\\/catalogo\\\/\"},{\"@type\":\"ListItem\",\"position\":3,\"name\":\"catal\u00e0\",\"item\":\"https:\\\/\\\/www.editorialjuventud.es\\\/coleccion\\\/catala\\\/\"},{\"@type\":\"ListItem\",\"position\":4,\"name\":\"\u00c0lbums Il\u00b7lustrats\",\"item\":\"https:\\\/\\\/www.editorialjuventud.es\\\/coleccion\\\/albums-il%c2%b7lustrats\\\/\"},{\"@type\":\"ListItem\",\"position\":5,\"name\":\"Art i Creativitat\",\"item\":\"https:\\\/\\\/www.editorialjuventud.es\\\/ca\\\/coleccion\\\/art-i-creativitat\\\/\"},{\"@type\":\"ListItem\",\"position\":6,\"name\":\"Van Dog\"}]},{\"@type\":\"WebSite\",\"@id\":\"https:\\\/\\\/www.editorialjuventud.es\\\/#website\",\"url\":\"https:\\\/\\\/www.editorialjuventud.es\\\/\",\"name\":\"Editorial Juventud\",\"description\":\"\",\"potentialAction\":[{\"@type\":\"SearchAction\",\"target\":{\"@type\":\"EntryPoint\",\"urlTemplate\":\"https:\\\/\\\/www.editorialjuventud.es\\\/?s={search_term_string}\"},\"query-input\":{\"@type\":\"PropertyValueSpecification\",\"valueRequired\":true,\"valueName\":\"search_term_string\"}}],\"inLanguage\":\"ca\"}]}<\/script>\n<!-- \/ Yoast SEO plugin. -->","yoast_head_json":{"title":"Van Dog - Editorial Juventud","description":"Van Dog \u00e9s pintor, i surt de bon mat\u00ed al camp per a pintar un paisatge. De mica en mica, el prat cobra vida: les formigues van a treballar, els nens","robots":{"index":"index","follow":"follow","max-snippet":"max-snippet:-1","max-image-preview":"max-image-preview:large","max-video-preview":"max-video-preview:-1"},"canonical":"https:\/\/www.editorialjuventud.es\/van-dog-9788426147950\/","og_locale":"ca_ES","og_type":"article","og_title":"Van Dog - Editorial Juventud","og_description":"Van Dog \u00e9s pintor, i surt de bon mat\u00ed al camp per a pintar un paisatge. De mica en mica, el prat cobra vida: les formigues van a treballar, els nens","og_url":"https:\/\/www.editorialjuventud.es\/van-dog-9788426147950\/","og_site_name":"Editorial Juventud","article_modified_time":"2025-01-22T11:40:34+00:00","og_image":[{"width":662,"height":800,"url":"https:\/\/www.editorialjuventud.es\/wp-content\/uploads\/9788426147950.jpg","type":"image\/jpeg"}],"twitter_card":"summary_large_image","twitter_misc":{"Temps estimat de lectura":"1 minut"},"schema":{"@context":"https:\/\/schema.org","@graph":[{"@type":"WebPage","@id":"https:\/\/www.editorialjuventud.es\/van-dog-9788426147950\/","url":"https:\/\/www.editorialjuventud.es\/van-dog-9788426147950\/","name":"Van Dog - Editorial Juventud","isPartOf":{"@id":"https:\/\/www.editorialjuventud.es\/#website"},"primaryImageOfPage":{"@id":"https:\/\/www.editorialjuventud.es\/van-dog-9788426147950\/#primaryimage"},"image":{"@id":"https:\/\/www.editorialjuventud.es\/van-dog-9788426147950\/#primaryimage"},"thumbnailUrl":"https:\/\/www.editorialjuventud.es\/wp-content\/uploads\/9788426147950.jpg","datePublished":"2022-11-07T08:54:50+00:00","dateModified":"2025-01-22T11:40:34+00:00","description":"Van Dog \u00e9s pintor, i surt de bon mat\u00ed al camp per a pintar un paisatge. De mica en mica, el prat cobra vida: les formigues van a treballar, els nens","breadcrumb":{"@id":"https:\/\/www.editorialjuventud.es\/van-dog-9788426147950\/#breadcrumb"},"inLanguage":"ca","potentialAction":[{"@type":"ReadAction","target":["https:\/\/www.editorialjuventud.es\/van-dog-9788426147950\/"]}]},{"@type":"ImageObject","inLanguage":"ca","@id":"https:\/\/www.editorialjuventud.es\/van-dog-9788426147950\/#primaryimage","url":"https:\/\/www.editorialjuventud.es\/wp-content\/uploads\/9788426147950.jpg","contentUrl":"https:\/\/www.editorialjuventud.es\/wp-content\/uploads\/9788426147950.jpg","width":662,"height":800,"caption":"9788426147950.jpg"},{"@type":"BreadcrumbList","@id":"https:\/\/www.editorialjuventud.es\/van-dog-9788426147950\/#breadcrumb","itemListElement":[{"@type":"ListItem","position":1,"name":"Portada","item":"https:\/\/www.editorialjuventud.es\/"},{"@type":"ListItem","position":2,"name":"cat\u00e1logo","item":"https:\/\/www.editorialjuventud.es\/coleccion\/catalogo\/"},{"@type":"ListItem","position":3,"name":"catal\u00e0","item":"https:\/\/www.editorialjuventud.es\/coleccion\/catala\/"},{"@type":"ListItem","position":4,"name":"\u00c0lbums Il\u00b7lustrats","item":"https:\/\/www.editorialjuventud.es\/coleccion\/albums-il%c2%b7lustrats\/"},{"@type":"ListItem","position":5,"name":"Art i Creativitat","item":"https:\/\/www.editorialjuventud.es\/ca\/coleccion\/art-i-creativitat\/"},{"@type":"ListItem","position":6,"name":"Van Dog"}]},{"@type":"WebSite","@id":"https:\/\/www.editorialjuventud.es\/#website","url":"https:\/\/www.editorialjuventud.es\/","name":"Editorial Juventud","description":"","potentialAction":[{"@type":"SearchAction","target":{"@type":"EntryPoint","urlTemplate":"https:\/\/www.editorialjuventud.es\/?s={search_term_string}"},"query-input":{"@type":"PropertyValueSpecification","valueRequired":true,"valueName":"search_term_string"}}],"inLanguage":"ca"}]}},"_links":{"self":[{"href":"https:\/\/www.editorialjuventud.es\/ca\/wp-json\/wp\/v2\/product\/71498","targetHints":{"allow":["GET"]}}],"collection":[{"href":"https:\/\/www.editorialjuventud.es\/ca\/wp-json\/wp\/v2\/product"}],"about":[{"href":"https:\/\/www.editorialjuventud.es\/ca\/wp-json\/wp\/v2\/types\/product"}],"wp:featuredmedia":[{"embeddable":true,"href":"https:\/\/www.editorialjuventud.es\/ca\/wp-json\/wp\/v2\/media\/71499"}],"wp:attachment":[{"href":"https:\/\/www.editorialjuventud.es\/ca\/wp-json\/wp\/v2\/media?parent=71498"}],"wp:term":[{"taxonomy":"product_brand","embeddable":true,"href":"https:\/\/www.editorialjuventud.es\/ca\/wp-json\/wp\/v2\/product_brand?post=71498"},{"taxonomy":"product_cat","embeddable":true,"href":"https:\/\/www.editorialjuventud.es\/ca\/wp-json\/wp\/v2\/product_cat?post=71498"},{"taxonomy":"product_tag","embeddable":true,"href":"https:\/\/www.editorialjuventud.es\/ca\/wp-json\/wp\/v2\/product_tag?post=71498"},{"taxonomy":"coleccion","embeddable":true,"href":"https:\/\/www.editorialjuventud.es\/ca\/wp-json\/wp\/v2\/coleccion?post=71498"}],"curies":[{"name":"wp","href":"https:\/\/api.w.org\/{rel}","templated":true}]}}