{"id":71492,"date":"2022-11-07T09:53:22","date_gmt":"2022-11-07T08:53:22","guid":{"rendered":"https:\/\/www.editorialjuventud.es\/rot-el-mes-valent-del-mon-9788426147882\/"},"modified":"2025-01-22T12:40:58","modified_gmt":"2025-01-22T11:40:58","slug":"rot-el-mes-valent-del-mon-9788426147882","status":"publish","type":"product","link":"https:\/\/www.editorialjuventud.es\/ca\/rot-el-mes-valent-del-mon-9788426147882\/","title":{"rendered":"Rot, el m\u00e9s valent del m\u00f3n!"},"content":{"rendered":"<p>Torna en Rot, la patata mutant! En aquesta nova aventura, troba una temptadora bassa de fang&#8230; Quines ganes de rebolcar-s&#8217;hi! Per\u00f2 el seu germ\u00e0 gran, en Moc, l&#8217;adverteix que a la bassa s&#8217;hi amaga el perill\u00f3s Cucgr\u00f2s&#8230; Podr\u00e0 en Rot v\u00e8ncer les seves pors i capbussar-s&#8217;hi?<\/p>\n<p>Un nou \u00e0lbum de Ben Clanton, l&#8217;autor que obra rere obra sap com fer-nos riure amb les seves esbojarrades hist\u00f2ries i carism\u00e0tics personatges. <\/p>\n","protected":false},"excerpt":{"rendered":"Torna en Rot, la patata mutant! En aquesta nova aventura, troba una temptadora bassa de fang&#8230; Quines ganes de rebolcar-s&#8217;hi! Per\u00f2 el seu germ\u00e0 gran, en Moc, l&#8217;adverteix que a la bassa s&#8217;hi amaga el perill\u00f3s Cucgr\u00f2s&#8230; Podr\u00e0 en Rot [&hellip;]","protected":false},"featured_media":71493,"template":"","meta":{"_acf_changed":false,"_exactmetrics_skip_tracking":false,"_exactmetrics_sitenote_active":false,"_exactmetrics_sitenote_note":"","_exactmetrics_sitenote_category":0},"product_brand":[],"product_cat":[900,1121,1141,892,1115,1184,1196,893],"product_tag":[],"coleccion":[917,954],"class_list":{"0":"post-71492","1":"product","2":"type-product","3":"status-publish","4":"has-post-thumbnail","6":"product_cat-a-partir-de-5-anos","7":"product_cat-albumes-ilustrados","8":"product_cat-autoestima","9":"product_cat-edades","10":"product_cat-generos","11":"product_cat-humor","12":"product_cat-miedo-valentia","13":"product_cat-novedades","14":"coleccion-albums-illustrats","15":"coleccion-llegir-entre-rialles","17":"first","18":"instock","19":"taxable","20":"shipping-taxable","21":"purchasable","22":"product-type-simple"},"acf":{"indice":"","autor":"Clanton, Ben","codart":"4788","ediciones":"1","encuadernacion":"Carton\u00e9","fecha_de_publicacion":"01\/11\/2022","fecha_de_reimpresion":"","novedad":"0","paginas":"40","subtitulo":"","texto_web_adicional":"","autores-libros":[16284],"ilustradores-libros":"","texto_web_novedad":"","orden":"999","portada":"0","texto_web_resaltado":"","traductores-libros":[58416,55227],"descripcion_corta":"","recomendamos":"","mas_vendido":"","idioma-libro":"","color":false,"formato":"","mas_informacion_del_producto":false,"premios":false,"deshabilitar_compra":[],"texto_enlace_cubierta":"","enlace_cubierta":{"ID":71607,"id":71607,"title":"ROT_Cover_CAT","filename":"ROT_Cover_CAT-scaled.jpg","filesize":533373,"url":"https:\/\/www.editorialjuventud.es\/wp-content\/uploads\/ROT_Cover_CAT-scaled.jpg","link":"https:\/\/www.editorialjuventud.es\/ca\/?attachment_id=71607","alt":"","author":"50","description":"","caption":"","name":"rot_cover_cat","status":"inherit","uploaded_to":71492,"date":"2022-11-08 11:11:21","modified":"2022-11-08 11:11:21","menu_order":0,"mime_type":"image\/jpeg","type":"image","subtype":"jpeg","icon":"https:\/\/www.editorialjuventud.es\/wp-includes\/images\/media\/default.png","width":1990,"height":2560,"sizes":{"thumbnail":"https:\/\/www.editorialjuventud.es\/wp-content\/uploads\/ROT_Cover_CAT-200x200.jpg","thumbnail-width":200,"thumbnail-height":200,"medium":"https:\/\/www.editorialjuventud.es\/wp-content\/uploads\/ROT_Cover_CAT-scaled.jpg","medium-width":1990,"medium-height":2560,"medium_large":"https:\/\/www.editorialjuventud.es\/wp-content\/uploads\/ROT_Cover_CAT-768x988.jpg","medium_large-width":768,"medium_large-height":988,"large":"https:\/\/www.editorialjuventud.es\/wp-content\/uploads\/ROT_Cover_CAT-scaled.jpg","large-width":1990,"large-height":2560,"1536x1536":"https:\/\/www.editorialjuventud.es\/wp-content\/uploads\/ROT_Cover_CAT-1194x1536.jpg","1536x1536-width":1194,"1536x1536-height":1536,"2048x2048":"https:\/\/www.editorialjuventud.es\/wp-content\/uploads\/ROT_Cover_CAT-1592x2048.jpg","2048x2048-width":1592,"2048x2048-height":2048,"woocommerce_thumbnail":"https:\/\/www.editorialjuventud.es\/wp-content\/uploads\/ROT_Cover_CAT-350x450.jpg","woocommerce_thumbnail-width":350,"woocommerce_thumbnail-height":450,"woocommerce_single":"https:\/\/www.editorialjuventud.es\/wp-content\/uploads\/ROT_Cover_CAT-900x1158.jpg","woocommerce_single-width":900,"woocommerce_single-height":1158,"woocommerce_gallery_thumbnail":"https:\/\/www.editorialjuventud.es\/wp-content\/uploads\/ROT_Cover_CAT-100x100.jpg","woocommerce_gallery_thumbnail-width":100,"woocommerce_gallery_thumbnail-height":100,"ppec_logo_image_size":"https:\/\/www.editorialjuventud.es\/wp-content\/uploads\/ROT_Cover_CAT-47x60.jpg","ppec_logo_image_size-width":47,"ppec_logo_image_size-height":60,"ppec_header_image_size":"https:\/\/www.editorialjuventud.es\/wp-content\/uploads\/ROT_Cover_CAT-70x90.jpg","ppec_header_image_size-width":70,"ppec_header_image_size-height":90}},"texto_enlace_ficha_tecnica":"","enlace_ficha_tecnica":{"ID":72309,"id":72309,"title":"ROT EL MES VALENT DEL MON_CAT","filename":"ROT-EL-MES-VALENT-DEL-MON_CAT.pdf","filesize":1539762,"url":"https:\/\/www.editorialjuventud.es\/wp-content\/uploads\/ROT-EL-MES-VALENT-DEL-MON_CAT.pdf","link":"https:\/\/www.editorialjuventud.es\/ca\/?attachment_id=72309","alt":"","author":"50","description":"","caption":"","name":"rot-el-mes-valent-del-mon_cat","status":"inherit","uploaded_to":71492,"date":"2022-11-28 16:33:18","modified":"2022-11-28 16:33:18","menu_order":0,"mime_type":"application\/pdf","type":"application","subtype":"pdf","icon":"https:\/\/www.editorialjuventud.es\/wp-includes\/images\/media\/document.png"},"ficheros":false,"titulo-fr":"","texto-fr":""},"yoast_head":"<!-- This site is optimized with the Yoast SEO plugin v27.3 - https:\/\/yoast.com\/product\/yoast-seo-wordpress\/ -->\n<title>Rot, el m\u00e9s valent del m\u00f3n! - Editorial Juventud<\/title>\n<meta name=\"description\" content=\"Torna en Rot, la patata mutant! En aquesta nova aventura, troba una temptadora bassa de fang... Quines ganes de rebolcar-s&#039;hi! Per\u00f2 el seu germ\u00e0 gran, en\" \/>\n<meta name=\"robots\" content=\"index, follow, max-snippet:-1, max-image-preview:large, max-video-preview:-1\" \/>\n<link rel=\"canonical\" href=\"https:\/\/www.editorialjuventud.es\/rot-el-mes-valent-del-mon-9788426147882\/\" \/>\n<meta property=\"og:locale\" content=\"ca_ES\" \/>\n<meta property=\"og:type\" content=\"article\" \/>\n<meta property=\"og:title\" content=\"Rot, el m\u00e9s valent del m\u00f3n! - Editorial Juventud\" \/>\n<meta property=\"og:description\" content=\"Torna en Rot, la patata mutant! En aquesta nova aventura, troba una temptadora bassa de fang... Quines ganes de rebolcar-s&#039;hi! Per\u00f2 el seu germ\u00e0 gran, en\" \/>\n<meta property=\"og:url\" content=\"https:\/\/www.editorialjuventud.es\/rot-el-mes-valent-del-mon-9788426147882\/\" \/>\n<meta property=\"og:site_name\" content=\"Editorial Juventud\" \/>\n<meta property=\"article:modified_time\" content=\"2025-01-22T11:40:58+00:00\" \/>\n<meta property=\"og:image\" content=\"https:\/\/www.editorialjuventud.es\/wp-content\/uploads\/9788426147882.jpg\" \/>\n\t<meta property=\"og:image:width\" content=\"625\" \/>\n\t<meta property=\"og:image:height\" content=\"804\" \/>\n\t<meta property=\"og:image:type\" content=\"image\/jpeg\" \/>\n<meta name=\"twitter:card\" content=\"summary_large_image\" \/>\n<script type=\"application\/ld+json\" class=\"yoast-schema-graph\">{\"@context\":\"https:\\\/\\\/schema.org\",\"@graph\":[{\"@type\":\"WebPage\",\"@id\":\"https:\\\/\\\/www.editorialjuventud.es\\\/rot-el-mes-valent-del-mon-9788426147882\\\/\",\"url\":\"https:\\\/\\\/www.editorialjuventud.es\\\/rot-el-mes-valent-del-mon-9788426147882\\\/\",\"name\":\"Rot, el m\u00e9s valent del m\u00f3n! - Editorial Juventud\",\"isPartOf\":{\"@id\":\"https:\\\/\\\/www.editorialjuventud.es\\\/#website\"},\"primaryImageOfPage\":{\"@id\":\"https:\\\/\\\/www.editorialjuventud.es\\\/rot-el-mes-valent-del-mon-9788426147882\\\/#primaryimage\"},\"image\":{\"@id\":\"https:\\\/\\\/www.editorialjuventud.es\\\/rot-el-mes-valent-del-mon-9788426147882\\\/#primaryimage\"},\"thumbnailUrl\":\"https:\\\/\\\/www.editorialjuventud.es\\\/wp-content\\\/uploads\\\/9788426147882.jpg\",\"datePublished\":\"2022-11-07T08:53:22+00:00\",\"dateModified\":\"2025-01-22T11:40:58+00:00\",\"description\":\"Torna en Rot, la patata mutant! En aquesta nova aventura, troba una temptadora bassa de fang... Quines ganes de rebolcar-s'hi! Per\u00f2 el seu germ\u00e0 gran, en\",\"breadcrumb\":{\"@id\":\"https:\\\/\\\/www.editorialjuventud.es\\\/rot-el-mes-valent-del-mon-9788426147882\\\/#breadcrumb\"},\"inLanguage\":\"ca\",\"potentialAction\":[{\"@type\":\"ReadAction\",\"target\":[\"https:\\\/\\\/www.editorialjuventud.es\\\/rot-el-mes-valent-del-mon-9788426147882\\\/\"]}]},{\"@type\":\"ImageObject\",\"inLanguage\":\"ca\",\"@id\":\"https:\\\/\\\/www.editorialjuventud.es\\\/rot-el-mes-valent-del-mon-9788426147882\\\/#primaryimage\",\"url\":\"https:\\\/\\\/www.editorialjuventud.es\\\/wp-content\\\/uploads\\\/9788426147882.jpg\",\"contentUrl\":\"https:\\\/\\\/www.editorialjuventud.es\\\/wp-content\\\/uploads\\\/9788426147882.jpg\",\"width\":625,\"height\":804,\"caption\":\"9788426147882.jpg\"},{\"@type\":\"BreadcrumbList\",\"@id\":\"https:\\\/\\\/www.editorialjuventud.es\\\/rot-el-mes-valent-del-mon-9788426147882\\\/#breadcrumb\",\"itemListElement\":[{\"@type\":\"ListItem\",\"position\":1,\"name\":\"Portada\",\"item\":\"https:\\\/\\\/www.editorialjuventud.es\\\/\"},{\"@type\":\"ListItem\",\"position\":2,\"name\":\"cat\u00e1logo\",\"item\":\"https:\\\/\\\/www.editorialjuventud.es\\\/coleccion\\\/catalogo\\\/\"},{\"@type\":\"ListItem\",\"position\":3,\"name\":\"catal\u00e0\",\"item\":\"https:\\\/\\\/www.editorialjuventud.es\\\/coleccion\\\/catala\\\/\"},{\"@type\":\"ListItem\",\"position\":4,\"name\":\"\u00c0lbums Il\u00b7lustrats\",\"item\":\"https:\\\/\\\/www.editorialjuventud.es\\\/coleccion\\\/albums-il%c2%b7lustrats\\\/\"},{\"@type\":\"ListItem\",\"position\":5,\"name\":\"Llegir entre Rialles\",\"item\":\"https:\\\/\\\/www.editorialjuventud.es\\\/coleccion\\\/llegir-entre-rialles\\\/\"},{\"@type\":\"ListItem\",\"position\":6,\"name\":\"Rot, el m\u00e9s valent del m\u00f3n!\"}]},{\"@type\":\"WebSite\",\"@id\":\"https:\\\/\\\/www.editorialjuventud.es\\\/#website\",\"url\":\"https:\\\/\\\/www.editorialjuventud.es\\\/\",\"name\":\"Editorial Juventud\",\"description\":\"\",\"potentialAction\":[{\"@type\":\"SearchAction\",\"target\":{\"@type\":\"EntryPoint\",\"urlTemplate\":\"https:\\\/\\\/www.editorialjuventud.es\\\/?s={search_term_string}\"},\"query-input\":{\"@type\":\"PropertyValueSpecification\",\"valueRequired\":true,\"valueName\":\"search_term_string\"}}],\"inLanguage\":\"ca\"}]}<\/script>\n<!-- \/ Yoast SEO plugin. -->","yoast_head_json":{"title":"Rot, el m\u00e9s valent del m\u00f3n! - Editorial Juventud","description":"Torna en Rot, la patata mutant! En aquesta nova aventura, troba una temptadora bassa de fang... Quines ganes de rebolcar-s'hi! Per\u00f2 el seu germ\u00e0 gran, en","robots":{"index":"index","follow":"follow","max-snippet":"max-snippet:-1","max-image-preview":"max-image-preview:large","max-video-preview":"max-video-preview:-1"},"canonical":"https:\/\/www.editorialjuventud.es\/rot-el-mes-valent-del-mon-9788426147882\/","og_locale":"ca_ES","og_type":"article","og_title":"Rot, el m\u00e9s valent del m\u00f3n! - Editorial Juventud","og_description":"Torna en Rot, la patata mutant! En aquesta nova aventura, troba una temptadora bassa de fang... Quines ganes de rebolcar-s'hi! Per\u00f2 el seu germ\u00e0 gran, en","og_url":"https:\/\/www.editorialjuventud.es\/rot-el-mes-valent-del-mon-9788426147882\/","og_site_name":"Editorial Juventud","article_modified_time":"2025-01-22T11:40:58+00:00","og_image":[{"width":625,"height":804,"url":"https:\/\/www.editorialjuventud.es\/wp-content\/uploads\/9788426147882.jpg","type":"image\/jpeg"}],"twitter_card":"summary_large_image","schema":{"@context":"https:\/\/schema.org","@graph":[{"@type":"WebPage","@id":"https:\/\/www.editorialjuventud.es\/rot-el-mes-valent-del-mon-9788426147882\/","url":"https:\/\/www.editorialjuventud.es\/rot-el-mes-valent-del-mon-9788426147882\/","name":"Rot, el m\u00e9s valent del m\u00f3n! - Editorial Juventud","isPartOf":{"@id":"https:\/\/www.editorialjuventud.es\/#website"},"primaryImageOfPage":{"@id":"https:\/\/www.editorialjuventud.es\/rot-el-mes-valent-del-mon-9788426147882\/#primaryimage"},"image":{"@id":"https:\/\/www.editorialjuventud.es\/rot-el-mes-valent-del-mon-9788426147882\/#primaryimage"},"thumbnailUrl":"https:\/\/www.editorialjuventud.es\/wp-content\/uploads\/9788426147882.jpg","datePublished":"2022-11-07T08:53:22+00:00","dateModified":"2025-01-22T11:40:58+00:00","description":"Torna en Rot, la patata mutant! En aquesta nova aventura, troba una temptadora bassa de fang... Quines ganes de rebolcar-s'hi! Per\u00f2 el seu germ\u00e0 gran, en","breadcrumb":{"@id":"https:\/\/www.editorialjuventud.es\/rot-el-mes-valent-del-mon-9788426147882\/#breadcrumb"},"inLanguage":"ca","potentialAction":[{"@type":"ReadAction","target":["https:\/\/www.editorialjuventud.es\/rot-el-mes-valent-del-mon-9788426147882\/"]}]},{"@type":"ImageObject","inLanguage":"ca","@id":"https:\/\/www.editorialjuventud.es\/rot-el-mes-valent-del-mon-9788426147882\/#primaryimage","url":"https:\/\/www.editorialjuventud.es\/wp-content\/uploads\/9788426147882.jpg","contentUrl":"https:\/\/www.editorialjuventud.es\/wp-content\/uploads\/9788426147882.jpg","width":625,"height":804,"caption":"9788426147882.jpg"},{"@type":"BreadcrumbList","@id":"https:\/\/www.editorialjuventud.es\/rot-el-mes-valent-del-mon-9788426147882\/#breadcrumb","itemListElement":[{"@type":"ListItem","position":1,"name":"Portada","item":"https:\/\/www.editorialjuventud.es\/"},{"@type":"ListItem","position":2,"name":"cat\u00e1logo","item":"https:\/\/www.editorialjuventud.es\/coleccion\/catalogo\/"},{"@type":"ListItem","position":3,"name":"catal\u00e0","item":"https:\/\/www.editorialjuventud.es\/coleccion\/catala\/"},{"@type":"ListItem","position":4,"name":"\u00c0lbums Il\u00b7lustrats","item":"https:\/\/www.editorialjuventud.es\/coleccion\/albums-il%c2%b7lustrats\/"},{"@type":"ListItem","position":5,"name":"Llegir entre Rialles","item":"https:\/\/www.editorialjuventud.es\/coleccion\/llegir-entre-rialles\/"},{"@type":"ListItem","position":6,"name":"Rot, el m\u00e9s valent del m\u00f3n!"}]},{"@type":"WebSite","@id":"https:\/\/www.editorialjuventud.es\/#website","url":"https:\/\/www.editorialjuventud.es\/","name":"Editorial Juventud","description":"","potentialAction":[{"@type":"SearchAction","target":{"@type":"EntryPoint","urlTemplate":"https:\/\/www.editorialjuventud.es\/?s={search_term_string}"},"query-input":{"@type":"PropertyValueSpecification","valueRequired":true,"valueName":"search_term_string"}}],"inLanguage":"ca"}]}},"_links":{"self":[{"href":"https:\/\/www.editorialjuventud.es\/ca\/wp-json\/wp\/v2\/product\/71492","targetHints":{"allow":["GET"]}}],"collection":[{"href":"https:\/\/www.editorialjuventud.es\/ca\/wp-json\/wp\/v2\/product"}],"about":[{"href":"https:\/\/www.editorialjuventud.es\/ca\/wp-json\/wp\/v2\/types\/product"}],"wp:featuredmedia":[{"embeddable":true,"href":"https:\/\/www.editorialjuventud.es\/ca\/wp-json\/wp\/v2\/media\/71493"}],"wp:attachment":[{"href":"https:\/\/www.editorialjuventud.es\/ca\/wp-json\/wp\/v2\/media?parent=71492"}],"wp:term":[{"taxonomy":"product_brand","embeddable":true,"href":"https:\/\/www.editorialjuventud.es\/ca\/wp-json\/wp\/v2\/product_brand?post=71492"},{"taxonomy":"product_cat","embeddable":true,"href":"https:\/\/www.editorialjuventud.es\/ca\/wp-json\/wp\/v2\/product_cat?post=71492"},{"taxonomy":"product_tag","embeddable":true,"href":"https:\/\/www.editorialjuventud.es\/ca\/wp-json\/wp\/v2\/product_tag?post=71492"},{"taxonomy":"coleccion","embeddable":true,"href":"https:\/\/www.editorialjuventud.es\/ca\/wp-json\/wp\/v2\/coleccion?post=71492"}],"curies":[{"name":"wp","href":"https:\/\/api.w.org\/{rel}","templated":true}]}}