{"id":70104,"date":"2022-09-28T12:26:31","date_gmt":"2022-09-28T10:26:31","guid":{"rendered":"https:\/\/www.editorialjuventud.es\/tintin-en-el-pais-de-los-soviets-edicion-especial-a-color-9788426148049\/"},"modified":"2025-01-22T12:40:15","modified_gmt":"2025-01-22T11:40:15","slug":"tintin-en-el-pais-de-los-soviets-edicion-especial-a-color-9788426148049","status":"publish","type":"product","link":"https:\/\/www.editorialjuventud.es\/ca\/tintin-en-el-pais-de-los-soviets-edicion-especial-a-color-9788426148049\/","title":{"rendered":"Tint\u00edn en el pa\u00eds de los Soviets (edici\u00f3n especial a color)"},"content":{"rendered":"<p>Creada en 1929, esta primera aventura de Tint\u00edn sorprende por una nueva y moderna legibilidad al ser coloreada en 2016, mucho despu\u00e9s de la desaparici\u00f3n de Herg\u00e9. Ya dotado de una energ\u00eda entusiasta, Tint\u00edn en esta aventura se sube a un potente coche descapotable y, para expresar velocidad, Herg\u00e9 levanta el flequillo de la frente\u2026 para siempre, en un tup\u00e9 que quedar\u00e1 como su rasgo f\u00edsico caracter\u00edstico.<\/p>\n<p>El joven autor ten\u00eda 21 a\u00f1os y siempre hab\u00eda demostrado una gran habilidad con el l\u00e1piz sin haber estudiado dibujo. No sab\u00eda que acababa de crear un h\u00e9roe que se convertir\u00eda en universal y m\u00edtico en el transcurso de sus veinticuatro Aventuras\u2026<\/p>\n","protected":false},"excerpt":{"rendered":"Creada en 1929, esta primera aventura de Tint\u00edn sorprende por una nueva y moderna legibilidad al ser coloreada en 2016, mucho despu\u00e9s de la desaparici\u00f3n de Herg\u00e9. Ya dotado de una energ\u00eda entusiasta, Tint\u00edn en esta aventura se sube a [&hellip;]","protected":false},"featured_media":70105,"template":"","meta":{"_acf_changed":false,"_exactmetrics_skip_tracking":false,"_exactmetrics_sitenote_active":false,"_exactmetrics_sitenote_note":"","_exactmetrics_sitenote_category":0},"product_brand":[],"product_cat":[904,905,1142,1127,1284],"product_tag":[],"coleccion":[916,1008,939],"class_list":{"0":"post-70104","1":"product","2":"type-product","3":"status-publish","4":"has-post-thumbnail","6":"product_cat-a-partir-de-9-anos","7":"product_cat-adulto","8":"product_cat-aventura","9":"product_cat-comic","10":"product_cat-comic-tematica","11":"coleccion-castellano","12":"coleccion-las-aventuras-de-tintin","13":"coleccion-libros-de-tintin","15":"first","16":"instock","17":"taxable","18":"shipping-taxable","19":"purchasable","20":"product-type-simple"},"acf":{"indice":"","autor":"Herg\u00e9","codart":"4804","ediciones":"1","encuadernacion":"Carton\u00e9","fecha_de_publicacion":"01\/10\/2022","fecha_de_reimpresion":"","novedad":"0","paginas":"144","subtitulo":"","texto_web_adicional":"","autores-libros":[16407],"ilustradores-libros":"","texto_web_novedad":"","orden":"999","portada":"0","texto_web_resaltado":"","traductores-libros":[18388],"descripcion_corta":"Tint\u00edn en el pa\u00eds de los Soviets (edici\u00f3n especial a color)","recomendamos":"","mas_vendido":"","idioma-libro":"","color":false,"formato":"","mas_informacion_del_producto":false,"premios":false,"deshabilitar_compra":["deshabilitar"],"texto_enlace_cubierta":"","enlace_cubierta":{"ID":70350,"id":70350,"title":"L.10EIFN002646.N001_TinSovCou_C_SP.indd","filename":"Tintin_Soviets-scaled.jpg","filesize":275266,"url":"https:\/\/www.editorialjuventud.es\/wp-content\/uploads\/Tintin_Soviets-scaled.jpg","link":"https:\/\/www.editorialjuventud.es\/ca\/?attachment_id=70350","alt":"","author":"50","description":"","caption":"","name":"l-10eifn002646-n001_tinsovcou_c_sp-indd","status":"inherit","uploaded_to":70104,"date":"2022-10-03 17:40:32","modified":"2022-10-03 17:40:32","menu_order":0,"mime_type":"image\/jpeg","type":"image","subtype":"jpeg","icon":"https:\/\/www.editorialjuventud.es\/wp-includes\/images\/media\/default.png","width":1918,"height":2560,"sizes":{"thumbnail":"https:\/\/www.editorialjuventud.es\/wp-content\/uploads\/Tintin_Soviets-200x200.jpg","thumbnail-width":200,"thumbnail-height":200,"medium":"https:\/\/www.editorialjuventud.es\/wp-content\/uploads\/Tintin_Soviets-scaled.jpg","medium-width":1918,"medium-height":2560,"medium_large":"https:\/\/www.editorialjuventud.es\/wp-content\/uploads\/Tintin_Soviets-768x1025.jpg","medium_large-width":768,"medium_large-height":1025,"large":"https:\/\/www.editorialjuventud.es\/wp-content\/uploads\/Tintin_Soviets-scaled.jpg","large-width":1918,"large-height":2560,"1536x1536":"https:\/\/www.editorialjuventud.es\/wp-content\/uploads\/Tintin_Soviets-1151x1536.jpg","1536x1536-width":1151,"1536x1536-height":1536,"2048x2048":"https:\/\/www.editorialjuventud.es\/wp-content\/uploads\/Tintin_Soviets-1534x2048.jpg","2048x2048-width":1534,"2048x2048-height":2048,"woocommerce_thumbnail":"https:\/\/www.editorialjuventud.es\/wp-content\/uploads\/Tintin_Soviets-350x467.jpg","woocommerce_thumbnail-width":350,"woocommerce_thumbnail-height":467,"woocommerce_single":"https:\/\/www.editorialjuventud.es\/wp-content\/uploads\/Tintin_Soviets-900x1201.jpg","woocommerce_single-width":900,"woocommerce_single-height":1201,"woocommerce_gallery_thumbnail":"https:\/\/www.editorialjuventud.es\/wp-content\/uploads\/Tintin_Soviets-100x100.jpg","woocommerce_gallery_thumbnail-width":100,"woocommerce_gallery_thumbnail-height":100,"ppec_logo_image_size":"https:\/\/www.editorialjuventud.es\/wp-content\/uploads\/Tintin_Soviets-45x60.jpg","ppec_logo_image_size-width":45,"ppec_logo_image_size-height":60,"ppec_header_image_size":"https:\/\/www.editorialjuventud.es\/wp-content\/uploads\/Tintin_Soviets-67x90.jpg","ppec_header_image_size-width":67,"ppec_header_image_size-height":90}},"texto_enlace_ficha_tecnica":"","enlace_ficha_tecnica":{"ID":71150,"id":71150,"title":"Tintin_Soviets_Fichas","filename":"Tintin_Soviets_Fichas.pdf","filesize":508108,"url":"https:\/\/www.editorialjuventud.es\/wp-content\/uploads\/Tintin_Soviets_Fichas.pdf","link":"https:\/\/www.editorialjuventud.es\/ca\/?attachment_id=71150","alt":"","author":"50","description":"","caption":"","name":"tintin_soviets_fichas","status":"inherit","uploaded_to":70104,"date":"2022-10-27 16:40:48","modified":"2022-10-27 16:40:48","menu_order":0,"mime_type":"application\/pdf","type":"application","subtype":"pdf","icon":"https:\/\/www.editorialjuventud.es\/wp-includes\/images\/media\/document.png"},"ficheros":false,"titulo-fr":"","texto-fr":""},"yoast_head":"<!-- This site is optimized with the Yoast SEO plugin v27.5 - https:\/\/yoast.com\/product\/yoast-seo-wordpress\/ -->\n<title>Tint\u00edn en el pa\u00eds de los Soviets (edici\u00f3n especial a color) - Editorial Juventud<\/title>\n<meta name=\"description\" content=\"Creada en 1929, esta primera aventura de Tint\u00edn sorprende por una nueva y moderna legibilidad al ser coloreada en 2016, mucho despu\u00e9s de la desaparici\u00f3n\" \/>\n<meta name=\"robots\" content=\"index, follow, max-snippet:-1, max-image-preview:large, max-video-preview:-1\" \/>\n<link rel=\"canonical\" href=\"https:\/\/www.editorialjuventud.es\/tintin-en-el-pais-de-los-soviets-edicion-especial-a-color-9788426148049\/\" \/>\n<meta property=\"og:locale\" content=\"ca_ES\" \/>\n<meta property=\"og:type\" content=\"article\" \/>\n<meta property=\"og:title\" content=\"Tint\u00edn en el pa\u00eds de los Soviets (edici\u00f3n especial a color) - Editorial Juventud\" \/>\n<meta property=\"og:description\" content=\"Creada en 1929, esta primera aventura de Tint\u00edn sorprende por una nueva y moderna legibilidad al ser coloreada en 2016, mucho despu\u00e9s de la desaparici\u00f3n\" \/>\n<meta property=\"og:url\" content=\"https:\/\/www.editorialjuventud.es\/tintin-en-el-pais-de-los-soviets-edicion-especial-a-color-9788426148049\/\" \/>\n<meta property=\"og:site_name\" content=\"Editorial Juventud\" \/>\n<meta property=\"article:modified_time\" content=\"2025-01-22T11:40:15+00:00\" \/>\n<meta property=\"og:image\" content=\"https:\/\/www.editorialjuventud.es\/wp-content\/uploads\/9788426148049.jpg\" \/>\n\t<meta property=\"og:image:width\" content=\"599\" \/>\n\t<meta property=\"og:image:height\" content=\"800\" \/>\n\t<meta property=\"og:image:type\" content=\"image\/jpeg\" \/>\n<meta name=\"twitter:card\" content=\"summary_large_image\" \/>\n<meta name=\"twitter:label1\" content=\"Temps estimat de lectura\" \/>\n\t<meta name=\"twitter:data1\" content=\"1 minut\" \/>\n<script type=\"application\/ld+json\" class=\"yoast-schema-graph\">{\"@context\":\"https:\\\/\\\/schema.org\",\"@graph\":[{\"@type\":\"WebPage\",\"@id\":\"https:\\\/\\\/www.editorialjuventud.es\\\/tintin-en-el-pais-de-los-soviets-edicion-especial-a-color-9788426148049\\\/\",\"url\":\"https:\\\/\\\/www.editorialjuventud.es\\\/tintin-en-el-pais-de-los-soviets-edicion-especial-a-color-9788426148049\\\/\",\"name\":\"Tint\u00edn en el pa\u00eds de los Soviets (edici\u00f3n especial a color) - Editorial Juventud\",\"isPartOf\":{\"@id\":\"https:\\\/\\\/www.editorialjuventud.es\\\/#website\"},\"primaryImageOfPage\":{\"@id\":\"https:\\\/\\\/www.editorialjuventud.es\\\/tintin-en-el-pais-de-los-soviets-edicion-especial-a-color-9788426148049\\\/#primaryimage\"},\"image\":{\"@id\":\"https:\\\/\\\/www.editorialjuventud.es\\\/tintin-en-el-pais-de-los-soviets-edicion-especial-a-color-9788426148049\\\/#primaryimage\"},\"thumbnailUrl\":\"https:\\\/\\\/www.editorialjuventud.es\\\/wp-content\\\/uploads\\\/9788426148049.jpg\",\"datePublished\":\"2022-09-28T10:26:31+00:00\",\"dateModified\":\"2025-01-22T11:40:15+00:00\",\"description\":\"Creada en 1929, esta primera aventura de Tint\u00edn sorprende por una nueva y moderna legibilidad al ser coloreada en 2016, mucho despu\u00e9s de la desaparici\u00f3n\",\"breadcrumb\":{\"@id\":\"https:\\\/\\\/www.editorialjuventud.es\\\/tintin-en-el-pais-de-los-soviets-edicion-especial-a-color-9788426148049\\\/#breadcrumb\"},\"inLanguage\":\"ca\",\"potentialAction\":[{\"@type\":\"ReadAction\",\"target\":[\"https:\\\/\\\/www.editorialjuventud.es\\\/tintin-en-el-pais-de-los-soviets-edicion-especial-a-color-9788426148049\\\/\"]}]},{\"@type\":\"ImageObject\",\"inLanguage\":\"ca\",\"@id\":\"https:\\\/\\\/www.editorialjuventud.es\\\/tintin-en-el-pais-de-los-soviets-edicion-especial-a-color-9788426148049\\\/#primaryimage\",\"url\":\"https:\\\/\\\/www.editorialjuventud.es\\\/wp-content\\\/uploads\\\/9788426148049.jpg\",\"contentUrl\":\"https:\\\/\\\/www.editorialjuventud.es\\\/wp-content\\\/uploads\\\/9788426148049.jpg\",\"width\":599,\"height\":800,\"caption\":\"9788426148049.jpg\"},{\"@type\":\"BreadcrumbList\",\"@id\":\"https:\\\/\\\/www.editorialjuventud.es\\\/tintin-en-el-pais-de-los-soviets-edicion-especial-a-color-9788426148049\\\/#breadcrumb\",\"itemListElement\":[{\"@type\":\"ListItem\",\"position\":1,\"name\":\"Portada\",\"item\":\"https:\\\/\\\/www.editorialjuventud.es\\\/\"},{\"@type\":\"ListItem\",\"position\":2,\"name\":\"cat\u00e1logo\",\"item\":\"https:\\\/\\\/www.editorialjuventud.es\\\/coleccion\\\/catalogo\\\/\"},{\"@type\":\"ListItem\",\"position\":3,\"name\":\"castellano\",\"item\":\"https:\\\/\\\/www.editorialjuventud.es\\\/coleccion\\\/castellano\\\/\"},{\"@type\":\"ListItem\",\"position\":4,\"name\":\"Libros de Tint\u00edn\",\"item\":\"https:\\\/\\\/www.editorialjuventud.es\\\/coleccion\\\/libros-de-tintin\\\/\"},{\"@type\":\"ListItem\",\"position\":5,\"name\":\"Las Aventuras de Tint\u00edn\",\"item\":\"https:\\\/\\\/www.editorialjuventud.es\\\/coleccion\\\/las-aventuras-de-tintin\\\/\"},{\"@type\":\"ListItem\",\"position\":6,\"name\":\"Tint\u00edn en el pa\u00eds de los Soviets (edici\u00f3n especial a color)\"}]},{\"@type\":\"WebSite\",\"@id\":\"https:\\\/\\\/www.editorialjuventud.es\\\/#website\",\"url\":\"https:\\\/\\\/www.editorialjuventud.es\\\/\",\"name\":\"Editorial Juventud\",\"description\":\"\",\"potentialAction\":[{\"@type\":\"SearchAction\",\"target\":{\"@type\":\"EntryPoint\",\"urlTemplate\":\"https:\\\/\\\/www.editorialjuventud.es\\\/?s={search_term_string}\"},\"query-input\":{\"@type\":\"PropertyValueSpecification\",\"valueRequired\":true,\"valueName\":\"search_term_string\"}}],\"inLanguage\":\"ca\"}]}<\/script>\n<!-- \/ Yoast SEO plugin. -->","yoast_head_json":{"title":"Tint\u00edn en el pa\u00eds de los Soviets (edici\u00f3n especial a color) - Editorial Juventud","description":"Creada en 1929, esta primera aventura de Tint\u00edn sorprende por una nueva y moderna legibilidad al ser coloreada en 2016, mucho despu\u00e9s de la desaparici\u00f3n","robots":{"index":"index","follow":"follow","max-snippet":"max-snippet:-1","max-image-preview":"max-image-preview:large","max-video-preview":"max-video-preview:-1"},"canonical":"https:\/\/www.editorialjuventud.es\/tintin-en-el-pais-de-los-soviets-edicion-especial-a-color-9788426148049\/","og_locale":"ca_ES","og_type":"article","og_title":"Tint\u00edn en el pa\u00eds de los Soviets (edici\u00f3n especial a color) - Editorial Juventud","og_description":"Creada en 1929, esta primera aventura de Tint\u00edn sorprende por una nueva y moderna legibilidad al ser coloreada en 2016, mucho despu\u00e9s de la desaparici\u00f3n","og_url":"https:\/\/www.editorialjuventud.es\/tintin-en-el-pais-de-los-soviets-edicion-especial-a-color-9788426148049\/","og_site_name":"Editorial Juventud","article_modified_time":"2025-01-22T11:40:15+00:00","og_image":[{"width":599,"height":800,"url":"https:\/\/www.editorialjuventud.es\/wp-content\/uploads\/9788426148049.jpg","type":"image\/jpeg"}],"twitter_card":"summary_large_image","twitter_misc":{"Temps estimat de lectura":"1 minut"},"schema":{"@context":"https:\/\/schema.org","@graph":[{"@type":"WebPage","@id":"https:\/\/www.editorialjuventud.es\/tintin-en-el-pais-de-los-soviets-edicion-especial-a-color-9788426148049\/","url":"https:\/\/www.editorialjuventud.es\/tintin-en-el-pais-de-los-soviets-edicion-especial-a-color-9788426148049\/","name":"Tint\u00edn en el pa\u00eds de los Soviets (edici\u00f3n especial a color) - Editorial Juventud","isPartOf":{"@id":"https:\/\/www.editorialjuventud.es\/#website"},"primaryImageOfPage":{"@id":"https:\/\/www.editorialjuventud.es\/tintin-en-el-pais-de-los-soviets-edicion-especial-a-color-9788426148049\/#primaryimage"},"image":{"@id":"https:\/\/www.editorialjuventud.es\/tintin-en-el-pais-de-los-soviets-edicion-especial-a-color-9788426148049\/#primaryimage"},"thumbnailUrl":"https:\/\/www.editorialjuventud.es\/wp-content\/uploads\/9788426148049.jpg","datePublished":"2022-09-28T10:26:31+00:00","dateModified":"2025-01-22T11:40:15+00:00","description":"Creada en 1929, esta primera aventura de Tint\u00edn sorprende por una nueva y moderna legibilidad al ser coloreada en 2016, mucho despu\u00e9s de la desaparici\u00f3n","breadcrumb":{"@id":"https:\/\/www.editorialjuventud.es\/tintin-en-el-pais-de-los-soviets-edicion-especial-a-color-9788426148049\/#breadcrumb"},"inLanguage":"ca","potentialAction":[{"@type":"ReadAction","target":["https:\/\/www.editorialjuventud.es\/tintin-en-el-pais-de-los-soviets-edicion-especial-a-color-9788426148049\/"]}]},{"@type":"ImageObject","inLanguage":"ca","@id":"https:\/\/www.editorialjuventud.es\/tintin-en-el-pais-de-los-soviets-edicion-especial-a-color-9788426148049\/#primaryimage","url":"https:\/\/www.editorialjuventud.es\/wp-content\/uploads\/9788426148049.jpg","contentUrl":"https:\/\/www.editorialjuventud.es\/wp-content\/uploads\/9788426148049.jpg","width":599,"height":800,"caption":"9788426148049.jpg"},{"@type":"BreadcrumbList","@id":"https:\/\/www.editorialjuventud.es\/tintin-en-el-pais-de-los-soviets-edicion-especial-a-color-9788426148049\/#breadcrumb","itemListElement":[{"@type":"ListItem","position":1,"name":"Portada","item":"https:\/\/www.editorialjuventud.es\/"},{"@type":"ListItem","position":2,"name":"cat\u00e1logo","item":"https:\/\/www.editorialjuventud.es\/coleccion\/catalogo\/"},{"@type":"ListItem","position":3,"name":"castellano","item":"https:\/\/www.editorialjuventud.es\/coleccion\/castellano\/"},{"@type":"ListItem","position":4,"name":"Libros de Tint\u00edn","item":"https:\/\/www.editorialjuventud.es\/coleccion\/libros-de-tintin\/"},{"@type":"ListItem","position":5,"name":"Las Aventuras de Tint\u00edn","item":"https:\/\/www.editorialjuventud.es\/coleccion\/las-aventuras-de-tintin\/"},{"@type":"ListItem","position":6,"name":"Tint\u00edn en el pa\u00eds de los Soviets (edici\u00f3n especial a color)"}]},{"@type":"WebSite","@id":"https:\/\/www.editorialjuventud.es\/#website","url":"https:\/\/www.editorialjuventud.es\/","name":"Editorial Juventud","description":"","potentialAction":[{"@type":"SearchAction","target":{"@type":"EntryPoint","urlTemplate":"https:\/\/www.editorialjuventud.es\/?s={search_term_string}"},"query-input":{"@type":"PropertyValueSpecification","valueRequired":true,"valueName":"search_term_string"}}],"inLanguage":"ca"}]}},"_links":{"self":[{"href":"https:\/\/www.editorialjuventud.es\/ca\/wp-json\/wp\/v2\/product\/70104","targetHints":{"allow":["GET"]}}],"collection":[{"href":"https:\/\/www.editorialjuventud.es\/ca\/wp-json\/wp\/v2\/product"}],"about":[{"href":"https:\/\/www.editorialjuventud.es\/ca\/wp-json\/wp\/v2\/types\/product"}],"wp:featuredmedia":[{"embeddable":true,"href":"https:\/\/www.editorialjuventud.es\/ca\/wp-json\/wp\/v2\/media\/70105"}],"wp:attachment":[{"href":"https:\/\/www.editorialjuventud.es\/ca\/wp-json\/wp\/v2\/media?parent=70104"}],"wp:term":[{"taxonomy":"product_brand","embeddable":true,"href":"https:\/\/www.editorialjuventud.es\/ca\/wp-json\/wp\/v2\/product_brand?post=70104"},{"taxonomy":"product_cat","embeddable":true,"href":"https:\/\/www.editorialjuventud.es\/ca\/wp-json\/wp\/v2\/product_cat?post=70104"},{"taxonomy":"product_tag","embeddable":true,"href":"https:\/\/www.editorialjuventud.es\/ca\/wp-json\/wp\/v2\/product_tag?post=70104"},{"taxonomy":"coleccion","embeddable":true,"href":"https:\/\/www.editorialjuventud.es\/ca\/wp-json\/wp\/v2\/coleccion?post=70104"}],"curies":[{"name":"wp","href":"https:\/\/api.w.org\/{rel}","templated":true}]}}