{"id":70074,"date":"2022-09-27T16:47:21","date_gmt":"2022-09-27T12:47:21","guid":{"rendered":"https:\/\/www.editorialjuventud.es\/els-cinc-i-la-gosseta-perduda-9788426147738\/"},"modified":"2025-12-17T10:32:08","modified_gmt":"2025-12-17T09:32:08","slug":"els-cinc-i-la-gosseta-perduda-9788426147738","status":"publish","type":"product","link":"https:\/\/www.editorialjuventud.es\/ca\/els-cinc-i-la-gosseta-perduda-9788426147738\/","title":{"rendered":"Els Cinc i la gosseta perduda"},"content":{"rendered":"<p>Mentre netegen la platja, els Cinc troben un collaret i sospiten que pot ser d&#8217;una gosseta perduda. Comencen a buscar-la, i quan s&#8217;aturen a la pastisseria del poble, en Tim percep una olor que no \u00e9s la de les espirals de canyella&#8230;<\/p>\n<p>En Juli, en Dick, la Jordi, l&#8217;Anna i el Tim delecten als seus lectors des de fa 80 anys. Aquests relats in\u00e8dits de l&#8217;Enid Blyton, amb noves il\u00b7lustracions a tot color, s\u00f3n una introducci\u00f3 perfecta per als nous lectors, i una forma fant\u00e0stica de gaudir de les seves hist\u00f2ries cl\u00e0ssiques per als fans incondicionals del Club dels Cinc. La seva maquetaci\u00f3 amb un joc tipogr\u00e0fic que accentua les paraules segons la import\u00e0ncia i amb un cos de lletra gran, faciliten la feina a aquells que emprenen per primer cop el cam\u00ed cap a la lectura aut\u00f2noma.<\/p>\n<p>&nbsp;<\/p>\n<p>Aquest llibre ha estat publicat amb el suport de:<\/p>\n<p><img loading=\"lazy\" decoding=\"async\" class=\"alignnone size-full wp-image-76274\" src=\"https:\/\/www.editorialjuventud.es\/wp-content\/uploads\/unnamed.png\" sizes=\"auto, (max-width: 405px) 100vw, 405px\" srcset=\"https:\/\/www.editorialjuventud.es\/wp-content\/uploads\/unnamed.png 405w, https:\/\/www.editorialjuventud.es\/wp-content\/uploads\/unnamed-350x30.png 350w, https:\/\/www.editorialjuventud.es\/wp-content\/uploads\/unnamed-190x16.png 190w\" alt=\"\" width=\"405\" height=\"35\" \/><\/p>\n","protected":false},"excerpt":{"rendered":"Mentre netegen la platja, els Cinc troben un collaret i sospiten que pot ser d&#8217;una gosseta perduda. Comencen a buscar-la, i quan s&#8217;aturen a la pastisseria del poble, en Tim percep una olor que no \u00e9s la de les espirals [&hellip;]","protected":false},"featured_media":70075,"template":"","meta":{"_acf_changed":false,"_exactmetrics_skip_tracking":false,"_exactmetrics_sitenote_active":false,"_exactmetrics_sitenote_note":"","_exactmetrics_sitenote_category":0},"product_brand":[],"product_cat":[902,1136,1142,892,1115,1182,1119,893,1128],"product_tag":[],"coleccion":[915,982,926],"class_list":{"0":"post-70074","1":"product","2":"type-product","3":"status-publish","4":"has-post-thumbnail","6":"product_cat-a-partir-de-7-anos","7":"product_cat-amistad","8":"product_cat-aventura","9":"product_cat-edades","10":"product_cat-generos","11":"product_cat-hermanos","12":"product_cat-narrativa-juvenil","13":"product_cat-novedades","14":"product_cat-tematica","15":"coleccion-catala","16":"coleccion-histories-curtes-dels-cinc","17":"coleccion-narrativa-juvenil","19":"first","20":"instock","21":"taxable","22":"shipping-taxable","23":"purchasable","24":"product-type-simple"},"acf":{"indice":"","autor":"BLYTON, ENID","codart":"4773","ediciones":"1","encuadernacion":"R\u00fastica","fecha_de_publicacion":"01\/10\/2022","fecha_de_reimpresion":"","novedad":"0","paginas":"80","subtitulo":"","texto_web_adicional":"","autores-libros":[16237],"ilustradores-libros":[46349],"texto_web_novedad":"","orden":"999","portada":"0","texto_web_resaltado":"","traductores-libros":[58414],"descripcion_corta":"Els Cinc","recomendamos":"","mas_vendido":"","idioma-libro":"","color":false,"formato":"","mas_informacion_del_producto":false,"premios":false,"deshabilitar_compra":["deshabilitar"],"titulo-fr":"","texto-fr":"","texto_enlace_cubierta":"","enlace_cubierta":{"ID":71219,"id":71219,"title":"Els Cinc_ gosseta perduda_CAT","filename":"Els-Cinc_-gosseta-perduda_CAT.jpg","filesize":448570,"url":"https:\/\/www.editorialjuventud.es\/wp-content\/uploads\/Els-Cinc_-gosseta-perduda_CAT.jpg","link":"https:\/\/www.editorialjuventud.es\/ca\/?attachment_id=71219","alt":"","author":"50","description":"","caption":"","name":"els-cinc_-gosseta-perduda_cat","status":"inherit","uploaded_to":70074,"date":"2022-10-28 15:08:06","modified":"2022-10-28 15:08:06","menu_order":0,"mime_type":"image\/jpeg","type":"image","subtype":"jpeg","icon":"https:\/\/www.editorialjuventud.es\/wp-includes\/images\/media\/default.png","width":1518,"height":2335,"sizes":{"thumbnail":"https:\/\/www.editorialjuventud.es\/wp-content\/uploads\/Els-Cinc_-gosseta-perduda_CAT-200x200.jpg","thumbnail-width":200,"thumbnail-height":200,"medium":"https:\/\/www.editorialjuventud.es\/wp-content\/uploads\/Els-Cinc_-gosseta-perduda_CAT.jpg","medium-width":1518,"medium-height":2335,"medium_large":"https:\/\/www.editorialjuventud.es\/wp-content\/uploads\/Els-Cinc_-gosseta-perduda_CAT-768x1181.jpg","medium_large-width":768,"medium_large-height":1181,"large":"https:\/\/www.editorialjuventud.es\/wp-content\/uploads\/Els-Cinc_-gosseta-perduda_CAT.jpg","large-width":1518,"large-height":2335,"1536x1536":"https:\/\/www.editorialjuventud.es\/wp-content\/uploads\/Els-Cinc_-gosseta-perduda_CAT-999x1536.jpg","1536x1536-width":999,"1536x1536-height":1536,"2048x2048":"https:\/\/www.editorialjuventud.es\/wp-content\/uploads\/Els-Cinc_-gosseta-perduda_CAT-1331x2048.jpg","2048x2048-width":1331,"2048x2048-height":2048,"woocommerce_thumbnail":"https:\/\/www.editorialjuventud.es\/wp-content\/uploads\/Els-Cinc_-gosseta-perduda_CAT-350x538.jpg","woocommerce_thumbnail-width":350,"woocommerce_thumbnail-height":538,"woocommerce_single":"https:\/\/www.editorialjuventud.es\/wp-content\/uploads\/Els-Cinc_-gosseta-perduda_CAT-900x1384.jpg","woocommerce_single-width":900,"woocommerce_single-height":1384,"woocommerce_gallery_thumbnail":"https:\/\/www.editorialjuventud.es\/wp-content\/uploads\/Els-Cinc_-gosseta-perduda_CAT-100x100.jpg","woocommerce_gallery_thumbnail-width":100,"woocommerce_gallery_thumbnail-height":100,"ppec_logo_image_size":"https:\/\/www.editorialjuventud.es\/wp-content\/uploads\/Els-Cinc_-gosseta-perduda_CAT-39x60.jpg","ppec_logo_image_size-width":39,"ppec_logo_image_size-height":60,"ppec_header_image_size":"https:\/\/www.editorialjuventud.es\/wp-content\/uploads\/Els-Cinc_-gosseta-perduda_CAT-59x90.jpg","ppec_header_image_size-width":59,"ppec_header_image_size-height":90}},"texto_enlace_ficha_tecnica":"","enlace_ficha_tecnica":{"ID":71221,"id":71221,"title":"Els Cinc_ gosseta perduda_Fitxe","filename":"Els-Cinc_-gosseta-perduda_Fitxe.pdf","filesize":433564,"url":"https:\/\/www.editorialjuventud.es\/wp-content\/uploads\/Els-Cinc_-gosseta-perduda_Fitxe.pdf","link":"https:\/\/www.editorialjuventud.es\/ca\/?attachment_id=71221","alt":"","author":"50","description":"","caption":"","name":"els-cinc_-gosseta-perduda_fitxe","status":"inherit","uploaded_to":70074,"date":"2022-10-28 15:09:13","modified":"2022-10-28 15:09:13","menu_order":0,"mime_type":"application\/pdf","type":"application","subtype":"pdf","icon":"https:\/\/www.editorialjuventud.es\/wp-includes\/images\/media\/document.png"},"ficheros":false},"yoast_head":"<!-- This site is optimized with the Yoast SEO plugin v27.5 - https:\/\/yoast.com\/product\/yoast-seo-wordpress\/ -->\n<title>Els Cinc i la gosseta perduda - Editorial Juventud<\/title>\n<meta name=\"description\" content=\"Mentre netegen la platja, els Cinc troben un collaret i sospiten que pot ser d&#039;una gosseta perduda. Comencen a buscar-la, i quan s&#039;aturen a la pastisseria\" \/>\n<meta name=\"robots\" content=\"index, follow, max-snippet:-1, max-image-preview:large, max-video-preview:-1\" \/>\n<link rel=\"canonical\" href=\"https:\/\/www.editorialjuventud.es\/els-cinc-i-la-gosseta-perduda-9788426147738\/\" \/>\n<meta property=\"og:locale\" content=\"ca_ES\" \/>\n<meta property=\"og:type\" content=\"article\" \/>\n<meta property=\"og:title\" content=\"Els Cinc i la gosseta perduda - Editorial Juventud\" \/>\n<meta property=\"og:description\" content=\"Mentre netegen la platja, els Cinc troben un collaret i sospiten que pot ser d&#039;una gosseta perduda. Comencen a buscar-la, i quan s&#039;aturen a la pastisseria\" \/>\n<meta property=\"og:url\" content=\"https:\/\/www.editorialjuventud.es\/els-cinc-i-la-gosseta-perduda-9788426147738\/\" \/>\n<meta property=\"og:site_name\" content=\"Editorial Juventud\" \/>\n<meta property=\"article:modified_time\" content=\"2025-12-17T09:32:08+00:00\" \/>\n<meta property=\"og:image\" content=\"https:\/\/www.editorialjuventud.es\/wp-content\/uploads\/9788426147738.jpg\" \/>\n\t<meta property=\"og:image:width\" content=\"520\" \/>\n\t<meta property=\"og:image:height\" content=\"800\" \/>\n\t<meta property=\"og:image:type\" content=\"image\/jpeg\" \/>\n<meta name=\"twitter:card\" content=\"summary_large_image\" \/>\n<meta name=\"twitter:label1\" content=\"Temps estimat de lectura\" \/>\n\t<meta name=\"twitter:data1\" content=\"2 minuts\" \/>\n<script type=\"application\/ld+json\" class=\"yoast-schema-graph\">{\"@context\":\"https:\\\/\\\/schema.org\",\"@graph\":[{\"@type\":\"WebPage\",\"@id\":\"https:\\\/\\\/www.editorialjuventud.es\\\/els-cinc-i-la-gosseta-perduda-9788426147738\\\/\",\"url\":\"https:\\\/\\\/www.editorialjuventud.es\\\/els-cinc-i-la-gosseta-perduda-9788426147738\\\/\",\"name\":\"Els Cinc i la gosseta perduda - Editorial Juventud\",\"isPartOf\":{\"@id\":\"https:\\\/\\\/www.editorialjuventud.es\\\/#website\"},\"primaryImageOfPage\":{\"@id\":\"https:\\\/\\\/www.editorialjuventud.es\\\/els-cinc-i-la-gosseta-perduda-9788426147738\\\/#primaryimage\"},\"image\":{\"@id\":\"https:\\\/\\\/www.editorialjuventud.es\\\/els-cinc-i-la-gosseta-perduda-9788426147738\\\/#primaryimage\"},\"thumbnailUrl\":\"https:\\\/\\\/www.editorialjuventud.es\\\/wp-content\\\/uploads\\\/9788426147738.jpg\",\"datePublished\":\"2022-09-27T12:47:21+00:00\",\"dateModified\":\"2025-12-17T09:32:08+00:00\",\"description\":\"Mentre netegen la platja, els Cinc troben un collaret i sospiten que pot ser d'una gosseta perduda. Comencen a buscar-la, i quan s'aturen a la pastisseria\",\"breadcrumb\":{\"@id\":\"https:\\\/\\\/www.editorialjuventud.es\\\/els-cinc-i-la-gosseta-perduda-9788426147738\\\/#breadcrumb\"},\"inLanguage\":\"ca\",\"potentialAction\":[{\"@type\":\"ReadAction\",\"target\":[\"https:\\\/\\\/www.editorialjuventud.es\\\/els-cinc-i-la-gosseta-perduda-9788426147738\\\/\"]}]},{\"@type\":\"ImageObject\",\"inLanguage\":\"ca\",\"@id\":\"https:\\\/\\\/www.editorialjuventud.es\\\/els-cinc-i-la-gosseta-perduda-9788426147738\\\/#primaryimage\",\"url\":\"https:\\\/\\\/www.editorialjuventud.es\\\/wp-content\\\/uploads\\\/9788426147738.jpg\",\"contentUrl\":\"https:\\\/\\\/www.editorialjuventud.es\\\/wp-content\\\/uploads\\\/9788426147738.jpg\",\"width\":520,\"height\":800,\"caption\":\"9788426147738.jpg\"},{\"@type\":\"BreadcrumbList\",\"@id\":\"https:\\\/\\\/www.editorialjuventud.es\\\/els-cinc-i-la-gosseta-perduda-9788426147738\\\/#breadcrumb\",\"itemListElement\":[{\"@type\":\"ListItem\",\"position\":1,\"name\":\"Portada\",\"item\":\"https:\\\/\\\/www.editorialjuventud.es\\\/\"},{\"@type\":\"ListItem\",\"position\":2,\"name\":\"cat\u00e1logo\",\"item\":\"https:\\\/\\\/www.editorialjuventud.es\\\/coleccion\\\/catalogo\\\/\"},{\"@type\":\"ListItem\",\"position\":3,\"name\":\"catal\u00e0\",\"item\":\"https:\\\/\\\/www.editorialjuventud.es\\\/coleccion\\\/catala\\\/\"},{\"@type\":\"ListItem\",\"position\":4,\"name\":\"Narrativa Juvenil\",\"item\":\"https:\\\/\\\/www.editorialjuventud.es\\\/ca\\\/coleccion\\\/narrativa-juvenil\\\/\"},{\"@type\":\"ListItem\",\"position\":5,\"name\":\"Hist\u00f2ries Curtes dels Cinc\",\"item\":\"https:\\\/\\\/www.editorialjuventud.es\\\/ca\\\/coleccion\\\/histories-curtes-dels-cinc\\\/\"},{\"@type\":\"ListItem\",\"position\":6,\"name\":\"Els Cinc i la gosseta perduda\"}]},{\"@type\":\"WebSite\",\"@id\":\"https:\\\/\\\/www.editorialjuventud.es\\\/#website\",\"url\":\"https:\\\/\\\/www.editorialjuventud.es\\\/\",\"name\":\"Editorial Juventud\",\"description\":\"\",\"potentialAction\":[{\"@type\":\"SearchAction\",\"target\":{\"@type\":\"EntryPoint\",\"urlTemplate\":\"https:\\\/\\\/www.editorialjuventud.es\\\/?s={search_term_string}\"},\"query-input\":{\"@type\":\"PropertyValueSpecification\",\"valueRequired\":true,\"valueName\":\"search_term_string\"}}],\"inLanguage\":\"ca\"}]}<\/script>\n<!-- \/ Yoast SEO plugin. -->","yoast_head_json":{"title":"Els Cinc i la gosseta perduda - Editorial Juventud","description":"Mentre netegen la platja, els Cinc troben un collaret i sospiten que pot ser d'una gosseta perduda. Comencen a buscar-la, i quan s'aturen a la pastisseria","robots":{"index":"index","follow":"follow","max-snippet":"max-snippet:-1","max-image-preview":"max-image-preview:large","max-video-preview":"max-video-preview:-1"},"canonical":"https:\/\/www.editorialjuventud.es\/els-cinc-i-la-gosseta-perduda-9788426147738\/","og_locale":"ca_ES","og_type":"article","og_title":"Els Cinc i la gosseta perduda - Editorial Juventud","og_description":"Mentre netegen la platja, els Cinc troben un collaret i sospiten que pot ser d'una gosseta perduda. Comencen a buscar-la, i quan s'aturen a la pastisseria","og_url":"https:\/\/www.editorialjuventud.es\/els-cinc-i-la-gosseta-perduda-9788426147738\/","og_site_name":"Editorial Juventud","article_modified_time":"2025-12-17T09:32:08+00:00","og_image":[{"width":520,"height":800,"url":"https:\/\/www.editorialjuventud.es\/wp-content\/uploads\/9788426147738.jpg","type":"image\/jpeg"}],"twitter_card":"summary_large_image","twitter_misc":{"Temps estimat de lectura":"2 minuts"},"schema":{"@context":"https:\/\/schema.org","@graph":[{"@type":"WebPage","@id":"https:\/\/www.editorialjuventud.es\/els-cinc-i-la-gosseta-perduda-9788426147738\/","url":"https:\/\/www.editorialjuventud.es\/els-cinc-i-la-gosseta-perduda-9788426147738\/","name":"Els Cinc i la gosseta perduda - Editorial Juventud","isPartOf":{"@id":"https:\/\/www.editorialjuventud.es\/#website"},"primaryImageOfPage":{"@id":"https:\/\/www.editorialjuventud.es\/els-cinc-i-la-gosseta-perduda-9788426147738\/#primaryimage"},"image":{"@id":"https:\/\/www.editorialjuventud.es\/els-cinc-i-la-gosseta-perduda-9788426147738\/#primaryimage"},"thumbnailUrl":"https:\/\/www.editorialjuventud.es\/wp-content\/uploads\/9788426147738.jpg","datePublished":"2022-09-27T12:47:21+00:00","dateModified":"2025-12-17T09:32:08+00:00","description":"Mentre netegen la platja, els Cinc troben un collaret i sospiten que pot ser d'una gosseta perduda. Comencen a buscar-la, i quan s'aturen a la pastisseria","breadcrumb":{"@id":"https:\/\/www.editorialjuventud.es\/els-cinc-i-la-gosseta-perduda-9788426147738\/#breadcrumb"},"inLanguage":"ca","potentialAction":[{"@type":"ReadAction","target":["https:\/\/www.editorialjuventud.es\/els-cinc-i-la-gosseta-perduda-9788426147738\/"]}]},{"@type":"ImageObject","inLanguage":"ca","@id":"https:\/\/www.editorialjuventud.es\/els-cinc-i-la-gosseta-perduda-9788426147738\/#primaryimage","url":"https:\/\/www.editorialjuventud.es\/wp-content\/uploads\/9788426147738.jpg","contentUrl":"https:\/\/www.editorialjuventud.es\/wp-content\/uploads\/9788426147738.jpg","width":520,"height":800,"caption":"9788426147738.jpg"},{"@type":"BreadcrumbList","@id":"https:\/\/www.editorialjuventud.es\/els-cinc-i-la-gosseta-perduda-9788426147738\/#breadcrumb","itemListElement":[{"@type":"ListItem","position":1,"name":"Portada","item":"https:\/\/www.editorialjuventud.es\/"},{"@type":"ListItem","position":2,"name":"cat\u00e1logo","item":"https:\/\/www.editorialjuventud.es\/coleccion\/catalogo\/"},{"@type":"ListItem","position":3,"name":"catal\u00e0","item":"https:\/\/www.editorialjuventud.es\/coleccion\/catala\/"},{"@type":"ListItem","position":4,"name":"Narrativa Juvenil","item":"https:\/\/www.editorialjuventud.es\/ca\/coleccion\/narrativa-juvenil\/"},{"@type":"ListItem","position":5,"name":"Hist\u00f2ries Curtes dels Cinc","item":"https:\/\/www.editorialjuventud.es\/ca\/coleccion\/histories-curtes-dels-cinc\/"},{"@type":"ListItem","position":6,"name":"Els Cinc i la gosseta perduda"}]},{"@type":"WebSite","@id":"https:\/\/www.editorialjuventud.es\/#website","url":"https:\/\/www.editorialjuventud.es\/","name":"Editorial Juventud","description":"","potentialAction":[{"@type":"SearchAction","target":{"@type":"EntryPoint","urlTemplate":"https:\/\/www.editorialjuventud.es\/?s={search_term_string}"},"query-input":{"@type":"PropertyValueSpecification","valueRequired":true,"valueName":"search_term_string"}}],"inLanguage":"ca"}]}},"_links":{"self":[{"href":"https:\/\/www.editorialjuventud.es\/ca\/wp-json\/wp\/v2\/product\/70074","targetHints":{"allow":["GET"]}}],"collection":[{"href":"https:\/\/www.editorialjuventud.es\/ca\/wp-json\/wp\/v2\/product"}],"about":[{"href":"https:\/\/www.editorialjuventud.es\/ca\/wp-json\/wp\/v2\/types\/product"}],"wp:featuredmedia":[{"embeddable":true,"href":"https:\/\/www.editorialjuventud.es\/ca\/wp-json\/wp\/v2\/media\/70075"}],"wp:attachment":[{"href":"https:\/\/www.editorialjuventud.es\/ca\/wp-json\/wp\/v2\/media?parent=70074"}],"wp:term":[{"taxonomy":"product_brand","embeddable":true,"href":"https:\/\/www.editorialjuventud.es\/ca\/wp-json\/wp\/v2\/product_brand?post=70074"},{"taxonomy":"product_cat","embeddable":true,"href":"https:\/\/www.editorialjuventud.es\/ca\/wp-json\/wp\/v2\/product_cat?post=70074"},{"taxonomy":"product_tag","embeddable":true,"href":"https:\/\/www.editorialjuventud.es\/ca\/wp-json\/wp\/v2\/product_tag?post=70074"},{"taxonomy":"coleccion","embeddable":true,"href":"https:\/\/www.editorialjuventud.es\/ca\/wp-json\/wp\/v2\/coleccion?post=70074"}],"curies":[{"name":"wp","href":"https:\/\/api.w.org\/{rel}","templated":true}]}}