{"id":70068,"date":"2022-09-27T16:46:19","date_gmt":"2022-09-27T12:46:19","guid":{"rendered":"https:\/\/www.editorialjuventud.es\/la-banda-del-teixo-9788426147707\/"},"modified":"2024-01-04T13:07:03","modified_gmt":"2024-01-04T12:07:03","slug":"la-banda-del-teixo-9788426147707","status":"publish","type":"product","link":"https:\/\/www.editorialjuventud.es\/ca\/la-banda-del-teixo-9788426147707\/","title":{"rendered":"La banda del Teix\u00f3"},"content":{"rendered":"<p>Benvinguts al Bosc de la Gla, on el Teix\u00f3 vol formar una banda. Qui creus que s&#8217;hi apuntar\u00e0? Aixeca les solapes i ho descobrir\u00e0s!<\/p>\n<p>Dos nous t\u00edtols de la s\u00e8rie que porta captivant els m\u00e9s petits des de fa m\u00e9s de quinze anys! Aquests llibres de cartr\u00f3 estan dissenyats per facilitar la introducci\u00f3 a la lectura al m\u00e9s menuts. Els textos rimats, ideals per a ser llegits en veu alta, van acompanyats de magn\u00edfiques il\u00b7lustracions que estimularan la imaginaci\u00f3 dels petits al mateix temps que els ajudar\u00e0 a entrar en la hist\u00f2ria. Aquesta obra, dels guardonats autors d&#8217;<em>El Gr\u00fafa<\/em>l, far\u00e0 que els adults gaudeixin veient els m\u00e9s petits xalant de la lectura i descobrint el que s&#8217;amaga darrere les solapes del llibre.<\/p>\n<p>&nbsp;<\/p>\n<p>Aquest llibre ha estat publicat amb el suport de:<\/p>\n<p><img loading=\"lazy\" decoding=\"async\" class=\"alignnone size-full wp-image-76274\" src=\"https:\/\/www.editorialjuventud.es\/wp-content\/uploads\/unnamed.png\" sizes=\"auto, (max-width: 405px) 100vw, 405px\" srcset=\"https:\/\/www.editorialjuventud.es\/wp-content\/uploads\/unnamed.png 405w, https:\/\/www.editorialjuventud.es\/wp-content\/uploads\/unnamed-350x30.png 350w, https:\/\/www.editorialjuventud.es\/wp-content\/uploads\/unnamed-190x16.png 190w\" alt=\"\" width=\"405\" height=\"35\" \/><\/p>\n","protected":false},"excerpt":{"rendered":"Benvinguts al Bosc de la Gla, on el Teix\u00f3 vol formar una banda. Qui creus que s&#8217;hi apuntar\u00e0? Aixeca les solapes i ho descobrir\u00e0s! Dos nous t\u00edtols de la s\u00e8rie que porta captivant els m\u00e9s petits des de fa m\u00e9s [&hellip;]","protected":false},"featured_media":70069,"template":"","meta":{"_acf_changed":false,"_exactmetrics_skip_tracking":false,"_exactmetrics_sitenote_active":false,"_exactmetrics_sitenote_note":"","_exactmetrics_sitenote_category":0},"product_brand":[],"product_cat":[898,1136,1138,1281,892,1115,1122,893,1128],"product_tag":[],"coleccion":[915,963,920],"class_list":{"0":"post-70068","1":"product","2":"type-product","3":"status-publish","4":"has-post-thumbnail","6":"product_cat-a-partir-de-2-anos","7":"product_cat-amistad","8":"product_cat-animales","9":"product_cat-aprendizaje","10":"product_cat-edades","11":"product_cat-generos","12":"product_cat-libros-de-carton","13":"product_cat-novedades","14":"product_cat-tematica","15":"coleccion-catala","16":"coleccion-contes-del-bosc-de-la-gla","17":"coleccion-els-meus-primers-llibres","19":"first","20":"instock","21":"taxable","22":"shipping-taxable","23":"purchasable","24":"product-type-simple"},"acf":{"indice":"","autor":"DONALSON, JULIA","codart":"4770","ediciones":"1","encuadernacion":"POP UPS","fecha_de_publicacion":"01\/10\/2022","fecha_de_reimpresion":"","novedad":"0","paginas":"14","subtitulo":"","texto_web_adicional":"","autores-libros":[16329],"ilustradores-libros":[18092],"texto_web_novedad":"","orden":"999","portada":"0","texto_web_resaltado":"","traductores-libros":[58416],"descripcion_corta":"Bosc de la Gla","recomendamos":"","mas_vendido":"","idioma-libro":"","color":false,"formato":"","mas_informacion_del_producto":false,"premios":false,"deshabilitar_compra":[],"texto_enlace_cubierta":"","enlace_cubierta":{"ID":70333,"id":70333,"title":"Badgers Band exterior v4.indd","filename":"La-banda-del-Teixo_CAT-1.jpg","filesize":443791,"url":"https:\/\/www.editorialjuventud.es\/wp-content\/uploads\/La-banda-del-Teixo_CAT-1.jpg","link":"https:\/\/www.editorialjuventud.es\/ca\/?attachment_id=70333","alt":"","author":"50","description":"","caption":"","name":"badgers-band-exterior-v4-indd-2","status":"inherit","uploaded_to":70068,"date":"2022-10-03 17:05:33","modified":"2022-10-03 17:05:33","menu_order":0,"mime_type":"image\/jpeg","type":"image","subtype":"jpeg","icon":"https:\/\/www.editorialjuventud.es\/wp-includes\/images\/media\/default.png","width":2361,"height":1925,"sizes":{"thumbnail":"https:\/\/www.editorialjuventud.es\/wp-content\/uploads\/La-banda-del-Teixo_CAT-1-200x200.jpg","thumbnail-width":200,"thumbnail-height":200,"medium":"https:\/\/www.editorialjuventud.es\/wp-content\/uploads\/La-banda-del-Teixo_CAT-1.jpg","medium-width":2361,"medium-height":1925,"medium_large":"https:\/\/www.editorialjuventud.es\/wp-content\/uploads\/La-banda-del-Teixo_CAT-1-768x626.jpg","medium_large-width":768,"medium_large-height":626,"large":"https:\/\/www.editorialjuventud.es\/wp-content\/uploads\/La-banda-del-Teixo_CAT-1.jpg","large-width":2361,"large-height":1925,"1536x1536":"https:\/\/www.editorialjuventud.es\/wp-content\/uploads\/La-banda-del-Teixo_CAT-1-1536x1252.jpg","1536x1536-width":1536,"1536x1536-height":1252,"2048x2048":"https:\/\/www.editorialjuventud.es\/wp-content\/uploads\/La-banda-del-Teixo_CAT-1-2048x1670.jpg","2048x2048-width":2048,"2048x2048-height":1670,"woocommerce_thumbnail":"https:\/\/www.editorialjuventud.es\/wp-content\/uploads\/La-banda-del-Teixo_CAT-1-350x285.jpg","woocommerce_thumbnail-width":350,"woocommerce_thumbnail-height":285,"woocommerce_single":"https:\/\/www.editorialjuventud.es\/wp-content\/uploads\/La-banda-del-Teixo_CAT-1-900x734.jpg","woocommerce_single-width":900,"woocommerce_single-height":734,"woocommerce_gallery_thumbnail":"https:\/\/www.editorialjuventud.es\/wp-content\/uploads\/La-banda-del-Teixo_CAT-1-100x100.jpg","woocommerce_gallery_thumbnail-width":100,"woocommerce_gallery_thumbnail-height":100,"ppec_logo_image_size":"https:\/\/www.editorialjuventud.es\/wp-content\/uploads\/La-banda-del-Teixo_CAT-1-74x60.jpg","ppec_logo_image_size-width":74,"ppec_logo_image_size-height":60,"ppec_header_image_size":"https:\/\/www.editorialjuventud.es\/wp-content\/uploads\/La-banda-del-Teixo_CAT-1-110x90.jpg","ppec_header_image_size-width":110,"ppec_header_image_size-height":90}},"texto_enlace_ficha_tecnica":"","enlace_ficha_tecnica":{"ID":71159,"id":71159,"title":"Teix\u00f3+Talp_Fitxe","filename":"TeixoTalp_Fitxe.pdf","filesize":817755,"url":"https:\/\/www.editorialjuventud.es\/wp-content\/uploads\/TeixoTalp_Fitxe.pdf","link":"https:\/\/www.editorialjuventud.es\/ca\/?attachment_id=71159","alt":"","author":"50","description":"","caption":"","name":"teixotalp_fitxe","status":"inherit","uploaded_to":70068,"date":"2022-10-27 19:13:52","modified":"2022-10-27 19:13:52","menu_order":0,"mime_type":"application\/pdf","type":"application","subtype":"pdf","icon":"https:\/\/www.editorialjuventud.es\/wp-includes\/images\/media\/document.png"},"ficheros":false,"titulo-fr":"","texto-fr":""},"yoast_head":"<!-- This site is optimized with the Yoast SEO plugin v27.5 - https:\/\/yoast.com\/product\/yoast-seo-wordpress\/ -->\n<title>La banda del Teix\u00f3 - Editorial Juventud<\/title>\n<meta name=\"description\" content=\"Benvinguts al Bosc de la Gla, on el Teix\u00f3 vol formar una banda. Qui creus que s&#039;hi apuntar\u00e0? Aixeca les solapes i ho descobrir\u00e0s! Dos nous t\u00edtols de la\" \/>\n<meta name=\"robots\" content=\"index, follow, max-snippet:-1, max-image-preview:large, max-video-preview:-1\" \/>\n<link rel=\"canonical\" href=\"https:\/\/www.editorialjuventud.es\/ca\/la-banda-del-teixo-9788426147707\/\" \/>\n<meta property=\"og:locale\" content=\"ca_ES\" \/>\n<meta property=\"og:type\" content=\"article\" \/>\n<meta property=\"og:title\" content=\"La banda del Teix\u00f3 - Editorial Juventud\" \/>\n<meta property=\"og:description\" content=\"Benvinguts al Bosc de la Gla, on el Teix\u00f3 vol formar una banda. Qui creus que s&#039;hi apuntar\u00e0? Aixeca les solapes i ho descobrir\u00e0s! Dos nous t\u00edtols de la\" \/>\n<meta property=\"og:url\" content=\"https:\/\/www.editorialjuventud.es\/ca\/la-banda-del-teixo-9788426147707\/\" \/>\n<meta property=\"og:site_name\" content=\"Editorial Juventud\" \/>\n<meta property=\"article:modified_time\" content=\"2024-01-04T12:07:03+00:00\" \/>\n<meta property=\"og:image\" content=\"https:\/\/www.editorialjuventud.es\/wp-content\/uploads\/9788426147707.jpg\" \/>\n\t<meta property=\"og:image:width\" content=\"981\" \/>\n\t<meta property=\"og:image:height\" content=\"800\" \/>\n\t<meta property=\"og:image:type\" content=\"image\/jpeg\" \/>\n<meta name=\"twitter:card\" content=\"summary_large_image\" \/>\n<meta name=\"twitter:label1\" content=\"Temps estimat de lectura\" \/>\n\t<meta name=\"twitter:data1\" content=\"1 minut\" \/>\n<script type=\"application\/ld+json\" class=\"yoast-schema-graph\">{\"@context\":\"https:\\\/\\\/schema.org\",\"@graph\":[{\"@type\":\"WebPage\",\"@id\":\"https:\\\/\\\/www.editorialjuventud.es\\\/ca\\\/la-banda-del-teixo-9788426147707\\\/\",\"url\":\"https:\\\/\\\/www.editorialjuventud.es\\\/ca\\\/la-banda-del-teixo-9788426147707\\\/\",\"name\":\"La banda del Teix\u00f3 - Editorial Juventud\",\"isPartOf\":{\"@id\":\"https:\\\/\\\/www.editorialjuventud.es\\\/#website\"},\"primaryImageOfPage\":{\"@id\":\"https:\\\/\\\/www.editorialjuventud.es\\\/ca\\\/la-banda-del-teixo-9788426147707\\\/#primaryimage\"},\"image\":{\"@id\":\"https:\\\/\\\/www.editorialjuventud.es\\\/ca\\\/la-banda-del-teixo-9788426147707\\\/#primaryimage\"},\"thumbnailUrl\":\"https:\\\/\\\/www.editorialjuventud.es\\\/wp-content\\\/uploads\\\/9788426147707.jpg\",\"datePublished\":\"2022-09-27T12:46:19+00:00\",\"dateModified\":\"2024-01-04T12:07:03+00:00\",\"description\":\"Benvinguts al Bosc de la Gla, on el Teix\u00f3 vol formar una banda. Qui creus que s'hi apuntar\u00e0? Aixeca les solapes i ho descobrir\u00e0s! Dos nous t\u00edtols de la\",\"breadcrumb\":{\"@id\":\"https:\\\/\\\/www.editorialjuventud.es\\\/ca\\\/la-banda-del-teixo-9788426147707\\\/#breadcrumb\"},\"inLanguage\":\"ca\",\"potentialAction\":[{\"@type\":\"ReadAction\",\"target\":[\"https:\\\/\\\/www.editorialjuventud.es\\\/ca\\\/la-banda-del-teixo-9788426147707\\\/\"]}]},{\"@type\":\"ImageObject\",\"inLanguage\":\"ca\",\"@id\":\"https:\\\/\\\/www.editorialjuventud.es\\\/ca\\\/la-banda-del-teixo-9788426147707\\\/#primaryimage\",\"url\":\"https:\\\/\\\/www.editorialjuventud.es\\\/wp-content\\\/uploads\\\/9788426147707.jpg\",\"contentUrl\":\"https:\\\/\\\/www.editorialjuventud.es\\\/wp-content\\\/uploads\\\/9788426147707.jpg\",\"width\":981,\"height\":800,\"caption\":\"9788426147707.jpg\"},{\"@type\":\"BreadcrumbList\",\"@id\":\"https:\\\/\\\/www.editorialjuventud.es\\\/ca\\\/la-banda-del-teixo-9788426147707\\\/#breadcrumb\",\"itemListElement\":[{\"@type\":\"ListItem\",\"position\":1,\"name\":\"Portada\",\"item\":\"https:\\\/\\\/www.editorialjuventud.es\\\/\"},{\"@type\":\"ListItem\",\"position\":2,\"name\":\"cat\u00e1logo\",\"item\":\"https:\\\/\\\/www.editorialjuventud.es\\\/coleccion\\\/catalogo\\\/\"},{\"@type\":\"ListItem\",\"position\":3,\"name\":\"catal\u00e0\",\"item\":\"https:\\\/\\\/www.editorialjuventud.es\\\/coleccion\\\/catala\\\/\"},{\"@type\":\"ListItem\",\"position\":4,\"name\":\"Els Meus Primers Llibres\",\"item\":\"https:\\\/\\\/www.editorialjuventud.es\\\/ca\\\/coleccion\\\/els-meus-primers-llibres\\\/\"},{\"@type\":\"ListItem\",\"position\":5,\"name\":\"Contes del Bosc de la Gla\",\"item\":\"https:\\\/\\\/www.editorialjuventud.es\\\/ca\\\/coleccion\\\/contes-del-bosc-de-la-gla\\\/\"},{\"@type\":\"ListItem\",\"position\":6,\"name\":\"La banda del Teix\u00f3\"}]},{\"@type\":\"WebSite\",\"@id\":\"https:\\\/\\\/www.editorialjuventud.es\\\/#website\",\"url\":\"https:\\\/\\\/www.editorialjuventud.es\\\/\",\"name\":\"Editorial Juventud\",\"description\":\"\",\"potentialAction\":[{\"@type\":\"SearchAction\",\"target\":{\"@type\":\"EntryPoint\",\"urlTemplate\":\"https:\\\/\\\/www.editorialjuventud.es\\\/?s={search_term_string}\"},\"query-input\":{\"@type\":\"PropertyValueSpecification\",\"valueRequired\":true,\"valueName\":\"search_term_string\"}}],\"inLanguage\":\"ca\"}]}<\/script>\n<!-- \/ Yoast SEO plugin. -->","yoast_head_json":{"title":"La banda del Teix\u00f3 - Editorial Juventud","description":"Benvinguts al Bosc de la Gla, on el Teix\u00f3 vol formar una banda. Qui creus que s'hi apuntar\u00e0? Aixeca les solapes i ho descobrir\u00e0s! Dos nous t\u00edtols de la","robots":{"index":"index","follow":"follow","max-snippet":"max-snippet:-1","max-image-preview":"max-image-preview:large","max-video-preview":"max-video-preview:-1"},"canonical":"https:\/\/www.editorialjuventud.es\/ca\/la-banda-del-teixo-9788426147707\/","og_locale":"ca_ES","og_type":"article","og_title":"La banda del Teix\u00f3 - Editorial Juventud","og_description":"Benvinguts al Bosc de la Gla, on el Teix\u00f3 vol formar una banda. Qui creus que s'hi apuntar\u00e0? Aixeca les solapes i ho descobrir\u00e0s! Dos nous t\u00edtols de la","og_url":"https:\/\/www.editorialjuventud.es\/ca\/la-banda-del-teixo-9788426147707\/","og_site_name":"Editorial Juventud","article_modified_time":"2024-01-04T12:07:03+00:00","og_image":[{"width":981,"height":800,"url":"https:\/\/www.editorialjuventud.es\/wp-content\/uploads\/9788426147707.jpg","type":"image\/jpeg"}],"twitter_card":"summary_large_image","twitter_misc":{"Temps estimat de lectura":"1 minut"},"schema":{"@context":"https:\/\/schema.org","@graph":[{"@type":"WebPage","@id":"https:\/\/www.editorialjuventud.es\/ca\/la-banda-del-teixo-9788426147707\/","url":"https:\/\/www.editorialjuventud.es\/ca\/la-banda-del-teixo-9788426147707\/","name":"La banda del Teix\u00f3 - Editorial Juventud","isPartOf":{"@id":"https:\/\/www.editorialjuventud.es\/#website"},"primaryImageOfPage":{"@id":"https:\/\/www.editorialjuventud.es\/ca\/la-banda-del-teixo-9788426147707\/#primaryimage"},"image":{"@id":"https:\/\/www.editorialjuventud.es\/ca\/la-banda-del-teixo-9788426147707\/#primaryimage"},"thumbnailUrl":"https:\/\/www.editorialjuventud.es\/wp-content\/uploads\/9788426147707.jpg","datePublished":"2022-09-27T12:46:19+00:00","dateModified":"2024-01-04T12:07:03+00:00","description":"Benvinguts al Bosc de la Gla, on el Teix\u00f3 vol formar una banda. Qui creus que s'hi apuntar\u00e0? Aixeca les solapes i ho descobrir\u00e0s! Dos nous t\u00edtols de la","breadcrumb":{"@id":"https:\/\/www.editorialjuventud.es\/ca\/la-banda-del-teixo-9788426147707\/#breadcrumb"},"inLanguage":"ca","potentialAction":[{"@type":"ReadAction","target":["https:\/\/www.editorialjuventud.es\/ca\/la-banda-del-teixo-9788426147707\/"]}]},{"@type":"ImageObject","inLanguage":"ca","@id":"https:\/\/www.editorialjuventud.es\/ca\/la-banda-del-teixo-9788426147707\/#primaryimage","url":"https:\/\/www.editorialjuventud.es\/wp-content\/uploads\/9788426147707.jpg","contentUrl":"https:\/\/www.editorialjuventud.es\/wp-content\/uploads\/9788426147707.jpg","width":981,"height":800,"caption":"9788426147707.jpg"},{"@type":"BreadcrumbList","@id":"https:\/\/www.editorialjuventud.es\/ca\/la-banda-del-teixo-9788426147707\/#breadcrumb","itemListElement":[{"@type":"ListItem","position":1,"name":"Portada","item":"https:\/\/www.editorialjuventud.es\/"},{"@type":"ListItem","position":2,"name":"cat\u00e1logo","item":"https:\/\/www.editorialjuventud.es\/coleccion\/catalogo\/"},{"@type":"ListItem","position":3,"name":"catal\u00e0","item":"https:\/\/www.editorialjuventud.es\/coleccion\/catala\/"},{"@type":"ListItem","position":4,"name":"Els Meus Primers Llibres","item":"https:\/\/www.editorialjuventud.es\/ca\/coleccion\/els-meus-primers-llibres\/"},{"@type":"ListItem","position":5,"name":"Contes del Bosc de la Gla","item":"https:\/\/www.editorialjuventud.es\/ca\/coleccion\/contes-del-bosc-de-la-gla\/"},{"@type":"ListItem","position":6,"name":"La banda del Teix\u00f3"}]},{"@type":"WebSite","@id":"https:\/\/www.editorialjuventud.es\/#website","url":"https:\/\/www.editorialjuventud.es\/","name":"Editorial Juventud","description":"","potentialAction":[{"@type":"SearchAction","target":{"@type":"EntryPoint","urlTemplate":"https:\/\/www.editorialjuventud.es\/?s={search_term_string}"},"query-input":{"@type":"PropertyValueSpecification","valueRequired":true,"valueName":"search_term_string"}}],"inLanguage":"ca"}]}},"_links":{"self":[{"href":"https:\/\/www.editorialjuventud.es\/ca\/wp-json\/wp\/v2\/product\/70068","targetHints":{"allow":["GET"]}}],"collection":[{"href":"https:\/\/www.editorialjuventud.es\/ca\/wp-json\/wp\/v2\/product"}],"about":[{"href":"https:\/\/www.editorialjuventud.es\/ca\/wp-json\/wp\/v2\/types\/product"}],"wp:featuredmedia":[{"embeddable":true,"href":"https:\/\/www.editorialjuventud.es\/ca\/wp-json\/wp\/v2\/media\/70069"}],"wp:attachment":[{"href":"https:\/\/www.editorialjuventud.es\/ca\/wp-json\/wp\/v2\/media?parent=70068"}],"wp:term":[{"taxonomy":"product_brand","embeddable":true,"href":"https:\/\/www.editorialjuventud.es\/ca\/wp-json\/wp\/v2\/product_brand?post=70068"},{"taxonomy":"product_cat","embeddable":true,"href":"https:\/\/www.editorialjuventud.es\/ca\/wp-json\/wp\/v2\/product_cat?post=70068"},{"taxonomy":"product_tag","embeddable":true,"href":"https:\/\/www.editorialjuventud.es\/ca\/wp-json\/wp\/v2\/product_tag?post=70068"},{"taxonomy":"coleccion","embeddable":true,"href":"https:\/\/www.editorialjuventud.es\/ca\/wp-json\/wp\/v2\/coleccion?post=70068"}],"curies":[{"name":"wp","href":"https:\/\/api.w.org\/{rel}","templated":true}]}}