{"id":69173,"date":"2022-08-30T12:43:24","date_gmt":"2022-08-30T10:43:24","guid":{"rendered":"https:\/\/www.editorialjuventud.es\/viento-9788426147929\/"},"modified":"2025-01-22T12:41:23","modified_gmt":"2025-01-22T11:41:23","slug":"viento-9788426147929","status":"publish","type":"product","link":"https:\/\/www.editorialjuventud.es\/ca\/viento-9788426147929\/","title":{"rendered":"Viento"},"content":{"rendered":"<p>Prep\u00e1rate para emprender un viaje extraordinario. Con la ayuda del viento, las aves realizan sus migraciones, las semillas se dispersan a cientos de kil\u00f3metros, el polvo del Sahara puede llegar a otros continentes y nosotros generamos electricidad en parques e\u00f3licos. Hay muchos tipos de viento y soplan en distintos lugares: monz\u00f3n, mistral, levante&#8230; Algunos pueden arrasar casas y arrancar \u00e1rboles. Pero \u00bfsabes c\u00f3mo se forma el viento? <br \/>Viento despertar\u00e1 tu curiosidad por aprender sobre los fen\u00f3menos de la naturaleza. Un \u00e1lbum nominado al Mejor Libro del a\u00f1o por el IBBY. <\/p>\n<p>Este libro te llevar\u00e1 a un viaje incre\u00edble a trav\u00e9s de los datos m\u00e1s fascinantes sobre el viento. \u00a1Sin duda despertar\u00e1 tu curiosidad por conocer los fen\u00f3menos de la naturaleza!  <\/p>\n","protected":false},"excerpt":{"rendered":"Prep\u00e1rate para emprender un viaje extraordinario. Con la ayuda del viento, las aves realizan sus migraciones, las semillas se dispersan a cientos de kil\u00f3metros, el polvo del Sahara puede llegar a otros continentes y nosotros generamos electricidad en parques e\u00f3licos. [&hellip;]","protected":false},"featured_media":69207,"template":"","meta":{"_acf_changed":false,"_exactmetrics_skip_tracking":false,"_exactmetrics_sitenote_active":false,"_exactmetrics_sitenote_note":"","_exactmetrics_sitenote_category":0},"product_brand":[],"product_cat":[902,1121,1283,1167,892,1115,1201,893,1293,1128],"product_tag":[],"coleccion":[928,916,987],"class_list":{"0":"post-69173","1":"product","2":"type-product","3":"status-publish","4":"has-post-thumbnail","6":"product_cat-a-partir-de-7-anos","7":"product_cat-albumes-ilustrados","8":"product_cat-ciencias-naturales","9":"product_cat-ecologia-medio-ambiente","10":"product_cat-edades","11":"product_cat-generos","12":"product_cat-naturaleza-biodiversidad","13":"product_cat-novedades","14":"product_cat-tecnologia","15":"product_cat-tematica","16":"coleccion-albumes-ilustrados","17":"coleccion-castellano","18":"coleccion-conocer-y-comprender","20":"first","21":"instock","22":"taxable","23":"shipping-taxable","24":"purchasable","25":"product-type-simple"},"acf":{"indice":"","autor":"Skowronska, Anna","codart":"4792","ediciones":"1","encuadernacion":"Carton\u00e9","fecha_de_publicacion":"01\/10\/2022","fecha_de_reimpresion":"","novedad":"0","paginas":"64","subtitulo":"","texto_web_adicional":"","autores-libros":[69170],"ilustradores-libros":[63260,63261],"texto_web_novedad":"","orden":"999","portada":"0","texto_web_resaltado":"","traductores-libros":[63262],"descripcion_corta":"","recomendamos":"","mas_vendido":"","idioma-libro":"","color":false,"formato":"","mas_informacion_del_producto":false,"premios":false,"deshabilitar_compra":[],"texto_enlace_cubierta":"","enlace_cubierta":{"ID":70293,"id":70293,"title":"OK cover VIENTO_es_2","filename":"VIENTO_CAST-scaled.jpg","filesize":472422,"url":"https:\/\/www.editorialjuventud.es\/wp-content\/uploads\/VIENTO_CAST-scaled.jpg","link":"https:\/\/www.editorialjuventud.es\/ca\/?attachment_id=70293","alt":"","author":"50","description":"","caption":"","name":"ok-cover-viento_es_2","status":"inherit","uploaded_to":69173,"date":"2022-10-03 16:36:44","modified":"2022-10-03 16:36:44","menu_order":0,"mime_type":"image\/jpeg","type":"image","subtype":"jpeg","icon":"https:\/\/www.editorialjuventud.es\/wp-includes\/images\/media\/default.png","width":1875,"height":2560,"sizes":{"thumbnail":"https:\/\/www.editorialjuventud.es\/wp-content\/uploads\/VIENTO_CAST-200x200.jpg","thumbnail-width":200,"thumbnail-height":200,"medium":"https:\/\/www.editorialjuventud.es\/wp-content\/uploads\/VIENTO_CAST-scaled.jpg","medium-width":1875,"medium-height":2560,"medium_large":"https:\/\/www.editorialjuventud.es\/wp-content\/uploads\/VIENTO_CAST-768x1049.jpg","medium_large-width":768,"medium_large-height":1049,"large":"https:\/\/www.editorialjuventud.es\/wp-content\/uploads\/VIENTO_CAST-scaled.jpg","large-width":1875,"large-height":2560,"1536x1536":"https:\/\/www.editorialjuventud.es\/wp-content\/uploads\/VIENTO_CAST-1125x1536.jpg","1536x1536-width":1125,"1536x1536-height":1536,"2048x2048":"https:\/\/www.editorialjuventud.es\/wp-content\/uploads\/VIENTO_CAST-1500x2048.jpg","2048x2048-width":1500,"2048x2048-height":2048,"woocommerce_thumbnail":"https:\/\/www.editorialjuventud.es\/wp-content\/uploads\/VIENTO_CAST-350x478.jpg","woocommerce_thumbnail-width":350,"woocommerce_thumbnail-height":478,"woocommerce_single":"https:\/\/www.editorialjuventud.es\/wp-content\/uploads\/VIENTO_CAST-900x1229.jpg","woocommerce_single-width":900,"woocommerce_single-height":1229,"woocommerce_gallery_thumbnail":"https:\/\/www.editorialjuventud.es\/wp-content\/uploads\/VIENTO_CAST-100x100.jpg","woocommerce_gallery_thumbnail-width":100,"woocommerce_gallery_thumbnail-height":100,"ppec_logo_image_size":"https:\/\/www.editorialjuventud.es\/wp-content\/uploads\/VIENTO_CAST-44x60.jpg","ppec_logo_image_size-width":44,"ppec_logo_image_size-height":60,"ppec_header_image_size":"https:\/\/www.editorialjuventud.es\/wp-content\/uploads\/VIENTO_CAST-66x90.jpg","ppec_header_image_size-width":66,"ppec_header_image_size-height":90}},"texto_enlace_ficha_tecnica":"","enlace_ficha_tecnica":{"ID":71145,"id":71145,"title":"VIENTO_Fichas","filename":"VIENTO_Fichas-1.pdf","filesize":501353,"url":"https:\/\/www.editorialjuventud.es\/wp-content\/uploads\/VIENTO_Fichas-1.pdf","link":"https:\/\/www.editorialjuventud.es\/ca\/?attachment_id=71145","alt":"","author":"50","description":"","caption":"","name":"viento_fichas-2","status":"inherit","uploaded_to":69173,"date":"2022-10-27 15:56:38","modified":"2022-10-27 15:56:38","menu_order":0,"mime_type":"application\/pdf","type":"application","subtype":"pdf","icon":"https:\/\/www.editorialjuventud.es\/wp-includes\/images\/media\/document.png"},"ficheros":false,"titulo-fr":"","texto-fr":""},"yoast_head":"<!-- This site is optimized with the Yoast SEO plugin v27.5 - https:\/\/yoast.com\/product\/yoast-seo-wordpress\/ -->\n<title>Viento - Editorial Juventud<\/title>\n<meta name=\"description\" content=\"Prep\u00e1rate para emprender un viaje extraordinario. Con la ayuda del viento, las aves realizan sus migraciones, las semillas se dispersan a cientos de\" \/>\n<meta name=\"robots\" content=\"index, follow, max-snippet:-1, max-image-preview:large, max-video-preview:-1\" \/>\n<link rel=\"canonical\" href=\"https:\/\/www.editorialjuventud.es\/viento-9788426147929\/\" \/>\n<meta property=\"og:locale\" content=\"ca_ES\" \/>\n<meta property=\"og:type\" content=\"article\" \/>\n<meta property=\"og:title\" content=\"Viento - Editorial Juventud\" \/>\n<meta property=\"og:description\" content=\"Prep\u00e1rate para emprender un viaje extraordinario. Con la ayuda del viento, las aves realizan sus migraciones, las semillas se dispersan a cientos de\" \/>\n<meta property=\"og:url\" content=\"https:\/\/www.editorialjuventud.es\/viento-9788426147929\/\" \/>\n<meta property=\"og:site_name\" content=\"Editorial Juventud\" \/>\n<meta property=\"article:modified_time\" content=\"2025-01-22T11:41:23+00:00\" \/>\n<meta property=\"og:image\" content=\"https:\/\/www.editorialjuventud.es\/wp-content\/uploads\/9788426147929-e1682000523762.jpg\" \/>\n\t<meta property=\"og:image:width\" content=\"839\" \/>\n\t<meta property=\"og:image:height\" content=\"1200\" \/>\n\t<meta property=\"og:image:type\" content=\"image\/jpeg\" \/>\n<meta name=\"twitter:card\" content=\"summary_large_image\" \/>\n<meta name=\"twitter:label1\" content=\"Temps estimat de lectura\" \/>\n\t<meta name=\"twitter:data1\" content=\"1 minut\" \/>\n<script type=\"application\/ld+json\" class=\"yoast-schema-graph\">{\"@context\":\"https:\\\/\\\/schema.org\",\"@graph\":[{\"@type\":\"WebPage\",\"@id\":\"https:\\\/\\\/www.editorialjuventud.es\\\/viento-9788426147929\\\/\",\"url\":\"https:\\\/\\\/www.editorialjuventud.es\\\/viento-9788426147929\\\/\",\"name\":\"Viento - Editorial Juventud\",\"isPartOf\":{\"@id\":\"https:\\\/\\\/www.editorialjuventud.es\\\/#website\"},\"primaryImageOfPage\":{\"@id\":\"https:\\\/\\\/www.editorialjuventud.es\\\/viento-9788426147929\\\/#primaryimage\"},\"image\":{\"@id\":\"https:\\\/\\\/www.editorialjuventud.es\\\/viento-9788426147929\\\/#primaryimage\"},\"thumbnailUrl\":\"https:\\\/\\\/www.editorialjuventud.es\\\/wp-content\\\/uploads\\\/9788426147929-e1682000523762.jpg\",\"datePublished\":\"2022-08-30T10:43:24+00:00\",\"dateModified\":\"2025-01-22T11:41:23+00:00\",\"description\":\"Prep\u00e1rate para emprender un viaje extraordinario. Con la ayuda del viento, las aves realizan sus migraciones, las semillas se dispersan a cientos de\",\"breadcrumb\":{\"@id\":\"https:\\\/\\\/www.editorialjuventud.es\\\/viento-9788426147929\\\/#breadcrumb\"},\"inLanguage\":\"ca\",\"potentialAction\":[{\"@type\":\"ReadAction\",\"target\":[\"https:\\\/\\\/www.editorialjuventud.es\\\/viento-9788426147929\\\/\"]}]},{\"@type\":\"ImageObject\",\"inLanguage\":\"ca\",\"@id\":\"https:\\\/\\\/www.editorialjuventud.es\\\/viento-9788426147929\\\/#primaryimage\",\"url\":\"https:\\\/\\\/www.editorialjuventud.es\\\/wp-content\\\/uploads\\\/9788426147929-e1682000523762.jpg\",\"contentUrl\":\"https:\\\/\\\/www.editorialjuventud.es\\\/wp-content\\\/uploads\\\/9788426147929-e1682000523762.jpg\",\"width\":839,\"height\":1200,\"caption\":\"9788426147929.jpg\"},{\"@type\":\"BreadcrumbList\",\"@id\":\"https:\\\/\\\/www.editorialjuventud.es\\\/viento-9788426147929\\\/#breadcrumb\",\"itemListElement\":[{\"@type\":\"ListItem\",\"position\":1,\"name\":\"Portada\",\"item\":\"https:\\\/\\\/www.editorialjuventud.es\\\/\"},{\"@type\":\"ListItem\",\"position\":2,\"name\":\"cat\u00e1logo\",\"item\":\"https:\\\/\\\/www.editorialjuventud.es\\\/coleccion\\\/catalogo\\\/\"},{\"@type\":\"ListItem\",\"position\":3,\"name\":\"castellano\",\"item\":\"https:\\\/\\\/www.editorialjuventud.es\\\/coleccion\\\/castellano\\\/\"},{\"@type\":\"ListItem\",\"position\":4,\"name\":\"\u00c1lbumes Ilustrados\",\"item\":\"https:\\\/\\\/www.editorialjuventud.es\\\/coleccion\\\/albumes-ilustrados\\\/\"},{\"@type\":\"ListItem\",\"position\":5,\"name\":\"Conocer y Comprender\",\"item\":\"https:\\\/\\\/www.editorialjuventud.es\\\/coleccion\\\/conocer-y-comprender\\\/\"},{\"@type\":\"ListItem\",\"position\":6,\"name\":\"Viento\"}]},{\"@type\":\"WebSite\",\"@id\":\"https:\\\/\\\/www.editorialjuventud.es\\\/#website\",\"url\":\"https:\\\/\\\/www.editorialjuventud.es\\\/\",\"name\":\"Editorial Juventud\",\"description\":\"\",\"potentialAction\":[{\"@type\":\"SearchAction\",\"target\":{\"@type\":\"EntryPoint\",\"urlTemplate\":\"https:\\\/\\\/www.editorialjuventud.es\\\/?s={search_term_string}\"},\"query-input\":{\"@type\":\"PropertyValueSpecification\",\"valueRequired\":true,\"valueName\":\"search_term_string\"}}],\"inLanguage\":\"ca\"}]}<\/script>\n<!-- \/ Yoast SEO plugin. -->","yoast_head_json":{"title":"Viento - Editorial Juventud","description":"Prep\u00e1rate para emprender un viaje extraordinario. Con la ayuda del viento, las aves realizan sus migraciones, las semillas se dispersan a cientos de","robots":{"index":"index","follow":"follow","max-snippet":"max-snippet:-1","max-image-preview":"max-image-preview:large","max-video-preview":"max-video-preview:-1"},"canonical":"https:\/\/www.editorialjuventud.es\/viento-9788426147929\/","og_locale":"ca_ES","og_type":"article","og_title":"Viento - Editorial Juventud","og_description":"Prep\u00e1rate para emprender un viaje extraordinario. Con la ayuda del viento, las aves realizan sus migraciones, las semillas se dispersan a cientos de","og_url":"https:\/\/www.editorialjuventud.es\/viento-9788426147929\/","og_site_name":"Editorial Juventud","article_modified_time":"2025-01-22T11:41:23+00:00","og_image":[{"width":839,"height":1200,"url":"https:\/\/www.editorialjuventud.es\/wp-content\/uploads\/9788426147929-e1682000523762.jpg","type":"image\/jpeg"}],"twitter_card":"summary_large_image","twitter_misc":{"Temps estimat de lectura":"1 minut"},"schema":{"@context":"https:\/\/schema.org","@graph":[{"@type":"WebPage","@id":"https:\/\/www.editorialjuventud.es\/viento-9788426147929\/","url":"https:\/\/www.editorialjuventud.es\/viento-9788426147929\/","name":"Viento - Editorial Juventud","isPartOf":{"@id":"https:\/\/www.editorialjuventud.es\/#website"},"primaryImageOfPage":{"@id":"https:\/\/www.editorialjuventud.es\/viento-9788426147929\/#primaryimage"},"image":{"@id":"https:\/\/www.editorialjuventud.es\/viento-9788426147929\/#primaryimage"},"thumbnailUrl":"https:\/\/www.editorialjuventud.es\/wp-content\/uploads\/9788426147929-e1682000523762.jpg","datePublished":"2022-08-30T10:43:24+00:00","dateModified":"2025-01-22T11:41:23+00:00","description":"Prep\u00e1rate para emprender un viaje extraordinario. Con la ayuda del viento, las aves realizan sus migraciones, las semillas se dispersan a cientos de","breadcrumb":{"@id":"https:\/\/www.editorialjuventud.es\/viento-9788426147929\/#breadcrumb"},"inLanguage":"ca","potentialAction":[{"@type":"ReadAction","target":["https:\/\/www.editorialjuventud.es\/viento-9788426147929\/"]}]},{"@type":"ImageObject","inLanguage":"ca","@id":"https:\/\/www.editorialjuventud.es\/viento-9788426147929\/#primaryimage","url":"https:\/\/www.editorialjuventud.es\/wp-content\/uploads\/9788426147929-e1682000523762.jpg","contentUrl":"https:\/\/www.editorialjuventud.es\/wp-content\/uploads\/9788426147929-e1682000523762.jpg","width":839,"height":1200,"caption":"9788426147929.jpg"},{"@type":"BreadcrumbList","@id":"https:\/\/www.editorialjuventud.es\/viento-9788426147929\/#breadcrumb","itemListElement":[{"@type":"ListItem","position":1,"name":"Portada","item":"https:\/\/www.editorialjuventud.es\/"},{"@type":"ListItem","position":2,"name":"cat\u00e1logo","item":"https:\/\/www.editorialjuventud.es\/coleccion\/catalogo\/"},{"@type":"ListItem","position":3,"name":"castellano","item":"https:\/\/www.editorialjuventud.es\/coleccion\/castellano\/"},{"@type":"ListItem","position":4,"name":"\u00c1lbumes Ilustrados","item":"https:\/\/www.editorialjuventud.es\/coleccion\/albumes-ilustrados\/"},{"@type":"ListItem","position":5,"name":"Conocer y Comprender","item":"https:\/\/www.editorialjuventud.es\/coleccion\/conocer-y-comprender\/"},{"@type":"ListItem","position":6,"name":"Viento"}]},{"@type":"WebSite","@id":"https:\/\/www.editorialjuventud.es\/#website","url":"https:\/\/www.editorialjuventud.es\/","name":"Editorial Juventud","description":"","potentialAction":[{"@type":"SearchAction","target":{"@type":"EntryPoint","urlTemplate":"https:\/\/www.editorialjuventud.es\/?s={search_term_string}"},"query-input":{"@type":"PropertyValueSpecification","valueRequired":true,"valueName":"search_term_string"}}],"inLanguage":"ca"}]}},"_links":{"self":[{"href":"https:\/\/www.editorialjuventud.es\/ca\/wp-json\/wp\/v2\/product\/69173","targetHints":{"allow":["GET"]}}],"collection":[{"href":"https:\/\/www.editorialjuventud.es\/ca\/wp-json\/wp\/v2\/product"}],"about":[{"href":"https:\/\/www.editorialjuventud.es\/ca\/wp-json\/wp\/v2\/types\/product"}],"wp:featuredmedia":[{"embeddable":true,"href":"https:\/\/www.editorialjuventud.es\/ca\/wp-json\/wp\/v2\/media\/69207"}],"wp:attachment":[{"href":"https:\/\/www.editorialjuventud.es\/ca\/wp-json\/wp\/v2\/media?parent=69173"}],"wp:term":[{"taxonomy":"product_brand","embeddable":true,"href":"https:\/\/www.editorialjuventud.es\/ca\/wp-json\/wp\/v2\/product_brand?post=69173"},{"taxonomy":"product_cat","embeddable":true,"href":"https:\/\/www.editorialjuventud.es\/ca\/wp-json\/wp\/v2\/product_cat?post=69173"},{"taxonomy":"product_tag","embeddable":true,"href":"https:\/\/www.editorialjuventud.es\/ca\/wp-json\/wp\/v2\/product_tag?post=69173"},{"taxonomy":"coleccion","embeddable":true,"href":"https:\/\/www.editorialjuventud.es\/ca\/wp-json\/wp\/v2\/coleccion?post=69173"}],"curies":[{"name":"wp","href":"https:\/\/api.w.org\/{rel}","templated":true}]}}