{"id":69172,"date":"2022-08-30T12:43:02","date_gmt":"2022-08-30T10:43:02","guid":{"rendered":"https:\/\/www.editorialjuventud.es\/binky-sota-pressio-9788426147844\/"},"modified":"2025-01-22T12:41:28","modified_gmt":"2025-01-22T11:41:28","slug":"binky-sota-pressio-9788426147844","status":"publish","type":"product","link":"https:\/\/www.editorialjuventud.es\/ca\/binky-sota-pressio-9788426147844\/","title":{"rendered":"Binky sota pressi\u00f3"},"content":{"rendered":"<p>Torna el Binky! Segueix sent un agent espacial amb t\u00edtol oficial, per\u00f2 ara la seva vida \u00e9s tan rutin\u00e0ria que lluita contra els invasors extraterrestres des de la comoditat del seu llit. Fins que un mat\u00ed un fet ins\u00f2lit el fa reaccionar: a la seva estaci\u00f3 espacial ha arribat la Gr\u00e0cia, una gateta adorable. El Binky no ho pot tolerar. A la seva estaci\u00f3 espacial nom\u00e9s hi ha lloc per a UN sol gatet adorable. Per\u00f2 abans de poder dir &#8216;Sant Borrissol!&#8217;, el Binky fa un descobriment impactant sobre la veritable identitat de la Gr\u00e0cia, i les seves habilitats com a gat espacial s\u00f3n posades a prova. <\/p>\n<p>Acompanya el Binky en la seva tercera aventura com a Agent Espacial! Els lectors de novel\u00b7les gr\u00e0fiques es delectaran observant aquest gat adorable i peculiar amb una imaginaci\u00f3 desbordant<\/p>\n","protected":false},"excerpt":{"rendered":"Torna el Binky! Segueix sent un agent espacial amb t\u00edtol oficial, per\u00f2 ara la seva vida \u00e9s tan rutin\u00e0ria que lluita contra els invasors extraterrestres des de la comoditat del seu llit. Fins que un mat\u00ed un fet ins\u00f2lit el [&hellip;]","protected":false},"featured_media":69203,"template":"","meta":{"_acf_changed":false,"_exactmetrics_skip_tracking":false,"_exactmetrics_sitenote_active":false,"_exactmetrics_sitenote_note":"","_exactmetrics_sitenote_category":0},"product_brand":[],"product_cat":[902,1142,1284,1127,892,1115,1184,893,1128],"product_tag":[],"coleccion":[915,922],"class_list":{"0":"post-69172","1":"product","2":"type-product","3":"status-publish","4":"has-post-thumbnail","6":"product_cat-a-partir-de-7-anos","7":"product_cat-aventura","8":"product_cat-comic-tematica","9":"product_cat-comic","10":"product_cat-edades","11":"product_cat-generos","12":"product_cat-humor","13":"product_cat-novedades","14":"product_cat-tematica","15":"coleccion-catala","16":"coleccion-joventut-comic","18":"first","19":"instock","20":"taxable","21":"shipping-taxable","22":"purchasable","23":"product-type-simple"},"acf":{"indice":"","autor":"Spires, Ashley","codart":"4784","ediciones":"1","encuadernacion":"Carton\u00e9","fecha_de_publicacion":"01\/09\/2022","fecha_de_reimpresion":"","novedad":"0","paginas":"64","subtitulo":"","texto_web_adicional":"","autores-libros":[46317],"ilustradores-libros":"","texto_web_novedad":"","orden":"999","portada":"0","texto_web_resaltado":"","traductores-libros":[58416],"descripcion_corta":"","recomendamos":"","mas_vendido":"","idioma-libro":"","color":false,"formato":"","mas_informacion_del_producto":false,"premios":false,"deshabilitar_compra":[],"texto_enlace_cubierta":"","enlace_cubierta":{"ID":69428,"id":69428,"title":"cover_BINKY BAJO PRESION_es.indd","filename":"CAT_Binky_Sota_Pressio_cover-scaled.jpg","filesize":449164,"url":"https:\/\/www.editorialjuventud.es\/wp-content\/uploads\/CAT_Binky_Sota_Pressio_cover-scaled.jpg","link":"https:\/\/www.editorialjuventud.es\/ca\/?attachment_id=69428","alt":"","author":"49","description":"","caption":"","name":"cover_binky-bajo-presion_es-indd-4","status":"inherit","uploaded_to":69172,"date":"2022-09-06 09:18:07","modified":"2022-09-06 09:18:07","menu_order":0,"mime_type":"image\/jpeg","type":"image","subtype":"jpeg","icon":"https:\/\/www.editorialjuventud.es\/wp-includes\/images\/media\/default.png","width":1973,"height":2560,"sizes":{"thumbnail":"https:\/\/www.editorialjuventud.es\/wp-content\/uploads\/CAT_Binky_Sota_Pressio_cover-200x200.jpg","thumbnail-width":200,"thumbnail-height":200,"medium":"https:\/\/www.editorialjuventud.es\/wp-content\/uploads\/CAT_Binky_Sota_Pressio_cover-scaled.jpg","medium-width":1973,"medium-height":2560,"medium_large":"https:\/\/www.editorialjuventud.es\/wp-content\/uploads\/CAT_Binky_Sota_Pressio_cover-768x996.jpg","medium_large-width":768,"medium_large-height":996,"large":"https:\/\/www.editorialjuventud.es\/wp-content\/uploads\/CAT_Binky_Sota_Pressio_cover-scaled.jpg","large-width":1973,"large-height":2560,"1536x1536":"https:\/\/www.editorialjuventud.es\/wp-content\/uploads\/CAT_Binky_Sota_Pressio_cover-1184x1536.jpg","1536x1536-width":1184,"1536x1536-height":1536,"2048x2048":"https:\/\/www.editorialjuventud.es\/wp-content\/uploads\/CAT_Binky_Sota_Pressio_cover-1578x2048.jpg","2048x2048-width":1578,"2048x2048-height":2048,"woocommerce_thumbnail":"https:\/\/www.editorialjuventud.es\/wp-content\/uploads\/CAT_Binky_Sota_Pressio_cover-350x454.jpg","woocommerce_thumbnail-width":350,"woocommerce_thumbnail-height":454,"woocommerce_single":"https:\/\/www.editorialjuventud.es\/wp-content\/uploads\/CAT_Binky_Sota_Pressio_cover-900x1168.jpg","woocommerce_single-width":900,"woocommerce_single-height":1168,"woocommerce_gallery_thumbnail":"https:\/\/www.editorialjuventud.es\/wp-content\/uploads\/CAT_Binky_Sota_Pressio_cover-100x100.jpg","woocommerce_gallery_thumbnail-width":100,"woocommerce_gallery_thumbnail-height":100,"ppec_logo_image_size":"https:\/\/www.editorialjuventud.es\/wp-content\/uploads\/CAT_Binky_Sota_Pressio_cover-46x60.jpg","ppec_logo_image_size-width":46,"ppec_logo_image_size-height":60,"ppec_header_image_size":"https:\/\/www.editorialjuventud.es\/wp-content\/uploads\/CAT_Binky_Sota_Pressio_cover-69x90.jpg","ppec_header_image_size-width":69,"ppec_header_image_size-height":90}},"texto_enlace_ficha_tecnica":"","enlace_ficha_tecnica":{"ID":70267,"id":70267,"title":"Binky sota pressi\u00f3","filename":"Binky-sota-pressio.pdf","filesize":423970,"url":"https:\/\/www.editorialjuventud.es\/wp-content\/uploads\/Binky-sota-pressio.pdf","link":"https:\/\/www.editorialjuventud.es\/ca\/?attachment_id=70267","alt":"","author":"50","description":"","caption":"","name":"binky-sota-pressio","status":"inherit","uploaded_to":69172,"date":"2022-10-03 12:58:44","modified":"2022-10-03 12:58:44","menu_order":0,"mime_type":"application\/pdf","type":"application","subtype":"pdf","icon":"https:\/\/www.editorialjuventud.es\/wp-includes\/images\/media\/document.png"},"ficheros":false,"titulo-fr":"","texto-fr":""},"yoast_head":"<!-- This site is optimized with the Yoast SEO plugin v27.5 - https:\/\/yoast.com\/product\/yoast-seo-wordpress\/ -->\n<title>Binky sota pressi\u00f3 - Editorial Juventud<\/title>\n<meta name=\"description\" content=\"Torna el Binky! Segueix sent un agent espacial amb t\u00edtol oficial, per\u00f2 ara la seva vida \u00e9s tan rutin\u00e0ria que lluita contra els invasors extraterrestres\" \/>\n<meta name=\"robots\" content=\"index, follow, max-snippet:-1, max-image-preview:large, max-video-preview:-1\" \/>\n<link rel=\"canonical\" href=\"https:\/\/www.editorialjuventud.es\/binky-sota-pressio-9788426147844\/\" \/>\n<meta property=\"og:locale\" content=\"ca_ES\" \/>\n<meta property=\"og:type\" content=\"article\" \/>\n<meta property=\"og:title\" content=\"Binky sota pressi\u00f3 - Editorial Juventud\" \/>\n<meta property=\"og:description\" content=\"Torna el Binky! Segueix sent un agent espacial amb t\u00edtol oficial, per\u00f2 ara la seva vida \u00e9s tan rutin\u00e0ria que lluita contra els invasors extraterrestres\" \/>\n<meta property=\"og:url\" content=\"https:\/\/www.editorialjuventud.es\/binky-sota-pressio-9788426147844\/\" \/>\n<meta property=\"og:site_name\" content=\"Editorial Juventud\" \/>\n<meta property=\"article:modified_time\" content=\"2025-01-22T11:41:28+00:00\" \/>\n<meta property=\"og:image\" content=\"https:\/\/www.editorialjuventud.es\/wp-content\/uploads\/9788426147844.jpg\" \/>\n\t<meta property=\"og:image:width\" content=\"925\" \/>\n\t<meta property=\"og:image:height\" content=\"1200\" \/>\n\t<meta property=\"og:image:type\" content=\"image\/jpeg\" \/>\n<meta name=\"twitter:card\" content=\"summary_large_image\" \/>\n<meta name=\"twitter:label1\" content=\"Temps estimat de lectura\" \/>\n\t<meta name=\"twitter:data1\" content=\"1 minut\" \/>\n<script type=\"application\/ld+json\" class=\"yoast-schema-graph\">{\"@context\":\"https:\\\/\\\/schema.org\",\"@graph\":[{\"@type\":\"WebPage\",\"@id\":\"https:\\\/\\\/www.editorialjuventud.es\\\/binky-sota-pressio-9788426147844\\\/\",\"url\":\"https:\\\/\\\/www.editorialjuventud.es\\\/binky-sota-pressio-9788426147844\\\/\",\"name\":\"Binky sota pressi\u00f3 - Editorial Juventud\",\"isPartOf\":{\"@id\":\"https:\\\/\\\/www.editorialjuventud.es\\\/#website\"},\"primaryImageOfPage\":{\"@id\":\"https:\\\/\\\/www.editorialjuventud.es\\\/binky-sota-pressio-9788426147844\\\/#primaryimage\"},\"image\":{\"@id\":\"https:\\\/\\\/www.editorialjuventud.es\\\/binky-sota-pressio-9788426147844\\\/#primaryimage\"},\"thumbnailUrl\":\"https:\\\/\\\/www.editorialjuventud.es\\\/wp-content\\\/uploads\\\/9788426147844.jpg\",\"datePublished\":\"2022-08-30T10:43:02+00:00\",\"dateModified\":\"2025-01-22T11:41:28+00:00\",\"description\":\"Torna el Binky! Segueix sent un agent espacial amb t\u00edtol oficial, per\u00f2 ara la seva vida \u00e9s tan rutin\u00e0ria que lluita contra els invasors extraterrestres\",\"breadcrumb\":{\"@id\":\"https:\\\/\\\/www.editorialjuventud.es\\\/binky-sota-pressio-9788426147844\\\/#breadcrumb\"},\"inLanguage\":\"ca\",\"potentialAction\":[{\"@type\":\"ReadAction\",\"target\":[\"https:\\\/\\\/www.editorialjuventud.es\\\/binky-sota-pressio-9788426147844\\\/\"]}]},{\"@type\":\"ImageObject\",\"inLanguage\":\"ca\",\"@id\":\"https:\\\/\\\/www.editorialjuventud.es\\\/binky-sota-pressio-9788426147844\\\/#primaryimage\",\"url\":\"https:\\\/\\\/www.editorialjuventud.es\\\/wp-content\\\/uploads\\\/9788426147844.jpg\",\"contentUrl\":\"https:\\\/\\\/www.editorialjuventud.es\\\/wp-content\\\/uploads\\\/9788426147844.jpg\",\"width\":925,\"height\":1200,\"caption\":\"9788426147844.jpg\"},{\"@type\":\"BreadcrumbList\",\"@id\":\"https:\\\/\\\/www.editorialjuventud.es\\\/binky-sota-pressio-9788426147844\\\/#breadcrumb\",\"itemListElement\":[{\"@type\":\"ListItem\",\"position\":1,\"name\":\"Portada\",\"item\":\"https:\\\/\\\/www.editorialjuventud.es\\\/\"},{\"@type\":\"ListItem\",\"position\":2,\"name\":\"Binky sota pressi\u00f3\"}]},{\"@type\":\"WebSite\",\"@id\":\"https:\\\/\\\/www.editorialjuventud.es\\\/#website\",\"url\":\"https:\\\/\\\/www.editorialjuventud.es\\\/\",\"name\":\"Editorial Juventud\",\"description\":\"\",\"potentialAction\":[{\"@type\":\"SearchAction\",\"target\":{\"@type\":\"EntryPoint\",\"urlTemplate\":\"https:\\\/\\\/www.editorialjuventud.es\\\/?s={search_term_string}\"},\"query-input\":{\"@type\":\"PropertyValueSpecification\",\"valueRequired\":true,\"valueName\":\"search_term_string\"}}],\"inLanguage\":\"ca\"}]}<\/script>\n<!-- \/ Yoast SEO plugin. -->","yoast_head_json":{"title":"Binky sota pressi\u00f3 - Editorial Juventud","description":"Torna el Binky! Segueix sent un agent espacial amb t\u00edtol oficial, per\u00f2 ara la seva vida \u00e9s tan rutin\u00e0ria que lluita contra els invasors extraterrestres","robots":{"index":"index","follow":"follow","max-snippet":"max-snippet:-1","max-image-preview":"max-image-preview:large","max-video-preview":"max-video-preview:-1"},"canonical":"https:\/\/www.editorialjuventud.es\/binky-sota-pressio-9788426147844\/","og_locale":"ca_ES","og_type":"article","og_title":"Binky sota pressi\u00f3 - Editorial Juventud","og_description":"Torna el Binky! Segueix sent un agent espacial amb t\u00edtol oficial, per\u00f2 ara la seva vida \u00e9s tan rutin\u00e0ria que lluita contra els invasors extraterrestres","og_url":"https:\/\/www.editorialjuventud.es\/binky-sota-pressio-9788426147844\/","og_site_name":"Editorial Juventud","article_modified_time":"2025-01-22T11:41:28+00:00","og_image":[{"width":925,"height":1200,"url":"https:\/\/www.editorialjuventud.es\/wp-content\/uploads\/9788426147844.jpg","type":"image\/jpeg"}],"twitter_card":"summary_large_image","twitter_misc":{"Temps estimat de lectura":"1 minut"},"schema":{"@context":"https:\/\/schema.org","@graph":[{"@type":"WebPage","@id":"https:\/\/www.editorialjuventud.es\/binky-sota-pressio-9788426147844\/","url":"https:\/\/www.editorialjuventud.es\/binky-sota-pressio-9788426147844\/","name":"Binky sota pressi\u00f3 - Editorial Juventud","isPartOf":{"@id":"https:\/\/www.editorialjuventud.es\/#website"},"primaryImageOfPage":{"@id":"https:\/\/www.editorialjuventud.es\/binky-sota-pressio-9788426147844\/#primaryimage"},"image":{"@id":"https:\/\/www.editorialjuventud.es\/binky-sota-pressio-9788426147844\/#primaryimage"},"thumbnailUrl":"https:\/\/www.editorialjuventud.es\/wp-content\/uploads\/9788426147844.jpg","datePublished":"2022-08-30T10:43:02+00:00","dateModified":"2025-01-22T11:41:28+00:00","description":"Torna el Binky! Segueix sent un agent espacial amb t\u00edtol oficial, per\u00f2 ara la seva vida \u00e9s tan rutin\u00e0ria que lluita contra els invasors extraterrestres","breadcrumb":{"@id":"https:\/\/www.editorialjuventud.es\/binky-sota-pressio-9788426147844\/#breadcrumb"},"inLanguage":"ca","potentialAction":[{"@type":"ReadAction","target":["https:\/\/www.editorialjuventud.es\/binky-sota-pressio-9788426147844\/"]}]},{"@type":"ImageObject","inLanguage":"ca","@id":"https:\/\/www.editorialjuventud.es\/binky-sota-pressio-9788426147844\/#primaryimage","url":"https:\/\/www.editorialjuventud.es\/wp-content\/uploads\/9788426147844.jpg","contentUrl":"https:\/\/www.editorialjuventud.es\/wp-content\/uploads\/9788426147844.jpg","width":925,"height":1200,"caption":"9788426147844.jpg"},{"@type":"BreadcrumbList","@id":"https:\/\/www.editorialjuventud.es\/binky-sota-pressio-9788426147844\/#breadcrumb","itemListElement":[{"@type":"ListItem","position":1,"name":"Portada","item":"https:\/\/www.editorialjuventud.es\/"},{"@type":"ListItem","position":2,"name":"Binky sota pressi\u00f3"}]},{"@type":"WebSite","@id":"https:\/\/www.editorialjuventud.es\/#website","url":"https:\/\/www.editorialjuventud.es\/","name":"Editorial Juventud","description":"","potentialAction":[{"@type":"SearchAction","target":{"@type":"EntryPoint","urlTemplate":"https:\/\/www.editorialjuventud.es\/?s={search_term_string}"},"query-input":{"@type":"PropertyValueSpecification","valueRequired":true,"valueName":"search_term_string"}}],"inLanguage":"ca"}]}},"_links":{"self":[{"href":"https:\/\/www.editorialjuventud.es\/ca\/wp-json\/wp\/v2\/product\/69172","targetHints":{"allow":["GET"]}}],"collection":[{"href":"https:\/\/www.editorialjuventud.es\/ca\/wp-json\/wp\/v2\/product"}],"about":[{"href":"https:\/\/www.editorialjuventud.es\/ca\/wp-json\/wp\/v2\/types\/product"}],"wp:featuredmedia":[{"embeddable":true,"href":"https:\/\/www.editorialjuventud.es\/ca\/wp-json\/wp\/v2\/media\/69203"}],"wp:attachment":[{"href":"https:\/\/www.editorialjuventud.es\/ca\/wp-json\/wp\/v2\/media?parent=69172"}],"wp:term":[{"taxonomy":"product_brand","embeddable":true,"href":"https:\/\/www.editorialjuventud.es\/ca\/wp-json\/wp\/v2\/product_brand?post=69172"},{"taxonomy":"product_cat","embeddable":true,"href":"https:\/\/www.editorialjuventud.es\/ca\/wp-json\/wp\/v2\/product_cat?post=69172"},{"taxonomy":"product_tag","embeddable":true,"href":"https:\/\/www.editorialjuventud.es\/ca\/wp-json\/wp\/v2\/product_tag?post=69172"},{"taxonomy":"coleccion","embeddable":true,"href":"https:\/\/www.editorialjuventud.es\/ca\/wp-json\/wp\/v2\/coleccion?post=69172"}],"curies":[{"name":"wp","href":"https:\/\/api.w.org\/{rel}","templated":true}]}}