{"id":69171,"date":"2022-08-30T12:42:34","date_gmt":"2022-08-30T10:42:34","guid":{"rendered":"https:\/\/www.editorialjuventud.es\/binky-bajo-presion-9788426147837\/"},"modified":"2025-10-29T12:31:24","modified_gmt":"2025-10-29T11:31:24","slug":"binky-bajo-presion-9788426147837","status":"publish","type":"product","link":"https:\/\/www.editorialjuventud.es\/ca\/binky-bajo-presion-9788426147837\/","title":{"rendered":"Binky bajo presi\u00f3n"},"content":{"rendered":"<p>\u00a1Binky ha vuelto! Aunque siga siendo un agente espacial, su vida se ha vuelto tan rutinaria que lucha contra los invasores extraterrestres sin levantarse de su c\u00f3moda cama. Un buen d\u00eda pasa algo que interrumpe su monoton\u00eda: la llegada de Gracie, una gatita adorable, a su estaci\u00f3n espacial. Binky no se va a quedar de patas cruzadas\u2026 En esta estaci\u00f3n espacial solo cabe UN gatito adorable. Pero antes de que le d\u00e9 tiempo a decir &#8216;\u00a1Santa bola de pelo!&#8217;, Binky descubre algo sorprendente sobre la verdadera identidad de Gracie que pondr\u00e1 a prueba sus habilidades como agente espacial.<\/p>\n<p>\u00a1Acompa\u00f1a a Binky en su tercera aventura como Agente Espacial! Los lectores quedar\u00e1n encandilados por este gato adorable y peculiar con una imaginaci\u00f3n desbordante.<\/p>\n<p>&nbsp;<\/p>\n<p>Este libro ha sido publicado con el apoyo de:<\/p>\n<p><img loading=\"lazy\" decoding=\"async\" class=\"alignnone size-full wp-image-76274\" src=\"https:\/\/www.editorialjuventud.es\/wp-content\/uploads\/unnamed.png\" alt=\"\" width=\"405\" height=\"35\" srcset=\"https:\/\/www.editorialjuventud.es\/wp-content\/uploads\/unnamed.png 405w, https:\/\/www.editorialjuventud.es\/wp-content\/uploads\/unnamed-350x30.png 350w, https:\/\/www.editorialjuventud.es\/wp-content\/uploads\/unnamed-190x16.png 190w\" sizes=\"auto, (max-width: 405px) 100vw, 405px\" \/><\/p>\n","protected":false},"excerpt":{"rendered":"\u00a1Binky ha vuelto! Aunque siga siendo un agente espacial, su vida se ha vuelto tan rutinaria que lucha contra los invasores extraterrestres sin levantarse de su c\u00f3moda cama. Un buen d\u00eda pasa algo que interrumpe su monoton\u00eda: la llegada de [&hellip;]","protected":false},"featured_media":69205,"template":"","meta":{"_acf_changed":false,"_exactmetrics_skip_tracking":false,"_exactmetrics_sitenote_active":false,"_exactmetrics_sitenote_note":"","_exactmetrics_sitenote_category":0},"product_brand":[],"product_cat":[902,1142,1127,892,1115,1184,1194,893,1128],"product_tag":[],"coleccion":[916,935,1342],"class_list":{"0":"post-69171","1":"product","2":"type-product","3":"status-publish","4":"has-post-thumbnail","6":"product_cat-a-partir-de-7-anos","7":"product_cat-aventura","8":"product_cat-comic","9":"product_cat-edades","10":"product_cat-generos","11":"product_cat-humor","12":"product_cat-mascotas","13":"product_cat-novedades","14":"product_cat-tematica","15":"coleccion-castellano","16":"coleccion-juventud-comic","17":"coleccion-las-aventuras-de-binky","19":"first","20":"instock","21":"taxable","22":"shipping-taxable","23":"purchasable","24":"product-type-simple"},"acf":{"indice":"","autor":"Spires, Ashley","codart":"4783","ediciones":"1","encuadernacion":"Carton\u00e9","fecha_de_publicacion":"01\/09\/2022","fecha_de_reimpresion":"","novedad":"0","paginas":"64","subtitulo":"","texto_web_adicional":"","autores-libros":[46317],"ilustradores-libros":"","texto_web_novedad":"","orden":"999","portada":"0","texto_web_resaltado":"","traductores-libros":[37490],"descripcion_corta":"","recomendamos":"","mas_vendido":"","idioma-libro":"","color":false,"formato":"","mas_informacion_del_producto":false,"premios":false,"deshabilitar_compra":[],"texto_enlace_cubierta":"","enlace_cubierta":{"ID":69397,"id":69397,"title":"cover_BINKY BAJO PRESION_es.indd","filename":"Binky_Bajo_Presion_cover-scaled.jpg","filesize":446919,"url":"https:\/\/www.editorialjuventud.es\/wp-content\/uploads\/Binky_Bajo_Presion_cover-scaled.jpg","link":"https:\/\/www.editorialjuventud.es\/ca\/?attachment_id=69397","alt":"","author":"49","description":"","caption":"","name":"cover_binky-bajo-presion_es-indd-3","status":"inherit","uploaded_to":69171,"date":"2022-09-05 13:29:40","modified":"2022-09-05 13:29:40","menu_order":0,"mime_type":"image\/jpeg","type":"image","subtype":"jpeg","icon":"https:\/\/www.editorialjuventud.es\/wp-includes\/images\/media\/default.png","width":1977,"height":2560,"sizes":{"thumbnail":"https:\/\/www.editorialjuventud.es\/wp-content\/uploads\/Binky_Bajo_Presion_cover-200x200.jpg","thumbnail-width":200,"thumbnail-height":200,"medium":"https:\/\/www.editorialjuventud.es\/wp-content\/uploads\/Binky_Bajo_Presion_cover-scaled.jpg","medium-width":1977,"medium-height":2560,"medium_large":"https:\/\/www.editorialjuventud.es\/wp-content\/uploads\/Binky_Bajo_Presion_cover-768x995.jpg","medium_large-width":768,"medium_large-height":995,"large":"https:\/\/www.editorialjuventud.es\/wp-content\/uploads\/Binky_Bajo_Presion_cover-scaled.jpg","large-width":1977,"large-height":2560,"1536x1536":"https:\/\/www.editorialjuventud.es\/wp-content\/uploads\/Binky_Bajo_Presion_cover-1186x1536.jpg","1536x1536-width":1186,"1536x1536-height":1536,"2048x2048":"https:\/\/www.editorialjuventud.es\/wp-content\/uploads\/Binky_Bajo_Presion_cover-1581x2048.jpg","2048x2048-width":1581,"2048x2048-height":2048,"woocommerce_thumbnail":"https:\/\/www.editorialjuventud.es\/wp-content\/uploads\/Binky_Bajo_Presion_cover-350x453.jpg","woocommerce_thumbnail-width":350,"woocommerce_thumbnail-height":453,"woocommerce_single":"https:\/\/www.editorialjuventud.es\/wp-content\/uploads\/Binky_Bajo_Presion_cover-900x1166.jpg","woocommerce_single-width":900,"woocommerce_single-height":1166,"woocommerce_gallery_thumbnail":"https:\/\/www.editorialjuventud.es\/wp-content\/uploads\/Binky_Bajo_Presion_cover-100x100.jpg","woocommerce_gallery_thumbnail-width":100,"woocommerce_gallery_thumbnail-height":100,"ppec_logo_image_size":"https:\/\/www.editorialjuventud.es\/wp-content\/uploads\/Binky_Bajo_Presion_cover-46x60.jpg","ppec_logo_image_size-width":46,"ppec_logo_image_size-height":60,"ppec_header_image_size":"https:\/\/www.editorialjuventud.es\/wp-content\/uploads\/Binky_Bajo_Presion_cover-69x90.jpg","ppec_header_image_size-width":69,"ppec_header_image_size-height":90}},"texto_enlace_ficha_tecnica":"","enlace_ficha_tecnica":{"ID":70260,"id":70260,"title":"Binky bajo presi\u00f3n","filename":"Binky-bajo-presion.pdf","filesize":433090,"url":"https:\/\/www.editorialjuventud.es\/wp-content\/uploads\/Binky-bajo-presion.pdf","link":"https:\/\/www.editorialjuventud.es\/ca\/?attachment_id=70260","alt":"","author":"50","description":"","caption":"","name":"binky-bajo-presion","status":"inherit","uploaded_to":69171,"date":"2022-10-03 11:37:47","modified":"2022-10-03 11:37:47","menu_order":0,"mime_type":"application\/pdf","type":"application","subtype":"pdf","icon":"https:\/\/www.editorialjuventud.es\/wp-includes\/images\/media\/document.png"},"ficheros":false,"titulo-fr":"","texto-fr":""},"yoast_head":"<!-- This site is optimized with the Yoast SEO plugin v27.5 - https:\/\/yoast.com\/product\/yoast-seo-wordpress\/ -->\n<title>Binky bajo presi\u00f3n - Editorial Juventud<\/title>\n<meta name=\"description\" content=\"\u00a1Binky ha vuelto! Aunque siga siendo un agente espacial, su vida se ha vuelto tan rutinaria que lucha contra los invasores extraterrestres sin levantarse\" \/>\n<meta name=\"robots\" content=\"index, follow, max-snippet:-1, max-image-preview:large, max-video-preview:-1\" \/>\n<link rel=\"canonical\" href=\"https:\/\/www.editorialjuventud.es\/binky-bajo-presion-9788426147837\/\" \/>\n<meta property=\"og:locale\" content=\"ca_ES\" \/>\n<meta property=\"og:type\" content=\"article\" \/>\n<meta property=\"og:title\" content=\"Binky bajo presi\u00f3n - Editorial Juventud\" \/>\n<meta property=\"og:description\" content=\"\u00a1Binky ha vuelto! Aunque siga siendo un agente espacial, su vida se ha vuelto tan rutinaria que lucha contra los invasores extraterrestres sin levantarse\" \/>\n<meta property=\"og:url\" content=\"https:\/\/www.editorialjuventud.es\/binky-bajo-presion-9788426147837\/\" \/>\n<meta property=\"og:site_name\" content=\"Editorial Juventud\" \/>\n<meta property=\"article:modified_time\" content=\"2025-10-29T11:31:24+00:00\" \/>\n<meta property=\"og:image\" content=\"https:\/\/www.editorialjuventud.es\/wp-content\/uploads\/9788426147837.jpg\" \/>\n\t<meta property=\"og:image:width\" content=\"927\" \/>\n\t<meta property=\"og:image:height\" content=\"1200\" \/>\n\t<meta property=\"og:image:type\" content=\"image\/jpeg\" \/>\n<meta name=\"twitter:card\" content=\"summary_large_image\" \/>\n<meta name=\"twitter:label1\" content=\"Temps estimat de lectura\" \/>\n\t<meta name=\"twitter:data1\" content=\"2 minuts\" \/>\n<script type=\"application\/ld+json\" class=\"yoast-schema-graph\">{\"@context\":\"https:\\\/\\\/schema.org\",\"@graph\":[{\"@type\":\"WebPage\",\"@id\":\"https:\\\/\\\/www.editorialjuventud.es\\\/binky-bajo-presion-9788426147837\\\/\",\"url\":\"https:\\\/\\\/www.editorialjuventud.es\\\/binky-bajo-presion-9788426147837\\\/\",\"name\":\"Binky bajo presi\u00f3n - Editorial Juventud\",\"isPartOf\":{\"@id\":\"https:\\\/\\\/www.editorialjuventud.es\\\/#website\"},\"primaryImageOfPage\":{\"@id\":\"https:\\\/\\\/www.editorialjuventud.es\\\/binky-bajo-presion-9788426147837\\\/#primaryimage\"},\"image\":{\"@id\":\"https:\\\/\\\/www.editorialjuventud.es\\\/binky-bajo-presion-9788426147837\\\/#primaryimage\"},\"thumbnailUrl\":\"https:\\\/\\\/www.editorialjuventud.es\\\/wp-content\\\/uploads\\\/9788426147837.jpg\",\"datePublished\":\"2022-08-30T10:42:34+00:00\",\"dateModified\":\"2025-10-29T11:31:24+00:00\",\"description\":\"\u00a1Binky ha vuelto! Aunque siga siendo un agente espacial, su vida se ha vuelto tan rutinaria que lucha contra los invasores extraterrestres sin levantarse\",\"breadcrumb\":{\"@id\":\"https:\\\/\\\/www.editorialjuventud.es\\\/binky-bajo-presion-9788426147837\\\/#breadcrumb\"},\"inLanguage\":\"ca\",\"potentialAction\":[{\"@type\":\"ReadAction\",\"target\":[\"https:\\\/\\\/www.editorialjuventud.es\\\/binky-bajo-presion-9788426147837\\\/\"]}]},{\"@type\":\"ImageObject\",\"inLanguage\":\"ca\",\"@id\":\"https:\\\/\\\/www.editorialjuventud.es\\\/binky-bajo-presion-9788426147837\\\/#primaryimage\",\"url\":\"https:\\\/\\\/www.editorialjuventud.es\\\/wp-content\\\/uploads\\\/9788426147837.jpg\",\"contentUrl\":\"https:\\\/\\\/www.editorialjuventud.es\\\/wp-content\\\/uploads\\\/9788426147837.jpg\",\"width\":927,\"height\":1200,\"caption\":\"9788426147837.jpg\"},{\"@type\":\"BreadcrumbList\",\"@id\":\"https:\\\/\\\/www.editorialjuventud.es\\\/binky-bajo-presion-9788426147837\\\/#breadcrumb\",\"itemListElement\":[{\"@type\":\"ListItem\",\"position\":1,\"name\":\"Portada\",\"item\":\"https:\\\/\\\/www.editorialjuventud.es\\\/\"},{\"@type\":\"ListItem\",\"position\":2,\"name\":\"cat\u00e1logo\",\"item\":\"https:\\\/\\\/www.editorialjuventud.es\\\/coleccion\\\/catalogo\\\/\"},{\"@type\":\"ListItem\",\"position\":3,\"name\":\"castellano\",\"item\":\"https:\\\/\\\/www.editorialjuventud.es\\\/coleccion\\\/castellano\\\/\"},{\"@type\":\"ListItem\",\"position\":4,\"name\":\"Juventud C\u00f3mic\",\"item\":\"https:\\\/\\\/www.editorialjuventud.es\\\/coleccion\\\/juventud-comic\\\/\"},{\"@type\":\"ListItem\",\"position\":5,\"name\":\"Las aventuras de Binky\",\"item\":\"https:\\\/\\\/www.editorialjuventud.es\\\/coleccion\\\/las-aventuras-de-binky\\\/\"},{\"@type\":\"ListItem\",\"position\":6,\"name\":\"Binky bajo presi\u00f3n\"}]},{\"@type\":\"WebSite\",\"@id\":\"https:\\\/\\\/www.editorialjuventud.es\\\/#website\",\"url\":\"https:\\\/\\\/www.editorialjuventud.es\\\/\",\"name\":\"Editorial Juventud\",\"description\":\"\",\"potentialAction\":[{\"@type\":\"SearchAction\",\"target\":{\"@type\":\"EntryPoint\",\"urlTemplate\":\"https:\\\/\\\/www.editorialjuventud.es\\\/?s={search_term_string}\"},\"query-input\":{\"@type\":\"PropertyValueSpecification\",\"valueRequired\":true,\"valueName\":\"search_term_string\"}}],\"inLanguage\":\"ca\"}]}<\/script>\n<!-- \/ Yoast SEO plugin. -->","yoast_head_json":{"title":"Binky bajo presi\u00f3n - Editorial Juventud","description":"\u00a1Binky ha vuelto! Aunque siga siendo un agente espacial, su vida se ha vuelto tan rutinaria que lucha contra los invasores extraterrestres sin levantarse","robots":{"index":"index","follow":"follow","max-snippet":"max-snippet:-1","max-image-preview":"max-image-preview:large","max-video-preview":"max-video-preview:-1"},"canonical":"https:\/\/www.editorialjuventud.es\/binky-bajo-presion-9788426147837\/","og_locale":"ca_ES","og_type":"article","og_title":"Binky bajo presi\u00f3n - Editorial Juventud","og_description":"\u00a1Binky ha vuelto! Aunque siga siendo un agente espacial, su vida se ha vuelto tan rutinaria que lucha contra los invasores extraterrestres sin levantarse","og_url":"https:\/\/www.editorialjuventud.es\/binky-bajo-presion-9788426147837\/","og_site_name":"Editorial Juventud","article_modified_time":"2025-10-29T11:31:24+00:00","og_image":[{"width":927,"height":1200,"url":"https:\/\/www.editorialjuventud.es\/wp-content\/uploads\/9788426147837.jpg","type":"image\/jpeg"}],"twitter_card":"summary_large_image","twitter_misc":{"Temps estimat de lectura":"2 minuts"},"schema":{"@context":"https:\/\/schema.org","@graph":[{"@type":"WebPage","@id":"https:\/\/www.editorialjuventud.es\/binky-bajo-presion-9788426147837\/","url":"https:\/\/www.editorialjuventud.es\/binky-bajo-presion-9788426147837\/","name":"Binky bajo presi\u00f3n - Editorial Juventud","isPartOf":{"@id":"https:\/\/www.editorialjuventud.es\/#website"},"primaryImageOfPage":{"@id":"https:\/\/www.editorialjuventud.es\/binky-bajo-presion-9788426147837\/#primaryimage"},"image":{"@id":"https:\/\/www.editorialjuventud.es\/binky-bajo-presion-9788426147837\/#primaryimage"},"thumbnailUrl":"https:\/\/www.editorialjuventud.es\/wp-content\/uploads\/9788426147837.jpg","datePublished":"2022-08-30T10:42:34+00:00","dateModified":"2025-10-29T11:31:24+00:00","description":"\u00a1Binky ha vuelto! Aunque siga siendo un agente espacial, su vida se ha vuelto tan rutinaria que lucha contra los invasores extraterrestres sin levantarse","breadcrumb":{"@id":"https:\/\/www.editorialjuventud.es\/binky-bajo-presion-9788426147837\/#breadcrumb"},"inLanguage":"ca","potentialAction":[{"@type":"ReadAction","target":["https:\/\/www.editorialjuventud.es\/binky-bajo-presion-9788426147837\/"]}]},{"@type":"ImageObject","inLanguage":"ca","@id":"https:\/\/www.editorialjuventud.es\/binky-bajo-presion-9788426147837\/#primaryimage","url":"https:\/\/www.editorialjuventud.es\/wp-content\/uploads\/9788426147837.jpg","contentUrl":"https:\/\/www.editorialjuventud.es\/wp-content\/uploads\/9788426147837.jpg","width":927,"height":1200,"caption":"9788426147837.jpg"},{"@type":"BreadcrumbList","@id":"https:\/\/www.editorialjuventud.es\/binky-bajo-presion-9788426147837\/#breadcrumb","itemListElement":[{"@type":"ListItem","position":1,"name":"Portada","item":"https:\/\/www.editorialjuventud.es\/"},{"@type":"ListItem","position":2,"name":"cat\u00e1logo","item":"https:\/\/www.editorialjuventud.es\/coleccion\/catalogo\/"},{"@type":"ListItem","position":3,"name":"castellano","item":"https:\/\/www.editorialjuventud.es\/coleccion\/castellano\/"},{"@type":"ListItem","position":4,"name":"Juventud C\u00f3mic","item":"https:\/\/www.editorialjuventud.es\/coleccion\/juventud-comic\/"},{"@type":"ListItem","position":5,"name":"Las aventuras de Binky","item":"https:\/\/www.editorialjuventud.es\/coleccion\/las-aventuras-de-binky\/"},{"@type":"ListItem","position":6,"name":"Binky bajo presi\u00f3n"}]},{"@type":"WebSite","@id":"https:\/\/www.editorialjuventud.es\/#website","url":"https:\/\/www.editorialjuventud.es\/","name":"Editorial Juventud","description":"","potentialAction":[{"@type":"SearchAction","target":{"@type":"EntryPoint","urlTemplate":"https:\/\/www.editorialjuventud.es\/?s={search_term_string}"},"query-input":{"@type":"PropertyValueSpecification","valueRequired":true,"valueName":"search_term_string"}}],"inLanguage":"ca"}]}},"_links":{"self":[{"href":"https:\/\/www.editorialjuventud.es\/ca\/wp-json\/wp\/v2\/product\/69171","targetHints":{"allow":["GET"]}}],"collection":[{"href":"https:\/\/www.editorialjuventud.es\/ca\/wp-json\/wp\/v2\/product"}],"about":[{"href":"https:\/\/www.editorialjuventud.es\/ca\/wp-json\/wp\/v2\/types\/product"}],"wp:featuredmedia":[{"embeddable":true,"href":"https:\/\/www.editorialjuventud.es\/ca\/wp-json\/wp\/v2\/media\/69205"}],"wp:attachment":[{"href":"https:\/\/www.editorialjuventud.es\/ca\/wp-json\/wp\/v2\/media?parent=69171"}],"wp:term":[{"taxonomy":"product_brand","embeddable":true,"href":"https:\/\/www.editorialjuventud.es\/ca\/wp-json\/wp\/v2\/product_brand?post=69171"},{"taxonomy":"product_cat","embeddable":true,"href":"https:\/\/www.editorialjuventud.es\/ca\/wp-json\/wp\/v2\/product_cat?post=69171"},{"taxonomy":"product_tag","embeddable":true,"href":"https:\/\/www.editorialjuventud.es\/ca\/wp-json\/wp\/v2\/product_tag?post=69171"},{"taxonomy":"coleccion","embeddable":true,"href":"https:\/\/www.editorialjuventud.es\/ca\/wp-json\/wp\/v2\/coleccion?post=69171"}],"curies":[{"name":"wp","href":"https:\/\/api.w.org\/{rel}","templated":true}]}}