{"id":67799,"date":"2022-07-13T10:03:32","date_gmt":"2022-07-13T08:03:32","guid":{"rendered":"https:\/\/www.editorialjuventud.es\/els-iris-9788426147820\/"},"modified":"2025-03-19T13:44:58","modified_gmt":"2025-03-19T12:44:58","slug":"els-iris-9788426147820","status":"publish","type":"product","link":"https:\/\/www.editorialjuventud.es\/ca\/els-iris-9788426147820\/","title":{"rendered":"Els Iris"},"content":{"rendered":"<p>Els iris s\u00f3n uns petits animals nocturns que habiten generalment en comunitat als afores dels pobles d&#8217;alta muntanya. El seu cos \u00e9s allargat, cobert d&#8217;un pelatge dens i suau que ofereix distintes tonalitats segons l&#8217;edat. Per\u00f2&#8230; qu\u00e8 s\u00f3n realment els iris? Un text po\u00e8tic i evocador que ens anir\u00e0 posant llum sobre qu\u00e8 s\u00f3n els iris, amb les poderoses il\u00b7lustracions de Zuzanna Celej.<\/p>\n<p>A partir d&#8217;aquest text in\u00e8dit de Ramon Besora, Miquel Obiols va escriure set hist\u00f2ries que van ser il\u00b7lustrades per Carme Sol\u00e9. Aquest projecte va rebre el premi Critici in Erba a la Fira de Bolonya l&#8217;any 1992.<\/p>\n","protected":false},"excerpt":{"rendered":"Els iris s\u00f3n uns petits animals nocturns que habiten generalment en comunitat als afores dels pobles d&#8217;alta muntanya. El seu cos \u00e9s allargat, cobert d&#8217;un pelatge dens i suau que ofereix distintes tonalitats segons l&#8217;edat. Per\u00f2&#8230; qu\u00e8 s\u00f3n realment els [&hellip;]","protected":false},"featured_media":67869,"template":"","meta":{"_acf_changed":false,"_exactmetrics_skip_tracking":false,"_exactmetrics_sitenote_active":false,"_exactmetrics_sitenote_note":"","_exactmetrics_sitenote_category":0},"product_brand":[],"product_cat":[900,1121,1136,1138,892,1115,1292,1196,1201,893,1128],"product_tag":[],"coleccion":[917,915,953],"class_list":{"0":"post-67799","1":"product","2":"type-product","3":"status-publish","4":"has-post-thumbnail","6":"product_cat-a-partir-de-5-anos","7":"product_cat-albumes-ilustrados","8":"product_cat-amistad","9":"product_cat-animales","10":"product_cat-edades","11":"product_cat-generos","12":"product_cat-magia","13":"product_cat-miedo-valentia","14":"product_cat-naturaleza-biodiversidad","15":"product_cat-novedades","16":"product_cat-tematica","17":"coleccion-albums-illustrats","18":"coleccion-catala","19":"coleccion-larca-dels-contes","21":"first","22":"instock","23":"taxable","24":"shipping-taxable","25":"purchasable","26":"product-type-simple"},"acf":{"indice":"","autor":"Besora , Ramon ","codart":"4782","ediciones":"1","encuadernacion":"Carton\u00e9","fecha_de_publicacion":"01\/07\/2022","fecha_de_reimpresion":"","novedad":"0","paginas":"32","subtitulo":"","texto_web_adicional":"","autores-libros":[67791],"ilustradores-libros":[17459],"texto_web_novedad":"","orden":"999","portada":"0","texto_web_resaltado":"","traductores-libros":"","descripcion_corta":"","recomendamos":"","mas_vendido":"","idioma-libro":"","color":false,"formato":"","mas_informacion_del_producto":false,"premios":[{"premio":"White Ravens","anyo_del_premio":"2023","pais_del_premio":"Alemanya"},{"premio":"Seleccionat per l'IBBYcat com un dels millors llibres d'autoria catalana","anyo_del_premio":"2022","pais_del_premio":"Espanya"}],"deshabilitar_compra":[],"texto_enlace_cubierta":"","enlace_cubierta":{"ID":68001,"id":68001,"title":"cover (2 idiomas)_LOS IRIS.indd","filename":"cover-ELS-IRIS-1-scaled.jpg","filesize":817477,"url":"https:\/\/www.editorialjuventud.es\/wp-content\/uploads\/cover-ELS-IRIS-1-scaled.jpg","link":"https:\/\/www.editorialjuventud.es\/ca\/?attachment_id=68001","alt":"","author":"50","description":"","caption":"","name":"cover-2-idiomas_los-iris-indd-6","status":"inherit","uploaded_to":67799,"date":"2022-07-18 21:46:18","modified":"2022-07-18 21:46:18","menu_order":0,"mime_type":"image\/jpeg","type":"image","subtype":"jpeg","icon":"https:\/\/www.editorialjuventud.es\/wp-includes\/images\/media\/default.png","width":2423,"height":2560,"sizes":{"thumbnail":"https:\/\/www.editorialjuventud.es\/wp-content\/uploads\/cover-ELS-IRIS-1-200x200.jpg","thumbnail-width":200,"thumbnail-height":200,"medium":"https:\/\/www.editorialjuventud.es\/wp-content\/uploads\/cover-ELS-IRIS-1-scaled.jpg","medium-width":2423,"medium-height":2560,"medium_large":"https:\/\/www.editorialjuventud.es\/wp-content\/uploads\/cover-ELS-IRIS-1-768x811.jpg","medium_large-width":768,"medium_large-height":811,"large":"https:\/\/www.editorialjuventud.es\/wp-content\/uploads\/cover-ELS-IRIS-1-scaled.jpg","large-width":2423,"large-height":2560,"1536x1536":"https:\/\/www.editorialjuventud.es\/wp-content\/uploads\/cover-ELS-IRIS-1-1454x1536.jpg","1536x1536-width":1454,"1536x1536-height":1536,"2048x2048":"https:\/\/www.editorialjuventud.es\/wp-content\/uploads\/cover-ELS-IRIS-1-1938x2048.jpg","2048x2048-width":1938,"2048x2048-height":2048,"woocommerce_thumbnail":"https:\/\/www.editorialjuventud.es\/wp-content\/uploads\/cover-ELS-IRIS-1-350x370.jpg","woocommerce_thumbnail-width":350,"woocommerce_thumbnail-height":370,"woocommerce_single":"https:\/\/www.editorialjuventud.es\/wp-content\/uploads\/cover-ELS-IRIS-1-900x951.jpg","woocommerce_single-width":900,"woocommerce_single-height":951,"woocommerce_gallery_thumbnail":"https:\/\/www.editorialjuventud.es\/wp-content\/uploads\/cover-ELS-IRIS-1-100x100.jpg","woocommerce_gallery_thumbnail-width":100,"woocommerce_gallery_thumbnail-height":100,"ppec_logo_image_size":"https:\/\/www.editorialjuventud.es\/wp-content\/uploads\/cover-ELS-IRIS-1-57x60.jpg","ppec_logo_image_size-width":57,"ppec_logo_image_size-height":60,"ppec_header_image_size":"https:\/\/www.editorialjuventud.es\/wp-content\/uploads\/cover-ELS-IRIS-1-85x90.jpg","ppec_header_image_size-width":85,"ppec_header_image_size-height":90}},"texto_enlace_ficha_tecnica":"","enlace_ficha_tecnica":{"ID":67999,"id":67999,"title":"Els Iris","filename":"Els-Iris.pdf","filesize":222954,"url":"https:\/\/www.editorialjuventud.es\/wp-content\/uploads\/Els-Iris.pdf","link":"https:\/\/www.editorialjuventud.es\/ca\/?attachment_id=67999","alt":"","author":"50","description":"","caption":"","name":"els-iris","status":"inherit","uploaded_to":67799,"date":"2022-07-18 21:45:38","modified":"2022-07-18 21:45:38","menu_order":0,"mime_type":"application\/pdf","type":"application","subtype":"pdf","icon":"https:\/\/www.editorialjuventud.es\/wp-includes\/images\/media\/document.png"},"ficheros":[{"acf_fc_layout":"fichero","texto_de_enlace_a_fichero":"Guia did\u00e0ctica","path_fichero":{"ID":67997,"id":67997,"title":"Guia did\u00e0ctica ELS IRIS OPTIMITZAT","filename":"Guia-didactica-ELS-IRIS-OPTIMITZAT.pdf","filesize":2435926,"url":"https:\/\/www.editorialjuventud.es\/wp-content\/uploads\/Guia-didactica-ELS-IRIS-OPTIMITZAT.pdf","link":"https:\/\/www.editorialjuventud.es\/ca\/?attachment_id=67997","alt":"","author":"50","description":"","caption":"","name":"guia-didactica-els-iris-optimitzat","status":"inherit","uploaded_to":67799,"date":"2022-07-18 21:44:04","modified":"2022-07-18 21:44:04","menu_order":0,"mime_type":"application\/pdf","type":"application","subtype":"pdf","icon":"https:\/\/www.editorialjuventud.es\/wp-includes\/images\/media\/document.png"}}],"titulo-fr":"","texto-fr":""},"yoast_head":"<!-- This site is optimized with the Yoast SEO plugin v27.3 - https:\/\/yoast.com\/product\/yoast-seo-wordpress\/ -->\n<title>Els Iris - Editorial Juventud<\/title>\n<meta name=\"description\" content=\"Els iris s\u00f3n uns petits animals nocturns que habiten generalment en comunitat als afores dels pobles d&#039;alta muntanya. El seu cos \u00e9s allargat, cobert d&#039;un\" \/>\n<meta name=\"robots\" content=\"index, follow, max-snippet:-1, max-image-preview:large, max-video-preview:-1\" \/>\n<link rel=\"canonical\" href=\"https:\/\/www.editorialjuventud.es\/els-iris-9788426147820\/\" \/>\n<meta property=\"og:locale\" content=\"ca_ES\" \/>\n<meta property=\"og:type\" content=\"article\" \/>\n<meta property=\"og:title\" content=\"Els Iris - Editorial Juventud\" \/>\n<meta property=\"og:description\" content=\"Els iris s\u00f3n uns petits animals nocturns que habiten generalment en comunitat als afores dels pobles d&#039;alta muntanya. El seu cos \u00e9s allargat, cobert d&#039;un\" \/>\n<meta property=\"og:url\" content=\"https:\/\/www.editorialjuventud.es\/els-iris-9788426147820\/\" \/>\n<meta property=\"og:site_name\" content=\"Editorial Juventud\" \/>\n<meta property=\"article:modified_time\" content=\"2025-03-19T12:44:58+00:00\" \/>\n<meta property=\"og:image\" content=\"https:\/\/www.editorialjuventud.es\/wp-content\/uploads\/9788426147820-1.jpg\" \/>\n\t<meta property=\"og:image:width\" content=\"800\" \/>\n\t<meta property=\"og:image:height\" content=\"845\" \/>\n\t<meta property=\"og:image:type\" content=\"image\/jpeg\" \/>\n<meta name=\"twitter:card\" content=\"summary_large_image\" \/>\n<meta name=\"twitter:label1\" content=\"Temps estimat de lectura\" \/>\n\t<meta name=\"twitter:data1\" content=\"1 minut\" \/>\n<script type=\"application\/ld+json\" class=\"yoast-schema-graph\">{\"@context\":\"https:\\\/\\\/schema.org\",\"@graph\":[{\"@type\":\"WebPage\",\"@id\":\"https:\\\/\\\/www.editorialjuventud.es\\\/els-iris-9788426147820\\\/\",\"url\":\"https:\\\/\\\/www.editorialjuventud.es\\\/els-iris-9788426147820\\\/\",\"name\":\"Els Iris - Editorial Juventud\",\"isPartOf\":{\"@id\":\"https:\\\/\\\/www.editorialjuventud.es\\\/#website\"},\"primaryImageOfPage\":{\"@id\":\"https:\\\/\\\/www.editorialjuventud.es\\\/els-iris-9788426147820\\\/#primaryimage\"},\"image\":{\"@id\":\"https:\\\/\\\/www.editorialjuventud.es\\\/els-iris-9788426147820\\\/#primaryimage\"},\"thumbnailUrl\":\"https:\\\/\\\/www.editorialjuventud.es\\\/wp-content\\\/uploads\\\/9788426147820-1.jpg\",\"datePublished\":\"2022-07-13T08:03:32+00:00\",\"dateModified\":\"2025-03-19T12:44:58+00:00\",\"description\":\"Els iris s\u00f3n uns petits animals nocturns que habiten generalment en comunitat als afores dels pobles d'alta muntanya. El seu cos \u00e9s allargat, cobert d'un\",\"breadcrumb\":{\"@id\":\"https:\\\/\\\/www.editorialjuventud.es\\\/els-iris-9788426147820\\\/#breadcrumb\"},\"inLanguage\":\"ca\",\"potentialAction\":[{\"@type\":\"ReadAction\",\"target\":[\"https:\\\/\\\/www.editorialjuventud.es\\\/els-iris-9788426147820\\\/\"]}]},{\"@type\":\"ImageObject\",\"inLanguage\":\"ca\",\"@id\":\"https:\\\/\\\/www.editorialjuventud.es\\\/els-iris-9788426147820\\\/#primaryimage\",\"url\":\"https:\\\/\\\/www.editorialjuventud.es\\\/wp-content\\\/uploads\\\/9788426147820-1.jpg\",\"contentUrl\":\"https:\\\/\\\/www.editorialjuventud.es\\\/wp-content\\\/uploads\\\/9788426147820-1.jpg\",\"width\":800,\"height\":845,\"caption\":\"9788426147820.jpg\"},{\"@type\":\"BreadcrumbList\",\"@id\":\"https:\\\/\\\/www.editorialjuventud.es\\\/els-iris-9788426147820\\\/#breadcrumb\",\"itemListElement\":[{\"@type\":\"ListItem\",\"position\":1,\"name\":\"Portada\",\"item\":\"https:\\\/\\\/www.editorialjuventud.es\\\/\"},{\"@type\":\"ListItem\",\"position\":2,\"name\":\"cat\u00e1logo\",\"item\":\"https:\\\/\\\/www.editorialjuventud.es\\\/coleccion\\\/catalogo\\\/\"},{\"@type\":\"ListItem\",\"position\":3,\"name\":\"catal\u00e0\",\"item\":\"https:\\\/\\\/www.editorialjuventud.es\\\/coleccion\\\/catala\\\/\"},{\"@type\":\"ListItem\",\"position\":4,\"name\":\"\u00c0lbums Il\u00b7lustrats\",\"item\":\"https:\\\/\\\/www.editorialjuventud.es\\\/coleccion\\\/albums-il%c2%b7lustrats\\\/\"},{\"@type\":\"ListItem\",\"position\":5,\"name\":\"L'Arca dels Contes\",\"item\":\"https:\\\/\\\/www.editorialjuventud.es\\\/coleccion\\\/larca-dels-contes\\\/\"},{\"@type\":\"ListItem\",\"position\":6,\"name\":\"Els Iris\"}]},{\"@type\":\"WebSite\",\"@id\":\"https:\\\/\\\/www.editorialjuventud.es\\\/#website\",\"url\":\"https:\\\/\\\/www.editorialjuventud.es\\\/\",\"name\":\"Editorial Juventud\",\"description\":\"\",\"potentialAction\":[{\"@type\":\"SearchAction\",\"target\":{\"@type\":\"EntryPoint\",\"urlTemplate\":\"https:\\\/\\\/www.editorialjuventud.es\\\/?s={search_term_string}\"},\"query-input\":{\"@type\":\"PropertyValueSpecification\",\"valueRequired\":true,\"valueName\":\"search_term_string\"}}],\"inLanguage\":\"ca\"}]}<\/script>\n<!-- \/ Yoast SEO plugin. -->","yoast_head_json":{"title":"Els Iris - Editorial Juventud","description":"Els iris s\u00f3n uns petits animals nocturns que habiten generalment en comunitat als afores dels pobles d'alta muntanya. El seu cos \u00e9s allargat, cobert d'un","robots":{"index":"index","follow":"follow","max-snippet":"max-snippet:-1","max-image-preview":"max-image-preview:large","max-video-preview":"max-video-preview:-1"},"canonical":"https:\/\/www.editorialjuventud.es\/els-iris-9788426147820\/","og_locale":"ca_ES","og_type":"article","og_title":"Els Iris - Editorial Juventud","og_description":"Els iris s\u00f3n uns petits animals nocturns que habiten generalment en comunitat als afores dels pobles d'alta muntanya. El seu cos \u00e9s allargat, cobert d'un","og_url":"https:\/\/www.editorialjuventud.es\/els-iris-9788426147820\/","og_site_name":"Editorial Juventud","article_modified_time":"2025-03-19T12:44:58+00:00","og_image":[{"width":800,"height":845,"url":"https:\/\/www.editorialjuventud.es\/wp-content\/uploads\/9788426147820-1.jpg","type":"image\/jpeg"}],"twitter_card":"summary_large_image","twitter_misc":{"Temps estimat de lectura":"1 minut"},"schema":{"@context":"https:\/\/schema.org","@graph":[{"@type":"WebPage","@id":"https:\/\/www.editorialjuventud.es\/els-iris-9788426147820\/","url":"https:\/\/www.editorialjuventud.es\/els-iris-9788426147820\/","name":"Els Iris - Editorial Juventud","isPartOf":{"@id":"https:\/\/www.editorialjuventud.es\/#website"},"primaryImageOfPage":{"@id":"https:\/\/www.editorialjuventud.es\/els-iris-9788426147820\/#primaryimage"},"image":{"@id":"https:\/\/www.editorialjuventud.es\/els-iris-9788426147820\/#primaryimage"},"thumbnailUrl":"https:\/\/www.editorialjuventud.es\/wp-content\/uploads\/9788426147820-1.jpg","datePublished":"2022-07-13T08:03:32+00:00","dateModified":"2025-03-19T12:44:58+00:00","description":"Els iris s\u00f3n uns petits animals nocturns que habiten generalment en comunitat als afores dels pobles d'alta muntanya. El seu cos \u00e9s allargat, cobert d'un","breadcrumb":{"@id":"https:\/\/www.editorialjuventud.es\/els-iris-9788426147820\/#breadcrumb"},"inLanguage":"ca","potentialAction":[{"@type":"ReadAction","target":["https:\/\/www.editorialjuventud.es\/els-iris-9788426147820\/"]}]},{"@type":"ImageObject","inLanguage":"ca","@id":"https:\/\/www.editorialjuventud.es\/els-iris-9788426147820\/#primaryimage","url":"https:\/\/www.editorialjuventud.es\/wp-content\/uploads\/9788426147820-1.jpg","contentUrl":"https:\/\/www.editorialjuventud.es\/wp-content\/uploads\/9788426147820-1.jpg","width":800,"height":845,"caption":"9788426147820.jpg"},{"@type":"BreadcrumbList","@id":"https:\/\/www.editorialjuventud.es\/els-iris-9788426147820\/#breadcrumb","itemListElement":[{"@type":"ListItem","position":1,"name":"Portada","item":"https:\/\/www.editorialjuventud.es\/"},{"@type":"ListItem","position":2,"name":"cat\u00e1logo","item":"https:\/\/www.editorialjuventud.es\/coleccion\/catalogo\/"},{"@type":"ListItem","position":3,"name":"catal\u00e0","item":"https:\/\/www.editorialjuventud.es\/coleccion\/catala\/"},{"@type":"ListItem","position":4,"name":"\u00c0lbums Il\u00b7lustrats","item":"https:\/\/www.editorialjuventud.es\/coleccion\/albums-il%c2%b7lustrats\/"},{"@type":"ListItem","position":5,"name":"L'Arca dels Contes","item":"https:\/\/www.editorialjuventud.es\/coleccion\/larca-dels-contes\/"},{"@type":"ListItem","position":6,"name":"Els Iris"}]},{"@type":"WebSite","@id":"https:\/\/www.editorialjuventud.es\/#website","url":"https:\/\/www.editorialjuventud.es\/","name":"Editorial Juventud","description":"","potentialAction":[{"@type":"SearchAction","target":{"@type":"EntryPoint","urlTemplate":"https:\/\/www.editorialjuventud.es\/?s={search_term_string}"},"query-input":{"@type":"PropertyValueSpecification","valueRequired":true,"valueName":"search_term_string"}}],"inLanguage":"ca"}]}},"_links":{"self":[{"href":"https:\/\/www.editorialjuventud.es\/ca\/wp-json\/wp\/v2\/product\/67799","targetHints":{"allow":["GET"]}}],"collection":[{"href":"https:\/\/www.editorialjuventud.es\/ca\/wp-json\/wp\/v2\/product"}],"about":[{"href":"https:\/\/www.editorialjuventud.es\/ca\/wp-json\/wp\/v2\/types\/product"}],"wp:featuredmedia":[{"embeddable":true,"href":"https:\/\/www.editorialjuventud.es\/ca\/wp-json\/wp\/v2\/media\/67869"}],"wp:attachment":[{"href":"https:\/\/www.editorialjuventud.es\/ca\/wp-json\/wp\/v2\/media?parent=67799"}],"wp:term":[{"taxonomy":"product_brand","embeddable":true,"href":"https:\/\/www.editorialjuventud.es\/ca\/wp-json\/wp\/v2\/product_brand?post=67799"},{"taxonomy":"product_cat","embeddable":true,"href":"https:\/\/www.editorialjuventud.es\/ca\/wp-json\/wp\/v2\/product_cat?post=67799"},{"taxonomy":"product_tag","embeddable":true,"href":"https:\/\/www.editorialjuventud.es\/ca\/wp-json\/wp\/v2\/product_tag?post=67799"},{"taxonomy":"coleccion","embeddable":true,"href":"https:\/\/www.editorialjuventud.es\/ca\/wp-json\/wp\/v2\/coleccion?post=67799"}],"curies":[{"name":"wp","href":"https:\/\/api.w.org\/{rel}","templated":true}]}}