{"id":67796,"date":"2022-07-13T10:03:07","date_gmt":"2022-07-13T08:03:07","guid":{"rendered":"https:\/\/www.editorialjuventud.es\/los-iris-9788426147813\/"},"modified":"2025-01-22T12:42:10","modified_gmt":"2025-01-22T11:42:10","slug":"los-iris-9788426147813","status":"publish","type":"product","link":"https:\/\/www.editorialjuventud.es\/ca\/los-iris-9788426147813\/","title":{"rendered":"Los iris"},"content":{"rendered":"<p>Los iris son unos peque\u00f1os animales nocturnos que habitan generalmente en comunidad en las afueras de los pueblos de alta monta\u00f1a. Su cuerpo es alargado, cubierto de un pelaje denso y suave que ofrece distintas tonalidades seg\u00fan su edad. Pero \u00bfqu\u00e9 son realmente los iris?<\/p>\n<p>Un texto po\u00e9tico y evocador que nos ir\u00e1 descubriendo qui\u00e9nes son estas misteriosas criaturas, con las poderosas ilustraciones de la galardonada Zuzanna Celej. <\/p>\n","protected":false},"excerpt":{"rendered":"Los iris son unos peque\u00f1os animales nocturnos que habitan generalmente en comunidad en las afueras de los pueblos de alta monta\u00f1a. Su cuerpo es alargado, cubierto de un pelaje denso y suave que ofrece distintas tonalidades seg\u00fan su edad. Pero [&hellip;]","protected":false},"featured_media":67797,"template":"","meta":{"_acf_changed":false,"_exactmetrics_skip_tracking":false,"_exactmetrics_sitenote_active":false,"_exactmetrics_sitenote_note":"","_exactmetrics_sitenote_category":0},"product_brand":[],"product_cat":[900,1121,1136,1138,892,1115,1292,1196,1201,893,1128],"product_tag":[],"coleccion":[928,916,992],"class_list":{"0":"post-67796","1":"product","2":"type-product","3":"status-publish","4":"has-post-thumbnail","6":"product_cat-a-partir-de-5-anos","7":"product_cat-albumes-ilustrados","8":"product_cat-amistad","9":"product_cat-animales","10":"product_cat-edades","11":"product_cat-generos","12":"product_cat-magia","13":"product_cat-miedo-valentia","14":"product_cat-naturaleza-biodiversidad","15":"product_cat-novedades","16":"product_cat-tematica","17":"coleccion-albumes-ilustrados","18":"coleccion-castellano","19":"coleccion-el-arca-de-los-cuentos","21":"first","22":"instock","23":"taxable","24":"shipping-taxable","25":"purchasable","26":"product-type-simple"},"acf":{"indice":"","autor":"Besora , Ramon ","codart":"4781","ediciones":"1","encuadernacion":"Carton\u00e9","fecha_de_publicacion":"01\/07\/2022","fecha_de_reimpresion":"","novedad":"0","paginas":"32","subtitulo":"","texto_web_adicional":"","autores-libros":[67791],"ilustradores-libros":[17459],"texto_web_novedad":"","orden":"999","portada":"0","texto_web_resaltado":"","traductores-libros":"","descripcion_corta":"","recomendamos":"","mas_vendido":"","idioma-libro":"","color":false,"formato":"","mas_informacion_del_producto":false,"premios":[{"premio":"White Ravens","anyo_del_premio":"2023","pais_del_premio":"Alemania"}],"deshabilitar_compra":[],"texto_enlace_cubierta":"","enlace_cubierta":{"ID":68008,"id":68008,"title":"cover (2 idiomas)_LOS IRIS.indd","filename":"cover-LOS-IRIS-scaled.jpg","filesize":819132,"url":"https:\/\/www.editorialjuventud.es\/wp-content\/uploads\/cover-LOS-IRIS-scaled.jpg","link":"https:\/\/www.editorialjuventud.es\/ca\/?attachment_id=68008","alt":"","author":"50","description":"","caption":"","name":"cover-2-idiomas_los-iris-indd-7","status":"inherit","uploaded_to":67796,"date":"2022-07-18 21:52:47","modified":"2022-07-18 21:52:47","menu_order":0,"mime_type":"image\/jpeg","type":"image","subtype":"jpeg","icon":"https:\/\/www.editorialjuventud.es\/wp-includes\/images\/media\/default.png","width":2425,"height":2560,"sizes":{"thumbnail":"https:\/\/www.editorialjuventud.es\/wp-content\/uploads\/cover-LOS-IRIS-200x200.jpg","thumbnail-width":200,"thumbnail-height":200,"medium":"https:\/\/www.editorialjuventud.es\/wp-content\/uploads\/cover-LOS-IRIS-scaled.jpg","medium-width":2425,"medium-height":2560,"medium_large":"https:\/\/www.editorialjuventud.es\/wp-content\/uploads\/cover-LOS-IRIS-768x811.jpg","medium_large-width":768,"medium_large-height":811,"large":"https:\/\/www.editorialjuventud.es\/wp-content\/uploads\/cover-LOS-IRIS-scaled.jpg","large-width":2425,"large-height":2560,"1536x1536":"https:\/\/www.editorialjuventud.es\/wp-content\/uploads\/cover-LOS-IRIS-1455x1536.jpg","1536x1536-width":1455,"1536x1536-height":1536,"2048x2048":"https:\/\/www.editorialjuventud.es\/wp-content\/uploads\/cover-LOS-IRIS-1940x2048.jpg","2048x2048-width":1940,"2048x2048-height":2048,"woocommerce_thumbnail":"https:\/\/www.editorialjuventud.es\/wp-content\/uploads\/cover-LOS-IRIS-350x369.jpg","woocommerce_thumbnail-width":350,"woocommerce_thumbnail-height":369,"woocommerce_single":"https:\/\/www.editorialjuventud.es\/wp-content\/uploads\/cover-LOS-IRIS-900x950.jpg","woocommerce_single-width":900,"woocommerce_single-height":950,"woocommerce_gallery_thumbnail":"https:\/\/www.editorialjuventud.es\/wp-content\/uploads\/cover-LOS-IRIS-100x100.jpg","woocommerce_gallery_thumbnail-width":100,"woocommerce_gallery_thumbnail-height":100,"ppec_logo_image_size":"https:\/\/www.editorialjuventud.es\/wp-content\/uploads\/cover-LOS-IRIS-57x60.jpg","ppec_logo_image_size-width":57,"ppec_logo_image_size-height":60,"ppec_header_image_size":"https:\/\/www.editorialjuventud.es\/wp-content\/uploads\/cover-LOS-IRIS-85x90.jpg","ppec_header_image_size-width":85,"ppec_header_image_size-height":90}},"texto_enlace_ficha_tecnica":"","enlace_ficha_tecnica":{"ID":68006,"id":68006,"title":"LOS IRIS","filename":"LOS-IRIS-1.pdf","filesize":231261,"url":"https:\/\/www.editorialjuventud.es\/wp-content\/uploads\/LOS-IRIS-1.pdf","link":"https:\/\/www.editorialjuventud.es\/ca\/?attachment_id=68006","alt":"","author":"50","description":"","caption":"","name":"los-iris-2","status":"inherit","uploaded_to":67796,"date":"2022-07-18 21:52:23","modified":"2022-07-18 21:52:23","menu_order":0,"mime_type":"application\/pdf","type":"application","subtype":"pdf","icon":"https:\/\/www.editorialjuventud.es\/wp-includes\/images\/media\/document.png"},"ficheros":false,"titulo-fr":"The Iris","texto-fr":"<p>The Iris are small nocturnal animals that live in community, on the outskirts of high mountain villages. Their body is long, covered by a dense and soft fur that changes with age, but what are<br \/>\nexactly the Iris?<br \/>\nThis poetic and evocative text will show us who these mysterious creatures are. With the powerful illustrations of the awarded artist Zuzanna Celej.<\/p>\n"},"yoast_head":"<!-- This site is optimized with the Yoast SEO plugin v27.3 - https:\/\/yoast.com\/product\/yoast-seo-wordpress\/ -->\n<title>Los iris - Editorial Juventud<\/title>\n<meta name=\"description\" content=\"Los iris son unos peque\u00f1os animales nocturnos que habitan generalmente en comunidad en las afueras de los pueblos de alta monta\u00f1a. Su cuerpo es alargado,\" \/>\n<meta name=\"robots\" content=\"index, follow, max-snippet:-1, max-image-preview:large, max-video-preview:-1\" \/>\n<link rel=\"canonical\" href=\"https:\/\/www.editorialjuventud.es\/los-iris-9788426147813\/\" \/>\n<meta property=\"og:locale\" content=\"ca_ES\" \/>\n<meta property=\"og:type\" content=\"article\" \/>\n<meta property=\"og:title\" content=\"Los iris - Editorial Juventud\" \/>\n<meta property=\"og:description\" content=\"Los iris son unos peque\u00f1os animales nocturnos que habitan generalmente en comunidad en las afueras de los pueblos de alta monta\u00f1a. Su cuerpo es alargado,\" \/>\n<meta property=\"og:url\" content=\"https:\/\/www.editorialjuventud.es\/los-iris-9788426147813\/\" \/>\n<meta property=\"og:site_name\" content=\"Editorial Juventud\" \/>\n<meta property=\"article:modified_time\" content=\"2025-01-22T11:42:10+00:00\" \/>\n<meta property=\"og:image\" content=\"https:\/\/www.editorialjuventud.es\/wp-content\/uploads\/9788426147813.jpg\" \/>\n\t<meta property=\"og:image:width\" content=\"800\" \/>\n\t<meta property=\"og:image:height\" content=\"845\" \/>\n\t<meta property=\"og:image:type\" content=\"image\/jpeg\" \/>\n<meta name=\"twitter:card\" content=\"summary_large_image\" \/>\n<script type=\"application\/ld+json\" class=\"yoast-schema-graph\">{\"@context\":\"https:\\\/\\\/schema.org\",\"@graph\":[{\"@type\":\"WebPage\",\"@id\":\"https:\\\/\\\/www.editorialjuventud.es\\\/los-iris-9788426147813\\\/\",\"url\":\"https:\\\/\\\/www.editorialjuventud.es\\\/los-iris-9788426147813\\\/\",\"name\":\"Los iris - Editorial Juventud\",\"isPartOf\":{\"@id\":\"https:\\\/\\\/www.editorialjuventud.es\\\/#website\"},\"primaryImageOfPage\":{\"@id\":\"https:\\\/\\\/www.editorialjuventud.es\\\/los-iris-9788426147813\\\/#primaryimage\"},\"image\":{\"@id\":\"https:\\\/\\\/www.editorialjuventud.es\\\/los-iris-9788426147813\\\/#primaryimage\"},\"thumbnailUrl\":\"https:\\\/\\\/www.editorialjuventud.es\\\/wp-content\\\/uploads\\\/9788426147813.jpg\",\"datePublished\":\"2022-07-13T08:03:07+00:00\",\"dateModified\":\"2025-01-22T11:42:10+00:00\",\"description\":\"Los iris son unos peque\u00f1os animales nocturnos que habitan generalmente en comunidad en las afueras de los pueblos de alta monta\u00f1a. Su cuerpo es alargado,\",\"breadcrumb\":{\"@id\":\"https:\\\/\\\/www.editorialjuventud.es\\\/los-iris-9788426147813\\\/#breadcrumb\"},\"inLanguage\":\"ca\",\"potentialAction\":[{\"@type\":\"ReadAction\",\"target\":[\"https:\\\/\\\/www.editorialjuventud.es\\\/los-iris-9788426147813\\\/\"]}]},{\"@type\":\"ImageObject\",\"inLanguage\":\"ca\",\"@id\":\"https:\\\/\\\/www.editorialjuventud.es\\\/los-iris-9788426147813\\\/#primaryimage\",\"url\":\"https:\\\/\\\/www.editorialjuventud.es\\\/wp-content\\\/uploads\\\/9788426147813.jpg\",\"contentUrl\":\"https:\\\/\\\/www.editorialjuventud.es\\\/wp-content\\\/uploads\\\/9788426147813.jpg\",\"width\":800,\"height\":845,\"caption\":\"9788426147813.jpg\"},{\"@type\":\"BreadcrumbList\",\"@id\":\"https:\\\/\\\/www.editorialjuventud.es\\\/los-iris-9788426147813\\\/#breadcrumb\",\"itemListElement\":[{\"@type\":\"ListItem\",\"position\":1,\"name\":\"Portada\",\"item\":\"https:\\\/\\\/www.editorialjuventud.es\\\/\"},{\"@type\":\"ListItem\",\"position\":2,\"name\":\"cat\u00e1logo\",\"item\":\"https:\\\/\\\/www.editorialjuventud.es\\\/coleccion\\\/catalogo\\\/\"},{\"@type\":\"ListItem\",\"position\":3,\"name\":\"castellano\",\"item\":\"https:\\\/\\\/www.editorialjuventud.es\\\/coleccion\\\/castellano\\\/\"},{\"@type\":\"ListItem\",\"position\":4,\"name\":\"\u00c1lbumes Ilustrados\",\"item\":\"https:\\\/\\\/www.editorialjuventud.es\\\/coleccion\\\/albumes-ilustrados\\\/\"},{\"@type\":\"ListItem\",\"position\":5,\"name\":\"El Arca de los Cuentos\",\"item\":\"https:\\\/\\\/www.editorialjuventud.es\\\/coleccion\\\/el-arca-de-los-cuentos\\\/\"},{\"@type\":\"ListItem\",\"position\":6,\"name\":\"Los iris\"}]},{\"@type\":\"WebSite\",\"@id\":\"https:\\\/\\\/www.editorialjuventud.es\\\/#website\",\"url\":\"https:\\\/\\\/www.editorialjuventud.es\\\/\",\"name\":\"Editorial Juventud\",\"description\":\"\",\"potentialAction\":[{\"@type\":\"SearchAction\",\"target\":{\"@type\":\"EntryPoint\",\"urlTemplate\":\"https:\\\/\\\/www.editorialjuventud.es\\\/?s={search_term_string}\"},\"query-input\":{\"@type\":\"PropertyValueSpecification\",\"valueRequired\":true,\"valueName\":\"search_term_string\"}}],\"inLanguage\":\"ca\"}]}<\/script>\n<!-- \/ Yoast SEO plugin. -->","yoast_head_json":{"title":"Los iris - Editorial Juventud","description":"Los iris son unos peque\u00f1os animales nocturnos que habitan generalmente en comunidad en las afueras de los pueblos de alta monta\u00f1a. Su cuerpo es alargado,","robots":{"index":"index","follow":"follow","max-snippet":"max-snippet:-1","max-image-preview":"max-image-preview:large","max-video-preview":"max-video-preview:-1"},"canonical":"https:\/\/www.editorialjuventud.es\/los-iris-9788426147813\/","og_locale":"ca_ES","og_type":"article","og_title":"Los iris - Editorial Juventud","og_description":"Los iris son unos peque\u00f1os animales nocturnos que habitan generalmente en comunidad en las afueras de los pueblos de alta monta\u00f1a. Su cuerpo es alargado,","og_url":"https:\/\/www.editorialjuventud.es\/los-iris-9788426147813\/","og_site_name":"Editorial Juventud","article_modified_time":"2025-01-22T11:42:10+00:00","og_image":[{"width":800,"height":845,"url":"https:\/\/www.editorialjuventud.es\/wp-content\/uploads\/9788426147813.jpg","type":"image\/jpeg"}],"twitter_card":"summary_large_image","schema":{"@context":"https:\/\/schema.org","@graph":[{"@type":"WebPage","@id":"https:\/\/www.editorialjuventud.es\/los-iris-9788426147813\/","url":"https:\/\/www.editorialjuventud.es\/los-iris-9788426147813\/","name":"Los iris - Editorial Juventud","isPartOf":{"@id":"https:\/\/www.editorialjuventud.es\/#website"},"primaryImageOfPage":{"@id":"https:\/\/www.editorialjuventud.es\/los-iris-9788426147813\/#primaryimage"},"image":{"@id":"https:\/\/www.editorialjuventud.es\/los-iris-9788426147813\/#primaryimage"},"thumbnailUrl":"https:\/\/www.editorialjuventud.es\/wp-content\/uploads\/9788426147813.jpg","datePublished":"2022-07-13T08:03:07+00:00","dateModified":"2025-01-22T11:42:10+00:00","description":"Los iris son unos peque\u00f1os animales nocturnos que habitan generalmente en comunidad en las afueras de los pueblos de alta monta\u00f1a. Su cuerpo es alargado,","breadcrumb":{"@id":"https:\/\/www.editorialjuventud.es\/los-iris-9788426147813\/#breadcrumb"},"inLanguage":"ca","potentialAction":[{"@type":"ReadAction","target":["https:\/\/www.editorialjuventud.es\/los-iris-9788426147813\/"]}]},{"@type":"ImageObject","inLanguage":"ca","@id":"https:\/\/www.editorialjuventud.es\/los-iris-9788426147813\/#primaryimage","url":"https:\/\/www.editorialjuventud.es\/wp-content\/uploads\/9788426147813.jpg","contentUrl":"https:\/\/www.editorialjuventud.es\/wp-content\/uploads\/9788426147813.jpg","width":800,"height":845,"caption":"9788426147813.jpg"},{"@type":"BreadcrumbList","@id":"https:\/\/www.editorialjuventud.es\/los-iris-9788426147813\/#breadcrumb","itemListElement":[{"@type":"ListItem","position":1,"name":"Portada","item":"https:\/\/www.editorialjuventud.es\/"},{"@type":"ListItem","position":2,"name":"cat\u00e1logo","item":"https:\/\/www.editorialjuventud.es\/coleccion\/catalogo\/"},{"@type":"ListItem","position":3,"name":"castellano","item":"https:\/\/www.editorialjuventud.es\/coleccion\/castellano\/"},{"@type":"ListItem","position":4,"name":"\u00c1lbumes Ilustrados","item":"https:\/\/www.editorialjuventud.es\/coleccion\/albumes-ilustrados\/"},{"@type":"ListItem","position":5,"name":"El Arca de los Cuentos","item":"https:\/\/www.editorialjuventud.es\/coleccion\/el-arca-de-los-cuentos\/"},{"@type":"ListItem","position":6,"name":"Los iris"}]},{"@type":"WebSite","@id":"https:\/\/www.editorialjuventud.es\/#website","url":"https:\/\/www.editorialjuventud.es\/","name":"Editorial Juventud","description":"","potentialAction":[{"@type":"SearchAction","target":{"@type":"EntryPoint","urlTemplate":"https:\/\/www.editorialjuventud.es\/?s={search_term_string}"},"query-input":{"@type":"PropertyValueSpecification","valueRequired":true,"valueName":"search_term_string"}}],"inLanguage":"ca"}]}},"_links":{"self":[{"href":"https:\/\/www.editorialjuventud.es\/ca\/wp-json\/wp\/v2\/product\/67796","targetHints":{"allow":["GET"]}}],"collection":[{"href":"https:\/\/www.editorialjuventud.es\/ca\/wp-json\/wp\/v2\/product"}],"about":[{"href":"https:\/\/www.editorialjuventud.es\/ca\/wp-json\/wp\/v2\/types\/product"}],"wp:featuredmedia":[{"embeddable":true,"href":"https:\/\/www.editorialjuventud.es\/ca\/wp-json\/wp\/v2\/media\/67797"}],"wp:attachment":[{"href":"https:\/\/www.editorialjuventud.es\/ca\/wp-json\/wp\/v2\/media?parent=67796"}],"wp:term":[{"taxonomy":"product_brand","embeddable":true,"href":"https:\/\/www.editorialjuventud.es\/ca\/wp-json\/wp\/v2\/product_brand?post=67796"},{"taxonomy":"product_cat","embeddable":true,"href":"https:\/\/www.editorialjuventud.es\/ca\/wp-json\/wp\/v2\/product_cat?post=67796"},{"taxonomy":"product_tag","embeddable":true,"href":"https:\/\/www.editorialjuventud.es\/ca\/wp-json\/wp\/v2\/product_tag?post=67796"},{"taxonomy":"coleccion","embeddable":true,"href":"https:\/\/www.editorialjuventud.es\/ca\/wp-json\/wp\/v2\/coleccion?post=67796"}],"curies":[{"name":"wp","href":"https:\/\/api.w.org\/{rel}","templated":true}]}}