{"id":66599,"date":"2022-06-02T10:40:52","date_gmt":"2022-06-02T08:40:52","guid":{"rendered":"https:\/\/www.editorialjuventud.es\/nina-i-milo-9788426147868\/"},"modified":"2025-01-22T12:41:39","modified_gmt":"2025-01-22T11:41:39","slug":"nina-i-milo-9788426147868","status":"publish","type":"product","link":"https:\/\/www.editorialjuventud.es\/ca\/nina-i-milo-9788426147868\/","title":{"rendered":"Nina i Milo"},"content":{"rendered":"<p>A la Nina li agraden els p\u00edcnics, les galetes de la Iaia i passar-s&#8217;ho b\u00e9 amb el seu amic Milo. A en Milo tamb\u00e9 li agraden els p\u00edcnics i les galetes de la Iaia. T\u00e9 moltes ganes d&#8217;anar a pescar amb la Nina. Comencen a pescar i&#8230; quina sorpresa quan, de cop i volta, en Milo surt volant! Un \u00e0lbum en qu\u00e8 el lector tria la resta de la hist\u00f2ria com els llibres de Tria la teva aventura.<\/p>\n<p>Una hist\u00f2ria d&#8217;amistat, de cooperaci\u00f3, on tu pots ser l&#8217;heroi! Un nou llibre amb el caracter\u00edstic estil de Marianne Dubuc, la premiada il\u00b7lustradora canadenca que sap emocionar amb les seves senzilles, per\u00f2 poderoses, hist\u00f2ries.<\/p>\n","protected":false},"excerpt":{"rendered":"A la Nina li agraden els p\u00edcnics, les galetes de la Iaia i passar-s&#8217;ho b\u00e9 amb el seu amic Milo. A en Milo tamb\u00e9 li agraden els p\u00edcnics i les galetes de la Iaia. T\u00e9 moltes ganes d&#8217;anar a pescar [&hellip;]","protected":false},"featured_media":66845,"template":"","meta":{"_acf_changed":false,"_exactmetrics_skip_tracking":false,"_exactmetrics_sitenote_active":false,"_exactmetrics_sitenote_note":"","_exactmetrics_sitenote_category":0},"product_brand":[],"product_cat":[900,1121,1136,1142,892,1115,1291,893,910],"product_tag":[],"coleccion":[917,915,951],"class_list":{"0":"post-66599","1":"product","2":"type-product","3":"status-publish","4":"has-post-thumbnail","6":"product_cat-a-partir-de-5-anos","7":"product_cat-albumes-ilustrados","8":"product_cat-amistad","9":"product_cat-aventura","10":"product_cat-edades","11":"product_cat-generos","12":"product_cat-libro-juego","13":"product_cat-novedades","14":"product_cat-ultimas-novedades","15":"coleccion-albums-illustrats","16":"coleccion-catala","17":"coleccion-els-meus-primers-contes","19":"first","20":"instock","21":"taxable","22":"shipping-taxable","23":"purchasable","24":"product-type-simple"},"acf":{"indice":"","autor":"Dubuc, Marianne","codart":"4786","ediciones":"1","encuadernacion":"Carton\u00e9","fecha_de_publicacion":"01\/06\/2022","fecha_de_reimpresion":"","novedad":"0","paginas":"48","subtitulo":"Un dia de pesca","texto_web_adicional":"","autores-libros":[16332],"ilustradores-libros":"","texto_web_novedad":"","orden":"999","portada":"0","texto_web_resaltado":"","traductores-libros":[58414],"descripcion_corta":"","recomendamos":"","mas_vendido":"","idioma-libro":"","color":false,"formato":"","mas_informacion_del_producto":false,"premios":false,"deshabilitar_compra":[],"texto_enlace_cubierta":"","enlace_cubierta":{"ID":66843,"id":66843,"title":"nueva cover NINA Y MILO.indd","filename":"NINA-I-MILO_Cover_CAT-scaled.jpg","filesize":300381,"url":"https:\/\/www.editorialjuventud.es\/wp-content\/uploads\/NINA-I-MILO_Cover_CAT-scaled.jpg","link":"https:\/\/www.editorialjuventud.es\/ca\/?attachment_id=66843","alt":"","author":"50","description":"","caption":"","name":"nueva-cover-nina-y-milo-indd-4","status":"inherit","uploaded_to":66599,"date":"2022-06-09 00:11:38","modified":"2022-06-09 00:11:38","menu_order":0,"mime_type":"image\/jpeg","type":"image","subtype":"jpeg","icon":"https:\/\/www.editorialjuventud.es\/wp-includes\/images\/media\/default.png","width":1970,"height":2560,"sizes":{"thumbnail":"https:\/\/www.editorialjuventud.es\/wp-content\/uploads\/NINA-I-MILO_Cover_CAT-200x200.jpg","thumbnail-width":200,"thumbnail-height":200,"medium":"https:\/\/www.editorialjuventud.es\/wp-content\/uploads\/NINA-I-MILO_Cover_CAT-scaled.jpg","medium-width":1970,"medium-height":2560,"medium_large":"https:\/\/www.editorialjuventud.es\/wp-content\/uploads\/NINA-I-MILO_Cover_CAT-768x998.jpg","medium_large-width":768,"medium_large-height":998,"large":"https:\/\/www.editorialjuventud.es\/wp-content\/uploads\/NINA-I-MILO_Cover_CAT-scaled.jpg","large-width":1970,"large-height":2560,"1536x1536":"https:\/\/www.editorialjuventud.es\/wp-content\/uploads\/NINA-I-MILO_Cover_CAT-1182x1536.jpg","1536x1536-width":1182,"1536x1536-height":1536,"2048x2048":"https:\/\/www.editorialjuventud.es\/wp-content\/uploads\/NINA-I-MILO_Cover_CAT-1576x2048.jpg","2048x2048-width":1576,"2048x2048-height":2048,"woocommerce_thumbnail":"https:\/\/www.editorialjuventud.es\/wp-content\/uploads\/NINA-I-MILO_Cover_CAT-350x455.jpg","woocommerce_thumbnail-width":350,"woocommerce_thumbnail-height":455,"woocommerce_single":"https:\/\/www.editorialjuventud.es\/wp-content\/uploads\/NINA-I-MILO_Cover_CAT-900x1170.jpg","woocommerce_single-width":900,"woocommerce_single-height":1170,"woocommerce_gallery_thumbnail":"https:\/\/www.editorialjuventud.es\/wp-content\/uploads\/NINA-I-MILO_Cover_CAT-100x100.jpg","woocommerce_gallery_thumbnail-width":100,"woocommerce_gallery_thumbnail-height":100,"ppec_logo_image_size":"https:\/\/www.editorialjuventud.es\/wp-content\/uploads\/NINA-I-MILO_Cover_CAT-46x60.jpg","ppec_logo_image_size-width":46,"ppec_logo_image_size-height":60,"ppec_header_image_size":"https:\/\/www.editorialjuventud.es\/wp-content\/uploads\/NINA-I-MILO_Cover_CAT-69x90.jpg","ppec_header_image_size-width":69,"ppec_header_image_size-height":90}},"texto_enlace_ficha_tecnica":"","enlace_ficha_tecnica":false,"ficheros":false,"titulo-fr":"","texto-fr":""},"yoast_head":"<!-- This site is optimized with the Yoast SEO plugin v27.3 - https:\/\/yoast.com\/product\/yoast-seo-wordpress\/ -->\n<title>Nina i Milo - Editorial Juventud<\/title>\n<meta name=\"description\" content=\"A la Nina li agraden els p\u00edcnics, les galetes de la Iaia i passar-s&#039;ho b\u00e9 amb el seu amic Milo. A en Milo tamb\u00e9 li agraden els p\u00edcnics i les galetes de la\" \/>\n<meta name=\"robots\" content=\"index, follow, max-snippet:-1, max-image-preview:large, max-video-preview:-1\" \/>\n<link rel=\"canonical\" href=\"https:\/\/www.editorialjuventud.es\/nina-i-milo-9788426147868\/\" \/>\n<meta property=\"og:locale\" content=\"ca_ES\" \/>\n<meta property=\"og:type\" content=\"article\" \/>\n<meta property=\"og:title\" content=\"Nina i Milo - Editorial Juventud\" \/>\n<meta property=\"og:description\" content=\"A la Nina li agraden els p\u00edcnics, les galetes de la Iaia i passar-s&#039;ho b\u00e9 amb el seu amic Milo. A en Milo tamb\u00e9 li agraden els p\u00edcnics i les galetes de la\" \/>\n<meta property=\"og:url\" content=\"https:\/\/www.editorialjuventud.es\/nina-i-milo-9788426147868\/\" \/>\n<meta property=\"og:site_name\" content=\"Editorial Juventud\" \/>\n<meta property=\"article:modified_time\" content=\"2025-01-22T11:41:39+00:00\" \/>\n<meta property=\"og:image\" content=\"https:\/\/www.editorialjuventud.es\/wp-content\/uploads\/NINA-I-MILO_Cover_CAT_WEB-1.jpg\" \/>\n\t<meta property=\"og:image:width\" content=\"630\" \/>\n\t<meta property=\"og:image:height\" content=\"819\" \/>\n\t<meta property=\"og:image:type\" content=\"image\/jpeg\" \/>\n<meta name=\"twitter:card\" content=\"summary_large_image\" \/>\n<meta name=\"twitter:label1\" content=\"Temps estimat de lectura\" \/>\n\t<meta name=\"twitter:data1\" content=\"1 minut\" \/>\n<script type=\"application\/ld+json\" class=\"yoast-schema-graph\">{\"@context\":\"https:\\\/\\\/schema.org\",\"@graph\":[{\"@type\":\"WebPage\",\"@id\":\"https:\\\/\\\/www.editorialjuventud.es\\\/nina-i-milo-9788426147868\\\/\",\"url\":\"https:\\\/\\\/www.editorialjuventud.es\\\/nina-i-milo-9788426147868\\\/\",\"name\":\"Nina i Milo - Editorial Juventud\",\"isPartOf\":{\"@id\":\"https:\\\/\\\/www.editorialjuventud.es\\\/#website\"},\"primaryImageOfPage\":{\"@id\":\"https:\\\/\\\/www.editorialjuventud.es\\\/nina-i-milo-9788426147868\\\/#primaryimage\"},\"image\":{\"@id\":\"https:\\\/\\\/www.editorialjuventud.es\\\/nina-i-milo-9788426147868\\\/#primaryimage\"},\"thumbnailUrl\":\"https:\\\/\\\/www.editorialjuventud.es\\\/wp-content\\\/uploads\\\/NINA-I-MILO_Cover_CAT_WEB-1.jpg\",\"datePublished\":\"2022-06-02T08:40:52+00:00\",\"dateModified\":\"2025-01-22T11:41:39+00:00\",\"description\":\"A la Nina li agraden els p\u00edcnics, les galetes de la Iaia i passar-s'ho b\u00e9 amb el seu amic Milo. A en Milo tamb\u00e9 li agraden els p\u00edcnics i les galetes de la\",\"breadcrumb\":{\"@id\":\"https:\\\/\\\/www.editorialjuventud.es\\\/nina-i-milo-9788426147868\\\/#breadcrumb\"},\"inLanguage\":\"ca\",\"potentialAction\":[{\"@type\":\"ReadAction\",\"target\":[\"https:\\\/\\\/www.editorialjuventud.es\\\/nina-i-milo-9788426147868\\\/\"]}]},{\"@type\":\"ImageObject\",\"inLanguage\":\"ca\",\"@id\":\"https:\\\/\\\/www.editorialjuventud.es\\\/nina-i-milo-9788426147868\\\/#primaryimage\",\"url\":\"https:\\\/\\\/www.editorialjuventud.es\\\/wp-content\\\/uploads\\\/NINA-I-MILO_Cover_CAT_WEB-1.jpg\",\"contentUrl\":\"https:\\\/\\\/www.editorialjuventud.es\\\/wp-content\\\/uploads\\\/NINA-I-MILO_Cover_CAT_WEB-1.jpg\",\"width\":630,\"height\":819},{\"@type\":\"BreadcrumbList\",\"@id\":\"https:\\\/\\\/www.editorialjuventud.es\\\/nina-i-milo-9788426147868\\\/#breadcrumb\",\"itemListElement\":[{\"@type\":\"ListItem\",\"position\":1,\"name\":\"Portada\",\"item\":\"https:\\\/\\\/www.editorialjuventud.es\\\/\"},{\"@type\":\"ListItem\",\"position\":2,\"name\":\"cat\u00e1logo\",\"item\":\"https:\\\/\\\/www.editorialjuventud.es\\\/coleccion\\\/catalogo\\\/\"},{\"@type\":\"ListItem\",\"position\":3,\"name\":\"catal\u00e0\",\"item\":\"https:\\\/\\\/www.editorialjuventud.es\\\/coleccion\\\/catala\\\/\"},{\"@type\":\"ListItem\",\"position\":4,\"name\":\"\u00c0lbums Il\u00b7lustrats\",\"item\":\"https:\\\/\\\/www.editorialjuventud.es\\\/coleccion\\\/albums-il%c2%b7lustrats\\\/\"},{\"@type\":\"ListItem\",\"position\":5,\"name\":\"Cr\u00e9ixer en Valors\",\"item\":\"https:\\\/\\\/www.editorialjuventud.es\\\/ca\\\/coleccion\\\/creixer-en-valors\\\/\"},{\"@type\":\"ListItem\",\"position\":6,\"name\":\"Nina i Milo\"}]},{\"@type\":\"WebSite\",\"@id\":\"https:\\\/\\\/www.editorialjuventud.es\\\/#website\",\"url\":\"https:\\\/\\\/www.editorialjuventud.es\\\/\",\"name\":\"Editorial Juventud\",\"description\":\"\",\"potentialAction\":[{\"@type\":\"SearchAction\",\"target\":{\"@type\":\"EntryPoint\",\"urlTemplate\":\"https:\\\/\\\/www.editorialjuventud.es\\\/?s={search_term_string}\"},\"query-input\":{\"@type\":\"PropertyValueSpecification\",\"valueRequired\":true,\"valueName\":\"search_term_string\"}}],\"inLanguage\":\"ca\"}]}<\/script>\n<!-- \/ Yoast SEO plugin. -->","yoast_head_json":{"title":"Nina i Milo - Editorial Juventud","description":"A la Nina li agraden els p\u00edcnics, les galetes de la Iaia i passar-s'ho b\u00e9 amb el seu amic Milo. A en Milo tamb\u00e9 li agraden els p\u00edcnics i les galetes de la","robots":{"index":"index","follow":"follow","max-snippet":"max-snippet:-1","max-image-preview":"max-image-preview:large","max-video-preview":"max-video-preview:-1"},"canonical":"https:\/\/www.editorialjuventud.es\/nina-i-milo-9788426147868\/","og_locale":"ca_ES","og_type":"article","og_title":"Nina i Milo - Editorial Juventud","og_description":"A la Nina li agraden els p\u00edcnics, les galetes de la Iaia i passar-s'ho b\u00e9 amb el seu amic Milo. A en Milo tamb\u00e9 li agraden els p\u00edcnics i les galetes de la","og_url":"https:\/\/www.editorialjuventud.es\/nina-i-milo-9788426147868\/","og_site_name":"Editorial Juventud","article_modified_time":"2025-01-22T11:41:39+00:00","og_image":[{"width":630,"height":819,"url":"https:\/\/www.editorialjuventud.es\/wp-content\/uploads\/NINA-I-MILO_Cover_CAT_WEB-1.jpg","type":"image\/jpeg"}],"twitter_card":"summary_large_image","twitter_misc":{"Temps estimat de lectura":"1 minut"},"schema":{"@context":"https:\/\/schema.org","@graph":[{"@type":"WebPage","@id":"https:\/\/www.editorialjuventud.es\/nina-i-milo-9788426147868\/","url":"https:\/\/www.editorialjuventud.es\/nina-i-milo-9788426147868\/","name":"Nina i Milo - Editorial Juventud","isPartOf":{"@id":"https:\/\/www.editorialjuventud.es\/#website"},"primaryImageOfPage":{"@id":"https:\/\/www.editorialjuventud.es\/nina-i-milo-9788426147868\/#primaryimage"},"image":{"@id":"https:\/\/www.editorialjuventud.es\/nina-i-milo-9788426147868\/#primaryimage"},"thumbnailUrl":"https:\/\/www.editorialjuventud.es\/wp-content\/uploads\/NINA-I-MILO_Cover_CAT_WEB-1.jpg","datePublished":"2022-06-02T08:40:52+00:00","dateModified":"2025-01-22T11:41:39+00:00","description":"A la Nina li agraden els p\u00edcnics, les galetes de la Iaia i passar-s'ho b\u00e9 amb el seu amic Milo. A en Milo tamb\u00e9 li agraden els p\u00edcnics i les galetes de la","breadcrumb":{"@id":"https:\/\/www.editorialjuventud.es\/nina-i-milo-9788426147868\/#breadcrumb"},"inLanguage":"ca","potentialAction":[{"@type":"ReadAction","target":["https:\/\/www.editorialjuventud.es\/nina-i-milo-9788426147868\/"]}]},{"@type":"ImageObject","inLanguage":"ca","@id":"https:\/\/www.editorialjuventud.es\/nina-i-milo-9788426147868\/#primaryimage","url":"https:\/\/www.editorialjuventud.es\/wp-content\/uploads\/NINA-I-MILO_Cover_CAT_WEB-1.jpg","contentUrl":"https:\/\/www.editorialjuventud.es\/wp-content\/uploads\/NINA-I-MILO_Cover_CAT_WEB-1.jpg","width":630,"height":819},{"@type":"BreadcrumbList","@id":"https:\/\/www.editorialjuventud.es\/nina-i-milo-9788426147868\/#breadcrumb","itemListElement":[{"@type":"ListItem","position":1,"name":"Portada","item":"https:\/\/www.editorialjuventud.es\/"},{"@type":"ListItem","position":2,"name":"cat\u00e1logo","item":"https:\/\/www.editorialjuventud.es\/coleccion\/catalogo\/"},{"@type":"ListItem","position":3,"name":"catal\u00e0","item":"https:\/\/www.editorialjuventud.es\/coleccion\/catala\/"},{"@type":"ListItem","position":4,"name":"\u00c0lbums Il\u00b7lustrats","item":"https:\/\/www.editorialjuventud.es\/coleccion\/albums-il%c2%b7lustrats\/"},{"@type":"ListItem","position":5,"name":"Cr\u00e9ixer en Valors","item":"https:\/\/www.editorialjuventud.es\/ca\/coleccion\/creixer-en-valors\/"},{"@type":"ListItem","position":6,"name":"Nina i Milo"}]},{"@type":"WebSite","@id":"https:\/\/www.editorialjuventud.es\/#website","url":"https:\/\/www.editorialjuventud.es\/","name":"Editorial Juventud","description":"","potentialAction":[{"@type":"SearchAction","target":{"@type":"EntryPoint","urlTemplate":"https:\/\/www.editorialjuventud.es\/?s={search_term_string}"},"query-input":{"@type":"PropertyValueSpecification","valueRequired":true,"valueName":"search_term_string"}}],"inLanguage":"ca"}]}},"_links":{"self":[{"href":"https:\/\/www.editorialjuventud.es\/ca\/wp-json\/wp\/v2\/product\/66599","targetHints":{"allow":["GET"]}}],"collection":[{"href":"https:\/\/www.editorialjuventud.es\/ca\/wp-json\/wp\/v2\/product"}],"about":[{"href":"https:\/\/www.editorialjuventud.es\/ca\/wp-json\/wp\/v2\/types\/product"}],"wp:featuredmedia":[{"embeddable":true,"href":"https:\/\/www.editorialjuventud.es\/ca\/wp-json\/wp\/v2\/media\/66845"}],"wp:attachment":[{"href":"https:\/\/www.editorialjuventud.es\/ca\/wp-json\/wp\/v2\/media?parent=66599"}],"wp:term":[{"taxonomy":"product_brand","embeddable":true,"href":"https:\/\/www.editorialjuventud.es\/ca\/wp-json\/wp\/v2\/product_brand?post=66599"},{"taxonomy":"product_cat","embeddable":true,"href":"https:\/\/www.editorialjuventud.es\/ca\/wp-json\/wp\/v2\/product_cat?post=66599"},{"taxonomy":"product_tag","embeddable":true,"href":"https:\/\/www.editorialjuventud.es\/ca\/wp-json\/wp\/v2\/product_tag?post=66599"},{"taxonomy":"coleccion","embeddable":true,"href":"https:\/\/www.editorialjuventud.es\/ca\/wp-json\/wp\/v2\/coleccion?post=66599"}],"curies":[{"name":"wp","href":"https:\/\/api.w.org\/{rel}","templated":true}]}}