{"id":66596,"date":"2022-06-02T10:40:23","date_gmt":"2022-06-02T08:40:23","guid":{"rendered":"https:\/\/www.editorialjuventud.es\/nina-y-milo-9788426147851\/"},"modified":"2025-10-29T12:39:36","modified_gmt":"2025-10-29T11:39:36","slug":"nina-y-milo-9788426147851","status":"publish","type":"product","link":"https:\/\/www.editorialjuventud.es\/ca\/nina-y-milo-9788426147851\/","title":{"rendered":"Nina y Milo"},"content":{"rendered":"<p>A Nina le gustan los p\u00edcnics, las galletas de Abu y pasarlo bien con su amigo Milo. A Milo tambi\u00e9n le gustan los p\u00edcnics y las galletas de Abu. Tiene muchas ganas de ir de pesca con Nina. Empiezan a pescar y \u00a1qu\u00e9 sorpresa cuando, de sopet\u00f3n, Milo sale volando! Un \u00e1lbum en que el lector decide el resto de la historia como los libros de Elige tu propia aventura.<\/p>\n<p>Una historia de amistad, de cooperaci\u00f3n, en la que t\u00fa puedes ser el h\u00e9roe. Un nuevo libro con el caracter\u00edstico estilo de Marianne Dubuc, la laureada ilustradora canadiense que sabe emocionar con sus sencillas, pero poderosas, historias.<\/p>\n<p>&nbsp;<\/p>\n<p>Este libro ha sido publicado con el apoyo de:<\/p>\n<p><img loading=\"lazy\" decoding=\"async\" class=\"alignnone size-full wp-image-76274\" src=\"https:\/\/www.editorialjuventud.es\/wp-content\/uploads\/unnamed.png\" alt=\"\" width=\"405\" height=\"35\" srcset=\"https:\/\/www.editorialjuventud.es\/wp-content\/uploads\/unnamed.png 405w, https:\/\/www.editorialjuventud.es\/wp-content\/uploads\/unnamed-350x30.png 350w, https:\/\/www.editorialjuventud.es\/wp-content\/uploads\/unnamed-190x16.png 190w\" sizes=\"auto, (max-width: 405px) 100vw, 405px\" \/><\/p>\n","protected":false},"excerpt":{"rendered":"A Nina le gustan los p\u00edcnics, las galletas de Abu y pasarlo bien con su amigo Milo. A Milo tambi\u00e9n le gustan los p\u00edcnics y las galletas de Abu. Tiene muchas ganas de ir de pesca con Nina. Empiezan a [&hellip;]","protected":false},"featured_media":66597,"template":"","meta":{"_acf_changed":false,"_exactmetrics_skip_tracking":false,"_exactmetrics_sitenote_active":false,"_exactmetrics_sitenote_note":"","_exactmetrics_sitenote_category":0},"product_brand":[],"product_cat":[900,1121,1136,1142,892,1115,1291,893,1128],"product_tag":[],"coleccion":[1296],"class_list":{"0":"post-66596","1":"product","2":"type-product","3":"status-publish","4":"has-post-thumbnail","6":"product_cat-a-partir-de-5-anos","7":"product_cat-albumes-ilustrados","8":"product_cat-amistad","9":"product_cat-aventura","10":"product_cat-edades","11":"product_cat-generos","12":"product_cat-libro-juego","13":"product_cat-novedades","14":"product_cat-tematica","15":"coleccion-mis-primeros-libros","17":"first","18":"instock","19":"taxable","20":"shipping-taxable","21":"purchasable","22":"product-type-simple"},"acf":{"indice":"","autor":"Dubuc, Marianne","codart":"4785","ediciones":"1","encuadernacion":"Carton\u00e9","fecha_de_publicacion":"01\/06\/2022","fecha_de_reimpresion":"","novedad":"0","paginas":"48","subtitulo":"Un d\u00eda de pesca","texto_web_adicional":"","autores-libros":[16332],"ilustradores-libros":"","texto_web_novedad":"","orden":"999","portada":"0","texto_web_resaltado":"","traductores-libros":[58414],"descripcion_corta":"","recomendamos":"","mas_vendido":"","idioma-libro":"","color":false,"formato":"","mas_informacion_del_producto":false,"premios":false,"deshabilitar_compra":[],"texto_enlace_cubierta":"","enlace_cubierta":{"ID":66841,"id":66841,"title":"nueva cover NINA Y MILO.indd","filename":"NINA-Y-MILO_Cover_CAST-scaled.jpg","filesize":303692,"url":"https:\/\/www.editorialjuventud.es\/wp-content\/uploads\/NINA-Y-MILO_Cover_CAST-scaled.jpg","link":"https:\/\/www.editorialjuventud.es\/ca\/?attachment_id=66841","alt":"","author":"50","description":"","caption":"","name":"nueva-cover-nina-y-milo-indd-3","status":"inherit","uploaded_to":66596,"date":"2022-06-09 00:06:36","modified":"2022-06-09 00:06:36","menu_order":0,"mime_type":"image\/jpeg","type":"image","subtype":"jpeg","icon":"https:\/\/www.editorialjuventud.es\/wp-includes\/images\/media\/default.png","width":1970,"height":2560,"sizes":{"thumbnail":"https:\/\/www.editorialjuventud.es\/wp-content\/uploads\/NINA-Y-MILO_Cover_CAST-200x200.jpg","thumbnail-width":200,"thumbnail-height":200,"medium":"https:\/\/www.editorialjuventud.es\/wp-content\/uploads\/NINA-Y-MILO_Cover_CAST-scaled.jpg","medium-width":1970,"medium-height":2560,"medium_large":"https:\/\/www.editorialjuventud.es\/wp-content\/uploads\/NINA-Y-MILO_Cover_CAST-768x998.jpg","medium_large-width":768,"medium_large-height":998,"large":"https:\/\/www.editorialjuventud.es\/wp-content\/uploads\/NINA-Y-MILO_Cover_CAST-scaled.jpg","large-width":1970,"large-height":2560,"1536x1536":"https:\/\/www.editorialjuventud.es\/wp-content\/uploads\/NINA-Y-MILO_Cover_CAST-1182x1536.jpg","1536x1536-width":1182,"1536x1536-height":1536,"2048x2048":"https:\/\/www.editorialjuventud.es\/wp-content\/uploads\/NINA-Y-MILO_Cover_CAST-1576x2048.jpg","2048x2048-width":1576,"2048x2048-height":2048,"woocommerce_thumbnail":"https:\/\/www.editorialjuventud.es\/wp-content\/uploads\/NINA-Y-MILO_Cover_CAST-350x455.jpg","woocommerce_thumbnail-width":350,"woocommerce_thumbnail-height":455,"woocommerce_single":"https:\/\/www.editorialjuventud.es\/wp-content\/uploads\/NINA-Y-MILO_Cover_CAST-900x1170.jpg","woocommerce_single-width":900,"woocommerce_single-height":1170,"woocommerce_gallery_thumbnail":"https:\/\/www.editorialjuventud.es\/wp-content\/uploads\/NINA-Y-MILO_Cover_CAST-100x100.jpg","woocommerce_gallery_thumbnail-width":100,"woocommerce_gallery_thumbnail-height":100,"ppec_logo_image_size":"https:\/\/www.editorialjuventud.es\/wp-content\/uploads\/NINA-Y-MILO_Cover_CAST-46x60.jpg","ppec_logo_image_size-width":46,"ppec_logo_image_size-height":60,"ppec_header_image_size":"https:\/\/www.editorialjuventud.es\/wp-content\/uploads\/NINA-Y-MILO_Cover_CAST-69x90.jpg","ppec_header_image_size-width":69,"ppec_header_image_size-height":90}},"texto_enlace_ficha_tecnica":"","enlace_ficha_tecnica":false,"ficheros":false,"titulo-fr":"","texto-fr":""},"yoast_head":"<!-- This site is optimized with the Yoast SEO plugin v27.5 - https:\/\/yoast.com\/product\/yoast-seo-wordpress\/ -->\n<title>Nina y Milo - Editorial Juventud<\/title>\n<meta name=\"description\" content=\"A Nina le gustan los p\u00edcnics, las galletas de Abu y pasarlo bien con su amigo Milo. A Milo tambi\u00e9n le gustan los p\u00edcnics y las galletas de Abu. Tiene\" \/>\n<meta name=\"robots\" content=\"index, follow, max-snippet:-1, max-image-preview:large, max-video-preview:-1\" \/>\n<link rel=\"canonical\" href=\"https:\/\/www.editorialjuventud.es\/nina-y-milo-9788426147851\/\" \/>\n<meta property=\"og:locale\" content=\"ca_ES\" \/>\n<meta property=\"og:type\" content=\"article\" \/>\n<meta property=\"og:title\" content=\"Nina y Milo - Editorial Juventud\" \/>\n<meta property=\"og:description\" content=\"A Nina le gustan los p\u00edcnics, las galletas de Abu y pasarlo bien con su amigo Milo. A Milo tambi\u00e9n le gustan los p\u00edcnics y las galletas de Abu. Tiene\" \/>\n<meta property=\"og:url\" content=\"https:\/\/www.editorialjuventud.es\/nina-y-milo-9788426147851\/\" \/>\n<meta property=\"og:site_name\" content=\"Editorial Juventud\" \/>\n<meta property=\"article:modified_time\" content=\"2025-10-29T11:39:36+00:00\" \/>\n<meta property=\"og:image\" content=\"https:\/\/www.editorialjuventud.es\/wp-content\/uploads\/9788426147851.jpg\" \/>\n\t<meta property=\"og:image:width\" content=\"630\" \/>\n\t<meta property=\"og:image:height\" content=\"819\" \/>\n\t<meta property=\"og:image:type\" content=\"image\/jpeg\" \/>\n<meta name=\"twitter:card\" content=\"summary_large_image\" \/>\n<meta name=\"twitter:label1\" content=\"Temps estimat de lectura\" \/>\n\t<meta name=\"twitter:data1\" content=\"1 minut\" \/>\n<script type=\"application\/ld+json\" class=\"yoast-schema-graph\">{\"@context\":\"https:\\\/\\\/schema.org\",\"@graph\":[{\"@type\":\"WebPage\",\"@id\":\"https:\\\/\\\/www.editorialjuventud.es\\\/nina-y-milo-9788426147851\\\/\",\"url\":\"https:\\\/\\\/www.editorialjuventud.es\\\/nina-y-milo-9788426147851\\\/\",\"name\":\"Nina y Milo - Editorial Juventud\",\"isPartOf\":{\"@id\":\"https:\\\/\\\/www.editorialjuventud.es\\\/#website\"},\"primaryImageOfPage\":{\"@id\":\"https:\\\/\\\/www.editorialjuventud.es\\\/nina-y-milo-9788426147851\\\/#primaryimage\"},\"image\":{\"@id\":\"https:\\\/\\\/www.editorialjuventud.es\\\/nina-y-milo-9788426147851\\\/#primaryimage\"},\"thumbnailUrl\":\"https:\\\/\\\/www.editorialjuventud.es\\\/wp-content\\\/uploads\\\/9788426147851.jpg\",\"datePublished\":\"2022-06-02T08:40:23+00:00\",\"dateModified\":\"2025-10-29T11:39:36+00:00\",\"description\":\"A Nina le gustan los p\u00edcnics, las galletas de Abu y pasarlo bien con su amigo Milo. A Milo tambi\u00e9n le gustan los p\u00edcnics y las galletas de Abu. Tiene\",\"breadcrumb\":{\"@id\":\"https:\\\/\\\/www.editorialjuventud.es\\\/nina-y-milo-9788426147851\\\/#breadcrumb\"},\"inLanguage\":\"ca\",\"potentialAction\":[{\"@type\":\"ReadAction\",\"target\":[\"https:\\\/\\\/www.editorialjuventud.es\\\/nina-y-milo-9788426147851\\\/\"]}]},{\"@type\":\"ImageObject\",\"inLanguage\":\"ca\",\"@id\":\"https:\\\/\\\/www.editorialjuventud.es\\\/nina-y-milo-9788426147851\\\/#primaryimage\",\"url\":\"https:\\\/\\\/www.editorialjuventud.es\\\/wp-content\\\/uploads\\\/9788426147851.jpg\",\"contentUrl\":\"https:\\\/\\\/www.editorialjuventud.es\\\/wp-content\\\/uploads\\\/9788426147851.jpg\",\"width\":630,\"height\":819,\"caption\":\"9788426147851.jpg\"},{\"@type\":\"BreadcrumbList\",\"@id\":\"https:\\\/\\\/www.editorialjuventud.es\\\/nina-y-milo-9788426147851\\\/#breadcrumb\",\"itemListElement\":[{\"@type\":\"ListItem\",\"position\":1,\"name\":\"Portada\",\"item\":\"https:\\\/\\\/www.editorialjuventud.es\\\/\"},{\"@type\":\"ListItem\",\"position\":2,\"name\":\"cat\u00e1logo\",\"item\":\"https:\\\/\\\/www.editorialjuventud.es\\\/coleccion\\\/catalogo\\\/\"},{\"@type\":\"ListItem\",\"position\":3,\"name\":\"castellano\",\"item\":\"https:\\\/\\\/www.editorialjuventud.es\\\/coleccion\\\/castellano\\\/\"},{\"@type\":\"ListItem\",\"position\":4,\"name\":\"Mis Primeros Libros\",\"item\":\"https:\\\/\\\/www.editorialjuventud.es\\\/coleccion\\\/mis-primeros-libros\\\/\"},{\"@type\":\"ListItem\",\"position\":5,\"name\":\"Nina y Milo\"}]},{\"@type\":\"WebSite\",\"@id\":\"https:\\\/\\\/www.editorialjuventud.es\\\/#website\",\"url\":\"https:\\\/\\\/www.editorialjuventud.es\\\/\",\"name\":\"Editorial Juventud\",\"description\":\"\",\"potentialAction\":[{\"@type\":\"SearchAction\",\"target\":{\"@type\":\"EntryPoint\",\"urlTemplate\":\"https:\\\/\\\/www.editorialjuventud.es\\\/?s={search_term_string}\"},\"query-input\":{\"@type\":\"PropertyValueSpecification\",\"valueRequired\":true,\"valueName\":\"search_term_string\"}}],\"inLanguage\":\"ca\"}]}<\/script>\n<!-- \/ Yoast SEO plugin. -->","yoast_head_json":{"title":"Nina y Milo - Editorial Juventud","description":"A Nina le gustan los p\u00edcnics, las galletas de Abu y pasarlo bien con su amigo Milo. A Milo tambi\u00e9n le gustan los p\u00edcnics y las galletas de Abu. Tiene","robots":{"index":"index","follow":"follow","max-snippet":"max-snippet:-1","max-image-preview":"max-image-preview:large","max-video-preview":"max-video-preview:-1"},"canonical":"https:\/\/www.editorialjuventud.es\/nina-y-milo-9788426147851\/","og_locale":"ca_ES","og_type":"article","og_title":"Nina y Milo - Editorial Juventud","og_description":"A Nina le gustan los p\u00edcnics, las galletas de Abu y pasarlo bien con su amigo Milo. A Milo tambi\u00e9n le gustan los p\u00edcnics y las galletas de Abu. Tiene","og_url":"https:\/\/www.editorialjuventud.es\/nina-y-milo-9788426147851\/","og_site_name":"Editorial Juventud","article_modified_time":"2025-10-29T11:39:36+00:00","og_image":[{"width":630,"height":819,"url":"https:\/\/www.editorialjuventud.es\/wp-content\/uploads\/9788426147851.jpg","type":"image\/jpeg"}],"twitter_card":"summary_large_image","twitter_misc":{"Temps estimat de lectura":"1 minut"},"schema":{"@context":"https:\/\/schema.org","@graph":[{"@type":"WebPage","@id":"https:\/\/www.editorialjuventud.es\/nina-y-milo-9788426147851\/","url":"https:\/\/www.editorialjuventud.es\/nina-y-milo-9788426147851\/","name":"Nina y Milo - Editorial Juventud","isPartOf":{"@id":"https:\/\/www.editorialjuventud.es\/#website"},"primaryImageOfPage":{"@id":"https:\/\/www.editorialjuventud.es\/nina-y-milo-9788426147851\/#primaryimage"},"image":{"@id":"https:\/\/www.editorialjuventud.es\/nina-y-milo-9788426147851\/#primaryimage"},"thumbnailUrl":"https:\/\/www.editorialjuventud.es\/wp-content\/uploads\/9788426147851.jpg","datePublished":"2022-06-02T08:40:23+00:00","dateModified":"2025-10-29T11:39:36+00:00","description":"A Nina le gustan los p\u00edcnics, las galletas de Abu y pasarlo bien con su amigo Milo. A Milo tambi\u00e9n le gustan los p\u00edcnics y las galletas de Abu. Tiene","breadcrumb":{"@id":"https:\/\/www.editorialjuventud.es\/nina-y-milo-9788426147851\/#breadcrumb"},"inLanguage":"ca","potentialAction":[{"@type":"ReadAction","target":["https:\/\/www.editorialjuventud.es\/nina-y-milo-9788426147851\/"]}]},{"@type":"ImageObject","inLanguage":"ca","@id":"https:\/\/www.editorialjuventud.es\/nina-y-milo-9788426147851\/#primaryimage","url":"https:\/\/www.editorialjuventud.es\/wp-content\/uploads\/9788426147851.jpg","contentUrl":"https:\/\/www.editorialjuventud.es\/wp-content\/uploads\/9788426147851.jpg","width":630,"height":819,"caption":"9788426147851.jpg"},{"@type":"BreadcrumbList","@id":"https:\/\/www.editorialjuventud.es\/nina-y-milo-9788426147851\/#breadcrumb","itemListElement":[{"@type":"ListItem","position":1,"name":"Portada","item":"https:\/\/www.editorialjuventud.es\/"},{"@type":"ListItem","position":2,"name":"cat\u00e1logo","item":"https:\/\/www.editorialjuventud.es\/coleccion\/catalogo\/"},{"@type":"ListItem","position":3,"name":"castellano","item":"https:\/\/www.editorialjuventud.es\/coleccion\/castellano\/"},{"@type":"ListItem","position":4,"name":"Mis Primeros Libros","item":"https:\/\/www.editorialjuventud.es\/coleccion\/mis-primeros-libros\/"},{"@type":"ListItem","position":5,"name":"Nina y Milo"}]},{"@type":"WebSite","@id":"https:\/\/www.editorialjuventud.es\/#website","url":"https:\/\/www.editorialjuventud.es\/","name":"Editorial Juventud","description":"","potentialAction":[{"@type":"SearchAction","target":{"@type":"EntryPoint","urlTemplate":"https:\/\/www.editorialjuventud.es\/?s={search_term_string}"},"query-input":{"@type":"PropertyValueSpecification","valueRequired":true,"valueName":"search_term_string"}}],"inLanguage":"ca"}]}},"_links":{"self":[{"href":"https:\/\/www.editorialjuventud.es\/ca\/wp-json\/wp\/v2\/product\/66596","targetHints":{"allow":["GET"]}}],"collection":[{"href":"https:\/\/www.editorialjuventud.es\/ca\/wp-json\/wp\/v2\/product"}],"about":[{"href":"https:\/\/www.editorialjuventud.es\/ca\/wp-json\/wp\/v2\/types\/product"}],"wp:featuredmedia":[{"embeddable":true,"href":"https:\/\/www.editorialjuventud.es\/ca\/wp-json\/wp\/v2\/media\/66597"}],"wp:attachment":[{"href":"https:\/\/www.editorialjuventud.es\/ca\/wp-json\/wp\/v2\/media?parent=66596"}],"wp:term":[{"taxonomy":"product_brand","embeddable":true,"href":"https:\/\/www.editorialjuventud.es\/ca\/wp-json\/wp\/v2\/product_brand?post=66596"},{"taxonomy":"product_cat","embeddable":true,"href":"https:\/\/www.editorialjuventud.es\/ca\/wp-json\/wp\/v2\/product_cat?post=66596"},{"taxonomy":"product_tag","embeddable":true,"href":"https:\/\/www.editorialjuventud.es\/ca\/wp-json\/wp\/v2\/product_tag?post=66596"},{"taxonomy":"coleccion","embeddable":true,"href":"https:\/\/www.editorialjuventud.es\/ca\/wp-json\/wp\/v2\/coleccion?post=66596"}],"curies":[{"name":"wp","href":"https:\/\/api.w.org\/{rel}","templated":true}]}}