{"id":66590,"date":"2022-06-02T10:39:23","date_gmt":"2022-06-02T08:39:23","guid":{"rendered":"https:\/\/www.editorialjuventud.es\/bombolles-9788426147462\/"},"modified":"2025-10-29T12:45:30","modified_gmt":"2025-10-29T11:45:30","slug":"bombolles-9788426147462","status":"publish","type":"product","link":"https:\/\/www.editorialjuventud.es\/ca\/bombolles-9788426147462\/","title":{"rendered":"Bombolles"},"content":{"rendered":"<p>Si un problema et busca les pessigolles sempre trobar\u00e0s noves bombolles!<\/p>\n<p>Una proposta amb els dos protagonistes m\u00e9s divertits del c\u00f2mic infantil, aquest cop per als m\u00e9s petits de casa! Descobrirem que, amb molta imaginaci\u00f3, una manteta i unes bombolles donen molt de joc&#8230; Dos llibres de cartr\u00f3 plens de rimes i situacions d&#8217;all\u00f2 m\u00e9s narval\u00e0stiques perqu\u00e8 tota la fam\u00edlia s&#8217;ho passi en gran!<\/p>\n<p>&nbsp;<\/p>\n<p>Aquest llibre ha estat publicat amb el suport de:<\/p>\n<p><img loading=\"lazy\" decoding=\"async\" class=\"alignnone size-full wp-image-76274\" src=\"https:\/\/www.editorialjuventud.es\/wp-content\/uploads\/unnamed.png\" alt=\"\" width=\"405\" height=\"35\" srcset=\"https:\/\/www.editorialjuventud.es\/wp-content\/uploads\/unnamed.png 405w, https:\/\/www.editorialjuventud.es\/wp-content\/uploads\/unnamed-350x30.png 350w, https:\/\/www.editorialjuventud.es\/wp-content\/uploads\/unnamed-190x16.png 190w\" sizes=\"auto, (max-width: 405px) 100vw, 405px\" \/><\/p>\n","protected":false},"excerpt":{"rendered":"Si un problema et busca les pessigolles sempre trobar\u00e0s noves bombolles! Una proposta amb els dos protagonistes m\u00e9s divertits del c\u00f2mic infantil, aquest cop per als m\u00e9s petits de casa! Descobrirem que, amb molta imaginaci\u00f3, una manteta i unes bombolles [&hellip;]","protected":false},"featured_media":66591,"template":"","meta":{"_acf_changed":false,"_exactmetrics_skip_tracking":false,"_exactmetrics_sitenote_active":false,"_exactmetrics_sitenote_note":"","_exactmetrics_sitenote_category":0},"product_brand":[],"product_cat":[898,1138,1142,892,1115,1184,1122,1193,893,1213],"product_tag":[],"coleccion":[915,920,1358],"class_list":{"0":"post-66590","1":"product","2":"type-product","3":"status-publish","4":"has-post-thumbnail","6":"product_cat-a-partir-de-2-anos","7":"product_cat-animales","8":"product_cat-aventura","9":"product_cat-edades","10":"product_cat-generos","11":"product_cat-humor","12":"product_cat-libros-de-carton","13":"product_cat-mar-oceano","14":"product_cat-novedades","15":"product_cat-primeros-conceptos","16":"coleccion-catala","17":"coleccion-els-meus-primers-llibres","18":"coleccion-llibres-de-cartro-de-narval-i-medu","20":"first","21":"instock","22":"taxable","23":"shipping-taxable","24":"purchasable","25":"product-type-simple"},"acf":{"indice":"","autor":"Clanton, Ben","codart":"4746","ediciones":"1","encuadernacion":"Cart\u00f3n","fecha_de_publicacion":"01\/06\/2022","fecha_de_reimpresion":"","novedad":"0","paginas":"22","subtitulo":"","texto_web_adicional":"","autores-libros":[16284],"ilustradores-libros":"","texto_web_novedad":"","orden":"999","portada":"0","texto_web_resaltado":"","traductores-libros":[17378],"descripcion_corta":"","recomendamos":"","mas_vendido":"","idioma-libro":"","color":false,"formato":"","mas_informacion_del_producto":false,"premios":false,"deshabilitar_compra":[],"texto_enlace_cubierta":"","enlace_cubierta":{"ID":66833,"id":66833,"title":"****tapas NARVAL CARTON (lomo 15 mm).indd","filename":"Bombolles_Cover_CAT.jpg","filesize":347379,"url":"https:\/\/www.editorialjuventud.es\/wp-content\/uploads\/Bombolles_Cover_CAT.jpg","link":"https:\/\/www.editorialjuventud.es\/ca\/?attachment_id=66833","alt":"","author":"50","description":"","caption":"","name":"tapas-narval-carton-lomo-15-mm-indd-7","status":"inherit","uploaded_to":66590,"date":"2022-06-08 23:48:59","modified":"2022-06-08 23:48:59","menu_order":0,"mime_type":"image\/jpeg","type":"image","subtype":"jpeg","icon":"https:\/\/www.editorialjuventud.es\/wp-includes\/images\/media\/default.png","width":2243,"height":2244,"sizes":{"thumbnail":"https:\/\/www.editorialjuventud.es\/wp-content\/uploads\/Bombolles_Cover_CAT-200x200.jpg","thumbnail-width":200,"thumbnail-height":200,"medium":"https:\/\/www.editorialjuventud.es\/wp-content\/uploads\/Bombolles_Cover_CAT.jpg","medium-width":2243,"medium-height":2244,"medium_large":"https:\/\/www.editorialjuventud.es\/wp-content\/uploads\/Bombolles_Cover_CAT-768x768.jpg","medium_large-width":768,"medium_large-height":768,"large":"https:\/\/www.editorialjuventud.es\/wp-content\/uploads\/Bombolles_Cover_CAT.jpg","large-width":2243,"large-height":2244,"1536x1536":"https:\/\/www.editorialjuventud.es\/wp-content\/uploads\/Bombolles_Cover_CAT-1536x1536.jpg","1536x1536-width":1536,"1536x1536-height":1536,"2048x2048":"https:\/\/www.editorialjuventud.es\/wp-content\/uploads\/Bombolles_Cover_CAT-2048x2048.jpg","2048x2048-width":2048,"2048x2048-height":2048,"woocommerce_thumbnail":"https:\/\/www.editorialjuventud.es\/wp-content\/uploads\/Bombolles_Cover_CAT-350x350.jpg","woocommerce_thumbnail-width":350,"woocommerce_thumbnail-height":350,"woocommerce_single":"https:\/\/www.editorialjuventud.es\/wp-content\/uploads\/Bombolles_Cover_CAT-900x900.jpg","woocommerce_single-width":900,"woocommerce_single-height":900,"woocommerce_gallery_thumbnail":"https:\/\/www.editorialjuventud.es\/wp-content\/uploads\/Bombolles_Cover_CAT-100x100.jpg","woocommerce_gallery_thumbnail-width":100,"woocommerce_gallery_thumbnail-height":100,"ppec_logo_image_size":"https:\/\/www.editorialjuventud.es\/wp-content\/uploads\/Bombolles_Cover_CAT-60x60.jpg","ppec_logo_image_size-width":60,"ppec_logo_image_size-height":60,"ppec_header_image_size":"https:\/\/www.editorialjuventud.es\/wp-content\/uploads\/Bombolles_Cover_CAT-90x90.jpg","ppec_header_image_size-width":90,"ppec_header_image_size-height":90}},"texto_enlace_ficha_tecnica":"","enlace_ficha_tecnica":false,"ficheros":false,"titulo-fr":"","texto-fr":""},"yoast_head":"<!-- This site is optimized with the Yoast SEO plugin v27.3 - https:\/\/yoast.com\/product\/yoast-seo-wordpress\/ -->\n<title>Bombolles - Editorial Juventud<\/title>\n<meta name=\"description\" content=\"Si un problema et busca les pessigolles sempre trobar\u00e0s noves bombolles! Una proposta amb els dos protagonistes m\u00e9s divertits del c\u00f2mic infantil, aquest\" \/>\n<meta name=\"robots\" content=\"index, follow, max-snippet:-1, max-image-preview:large, max-video-preview:-1\" \/>\n<link rel=\"canonical\" href=\"https:\/\/www.editorialjuventud.es\/bombolles-9788426147462\/\" \/>\n<meta property=\"og:locale\" content=\"ca_ES\" \/>\n<meta property=\"og:type\" content=\"article\" \/>\n<meta property=\"og:title\" content=\"Bombolles - Editorial Juventud\" \/>\n<meta property=\"og:description\" content=\"Si un problema et busca les pessigolles sempre trobar\u00e0s noves bombolles! Una proposta amb els dos protagonistes m\u00e9s divertits del c\u00f2mic infantil, aquest\" \/>\n<meta property=\"og:url\" content=\"https:\/\/www.editorialjuventud.es\/bombolles-9788426147462\/\" \/>\n<meta property=\"og:site_name\" content=\"Editorial Juventud\" \/>\n<meta property=\"article:modified_time\" content=\"2025-10-29T11:45:30+00:00\" \/>\n<meta property=\"og:image\" content=\"https:\/\/www.editorialjuventud.es\/wp-content\/uploads\/9788426147462.jpg\" \/>\n\t<meta property=\"og:image:width\" content=\"630\" \/>\n\t<meta property=\"og:image:height\" content=\"630\" \/>\n\t<meta property=\"og:image:type\" content=\"image\/jpeg\" \/>\n<meta name=\"twitter:card\" content=\"summary_large_image\" \/>\n<meta name=\"twitter:label1\" content=\"Temps estimat de lectura\" \/>\n\t<meta name=\"twitter:data1\" content=\"1 minut\" \/>\n<script type=\"application\/ld+json\" class=\"yoast-schema-graph\">{\"@context\":\"https:\\\/\\\/schema.org\",\"@graph\":[{\"@type\":\"WebPage\",\"@id\":\"https:\\\/\\\/www.editorialjuventud.es\\\/bombolles-9788426147462\\\/\",\"url\":\"https:\\\/\\\/www.editorialjuventud.es\\\/bombolles-9788426147462\\\/\",\"name\":\"Bombolles - Editorial Juventud\",\"isPartOf\":{\"@id\":\"https:\\\/\\\/www.editorialjuventud.es\\\/#website\"},\"primaryImageOfPage\":{\"@id\":\"https:\\\/\\\/www.editorialjuventud.es\\\/bombolles-9788426147462\\\/#primaryimage\"},\"image\":{\"@id\":\"https:\\\/\\\/www.editorialjuventud.es\\\/bombolles-9788426147462\\\/#primaryimage\"},\"thumbnailUrl\":\"https:\\\/\\\/www.editorialjuventud.es\\\/wp-content\\\/uploads\\\/9788426147462.jpg\",\"datePublished\":\"2022-06-02T08:39:23+00:00\",\"dateModified\":\"2025-10-29T11:45:30+00:00\",\"description\":\"Si un problema et busca les pessigolles sempre trobar\u00e0s noves bombolles! Una proposta amb els dos protagonistes m\u00e9s divertits del c\u00f2mic infantil, aquest\",\"breadcrumb\":{\"@id\":\"https:\\\/\\\/www.editorialjuventud.es\\\/bombolles-9788426147462\\\/#breadcrumb\"},\"inLanguage\":\"ca\",\"potentialAction\":[{\"@type\":\"ReadAction\",\"target\":[\"https:\\\/\\\/www.editorialjuventud.es\\\/bombolles-9788426147462\\\/\"]}]},{\"@type\":\"ImageObject\",\"inLanguage\":\"ca\",\"@id\":\"https:\\\/\\\/www.editorialjuventud.es\\\/bombolles-9788426147462\\\/#primaryimage\",\"url\":\"https:\\\/\\\/www.editorialjuventud.es\\\/wp-content\\\/uploads\\\/9788426147462.jpg\",\"contentUrl\":\"https:\\\/\\\/www.editorialjuventud.es\\\/wp-content\\\/uploads\\\/9788426147462.jpg\",\"width\":630,\"height\":630,\"caption\":\"9788426147462.jpg\"},{\"@type\":\"BreadcrumbList\",\"@id\":\"https:\\\/\\\/www.editorialjuventud.es\\\/bombolles-9788426147462\\\/#breadcrumb\",\"itemListElement\":[{\"@type\":\"ListItem\",\"position\":1,\"name\":\"Portada\",\"item\":\"https:\\\/\\\/www.editorialjuventud.es\\\/\"},{\"@type\":\"ListItem\",\"position\":2,\"name\":\"cat\u00e1logo\",\"item\":\"https:\\\/\\\/www.editorialjuventud.es\\\/coleccion\\\/catalogo\\\/\"},{\"@type\":\"ListItem\",\"position\":3,\"name\":\"catal\u00e0\",\"item\":\"https:\\\/\\\/www.editorialjuventud.es\\\/coleccion\\\/catala\\\/\"},{\"@type\":\"ListItem\",\"position\":4,\"name\":\"Els Meus Primers Llibres\",\"item\":\"https:\\\/\\\/www.editorialjuventud.es\\\/ca\\\/coleccion\\\/els-meus-primers-llibres\\\/\"},{\"@type\":\"ListItem\",\"position\":5,\"name\":\"Llibres de Cartr\u00f3 de Narval i Medu\",\"item\":\"https:\\\/\\\/www.editorialjuventud.es\\\/ca\\\/coleccion\\\/llibres-de-cartro-de-narval-i-medu\\\/\"},{\"@type\":\"ListItem\",\"position\":6,\"name\":\"Bombolles\"}]},{\"@type\":\"WebSite\",\"@id\":\"https:\\\/\\\/www.editorialjuventud.es\\\/#website\",\"url\":\"https:\\\/\\\/www.editorialjuventud.es\\\/\",\"name\":\"Editorial Juventud\",\"description\":\"\",\"potentialAction\":[{\"@type\":\"SearchAction\",\"target\":{\"@type\":\"EntryPoint\",\"urlTemplate\":\"https:\\\/\\\/www.editorialjuventud.es\\\/?s={search_term_string}\"},\"query-input\":{\"@type\":\"PropertyValueSpecification\",\"valueRequired\":true,\"valueName\":\"search_term_string\"}}],\"inLanguage\":\"ca\"}]}<\/script>\n<!-- \/ Yoast SEO plugin. -->","yoast_head_json":{"title":"Bombolles - Editorial Juventud","description":"Si un problema et busca les pessigolles sempre trobar\u00e0s noves bombolles! Una proposta amb els dos protagonistes m\u00e9s divertits del c\u00f2mic infantil, aquest","robots":{"index":"index","follow":"follow","max-snippet":"max-snippet:-1","max-image-preview":"max-image-preview:large","max-video-preview":"max-video-preview:-1"},"canonical":"https:\/\/www.editorialjuventud.es\/bombolles-9788426147462\/","og_locale":"ca_ES","og_type":"article","og_title":"Bombolles - Editorial Juventud","og_description":"Si un problema et busca les pessigolles sempre trobar\u00e0s noves bombolles! Una proposta amb els dos protagonistes m\u00e9s divertits del c\u00f2mic infantil, aquest","og_url":"https:\/\/www.editorialjuventud.es\/bombolles-9788426147462\/","og_site_name":"Editorial Juventud","article_modified_time":"2025-10-29T11:45:30+00:00","og_image":[{"width":630,"height":630,"url":"https:\/\/www.editorialjuventud.es\/wp-content\/uploads\/9788426147462.jpg","type":"image\/jpeg"}],"twitter_card":"summary_large_image","twitter_misc":{"Temps estimat de lectura":"1 minut"},"schema":{"@context":"https:\/\/schema.org","@graph":[{"@type":"WebPage","@id":"https:\/\/www.editorialjuventud.es\/bombolles-9788426147462\/","url":"https:\/\/www.editorialjuventud.es\/bombolles-9788426147462\/","name":"Bombolles - Editorial Juventud","isPartOf":{"@id":"https:\/\/www.editorialjuventud.es\/#website"},"primaryImageOfPage":{"@id":"https:\/\/www.editorialjuventud.es\/bombolles-9788426147462\/#primaryimage"},"image":{"@id":"https:\/\/www.editorialjuventud.es\/bombolles-9788426147462\/#primaryimage"},"thumbnailUrl":"https:\/\/www.editorialjuventud.es\/wp-content\/uploads\/9788426147462.jpg","datePublished":"2022-06-02T08:39:23+00:00","dateModified":"2025-10-29T11:45:30+00:00","description":"Si un problema et busca les pessigolles sempre trobar\u00e0s noves bombolles! Una proposta amb els dos protagonistes m\u00e9s divertits del c\u00f2mic infantil, aquest","breadcrumb":{"@id":"https:\/\/www.editorialjuventud.es\/bombolles-9788426147462\/#breadcrumb"},"inLanguage":"ca","potentialAction":[{"@type":"ReadAction","target":["https:\/\/www.editorialjuventud.es\/bombolles-9788426147462\/"]}]},{"@type":"ImageObject","inLanguage":"ca","@id":"https:\/\/www.editorialjuventud.es\/bombolles-9788426147462\/#primaryimage","url":"https:\/\/www.editorialjuventud.es\/wp-content\/uploads\/9788426147462.jpg","contentUrl":"https:\/\/www.editorialjuventud.es\/wp-content\/uploads\/9788426147462.jpg","width":630,"height":630,"caption":"9788426147462.jpg"},{"@type":"BreadcrumbList","@id":"https:\/\/www.editorialjuventud.es\/bombolles-9788426147462\/#breadcrumb","itemListElement":[{"@type":"ListItem","position":1,"name":"Portada","item":"https:\/\/www.editorialjuventud.es\/"},{"@type":"ListItem","position":2,"name":"cat\u00e1logo","item":"https:\/\/www.editorialjuventud.es\/coleccion\/catalogo\/"},{"@type":"ListItem","position":3,"name":"catal\u00e0","item":"https:\/\/www.editorialjuventud.es\/coleccion\/catala\/"},{"@type":"ListItem","position":4,"name":"Els Meus Primers Llibres","item":"https:\/\/www.editorialjuventud.es\/ca\/coleccion\/els-meus-primers-llibres\/"},{"@type":"ListItem","position":5,"name":"Llibres de Cartr\u00f3 de Narval i Medu","item":"https:\/\/www.editorialjuventud.es\/ca\/coleccion\/llibres-de-cartro-de-narval-i-medu\/"},{"@type":"ListItem","position":6,"name":"Bombolles"}]},{"@type":"WebSite","@id":"https:\/\/www.editorialjuventud.es\/#website","url":"https:\/\/www.editorialjuventud.es\/","name":"Editorial Juventud","description":"","potentialAction":[{"@type":"SearchAction","target":{"@type":"EntryPoint","urlTemplate":"https:\/\/www.editorialjuventud.es\/?s={search_term_string}"},"query-input":{"@type":"PropertyValueSpecification","valueRequired":true,"valueName":"search_term_string"}}],"inLanguage":"ca"}]}},"_links":{"self":[{"href":"https:\/\/www.editorialjuventud.es\/ca\/wp-json\/wp\/v2\/product\/66590","targetHints":{"allow":["GET"]}}],"collection":[{"href":"https:\/\/www.editorialjuventud.es\/ca\/wp-json\/wp\/v2\/product"}],"about":[{"href":"https:\/\/www.editorialjuventud.es\/ca\/wp-json\/wp\/v2\/types\/product"}],"wp:featuredmedia":[{"embeddable":true,"href":"https:\/\/www.editorialjuventud.es\/ca\/wp-json\/wp\/v2\/media\/66591"}],"wp:attachment":[{"href":"https:\/\/www.editorialjuventud.es\/ca\/wp-json\/wp\/v2\/media?parent=66590"}],"wp:term":[{"taxonomy":"product_brand","embeddable":true,"href":"https:\/\/www.editorialjuventud.es\/ca\/wp-json\/wp\/v2\/product_brand?post=66590"},{"taxonomy":"product_cat","embeddable":true,"href":"https:\/\/www.editorialjuventud.es\/ca\/wp-json\/wp\/v2\/product_cat?post=66590"},{"taxonomy":"product_tag","embeddable":true,"href":"https:\/\/www.editorialjuventud.es\/ca\/wp-json\/wp\/v2\/product_tag?post=66590"},{"taxonomy":"coleccion","embeddable":true,"href":"https:\/\/www.editorialjuventud.es\/ca\/wp-json\/wp\/v2\/coleccion?post=66590"}],"curies":[{"name":"wp","href":"https:\/\/api.w.org\/{rel}","templated":true}]}}