{"id":66587,"date":"2022-06-02T10:38:57","date_gmt":"2022-06-02T08:38:57","guid":{"rendered":"https:\/\/www.editorialjuventud.es\/burbujas-9788426147455\/"},"modified":"2025-10-29T12:42:33","modified_gmt":"2025-10-29T11:42:33","slug":"burbujas-9788426147455","status":"publish","type":"product","link":"https:\/\/www.editorialjuventud.es\/ca\/burbujas-9788426147455\/","title":{"rendered":"Burbujas"},"content":{"rendered":"<p>\u00a1Si un problema se dibuja siempre aparece una nueva burbuja! \u00a1Abre este libro y lo ver\u00e1s!<\/p>\n<p>Una propuesta con los dos protagonistas m\u00e1s divertidos del c\u00f3mic infantil, en esta ocasi\u00f3n para los m\u00e1s peque\u00f1os de casa. Descubriremos que, con imaginaci\u00f3n, una mantita y unas burbujas pueden dar mucho juego. Dos libros de cart\u00f3n llenos de rimas y situaciones de lo m\u00e1s narval\u00e1sticas para que toda la familia se lo pase en grande.<\/p>\n<p>&nbsp;<\/p>\n<p>Este libro ha sido publicado con el apoyo de:<\/p>\n<p><img loading=\"lazy\" decoding=\"async\" class=\"alignnone size-full wp-image-76274\" src=\"https:\/\/www.editorialjuventud.es\/wp-content\/uploads\/unnamed.png\" alt=\"\" width=\"405\" height=\"35\" srcset=\"https:\/\/www.editorialjuventud.es\/wp-content\/uploads\/unnamed.png 405w, https:\/\/www.editorialjuventud.es\/wp-content\/uploads\/unnamed-350x30.png 350w, https:\/\/www.editorialjuventud.es\/wp-content\/uploads\/unnamed-190x16.png 190w\" sizes=\"auto, (max-width: 405px) 100vw, 405px\" \/><\/p>\n","protected":false},"excerpt":{"rendered":"\u00a1Si un problema se dibuja siempre aparece una nueva burbuja! \u00a1Abre este libro y lo ver\u00e1s! Una propuesta con los dos protagonistas m\u00e1s divertidos del c\u00f3mic infantil, en esta ocasi\u00f3n para los m\u00e1s peque\u00f1os de casa. Descubriremos que, con imaginaci\u00f3n, [&hellip;]","protected":false},"featured_media":66588,"template":"","meta":{"_acf_changed":false,"_exactmetrics_skip_tracking":false,"_exactmetrics_sitenote_active":false,"_exactmetrics_sitenote_note":"","_exactmetrics_sitenote_category":0},"product_brand":[],"product_cat":[898,1136,1142,892,1115,1184,1122,1193,893,1213,1128],"product_tag":[],"coleccion":[916,1359,1296],"class_list":{"0":"post-66587","1":"product","2":"type-product","3":"status-publish","4":"has-post-thumbnail","6":"product_cat-a-partir-de-2-anos","7":"product_cat-amistad","8":"product_cat-aventura","9":"product_cat-edades","10":"product_cat-generos","11":"product_cat-humor","12":"product_cat-libros-de-carton","13":"product_cat-mar-oceano","14":"product_cat-novedades","15":"product_cat-primeros-conceptos","16":"product_cat-tematica","17":"coleccion-castellano","18":"coleccion-libros-de-carton-de-narval-y-medu","19":"coleccion-mis-primeros-libros","21":"first","22":"instock","23":"taxable","24":"shipping-taxable","25":"purchasable","26":"product-type-simple"},"acf":{"indice":"","autor":"Clanton, Ben","codart":"4745","ediciones":"1","encuadernacion":"Cart\u00f3n","fecha_de_publicacion":"01\/06\/2022","fecha_de_reimpresion":"","novedad":"0","paginas":"22","subtitulo":"","texto_web_adicional":"","autores-libros":[16284],"ilustradores-libros":"","texto_web_novedad":"","orden":"999","portada":"0","texto_web_resaltado":"","traductores-libros":[17378],"descripcion_corta":"","recomendamos":"","mas_vendido":"","idioma-libro":"","color":false,"formato":"","mas_informacion_del_producto":false,"premios":false,"deshabilitar_compra":[],"texto_enlace_cubierta":"","enlace_cubierta":{"ID":66836,"id":66836,"title":"****tapas NARVAL CARTON (lomo 15 mm).indd","filename":"Burbujas_Cover_CAST-1.jpg","filesize":347890,"url":"https:\/\/www.editorialjuventud.es\/wp-content\/uploads\/Burbujas_Cover_CAST-1.jpg","link":"https:\/\/www.editorialjuventud.es\/ca\/?attachment_id=66836","alt":"","author":"50","description":"","caption":"","name":"tapas-narval-carton-lomo-15-mm-indd-8","status":"inherit","uploaded_to":66587,"date":"2022-06-08 23:57:30","modified":"2022-06-08 23:57:30","menu_order":0,"mime_type":"image\/jpeg","type":"image","subtype":"jpeg","icon":"https:\/\/www.editorialjuventud.es\/wp-includes\/images\/media\/default.png","width":2242,"height":2242,"sizes":{"thumbnail":"https:\/\/www.editorialjuventud.es\/wp-content\/uploads\/Burbujas_Cover_CAST-1-200x200.jpg","thumbnail-width":200,"thumbnail-height":200,"medium":"https:\/\/www.editorialjuventud.es\/wp-content\/uploads\/Burbujas_Cover_CAST-1.jpg","medium-width":2242,"medium-height":2242,"medium_large":"https:\/\/www.editorialjuventud.es\/wp-content\/uploads\/Burbujas_Cover_CAST-1-768x768.jpg","medium_large-width":768,"medium_large-height":768,"large":"https:\/\/www.editorialjuventud.es\/wp-content\/uploads\/Burbujas_Cover_CAST-1.jpg","large-width":2242,"large-height":2242,"1536x1536":"https:\/\/www.editorialjuventud.es\/wp-content\/uploads\/Burbujas_Cover_CAST-1-1536x1536.jpg","1536x1536-width":1536,"1536x1536-height":1536,"2048x2048":"https:\/\/www.editorialjuventud.es\/wp-content\/uploads\/Burbujas_Cover_CAST-1-2048x2048.jpg","2048x2048-width":2048,"2048x2048-height":2048,"woocommerce_thumbnail":"https:\/\/www.editorialjuventud.es\/wp-content\/uploads\/Burbujas_Cover_CAST-1-350x350.jpg","woocommerce_thumbnail-width":350,"woocommerce_thumbnail-height":350,"woocommerce_single":"https:\/\/www.editorialjuventud.es\/wp-content\/uploads\/Burbujas_Cover_CAST-1-900x900.jpg","woocommerce_single-width":900,"woocommerce_single-height":900,"woocommerce_gallery_thumbnail":"https:\/\/www.editorialjuventud.es\/wp-content\/uploads\/Burbujas_Cover_CAST-1-100x100.jpg","woocommerce_gallery_thumbnail-width":100,"woocommerce_gallery_thumbnail-height":100,"ppec_logo_image_size":"https:\/\/www.editorialjuventud.es\/wp-content\/uploads\/Burbujas_Cover_CAST-1-60x60.jpg","ppec_logo_image_size-width":60,"ppec_logo_image_size-height":60,"ppec_header_image_size":"https:\/\/www.editorialjuventud.es\/wp-content\/uploads\/Burbujas_Cover_CAST-1-90x90.jpg","ppec_header_image_size-width":90,"ppec_header_image_size-height":90}},"texto_enlace_ficha_tecnica":"","enlace_ficha_tecnica":false,"ficheros":false,"titulo-fr":"","texto-fr":""},"yoast_head":"<!-- This site is optimized with the Yoast SEO plugin v27.5 - https:\/\/yoast.com\/product\/yoast-seo-wordpress\/ -->\n<title>Burbujas - Editorial Juventud<\/title>\n<meta name=\"description\" content=\"\u00a1Si un problema se dibuja siempre aparece una nueva burbuja! \u00a1Abre este libro y lo ver\u00e1s! Una propuesta con los dos protagonistas m\u00e1s divertidos del c\u00f3mic\" \/>\n<meta name=\"robots\" content=\"index, follow, max-snippet:-1, max-image-preview:large, max-video-preview:-1\" \/>\n<link rel=\"canonical\" href=\"https:\/\/www.editorialjuventud.es\/burbujas-9788426147455\/\" \/>\n<meta property=\"og:locale\" content=\"ca_ES\" \/>\n<meta property=\"og:type\" content=\"article\" \/>\n<meta property=\"og:title\" content=\"Burbujas - Editorial Juventud\" \/>\n<meta property=\"og:description\" content=\"\u00a1Si un problema se dibuja siempre aparece una nueva burbuja! \u00a1Abre este libro y lo ver\u00e1s! Una propuesta con los dos protagonistas m\u00e1s divertidos del c\u00f3mic\" \/>\n<meta property=\"og:url\" content=\"https:\/\/www.editorialjuventud.es\/burbujas-9788426147455\/\" \/>\n<meta property=\"og:site_name\" content=\"Editorial Juventud\" \/>\n<meta property=\"article:modified_time\" content=\"2025-10-29T11:42:33+00:00\" \/>\n<meta property=\"og:image\" content=\"https:\/\/www.editorialjuventud.es\/wp-content\/uploads\/9788426147455.jpg\" \/>\n\t<meta property=\"og:image:width\" content=\"630\" \/>\n\t<meta property=\"og:image:height\" content=\"630\" \/>\n\t<meta property=\"og:image:type\" content=\"image\/jpeg\" \/>\n<meta name=\"twitter:card\" content=\"summary_large_image\" \/>\n<meta name=\"twitter:label1\" content=\"Temps estimat de lectura\" \/>\n\t<meta name=\"twitter:data1\" content=\"1 minut\" \/>\n<script type=\"application\/ld+json\" class=\"yoast-schema-graph\">{\"@context\":\"https:\\\/\\\/schema.org\",\"@graph\":[{\"@type\":\"WebPage\",\"@id\":\"https:\\\/\\\/www.editorialjuventud.es\\\/burbujas-9788426147455\\\/\",\"url\":\"https:\\\/\\\/www.editorialjuventud.es\\\/burbujas-9788426147455\\\/\",\"name\":\"Burbujas - Editorial Juventud\",\"isPartOf\":{\"@id\":\"https:\\\/\\\/www.editorialjuventud.es\\\/#website\"},\"primaryImageOfPage\":{\"@id\":\"https:\\\/\\\/www.editorialjuventud.es\\\/burbujas-9788426147455\\\/#primaryimage\"},\"image\":{\"@id\":\"https:\\\/\\\/www.editorialjuventud.es\\\/burbujas-9788426147455\\\/#primaryimage\"},\"thumbnailUrl\":\"https:\\\/\\\/www.editorialjuventud.es\\\/wp-content\\\/uploads\\\/9788426147455.jpg\",\"datePublished\":\"2022-06-02T08:38:57+00:00\",\"dateModified\":\"2025-10-29T11:42:33+00:00\",\"description\":\"\u00a1Si un problema se dibuja siempre aparece una nueva burbuja! \u00a1Abre este libro y lo ver\u00e1s! Una propuesta con los dos protagonistas m\u00e1s divertidos del c\u00f3mic\",\"breadcrumb\":{\"@id\":\"https:\\\/\\\/www.editorialjuventud.es\\\/burbujas-9788426147455\\\/#breadcrumb\"},\"inLanguage\":\"ca\",\"potentialAction\":[{\"@type\":\"ReadAction\",\"target\":[\"https:\\\/\\\/www.editorialjuventud.es\\\/burbujas-9788426147455\\\/\"]}]},{\"@type\":\"ImageObject\",\"inLanguage\":\"ca\",\"@id\":\"https:\\\/\\\/www.editorialjuventud.es\\\/burbujas-9788426147455\\\/#primaryimage\",\"url\":\"https:\\\/\\\/www.editorialjuventud.es\\\/wp-content\\\/uploads\\\/9788426147455.jpg\",\"contentUrl\":\"https:\\\/\\\/www.editorialjuventud.es\\\/wp-content\\\/uploads\\\/9788426147455.jpg\",\"width\":630,\"height\":630,\"caption\":\"9788426147455.jpg\"},{\"@type\":\"BreadcrumbList\",\"@id\":\"https:\\\/\\\/www.editorialjuventud.es\\\/burbujas-9788426147455\\\/#breadcrumb\",\"itemListElement\":[{\"@type\":\"ListItem\",\"position\":1,\"name\":\"Portada\",\"item\":\"https:\\\/\\\/www.editorialjuventud.es\\\/\"},{\"@type\":\"ListItem\",\"position\":2,\"name\":\"cat\u00e1logo\",\"item\":\"https:\\\/\\\/www.editorialjuventud.es\\\/coleccion\\\/catalogo\\\/\"},{\"@type\":\"ListItem\",\"position\":3,\"name\":\"castellano\",\"item\":\"https:\\\/\\\/www.editorialjuventud.es\\\/coleccion\\\/castellano\\\/\"},{\"@type\":\"ListItem\",\"position\":4,\"name\":\"Mis Primeros Libros\",\"item\":\"https:\\\/\\\/www.editorialjuventud.es\\\/coleccion\\\/mis-primeros-libros\\\/\"},{\"@type\":\"ListItem\",\"position\":5,\"name\":\"Libros de Cart\u00f3n de Narval y Medu\",\"item\":\"https:\\\/\\\/www.editorialjuventud.es\\\/coleccion\\\/libros-de-carton-de-narval-y-medu\\\/\"},{\"@type\":\"ListItem\",\"position\":6,\"name\":\"Burbujas\"}]},{\"@type\":\"WebSite\",\"@id\":\"https:\\\/\\\/www.editorialjuventud.es\\\/#website\",\"url\":\"https:\\\/\\\/www.editorialjuventud.es\\\/\",\"name\":\"Editorial Juventud\",\"description\":\"\",\"potentialAction\":[{\"@type\":\"SearchAction\",\"target\":{\"@type\":\"EntryPoint\",\"urlTemplate\":\"https:\\\/\\\/www.editorialjuventud.es\\\/?s={search_term_string}\"},\"query-input\":{\"@type\":\"PropertyValueSpecification\",\"valueRequired\":true,\"valueName\":\"search_term_string\"}}],\"inLanguage\":\"ca\"}]}<\/script>\n<!-- \/ Yoast SEO plugin. -->","yoast_head_json":{"title":"Burbujas - Editorial Juventud","description":"\u00a1Si un problema se dibuja siempre aparece una nueva burbuja! \u00a1Abre este libro y lo ver\u00e1s! Una propuesta con los dos protagonistas m\u00e1s divertidos del c\u00f3mic","robots":{"index":"index","follow":"follow","max-snippet":"max-snippet:-1","max-image-preview":"max-image-preview:large","max-video-preview":"max-video-preview:-1"},"canonical":"https:\/\/www.editorialjuventud.es\/burbujas-9788426147455\/","og_locale":"ca_ES","og_type":"article","og_title":"Burbujas - Editorial Juventud","og_description":"\u00a1Si un problema se dibuja siempre aparece una nueva burbuja! \u00a1Abre este libro y lo ver\u00e1s! Una propuesta con los dos protagonistas m\u00e1s divertidos del c\u00f3mic","og_url":"https:\/\/www.editorialjuventud.es\/burbujas-9788426147455\/","og_site_name":"Editorial Juventud","article_modified_time":"2025-10-29T11:42:33+00:00","og_image":[{"width":630,"height":630,"url":"https:\/\/www.editorialjuventud.es\/wp-content\/uploads\/9788426147455.jpg","type":"image\/jpeg"}],"twitter_card":"summary_large_image","twitter_misc":{"Temps estimat de lectura":"1 minut"},"schema":{"@context":"https:\/\/schema.org","@graph":[{"@type":"WebPage","@id":"https:\/\/www.editorialjuventud.es\/burbujas-9788426147455\/","url":"https:\/\/www.editorialjuventud.es\/burbujas-9788426147455\/","name":"Burbujas - Editorial Juventud","isPartOf":{"@id":"https:\/\/www.editorialjuventud.es\/#website"},"primaryImageOfPage":{"@id":"https:\/\/www.editorialjuventud.es\/burbujas-9788426147455\/#primaryimage"},"image":{"@id":"https:\/\/www.editorialjuventud.es\/burbujas-9788426147455\/#primaryimage"},"thumbnailUrl":"https:\/\/www.editorialjuventud.es\/wp-content\/uploads\/9788426147455.jpg","datePublished":"2022-06-02T08:38:57+00:00","dateModified":"2025-10-29T11:42:33+00:00","description":"\u00a1Si un problema se dibuja siempre aparece una nueva burbuja! \u00a1Abre este libro y lo ver\u00e1s! Una propuesta con los dos protagonistas m\u00e1s divertidos del c\u00f3mic","breadcrumb":{"@id":"https:\/\/www.editorialjuventud.es\/burbujas-9788426147455\/#breadcrumb"},"inLanguage":"ca","potentialAction":[{"@type":"ReadAction","target":["https:\/\/www.editorialjuventud.es\/burbujas-9788426147455\/"]}]},{"@type":"ImageObject","inLanguage":"ca","@id":"https:\/\/www.editorialjuventud.es\/burbujas-9788426147455\/#primaryimage","url":"https:\/\/www.editorialjuventud.es\/wp-content\/uploads\/9788426147455.jpg","contentUrl":"https:\/\/www.editorialjuventud.es\/wp-content\/uploads\/9788426147455.jpg","width":630,"height":630,"caption":"9788426147455.jpg"},{"@type":"BreadcrumbList","@id":"https:\/\/www.editorialjuventud.es\/burbujas-9788426147455\/#breadcrumb","itemListElement":[{"@type":"ListItem","position":1,"name":"Portada","item":"https:\/\/www.editorialjuventud.es\/"},{"@type":"ListItem","position":2,"name":"cat\u00e1logo","item":"https:\/\/www.editorialjuventud.es\/coleccion\/catalogo\/"},{"@type":"ListItem","position":3,"name":"castellano","item":"https:\/\/www.editorialjuventud.es\/coleccion\/castellano\/"},{"@type":"ListItem","position":4,"name":"Mis Primeros Libros","item":"https:\/\/www.editorialjuventud.es\/coleccion\/mis-primeros-libros\/"},{"@type":"ListItem","position":5,"name":"Libros de Cart\u00f3n de Narval y Medu","item":"https:\/\/www.editorialjuventud.es\/coleccion\/libros-de-carton-de-narval-y-medu\/"},{"@type":"ListItem","position":6,"name":"Burbujas"}]},{"@type":"WebSite","@id":"https:\/\/www.editorialjuventud.es\/#website","url":"https:\/\/www.editorialjuventud.es\/","name":"Editorial Juventud","description":"","potentialAction":[{"@type":"SearchAction","target":{"@type":"EntryPoint","urlTemplate":"https:\/\/www.editorialjuventud.es\/?s={search_term_string}"},"query-input":{"@type":"PropertyValueSpecification","valueRequired":true,"valueName":"search_term_string"}}],"inLanguage":"ca"}]}},"_links":{"self":[{"href":"https:\/\/www.editorialjuventud.es\/ca\/wp-json\/wp\/v2\/product\/66587","targetHints":{"allow":["GET"]}}],"collection":[{"href":"https:\/\/www.editorialjuventud.es\/ca\/wp-json\/wp\/v2\/product"}],"about":[{"href":"https:\/\/www.editorialjuventud.es\/ca\/wp-json\/wp\/v2\/types\/product"}],"wp:featuredmedia":[{"embeddable":true,"href":"https:\/\/www.editorialjuventud.es\/ca\/wp-json\/wp\/v2\/media\/66588"}],"wp:attachment":[{"href":"https:\/\/www.editorialjuventud.es\/ca\/wp-json\/wp\/v2\/media?parent=66587"}],"wp:term":[{"taxonomy":"product_brand","embeddable":true,"href":"https:\/\/www.editorialjuventud.es\/ca\/wp-json\/wp\/v2\/product_brand?post=66587"},{"taxonomy":"product_cat","embeddable":true,"href":"https:\/\/www.editorialjuventud.es\/ca\/wp-json\/wp\/v2\/product_cat?post=66587"},{"taxonomy":"product_tag","embeddable":true,"href":"https:\/\/www.editorialjuventud.es\/ca\/wp-json\/wp\/v2\/product_tag?post=66587"},{"taxonomy":"coleccion","embeddable":true,"href":"https:\/\/www.editorialjuventud.es\/ca\/wp-json\/wp\/v2\/coleccion?post=66587"}],"curies":[{"name":"wp","href":"https:\/\/api.w.org\/{rel}","templated":true}]}}