{"id":65912,"date":"2022-05-12T11:39:33","date_gmt":"2022-05-12T09:39:33","guid":{"rendered":"https:\/\/www.editorialjuventud.es\/el-mon-dels-verins-9788426147912\/"},"modified":"2025-10-29T12:44:49","modified_gmt":"2025-10-29T11:44:49","slug":"el-mon-dels-verins-9788426147912","status":"publish","type":"product","link":"https:\/\/www.editorialjuventud.es\/ca\/el-mon-dels-verins-9788426147912\/","title":{"rendered":"El m\u00f3n dels verins"},"content":{"rendered":"<p>T&#8217;has preguntat alguna vegada qu\u00e8 \u00e9s un ver\u00ed, com es produeix o d&#8217;on ve i qu\u00e8 fa? Dius que enverina? Sens dubte: hem d&#8217;anar molt amb compte amb els verins. Per\u00f2 sabies que administrats en petites dosis alguns et poden guarir o alleujar el dolor, si se sap com fer-ho? Hi ha animals que els cal ver\u00ed per protegir-se en entorns hostils. Si no fossin verinosos, el seu temps a la Terra seria realment molt breu. Aix\u00ed doncs, qui i qu\u00e8 \u00e9s verin\u00f3s? Molt o poc? I per qu\u00e8 fan servir el ver\u00ed les plantes? No en tens ni idea? Doncs endinsa&#8217;t en aquest llibre i no trigar\u00e0s a esbrinar-ho. Per\u00f2 atenci\u00f3! Recorda que actues sota la teva responsabilitat!<\/p>\n<p>Una proposta irresistible per la seva tem\u00e0tica i presentaci\u00f3 amb p\u00e0gines desplegables. Una manera de descobrir la hist\u00f2ria, els usos i an\u00e8cdotes del ver\u00ed. Il\u00b7lustrat per la guardonada Anastasia Strockov\u00e1.<\/p>\n<p>&nbsp;<\/p>\n<p>Aquest llibre ha estat publicat amb el suport de:<\/p>\n<p><img loading=\"lazy\" decoding=\"async\" class=\"alignnone size-full wp-image-76274\" src=\"https:\/\/www.editorialjuventud.es\/wp-content\/uploads\/unnamed.png\" alt=\"\" width=\"405\" height=\"35\" srcset=\"https:\/\/www.editorialjuventud.es\/wp-content\/uploads\/unnamed.png 405w, https:\/\/www.editorialjuventud.es\/wp-content\/uploads\/unnamed-350x30.png 350w, https:\/\/www.editorialjuventud.es\/wp-content\/uploads\/unnamed-190x16.png 190w\" sizes=\"auto, (max-width: 405px) 100vw, 405px\" \/><\/p>\n","protected":false},"excerpt":{"rendered":"T&#8217;has preguntat alguna vegada qu\u00e8 \u00e9s un ver\u00ed, com es produeix o d&#8217;on ve i qu\u00e8 fa? Dius que enverina? Sens dubte: hem d&#8217;anar molt amb compte amb els verins. Per\u00f2 sabies que administrats en petites dosis alguns et poden [&hellip;]","protected":false},"featured_media":65913,"template":"","meta":{"_acf_changed":false,"_exactmetrics_skip_tracking":false,"_exactmetrics_sitenote_active":false,"_exactmetrics_sitenote_note":"","_exactmetrics_sitenote_category":0},"product_brand":[],"product_cat":[902,1121,1138,1283,1115,1183,1187,1201,1210,1223],"product_tag":[],"coleccion":[917,915,946],"class_list":{"0":"post-65912","1":"product","2":"type-product","3":"status-publish","4":"has-post-thumbnail","6":"product_cat-a-partir-de-7-anos","7":"product_cat-albumes-ilustrados","8":"product_cat-animales","9":"product_cat-ciencias-naturales","10":"product_cat-generos","11":"product_cat-historia","12":"product_cat-insectos","13":"product_cat-naturaleza-biodiversidad","14":"product_cat-plantas-bosques","15":"product_cat-supervivencia","16":"coleccion-albums-illustrats","17":"coleccion-catala","18":"coleccion-com-i-per-que","20":"first","21":"instock","22":"taxable","23":"shipping-taxable","24":"purchasable","25":"product-type-simple"},"acf":{"indice":"","autor":"Fenykov\u00e1, S\u00e1rka","codart":"4791","ediciones":"1","encuadernacion":"Carton\u00e9","fecha_de_publicacion":"01\/05\/2022","fecha_de_reimpresion":"","novedad":"0","paginas":"48","subtitulo":"","texto_web_adicional":"","autores-libros":[79493],"ilustradores-libros":[79487],"texto_web_novedad":"","orden":"999","portada":"0","texto_web_resaltado":"","traductores-libros":[18265],"descripcion_corta":"","recomendamos":"","mas_vendido":"","idioma-libro":"","color":false,"formato":"","mas_informacion_del_producto":false,"premios":false,"deshabilitar_compra":[],"texto_enlace_cubierta":"","enlace_cubierta":{"ID":65998,"id":65998,"title":"cover EL GRAN LIBRO DE LOS VENENOS.indd","filename":"EL-MON-DELS-VERINS_CAT-scaled.jpg","filesize":465049,"url":"https:\/\/www.editorialjuventud.es\/wp-content\/uploads\/EL-MON-DELS-VERINS_CAT-scaled.jpg","link":"https:\/\/www.editorialjuventud.es\/ca\/?attachment_id=65998","alt":"","author":"50","description":"","caption":"","name":"cover-el-gran-libro-de-los-venenos-indd-4","status":"inherit","uploaded_to":65912,"date":"2022-05-13 07:40:45","modified":"2022-05-13 07:40:45","menu_order":0,"mime_type":"image\/jpeg","type":"image","subtype":"jpeg","icon":"https:\/\/www.editorialjuventud.es\/wp-includes\/images\/media\/default.png","width":1991,"height":2560,"sizes":{"thumbnail":"https:\/\/www.editorialjuventud.es\/wp-content\/uploads\/EL-MON-DELS-VERINS_CAT-200x200.jpg","thumbnail-width":200,"thumbnail-height":200,"medium":"https:\/\/www.editorialjuventud.es\/wp-content\/uploads\/EL-MON-DELS-VERINS_CAT-scaled.jpg","medium-width":1991,"medium-height":2560,"medium_large":"https:\/\/www.editorialjuventud.es\/wp-content\/uploads\/EL-MON-DELS-VERINS_CAT-768x988.jpg","medium_large-width":768,"medium_large-height":988,"large":"https:\/\/www.editorialjuventud.es\/wp-content\/uploads\/EL-MON-DELS-VERINS_CAT-scaled.jpg","large-width":1991,"large-height":2560,"1536x1536":"https:\/\/www.editorialjuventud.es\/wp-content\/uploads\/EL-MON-DELS-VERINS_CAT-1194x1536.jpg","1536x1536-width":1194,"1536x1536-height":1536,"2048x2048":"https:\/\/www.editorialjuventud.es\/wp-content\/uploads\/EL-MON-DELS-VERINS_CAT-1593x2048.jpg","2048x2048-width":1593,"2048x2048-height":2048,"woocommerce_thumbnail":"https:\/\/www.editorialjuventud.es\/wp-content\/uploads\/EL-MON-DELS-VERINS_CAT-350x450.jpg","woocommerce_thumbnail-width":350,"woocommerce_thumbnail-height":450,"woocommerce_single":"https:\/\/www.editorialjuventud.es\/wp-content\/uploads\/EL-MON-DELS-VERINS_CAT-900x1157.jpg","woocommerce_single-width":900,"woocommerce_single-height":1157,"woocommerce_gallery_thumbnail":"https:\/\/www.editorialjuventud.es\/wp-content\/uploads\/EL-MON-DELS-VERINS_CAT-100x100.jpg","woocommerce_gallery_thumbnail-width":100,"woocommerce_gallery_thumbnail-height":100,"ppec_logo_image_size":"https:\/\/www.editorialjuventud.es\/wp-content\/uploads\/EL-MON-DELS-VERINS_CAT-47x60.jpg","ppec_logo_image_size-width":47,"ppec_logo_image_size-height":60,"ppec_header_image_size":"https:\/\/www.editorialjuventud.es\/wp-content\/uploads\/EL-MON-DELS-VERINS_CAT-70x90.jpg","ppec_header_image_size-width":70,"ppec_header_image_size-height":90}},"texto_enlace_ficha_tecnica":"","enlace_ficha_tecnica":{"ID":66000,"id":66000,"title":"El Mo\u0301n dels Varins","filename":"El-Mo\u0301n-dels-Varins.pdf","filesize":1113023,"url":"https:\/\/www.editorialjuventud.es\/wp-content\/uploads\/El-Mo\u0301n-dels-Varins.pdf","link":"https:\/\/www.editorialjuventud.es\/ca\/?attachment_id=66000","alt":"","author":"50","description":"","caption":"","name":"el-mon-dels-varins","status":"inherit","uploaded_to":65912,"date":"2022-05-13 07:41:48","modified":"2022-05-13 07:41:48","menu_order":0,"mime_type":"application\/pdf","type":"application","subtype":"pdf","icon":"https:\/\/www.editorialjuventud.es\/wp-includes\/images\/media\/document.png"},"ficheros":false,"titulo-fr":"","texto-fr":""},"yoast_head":"<!-- This site is optimized with the Yoast SEO plugin v27.3 - https:\/\/yoast.com\/product\/yoast-seo-wordpress\/ -->\n<title>El m\u00f3n dels verins - Editorial Juventud<\/title>\n<meta name=\"description\" content=\"T&#039;has preguntat alguna vegada qu\u00e8 \u00e9s un ver\u00ed, com es produeix o d&#039;on ve i qu\u00e8 fa? Dius que enverina? Sens dubte: hem d&#039;anar molt amb compte amb els\" \/>\n<meta name=\"robots\" content=\"index, follow, max-snippet:-1, max-image-preview:large, max-video-preview:-1\" \/>\n<link rel=\"canonical\" href=\"https:\/\/www.editorialjuventud.es\/el-mon-dels-verins-9788426147912\/\" \/>\n<meta property=\"og:locale\" content=\"ca_ES\" \/>\n<meta property=\"og:type\" content=\"article\" \/>\n<meta property=\"og:title\" content=\"El m\u00f3n dels verins - Editorial Juventud\" \/>\n<meta property=\"og:description\" content=\"T&#039;has preguntat alguna vegada qu\u00e8 \u00e9s un ver\u00ed, com es produeix o d&#039;on ve i qu\u00e8 fa? Dius que enverina? Sens dubte: hem d&#039;anar molt amb compte amb els\" \/>\n<meta property=\"og:url\" content=\"https:\/\/www.editorialjuventud.es\/el-mon-dels-verins-9788426147912\/\" \/>\n<meta property=\"og:site_name\" content=\"Editorial Juventud\" \/>\n<meta property=\"article:modified_time\" content=\"2025-10-29T11:44:49+00:00\" \/>\n<meta property=\"og:image\" content=\"https:\/\/www.editorialjuventud.es\/wp-content\/uploads\/9788426147912.jpg\" \/>\n\t<meta property=\"og:image:width\" content=\"630\" \/>\n\t<meta property=\"og:image:height\" content=\"810\" \/>\n\t<meta property=\"og:image:type\" content=\"image\/jpeg\" \/>\n<meta name=\"twitter:card\" content=\"summary_large_image\" \/>\n<meta name=\"twitter:label1\" content=\"Temps estimat de lectura\" \/>\n\t<meta name=\"twitter:data1\" content=\"2 minuts\" \/>\n<script type=\"application\/ld+json\" class=\"yoast-schema-graph\">{\"@context\":\"https:\\\/\\\/schema.org\",\"@graph\":[{\"@type\":\"WebPage\",\"@id\":\"https:\\\/\\\/www.editorialjuventud.es\\\/el-mon-dels-verins-9788426147912\\\/\",\"url\":\"https:\\\/\\\/www.editorialjuventud.es\\\/el-mon-dels-verins-9788426147912\\\/\",\"name\":\"El m\u00f3n dels verins - Editorial Juventud\",\"isPartOf\":{\"@id\":\"https:\\\/\\\/www.editorialjuventud.es\\\/#website\"},\"primaryImageOfPage\":{\"@id\":\"https:\\\/\\\/www.editorialjuventud.es\\\/el-mon-dels-verins-9788426147912\\\/#primaryimage\"},\"image\":{\"@id\":\"https:\\\/\\\/www.editorialjuventud.es\\\/el-mon-dels-verins-9788426147912\\\/#primaryimage\"},\"thumbnailUrl\":\"https:\\\/\\\/www.editorialjuventud.es\\\/wp-content\\\/uploads\\\/9788426147912.jpg\",\"datePublished\":\"2022-05-12T09:39:33+00:00\",\"dateModified\":\"2025-10-29T11:44:49+00:00\",\"description\":\"T'has preguntat alguna vegada qu\u00e8 \u00e9s un ver\u00ed, com es produeix o d'on ve i qu\u00e8 fa? Dius que enverina? Sens dubte: hem d'anar molt amb compte amb els\",\"breadcrumb\":{\"@id\":\"https:\\\/\\\/www.editorialjuventud.es\\\/el-mon-dels-verins-9788426147912\\\/#breadcrumb\"},\"inLanguage\":\"ca\",\"potentialAction\":[{\"@type\":\"ReadAction\",\"target\":[\"https:\\\/\\\/www.editorialjuventud.es\\\/el-mon-dels-verins-9788426147912\\\/\"]}]},{\"@type\":\"ImageObject\",\"inLanguage\":\"ca\",\"@id\":\"https:\\\/\\\/www.editorialjuventud.es\\\/el-mon-dels-verins-9788426147912\\\/#primaryimage\",\"url\":\"https:\\\/\\\/www.editorialjuventud.es\\\/wp-content\\\/uploads\\\/9788426147912.jpg\",\"contentUrl\":\"https:\\\/\\\/www.editorialjuventud.es\\\/wp-content\\\/uploads\\\/9788426147912.jpg\",\"width\":630,\"height\":810,\"caption\":\"9788426147912.jpg\"},{\"@type\":\"BreadcrumbList\",\"@id\":\"https:\\\/\\\/www.editorialjuventud.es\\\/el-mon-dels-verins-9788426147912\\\/#breadcrumb\",\"itemListElement\":[{\"@type\":\"ListItem\",\"position\":1,\"name\":\"Portada\",\"item\":\"https:\\\/\\\/www.editorialjuventud.es\\\/\"},{\"@type\":\"ListItem\",\"position\":2,\"name\":\"cat\u00e1logo\",\"item\":\"https:\\\/\\\/www.editorialjuventud.es\\\/coleccion\\\/catalogo\\\/\"},{\"@type\":\"ListItem\",\"position\":3,\"name\":\"catal\u00e0\",\"item\":\"https:\\\/\\\/www.editorialjuventud.es\\\/coleccion\\\/catala\\\/\"},{\"@type\":\"ListItem\",\"position\":4,\"name\":\"\u00c0lbums Il\u00b7lustrats\",\"item\":\"https:\\\/\\\/www.editorialjuventud.es\\\/coleccion\\\/albums-il%c2%b7lustrats\\\/\"},{\"@type\":\"ListItem\",\"position\":5,\"name\":\"Com i Per qu\u00e8\",\"item\":\"https:\\\/\\\/www.editorialjuventud.es\\\/coleccion\\\/com-i-per-que\\\/\"},{\"@type\":\"ListItem\",\"position\":6,\"name\":\"El m\u00f3n dels verins\"}]},{\"@type\":\"WebSite\",\"@id\":\"https:\\\/\\\/www.editorialjuventud.es\\\/#website\",\"url\":\"https:\\\/\\\/www.editorialjuventud.es\\\/\",\"name\":\"Editorial Juventud\",\"description\":\"\",\"potentialAction\":[{\"@type\":\"SearchAction\",\"target\":{\"@type\":\"EntryPoint\",\"urlTemplate\":\"https:\\\/\\\/www.editorialjuventud.es\\\/?s={search_term_string}\"},\"query-input\":{\"@type\":\"PropertyValueSpecification\",\"valueRequired\":true,\"valueName\":\"search_term_string\"}}],\"inLanguage\":\"ca\"}]}<\/script>\n<!-- \/ Yoast SEO plugin. -->","yoast_head_json":{"title":"El m\u00f3n dels verins - Editorial Juventud","description":"T'has preguntat alguna vegada qu\u00e8 \u00e9s un ver\u00ed, com es produeix o d'on ve i qu\u00e8 fa? Dius que enverina? Sens dubte: hem d'anar molt amb compte amb els","robots":{"index":"index","follow":"follow","max-snippet":"max-snippet:-1","max-image-preview":"max-image-preview:large","max-video-preview":"max-video-preview:-1"},"canonical":"https:\/\/www.editorialjuventud.es\/el-mon-dels-verins-9788426147912\/","og_locale":"ca_ES","og_type":"article","og_title":"El m\u00f3n dels verins - Editorial Juventud","og_description":"T'has preguntat alguna vegada qu\u00e8 \u00e9s un ver\u00ed, com es produeix o d'on ve i qu\u00e8 fa? Dius que enverina? Sens dubte: hem d'anar molt amb compte amb els","og_url":"https:\/\/www.editorialjuventud.es\/el-mon-dels-verins-9788426147912\/","og_site_name":"Editorial Juventud","article_modified_time":"2025-10-29T11:44:49+00:00","og_image":[{"width":630,"height":810,"url":"https:\/\/www.editorialjuventud.es\/wp-content\/uploads\/9788426147912.jpg","type":"image\/jpeg"}],"twitter_card":"summary_large_image","twitter_misc":{"Temps estimat de lectura":"2 minuts"},"schema":{"@context":"https:\/\/schema.org","@graph":[{"@type":"WebPage","@id":"https:\/\/www.editorialjuventud.es\/el-mon-dels-verins-9788426147912\/","url":"https:\/\/www.editorialjuventud.es\/el-mon-dels-verins-9788426147912\/","name":"El m\u00f3n dels verins - Editorial Juventud","isPartOf":{"@id":"https:\/\/www.editorialjuventud.es\/#website"},"primaryImageOfPage":{"@id":"https:\/\/www.editorialjuventud.es\/el-mon-dels-verins-9788426147912\/#primaryimage"},"image":{"@id":"https:\/\/www.editorialjuventud.es\/el-mon-dels-verins-9788426147912\/#primaryimage"},"thumbnailUrl":"https:\/\/www.editorialjuventud.es\/wp-content\/uploads\/9788426147912.jpg","datePublished":"2022-05-12T09:39:33+00:00","dateModified":"2025-10-29T11:44:49+00:00","description":"T'has preguntat alguna vegada qu\u00e8 \u00e9s un ver\u00ed, com es produeix o d'on ve i qu\u00e8 fa? Dius que enverina? Sens dubte: hem d'anar molt amb compte amb els","breadcrumb":{"@id":"https:\/\/www.editorialjuventud.es\/el-mon-dels-verins-9788426147912\/#breadcrumb"},"inLanguage":"ca","potentialAction":[{"@type":"ReadAction","target":["https:\/\/www.editorialjuventud.es\/el-mon-dels-verins-9788426147912\/"]}]},{"@type":"ImageObject","inLanguage":"ca","@id":"https:\/\/www.editorialjuventud.es\/el-mon-dels-verins-9788426147912\/#primaryimage","url":"https:\/\/www.editorialjuventud.es\/wp-content\/uploads\/9788426147912.jpg","contentUrl":"https:\/\/www.editorialjuventud.es\/wp-content\/uploads\/9788426147912.jpg","width":630,"height":810,"caption":"9788426147912.jpg"},{"@type":"BreadcrumbList","@id":"https:\/\/www.editorialjuventud.es\/el-mon-dels-verins-9788426147912\/#breadcrumb","itemListElement":[{"@type":"ListItem","position":1,"name":"Portada","item":"https:\/\/www.editorialjuventud.es\/"},{"@type":"ListItem","position":2,"name":"cat\u00e1logo","item":"https:\/\/www.editorialjuventud.es\/coleccion\/catalogo\/"},{"@type":"ListItem","position":3,"name":"catal\u00e0","item":"https:\/\/www.editorialjuventud.es\/coleccion\/catala\/"},{"@type":"ListItem","position":4,"name":"\u00c0lbums Il\u00b7lustrats","item":"https:\/\/www.editorialjuventud.es\/coleccion\/albums-il%c2%b7lustrats\/"},{"@type":"ListItem","position":5,"name":"Com i Per qu\u00e8","item":"https:\/\/www.editorialjuventud.es\/coleccion\/com-i-per-que\/"},{"@type":"ListItem","position":6,"name":"El m\u00f3n dels verins"}]},{"@type":"WebSite","@id":"https:\/\/www.editorialjuventud.es\/#website","url":"https:\/\/www.editorialjuventud.es\/","name":"Editorial Juventud","description":"","potentialAction":[{"@type":"SearchAction","target":{"@type":"EntryPoint","urlTemplate":"https:\/\/www.editorialjuventud.es\/?s={search_term_string}"},"query-input":{"@type":"PropertyValueSpecification","valueRequired":true,"valueName":"search_term_string"}}],"inLanguage":"ca"}]}},"_links":{"self":[{"href":"https:\/\/www.editorialjuventud.es\/ca\/wp-json\/wp\/v2\/product\/65912","targetHints":{"allow":["GET"]}}],"collection":[{"href":"https:\/\/www.editorialjuventud.es\/ca\/wp-json\/wp\/v2\/product"}],"about":[{"href":"https:\/\/www.editorialjuventud.es\/ca\/wp-json\/wp\/v2\/types\/product"}],"wp:featuredmedia":[{"embeddable":true,"href":"https:\/\/www.editorialjuventud.es\/ca\/wp-json\/wp\/v2\/media\/65913"}],"wp:attachment":[{"href":"https:\/\/www.editorialjuventud.es\/ca\/wp-json\/wp\/v2\/media?parent=65912"}],"wp:term":[{"taxonomy":"product_brand","embeddable":true,"href":"https:\/\/www.editorialjuventud.es\/ca\/wp-json\/wp\/v2\/product_brand?post=65912"},{"taxonomy":"product_cat","embeddable":true,"href":"https:\/\/www.editorialjuventud.es\/ca\/wp-json\/wp\/v2\/product_cat?post=65912"},{"taxonomy":"product_tag","embeddable":true,"href":"https:\/\/www.editorialjuventud.es\/ca\/wp-json\/wp\/v2\/product_tag?post=65912"},{"taxonomy":"coleccion","embeddable":true,"href":"https:\/\/www.editorialjuventud.es\/ca\/wp-json\/wp\/v2\/coleccion?post=65912"}],"curies":[{"name":"wp","href":"https:\/\/api.w.org\/{rel}","templated":true}]}}