{"id":65906,"date":"2022-05-12T11:32:11","date_gmt":"2022-05-12T09:32:11","guid":{"rendered":"https:\/\/www.editorialjuventud.es\/la-mia-es-fa-gran-9788426147905\/"},"modified":"2026-03-30T12:25:40","modified_gmt":"2026-03-30T10:25:40","slug":"la-mia-es-fa-gran-nova-ed-ampliada-9788426147905","status":"publish","type":"product","link":"https:\/\/www.editorialjuventud.es\/ca\/la-mia-es-fa-gran-nova-ed-ampliada-9788426147905\/","title":{"rendered":"La Mia es fa gran (nova ed. ampliada)"},"content":{"rendered":"<p>La Mia t\u00e9 nou anys i ens explica aqu\u00ed l&#8217;extraordin\u00e0ria aventura de fer-se gran. Descobreix quins canvis experimenta el cos d&#8217;una nena durant la pubertat: Pits? Tops? Sostenidors? Dormir m\u00e9s? P\u00e8ls? Depilar-se? Regla? Compreses? Tampons? La seva pediatra respondr\u00e0 a totes les preguntes&#8230; Fer-se gran \u00e9s una gran aventura i com m\u00e9s en s\u00e0pigues, millor!<\/p>\n<p>Un llibre per parlar dels canvis de la pubertat escrit per una pediatra-endocrin\u00f2loga posant l&#8217;accent en els h\u00e0bits saludables i en el proc\u00e9s normal de les adolescents. En aquesta nova edici\u00f3, revisada i ampliada, s&#8217;han incl\u00f2s noves alternatives per a la menstruaci\u00f3, com les copes i calces menstruals, a banda de consells alimentaris que contemplen una dieta vegetariana i vegana. Al final, incorpora un calendari menstrual. En aquest llibre les nenes adolescents i els seus pares trobaran resposta a totes les preguntes que els puguin sorgir.<\/p>\n<p>La Mia es fa gran, va guanyar diferents premis el 2016 i 2017, com ara el Cr\u00edtica Serra d&#8217;Or 2017 i el premi Jaume Aiguader i Mir\u00f3 (divulgaci\u00f3 i educaci\u00f3 sanit\u00e0ria) 2017.<\/p>\n<p><img loading=\"lazy\" decoding=\"async\" class=\"alignnone  wp-image-101828\" src=\"https:\/\/www.editorialjuventud.es\/wp-content\/uploads\/Logo_Suport_ICEC-2.jpg\" alt=\"\" width=\"578\" height=\"151\" srcset=\"https:\/\/www.editorialjuventud.es\/wp-content\/uploads\/Logo_Suport_ICEC-2.jpg 1237w, https:\/\/www.editorialjuventud.es\/wp-content\/uploads\/Logo_Suport_ICEC-2-768x201.jpg 768w, https:\/\/www.editorialjuventud.es\/wp-content\/uploads\/Logo_Suport_ICEC-2-350x92.jpg 350w, https:\/\/www.editorialjuventud.es\/wp-content\/uploads\/Logo_Suport_ICEC-2-900x236.jpg 900w, https:\/\/www.editorialjuventud.es\/wp-content\/uploads\/Logo_Suport_ICEC-2-190x50.jpg 190w, https:\/\/www.editorialjuventud.es\/wp-content\/uploads\/Logo_Suport_ICEC-2-344x90.jpg 344w\" sizes=\"auto, (max-width: 578px) 100vw, 578px\" \/><\/p>\n","protected":false},"excerpt":{"rendered":"La Mia t\u00e9 nou anys i ens explica aqu\u00ed l&#8217;extraordin\u00e0ria aventura de fer-se gran. Descobreix quins canvis experimenta el cos d&#8217;una nena durant la pubertat: Pits? Tops? Sostenidors? Dormir m\u00e9s? P\u00e8ls? Depilar-se? Regla? Compreses? Tampons? La seva pediatra respondr\u00e0 a [&hellip;]","protected":false},"featured_media":65907,"template":"","meta":{"_acf_changed":false,"_exactmetrics_skip_tracking":false,"_exactmetrics_sitenote_active":false,"_exactmetrics_sitenote_note":"","_exactmetrics_sitenote_category":0},"product_brand":[],"product_cat":[903,1121,1147,1153,1157,1159,1115,893,1206,1216,1221,1128,910],"product_tag":[],"coleccion":[917,915,946,1341],"class_list":{"0":"post-65906","1":"product","2":"type-product","3":"status-publish","4":"has-post-thumbnail","6":"product_cat-a-partir-de-8-anos","7":"product_cat-albumes-ilustrados","8":"product_cat-ciclo-de-la-vida","9":"product_cat-comida-alimentacion","10":"product_cat-crecer","11":"product_cat-cuerpo-humano-anatomia","12":"product_cat-generos","13":"product_cat-novedades","14":"product_cat-pediatra","15":"product_cat-pubertad","16":"product_cat-sexualidad","17":"product_cat-tematica","18":"product_cat-ultimas-novedades","19":"coleccion-albums-illustrats","20":"coleccion-catala","21":"coleccion-com-i-per-que","22":"coleccion-mia-i-bru","24":"first","25":"instock","26":"taxable","27":"shipping-taxable","28":"purchasable","29":"product-type-simple"},"acf":{"indice":"","autor":"Peitx, M\u00f2nica","codart":"4790","ediciones":"1","encuadernacion":"Carton\u00e9","fecha_de_publicacion":"01\/05\/2022","fecha_de_reimpresion":"","novedad":"0","paginas":"56","subtitulo":"","texto_web_adicional":"","autores-libros":[16542],"ilustradores-libros":[17863],"texto_web_novedad":"","orden":"999","portada":"0","texto_web_resaltado":"","traductores-libros":"","descripcion_corta":"","recomendamos":"","mas_vendido":"","idioma-libro":"","color":false,"formato":"","mas_informacion_del_producto":false,"premios":false,"deshabilitar_compra":[],"texto_enlace_cubierta":"","enlace_cubierta":{"ID":66006,"id":66006,"title":"2022 tapas coleccion MIA i BRU_ca.indd","filename":"LA-MIA-ES-FA-GRAN_CAT.jpg","filesize":345767,"url":"https:\/\/www.editorialjuventud.es\/wp-content\/uploads\/LA-MIA-ES-FA-GRAN_CAT.jpg","link":"https:\/\/www.editorialjuventud.es\/ca\/?attachment_id=66006","alt":"","author":"50","description":"","caption":"","name":"2022-tapas-coleccion-mia-i-bru_ca-indd","status":"inherit","uploaded_to":65906,"date":"2022-05-13 07:48:27","modified":"2022-05-13 07:48:27","menu_order":0,"mime_type":"image\/jpeg","type":"image","subtype":"jpeg","icon":"https:\/\/www.editorialjuventud.es\/wp-includes\/images\/media\/default.png","width":1594,"height":2421,"sizes":{"thumbnail":"https:\/\/www.editorialjuventud.es\/wp-content\/uploads\/LA-MIA-ES-FA-GRAN_CAT-200x200.jpg","thumbnail-width":200,"thumbnail-height":200,"medium":"https:\/\/www.editorialjuventud.es\/wp-content\/uploads\/LA-MIA-ES-FA-GRAN_CAT.jpg","medium-width":1594,"medium-height":2421,"medium_large":"https:\/\/www.editorialjuventud.es\/wp-content\/uploads\/LA-MIA-ES-FA-GRAN_CAT-768x1166.jpg","medium_large-width":768,"medium_large-height":1166,"large":"https:\/\/www.editorialjuventud.es\/wp-content\/uploads\/LA-MIA-ES-FA-GRAN_CAT.jpg","large-width":1594,"large-height":2421,"1536x1536":"https:\/\/www.editorialjuventud.es\/wp-content\/uploads\/LA-MIA-ES-FA-GRAN_CAT-1011x1536.jpg","1536x1536-width":1011,"1536x1536-height":1536,"2048x2048":"https:\/\/www.editorialjuventud.es\/wp-content\/uploads\/LA-MIA-ES-FA-GRAN_CAT-1348x2048.jpg","2048x2048-width":1348,"2048x2048-height":2048,"woocommerce_thumbnail":"https:\/\/www.editorialjuventud.es\/wp-content\/uploads\/LA-MIA-ES-FA-GRAN_CAT-350x532.jpg","woocommerce_thumbnail-width":350,"woocommerce_thumbnail-height":532,"woocommerce_single":"https:\/\/www.editorialjuventud.es\/wp-content\/uploads\/LA-MIA-ES-FA-GRAN_CAT-900x1367.jpg","woocommerce_single-width":900,"woocommerce_single-height":1367,"woocommerce_gallery_thumbnail":"https:\/\/www.editorialjuventud.es\/wp-content\/uploads\/LA-MIA-ES-FA-GRAN_CAT-100x100.jpg","woocommerce_gallery_thumbnail-width":100,"woocommerce_gallery_thumbnail-height":100,"ppec_logo_image_size":"https:\/\/www.editorialjuventud.es\/wp-content\/uploads\/LA-MIA-ES-FA-GRAN_CAT-40x60.jpg","ppec_logo_image_size-width":40,"ppec_logo_image_size-height":60,"ppec_header_image_size":"https:\/\/www.editorialjuventud.es\/wp-content\/uploads\/LA-MIA-ES-FA-GRAN_CAT-59x90.jpg","ppec_header_image_size-width":59,"ppec_header_image_size-height":90}},"texto_enlace_ficha_tecnica":"","enlace_ficha_tecnica":{"ID":66008,"id":66008,"title":"La Mia es fa gran","filename":"La-Mia-es-fa-gran.pdf","filesize":688456,"url":"https:\/\/www.editorialjuventud.es\/wp-content\/uploads\/La-Mia-es-fa-gran.pdf","link":"https:\/\/www.editorialjuventud.es\/ca\/?attachment_id=66008","alt":"","author":"50","description":"","caption":"","name":"la-mia-es-fa-gran","status":"inherit","uploaded_to":65906,"date":"2022-05-13 07:48:50","modified":"2022-05-13 07:48:50","menu_order":0,"mime_type":"application\/pdf","type":"application","subtype":"pdf","icon":"https:\/\/www.editorialjuventud.es\/wp-includes\/images\/media\/document.png"},"ficheros":false,"titulo-fr":"","texto-fr":""},"yoast_head":"<!-- This site is optimized with the Yoast SEO plugin v27.5 - https:\/\/yoast.com\/product\/yoast-seo-wordpress\/ -->\n<title>La Mia es fa gran (nova ed. ampliada) - Editorial Juventud<\/title>\n<meta name=\"description\" content=\"La Mia t\u00e9 nou anys i ens explica aqu\u00ed l&#039;extraordin\u00e0ria aventura de fer-se gran. Descobreix quins canvis experimenta el cos d&#039;una nena durant la pubertat:\" \/>\n<meta name=\"robots\" content=\"index, follow, max-snippet:-1, max-image-preview:large, max-video-preview:-1\" \/>\n<link rel=\"canonical\" href=\"https:\/\/www.editorialjuventud.es\/la-mia-es-fa-gran-nova-ed-ampliada-9788426147905\/\" \/>\n<meta property=\"og:locale\" content=\"ca_ES\" \/>\n<meta property=\"og:type\" content=\"article\" \/>\n<meta property=\"og:title\" content=\"La Mia es fa gran (nova ed. ampliada) - Editorial Juventud\" \/>\n<meta property=\"og:description\" content=\"La Mia t\u00e9 nou anys i ens explica aqu\u00ed l&#039;extraordin\u00e0ria aventura de fer-se gran. Descobreix quins canvis experimenta el cos d&#039;una nena durant la pubertat:\" \/>\n<meta property=\"og:url\" content=\"https:\/\/www.editorialjuventud.es\/la-mia-es-fa-gran-nova-ed-ampliada-9788426147905\/\" \/>\n<meta property=\"og:site_name\" content=\"Editorial Juventud\" \/>\n<meta property=\"article:modified_time\" content=\"2026-03-30T10:25:40+00:00\" \/>\n<meta property=\"og:image\" content=\"https:\/\/www.editorialjuventud.es\/wp-content\/uploads\/9788426147905.jpg\" \/>\n\t<meta property=\"og:image:width\" content=\"786\" \/>\n\t<meta property=\"og:image:height\" content=\"1200\" \/>\n\t<meta property=\"og:image:type\" content=\"image\/jpeg\" \/>\n<meta name=\"twitter:card\" content=\"summary_large_image\" \/>\n<meta name=\"twitter:label1\" content=\"Temps estimat de lectura\" \/>\n\t<meta name=\"twitter:data1\" content=\"2 minuts\" \/>\n<script type=\"application\/ld+json\" class=\"yoast-schema-graph\">{\"@context\":\"https:\\\/\\\/schema.org\",\"@graph\":[{\"@type\":\"WebPage\",\"@id\":\"https:\\\/\\\/www.editorialjuventud.es\\\/la-mia-es-fa-gran-nova-ed-ampliada-9788426147905\\\/\",\"url\":\"https:\\\/\\\/www.editorialjuventud.es\\\/la-mia-es-fa-gran-nova-ed-ampliada-9788426147905\\\/\",\"name\":\"La Mia es fa gran (nova ed. ampliada) - Editorial Juventud\",\"isPartOf\":{\"@id\":\"https:\\\/\\\/www.editorialjuventud.es\\\/#website\"},\"primaryImageOfPage\":{\"@id\":\"https:\\\/\\\/www.editorialjuventud.es\\\/la-mia-es-fa-gran-nova-ed-ampliada-9788426147905\\\/#primaryimage\"},\"image\":{\"@id\":\"https:\\\/\\\/www.editorialjuventud.es\\\/la-mia-es-fa-gran-nova-ed-ampliada-9788426147905\\\/#primaryimage\"},\"thumbnailUrl\":\"https:\\\/\\\/www.editorialjuventud.es\\\/wp-content\\\/uploads\\\/9788426147905.jpg\",\"datePublished\":\"2022-05-12T09:32:11+00:00\",\"dateModified\":\"2026-03-30T10:25:40+00:00\",\"description\":\"La Mia t\u00e9 nou anys i ens explica aqu\u00ed l'extraordin\u00e0ria aventura de fer-se gran. Descobreix quins canvis experimenta el cos d'una nena durant la pubertat:\",\"breadcrumb\":{\"@id\":\"https:\\\/\\\/www.editorialjuventud.es\\\/la-mia-es-fa-gran-nova-ed-ampliada-9788426147905\\\/#breadcrumb\"},\"inLanguage\":\"ca\",\"potentialAction\":[{\"@type\":\"ReadAction\",\"target\":[\"https:\\\/\\\/www.editorialjuventud.es\\\/la-mia-es-fa-gran-nova-ed-ampliada-9788426147905\\\/\"]}]},{\"@type\":\"ImageObject\",\"inLanguage\":\"ca\",\"@id\":\"https:\\\/\\\/www.editorialjuventud.es\\\/la-mia-es-fa-gran-nova-ed-ampliada-9788426147905\\\/#primaryimage\",\"url\":\"https:\\\/\\\/www.editorialjuventud.es\\\/wp-content\\\/uploads\\\/9788426147905.jpg\",\"contentUrl\":\"https:\\\/\\\/www.editorialjuventud.es\\\/wp-content\\\/uploads\\\/9788426147905.jpg\",\"width\":786,\"height\":1200,\"caption\":\"9788426147905.jpg\"},{\"@type\":\"BreadcrumbList\",\"@id\":\"https:\\\/\\\/www.editorialjuventud.es\\\/la-mia-es-fa-gran-nova-ed-ampliada-9788426147905\\\/#breadcrumb\",\"itemListElement\":[{\"@type\":\"ListItem\",\"position\":1,\"name\":\"Portada\",\"item\":\"https:\\\/\\\/www.editorialjuventud.es\\\/\"},{\"@type\":\"ListItem\",\"position\":2,\"name\":\"cat\u00e1logo\",\"item\":\"https:\\\/\\\/www.editorialjuventud.es\\\/coleccion\\\/catalogo\\\/\"},{\"@type\":\"ListItem\",\"position\":3,\"name\":\"catal\u00e0\",\"item\":\"https:\\\/\\\/www.editorialjuventud.es\\\/coleccion\\\/catala\\\/\"},{\"@type\":\"ListItem\",\"position\":4,\"name\":\"\u00c0lbums Il\u00b7lustrats\",\"item\":\"https:\\\/\\\/www.editorialjuventud.es\\\/coleccion\\\/albums-il%c2%b7lustrats\\\/\"},{\"@type\":\"ListItem\",\"position\":5,\"name\":\"Com i Per qu\u00e8\",\"item\":\"https:\\\/\\\/www.editorialjuventud.es\\\/coleccion\\\/com-i-per-que\\\/\"},{\"@type\":\"ListItem\",\"position\":6,\"name\":\"Mia i Bru\",\"item\":\"https:\\\/\\\/www.editorialjuventud.es\\\/coleccion\\\/mia-i-bru\\\/\"},{\"@type\":\"ListItem\",\"position\":7,\"name\":\"La Mia es fa gran (nova ed. ampliada)\"}]},{\"@type\":\"WebSite\",\"@id\":\"https:\\\/\\\/www.editorialjuventud.es\\\/#website\",\"url\":\"https:\\\/\\\/www.editorialjuventud.es\\\/\",\"name\":\"Editorial Juventud\",\"description\":\"\",\"potentialAction\":[{\"@type\":\"SearchAction\",\"target\":{\"@type\":\"EntryPoint\",\"urlTemplate\":\"https:\\\/\\\/www.editorialjuventud.es\\\/?s={search_term_string}\"},\"query-input\":{\"@type\":\"PropertyValueSpecification\",\"valueRequired\":true,\"valueName\":\"search_term_string\"}}],\"inLanguage\":\"ca\"}]}<\/script>\n<!-- \/ Yoast SEO plugin. -->","yoast_head_json":{"title":"La Mia es fa gran (nova ed. ampliada) - Editorial Juventud","description":"La Mia t\u00e9 nou anys i ens explica aqu\u00ed l'extraordin\u00e0ria aventura de fer-se gran. Descobreix quins canvis experimenta el cos d'una nena durant la pubertat:","robots":{"index":"index","follow":"follow","max-snippet":"max-snippet:-1","max-image-preview":"max-image-preview:large","max-video-preview":"max-video-preview:-1"},"canonical":"https:\/\/www.editorialjuventud.es\/la-mia-es-fa-gran-nova-ed-ampliada-9788426147905\/","og_locale":"ca_ES","og_type":"article","og_title":"La Mia es fa gran (nova ed. ampliada) - Editorial Juventud","og_description":"La Mia t\u00e9 nou anys i ens explica aqu\u00ed l'extraordin\u00e0ria aventura de fer-se gran. Descobreix quins canvis experimenta el cos d'una nena durant la pubertat:","og_url":"https:\/\/www.editorialjuventud.es\/la-mia-es-fa-gran-nova-ed-ampliada-9788426147905\/","og_site_name":"Editorial Juventud","article_modified_time":"2026-03-30T10:25:40+00:00","og_image":[{"width":786,"height":1200,"url":"https:\/\/www.editorialjuventud.es\/wp-content\/uploads\/9788426147905.jpg","type":"image\/jpeg"}],"twitter_card":"summary_large_image","twitter_misc":{"Temps estimat de lectura":"2 minuts"},"schema":{"@context":"https:\/\/schema.org","@graph":[{"@type":"WebPage","@id":"https:\/\/www.editorialjuventud.es\/la-mia-es-fa-gran-nova-ed-ampliada-9788426147905\/","url":"https:\/\/www.editorialjuventud.es\/la-mia-es-fa-gran-nova-ed-ampliada-9788426147905\/","name":"La Mia es fa gran (nova ed. ampliada) - Editorial Juventud","isPartOf":{"@id":"https:\/\/www.editorialjuventud.es\/#website"},"primaryImageOfPage":{"@id":"https:\/\/www.editorialjuventud.es\/la-mia-es-fa-gran-nova-ed-ampliada-9788426147905\/#primaryimage"},"image":{"@id":"https:\/\/www.editorialjuventud.es\/la-mia-es-fa-gran-nova-ed-ampliada-9788426147905\/#primaryimage"},"thumbnailUrl":"https:\/\/www.editorialjuventud.es\/wp-content\/uploads\/9788426147905.jpg","datePublished":"2022-05-12T09:32:11+00:00","dateModified":"2026-03-30T10:25:40+00:00","description":"La Mia t\u00e9 nou anys i ens explica aqu\u00ed l'extraordin\u00e0ria aventura de fer-se gran. Descobreix quins canvis experimenta el cos d'una nena durant la pubertat:","breadcrumb":{"@id":"https:\/\/www.editorialjuventud.es\/la-mia-es-fa-gran-nova-ed-ampliada-9788426147905\/#breadcrumb"},"inLanguage":"ca","potentialAction":[{"@type":"ReadAction","target":["https:\/\/www.editorialjuventud.es\/la-mia-es-fa-gran-nova-ed-ampliada-9788426147905\/"]}]},{"@type":"ImageObject","inLanguage":"ca","@id":"https:\/\/www.editorialjuventud.es\/la-mia-es-fa-gran-nova-ed-ampliada-9788426147905\/#primaryimage","url":"https:\/\/www.editorialjuventud.es\/wp-content\/uploads\/9788426147905.jpg","contentUrl":"https:\/\/www.editorialjuventud.es\/wp-content\/uploads\/9788426147905.jpg","width":786,"height":1200,"caption":"9788426147905.jpg"},{"@type":"BreadcrumbList","@id":"https:\/\/www.editorialjuventud.es\/la-mia-es-fa-gran-nova-ed-ampliada-9788426147905\/#breadcrumb","itemListElement":[{"@type":"ListItem","position":1,"name":"Portada","item":"https:\/\/www.editorialjuventud.es\/"},{"@type":"ListItem","position":2,"name":"cat\u00e1logo","item":"https:\/\/www.editorialjuventud.es\/coleccion\/catalogo\/"},{"@type":"ListItem","position":3,"name":"catal\u00e0","item":"https:\/\/www.editorialjuventud.es\/coleccion\/catala\/"},{"@type":"ListItem","position":4,"name":"\u00c0lbums Il\u00b7lustrats","item":"https:\/\/www.editorialjuventud.es\/coleccion\/albums-il%c2%b7lustrats\/"},{"@type":"ListItem","position":5,"name":"Com i Per qu\u00e8","item":"https:\/\/www.editorialjuventud.es\/coleccion\/com-i-per-que\/"},{"@type":"ListItem","position":6,"name":"Mia i Bru","item":"https:\/\/www.editorialjuventud.es\/coleccion\/mia-i-bru\/"},{"@type":"ListItem","position":7,"name":"La Mia es fa gran (nova ed. ampliada)"}]},{"@type":"WebSite","@id":"https:\/\/www.editorialjuventud.es\/#website","url":"https:\/\/www.editorialjuventud.es\/","name":"Editorial Juventud","description":"","potentialAction":[{"@type":"SearchAction","target":{"@type":"EntryPoint","urlTemplate":"https:\/\/www.editorialjuventud.es\/?s={search_term_string}"},"query-input":{"@type":"PropertyValueSpecification","valueRequired":true,"valueName":"search_term_string"}}],"inLanguage":"ca"}]}},"_links":{"self":[{"href":"https:\/\/www.editorialjuventud.es\/ca\/wp-json\/wp\/v2\/product\/65906","targetHints":{"allow":["GET"]}}],"collection":[{"href":"https:\/\/www.editorialjuventud.es\/ca\/wp-json\/wp\/v2\/product"}],"about":[{"href":"https:\/\/www.editorialjuventud.es\/ca\/wp-json\/wp\/v2\/types\/product"}],"wp:featuredmedia":[{"embeddable":true,"href":"https:\/\/www.editorialjuventud.es\/ca\/wp-json\/wp\/v2\/media\/65907"}],"wp:attachment":[{"href":"https:\/\/www.editorialjuventud.es\/ca\/wp-json\/wp\/v2\/media?parent=65906"}],"wp:term":[{"taxonomy":"product_brand","embeddable":true,"href":"https:\/\/www.editorialjuventud.es\/ca\/wp-json\/wp\/v2\/product_brand?post=65906"},{"taxonomy":"product_cat","embeddable":true,"href":"https:\/\/www.editorialjuventud.es\/ca\/wp-json\/wp\/v2\/product_cat?post=65906"},{"taxonomy":"product_tag","embeddable":true,"href":"https:\/\/www.editorialjuventud.es\/ca\/wp-json\/wp\/v2\/product_tag?post=65906"},{"taxonomy":"coleccion","embeddable":true,"href":"https:\/\/www.editorialjuventud.es\/ca\/wp-json\/wp\/v2\/coleccion?post=65906"}],"curies":[{"name":"wp","href":"https:\/\/api.w.org\/{rel}","templated":true}]}}