{"id":65904,"date":"2022-05-12T11:11:56","date_gmt":"2022-05-12T09:11:56","guid":{"rendered":"https:\/\/www.editorialjuventud.es\/el-mundo-de-los-venenos-9788426147769\/"},"modified":"2025-10-29T12:41:19","modified_gmt":"2025-10-29T11:41:19","slug":"el-mundo-de-los-venenos-9788426147769","status":"publish","type":"product","link":"https:\/\/www.editorialjuventud.es\/ca\/el-mundo-de-los-venenos-9788426147769\/","title":{"rendered":"El mundo de los venenos"},"content":{"rendered":"<p>\u00bfTe has preguntado alguna vez qu\u00e9 es un veneno, c\u00f3mo se produce o de d\u00f3nde viene y qu\u00e9 hace? \u00bfDices que envenena? Sin duda: debemos tener mucho cuidado con los venenos. Pero \u00bfsab\u00edas que administrados en peque\u00f1as dosis algunos pueden curarte o aliviarte el dolor, si sabes c\u00f3mo hacerlo? Algunos animales necesitan veneno para protegerse en entornos hostiles. Si no fueran venenosos, su tiempo en la Tierra ser\u00eda realmente muy breve. As\u00ed pues, \u00bfqui\u00e9n y qu\u00e9 es venenoso? \u00bfPoco o mucho? \u00bfY para qu\u00e9 usan el veneno las plantas? \u00bfNo tienes ni idea? En ese caso, sum\u00e9rgete en este libro y no tardar\u00e1s en averiguarlo. \u00a1Pero cuidado! \u00a1Recuerda que act\u00faas bajo tu responsabilidad!<\/p>\n<p>Una propuesta irresistible por su tem\u00e1tica y su presentaci\u00f3n con p\u00e1ginas desplegables. Una manera de descubrir la historia, usos y an\u00e9cdotas del veneno. Ilustrado por la premiada Anastasia Strockov\u00e1.<\/p>\n<p>&nbsp;<\/p>\n<p>Este libro ha sido publicado con el apoyo de:<\/p>\n<p><img loading=\"lazy\" decoding=\"async\" class=\"alignnone size-full wp-image-76274\" src=\"https:\/\/www.editorialjuventud.es\/wp-content\/uploads\/unnamed.png\" alt=\"\" width=\"405\" height=\"35\" srcset=\"https:\/\/www.editorialjuventud.es\/wp-content\/uploads\/unnamed.png 405w, https:\/\/www.editorialjuventud.es\/wp-content\/uploads\/unnamed-350x30.png 350w, https:\/\/www.editorialjuventud.es\/wp-content\/uploads\/unnamed-190x16.png 190w\" sizes=\"auto, (max-width: 405px) 100vw, 405px\" \/><\/p>\n","protected":false},"excerpt":{"rendered":"\u00bfTe has preguntado alguna vez qu\u00e9 es un veneno, c\u00f3mo se produce o de d\u00f3nde viene y qu\u00e9 hace? \u00bfDices que envenena? Sin duda: debemos tener mucho cuidado con los venenos. Pero \u00bfsab\u00edas que administrados en peque\u00f1as dosis algunos pueden [&hellip;]","protected":false},"featured_media":65925,"template":"","meta":{"_acf_changed":false,"_exactmetrics_skip_tracking":false,"_exactmetrics_sitenote_active":false,"_exactmetrics_sitenote_note":"","_exactmetrics_sitenote_category":0},"product_brand":[],"product_cat":[902,1121,1138,1283,892,1115,1183,1187,1201,893,1210,1223,1128],"product_tag":[],"coleccion":[928,916,987],"class_list":{"0":"post-65904","1":"product","2":"type-product","3":"status-publish","4":"has-post-thumbnail","6":"product_cat-a-partir-de-7-anos","7":"product_cat-albumes-ilustrados","8":"product_cat-animales","9":"product_cat-ciencias-naturales","10":"product_cat-edades","11":"product_cat-generos","12":"product_cat-historia","13":"product_cat-insectos","14":"product_cat-naturaleza-biodiversidad","15":"product_cat-novedades","16":"product_cat-plantas-bosques","17":"product_cat-supervivencia","18":"product_cat-tematica","19":"coleccion-albumes-ilustrados","20":"coleccion-castellano","21":"coleccion-conocer-y-comprender","23":"first","24":"instock","25":"taxable","26":"shipping-taxable","27":"purchasable","28":"product-type-simple"},"acf":{"indice":"","autor":"Fenykov\u00e1, S\u00e1rka","codart":"4776","ediciones":"1","encuadernacion":"Carton\u00e9","fecha_de_publicacion":"01\/05\/2022","fecha_de_reimpresion":"","novedad":"0","paginas":"48","subtitulo":".","texto_web_adicional":"","autores-libros":[79493],"ilustradores-libros":[79487],"texto_web_novedad":"","orden":"999","portada":"0","texto_web_resaltado":"","traductores-libros":[18265],"descripcion_corta":"","recomendamos":"","mas_vendido":"","idioma-libro":"","color":false,"formato":"","mas_informacion_del_producto":false,"premios":false,"deshabilitar_compra":[],"texto_enlace_cubierta":"","enlace_cubierta":{"ID":65990,"id":65990,"title":"cover EL GRAN LIBRO DE LOS VENENOS.indd","filename":"ELMUNDO-DE-LOS-VENENOS_CAST-scaled.jpg","filesize":471447,"url":"https:\/\/www.editorialjuventud.es\/wp-content\/uploads\/ELMUNDO-DE-LOS-VENENOS_CAST-scaled.jpg","link":"https:\/\/www.editorialjuventud.es\/ca\/?attachment_id=65990","alt":"","author":"50","description":"","caption":"","name":"cover-el-gran-libro-de-los-venenos-indd-3","status":"inherit","uploaded_to":65904,"date":"2022-05-13 07:30:51","modified":"2022-05-13 07:30:51","menu_order":0,"mime_type":"image\/jpeg","type":"image","subtype":"jpeg","icon":"https:\/\/www.editorialjuventud.es\/wp-includes\/images\/media\/default.png","width":1991,"height":2560,"sizes":{"thumbnail":"https:\/\/www.editorialjuventud.es\/wp-content\/uploads\/ELMUNDO-DE-LOS-VENENOS_CAST-200x200.jpg","thumbnail-width":200,"thumbnail-height":200,"medium":"https:\/\/www.editorialjuventud.es\/wp-content\/uploads\/ELMUNDO-DE-LOS-VENENOS_CAST-scaled.jpg","medium-width":1991,"medium-height":2560,"medium_large":"https:\/\/www.editorialjuventud.es\/wp-content\/uploads\/ELMUNDO-DE-LOS-VENENOS_CAST-768x988.jpg","medium_large-width":768,"medium_large-height":988,"large":"https:\/\/www.editorialjuventud.es\/wp-content\/uploads\/ELMUNDO-DE-LOS-VENENOS_CAST-scaled.jpg","large-width":1991,"large-height":2560,"1536x1536":"https:\/\/www.editorialjuventud.es\/wp-content\/uploads\/ELMUNDO-DE-LOS-VENENOS_CAST-1194x1536.jpg","1536x1536-width":1194,"1536x1536-height":1536,"2048x2048":"https:\/\/www.editorialjuventud.es\/wp-content\/uploads\/ELMUNDO-DE-LOS-VENENOS_CAST-1592x2048.jpg","2048x2048-width":1592,"2048x2048-height":2048,"woocommerce_thumbnail":"https:\/\/www.editorialjuventud.es\/wp-content\/uploads\/ELMUNDO-DE-LOS-VENENOS_CAST-350x450.jpg","woocommerce_thumbnail-width":350,"woocommerce_thumbnail-height":450,"woocommerce_single":"https:\/\/www.editorialjuventud.es\/wp-content\/uploads\/ELMUNDO-DE-LOS-VENENOS_CAST-900x1157.jpg","woocommerce_single-width":900,"woocommerce_single-height":1157,"woocommerce_gallery_thumbnail":"https:\/\/www.editorialjuventud.es\/wp-content\/uploads\/ELMUNDO-DE-LOS-VENENOS_CAST-100x100.jpg","woocommerce_gallery_thumbnail-width":100,"woocommerce_gallery_thumbnail-height":100,"ppec_logo_image_size":"https:\/\/www.editorialjuventud.es\/wp-content\/uploads\/ELMUNDO-DE-LOS-VENENOS_CAST-47x60.jpg","ppec_logo_image_size-width":47,"ppec_logo_image_size-height":60,"ppec_header_image_size":"https:\/\/www.editorialjuventud.es\/wp-content\/uploads\/ELMUNDO-DE-LOS-VENENOS_CAST-70x90.jpg","ppec_header_image_size-width":70,"ppec_header_image_size-height":90}},"texto_enlace_ficha_tecnica":"","enlace_ficha_tecnica":{"ID":65992,"id":65992,"title":"El Mundo de los Venenos","filename":"El-Mundo-de-los-Venenos.pdf","filesize":1141440,"url":"https:\/\/www.editorialjuventud.es\/wp-content\/uploads\/El-Mundo-de-los-Venenos.pdf","link":"https:\/\/www.editorialjuventud.es\/ca\/?attachment_id=65992","alt":"","author":"50","description":"","caption":"","name":"el-mundo-de-los-venenos","status":"inherit","uploaded_to":65904,"date":"2022-05-13 07:31:43","modified":"2022-05-13 07:31:43","menu_order":0,"mime_type":"application\/pdf","type":"application","subtype":"pdf","icon":"https:\/\/www.editorialjuventud.es\/wp-includes\/images\/media\/document.png"},"ficheros":false,"titulo-fr":"","texto-fr":""},"yoast_head":"<!-- This site is optimized with the Yoast SEO plugin v27.3 - https:\/\/yoast.com\/product\/yoast-seo-wordpress\/ -->\n<title>El mundo de los venenos - Editorial Juventud<\/title>\n<meta name=\"description\" content=\"\u00bfTe has preguntado alguna vez qu\u00e9 es un veneno, c\u00f3mo se produce o de d\u00f3nde viene y qu\u00e9 hace? \u00bfDices que envenena? Sin duda: debemos tener mucho cuidado\" \/>\n<meta name=\"robots\" content=\"index, follow, max-snippet:-1, max-image-preview:large, max-video-preview:-1\" \/>\n<link rel=\"canonical\" href=\"https:\/\/www.editorialjuventud.es\/el-mundo-de-los-venenos-9788426147769\/\" \/>\n<meta property=\"og:locale\" content=\"ca_ES\" \/>\n<meta property=\"og:type\" content=\"article\" \/>\n<meta property=\"og:title\" content=\"El mundo de los venenos - Editorial Juventud\" \/>\n<meta property=\"og:description\" content=\"\u00bfTe has preguntado alguna vez qu\u00e9 es un veneno, c\u00f3mo se produce o de d\u00f3nde viene y qu\u00e9 hace? \u00bfDices que envenena? Sin duda: debemos tener mucho cuidado\" \/>\n<meta property=\"og:url\" content=\"https:\/\/www.editorialjuventud.es\/el-mundo-de-los-venenos-9788426147769\/\" \/>\n<meta property=\"og:site_name\" content=\"Editorial Juventud\" \/>\n<meta property=\"article:modified_time\" content=\"2025-10-29T11:41:19+00:00\" \/>\n<meta property=\"og:image\" content=\"https:\/\/www.editorialjuventud.es\/wp-content\/uploads\/9788426147769.jpg\" \/>\n\t<meta property=\"og:image:width\" content=\"630\" \/>\n\t<meta property=\"og:image:height\" content=\"810\" \/>\n\t<meta property=\"og:image:type\" content=\"image\/jpeg\" \/>\n<meta name=\"twitter:card\" content=\"summary_large_image\" \/>\n<meta name=\"twitter:label1\" content=\"Temps estimat de lectura\" \/>\n\t<meta name=\"twitter:data1\" content=\"2 minuts\" \/>\n<script type=\"application\/ld+json\" class=\"yoast-schema-graph\">{\"@context\":\"https:\\\/\\\/schema.org\",\"@graph\":[{\"@type\":\"WebPage\",\"@id\":\"https:\\\/\\\/www.editorialjuventud.es\\\/el-mundo-de-los-venenos-9788426147769\\\/\",\"url\":\"https:\\\/\\\/www.editorialjuventud.es\\\/el-mundo-de-los-venenos-9788426147769\\\/\",\"name\":\"El mundo de los venenos - Editorial Juventud\",\"isPartOf\":{\"@id\":\"https:\\\/\\\/www.editorialjuventud.es\\\/#website\"},\"primaryImageOfPage\":{\"@id\":\"https:\\\/\\\/www.editorialjuventud.es\\\/el-mundo-de-los-venenos-9788426147769\\\/#primaryimage\"},\"image\":{\"@id\":\"https:\\\/\\\/www.editorialjuventud.es\\\/el-mundo-de-los-venenos-9788426147769\\\/#primaryimage\"},\"thumbnailUrl\":\"https:\\\/\\\/www.editorialjuventud.es\\\/wp-content\\\/uploads\\\/9788426147769.jpg\",\"datePublished\":\"2022-05-12T09:11:56+00:00\",\"dateModified\":\"2025-10-29T11:41:19+00:00\",\"description\":\"\u00bfTe has preguntado alguna vez qu\u00e9 es un veneno, c\u00f3mo se produce o de d\u00f3nde viene y qu\u00e9 hace? \u00bfDices que envenena? Sin duda: debemos tener mucho cuidado\",\"breadcrumb\":{\"@id\":\"https:\\\/\\\/www.editorialjuventud.es\\\/el-mundo-de-los-venenos-9788426147769\\\/#breadcrumb\"},\"inLanguage\":\"ca\",\"potentialAction\":[{\"@type\":\"ReadAction\",\"target\":[\"https:\\\/\\\/www.editorialjuventud.es\\\/el-mundo-de-los-venenos-9788426147769\\\/\"]}]},{\"@type\":\"ImageObject\",\"inLanguage\":\"ca\",\"@id\":\"https:\\\/\\\/www.editorialjuventud.es\\\/el-mundo-de-los-venenos-9788426147769\\\/#primaryimage\",\"url\":\"https:\\\/\\\/www.editorialjuventud.es\\\/wp-content\\\/uploads\\\/9788426147769.jpg\",\"contentUrl\":\"https:\\\/\\\/www.editorialjuventud.es\\\/wp-content\\\/uploads\\\/9788426147769.jpg\",\"width\":630,\"height\":810,\"caption\":\"9788426147769.jpg\"},{\"@type\":\"BreadcrumbList\",\"@id\":\"https:\\\/\\\/www.editorialjuventud.es\\\/el-mundo-de-los-venenos-9788426147769\\\/#breadcrumb\",\"itemListElement\":[{\"@type\":\"ListItem\",\"position\":1,\"name\":\"Portada\",\"item\":\"https:\\\/\\\/www.editorialjuventud.es\\\/\"},{\"@type\":\"ListItem\",\"position\":2,\"name\":\"cat\u00e1logo\",\"item\":\"https:\\\/\\\/www.editorialjuventud.es\\\/coleccion\\\/catalogo\\\/\"},{\"@type\":\"ListItem\",\"position\":3,\"name\":\"castellano\",\"item\":\"https:\\\/\\\/www.editorialjuventud.es\\\/coleccion\\\/castellano\\\/\"},{\"@type\":\"ListItem\",\"position\":4,\"name\":\"\u00c1lbumes Ilustrados\",\"item\":\"https:\\\/\\\/www.editorialjuventud.es\\\/coleccion\\\/albumes-ilustrados\\\/\"},{\"@type\":\"ListItem\",\"position\":5,\"name\":\"Conocer y Comprender\",\"item\":\"https:\\\/\\\/www.editorialjuventud.es\\\/coleccion\\\/conocer-y-comprender\\\/\"},{\"@type\":\"ListItem\",\"position\":6,\"name\":\"El mundo de los venenos\"}]},{\"@type\":\"WebSite\",\"@id\":\"https:\\\/\\\/www.editorialjuventud.es\\\/#website\",\"url\":\"https:\\\/\\\/www.editorialjuventud.es\\\/\",\"name\":\"Editorial Juventud\",\"description\":\"\",\"potentialAction\":[{\"@type\":\"SearchAction\",\"target\":{\"@type\":\"EntryPoint\",\"urlTemplate\":\"https:\\\/\\\/www.editorialjuventud.es\\\/?s={search_term_string}\"},\"query-input\":{\"@type\":\"PropertyValueSpecification\",\"valueRequired\":true,\"valueName\":\"search_term_string\"}}],\"inLanguage\":\"ca\"}]}<\/script>\n<!-- \/ Yoast SEO plugin. -->","yoast_head_json":{"title":"El mundo de los venenos - Editorial Juventud","description":"\u00bfTe has preguntado alguna vez qu\u00e9 es un veneno, c\u00f3mo se produce o de d\u00f3nde viene y qu\u00e9 hace? \u00bfDices que envenena? Sin duda: debemos tener mucho cuidado","robots":{"index":"index","follow":"follow","max-snippet":"max-snippet:-1","max-image-preview":"max-image-preview:large","max-video-preview":"max-video-preview:-1"},"canonical":"https:\/\/www.editorialjuventud.es\/el-mundo-de-los-venenos-9788426147769\/","og_locale":"ca_ES","og_type":"article","og_title":"El mundo de los venenos - Editorial Juventud","og_description":"\u00bfTe has preguntado alguna vez qu\u00e9 es un veneno, c\u00f3mo se produce o de d\u00f3nde viene y qu\u00e9 hace? \u00bfDices que envenena? Sin duda: debemos tener mucho cuidado","og_url":"https:\/\/www.editorialjuventud.es\/el-mundo-de-los-venenos-9788426147769\/","og_site_name":"Editorial Juventud","article_modified_time":"2025-10-29T11:41:19+00:00","og_image":[{"width":630,"height":810,"url":"https:\/\/www.editorialjuventud.es\/wp-content\/uploads\/9788426147769.jpg","type":"image\/jpeg"}],"twitter_card":"summary_large_image","twitter_misc":{"Temps estimat de lectura":"2 minuts"},"schema":{"@context":"https:\/\/schema.org","@graph":[{"@type":"WebPage","@id":"https:\/\/www.editorialjuventud.es\/el-mundo-de-los-venenos-9788426147769\/","url":"https:\/\/www.editorialjuventud.es\/el-mundo-de-los-venenos-9788426147769\/","name":"El mundo de los venenos - Editorial Juventud","isPartOf":{"@id":"https:\/\/www.editorialjuventud.es\/#website"},"primaryImageOfPage":{"@id":"https:\/\/www.editorialjuventud.es\/el-mundo-de-los-venenos-9788426147769\/#primaryimage"},"image":{"@id":"https:\/\/www.editorialjuventud.es\/el-mundo-de-los-venenos-9788426147769\/#primaryimage"},"thumbnailUrl":"https:\/\/www.editorialjuventud.es\/wp-content\/uploads\/9788426147769.jpg","datePublished":"2022-05-12T09:11:56+00:00","dateModified":"2025-10-29T11:41:19+00:00","description":"\u00bfTe has preguntado alguna vez qu\u00e9 es un veneno, c\u00f3mo se produce o de d\u00f3nde viene y qu\u00e9 hace? \u00bfDices que envenena? Sin duda: debemos tener mucho cuidado","breadcrumb":{"@id":"https:\/\/www.editorialjuventud.es\/el-mundo-de-los-venenos-9788426147769\/#breadcrumb"},"inLanguage":"ca","potentialAction":[{"@type":"ReadAction","target":["https:\/\/www.editorialjuventud.es\/el-mundo-de-los-venenos-9788426147769\/"]}]},{"@type":"ImageObject","inLanguage":"ca","@id":"https:\/\/www.editorialjuventud.es\/el-mundo-de-los-venenos-9788426147769\/#primaryimage","url":"https:\/\/www.editorialjuventud.es\/wp-content\/uploads\/9788426147769.jpg","contentUrl":"https:\/\/www.editorialjuventud.es\/wp-content\/uploads\/9788426147769.jpg","width":630,"height":810,"caption":"9788426147769.jpg"},{"@type":"BreadcrumbList","@id":"https:\/\/www.editorialjuventud.es\/el-mundo-de-los-venenos-9788426147769\/#breadcrumb","itemListElement":[{"@type":"ListItem","position":1,"name":"Portada","item":"https:\/\/www.editorialjuventud.es\/"},{"@type":"ListItem","position":2,"name":"cat\u00e1logo","item":"https:\/\/www.editorialjuventud.es\/coleccion\/catalogo\/"},{"@type":"ListItem","position":3,"name":"castellano","item":"https:\/\/www.editorialjuventud.es\/coleccion\/castellano\/"},{"@type":"ListItem","position":4,"name":"\u00c1lbumes Ilustrados","item":"https:\/\/www.editorialjuventud.es\/coleccion\/albumes-ilustrados\/"},{"@type":"ListItem","position":5,"name":"Conocer y Comprender","item":"https:\/\/www.editorialjuventud.es\/coleccion\/conocer-y-comprender\/"},{"@type":"ListItem","position":6,"name":"El mundo de los venenos"}]},{"@type":"WebSite","@id":"https:\/\/www.editorialjuventud.es\/#website","url":"https:\/\/www.editorialjuventud.es\/","name":"Editorial Juventud","description":"","potentialAction":[{"@type":"SearchAction","target":{"@type":"EntryPoint","urlTemplate":"https:\/\/www.editorialjuventud.es\/?s={search_term_string}"},"query-input":{"@type":"PropertyValueSpecification","valueRequired":true,"valueName":"search_term_string"}}],"inLanguage":"ca"}]}},"_links":{"self":[{"href":"https:\/\/www.editorialjuventud.es\/ca\/wp-json\/wp\/v2\/product\/65904","targetHints":{"allow":["GET"]}}],"collection":[{"href":"https:\/\/www.editorialjuventud.es\/ca\/wp-json\/wp\/v2\/product"}],"about":[{"href":"https:\/\/www.editorialjuventud.es\/ca\/wp-json\/wp\/v2\/types\/product"}],"wp:featuredmedia":[{"embeddable":true,"href":"https:\/\/www.editorialjuventud.es\/ca\/wp-json\/wp\/v2\/media\/65925"}],"wp:attachment":[{"href":"https:\/\/www.editorialjuventud.es\/ca\/wp-json\/wp\/v2\/media?parent=65904"}],"wp:term":[{"taxonomy":"product_brand","embeddable":true,"href":"https:\/\/www.editorialjuventud.es\/ca\/wp-json\/wp\/v2\/product_brand?post=65904"},{"taxonomy":"product_cat","embeddable":true,"href":"https:\/\/www.editorialjuventud.es\/ca\/wp-json\/wp\/v2\/product_cat?post=65904"},{"taxonomy":"product_tag","embeddable":true,"href":"https:\/\/www.editorialjuventud.es\/ca\/wp-json\/wp\/v2\/product_tag?post=65904"},{"taxonomy":"coleccion","embeddable":true,"href":"https:\/\/www.editorialjuventud.es\/ca\/wp-json\/wp\/v2\/coleccion?post=65904"}],"curies":[{"name":"wp","href":"https:\/\/api.w.org\/{rel}","templated":true}]}}