{"id":64388,"date":"2022-03-29T13:07:12","date_gmt":"2022-03-29T11:07:12","guid":{"rendered":"https:\/\/www.editorialjuventud.es\/violeta-9788426147660\/"},"modified":"2025-03-19T13:12:01","modified_gmt":"2025-03-19T12:12:01","slug":"violeta-9788426147660","status":"publish","type":"product","link":"https:\/\/www.editorialjuventud.es\/ca\/violeta-9788426147660\/","title":{"rendered":"Violeta"},"content":{"rendered":"<p>Digues, mare, com \u00e9s el color violeta? Mmm, doncs&#8230;, el violeta \u00e9s&#8230;<br \/>\nRadiant i meravell\u00f3s com el m\u00e9s bonic dels despertars. Animat i delici\u00f3s com les visites al mercat&#8230;<\/p>\n<p>Submergeix-te en un univers po\u00e8tic i explora els colors a trav\u00e9s dels teus sentits. En aquest llibre els veur\u00e0s, per\u00f2 tamb\u00e9 els podr\u00e0s tocar, olorar, escoltar, assaborir i sobretot, imaginar!<\/p>\n<p>Una evocadora i po\u00e8tica col\u00b7lecci\u00f3 de llibres que ens far\u00e0 sentir els colors com mai abans: amb tots els sentits. Una pe\u00e7a d&#8217;art gestada des de tots dos costats de l&#8217;espectre art\u00edstic; el de Marta Ardite, com a gestora i historiadora de l&#8217;art, i el de Mariona Cabassa, com a artista. Una obra amb el reconeixible i colorit estil de Cabassa.<\/p>\n","protected":false},"excerpt":{"rendered":"Digues, mare, com \u00e9s el color violeta? Mmm, doncs&#8230;, el violeta \u00e9s&#8230; Radiant i meravell\u00f3s com el m\u00e9s bonic dels despertars. Animat i delici\u00f3s com les visites al mercat&#8230; Submergeix-te en un univers po\u00e8tic i explora els colors a trav\u00e9s [&hellip;]","protected":false},"featured_media":64389,"template":"","meta":{"_acf_changed":false,"_exactmetrics_skip_tracking":false,"_exactmetrics_sitenote_active":false,"_exactmetrics_sitenote_note":"","_exactmetrics_sitenote_category":0},"product_brand":[],"product_cat":[899,1121,1152,1154,892,1172,893,1213,1128,910],"product_tag":[],"coleccion":[1356,915,920],"class_list":{"0":"post-64388","1":"product","2":"type-product","3":"status-publish","4":"has-post-thumbnail","6":"product_cat-a-partir-de-3-anos","7":"product_cat-albumes-ilustrados","8":"product_cat-colores","9":"product_cat-comunicacion","10":"product_cat-edades","11":"product_cat-emociones","12":"product_cat-novedades","13":"product_cat-primeros-conceptos","14":"product_cat-tematica","15":"product_cat-ultimas-novedades","16":"coleccion-arc-iris","17":"coleccion-catala","18":"coleccion-els-meus-primers-llibres","20":"first","21":"instock","22":"taxable","23":"shipping-taxable","24":"purchasable","25":"product-type-simple"},"acf":{"indice":"","autor":"Ardite , Marta","codart":"4766","ediciones":"1","encuadernacion":"Carton\u00e9","fecha_de_publicacion":"01\/04\/2022","fecha_de_reimpresion":"","novedad":"0","paginas":"30","subtitulo":"","texto_web_adicional":"","autores-libros":[64884],"ilustradores-libros":[64885],"texto_web_novedad":"","orden":"999","portada":"0","texto_web_resaltado":"","traductores-libros":"","descripcion_corta":"Colors a trav\u00e9s dels teus sentits","recomendamos":"","mas_vendido":"","idioma-libro":"","color":false,"formato":"","mas_informacion_del_producto":false,"premios":[{"premio":"Seleccionat per l'IBBYcat com un dels millors llibres d'autoria catalana","anyo_del_premio":"2022","pais_del_premio":"Espanya"}],"deshabilitar_compra":[],"texto_enlace_cubierta":"","enlace_cubierta":{"ID":64636,"id":64636,"title":"VIOLETA_Cover_CAT_RGB","filename":"VIOLETA_Cover_CAT_RGB.jpg","filesize":721367,"url":"https:\/\/www.editorialjuventud.es\/wp-content\/uploads\/VIOLETA_Cover_CAT_RGB.jpg","link":"https:\/\/www.editorialjuventud.es\/ca\/?attachment_id=64636","alt":"","author":"50","description":"","caption":"","name":"violeta_cover_cat_rgb","status":"inherit","uploaded_to":64388,"date":"2022-04-04 22:48:56","modified":"2022-04-04 22:48:56","menu_order":0,"mime_type":"image\/jpeg","type":"image","subtype":"jpeg","icon":"https:\/\/www.editorialjuventud.es\/wp-includes\/images\/media\/default.png","width":0,"height":0,"sizes":{"thumbnail":"https:\/\/www.editorialjuventud.es\/wp-content\/uploads\/VIOLETA_Cover_CAT_RGB.jpg","thumbnail-width":1,"thumbnail-height":1,"medium":"https:\/\/www.editorialjuventud.es\/wp-content\/uploads\/VIOLETA_Cover_CAT_RGB.jpg","medium-width":0,"medium-height":0,"medium_large":"https:\/\/www.editorialjuventud.es\/wp-content\/uploads\/VIOLETA_Cover_CAT_RGB.jpg","medium_large-width":1,"medium_large-height":1,"large":"https:\/\/www.editorialjuventud.es\/wp-content\/uploads\/VIOLETA_Cover_CAT_RGB.jpg","large-width":0,"large-height":0,"1536x1536":"https:\/\/www.editorialjuventud.es\/wp-content\/uploads\/VIOLETA_Cover_CAT_RGB.jpg","1536x1536-width":1,"1536x1536-height":1,"2048x2048":"https:\/\/www.editorialjuventud.es\/wp-content\/uploads\/VIOLETA_Cover_CAT_RGB.jpg","2048x2048-width":1,"2048x2048-height":1,"woocommerce_thumbnail":"https:\/\/www.editorialjuventud.es\/wp-content\/uploads\/VIOLETA_Cover_CAT_RGB.jpg","woocommerce_thumbnail-width":1,"woocommerce_thumbnail-height":1,"woocommerce_single":"https:\/\/www.editorialjuventud.es\/wp-content\/uploads\/VIOLETA_Cover_CAT_RGB.jpg","woocommerce_single-width":1,"woocommerce_single-height":1,"woocommerce_gallery_thumbnail":"https:\/\/www.editorialjuventud.es\/wp-content\/uploads\/VIOLETA_Cover_CAT_RGB.jpg","woocommerce_gallery_thumbnail-width":1,"woocommerce_gallery_thumbnail-height":1,"ppec_logo_image_size":"https:\/\/www.editorialjuventud.es\/wp-content\/uploads\/VIOLETA_Cover_CAT_RGB.jpg","ppec_logo_image_size-width":1,"ppec_logo_image_size-height":1,"ppec_header_image_size":"https:\/\/www.editorialjuventud.es\/wp-content\/uploads\/VIOLETA_Cover_CAT_RGB.jpg","ppec_header_image_size-width":1,"ppec_header_image_size-height":1}},"texto_enlace_ficha_tecnica":"","enlace_ficha_tecnica":{"ID":64638,"id":64638,"title":"BLANC-VIOLETA_CAT","filename":"BLANC-VIOLETA_CAT.pdf","filesize":755150,"url":"https:\/\/www.editorialjuventud.es\/wp-content\/uploads\/BLANC-VIOLETA_CAT.pdf","link":"https:\/\/www.editorialjuventud.es\/ca\/?attachment_id=64638","alt":"","author":"50","description":"","caption":"","name":"blanc-violeta_cat","status":"inherit","uploaded_to":64388,"date":"2022-04-04 22:49:25","modified":"2022-04-04 22:49:25","menu_order":0,"mime_type":"application\/pdf","type":"application","subtype":"pdf","icon":"https:\/\/www.editorialjuventud.es\/wp-includes\/images\/media\/document.png"},"ficheros":false,"titulo-fr":"","texto-fr":""},"yoast_head":"<!-- This site is optimized with the Yoast SEO plugin v27.5 - https:\/\/yoast.com\/product\/yoast-seo-wordpress\/ -->\n<title>Violeta - Editorial Juventud<\/title>\n<meta name=\"description\" content=\"Digues, mare, com \u00e9s el color violeta? Mmm, doncs..., el violeta \u00e9s... Radiant i meravell\u00f3s com el m\u00e9s bonic dels despertars. Animat i delici\u00f3s com les\" \/>\n<meta name=\"robots\" content=\"index, follow, max-snippet:-1, max-image-preview:large, max-video-preview:-1\" \/>\n<link rel=\"canonical\" href=\"https:\/\/www.editorialjuventud.es\/violeta-9788426147660\/\" \/>\n<meta property=\"og:locale\" content=\"ca_ES\" \/>\n<meta property=\"og:type\" content=\"article\" \/>\n<meta property=\"og:title\" content=\"Violeta - Editorial Juventud\" \/>\n<meta property=\"og:description\" content=\"Digues, mare, com \u00e9s el color violeta? Mmm, doncs..., el violeta \u00e9s... Radiant i meravell\u00f3s com el m\u00e9s bonic dels despertars. Animat i delici\u00f3s com les\" \/>\n<meta property=\"og:url\" content=\"https:\/\/www.editorialjuventud.es\/violeta-9788426147660\/\" \/>\n<meta property=\"og:site_name\" content=\"Editorial Juventud\" \/>\n<meta property=\"article:modified_time\" content=\"2025-03-19T12:12:01+00:00\" \/>\n<meta property=\"og:image\" content=\"https:\/\/www.editorialjuventud.es\/wp-content\/uploads\/9788426147660.jpg\" \/>\n\t<meta property=\"og:image:width\" content=\"1\" \/>\n\t<meta property=\"og:image:height\" content=\"1\" \/>\n\t<meta property=\"og:image:type\" content=\"image\/jpeg\" \/>\n<meta name=\"twitter:card\" content=\"summary_large_image\" \/>\n<meta name=\"twitter:label1\" content=\"Temps estimat de lectura\" \/>\n\t<meta name=\"twitter:data1\" content=\"1 minut\" \/>\n<script type=\"application\/ld+json\" class=\"yoast-schema-graph\">{\"@context\":\"https:\\\/\\\/schema.org\",\"@graph\":[{\"@type\":\"WebPage\",\"@id\":\"https:\\\/\\\/www.editorialjuventud.es\\\/violeta-9788426147660\\\/\",\"url\":\"https:\\\/\\\/www.editorialjuventud.es\\\/violeta-9788426147660\\\/\",\"name\":\"Violeta - Editorial Juventud\",\"isPartOf\":{\"@id\":\"https:\\\/\\\/www.editorialjuventud.es\\\/#website\"},\"primaryImageOfPage\":{\"@id\":\"https:\\\/\\\/www.editorialjuventud.es\\\/violeta-9788426147660\\\/#primaryimage\"},\"image\":{\"@id\":\"https:\\\/\\\/www.editorialjuventud.es\\\/violeta-9788426147660\\\/#primaryimage\"},\"thumbnailUrl\":\"https:\\\/\\\/www.editorialjuventud.es\\\/wp-content\\\/uploads\\\/9788426147660.jpg\",\"datePublished\":\"2022-03-29T11:07:12+00:00\",\"dateModified\":\"2025-03-19T12:12:01+00:00\",\"description\":\"Digues, mare, com \u00e9s el color violeta? Mmm, doncs..., el violeta \u00e9s... Radiant i meravell\u00f3s com el m\u00e9s bonic dels despertars. Animat i delici\u00f3s com les\",\"breadcrumb\":{\"@id\":\"https:\\\/\\\/www.editorialjuventud.es\\\/violeta-9788426147660\\\/#breadcrumb\"},\"inLanguage\":\"ca\",\"potentialAction\":[{\"@type\":\"ReadAction\",\"target\":[\"https:\\\/\\\/www.editorialjuventud.es\\\/violeta-9788426147660\\\/\"]}]},{\"@type\":\"ImageObject\",\"inLanguage\":\"ca\",\"@id\":\"https:\\\/\\\/www.editorialjuventud.es\\\/violeta-9788426147660\\\/#primaryimage\",\"url\":\"https:\\\/\\\/www.editorialjuventud.es\\\/wp-content\\\/uploads\\\/9788426147660.jpg\",\"contentUrl\":\"https:\\\/\\\/www.editorialjuventud.es\\\/wp-content\\\/uploads\\\/9788426147660.jpg\",\"caption\":\"9788426147660.jpg\"},{\"@type\":\"BreadcrumbList\",\"@id\":\"https:\\\/\\\/www.editorialjuventud.es\\\/violeta-9788426147660\\\/#breadcrumb\",\"itemListElement\":[{\"@type\":\"ListItem\",\"position\":1,\"name\":\"Portada\",\"item\":\"https:\\\/\\\/www.editorialjuventud.es\\\/\"},{\"@type\":\"ListItem\",\"position\":2,\"name\":\"cat\u00e1logo\",\"item\":\"https:\\\/\\\/www.editorialjuventud.es\\\/coleccion\\\/catalogo\\\/\"},{\"@type\":\"ListItem\",\"position\":3,\"name\":\"catal\u00e0\",\"item\":\"https:\\\/\\\/www.editorialjuventud.es\\\/coleccion\\\/catala\\\/\"},{\"@type\":\"ListItem\",\"position\":4,\"name\":\"Els Meus Primers Llibres\",\"item\":\"https:\\\/\\\/www.editorialjuventud.es\\\/ca\\\/coleccion\\\/els-meus-primers-llibres\\\/\"},{\"@type\":\"ListItem\",\"position\":5,\"name\":\"Arc \u00cdris\",\"item\":\"https:\\\/\\\/www.editorialjuventud.es\\\/ca\\\/coleccion\\\/arc-iris\\\/\"},{\"@type\":\"ListItem\",\"position\":6,\"name\":\"Violeta\"}]},{\"@type\":\"WebSite\",\"@id\":\"https:\\\/\\\/www.editorialjuventud.es\\\/#website\",\"url\":\"https:\\\/\\\/www.editorialjuventud.es\\\/\",\"name\":\"Editorial Juventud\",\"description\":\"\",\"potentialAction\":[{\"@type\":\"SearchAction\",\"target\":{\"@type\":\"EntryPoint\",\"urlTemplate\":\"https:\\\/\\\/www.editorialjuventud.es\\\/?s={search_term_string}\"},\"query-input\":{\"@type\":\"PropertyValueSpecification\",\"valueRequired\":true,\"valueName\":\"search_term_string\"}}],\"inLanguage\":\"ca\"}]}<\/script>\n<!-- \/ Yoast SEO plugin. -->","yoast_head_json":{"title":"Violeta - Editorial Juventud","description":"Digues, mare, com \u00e9s el color violeta? Mmm, doncs..., el violeta \u00e9s... Radiant i meravell\u00f3s com el m\u00e9s bonic dels despertars. Animat i delici\u00f3s com les","robots":{"index":"index","follow":"follow","max-snippet":"max-snippet:-1","max-image-preview":"max-image-preview:large","max-video-preview":"max-video-preview:-1"},"canonical":"https:\/\/www.editorialjuventud.es\/violeta-9788426147660\/","og_locale":"ca_ES","og_type":"article","og_title":"Violeta - Editorial Juventud","og_description":"Digues, mare, com \u00e9s el color violeta? Mmm, doncs..., el violeta \u00e9s... Radiant i meravell\u00f3s com el m\u00e9s bonic dels despertars. Animat i delici\u00f3s com les","og_url":"https:\/\/www.editorialjuventud.es\/violeta-9788426147660\/","og_site_name":"Editorial Juventud","article_modified_time":"2025-03-19T12:12:01+00:00","og_image":[{"url":"https:\/\/www.editorialjuventud.es\/wp-content\/uploads\/9788426147660.jpg","width":1,"height":1,"type":"image\/jpeg"}],"twitter_card":"summary_large_image","twitter_misc":{"Temps estimat de lectura":"1 minut"},"schema":{"@context":"https:\/\/schema.org","@graph":[{"@type":"WebPage","@id":"https:\/\/www.editorialjuventud.es\/violeta-9788426147660\/","url":"https:\/\/www.editorialjuventud.es\/violeta-9788426147660\/","name":"Violeta - Editorial Juventud","isPartOf":{"@id":"https:\/\/www.editorialjuventud.es\/#website"},"primaryImageOfPage":{"@id":"https:\/\/www.editorialjuventud.es\/violeta-9788426147660\/#primaryimage"},"image":{"@id":"https:\/\/www.editorialjuventud.es\/violeta-9788426147660\/#primaryimage"},"thumbnailUrl":"https:\/\/www.editorialjuventud.es\/wp-content\/uploads\/9788426147660.jpg","datePublished":"2022-03-29T11:07:12+00:00","dateModified":"2025-03-19T12:12:01+00:00","description":"Digues, mare, com \u00e9s el color violeta? Mmm, doncs..., el violeta \u00e9s... Radiant i meravell\u00f3s com el m\u00e9s bonic dels despertars. Animat i delici\u00f3s com les","breadcrumb":{"@id":"https:\/\/www.editorialjuventud.es\/violeta-9788426147660\/#breadcrumb"},"inLanguage":"ca","potentialAction":[{"@type":"ReadAction","target":["https:\/\/www.editorialjuventud.es\/violeta-9788426147660\/"]}]},{"@type":"ImageObject","inLanguage":"ca","@id":"https:\/\/www.editorialjuventud.es\/violeta-9788426147660\/#primaryimage","url":"https:\/\/www.editorialjuventud.es\/wp-content\/uploads\/9788426147660.jpg","contentUrl":"https:\/\/www.editorialjuventud.es\/wp-content\/uploads\/9788426147660.jpg","caption":"9788426147660.jpg"},{"@type":"BreadcrumbList","@id":"https:\/\/www.editorialjuventud.es\/violeta-9788426147660\/#breadcrumb","itemListElement":[{"@type":"ListItem","position":1,"name":"Portada","item":"https:\/\/www.editorialjuventud.es\/"},{"@type":"ListItem","position":2,"name":"cat\u00e1logo","item":"https:\/\/www.editorialjuventud.es\/coleccion\/catalogo\/"},{"@type":"ListItem","position":3,"name":"catal\u00e0","item":"https:\/\/www.editorialjuventud.es\/coleccion\/catala\/"},{"@type":"ListItem","position":4,"name":"Els Meus Primers Llibres","item":"https:\/\/www.editorialjuventud.es\/ca\/coleccion\/els-meus-primers-llibres\/"},{"@type":"ListItem","position":5,"name":"Arc \u00cdris","item":"https:\/\/www.editorialjuventud.es\/ca\/coleccion\/arc-iris\/"},{"@type":"ListItem","position":6,"name":"Violeta"}]},{"@type":"WebSite","@id":"https:\/\/www.editorialjuventud.es\/#website","url":"https:\/\/www.editorialjuventud.es\/","name":"Editorial Juventud","description":"","potentialAction":[{"@type":"SearchAction","target":{"@type":"EntryPoint","urlTemplate":"https:\/\/www.editorialjuventud.es\/?s={search_term_string}"},"query-input":{"@type":"PropertyValueSpecification","valueRequired":true,"valueName":"search_term_string"}}],"inLanguage":"ca"}]}},"_links":{"self":[{"href":"https:\/\/www.editorialjuventud.es\/ca\/wp-json\/wp\/v2\/product\/64388","targetHints":{"allow":["GET"]}}],"collection":[{"href":"https:\/\/www.editorialjuventud.es\/ca\/wp-json\/wp\/v2\/product"}],"about":[{"href":"https:\/\/www.editorialjuventud.es\/ca\/wp-json\/wp\/v2\/types\/product"}],"wp:featuredmedia":[{"embeddable":true,"href":"https:\/\/www.editorialjuventud.es\/ca\/wp-json\/wp\/v2\/media\/64389"}],"wp:attachment":[{"href":"https:\/\/www.editorialjuventud.es\/ca\/wp-json\/wp\/v2\/media?parent=64388"}],"wp:term":[{"taxonomy":"product_brand","embeddable":true,"href":"https:\/\/www.editorialjuventud.es\/ca\/wp-json\/wp\/v2\/product_brand?post=64388"},{"taxonomy":"product_cat","embeddable":true,"href":"https:\/\/www.editorialjuventud.es\/ca\/wp-json\/wp\/v2\/product_cat?post=64388"},{"taxonomy":"product_tag","embeddable":true,"href":"https:\/\/www.editorialjuventud.es\/ca\/wp-json\/wp\/v2\/product_tag?post=64388"},{"taxonomy":"coleccion","embeddable":true,"href":"https:\/\/www.editorialjuventud.es\/ca\/wp-json\/wp\/v2\/coleccion?post=64388"}],"curies":[{"name":"wp","href":"https:\/\/api.w.org\/{rel}","templated":true}]}}