{"id":64385,"date":"2022-03-29T13:01:53","date_gmt":"2022-03-29T11:01:53","guid":{"rendered":"https:\/\/www.editorialjuventud.es\/violeta-9788426147653\/"},"modified":"2025-10-29T12:38:07","modified_gmt":"2025-10-29T11:38:07","slug":"violeta-9788426147653","status":"publish","type":"product","link":"https:\/\/www.editorialjuventud.es\/ca\/violeta-9788426147653\/","title":{"rendered":"Violeta"},"content":{"rendered":"<p>Dime, mam\u00e1, \u00bfc\u00f3mo es el color violeta?<br \/>\nMmm, bueno&#8230;, el violeta es&#8230; Radiante y maravilloso como el despertar m\u00e1s bello. Animado y de licioso como las visitas al mercado&#8230;<\/p>\n<p>Sum\u00e9rgete en un universo po\u00e9tico y explora los COLORES a trav\u00e9s de tus sentidos. En este libro podr\u00e1s ver, escuchar, oler, tocar, saborear y, sobre todo, imaginar.<\/p>\n<p>Una evocadora y po\u00e9tica colecci\u00f3n de libros que nos har\u00e1 sentir los colores como nunca antes: con todos los sentidos. Una pieza de arte gestada desde ambos lados del espectro art\u00edstico; el de Marta Ardite, como gestora e historiadora del arte, y el de Mariona Cabassa, como artista. Una obra con el reconocible y colorido estilo de Cabassa.<\/p>\n<p>&nbsp;<\/p>\n<p>Este libro ha sido publicado con el apoyo de:<\/p>\n<p><img loading=\"lazy\" decoding=\"async\" class=\"alignnone size-full wp-image-76274\" src=\"https:\/\/www.editorialjuventud.es\/wp-content\/uploads\/unnamed.png\" alt=\"\" width=\"405\" height=\"35\" srcset=\"https:\/\/www.editorialjuventud.es\/wp-content\/uploads\/unnamed.png 405w, https:\/\/www.editorialjuventud.es\/wp-content\/uploads\/unnamed-350x30.png 350w, https:\/\/www.editorialjuventud.es\/wp-content\/uploads\/unnamed-190x16.png 190w\" sizes=\"auto, (max-width: 405px) 100vw, 405px\" \/><\/p>\n","protected":false},"excerpt":{"rendered":"Dime, mam\u00e1, \u00bfc\u00f3mo es el color violeta? Mmm, bueno&#8230;, el violeta es&#8230; Radiante y maravilloso como el despertar m\u00e1s bello. Animado y de licioso como las visitas al mercado&#8230; Sum\u00e9rgete en un universo po\u00e9tico y explora los COLORES a trav\u00e9s [&hellip;]","protected":false},"featured_media":64386,"template":"","meta":{"_acf_changed":false,"_exactmetrics_skip_tracking":false,"_exactmetrics_sitenote_active":false,"_exactmetrics_sitenote_note":"","_exactmetrics_sitenote_category":0},"product_brand":[],"product_cat":[899,1121,1152,1154,892,1172,893,1213,1128,910],"product_tag":[],"coleccion":[1354,1296],"class_list":{"0":"post-64385","1":"product","2":"type-product","3":"status-publish","4":"has-post-thumbnail","6":"product_cat-a-partir-de-3-anos","7":"product_cat-albumes-ilustrados","8":"product_cat-colores","9":"product_cat-comunicacion","10":"product_cat-edades","11":"product_cat-emociones","12":"product_cat-novedades","13":"product_cat-primeros-conceptos","14":"product_cat-tematica","15":"product_cat-ultimas-novedades","16":"coleccion-arcoiris","17":"coleccion-mis-primeros-libros","19":"first","20":"instock","21":"taxable","22":"shipping-taxable","23":"purchasable","24":"product-type-simple"},"acf":{"indice":"","autor":"Ardite, Marta","codart":"4765","ediciones":"1","encuadernacion":"Carton\u00e9","fecha_de_publicacion":"01\/04\/2022","fecha_de_reimpresion":"","novedad":"0","paginas":"32","subtitulo":"","texto_web_adicional":"","autores-libros":[64884],"ilustradores-libros":[64885],"texto_web_novedad":"","orden":"999","portada":"0","texto_web_resaltado":"","traductores-libros":"","descripcion_corta":"COLORES a trav\u00e9s de tus sentidos","recomendamos":"","mas_vendido":"","idioma-libro":"","color":false,"formato":"","mas_informacion_del_producto":false,"premios":false,"deshabilitar_compra":[],"texto_enlace_cubierta":"","enlace_cubierta":{"ID":64620,"id":64620,"title":"VIOLETA_Cover_CAST_RGB","filename":"VIOLETA_Cover_CAST_RGB.jpg","filesize":687985,"url":"https:\/\/www.editorialjuventud.es\/wp-content\/uploads\/VIOLETA_Cover_CAST_RGB.jpg","link":"https:\/\/www.editorialjuventud.es\/ca\/?attachment_id=64620","alt":"","author":"50","description":"","caption":"","name":"violeta_cover_cast_rgb","status":"inherit","uploaded_to":64385,"date":"2022-04-04 22:41:55","modified":"2022-04-04 22:41:55","menu_order":0,"mime_type":"image\/jpeg","type":"image","subtype":"jpeg","icon":"https:\/\/www.editorialjuventud.es\/wp-includes\/images\/media\/default.png","width":0,"height":0,"sizes":{"thumbnail":"https:\/\/www.editorialjuventud.es\/wp-content\/uploads\/VIOLETA_Cover_CAST_RGB.jpg","thumbnail-width":1,"thumbnail-height":1,"medium":"https:\/\/www.editorialjuventud.es\/wp-content\/uploads\/VIOLETA_Cover_CAST_RGB.jpg","medium-width":0,"medium-height":0,"medium_large":"https:\/\/www.editorialjuventud.es\/wp-content\/uploads\/VIOLETA_Cover_CAST_RGB.jpg","medium_large-width":1,"medium_large-height":1,"large":"https:\/\/www.editorialjuventud.es\/wp-content\/uploads\/VIOLETA_Cover_CAST_RGB.jpg","large-width":0,"large-height":0,"1536x1536":"https:\/\/www.editorialjuventud.es\/wp-content\/uploads\/VIOLETA_Cover_CAST_RGB.jpg","1536x1536-width":1,"1536x1536-height":1,"2048x2048":"https:\/\/www.editorialjuventud.es\/wp-content\/uploads\/VIOLETA_Cover_CAST_RGB.jpg","2048x2048-width":1,"2048x2048-height":1,"woocommerce_thumbnail":"https:\/\/www.editorialjuventud.es\/wp-content\/uploads\/VIOLETA_Cover_CAST_RGB.jpg","woocommerce_thumbnail-width":1,"woocommerce_thumbnail-height":1,"woocommerce_single":"https:\/\/www.editorialjuventud.es\/wp-content\/uploads\/VIOLETA_Cover_CAST_RGB.jpg","woocommerce_single-width":1,"woocommerce_single-height":1,"woocommerce_gallery_thumbnail":"https:\/\/www.editorialjuventud.es\/wp-content\/uploads\/VIOLETA_Cover_CAST_RGB.jpg","woocommerce_gallery_thumbnail-width":1,"woocommerce_gallery_thumbnail-height":1,"ppec_logo_image_size":"https:\/\/www.editorialjuventud.es\/wp-content\/uploads\/VIOLETA_Cover_CAST_RGB.jpg","ppec_logo_image_size-width":1,"ppec_logo_image_size-height":1,"ppec_header_image_size":"https:\/\/www.editorialjuventud.es\/wp-content\/uploads\/VIOLETA_Cover_CAST_RGB.jpg","ppec_header_image_size-width":1,"ppec_header_image_size-height":1}},"texto_enlace_ficha_tecnica":"","enlace_ficha_tecnica":{"ID":64628,"id":64628,"title":"BLANCO-VIOLETA_CAST","filename":"BLANCO-VIOLETA_CAST.pdf","filesize":772286,"url":"https:\/\/www.editorialjuventud.es\/wp-content\/uploads\/BLANCO-VIOLETA_CAST.pdf","link":"https:\/\/www.editorialjuventud.es\/ca\/?attachment_id=64628","alt":"","author":"50","description":"","caption":"","name":"blanco-violeta_cast","status":"inherit","uploaded_to":64385,"date":"2022-04-04 22:44:16","modified":"2022-04-04 22:44:16","menu_order":0,"mime_type":"application\/pdf","type":"application","subtype":"pdf","icon":"https:\/\/www.editorialjuventud.es\/wp-includes\/images\/media\/document.png"},"ficheros":false,"titulo-fr":"Violet","texto-fr":"<p>Tell me, mom, what is the color WHITE like?<br \/>\nMmm, so, the color white is\u2026<\/p>\n<p>SOFT AND FINE<br \/>\nas mornings at your own pace<\/p>\n<p>HUMID AND BUBBLING<br \/>\nas the most diverting bath&#8230;<\/p>\n<p>Immerse yourself in this poetic universe and explore the COLORS through your senses. In this book, you can see, listen, smell, touch, taste, and above all, imagine them.<\/p>\n<p>&nbsp;<\/p>\n<p><span style=\"color: #008080;\"><em>\u203a Rights sold: Korean and Brazil<\/em><\/span><\/p>\n"},"yoast_head":"<!-- This site is optimized with the Yoast SEO plugin v27.5 - https:\/\/yoast.com\/product\/yoast-seo-wordpress\/ -->\n<title>Violeta - Editorial Juventud<\/title>\n<meta name=\"description\" content=\"Dime, mam\u00e1, \u00bfc\u00f3mo es el color violeta? Mmm, bueno..., el violeta es... Radiante y maravilloso como el despertar m\u00e1s bello. Animado y de licioso como las\" \/>\n<meta name=\"robots\" content=\"index, follow, max-snippet:-1, max-image-preview:large, max-video-preview:-1\" \/>\n<link rel=\"canonical\" href=\"https:\/\/www.editorialjuventud.es\/violeta-9788426147653\/\" \/>\n<meta property=\"og:locale\" content=\"ca_ES\" \/>\n<meta property=\"og:type\" content=\"article\" \/>\n<meta property=\"og:title\" content=\"Violeta - Editorial Juventud\" \/>\n<meta property=\"og:description\" content=\"Dime, mam\u00e1, \u00bfc\u00f3mo es el color violeta? Mmm, bueno..., el violeta es... Radiante y maravilloso como el despertar m\u00e1s bello. Animado y de licioso como las\" \/>\n<meta property=\"og:url\" content=\"https:\/\/www.editorialjuventud.es\/violeta-9788426147653\/\" \/>\n<meta property=\"og:site_name\" content=\"Editorial Juventud\" \/>\n<meta property=\"article:modified_time\" content=\"2025-10-29T11:38:07+00:00\" \/>\n<meta property=\"og:image\" content=\"https:\/\/www.editorialjuventud.es\/wp-content\/uploads\/9788426147653.jpg\" \/>\n\t<meta property=\"og:image:width\" content=\"1\" \/>\n\t<meta property=\"og:image:height\" content=\"1\" \/>\n\t<meta property=\"og:image:type\" content=\"image\/jpeg\" \/>\n<meta name=\"twitter:card\" content=\"summary_large_image\" \/>\n<meta name=\"twitter:label1\" content=\"Temps estimat de lectura\" \/>\n\t<meta name=\"twitter:data1\" content=\"1 minut\" \/>\n<script type=\"application\/ld+json\" class=\"yoast-schema-graph\">{\"@context\":\"https:\\\/\\\/schema.org\",\"@graph\":[{\"@type\":\"WebPage\",\"@id\":\"https:\\\/\\\/www.editorialjuventud.es\\\/violeta-9788426147653\\\/\",\"url\":\"https:\\\/\\\/www.editorialjuventud.es\\\/violeta-9788426147653\\\/\",\"name\":\"Violeta - Editorial Juventud\",\"isPartOf\":{\"@id\":\"https:\\\/\\\/www.editorialjuventud.es\\\/#website\"},\"primaryImageOfPage\":{\"@id\":\"https:\\\/\\\/www.editorialjuventud.es\\\/violeta-9788426147653\\\/#primaryimage\"},\"image\":{\"@id\":\"https:\\\/\\\/www.editorialjuventud.es\\\/violeta-9788426147653\\\/#primaryimage\"},\"thumbnailUrl\":\"https:\\\/\\\/www.editorialjuventud.es\\\/wp-content\\\/uploads\\\/9788426147653.jpg\",\"datePublished\":\"2022-03-29T11:01:53+00:00\",\"dateModified\":\"2025-10-29T11:38:07+00:00\",\"description\":\"Dime, mam\u00e1, \u00bfc\u00f3mo es el color violeta? Mmm, bueno..., el violeta es... Radiante y maravilloso como el despertar m\u00e1s bello. Animado y de licioso como las\",\"breadcrumb\":{\"@id\":\"https:\\\/\\\/www.editorialjuventud.es\\\/violeta-9788426147653\\\/#breadcrumb\"},\"inLanguage\":\"ca\",\"potentialAction\":[{\"@type\":\"ReadAction\",\"target\":[\"https:\\\/\\\/www.editorialjuventud.es\\\/violeta-9788426147653\\\/\"]}]},{\"@type\":\"ImageObject\",\"inLanguage\":\"ca\",\"@id\":\"https:\\\/\\\/www.editorialjuventud.es\\\/violeta-9788426147653\\\/#primaryimage\",\"url\":\"https:\\\/\\\/www.editorialjuventud.es\\\/wp-content\\\/uploads\\\/9788426147653.jpg\",\"contentUrl\":\"https:\\\/\\\/www.editorialjuventud.es\\\/wp-content\\\/uploads\\\/9788426147653.jpg\",\"caption\":\"9788426147653.jpg\"},{\"@type\":\"BreadcrumbList\",\"@id\":\"https:\\\/\\\/www.editorialjuventud.es\\\/violeta-9788426147653\\\/#breadcrumb\",\"itemListElement\":[{\"@type\":\"ListItem\",\"position\":1,\"name\":\"Portada\",\"item\":\"https:\\\/\\\/www.editorialjuventud.es\\\/\"},{\"@type\":\"ListItem\",\"position\":2,\"name\":\"cat\u00e1logo\",\"item\":\"https:\\\/\\\/www.editorialjuventud.es\\\/coleccion\\\/catalogo\\\/\"},{\"@type\":\"ListItem\",\"position\":3,\"name\":\"castellano\",\"item\":\"https:\\\/\\\/www.editorialjuventud.es\\\/coleccion\\\/castellano\\\/\"},{\"@type\":\"ListItem\",\"position\":4,\"name\":\"Mis Primeros Libros\",\"item\":\"https:\\\/\\\/www.editorialjuventud.es\\\/coleccion\\\/mis-primeros-libros\\\/\"},{\"@type\":\"ListItem\",\"position\":5,\"name\":\"Arco\u00edris\",\"item\":\"https:\\\/\\\/www.editorialjuventud.es\\\/coleccion\\\/arcoiris\\\/\"},{\"@type\":\"ListItem\",\"position\":6,\"name\":\"Violeta\"}]},{\"@type\":\"WebSite\",\"@id\":\"https:\\\/\\\/www.editorialjuventud.es\\\/#website\",\"url\":\"https:\\\/\\\/www.editorialjuventud.es\\\/\",\"name\":\"Editorial Juventud\",\"description\":\"\",\"potentialAction\":[{\"@type\":\"SearchAction\",\"target\":{\"@type\":\"EntryPoint\",\"urlTemplate\":\"https:\\\/\\\/www.editorialjuventud.es\\\/?s={search_term_string}\"},\"query-input\":{\"@type\":\"PropertyValueSpecification\",\"valueRequired\":true,\"valueName\":\"search_term_string\"}}],\"inLanguage\":\"ca\"}]}<\/script>\n<!-- \/ Yoast SEO plugin. -->","yoast_head_json":{"title":"Violeta - Editorial Juventud","description":"Dime, mam\u00e1, \u00bfc\u00f3mo es el color violeta? Mmm, bueno..., el violeta es... Radiante y maravilloso como el despertar m\u00e1s bello. Animado y de licioso como las","robots":{"index":"index","follow":"follow","max-snippet":"max-snippet:-1","max-image-preview":"max-image-preview:large","max-video-preview":"max-video-preview:-1"},"canonical":"https:\/\/www.editorialjuventud.es\/violeta-9788426147653\/","og_locale":"ca_ES","og_type":"article","og_title":"Violeta - Editorial Juventud","og_description":"Dime, mam\u00e1, \u00bfc\u00f3mo es el color violeta? Mmm, bueno..., el violeta es... Radiante y maravilloso como el despertar m\u00e1s bello. Animado y de licioso como las","og_url":"https:\/\/www.editorialjuventud.es\/violeta-9788426147653\/","og_site_name":"Editorial Juventud","article_modified_time":"2025-10-29T11:38:07+00:00","og_image":[{"url":"https:\/\/www.editorialjuventud.es\/wp-content\/uploads\/9788426147653.jpg","width":1,"height":1,"type":"image\/jpeg"}],"twitter_card":"summary_large_image","twitter_misc":{"Temps estimat de lectura":"1 minut"},"schema":{"@context":"https:\/\/schema.org","@graph":[{"@type":"WebPage","@id":"https:\/\/www.editorialjuventud.es\/violeta-9788426147653\/","url":"https:\/\/www.editorialjuventud.es\/violeta-9788426147653\/","name":"Violeta - Editorial Juventud","isPartOf":{"@id":"https:\/\/www.editorialjuventud.es\/#website"},"primaryImageOfPage":{"@id":"https:\/\/www.editorialjuventud.es\/violeta-9788426147653\/#primaryimage"},"image":{"@id":"https:\/\/www.editorialjuventud.es\/violeta-9788426147653\/#primaryimage"},"thumbnailUrl":"https:\/\/www.editorialjuventud.es\/wp-content\/uploads\/9788426147653.jpg","datePublished":"2022-03-29T11:01:53+00:00","dateModified":"2025-10-29T11:38:07+00:00","description":"Dime, mam\u00e1, \u00bfc\u00f3mo es el color violeta? Mmm, bueno..., el violeta es... Radiante y maravilloso como el despertar m\u00e1s bello. Animado y de licioso como las","breadcrumb":{"@id":"https:\/\/www.editorialjuventud.es\/violeta-9788426147653\/#breadcrumb"},"inLanguage":"ca","potentialAction":[{"@type":"ReadAction","target":["https:\/\/www.editorialjuventud.es\/violeta-9788426147653\/"]}]},{"@type":"ImageObject","inLanguage":"ca","@id":"https:\/\/www.editorialjuventud.es\/violeta-9788426147653\/#primaryimage","url":"https:\/\/www.editorialjuventud.es\/wp-content\/uploads\/9788426147653.jpg","contentUrl":"https:\/\/www.editorialjuventud.es\/wp-content\/uploads\/9788426147653.jpg","caption":"9788426147653.jpg"},{"@type":"BreadcrumbList","@id":"https:\/\/www.editorialjuventud.es\/violeta-9788426147653\/#breadcrumb","itemListElement":[{"@type":"ListItem","position":1,"name":"Portada","item":"https:\/\/www.editorialjuventud.es\/"},{"@type":"ListItem","position":2,"name":"cat\u00e1logo","item":"https:\/\/www.editorialjuventud.es\/coleccion\/catalogo\/"},{"@type":"ListItem","position":3,"name":"castellano","item":"https:\/\/www.editorialjuventud.es\/coleccion\/castellano\/"},{"@type":"ListItem","position":4,"name":"Mis Primeros Libros","item":"https:\/\/www.editorialjuventud.es\/coleccion\/mis-primeros-libros\/"},{"@type":"ListItem","position":5,"name":"Arco\u00edris","item":"https:\/\/www.editorialjuventud.es\/coleccion\/arcoiris\/"},{"@type":"ListItem","position":6,"name":"Violeta"}]},{"@type":"WebSite","@id":"https:\/\/www.editorialjuventud.es\/#website","url":"https:\/\/www.editorialjuventud.es\/","name":"Editorial Juventud","description":"","potentialAction":[{"@type":"SearchAction","target":{"@type":"EntryPoint","urlTemplate":"https:\/\/www.editorialjuventud.es\/?s={search_term_string}"},"query-input":{"@type":"PropertyValueSpecification","valueRequired":true,"valueName":"search_term_string"}}],"inLanguage":"ca"}]}},"_links":{"self":[{"href":"https:\/\/www.editorialjuventud.es\/ca\/wp-json\/wp\/v2\/product\/64385","targetHints":{"allow":["GET"]}}],"collection":[{"href":"https:\/\/www.editorialjuventud.es\/ca\/wp-json\/wp\/v2\/product"}],"about":[{"href":"https:\/\/www.editorialjuventud.es\/ca\/wp-json\/wp\/v2\/types\/product"}],"wp:featuredmedia":[{"embeddable":true,"href":"https:\/\/www.editorialjuventud.es\/ca\/wp-json\/wp\/v2\/media\/64386"}],"wp:attachment":[{"href":"https:\/\/www.editorialjuventud.es\/ca\/wp-json\/wp\/v2\/media?parent=64385"}],"wp:term":[{"taxonomy":"product_brand","embeddable":true,"href":"https:\/\/www.editorialjuventud.es\/ca\/wp-json\/wp\/v2\/product_brand?post=64385"},{"taxonomy":"product_cat","embeddable":true,"href":"https:\/\/www.editorialjuventud.es\/ca\/wp-json\/wp\/v2\/product_cat?post=64385"},{"taxonomy":"product_tag","embeddable":true,"href":"https:\/\/www.editorialjuventud.es\/ca\/wp-json\/wp\/v2\/product_tag?post=64385"},{"taxonomy":"coleccion","embeddable":true,"href":"https:\/\/www.editorialjuventud.es\/ca\/wp-json\/wp\/v2\/coleccion?post=64385"}],"curies":[{"name":"wp","href":"https:\/\/api.w.org\/{rel}","templated":true}]}}