{"id":6437,"date":"2018-08-24T12:22:51","date_gmt":"2018-08-24T10:22:51","guid":{"rendered":"http:\/\/www.editorialjuventud.es\/todos-los-perros-del-mundo\/"},"modified":"2020-10-21T22:39:38","modified_gmt":"2020-10-21T20:39:38","slug":"todos-los-perros-del-mundo-9788426157669","status":"publish","type":"product","link":"https:\/\/www.editorialjuventud.es\/ca\/todos-los-perros-del-mundo-9788426157669\/","title":{"rendered":"Todos los perros del mundo"},"content":{"rendered":"<p>Es \u00e9sta una obra de consulta muy extensa, que contiene 322 descripciones de razas de perros y 333 fotograf\u00edas en color. Las descripciones dan las caracter\u00edsticas y los datos esenciales de cada raza y tambi\u00e9n incluyen cierto numero de variedades en una misma raza. Contiene una introducci\u00f3n sobre el origen del perro dom\u00e9stico, escrita por Iv\u00e1n Swedrup. Adem\u00e1s del aspecto hist\u00f3rica, Swedrup trata de las divisiones corrientes en los grupos de razas existentes en Escandinavia, en la Gran Breta\u00f1a, en el continente europeo y en los Estados Unidos. Tambi\u00e9n examina las bases que se utilizan para juzgar en las exposiciones caninas. Un extenso \u00edndice permite encontrar con facilidad el perro que interesa.  Incluye los nombres espa\u00f1oles, los utilizados en los respectivos pa\u00edses de origen y en algunos casos, otros nombres correspondientes a la raza. Tambi\u00e9n se explican los t\u00e9rminos t\u00e9cnicos empleados en el estudio y la cr\u00eda de perros. Aje Wintzell, autor de las ilustraciones, es uno de los pocos fot\u00f3grafos en el mundo especializado en retratos de perros de raza.  Bo Bengston es el autor de la descripci\u00f3n de las diversas razas. Se trata de un escritor y periodista sueco muy conocido. Iv\u00e1n Swedrup, autor de la introducci\u00f3n, fue secretario general del Swedish Kennel Club, y como jurado en exposiciones caninas es muy apreciado en todo el mundo.<\/p>\n","protected":false},"excerpt":{"rendered":"Es \u00e9sta una obra de consulta muy extensa, que contiene 322 descripciones de razas de perros y 333 fotograf\u00edas en color. Las descripciones dan las caracter\u00edsticas y los datos esenciales de cada raza y tambi\u00e9n incluyen cierto numero de variedades [&hellip;]","protected":false},"featured_media":14869,"template":"","meta":{"_acf_changed":false,"_exactmetrics_skip_tracking":false,"_exactmetrics_sitenote_active":false,"_exactmetrics_sitenote_note":"","_exactmetrics_sitenote_category":0},"product_brand":[],"product_cat":[905,892,1115,1117],"product_tag":[],"coleccion":[916,932],"class_list":{"0":"post-6437","1":"product","2":"type-product","3":"status-publish","4":"has-post-thumbnail","6":"product_cat-adulto","7":"product_cat-edades","8":"product_cat-generos","9":"product_cat-no-ficcion-adulto","10":"coleccion-castellano","11":"coleccion-diccionarios-y-libros-de-consulta","13":"first","14":"instock","15":"taxable","16":"shipping-taxable","17":"purchasable","18":"product-type-simple"},"acf":{"autor":"WINTZELL, BENGTSON, SWEDRUP","codart":"5766-1","ediciones":"1","encuadernacion":"Carton\u00e9","fecha_de_publicacion":"26\/09\/1989","novedad":"0","paginas":"304","subtitulo":"","texto_web_adicional":"","texto_web_novedad":"","orden":"999","portada":"0","texto_web_resaltado":"","descripcion_corta":"","recomendamos":"","mas_vendido":"","titulo-fr":"","texto-fr":"","indice":"","autores-libros":[16633,16222,16688],"ilustradores-libros":"","traductores-libros":"","color":false,"formato":"","mas_informacion_del_producto":false,"premios":false,"texto_enlace_cubierta":"","enlace_cubierta":false,"texto_enlace_ficha_tecnica":"","enlace_ficha_tecnica":false,"ficheros":false},"yoast_head":"<!-- This site is optimized with the Yoast SEO plugin v27.5 - https:\/\/yoast.com\/product\/yoast-seo-wordpress\/ -->\n<title>Todos los perros del mundo - Editorial Juventud<\/title>\n<meta name=\"description\" content=\"Es \u00e9sta una obra de consulta muy extensa, que contiene 322 descripciones de razas de perros y 333 fotograf\u00edas en color. Las descripciones dan las\" \/>\n<meta name=\"robots\" content=\"index, follow, max-snippet:-1, max-image-preview:large, max-video-preview:-1\" \/>\n<link rel=\"canonical\" href=\"https:\/\/www.editorialjuventud.es\/ca\/todos-los-perros-del-mundo-9788426157669\/\" \/>\n<meta property=\"og:locale\" content=\"ca_ES\" \/>\n<meta property=\"og:type\" content=\"article\" \/>\n<meta property=\"og:title\" content=\"Todos los perros del mundo - Editorial Juventud\" \/>\n<meta property=\"og:description\" content=\"Es \u00e9sta una obra de consulta muy extensa, que contiene 322 descripciones de razas de perros y 333 fotograf\u00edas en color. Las descripciones dan las\" \/>\n<meta property=\"og:url\" content=\"https:\/\/www.editorialjuventud.es\/ca\/todos-los-perros-del-mundo-9788426157669\/\" \/>\n<meta property=\"og:site_name\" content=\"Editorial Juventud\" \/>\n<meta property=\"article:modified_time\" content=\"2020-10-21T20:39:38+00:00\" \/>\n<meta property=\"og:image\" content=\"https:\/\/www.editorialjuventud.es\/wp-content\/uploads\/5766.jpg\" \/>\n\t<meta property=\"og:image:width\" content=\"247\" \/>\n\t<meta property=\"og:image:height\" content=\"450\" \/>\n\t<meta property=\"og:image:type\" content=\"image\/jpeg\" \/>\n<meta name=\"twitter:card\" content=\"summary_large_image\" \/>\n<meta name=\"twitter:label1\" content=\"Temps estimat de lectura\" \/>\n\t<meta name=\"twitter:data1\" content=\"1 minut\" \/>\n<script type=\"application\/ld+json\" class=\"yoast-schema-graph\">{\"@context\":\"https:\\\/\\\/schema.org\",\"@graph\":[{\"@type\":\"WebPage\",\"@id\":\"https:\\\/\\\/www.editorialjuventud.es\\\/ca\\\/todos-los-perros-del-mundo-9788426157669\\\/\",\"url\":\"https:\\\/\\\/www.editorialjuventud.es\\\/ca\\\/todos-los-perros-del-mundo-9788426157669\\\/\",\"name\":\"Todos los perros del mundo - Editorial Juventud\",\"isPartOf\":{\"@id\":\"https:\\\/\\\/www.editorialjuventud.es\\\/#website\"},\"primaryImageOfPage\":{\"@id\":\"https:\\\/\\\/www.editorialjuventud.es\\\/ca\\\/todos-los-perros-del-mundo-9788426157669\\\/#primaryimage\"},\"image\":{\"@id\":\"https:\\\/\\\/www.editorialjuventud.es\\\/ca\\\/todos-los-perros-del-mundo-9788426157669\\\/#primaryimage\"},\"thumbnailUrl\":\"https:\\\/\\\/www.editorialjuventud.es\\\/wp-content\\\/uploads\\\/5766.jpg\",\"datePublished\":\"2018-08-24T10:22:51+00:00\",\"dateModified\":\"2020-10-21T20:39:38+00:00\",\"description\":\"Es \u00e9sta una obra de consulta muy extensa, que contiene 322 descripciones de razas de perros y 333 fotograf\u00edas en color. Las descripciones dan las\",\"breadcrumb\":{\"@id\":\"https:\\\/\\\/www.editorialjuventud.es\\\/ca\\\/todos-los-perros-del-mundo-9788426157669\\\/#breadcrumb\"},\"inLanguage\":\"ca\",\"potentialAction\":[{\"@type\":\"ReadAction\",\"target\":[\"https:\\\/\\\/www.editorialjuventud.es\\\/ca\\\/todos-los-perros-del-mundo-9788426157669\\\/\"]}]},{\"@type\":\"ImageObject\",\"inLanguage\":\"ca\",\"@id\":\"https:\\\/\\\/www.editorialjuventud.es\\\/ca\\\/todos-los-perros-del-mundo-9788426157669\\\/#primaryimage\",\"url\":\"https:\\\/\\\/www.editorialjuventud.es\\\/wp-content\\\/uploads\\\/5766.jpg\",\"contentUrl\":\"https:\\\/\\\/www.editorialjuventud.es\\\/wp-content\\\/uploads\\\/5766.jpg\",\"width\":247,\"height\":450,\"caption\":\"5766.jpg\"},{\"@type\":\"BreadcrumbList\",\"@id\":\"https:\\\/\\\/www.editorialjuventud.es\\\/ca\\\/todos-los-perros-del-mundo-9788426157669\\\/#breadcrumb\",\"itemListElement\":[{\"@type\":\"ListItem\",\"position\":1,\"name\":\"Portada\",\"item\":\"https:\\\/\\\/www.editorialjuventud.es\\\/\"},{\"@type\":\"ListItem\",\"position\":2,\"name\":\"cat\u00e1logo\",\"item\":\"https:\\\/\\\/www.editorialjuventud.es\\\/coleccion\\\/catalogo\\\/\"},{\"@type\":\"ListItem\",\"position\":3,\"name\":\"castellano\",\"item\":\"https:\\\/\\\/www.editorialjuventud.es\\\/coleccion\\\/castellano\\\/\"},{\"@type\":\"ListItem\",\"position\":4,\"name\":\"Diccionarios y Libros de Consulta\",\"item\":\"https:\\\/\\\/www.editorialjuventud.es\\\/coleccion\\\/diccionarios-y-libros-de-consulta\\\/\"},{\"@type\":\"ListItem\",\"position\":5,\"name\":\"Todos los perros del mundo\"}]},{\"@type\":\"WebSite\",\"@id\":\"https:\\\/\\\/www.editorialjuventud.es\\\/#website\",\"url\":\"https:\\\/\\\/www.editorialjuventud.es\\\/\",\"name\":\"Editorial Juventud\",\"description\":\"\",\"potentialAction\":[{\"@type\":\"SearchAction\",\"target\":{\"@type\":\"EntryPoint\",\"urlTemplate\":\"https:\\\/\\\/www.editorialjuventud.es\\\/?s={search_term_string}\"},\"query-input\":{\"@type\":\"PropertyValueSpecification\",\"valueRequired\":true,\"valueName\":\"search_term_string\"}}],\"inLanguage\":\"ca\"}]}<\/script>\n<!-- \/ Yoast SEO plugin. -->","yoast_head_json":{"title":"Todos los perros del mundo - Editorial Juventud","description":"Es \u00e9sta una obra de consulta muy extensa, que contiene 322 descripciones de razas de perros y 333 fotograf\u00edas en color. Las descripciones dan las","robots":{"index":"index","follow":"follow","max-snippet":"max-snippet:-1","max-image-preview":"max-image-preview:large","max-video-preview":"max-video-preview:-1"},"canonical":"https:\/\/www.editorialjuventud.es\/ca\/todos-los-perros-del-mundo-9788426157669\/","og_locale":"ca_ES","og_type":"article","og_title":"Todos los perros del mundo - Editorial Juventud","og_description":"Es \u00e9sta una obra de consulta muy extensa, que contiene 322 descripciones de razas de perros y 333 fotograf\u00edas en color. Las descripciones dan las","og_url":"https:\/\/www.editorialjuventud.es\/ca\/todos-los-perros-del-mundo-9788426157669\/","og_site_name":"Editorial Juventud","article_modified_time":"2020-10-21T20:39:38+00:00","og_image":[{"width":247,"height":450,"url":"https:\/\/www.editorialjuventud.es\/wp-content\/uploads\/5766.jpg","type":"image\/jpeg"}],"twitter_card":"summary_large_image","twitter_misc":{"Temps estimat de lectura":"1 minut"},"schema":{"@context":"https:\/\/schema.org","@graph":[{"@type":"WebPage","@id":"https:\/\/www.editorialjuventud.es\/ca\/todos-los-perros-del-mundo-9788426157669\/","url":"https:\/\/www.editorialjuventud.es\/ca\/todos-los-perros-del-mundo-9788426157669\/","name":"Todos los perros del mundo - Editorial Juventud","isPartOf":{"@id":"https:\/\/www.editorialjuventud.es\/#website"},"primaryImageOfPage":{"@id":"https:\/\/www.editorialjuventud.es\/ca\/todos-los-perros-del-mundo-9788426157669\/#primaryimage"},"image":{"@id":"https:\/\/www.editorialjuventud.es\/ca\/todos-los-perros-del-mundo-9788426157669\/#primaryimage"},"thumbnailUrl":"https:\/\/www.editorialjuventud.es\/wp-content\/uploads\/5766.jpg","datePublished":"2018-08-24T10:22:51+00:00","dateModified":"2020-10-21T20:39:38+00:00","description":"Es \u00e9sta una obra de consulta muy extensa, que contiene 322 descripciones de razas de perros y 333 fotograf\u00edas en color. Las descripciones dan las","breadcrumb":{"@id":"https:\/\/www.editorialjuventud.es\/ca\/todos-los-perros-del-mundo-9788426157669\/#breadcrumb"},"inLanguage":"ca","potentialAction":[{"@type":"ReadAction","target":["https:\/\/www.editorialjuventud.es\/ca\/todos-los-perros-del-mundo-9788426157669\/"]}]},{"@type":"ImageObject","inLanguage":"ca","@id":"https:\/\/www.editorialjuventud.es\/ca\/todos-los-perros-del-mundo-9788426157669\/#primaryimage","url":"https:\/\/www.editorialjuventud.es\/wp-content\/uploads\/5766.jpg","contentUrl":"https:\/\/www.editorialjuventud.es\/wp-content\/uploads\/5766.jpg","width":247,"height":450,"caption":"5766.jpg"},{"@type":"BreadcrumbList","@id":"https:\/\/www.editorialjuventud.es\/ca\/todos-los-perros-del-mundo-9788426157669\/#breadcrumb","itemListElement":[{"@type":"ListItem","position":1,"name":"Portada","item":"https:\/\/www.editorialjuventud.es\/"},{"@type":"ListItem","position":2,"name":"cat\u00e1logo","item":"https:\/\/www.editorialjuventud.es\/coleccion\/catalogo\/"},{"@type":"ListItem","position":3,"name":"castellano","item":"https:\/\/www.editorialjuventud.es\/coleccion\/castellano\/"},{"@type":"ListItem","position":4,"name":"Diccionarios y Libros de Consulta","item":"https:\/\/www.editorialjuventud.es\/coleccion\/diccionarios-y-libros-de-consulta\/"},{"@type":"ListItem","position":5,"name":"Todos los perros del mundo"}]},{"@type":"WebSite","@id":"https:\/\/www.editorialjuventud.es\/#website","url":"https:\/\/www.editorialjuventud.es\/","name":"Editorial Juventud","description":"","potentialAction":[{"@type":"SearchAction","target":{"@type":"EntryPoint","urlTemplate":"https:\/\/www.editorialjuventud.es\/?s={search_term_string}"},"query-input":{"@type":"PropertyValueSpecification","valueRequired":true,"valueName":"search_term_string"}}],"inLanguage":"ca"}]}},"_links":{"self":[{"href":"https:\/\/www.editorialjuventud.es\/ca\/wp-json\/wp\/v2\/product\/6437","targetHints":{"allow":["GET"]}}],"collection":[{"href":"https:\/\/www.editorialjuventud.es\/ca\/wp-json\/wp\/v2\/product"}],"about":[{"href":"https:\/\/www.editorialjuventud.es\/ca\/wp-json\/wp\/v2\/types\/product"}],"wp:featuredmedia":[{"embeddable":true,"href":"https:\/\/www.editorialjuventud.es\/ca\/wp-json\/wp\/v2\/media\/14869"}],"wp:attachment":[{"href":"https:\/\/www.editorialjuventud.es\/ca\/wp-json\/wp\/v2\/media?parent=6437"}],"wp:term":[{"taxonomy":"product_brand","embeddable":true,"href":"https:\/\/www.editorialjuventud.es\/ca\/wp-json\/wp\/v2\/product_brand?post=6437"},{"taxonomy":"product_cat","embeddable":true,"href":"https:\/\/www.editorialjuventud.es\/ca\/wp-json\/wp\/v2\/product_cat?post=6437"},{"taxonomy":"product_tag","embeddable":true,"href":"https:\/\/www.editorialjuventud.es\/ca\/wp-json\/wp\/v2\/product_tag?post=6437"},{"taxonomy":"coleccion","embeddable":true,"href":"https:\/\/www.editorialjuventud.es\/ca\/wp-json\/wp\/v2\/coleccion?post=6437"}],"curies":[{"name":"wp","href":"https:\/\/api.w.org\/{rel}","templated":true}]}}