{"id":6434,"date":"2018-08-24T14:22:39","date_gmt":"2018-08-24T10:22:39","guid":{"rendered":"http:\/\/www.editorialjuventud.es\/la-guerra-naval-en-el-atlantico\/"},"modified":"2025-10-08T11:45:06","modified_gmt":"2025-10-08T09:45:06","slug":"la-guerra-naval-en-el-atlantico-9788426157157","status":"publish","type":"product","link":"https:\/\/www.editorialjuventud.es\/ca\/la-guerra-naval-en-el-atlantico-9788426157157\/","title":{"rendered":"La guerra naval en el Atl\u00e1ntico"},"content":{"rendered":"<p>Este libro relata los hechos y los combates de mayor relieve que tuvieron lugar en el Atl\u00e1ntico, sobre todo entre los buques de superficie, durante la segunda guerra mundial. (1939-1945).<br \/>\nCon su caracter\u00edstica amenidad y un conocimiento exhaustivo de la historia naval y pol\u00edtica de la \u00e9poca, Luis de la Sierra va contando operaciones de gran estilo y otras menores, pero significativas. La persecuci\u00f3n y voladura del submarino Graaf Spee, el golpe de mano en Scapa Flow, la batalla de Noruega \u0097con la intervenci\u00f3n especial del contraespionaje\u0097, el hundimiento de la escuadra francesa, etc. La guerra naval en el Atl\u00e1ntico es una aportaci\u00f3n decisiva al conocimiento de la \u00faltima contienda mundial.<\/p>\n","protected":false},"excerpt":{"rendered":"Este libro relata los hechos y los combates de mayor relieve que tuvieron lugar en el Atl\u00e1ntico, sobre todo entre los buques de superficie, durante la segunda guerra mundial. (1939-1945). Con su caracter\u00edstica amenidad y un conocimiento exhaustivo de la [&hellip;]","protected":false},"featured_media":13601,"template":"","meta":{"_acf_changed":false,"_exactmetrics_skip_tracking":false,"_exactmetrics_sitenote_active":false,"_exactmetrics_sitenote_note":"","_exactmetrics_sitenote_category":0},"product_brand":[],"product_cat":[905,1180,1183,1120,1117,1128],"product_tag":[],"coleccion":[916,936,1364,1363],"class_list":{"0":"post-6434","1":"product","2":"type-product","3":"status-publish","4":"has-post-thumbnail","6":"product_cat-adulto","7":"product_cat-guerra","8":"product_cat-historia","9":"product_cat-nautica","10":"product_cat-no-ficcion-adulto","11":"product_cat-tematica","12":"coleccion-castellano","13":"coleccion-lecturas-en-torno-al-mar","14":"coleccion-luis-de-la-sierra","15":"coleccion-viajes-aventuras-y-expediciones-lecturas-en-torno-al-mar","17":"first","18":"outofstock","19":"taxable","20":"shipping-taxable","21":"purchasable","22":"product-type-simple"},"acf":{"autor":"Luis de la Sierra","codart":"5715-7","ediciones":"0","encuadernacion":"R\u00fastica","fecha_de_publicacion":"11\/11\/1911","novedad":"0","paginas":"264","subtitulo":"","texto_web_adicional":"","texto_web_novedad":"","orden":"999","portada":"0","texto_web_resaltado":"","descripcion_corta":"","recomendamos":"","mas_vendido":"","titulo-fr":"","texto-fr":"","indice":"","autores-libros":[16315],"ilustradores-libros":"","traductores-libros":"","color":false,"formato":"","mas_informacion_del_producto":false,"premios":false,"texto_enlace_cubierta":"","enlace_cubierta":false,"texto_enlace_ficha_tecnica":"","enlace_ficha_tecnica":false,"ficheros":false,"fecha_de_reimpresion":"","idioma-libro":"","deshabilitar_compra":[]},"yoast_head":"<!-- This site is optimized with the Yoast SEO plugin v27.5 - https:\/\/yoast.com\/product\/yoast-seo-wordpress\/ -->\n<title>La guerra naval en el Atl\u00e1ntico - Editorial Juventud<\/title>\n<meta name=\"description\" content=\"Este libro relata los hechos y los combates de mayor relieve que tuvieron lugar en el Atl\u00e1ntico, sobre todo entre los buques de superficie, durante la\" \/>\n<meta name=\"robots\" content=\"index, follow, max-snippet:-1, max-image-preview:large, max-video-preview:-1\" \/>\n<link rel=\"canonical\" href=\"https:\/\/www.editorialjuventud.es\/la-guerra-naval-en-el-atlantico-9788426157157\/\" \/>\n<meta property=\"og:locale\" content=\"ca_ES\" \/>\n<meta property=\"og:type\" content=\"article\" \/>\n<meta property=\"og:title\" content=\"La guerra naval en el Atl\u00e1ntico - Editorial Juventud\" \/>\n<meta property=\"og:description\" content=\"Este libro relata los hechos y los combates de mayor relieve que tuvieron lugar en el Atl\u00e1ntico, sobre todo entre los buques de superficie, durante la\" \/>\n<meta property=\"og:url\" content=\"https:\/\/www.editorialjuventud.es\/la-guerra-naval-en-el-atlantico-9788426157157\/\" \/>\n<meta property=\"og:site_name\" content=\"Editorial Juventud\" \/>\n<meta property=\"article:modified_time\" content=\"2025-10-08T09:45:06+00:00\" \/>\n<meta property=\"og:image\" content=\"https:\/\/www.editorialjuventud.es\/wp-content\/uploads\/5715.jpg\" \/>\n\t<meta property=\"og:image:width\" content=\"293\" \/>\n\t<meta property=\"og:image:height\" content=\"450\" \/>\n\t<meta property=\"og:image:type\" content=\"image\/jpeg\" \/>\n<meta name=\"twitter:card\" content=\"summary_large_image\" \/>\n<meta name=\"twitter:label1\" content=\"Temps estimat de lectura\" \/>\n\t<meta name=\"twitter:data1\" content=\"1 minut\" \/>\n<script type=\"application\/ld+json\" class=\"yoast-schema-graph\">{\"@context\":\"https:\\\/\\\/schema.org\",\"@graph\":[{\"@type\":\"WebPage\",\"@id\":\"https:\\\/\\\/www.editorialjuventud.es\\\/la-guerra-naval-en-el-atlantico-9788426157157\\\/\",\"url\":\"https:\\\/\\\/www.editorialjuventud.es\\\/la-guerra-naval-en-el-atlantico-9788426157157\\\/\",\"name\":\"La guerra naval en el Atl\u00e1ntico - Editorial Juventud\",\"isPartOf\":{\"@id\":\"https:\\\/\\\/www.editorialjuventud.es\\\/#website\"},\"primaryImageOfPage\":{\"@id\":\"https:\\\/\\\/www.editorialjuventud.es\\\/la-guerra-naval-en-el-atlantico-9788426157157\\\/#primaryimage\"},\"image\":{\"@id\":\"https:\\\/\\\/www.editorialjuventud.es\\\/la-guerra-naval-en-el-atlantico-9788426157157\\\/#primaryimage\"},\"thumbnailUrl\":\"https:\\\/\\\/www.editorialjuventud.es\\\/wp-content\\\/uploads\\\/5715.jpg\",\"datePublished\":\"2018-08-24T10:22:39+00:00\",\"dateModified\":\"2025-10-08T09:45:06+00:00\",\"description\":\"Este libro relata los hechos y los combates de mayor relieve que tuvieron lugar en el Atl\u00e1ntico, sobre todo entre los buques de superficie, durante la\",\"breadcrumb\":{\"@id\":\"https:\\\/\\\/www.editorialjuventud.es\\\/la-guerra-naval-en-el-atlantico-9788426157157\\\/#breadcrumb\"},\"inLanguage\":\"ca\",\"potentialAction\":[{\"@type\":\"ReadAction\",\"target\":[\"https:\\\/\\\/www.editorialjuventud.es\\\/la-guerra-naval-en-el-atlantico-9788426157157\\\/\"]}]},{\"@type\":\"ImageObject\",\"inLanguage\":\"ca\",\"@id\":\"https:\\\/\\\/www.editorialjuventud.es\\\/la-guerra-naval-en-el-atlantico-9788426157157\\\/#primaryimage\",\"url\":\"https:\\\/\\\/www.editorialjuventud.es\\\/wp-content\\\/uploads\\\/5715.jpg\",\"contentUrl\":\"https:\\\/\\\/www.editorialjuventud.es\\\/wp-content\\\/uploads\\\/5715.jpg\",\"width\":293,\"height\":450,\"caption\":\"5715.jpg\"},{\"@type\":\"BreadcrumbList\",\"@id\":\"https:\\\/\\\/www.editorialjuventud.es\\\/la-guerra-naval-en-el-atlantico-9788426157157\\\/#breadcrumb\",\"itemListElement\":[{\"@type\":\"ListItem\",\"position\":1,\"name\":\"Portada\",\"item\":\"https:\\\/\\\/www.editorialjuventud.es\\\/\"},{\"@type\":\"ListItem\",\"position\":2,\"name\":\"cat\u00e1logo\",\"item\":\"https:\\\/\\\/www.editorialjuventud.es\\\/coleccion\\\/catalogo\\\/\"},{\"@type\":\"ListItem\",\"position\":3,\"name\":\"castellano\",\"item\":\"https:\\\/\\\/www.editorialjuventud.es\\\/coleccion\\\/castellano\\\/\"},{\"@type\":\"ListItem\",\"position\":4,\"name\":\"Lecturas En torno al Mar\",\"item\":\"https:\\\/\\\/www.editorialjuventud.es\\\/coleccion\\\/lecturas-en-torno-al-mar\\\/\"},{\"@type\":\"ListItem\",\"position\":5,\"name\":\"Viajes, Aventuras y Expediciones\",\"item\":\"https:\\\/\\\/www.editorialjuventud.es\\\/coleccion\\\/viajes-aventuras-y-expediciones-lecturas-en-torno-al-mar\\\/\"},{\"@type\":\"ListItem\",\"position\":6,\"name\":\"Luis de la Sierra\",\"item\":\"https:\\\/\\\/www.editorialjuventud.es\\\/coleccion\\\/luis-de-la-sierra\\\/\"},{\"@type\":\"ListItem\",\"position\":7,\"name\":\"La guerra naval en el Atl\u00e1ntico\"}]},{\"@type\":\"WebSite\",\"@id\":\"https:\\\/\\\/www.editorialjuventud.es\\\/#website\",\"url\":\"https:\\\/\\\/www.editorialjuventud.es\\\/\",\"name\":\"Editorial Juventud\",\"description\":\"\",\"potentialAction\":[{\"@type\":\"SearchAction\",\"target\":{\"@type\":\"EntryPoint\",\"urlTemplate\":\"https:\\\/\\\/www.editorialjuventud.es\\\/?s={search_term_string}\"},\"query-input\":{\"@type\":\"PropertyValueSpecification\",\"valueRequired\":true,\"valueName\":\"search_term_string\"}}],\"inLanguage\":\"ca\"}]}<\/script>\n<!-- \/ Yoast SEO plugin. -->","yoast_head_json":{"title":"La guerra naval en el Atl\u00e1ntico - Editorial Juventud","description":"Este libro relata los hechos y los combates de mayor relieve que tuvieron lugar en el Atl\u00e1ntico, sobre todo entre los buques de superficie, durante la","robots":{"index":"index","follow":"follow","max-snippet":"max-snippet:-1","max-image-preview":"max-image-preview:large","max-video-preview":"max-video-preview:-1"},"canonical":"https:\/\/www.editorialjuventud.es\/la-guerra-naval-en-el-atlantico-9788426157157\/","og_locale":"ca_ES","og_type":"article","og_title":"La guerra naval en el Atl\u00e1ntico - Editorial Juventud","og_description":"Este libro relata los hechos y los combates de mayor relieve que tuvieron lugar en el Atl\u00e1ntico, sobre todo entre los buques de superficie, durante la","og_url":"https:\/\/www.editorialjuventud.es\/la-guerra-naval-en-el-atlantico-9788426157157\/","og_site_name":"Editorial Juventud","article_modified_time":"2025-10-08T09:45:06+00:00","og_image":[{"width":293,"height":450,"url":"https:\/\/www.editorialjuventud.es\/wp-content\/uploads\/5715.jpg","type":"image\/jpeg"}],"twitter_card":"summary_large_image","twitter_misc":{"Temps estimat de lectura":"1 minut"},"schema":{"@context":"https:\/\/schema.org","@graph":[{"@type":"WebPage","@id":"https:\/\/www.editorialjuventud.es\/la-guerra-naval-en-el-atlantico-9788426157157\/","url":"https:\/\/www.editorialjuventud.es\/la-guerra-naval-en-el-atlantico-9788426157157\/","name":"La guerra naval en el Atl\u00e1ntico - Editorial Juventud","isPartOf":{"@id":"https:\/\/www.editorialjuventud.es\/#website"},"primaryImageOfPage":{"@id":"https:\/\/www.editorialjuventud.es\/la-guerra-naval-en-el-atlantico-9788426157157\/#primaryimage"},"image":{"@id":"https:\/\/www.editorialjuventud.es\/la-guerra-naval-en-el-atlantico-9788426157157\/#primaryimage"},"thumbnailUrl":"https:\/\/www.editorialjuventud.es\/wp-content\/uploads\/5715.jpg","datePublished":"2018-08-24T10:22:39+00:00","dateModified":"2025-10-08T09:45:06+00:00","description":"Este libro relata los hechos y los combates de mayor relieve que tuvieron lugar en el Atl\u00e1ntico, sobre todo entre los buques de superficie, durante la","breadcrumb":{"@id":"https:\/\/www.editorialjuventud.es\/la-guerra-naval-en-el-atlantico-9788426157157\/#breadcrumb"},"inLanguage":"ca","potentialAction":[{"@type":"ReadAction","target":["https:\/\/www.editorialjuventud.es\/la-guerra-naval-en-el-atlantico-9788426157157\/"]}]},{"@type":"ImageObject","inLanguage":"ca","@id":"https:\/\/www.editorialjuventud.es\/la-guerra-naval-en-el-atlantico-9788426157157\/#primaryimage","url":"https:\/\/www.editorialjuventud.es\/wp-content\/uploads\/5715.jpg","contentUrl":"https:\/\/www.editorialjuventud.es\/wp-content\/uploads\/5715.jpg","width":293,"height":450,"caption":"5715.jpg"},{"@type":"BreadcrumbList","@id":"https:\/\/www.editorialjuventud.es\/la-guerra-naval-en-el-atlantico-9788426157157\/#breadcrumb","itemListElement":[{"@type":"ListItem","position":1,"name":"Portada","item":"https:\/\/www.editorialjuventud.es\/"},{"@type":"ListItem","position":2,"name":"cat\u00e1logo","item":"https:\/\/www.editorialjuventud.es\/coleccion\/catalogo\/"},{"@type":"ListItem","position":3,"name":"castellano","item":"https:\/\/www.editorialjuventud.es\/coleccion\/castellano\/"},{"@type":"ListItem","position":4,"name":"Lecturas En torno al Mar","item":"https:\/\/www.editorialjuventud.es\/coleccion\/lecturas-en-torno-al-mar\/"},{"@type":"ListItem","position":5,"name":"Viajes, Aventuras y Expediciones","item":"https:\/\/www.editorialjuventud.es\/coleccion\/viajes-aventuras-y-expediciones-lecturas-en-torno-al-mar\/"},{"@type":"ListItem","position":6,"name":"Luis de la Sierra","item":"https:\/\/www.editorialjuventud.es\/coleccion\/luis-de-la-sierra\/"},{"@type":"ListItem","position":7,"name":"La guerra naval en el Atl\u00e1ntico"}]},{"@type":"WebSite","@id":"https:\/\/www.editorialjuventud.es\/#website","url":"https:\/\/www.editorialjuventud.es\/","name":"Editorial Juventud","description":"","potentialAction":[{"@type":"SearchAction","target":{"@type":"EntryPoint","urlTemplate":"https:\/\/www.editorialjuventud.es\/?s={search_term_string}"},"query-input":{"@type":"PropertyValueSpecification","valueRequired":true,"valueName":"search_term_string"}}],"inLanguage":"ca"}]}},"_links":{"self":[{"href":"https:\/\/www.editorialjuventud.es\/ca\/wp-json\/wp\/v2\/product\/6434","targetHints":{"allow":["GET"]}}],"collection":[{"href":"https:\/\/www.editorialjuventud.es\/ca\/wp-json\/wp\/v2\/product"}],"about":[{"href":"https:\/\/www.editorialjuventud.es\/ca\/wp-json\/wp\/v2\/types\/product"}],"wp:featuredmedia":[{"embeddable":true,"href":"https:\/\/www.editorialjuventud.es\/ca\/wp-json\/wp\/v2\/media\/13601"}],"wp:attachment":[{"href":"https:\/\/www.editorialjuventud.es\/ca\/wp-json\/wp\/v2\/media?parent=6434"}],"wp:term":[{"taxonomy":"product_brand","embeddable":true,"href":"https:\/\/www.editorialjuventud.es\/ca\/wp-json\/wp\/v2\/product_brand?post=6434"},{"taxonomy":"product_cat","embeddable":true,"href":"https:\/\/www.editorialjuventud.es\/ca\/wp-json\/wp\/v2\/product_cat?post=6434"},{"taxonomy":"product_tag","embeddable":true,"href":"https:\/\/www.editorialjuventud.es\/ca\/wp-json\/wp\/v2\/product_tag?post=6434"},{"taxonomy":"coleccion","embeddable":true,"href":"https:\/\/www.editorialjuventud.es\/ca\/wp-json\/wp\/v2\/coleccion?post=6434"}],"curies":[{"name":"wp","href":"https:\/\/api.w.org\/{rel}","templated":true}]}}