{"id":6432,"date":"2018-08-24T12:22:30","date_gmt":"2018-08-24T10:22:30","guid":{"rendered":"http:\/\/www.editorialjuventud.es\/eh-petrel\/"},"modified":"2025-03-14T11:43:51","modified_gmt":"2025-03-14T10:43:51","slug":"eh-petrel-9788426156716","status":"publish","type":"product","link":"https:\/\/www.editorialjuventud.es\/ca\/eh-petrel-9788426156716\/","title":{"rendered":"\u00a1Eh, petrel!"},"content":{"rendered":"<p>Julio Villar En su ligero Mistral, desde que sali\u00f3 de Barcelona en 1968 hasta que lleg\u00f3 al puerto de Lequeitio en el verano de 1972, Julio Villar recorri\u00f3 unas 38.000 millas marinas. Fue una vuelta al mundo vivida sin prisas, saboreada, tranquila, a veces dram\u00e1tica. Pero el relato de sus peripecias no sigue el rumbo habitual en este tipo de libros. Aunque evoca inolvidablemente sus largos periplos de navegaci\u00f3n y escalas, el prop\u00f3sito de Julio Villar ha sido recoger el curso an\u00edmico de su deambular. \u00a1Eh, Petrel! oscila entre la divagaci\u00f3n l\u00edrica y sus escuetas anotaciones del cuaderno de bit\u00e1cora. Sus p\u00e1rrafos rozan m\u00e1s de una vez la estructura de un poema y hay en ellos asombro y fervor hacia Walt Whitman, inquietas preguntas y sentimientos ?de una sencillez y de una pureza que s\u00f3lo hace muchos, muchos a\u00f1os, cuando era ni\u00f1o, era capaz de sentir?. Un relato de viajes que es en s\u00ed mismo el alma del viajero. Este es un libro maravilloso, lleno de paz, mar, aves marinas, peces voladores, soledad serena, libertad y alegr\u00eda de vivir que se contagia cuando tienes la suerte de poder sumergirte en sus p\u00e1ginas llenas de los espont\u00e1neos y bellos dibujos que hizo Julio en su viaje.<\/p>\n","protected":false},"excerpt":{"rendered":"Julio Villar En su ligero Mistral, desde que sali\u00f3 de Barcelona en 1968 hasta que lleg\u00f3 al puerto de Lequeitio en el verano de 1972, Julio Villar recorri\u00f3 unas 38.000 millas marinas. Fue una vuelta al mundo vivida sin prisas, [&hellip;]","protected":false},"featured_media":11733,"template":"","meta":{"_acf_changed":false,"_exactmetrics_skip_tracking":false,"_exactmetrics_sitenote_active":false,"_exactmetrics_sitenote_note":"","_exactmetrics_sitenote_category":0},"product_brand":[],"product_cat":[905,1142,1143,1190,1193,1120,1117,1128],"product_tag":[],"coleccion":[916,936,1363],"class_list":{"0":"post-6432","1":"product","2":"type-product","3":"status-publish","4":"has-post-thumbnail","6":"product_cat-adulto","7":"product_cat-aventura","8":"product_cat-barcos","9":"product_cat-libertad","10":"product_cat-mar-oceano","11":"product_cat-nautica","12":"product_cat-no-ficcion-adulto","13":"product_cat-tematica","14":"coleccion-castellano","15":"coleccion-lecturas-en-torno-al-mar","16":"coleccion-viajes-aventuras-y-expediciones-lecturas-en-torno-al-mar","18":"first","19":"instock","20":"taxable","21":"shipping-taxable","22":"purchasable","23":"product-type-simple"},"acf":{"autor":"Villar, Julio","codart":"5671-1","ediciones":"16","encuadernacion":"R\u00fastica","fecha_de_publicacion":"27\/09\/1989","novedad":"0","paginas":"220","subtitulo":"Cuaderno de un navegante solitario","texto_web_adicional":"","texto_web_novedad":"","orden":"999","portada":"0","texto_web_resaltado":"","indice":"","autores-libros":[16672],"ilustradores-libros":[16672],"traductores-libros":"","descripcion_corta":"","recomendamos":"","mas_vendido":"","idioma-libro":"","color":false,"formato":"","mas_informacion_del_producto":false,"premios":false,"texto_enlace_cubierta":"","enlace_cubierta":{"ID":33110,"id":33110,"title":"\u00a1Eh, Petrel!_300px_CAST","filename":"\u00a1Eh-Petrel_300px_CAST.tif","filesize":47641548,"url":"https:\/\/www.editorialjuventud.es\/wp-content\/uploads\/\u00a1Eh-Petrel_300px_CAST.tif","link":"https:\/\/www.editorialjuventud.es\/ca\/?attachment_id=33110","alt":"","author":"50","description":"","caption":"","name":"eh-petrel_300px_cast","status":"inherit","uploaded_to":6432,"date":"2019-10-10 19:36:47","modified":"2019-10-10 19:36:47","menu_order":0,"mime_type":"image\/tiff","type":"image","subtype":"tiff","icon":"https:\/\/www.editorialjuventud.es\/wp-includes\/images\/media\/default.png","width":0,"height":0,"sizes":{"thumbnail":"https:\/\/www.editorialjuventud.es\/wp-content\/uploads\/\u00a1Eh-Petrel_300px_CAST.tif","thumbnail-width":1,"thumbnail-height":1,"medium":"https:\/\/www.editorialjuventud.es\/wp-content\/uploads\/\u00a1Eh-Petrel_300px_CAST.tif","medium-width":0,"medium-height":0,"medium_large":"https:\/\/www.editorialjuventud.es\/wp-content\/uploads\/\u00a1Eh-Petrel_300px_CAST.tif","medium_large-width":1,"medium_large-height":1,"large":"https:\/\/www.editorialjuventud.es\/wp-content\/uploads\/\u00a1Eh-Petrel_300px_CAST.tif","large-width":0,"large-height":0,"1536x1536":"https:\/\/www.editorialjuventud.es\/wp-content\/uploads\/\u00a1Eh-Petrel_300px_CAST.tif","1536x1536-width":1,"1536x1536-height":1,"2048x2048":"https:\/\/www.editorialjuventud.es\/wp-content\/uploads\/\u00a1Eh-Petrel_300px_CAST.tif","2048x2048-width":1,"2048x2048-height":1,"woocommerce_thumbnail":"https:\/\/www.editorialjuventud.es\/wp-content\/uploads\/\u00a1Eh-Petrel_300px_CAST.tif","woocommerce_thumbnail-width":1,"woocommerce_thumbnail-height":1,"woocommerce_single":"https:\/\/www.editorialjuventud.es\/wp-content\/uploads\/\u00a1Eh-Petrel_300px_CAST.tif","woocommerce_single-width":1,"woocommerce_single-height":1,"woocommerce_gallery_thumbnail":"https:\/\/www.editorialjuventud.es\/wp-content\/uploads\/\u00a1Eh-Petrel_300px_CAST.tif","woocommerce_gallery_thumbnail-width":1,"woocommerce_gallery_thumbnail-height":1,"ppec_logo_image_size":"https:\/\/www.editorialjuventud.es\/wp-content\/uploads\/\u00a1Eh-Petrel_300px_CAST.tif","ppec_logo_image_size-width":1,"ppec_logo_image_size-height":1,"ppec_header_image_size":"https:\/\/www.editorialjuventud.es\/wp-content\/uploads\/\u00a1Eh-Petrel_300px_CAST.tif","ppec_header_image_size-width":1,"ppec_header_image_size-height":1}},"texto_enlace_ficha_tecnica":"","enlace_ficha_tecnica":false,"ficheros":false,"titulo-fr":"","texto-fr":"","fecha_de_reimpresion":"01\/01\/2022","deshabilitar_compra":[]},"yoast_head":"<!-- This site is optimized with the Yoast SEO plugin v27.5 - https:\/\/yoast.com\/product\/yoast-seo-wordpress\/ -->\n<title>\u00a1Eh, petrel! - Editorial Juventud<\/title>\n<meta name=\"description\" content=\"Julio Villar En su ligero Mistral, desde que sali\u00f3 de Barcelona en 1968 hasta que lleg\u00f3 al puerto de Lequeitio en el verano de 1972, Julio Villar recorri\u00f3\" \/>\n<meta name=\"robots\" content=\"index, follow, max-snippet:-1, max-image-preview:large, max-video-preview:-1\" \/>\n<link rel=\"canonical\" href=\"https:\/\/www.editorialjuventud.es\/eh-petrel-9788426156716\/\" \/>\n<meta property=\"og:locale\" content=\"ca_ES\" \/>\n<meta property=\"og:type\" content=\"article\" \/>\n<meta property=\"og:title\" content=\"\u00a1Eh, petrel! - Editorial Juventud\" \/>\n<meta property=\"og:description\" content=\"Julio Villar En su ligero Mistral, desde que sali\u00f3 de Barcelona en 1968 hasta que lleg\u00f3 al puerto de Lequeitio en el verano de 1972, Julio Villar recorri\u00f3\" \/>\n<meta property=\"og:url\" content=\"https:\/\/www.editorialjuventud.es\/eh-petrel-9788426156716\/\" \/>\n<meta property=\"og:site_name\" content=\"Editorial Juventud\" \/>\n<meta property=\"article:modified_time\" content=\"2025-03-14T10:43:51+00:00\" \/>\n<meta property=\"og:image\" content=\"https:\/\/www.editorialjuventud.es\/wp-content\/uploads\/5671.jpg\" \/>\n\t<meta property=\"og:image:width\" content=\"360\" \/>\n\t<meta property=\"og:image:height\" content=\"450\" \/>\n\t<meta property=\"og:image:type\" content=\"image\/jpeg\" \/>\n<meta name=\"twitter:card\" content=\"summary_large_image\" \/>\n<meta name=\"twitter:label1\" content=\"Temps estimat de lectura\" \/>\n\t<meta name=\"twitter:data1\" content=\"2 minuts\" \/>\n<script type=\"application\/ld+json\" class=\"yoast-schema-graph\">{\"@context\":\"https:\\\/\\\/schema.org\",\"@graph\":[{\"@type\":\"WebPage\",\"@id\":\"https:\\\/\\\/www.editorialjuventud.es\\\/eh-petrel-9788426156716\\\/\",\"url\":\"https:\\\/\\\/www.editorialjuventud.es\\\/eh-petrel-9788426156716\\\/\",\"name\":\"\u00a1Eh, petrel! - Editorial Juventud\",\"isPartOf\":{\"@id\":\"https:\\\/\\\/www.editorialjuventud.es\\\/#website\"},\"primaryImageOfPage\":{\"@id\":\"https:\\\/\\\/www.editorialjuventud.es\\\/eh-petrel-9788426156716\\\/#primaryimage\"},\"image\":{\"@id\":\"https:\\\/\\\/www.editorialjuventud.es\\\/eh-petrel-9788426156716\\\/#primaryimage\"},\"thumbnailUrl\":\"https:\\\/\\\/www.editorialjuventud.es\\\/wp-content\\\/uploads\\\/5671.jpg\",\"datePublished\":\"2018-08-24T10:22:30+00:00\",\"dateModified\":\"2025-03-14T10:43:51+00:00\",\"description\":\"Julio Villar En su ligero Mistral, desde que sali\u00f3 de Barcelona en 1968 hasta que lleg\u00f3 al puerto de Lequeitio en el verano de 1972, Julio Villar recorri\u00f3\",\"breadcrumb\":{\"@id\":\"https:\\\/\\\/www.editorialjuventud.es\\\/eh-petrel-9788426156716\\\/#breadcrumb\"},\"inLanguage\":\"ca\",\"potentialAction\":[{\"@type\":\"ReadAction\",\"target\":[\"https:\\\/\\\/www.editorialjuventud.es\\\/eh-petrel-9788426156716\\\/\"]}]},{\"@type\":\"ImageObject\",\"inLanguage\":\"ca\",\"@id\":\"https:\\\/\\\/www.editorialjuventud.es\\\/eh-petrel-9788426156716\\\/#primaryimage\",\"url\":\"https:\\\/\\\/www.editorialjuventud.es\\\/wp-content\\\/uploads\\\/5671.jpg\",\"contentUrl\":\"https:\\\/\\\/www.editorialjuventud.es\\\/wp-content\\\/uploads\\\/5671.jpg\",\"width\":360,\"height\":450,\"caption\":\"5671.jpg\"},{\"@type\":\"BreadcrumbList\",\"@id\":\"https:\\\/\\\/www.editorialjuventud.es\\\/eh-petrel-9788426156716\\\/#breadcrumb\",\"itemListElement\":[{\"@type\":\"ListItem\",\"position\":1,\"name\":\"Portada\",\"item\":\"https:\\\/\\\/www.editorialjuventud.es\\\/\"},{\"@type\":\"ListItem\",\"position\":2,\"name\":\"cat\u00e1logo\",\"item\":\"https:\\\/\\\/www.editorialjuventud.es\\\/coleccion\\\/catalogo\\\/\"},{\"@type\":\"ListItem\",\"position\":3,\"name\":\"castellano\",\"item\":\"https:\\\/\\\/www.editorialjuventud.es\\\/coleccion\\\/castellano\\\/\"},{\"@type\":\"ListItem\",\"position\":4,\"name\":\"Lecturas En torno al Mar\",\"item\":\"https:\\\/\\\/www.editorialjuventud.es\\\/coleccion\\\/lecturas-en-torno-al-mar\\\/\"},{\"@type\":\"ListItem\",\"position\":5,\"name\":\"Viajes, Aventuras y Expediciones\",\"item\":\"https:\\\/\\\/www.editorialjuventud.es\\\/coleccion\\\/viajes-aventuras-y-expediciones-lecturas-en-torno-al-mar\\\/\"},{\"@type\":\"ListItem\",\"position\":6,\"name\":\"\u00a1Eh, petrel!\"}]},{\"@type\":\"WebSite\",\"@id\":\"https:\\\/\\\/www.editorialjuventud.es\\\/#website\",\"url\":\"https:\\\/\\\/www.editorialjuventud.es\\\/\",\"name\":\"Editorial Juventud\",\"description\":\"\",\"potentialAction\":[{\"@type\":\"SearchAction\",\"target\":{\"@type\":\"EntryPoint\",\"urlTemplate\":\"https:\\\/\\\/www.editorialjuventud.es\\\/?s={search_term_string}\"},\"query-input\":{\"@type\":\"PropertyValueSpecification\",\"valueRequired\":true,\"valueName\":\"search_term_string\"}}],\"inLanguage\":\"ca\"}]}<\/script>\n<!-- \/ Yoast SEO plugin. -->","yoast_head_json":{"title":"\u00a1Eh, petrel! - Editorial Juventud","description":"Julio Villar En su ligero Mistral, desde que sali\u00f3 de Barcelona en 1968 hasta que lleg\u00f3 al puerto de Lequeitio en el verano de 1972, Julio Villar recorri\u00f3","robots":{"index":"index","follow":"follow","max-snippet":"max-snippet:-1","max-image-preview":"max-image-preview:large","max-video-preview":"max-video-preview:-1"},"canonical":"https:\/\/www.editorialjuventud.es\/eh-petrel-9788426156716\/","og_locale":"ca_ES","og_type":"article","og_title":"\u00a1Eh, petrel! - Editorial Juventud","og_description":"Julio Villar En su ligero Mistral, desde que sali\u00f3 de Barcelona en 1968 hasta que lleg\u00f3 al puerto de Lequeitio en el verano de 1972, Julio Villar recorri\u00f3","og_url":"https:\/\/www.editorialjuventud.es\/eh-petrel-9788426156716\/","og_site_name":"Editorial Juventud","article_modified_time":"2025-03-14T10:43:51+00:00","og_image":[{"width":360,"height":450,"url":"https:\/\/www.editorialjuventud.es\/wp-content\/uploads\/5671.jpg","type":"image\/jpeg"}],"twitter_card":"summary_large_image","twitter_misc":{"Temps estimat de lectura":"2 minuts"},"schema":{"@context":"https:\/\/schema.org","@graph":[{"@type":"WebPage","@id":"https:\/\/www.editorialjuventud.es\/eh-petrel-9788426156716\/","url":"https:\/\/www.editorialjuventud.es\/eh-petrel-9788426156716\/","name":"\u00a1Eh, petrel! - Editorial Juventud","isPartOf":{"@id":"https:\/\/www.editorialjuventud.es\/#website"},"primaryImageOfPage":{"@id":"https:\/\/www.editorialjuventud.es\/eh-petrel-9788426156716\/#primaryimage"},"image":{"@id":"https:\/\/www.editorialjuventud.es\/eh-petrel-9788426156716\/#primaryimage"},"thumbnailUrl":"https:\/\/www.editorialjuventud.es\/wp-content\/uploads\/5671.jpg","datePublished":"2018-08-24T10:22:30+00:00","dateModified":"2025-03-14T10:43:51+00:00","description":"Julio Villar En su ligero Mistral, desde que sali\u00f3 de Barcelona en 1968 hasta que lleg\u00f3 al puerto de Lequeitio en el verano de 1972, Julio Villar recorri\u00f3","breadcrumb":{"@id":"https:\/\/www.editorialjuventud.es\/eh-petrel-9788426156716\/#breadcrumb"},"inLanguage":"ca","potentialAction":[{"@type":"ReadAction","target":["https:\/\/www.editorialjuventud.es\/eh-petrel-9788426156716\/"]}]},{"@type":"ImageObject","inLanguage":"ca","@id":"https:\/\/www.editorialjuventud.es\/eh-petrel-9788426156716\/#primaryimage","url":"https:\/\/www.editorialjuventud.es\/wp-content\/uploads\/5671.jpg","contentUrl":"https:\/\/www.editorialjuventud.es\/wp-content\/uploads\/5671.jpg","width":360,"height":450,"caption":"5671.jpg"},{"@type":"BreadcrumbList","@id":"https:\/\/www.editorialjuventud.es\/eh-petrel-9788426156716\/#breadcrumb","itemListElement":[{"@type":"ListItem","position":1,"name":"Portada","item":"https:\/\/www.editorialjuventud.es\/"},{"@type":"ListItem","position":2,"name":"cat\u00e1logo","item":"https:\/\/www.editorialjuventud.es\/coleccion\/catalogo\/"},{"@type":"ListItem","position":3,"name":"castellano","item":"https:\/\/www.editorialjuventud.es\/coleccion\/castellano\/"},{"@type":"ListItem","position":4,"name":"Lecturas En torno al Mar","item":"https:\/\/www.editorialjuventud.es\/coleccion\/lecturas-en-torno-al-mar\/"},{"@type":"ListItem","position":5,"name":"Viajes, Aventuras y Expediciones","item":"https:\/\/www.editorialjuventud.es\/coleccion\/viajes-aventuras-y-expediciones-lecturas-en-torno-al-mar\/"},{"@type":"ListItem","position":6,"name":"\u00a1Eh, petrel!"}]},{"@type":"WebSite","@id":"https:\/\/www.editorialjuventud.es\/#website","url":"https:\/\/www.editorialjuventud.es\/","name":"Editorial Juventud","description":"","potentialAction":[{"@type":"SearchAction","target":{"@type":"EntryPoint","urlTemplate":"https:\/\/www.editorialjuventud.es\/?s={search_term_string}"},"query-input":{"@type":"PropertyValueSpecification","valueRequired":true,"valueName":"search_term_string"}}],"inLanguage":"ca"}]}},"_links":{"self":[{"href":"https:\/\/www.editorialjuventud.es\/ca\/wp-json\/wp\/v2\/product\/6432","targetHints":{"allow":["GET"]}}],"collection":[{"href":"https:\/\/www.editorialjuventud.es\/ca\/wp-json\/wp\/v2\/product"}],"about":[{"href":"https:\/\/www.editorialjuventud.es\/ca\/wp-json\/wp\/v2\/types\/product"}],"wp:featuredmedia":[{"embeddable":true,"href":"https:\/\/www.editorialjuventud.es\/ca\/wp-json\/wp\/v2\/media\/11733"}],"wp:attachment":[{"href":"https:\/\/www.editorialjuventud.es\/ca\/wp-json\/wp\/v2\/media?parent=6432"}],"wp:term":[{"taxonomy":"product_brand","embeddable":true,"href":"https:\/\/www.editorialjuventud.es\/ca\/wp-json\/wp\/v2\/product_brand?post=6432"},{"taxonomy":"product_cat","embeddable":true,"href":"https:\/\/www.editorialjuventud.es\/ca\/wp-json\/wp\/v2\/product_cat?post=6432"},{"taxonomy":"product_tag","embeddable":true,"href":"https:\/\/www.editorialjuventud.es\/ca\/wp-json\/wp\/v2\/product_tag?post=6432"},{"taxonomy":"coleccion","embeddable":true,"href":"https:\/\/www.editorialjuventud.es\/ca\/wp-json\/wp\/v2\/coleccion?post=6432"}],"curies":[{"name":"wp","href":"https:\/\/api.w.org\/{rel}","templated":true}]}}