{"id":6429,"date":"2018-08-24T12:22:17","date_gmt":"2018-08-24T10:22:17","guid":{"rendered":"http:\/\/www.editorialjuventud.es\/tintin-i-el-llac-dels-taurons\/"},"modified":"2025-01-22T12:35:35","modified_gmt":"2025-01-22T11:35:35","slug":"tintin-i-el-llac-dels-taurons-9788426156600","status":"publish","type":"product","link":"https:\/\/www.editorialjuventud.es\/ca\/tintin-i-el-llac-dels-taurons-9788426156600\/","title":{"rendered":"Tint\u00edn i el llac dels taurons"},"content":{"rendered":"<p>Aquest \u00e0lbum est\u00e0 basat en la pel\u00b7l\u00edcula de dibuixos animats de Raymond Leblanc. El gui\u00f3 fou escrit per Greg, i l\u2019adaptaci\u00f3 dels dibuixos i dels di\u00e0legs del film fou realitzada pels estudis Herg\u00e9.<\/p>\n","protected":false},"excerpt":{"rendered":"Aquest \u00e0lbum est\u00e0 basat en la pel\u00b7l\u00edcula de dibuixos animats de Raymond Leblanc. El gui\u00f3 fou escrit per Greg, i l\u2019adaptaci\u00f3 dels dibuixos i dels di\u00e0legs del film fou realitzada pels estudis Herg\u00e9.","protected":false},"featured_media":14853,"template":"","meta":{"_acf_changed":false,"_exactmetrics_skip_tracking":false,"_exactmetrics_sitenote_active":false,"_exactmetrics_sitenote_note":"","_exactmetrics_sitenote_category":0},"product_brand":[],"product_cat":[902,1142,1127,892,1128],"product_tag":[],"coleccion":[1087],"class_list":{"0":"post-6429","1":"product","2":"type-product","3":"status-publish","4":"has-post-thumbnail","6":"product_cat-a-partir-de-7-anos","7":"product_cat-aventura","8":"product_cat-comic","9":"product_cat-edades","10":"product_cat-tematica","11":"coleccion-les-aventures-de-tintin-llibres-de-tintin","13":"first","14":"instock","15":"taxable","16":"shipping-taxable","17":"purchasable","18":"product-type-simple"},"acf":{"autor":"HERGE-TINTIN CATALAN","codart":"5660-6","ediciones":"0","encuadernacion":"Carton\u00e9","fecha_de_publicacion":"11\/10\/1989","novedad":"0","paginas":"48","subtitulo":"","texto_web_adicional":"","texto_web_novedad":"","orden":"999","portada":"0","texto_web_resaltado":"","autores-libros":[16407],"ilustradores-libros":[16407],"traductores-libros":[18322]},"yoast_head":"<!-- This site is optimized with the Yoast SEO plugin v27.5 - https:\/\/yoast.com\/product\/yoast-seo-wordpress\/ -->\n<title>Tint\u00edn i el llac dels taurons - Editorial Juventud<\/title>\n<meta name=\"description\" content=\"Aquest \u00e0lbum est\u00e0 basat en la pel\u00b7l\u00edcula de dibuixos animats de Raymond Leblanc. El gui\u00f3 fou escrit per Greg, i l\u2019adaptaci\u00f3 dels dibuixos i dels di\u00e0legs\" \/>\n<meta name=\"robots\" content=\"index, follow, max-snippet:-1, max-image-preview:large, max-video-preview:-1\" \/>\n<link rel=\"canonical\" href=\"https:\/\/www.editorialjuventud.es\/tintin-i-el-llac-dels-taurons-9788426156600\/\" \/>\n<meta property=\"og:locale\" content=\"ca_ES\" \/>\n<meta property=\"og:type\" content=\"article\" \/>\n<meta property=\"og:title\" content=\"Tint\u00edn i el llac dels taurons - Editorial Juventud\" \/>\n<meta property=\"og:description\" content=\"Aquest \u00e0lbum est\u00e0 basat en la pel\u00b7l\u00edcula de dibuixos animats de Raymond Leblanc. El gui\u00f3 fou escrit per Greg, i l\u2019adaptaci\u00f3 dels dibuixos i dels di\u00e0legs\" \/>\n<meta property=\"og:url\" content=\"https:\/\/www.editorialjuventud.es\/tintin-i-el-llac-dels-taurons-9788426156600\/\" \/>\n<meta property=\"og:site_name\" content=\"Editorial Juventud\" \/>\n<meta property=\"article:modified_time\" content=\"2025-01-22T11:35:35+00:00\" \/>\n<meta property=\"og:image\" content=\"https:\/\/www.editorialjuventud.es\/wp-content\/uploads\/5660.jpg\" \/>\n\t<meta property=\"og:image:width\" content=\"334\" \/>\n\t<meta property=\"og:image:height\" content=\"450\" \/>\n\t<meta property=\"og:image:type\" content=\"image\/jpeg\" \/>\n<meta name=\"twitter:card\" content=\"summary_large_image\" \/>\n<script type=\"application\/ld+json\" class=\"yoast-schema-graph\">{\"@context\":\"https:\\\/\\\/schema.org\",\"@graph\":[{\"@type\":\"WebPage\",\"@id\":\"https:\\\/\\\/www.editorialjuventud.es\\\/tintin-i-el-llac-dels-taurons-9788426156600\\\/\",\"url\":\"https:\\\/\\\/www.editorialjuventud.es\\\/tintin-i-el-llac-dels-taurons-9788426156600\\\/\",\"name\":\"Tint\u00edn i el llac dels taurons - Editorial Juventud\",\"isPartOf\":{\"@id\":\"https:\\\/\\\/www.editorialjuventud.es\\\/#website\"},\"primaryImageOfPage\":{\"@id\":\"https:\\\/\\\/www.editorialjuventud.es\\\/tintin-i-el-llac-dels-taurons-9788426156600\\\/#primaryimage\"},\"image\":{\"@id\":\"https:\\\/\\\/www.editorialjuventud.es\\\/tintin-i-el-llac-dels-taurons-9788426156600\\\/#primaryimage\"},\"thumbnailUrl\":\"https:\\\/\\\/www.editorialjuventud.es\\\/wp-content\\\/uploads\\\/5660.jpg\",\"datePublished\":\"2018-08-24T10:22:17+00:00\",\"dateModified\":\"2025-01-22T11:35:35+00:00\",\"description\":\"Aquest \u00e0lbum est\u00e0 basat en la pel\u00b7l\u00edcula de dibuixos animats de Raymond Leblanc. El gui\u00f3 fou escrit per Greg, i l\u2019adaptaci\u00f3 dels dibuixos i dels di\u00e0legs\",\"breadcrumb\":{\"@id\":\"https:\\\/\\\/www.editorialjuventud.es\\\/tintin-i-el-llac-dels-taurons-9788426156600\\\/#breadcrumb\"},\"inLanguage\":\"ca\",\"potentialAction\":[{\"@type\":\"ReadAction\",\"target\":[\"https:\\\/\\\/www.editorialjuventud.es\\\/tintin-i-el-llac-dels-taurons-9788426156600\\\/\"]}]},{\"@type\":\"ImageObject\",\"inLanguage\":\"ca\",\"@id\":\"https:\\\/\\\/www.editorialjuventud.es\\\/tintin-i-el-llac-dels-taurons-9788426156600\\\/#primaryimage\",\"url\":\"https:\\\/\\\/www.editorialjuventud.es\\\/wp-content\\\/uploads\\\/5660.jpg\",\"contentUrl\":\"https:\\\/\\\/www.editorialjuventud.es\\\/wp-content\\\/uploads\\\/5660.jpg\",\"width\":334,\"height\":450,\"caption\":\"5660.jpg\"},{\"@type\":\"BreadcrumbList\",\"@id\":\"https:\\\/\\\/www.editorialjuventud.es\\\/tintin-i-el-llac-dels-taurons-9788426156600\\\/#breadcrumb\",\"itemListElement\":[{\"@type\":\"ListItem\",\"position\":1,\"name\":\"Portada\",\"item\":\"https:\\\/\\\/www.editorialjuventud.es\\\/\"},{\"@type\":\"ListItem\",\"position\":2,\"name\":\"cat\u00e1logo\",\"item\":\"https:\\\/\\\/www.editorialjuventud.es\\\/coleccion\\\/catalogo\\\/\"},{\"@type\":\"ListItem\",\"position\":3,\"name\":\"catal\u00e0\",\"item\":\"https:\\\/\\\/www.editorialjuventud.es\\\/coleccion\\\/catala\\\/\"},{\"@type\":\"ListItem\",\"position\":4,\"name\":\"Llibres de Tint\u00edn\",\"item\":\"https:\\\/\\\/www.editorialjuventud.es\\\/ca\\\/coleccion\\\/llibres-de-tintin\\\/\"},{\"@type\":\"ListItem\",\"position\":5,\"name\":\"Les Aventures de Tint\u00edn\",\"item\":\"https:\\\/\\\/www.editorialjuventud.es\\\/ca\\\/coleccion\\\/les-aventures-de-tintin-llibres-de-tintin\\\/\"},{\"@type\":\"ListItem\",\"position\":6,\"name\":\"Tint\u00edn i el llac dels taurons\"}]},{\"@type\":\"WebSite\",\"@id\":\"https:\\\/\\\/www.editorialjuventud.es\\\/#website\",\"url\":\"https:\\\/\\\/www.editorialjuventud.es\\\/\",\"name\":\"Editorial Juventud\",\"description\":\"\",\"potentialAction\":[{\"@type\":\"SearchAction\",\"target\":{\"@type\":\"EntryPoint\",\"urlTemplate\":\"https:\\\/\\\/www.editorialjuventud.es\\\/?s={search_term_string}\"},\"query-input\":{\"@type\":\"PropertyValueSpecification\",\"valueRequired\":true,\"valueName\":\"search_term_string\"}}],\"inLanguage\":\"ca\"}]}<\/script>\n<!-- \/ Yoast SEO plugin. -->","yoast_head_json":{"title":"Tint\u00edn i el llac dels taurons - Editorial Juventud","description":"Aquest \u00e0lbum est\u00e0 basat en la pel\u00b7l\u00edcula de dibuixos animats de Raymond Leblanc. El gui\u00f3 fou escrit per Greg, i l\u2019adaptaci\u00f3 dels dibuixos i dels di\u00e0legs","robots":{"index":"index","follow":"follow","max-snippet":"max-snippet:-1","max-image-preview":"max-image-preview:large","max-video-preview":"max-video-preview:-1"},"canonical":"https:\/\/www.editorialjuventud.es\/tintin-i-el-llac-dels-taurons-9788426156600\/","og_locale":"ca_ES","og_type":"article","og_title":"Tint\u00edn i el llac dels taurons - Editorial Juventud","og_description":"Aquest \u00e0lbum est\u00e0 basat en la pel\u00b7l\u00edcula de dibuixos animats de Raymond Leblanc. El gui\u00f3 fou escrit per Greg, i l\u2019adaptaci\u00f3 dels dibuixos i dels di\u00e0legs","og_url":"https:\/\/www.editorialjuventud.es\/tintin-i-el-llac-dels-taurons-9788426156600\/","og_site_name":"Editorial Juventud","article_modified_time":"2025-01-22T11:35:35+00:00","og_image":[{"width":334,"height":450,"url":"https:\/\/www.editorialjuventud.es\/wp-content\/uploads\/5660.jpg","type":"image\/jpeg"}],"twitter_card":"summary_large_image","schema":{"@context":"https:\/\/schema.org","@graph":[{"@type":"WebPage","@id":"https:\/\/www.editorialjuventud.es\/tintin-i-el-llac-dels-taurons-9788426156600\/","url":"https:\/\/www.editorialjuventud.es\/tintin-i-el-llac-dels-taurons-9788426156600\/","name":"Tint\u00edn i el llac dels taurons - Editorial Juventud","isPartOf":{"@id":"https:\/\/www.editorialjuventud.es\/#website"},"primaryImageOfPage":{"@id":"https:\/\/www.editorialjuventud.es\/tintin-i-el-llac-dels-taurons-9788426156600\/#primaryimage"},"image":{"@id":"https:\/\/www.editorialjuventud.es\/tintin-i-el-llac-dels-taurons-9788426156600\/#primaryimage"},"thumbnailUrl":"https:\/\/www.editorialjuventud.es\/wp-content\/uploads\/5660.jpg","datePublished":"2018-08-24T10:22:17+00:00","dateModified":"2025-01-22T11:35:35+00:00","description":"Aquest \u00e0lbum est\u00e0 basat en la pel\u00b7l\u00edcula de dibuixos animats de Raymond Leblanc. El gui\u00f3 fou escrit per Greg, i l\u2019adaptaci\u00f3 dels dibuixos i dels di\u00e0legs","breadcrumb":{"@id":"https:\/\/www.editorialjuventud.es\/tintin-i-el-llac-dels-taurons-9788426156600\/#breadcrumb"},"inLanguage":"ca","potentialAction":[{"@type":"ReadAction","target":["https:\/\/www.editorialjuventud.es\/tintin-i-el-llac-dels-taurons-9788426156600\/"]}]},{"@type":"ImageObject","inLanguage":"ca","@id":"https:\/\/www.editorialjuventud.es\/tintin-i-el-llac-dels-taurons-9788426156600\/#primaryimage","url":"https:\/\/www.editorialjuventud.es\/wp-content\/uploads\/5660.jpg","contentUrl":"https:\/\/www.editorialjuventud.es\/wp-content\/uploads\/5660.jpg","width":334,"height":450,"caption":"5660.jpg"},{"@type":"BreadcrumbList","@id":"https:\/\/www.editorialjuventud.es\/tintin-i-el-llac-dels-taurons-9788426156600\/#breadcrumb","itemListElement":[{"@type":"ListItem","position":1,"name":"Portada","item":"https:\/\/www.editorialjuventud.es\/"},{"@type":"ListItem","position":2,"name":"cat\u00e1logo","item":"https:\/\/www.editorialjuventud.es\/coleccion\/catalogo\/"},{"@type":"ListItem","position":3,"name":"catal\u00e0","item":"https:\/\/www.editorialjuventud.es\/coleccion\/catala\/"},{"@type":"ListItem","position":4,"name":"Llibres de Tint\u00edn","item":"https:\/\/www.editorialjuventud.es\/ca\/coleccion\/llibres-de-tintin\/"},{"@type":"ListItem","position":5,"name":"Les Aventures de Tint\u00edn","item":"https:\/\/www.editorialjuventud.es\/ca\/coleccion\/les-aventures-de-tintin-llibres-de-tintin\/"},{"@type":"ListItem","position":6,"name":"Tint\u00edn i el llac dels taurons"}]},{"@type":"WebSite","@id":"https:\/\/www.editorialjuventud.es\/#website","url":"https:\/\/www.editorialjuventud.es\/","name":"Editorial Juventud","description":"","potentialAction":[{"@type":"SearchAction","target":{"@type":"EntryPoint","urlTemplate":"https:\/\/www.editorialjuventud.es\/?s={search_term_string}"},"query-input":{"@type":"PropertyValueSpecification","valueRequired":true,"valueName":"search_term_string"}}],"inLanguage":"ca"}]}},"_links":{"self":[{"href":"https:\/\/www.editorialjuventud.es\/ca\/wp-json\/wp\/v2\/product\/6429","targetHints":{"allow":["GET"]}}],"collection":[{"href":"https:\/\/www.editorialjuventud.es\/ca\/wp-json\/wp\/v2\/product"}],"about":[{"href":"https:\/\/www.editorialjuventud.es\/ca\/wp-json\/wp\/v2\/types\/product"}],"wp:featuredmedia":[{"embeddable":true,"href":"https:\/\/www.editorialjuventud.es\/ca\/wp-json\/wp\/v2\/media\/14853"}],"wp:attachment":[{"href":"https:\/\/www.editorialjuventud.es\/ca\/wp-json\/wp\/v2\/media?parent=6429"}],"wp:term":[{"taxonomy":"product_brand","embeddable":true,"href":"https:\/\/www.editorialjuventud.es\/ca\/wp-json\/wp\/v2\/product_brand?post=6429"},{"taxonomy":"product_cat","embeddable":true,"href":"https:\/\/www.editorialjuventud.es\/ca\/wp-json\/wp\/v2\/product_cat?post=6429"},{"taxonomy":"product_tag","embeddable":true,"href":"https:\/\/www.editorialjuventud.es\/ca\/wp-json\/wp\/v2\/product_tag?post=6429"},{"taxonomy":"coleccion","embeddable":true,"href":"https:\/\/www.editorialjuventud.es\/ca\/wp-json\/wp\/v2\/coleccion?post=6429"}],"curies":[{"name":"wp","href":"https:\/\/api.w.org\/{rel}","templated":true}]}}