{"id":6417,"date":"2018-08-24T12:21:26","date_gmt":"2018-08-24T10:21:26","guid":{"rendered":"http:\/\/www.editorialjuventud.es\/grandes-esperanzas\/"},"modified":"2019-10-15T05:37:58","modified_gmt":"2019-10-15T03:37:58","slug":"grandes-esperanzas-9788426155269","status":"publish","type":"product","link":"https:\/\/www.editorialjuventud.es\/ca\/grandes-esperanzas-9788426155269\/","title":{"rendered":"Grandes esperanzas"},"content":{"rendered":"<p>Grandes esperanzas (1861) apareci\u00f3 por primera vez publicado por entregas en un peri\u00f3dico editado por el mismo autor. El personaje central de Grandes esperanzas es un muchacho humilde, de una peque\u00f1a aldea, cuya vida cambia bajo la influencia de un misterioso bienhechor y la pasi\u00f3n desatada por unos dram\u00e1ticos amores. La realidad de la vida cotidiana y la fantas\u00eda, se dan la mano en esta obra capital del autor, una de las m\u00e1s atractivas de la literatura inglesa del siglo XIX. El mundo extraordinariamente humano y detallista de Dickens y la psicolog\u00eda de sus personajes revelan la maestr\u00eda del novelista.<\/p>\n","protected":false},"excerpt":{"rendered":"Grandes esperanzas (1861) apareci\u00f3 por primera vez publicado por entregas en un peri\u00f3dico editado por el mismo autor. El personaje central de Grandes esperanzas es un muchacho humilde, de una peque\u00f1a aldea, cuya vida cambia bajo la influencia de un [&hellip;]","protected":false},"featured_media":13315,"template":"","meta":{"_acf_changed":false,"_exactmetrics_skip_tracking":false,"_exactmetrics_sitenote_active":false,"_exactmetrics_sitenote_note":"","_exactmetrics_sitenote_category":0},"product_brand":[],"product_cat":[905,892,1115,1118],"product_tag":[],"coleccion":[916,1007,938,1085],"class_list":{"0":"post-6417","1":"product","2":"type-product","3":"status-publish","4":"has-post-thumbnail","6":"product_cat-adulto","7":"product_cat-edades","8":"product_cat-generos","9":"product_cat-literatura-clasica","10":"coleccion-castellano","11":"coleccion-coleccion-z","12":"coleccion-libros-de-bolsillo","13":"coleccion-novela","15":"first","16":"instock","17":"taxable","18":"shipping-taxable","19":"purchasable","20":"product-type-simple"},"acf":{"autores-libros":[16326],"traductores-libros":[27076]},"yoast_head":"<!-- This site is optimized with the Yoast SEO plugin v27.5 - https:\/\/yoast.com\/product\/yoast-seo-wordpress\/ -->\n<title>Grandes esperanzas - Editorial Juventud<\/title>\n<meta name=\"description\" content=\"Grandes esperanzas (1861) apareci\u00f3 por primera vez publicado por entregas en un peri\u00f3dico editado por el mismo autor. El personaje central de Grandes\" \/>\n<meta name=\"robots\" content=\"index, follow, max-snippet:-1, max-image-preview:large, max-video-preview:-1\" \/>\n<link rel=\"canonical\" href=\"https:\/\/www.editorialjuventud.es\/grandes-esperanzas-9788426155269\/\" \/>\n<meta property=\"og:locale\" content=\"ca_ES\" \/>\n<meta property=\"og:type\" content=\"article\" \/>\n<meta property=\"og:title\" content=\"Grandes esperanzas - Editorial Juventud\" \/>\n<meta property=\"og:description\" content=\"Grandes esperanzas (1861) apareci\u00f3 por primera vez publicado por entregas en un peri\u00f3dico editado por el mismo autor. El personaje central de Grandes\" \/>\n<meta property=\"og:url\" content=\"https:\/\/www.editorialjuventud.es\/grandes-esperanzas-9788426155269\/\" \/>\n<meta property=\"og:site_name\" content=\"Editorial Juventud\" \/>\n<meta property=\"article:modified_time\" content=\"2019-10-15T03:37:58+00:00\" \/>\n<meta property=\"og:image\" content=\"https:\/\/www.editorialjuventud.es\/wp-content\/uploads\/5526.jpg\" \/>\n\t<meta property=\"og:image:width\" content=\"258\" \/>\n\t<meta property=\"og:image:height\" content=\"400\" \/>\n\t<meta property=\"og:image:type\" content=\"image\/jpeg\" \/>\n<meta name=\"twitter:card\" content=\"summary_large_image\" \/>\n<meta name=\"twitter:label1\" content=\"Temps estimat de lectura\" \/>\n\t<meta name=\"twitter:data1\" content=\"1 minut\" \/>\n<script type=\"application\/ld+json\" class=\"yoast-schema-graph\">{\"@context\":\"https:\\\/\\\/schema.org\",\"@graph\":[{\"@type\":\"WebPage\",\"@id\":\"https:\\\/\\\/www.editorialjuventud.es\\\/grandes-esperanzas-9788426155269\\\/\",\"url\":\"https:\\\/\\\/www.editorialjuventud.es\\\/grandes-esperanzas-9788426155269\\\/\",\"name\":\"Grandes esperanzas - Editorial Juventud\",\"isPartOf\":{\"@id\":\"https:\\\/\\\/www.editorialjuventud.es\\\/#website\"},\"primaryImageOfPage\":{\"@id\":\"https:\\\/\\\/www.editorialjuventud.es\\\/grandes-esperanzas-9788426155269\\\/#primaryimage\"},\"image\":{\"@id\":\"https:\\\/\\\/www.editorialjuventud.es\\\/grandes-esperanzas-9788426155269\\\/#primaryimage\"},\"thumbnailUrl\":\"https:\\\/\\\/www.editorialjuventud.es\\\/wp-content\\\/uploads\\\/5526.jpg\",\"datePublished\":\"2018-08-24T10:21:26+00:00\",\"dateModified\":\"2019-10-15T03:37:58+00:00\",\"description\":\"Grandes esperanzas (1861) apareci\u00f3 por primera vez publicado por entregas en un peri\u00f3dico editado por el mismo autor. El personaje central de Grandes\",\"breadcrumb\":{\"@id\":\"https:\\\/\\\/www.editorialjuventud.es\\\/grandes-esperanzas-9788426155269\\\/#breadcrumb\"},\"inLanguage\":\"ca\",\"potentialAction\":[{\"@type\":\"ReadAction\",\"target\":[\"https:\\\/\\\/www.editorialjuventud.es\\\/grandes-esperanzas-9788426155269\\\/\"]}]},{\"@type\":\"ImageObject\",\"inLanguage\":\"ca\",\"@id\":\"https:\\\/\\\/www.editorialjuventud.es\\\/grandes-esperanzas-9788426155269\\\/#primaryimage\",\"url\":\"https:\\\/\\\/www.editorialjuventud.es\\\/wp-content\\\/uploads\\\/5526.jpg\",\"contentUrl\":\"https:\\\/\\\/www.editorialjuventud.es\\\/wp-content\\\/uploads\\\/5526.jpg\",\"width\":258,\"height\":400,\"caption\":\"5526.jpg\"},{\"@type\":\"BreadcrumbList\",\"@id\":\"https:\\\/\\\/www.editorialjuventud.es\\\/grandes-esperanzas-9788426155269\\\/#breadcrumb\",\"itemListElement\":[{\"@type\":\"ListItem\",\"position\":1,\"name\":\"Portada\",\"item\":\"https:\\\/\\\/www.editorialjuventud.es\\\/\"},{\"@type\":\"ListItem\",\"position\":2,\"name\":\"cat\u00e1logo\",\"item\":\"https:\\\/\\\/www.editorialjuventud.es\\\/coleccion\\\/catalogo\\\/\"},{\"@type\":\"ListItem\",\"position\":3,\"name\":\"castellano\",\"item\":\"https:\\\/\\\/www.editorialjuventud.es\\\/coleccion\\\/castellano\\\/\"},{\"@type\":\"ListItem\",\"position\":4,\"name\":\"Libros de Bolsillo\",\"item\":\"https:\\\/\\\/www.editorialjuventud.es\\\/coleccion\\\/libros-de-bolsillo\\\/\"},{\"@type\":\"ListItem\",\"position\":5,\"name\":\"Colecci\u00f3n Z\",\"item\":\"https:\\\/\\\/www.editorialjuventud.es\\\/coleccion\\\/coleccion-z\\\/\"},{\"@type\":\"ListItem\",\"position\":6,\"name\":\"Novela\",\"item\":\"https:\\\/\\\/www.editorialjuventud.es\\\/coleccion\\\/novela\\\/\"},{\"@type\":\"ListItem\",\"position\":7,\"name\":\"Grandes esperanzas\"}]},{\"@type\":\"WebSite\",\"@id\":\"https:\\\/\\\/www.editorialjuventud.es\\\/#website\",\"url\":\"https:\\\/\\\/www.editorialjuventud.es\\\/\",\"name\":\"Editorial Juventud\",\"description\":\"\",\"potentialAction\":[{\"@type\":\"SearchAction\",\"target\":{\"@type\":\"EntryPoint\",\"urlTemplate\":\"https:\\\/\\\/www.editorialjuventud.es\\\/?s={search_term_string}\"},\"query-input\":{\"@type\":\"PropertyValueSpecification\",\"valueRequired\":true,\"valueName\":\"search_term_string\"}}],\"inLanguage\":\"ca\"}]}<\/script>\n<!-- \/ Yoast SEO plugin. -->","yoast_head_json":{"title":"Grandes esperanzas - Editorial Juventud","description":"Grandes esperanzas (1861) apareci\u00f3 por primera vez publicado por entregas en un peri\u00f3dico editado por el mismo autor. El personaje central de Grandes","robots":{"index":"index","follow":"follow","max-snippet":"max-snippet:-1","max-image-preview":"max-image-preview:large","max-video-preview":"max-video-preview:-1"},"canonical":"https:\/\/www.editorialjuventud.es\/grandes-esperanzas-9788426155269\/","og_locale":"ca_ES","og_type":"article","og_title":"Grandes esperanzas - Editorial Juventud","og_description":"Grandes esperanzas (1861) apareci\u00f3 por primera vez publicado por entregas en un peri\u00f3dico editado por el mismo autor. El personaje central de Grandes","og_url":"https:\/\/www.editorialjuventud.es\/grandes-esperanzas-9788426155269\/","og_site_name":"Editorial Juventud","article_modified_time":"2019-10-15T03:37:58+00:00","og_image":[{"width":258,"height":400,"url":"https:\/\/www.editorialjuventud.es\/wp-content\/uploads\/5526.jpg","type":"image\/jpeg"}],"twitter_card":"summary_large_image","twitter_misc":{"Temps estimat de lectura":"1 minut"},"schema":{"@context":"https:\/\/schema.org","@graph":[{"@type":"WebPage","@id":"https:\/\/www.editorialjuventud.es\/grandes-esperanzas-9788426155269\/","url":"https:\/\/www.editorialjuventud.es\/grandes-esperanzas-9788426155269\/","name":"Grandes esperanzas - Editorial Juventud","isPartOf":{"@id":"https:\/\/www.editorialjuventud.es\/#website"},"primaryImageOfPage":{"@id":"https:\/\/www.editorialjuventud.es\/grandes-esperanzas-9788426155269\/#primaryimage"},"image":{"@id":"https:\/\/www.editorialjuventud.es\/grandes-esperanzas-9788426155269\/#primaryimage"},"thumbnailUrl":"https:\/\/www.editorialjuventud.es\/wp-content\/uploads\/5526.jpg","datePublished":"2018-08-24T10:21:26+00:00","dateModified":"2019-10-15T03:37:58+00:00","description":"Grandes esperanzas (1861) apareci\u00f3 por primera vez publicado por entregas en un peri\u00f3dico editado por el mismo autor. El personaje central de Grandes","breadcrumb":{"@id":"https:\/\/www.editorialjuventud.es\/grandes-esperanzas-9788426155269\/#breadcrumb"},"inLanguage":"ca","potentialAction":[{"@type":"ReadAction","target":["https:\/\/www.editorialjuventud.es\/grandes-esperanzas-9788426155269\/"]}]},{"@type":"ImageObject","inLanguage":"ca","@id":"https:\/\/www.editorialjuventud.es\/grandes-esperanzas-9788426155269\/#primaryimage","url":"https:\/\/www.editorialjuventud.es\/wp-content\/uploads\/5526.jpg","contentUrl":"https:\/\/www.editorialjuventud.es\/wp-content\/uploads\/5526.jpg","width":258,"height":400,"caption":"5526.jpg"},{"@type":"BreadcrumbList","@id":"https:\/\/www.editorialjuventud.es\/grandes-esperanzas-9788426155269\/#breadcrumb","itemListElement":[{"@type":"ListItem","position":1,"name":"Portada","item":"https:\/\/www.editorialjuventud.es\/"},{"@type":"ListItem","position":2,"name":"cat\u00e1logo","item":"https:\/\/www.editorialjuventud.es\/coleccion\/catalogo\/"},{"@type":"ListItem","position":3,"name":"castellano","item":"https:\/\/www.editorialjuventud.es\/coleccion\/castellano\/"},{"@type":"ListItem","position":4,"name":"Libros de Bolsillo","item":"https:\/\/www.editorialjuventud.es\/coleccion\/libros-de-bolsillo\/"},{"@type":"ListItem","position":5,"name":"Colecci\u00f3n Z","item":"https:\/\/www.editorialjuventud.es\/coleccion\/coleccion-z\/"},{"@type":"ListItem","position":6,"name":"Novela","item":"https:\/\/www.editorialjuventud.es\/coleccion\/novela\/"},{"@type":"ListItem","position":7,"name":"Grandes esperanzas"}]},{"@type":"WebSite","@id":"https:\/\/www.editorialjuventud.es\/#website","url":"https:\/\/www.editorialjuventud.es\/","name":"Editorial Juventud","description":"","potentialAction":[{"@type":"SearchAction","target":{"@type":"EntryPoint","urlTemplate":"https:\/\/www.editorialjuventud.es\/?s={search_term_string}"},"query-input":{"@type":"PropertyValueSpecification","valueRequired":true,"valueName":"search_term_string"}}],"inLanguage":"ca"}]}},"_links":{"self":[{"href":"https:\/\/www.editorialjuventud.es\/ca\/wp-json\/wp\/v2\/product\/6417","targetHints":{"allow":["GET"]}}],"collection":[{"href":"https:\/\/www.editorialjuventud.es\/ca\/wp-json\/wp\/v2\/product"}],"about":[{"href":"https:\/\/www.editorialjuventud.es\/ca\/wp-json\/wp\/v2\/types\/product"}],"wp:featuredmedia":[{"embeddable":true,"href":"https:\/\/www.editorialjuventud.es\/ca\/wp-json\/wp\/v2\/media\/13315"}],"wp:attachment":[{"href":"https:\/\/www.editorialjuventud.es\/ca\/wp-json\/wp\/v2\/media?parent=6417"}],"wp:term":[{"taxonomy":"product_brand","embeddable":true,"href":"https:\/\/www.editorialjuventud.es\/ca\/wp-json\/wp\/v2\/product_brand?post=6417"},{"taxonomy":"product_cat","embeddable":true,"href":"https:\/\/www.editorialjuventud.es\/ca\/wp-json\/wp\/v2\/product_cat?post=6417"},{"taxonomy":"product_tag","embeddable":true,"href":"https:\/\/www.editorialjuventud.es\/ca\/wp-json\/wp\/v2\/product_tag?post=6417"},{"taxonomy":"coleccion","embeddable":true,"href":"https:\/\/www.editorialjuventud.es\/ca\/wp-json\/wp\/v2\/coleccion?post=6417"}],"curies":[{"name":"wp","href":"https:\/\/api.w.org\/{rel}","templated":true}]}}