{"id":6411,"date":"2018-08-24T12:20:58","date_gmt":"2018-08-24T10:20:58","guid":{"rendered":"http:\/\/www.editorialjuventud.es\/vida-del-buscon-llamado-don-pablos\/"},"modified":"2019-10-15T05:10:17","modified_gmt":"2019-10-15T03:10:17","slug":"vida-del-buscon-llamado-don-pablos-9788426155061","status":"publish","type":"product","link":"https:\/\/www.editorialjuventud.es\/ca\/vida-del-buscon-llamado-don-pablos-9788426155061\/","title":{"rendered":"Vida del busc\u00f3n llamado don Pablos"},"content":{"rendered":"<p>Esta es la obra m\u00e1s representativa dentro del g\u00e9nero de literatura picaresca que floreci\u00f3 en el Siglo de Oro de las letras espa\u00f1olas. Quevedo volc\u00f3 en este libro toda su agudeza, toda su sabidur\u00eda literaria y su conocimiento del alma popular. Adem\u00e1s de divertir y de solazar, la intenci\u00f3n de Quevedo fue la de satirizar implacablemente, y con finalidad moralizadora, una sociedad que \u00e9l consideraba perfectible. Estas aventuras del cl\u00e1sico p\u00edcaro pasan del humor a la s\u00e1tira, de lo grotesco a la desolaci\u00f3n. El texto ha sido fijado por Fernando L\u00e1zaro Carreter, catedr\u00e1tico de la Universidad de Salamanca, y lleva un pr\u00f3logo del profesor Juan Alcina Franch.<\/p>\n","protected":false},"excerpt":{"rendered":"Esta es la obra m\u00e1s representativa dentro del g\u00e9nero de literatura picaresca que floreci\u00f3 en el Siglo de Oro de las letras espa\u00f1olas. Quevedo volc\u00f3 en este libro toda su agudeza, toda su sabidur\u00eda literaria y su conocimiento del alma [&hellip;]","protected":false},"featured_media":13807,"template":"","meta":{"_acf_changed":false,"_exactmetrics_skip_tracking":false,"_exactmetrics_sitenote_active":false,"_exactmetrics_sitenote_note":"","_exactmetrics_sitenote_category":0},"product_brand":[],"product_cat":[905,892,1115,1118],"product_tag":[],"coleccion":[916,1083,1007,938],"class_list":{"0":"post-6411","1":"product","2":"type-product","3":"status-publish","4":"has-post-thumbnail","6":"product_cat-adulto","7":"product_cat-edades","8":"product_cat-generos","9":"product_cat-literatura-clasica","10":"coleccion-castellano","11":"coleccion-clasicos","12":"coleccion-coleccion-z","13":"coleccion-libros-de-bolsillo","15":"first","16":"instock","17":"taxable","18":"shipping-taxable","19":"purchasable","20":"product-type-simple"},"acf":{"autores-libros":[16566]},"yoast_head":"<!-- This site is optimized with the Yoast SEO plugin v27.5 - https:\/\/yoast.com\/product\/yoast-seo-wordpress\/ -->\n<title>Vida del busc\u00f3n llamado don Pablos - Editorial Juventud<\/title>\n<meta name=\"description\" content=\"Esta es la obra m\u00e1s representativa dentro del g\u00e9nero de literatura picaresca que floreci\u00f3 en el Siglo de Oro de las letras espa\u00f1olas. Quevedo volc\u00f3 en\" \/>\n<meta name=\"robots\" content=\"index, follow, max-snippet:-1, max-image-preview:large, max-video-preview:-1\" \/>\n<link rel=\"canonical\" href=\"https:\/\/www.editorialjuventud.es\/ca\/vida-del-buscon-llamado-don-pablos-9788426155061\/\" \/>\n<meta property=\"og:locale\" content=\"ca_ES\" \/>\n<meta property=\"og:type\" content=\"article\" \/>\n<meta property=\"og:title\" content=\"Vida del busc\u00f3n llamado don Pablos - Editorial Juventud\" \/>\n<meta property=\"og:description\" content=\"Esta es la obra m\u00e1s representativa dentro del g\u00e9nero de literatura picaresca que floreci\u00f3 en el Siglo de Oro de las letras espa\u00f1olas. Quevedo volc\u00f3 en\" \/>\n<meta property=\"og:url\" content=\"https:\/\/www.editorialjuventud.es\/ca\/vida-del-buscon-llamado-don-pablos-9788426155061\/\" \/>\n<meta property=\"og:site_name\" content=\"Editorial Juventud\" \/>\n<meta property=\"article:modified_time\" content=\"2019-10-15T03:10:17+00:00\" \/>\n<meta property=\"og:image\" content=\"https:\/\/www.editorialjuventud.es\/wp-content\/uploads\/5506-1.jpg\" \/>\n\t<meta property=\"og:image:width\" content=\"292\" \/>\n\t<meta property=\"og:image:height\" content=\"450\" \/>\n\t<meta property=\"og:image:type\" content=\"image\/jpeg\" \/>\n<meta name=\"twitter:card\" content=\"summary_large_image\" \/>\n<meta name=\"twitter:label1\" content=\"Temps estimat de lectura\" \/>\n\t<meta name=\"twitter:data1\" content=\"1 minut\" \/>\n<script type=\"application\/ld+json\" class=\"yoast-schema-graph\">{\"@context\":\"https:\\\/\\\/schema.org\",\"@graph\":[{\"@type\":\"WebPage\",\"@id\":\"https:\\\/\\\/www.editorialjuventud.es\\\/ca\\\/vida-del-buscon-llamado-don-pablos-9788426155061\\\/\",\"url\":\"https:\\\/\\\/www.editorialjuventud.es\\\/ca\\\/vida-del-buscon-llamado-don-pablos-9788426155061\\\/\",\"name\":\"Vida del busc\u00f3n llamado don Pablos - Editorial Juventud\",\"isPartOf\":{\"@id\":\"https:\\\/\\\/www.editorialjuventud.es\\\/#website\"},\"primaryImageOfPage\":{\"@id\":\"https:\\\/\\\/www.editorialjuventud.es\\\/ca\\\/vida-del-buscon-llamado-don-pablos-9788426155061\\\/#primaryimage\"},\"image\":{\"@id\":\"https:\\\/\\\/www.editorialjuventud.es\\\/ca\\\/vida-del-buscon-llamado-don-pablos-9788426155061\\\/#primaryimage\"},\"thumbnailUrl\":\"https:\\\/\\\/www.editorialjuventud.es\\\/wp-content\\\/uploads\\\/5506-1.jpg\",\"datePublished\":\"2018-08-24T10:20:58+00:00\",\"dateModified\":\"2019-10-15T03:10:17+00:00\",\"description\":\"Esta es la obra m\u00e1s representativa dentro del g\u00e9nero de literatura picaresca que floreci\u00f3 en el Siglo de Oro de las letras espa\u00f1olas. Quevedo volc\u00f3 en\",\"breadcrumb\":{\"@id\":\"https:\\\/\\\/www.editorialjuventud.es\\\/ca\\\/vida-del-buscon-llamado-don-pablos-9788426155061\\\/#breadcrumb\"},\"inLanguage\":\"ca\",\"potentialAction\":[{\"@type\":\"ReadAction\",\"target\":[\"https:\\\/\\\/www.editorialjuventud.es\\\/ca\\\/vida-del-buscon-llamado-don-pablos-9788426155061\\\/\"]}]},{\"@type\":\"ImageObject\",\"inLanguage\":\"ca\",\"@id\":\"https:\\\/\\\/www.editorialjuventud.es\\\/ca\\\/vida-del-buscon-llamado-don-pablos-9788426155061\\\/#primaryimage\",\"url\":\"https:\\\/\\\/www.editorialjuventud.es\\\/wp-content\\\/uploads\\\/5506-1.jpg\",\"contentUrl\":\"https:\\\/\\\/www.editorialjuventud.es\\\/wp-content\\\/uploads\\\/5506-1.jpg\",\"width\":292,\"height\":450,\"caption\":\"5506.jpg\"},{\"@type\":\"BreadcrumbList\",\"@id\":\"https:\\\/\\\/www.editorialjuventud.es\\\/ca\\\/vida-del-buscon-llamado-don-pablos-9788426155061\\\/#breadcrumb\",\"itemListElement\":[{\"@type\":\"ListItem\",\"position\":1,\"name\":\"Portada\",\"item\":\"https:\\\/\\\/www.editorialjuventud.es\\\/\"},{\"@type\":\"ListItem\",\"position\":2,\"name\":\"cat\u00e1logo\",\"item\":\"https:\\\/\\\/www.editorialjuventud.es\\\/coleccion\\\/catalogo\\\/\"},{\"@type\":\"ListItem\",\"position\":3,\"name\":\"castellano\",\"item\":\"https:\\\/\\\/www.editorialjuventud.es\\\/coleccion\\\/castellano\\\/\"},{\"@type\":\"ListItem\",\"position\":4,\"name\":\"Libros de Bolsillo\",\"item\":\"https:\\\/\\\/www.editorialjuventud.es\\\/coleccion\\\/libros-de-bolsillo\\\/\"},{\"@type\":\"ListItem\",\"position\":5,\"name\":\"Colecci\u00f3n Z\",\"item\":\"https:\\\/\\\/www.editorialjuventud.es\\\/coleccion\\\/coleccion-z\\\/\"},{\"@type\":\"ListItem\",\"position\":6,\"name\":\"Cl\u00e1sicos\",\"item\":\"https:\\\/\\\/www.editorialjuventud.es\\\/ca\\\/coleccion\\\/clasicos\\\/\"},{\"@type\":\"ListItem\",\"position\":7,\"name\":\"Vida del busc\u00f3n llamado don Pablos\"}]},{\"@type\":\"WebSite\",\"@id\":\"https:\\\/\\\/www.editorialjuventud.es\\\/#website\",\"url\":\"https:\\\/\\\/www.editorialjuventud.es\\\/\",\"name\":\"Editorial Juventud\",\"description\":\"\",\"potentialAction\":[{\"@type\":\"SearchAction\",\"target\":{\"@type\":\"EntryPoint\",\"urlTemplate\":\"https:\\\/\\\/www.editorialjuventud.es\\\/?s={search_term_string}\"},\"query-input\":{\"@type\":\"PropertyValueSpecification\",\"valueRequired\":true,\"valueName\":\"search_term_string\"}}],\"inLanguage\":\"ca\"}]}<\/script>\n<!-- \/ Yoast SEO plugin. -->","yoast_head_json":{"title":"Vida del busc\u00f3n llamado don Pablos - Editorial Juventud","description":"Esta es la obra m\u00e1s representativa dentro del g\u00e9nero de literatura picaresca que floreci\u00f3 en el Siglo de Oro de las letras espa\u00f1olas. Quevedo volc\u00f3 en","robots":{"index":"index","follow":"follow","max-snippet":"max-snippet:-1","max-image-preview":"max-image-preview:large","max-video-preview":"max-video-preview:-1"},"canonical":"https:\/\/www.editorialjuventud.es\/ca\/vida-del-buscon-llamado-don-pablos-9788426155061\/","og_locale":"ca_ES","og_type":"article","og_title":"Vida del busc\u00f3n llamado don Pablos - Editorial Juventud","og_description":"Esta es la obra m\u00e1s representativa dentro del g\u00e9nero de literatura picaresca que floreci\u00f3 en el Siglo de Oro de las letras espa\u00f1olas. Quevedo volc\u00f3 en","og_url":"https:\/\/www.editorialjuventud.es\/ca\/vida-del-buscon-llamado-don-pablos-9788426155061\/","og_site_name":"Editorial Juventud","article_modified_time":"2019-10-15T03:10:17+00:00","og_image":[{"width":292,"height":450,"url":"https:\/\/www.editorialjuventud.es\/wp-content\/uploads\/5506-1.jpg","type":"image\/jpeg"}],"twitter_card":"summary_large_image","twitter_misc":{"Temps estimat de lectura":"1 minut"},"schema":{"@context":"https:\/\/schema.org","@graph":[{"@type":"WebPage","@id":"https:\/\/www.editorialjuventud.es\/ca\/vida-del-buscon-llamado-don-pablos-9788426155061\/","url":"https:\/\/www.editorialjuventud.es\/ca\/vida-del-buscon-llamado-don-pablos-9788426155061\/","name":"Vida del busc\u00f3n llamado don Pablos - Editorial Juventud","isPartOf":{"@id":"https:\/\/www.editorialjuventud.es\/#website"},"primaryImageOfPage":{"@id":"https:\/\/www.editorialjuventud.es\/ca\/vida-del-buscon-llamado-don-pablos-9788426155061\/#primaryimage"},"image":{"@id":"https:\/\/www.editorialjuventud.es\/ca\/vida-del-buscon-llamado-don-pablos-9788426155061\/#primaryimage"},"thumbnailUrl":"https:\/\/www.editorialjuventud.es\/wp-content\/uploads\/5506-1.jpg","datePublished":"2018-08-24T10:20:58+00:00","dateModified":"2019-10-15T03:10:17+00:00","description":"Esta es la obra m\u00e1s representativa dentro del g\u00e9nero de literatura picaresca que floreci\u00f3 en el Siglo de Oro de las letras espa\u00f1olas. Quevedo volc\u00f3 en","breadcrumb":{"@id":"https:\/\/www.editorialjuventud.es\/ca\/vida-del-buscon-llamado-don-pablos-9788426155061\/#breadcrumb"},"inLanguage":"ca","potentialAction":[{"@type":"ReadAction","target":["https:\/\/www.editorialjuventud.es\/ca\/vida-del-buscon-llamado-don-pablos-9788426155061\/"]}]},{"@type":"ImageObject","inLanguage":"ca","@id":"https:\/\/www.editorialjuventud.es\/ca\/vida-del-buscon-llamado-don-pablos-9788426155061\/#primaryimage","url":"https:\/\/www.editorialjuventud.es\/wp-content\/uploads\/5506-1.jpg","contentUrl":"https:\/\/www.editorialjuventud.es\/wp-content\/uploads\/5506-1.jpg","width":292,"height":450,"caption":"5506.jpg"},{"@type":"BreadcrumbList","@id":"https:\/\/www.editorialjuventud.es\/ca\/vida-del-buscon-llamado-don-pablos-9788426155061\/#breadcrumb","itemListElement":[{"@type":"ListItem","position":1,"name":"Portada","item":"https:\/\/www.editorialjuventud.es\/"},{"@type":"ListItem","position":2,"name":"cat\u00e1logo","item":"https:\/\/www.editorialjuventud.es\/coleccion\/catalogo\/"},{"@type":"ListItem","position":3,"name":"castellano","item":"https:\/\/www.editorialjuventud.es\/coleccion\/castellano\/"},{"@type":"ListItem","position":4,"name":"Libros de Bolsillo","item":"https:\/\/www.editorialjuventud.es\/coleccion\/libros-de-bolsillo\/"},{"@type":"ListItem","position":5,"name":"Colecci\u00f3n Z","item":"https:\/\/www.editorialjuventud.es\/coleccion\/coleccion-z\/"},{"@type":"ListItem","position":6,"name":"Cl\u00e1sicos","item":"https:\/\/www.editorialjuventud.es\/ca\/coleccion\/clasicos\/"},{"@type":"ListItem","position":7,"name":"Vida del busc\u00f3n llamado don Pablos"}]},{"@type":"WebSite","@id":"https:\/\/www.editorialjuventud.es\/#website","url":"https:\/\/www.editorialjuventud.es\/","name":"Editorial Juventud","description":"","potentialAction":[{"@type":"SearchAction","target":{"@type":"EntryPoint","urlTemplate":"https:\/\/www.editorialjuventud.es\/?s={search_term_string}"},"query-input":{"@type":"PropertyValueSpecification","valueRequired":true,"valueName":"search_term_string"}}],"inLanguage":"ca"}]}},"_links":{"self":[{"href":"https:\/\/www.editorialjuventud.es\/ca\/wp-json\/wp\/v2\/product\/6411","targetHints":{"allow":["GET"]}}],"collection":[{"href":"https:\/\/www.editorialjuventud.es\/ca\/wp-json\/wp\/v2\/product"}],"about":[{"href":"https:\/\/www.editorialjuventud.es\/ca\/wp-json\/wp\/v2\/types\/product"}],"wp:featuredmedia":[{"embeddable":true,"href":"https:\/\/www.editorialjuventud.es\/ca\/wp-json\/wp\/v2\/media\/13807"}],"wp:attachment":[{"href":"https:\/\/www.editorialjuventud.es\/ca\/wp-json\/wp\/v2\/media?parent=6411"}],"wp:term":[{"taxonomy":"product_brand","embeddable":true,"href":"https:\/\/www.editorialjuventud.es\/ca\/wp-json\/wp\/v2\/product_brand?post=6411"},{"taxonomy":"product_cat","embeddable":true,"href":"https:\/\/www.editorialjuventud.es\/ca\/wp-json\/wp\/v2\/product_cat?post=6411"},{"taxonomy":"product_tag","embeddable":true,"href":"https:\/\/www.editorialjuventud.es\/ca\/wp-json\/wp\/v2\/product_tag?post=6411"},{"taxonomy":"coleccion","embeddable":true,"href":"https:\/\/www.editorialjuventud.es\/ca\/wp-json\/wp\/v2\/coleccion?post=6411"}],"curies":[{"name":"wp","href":"https:\/\/api.w.org\/{rel}","templated":true}]}}