{"id":63985,"date":"2022-03-15T13:15:11","date_gmt":"2022-03-15T12:15:11","guid":{"rendered":"https:\/\/www.editorialjuventud.es\/un-dia-al-parc-9788426147806\/"},"modified":"2025-10-29T12:34:05","modified_gmt":"2025-10-29T11:34:05","slug":"un-dia-al-parc-9788426147806","status":"publish","type":"product","link":"https:\/\/www.editorialjuventud.es\/ca\/un-dia-al-parc-9788426147806\/","title":{"rendered":"Un dia al parc"},"content":{"rendered":"<p>DING-DONG, MU\u00c0-MU\u00c0, BZZZ, FIU, FFF, BLA-BLA-BLA, FLOP-FLOP-FLOP, UUH-UUH, PIU-PIU, ADEU! El petit Cocodril passa un dia meravell\u00f3s al parc amb els seus avis, descobrint nous sons!<\/p>\n<p>El parc \u00e9s ple de llocs per explorar, jocs per jugar, i sempre pots fer-hi nous amics! En aquest tercer volum de la s\u00e8rie &#8216;Qu\u00e8 fa el Cocodril?&#8217;, el petit Cocodril passa un dia incre\u00efble amb el seu avi i la seva \u00e0via, descobrint la veu dels seus nous amics animals. Es trobar\u00e0 amb tota mena de situacions!<br \/>\nEl llibre ve acompanyat amb un codi QR per poder gaudir de la seva versi\u00f3 narrada. Amb la repetici\u00f3 d&#8217;onomatopeies i la seva estructura, \u00e9s ideal per a llegir en veu alta. Una tendre i divertida lectura que sorprendr\u00e0 a petits lectors.<\/p>\n<h3>Escolta l&#8217;audiollibre!<\/h3>\n<p>A continuaci\u00f3 podeu reproduir la<em><strong> narraci\u00f3 oral <\/strong><\/em>de<em><strong> Un dia al parc;<\/strong><\/em> lectura d&#8217;Irene Garr\u00e9s i producci\u00f3 de Natalia Espa\u00f1a i Jose Carlos Rodr\u00edguez:<\/p>\n<audio class=\"wp-audio-shortcode\" id=\"audio-63985-1\" preload=\"none\" style=\"width: 100%;\" controls=\"controls\"><source type=\"audio\/mpeg\" src=\"https:\/\/www.editorialjuventud.es\/wp-content\/uploads\/Un-dia-al-parc-master.mp3?_=1\" \/><\/audio>\n<p>&nbsp;<\/p>\n<p>Aquest llibre ha estat publicat amb el suport de:<\/p>\n<p><img loading=\"lazy\" decoding=\"async\" class=\"alignnone size-full wp-image-76274\" src=\"https:\/\/www.editorialjuventud.es\/wp-content\/uploads\/unnamed.png\" alt=\"\" width=\"405\" height=\"35\" srcset=\"https:\/\/www.editorialjuventud.es\/wp-content\/uploads\/unnamed.png 405w, https:\/\/www.editorialjuventud.es\/wp-content\/uploads\/unnamed-350x30.png 350w, https:\/\/www.editorialjuventud.es\/wp-content\/uploads\/unnamed-190x16.png 190w\" sizes=\"auto, (max-width: 405px) 100vw, 405px\" \/><\/p>\n","protected":false},"excerpt":{"rendered":"DING-DONG, MU\u00c0-MU\u00c0, BZZZ, FIU, FFF, BLA-BLA-BLA, FLOP-FLOP-FLOP, UUH-UUH, PIU-PIU, ADEU! El petit Cocodril passa un dia meravell\u00f3s al parc amb els seus avis, descobrint nous sons! El parc \u00e9s ple de llocs per explorar, jocs per jugar, i sempre pots [&hellip;]","protected":false},"featured_media":69211,"template":"","meta":{"_acf_changed":false,"_exactmetrics_skip_tracking":false,"_exactmetrics_sitenote_active":false,"_exactmetrics_sitenote_note":"","_exactmetrics_sitenote_category":0},"product_brand":[],"product_cat":[898,1129,1138,892,1115,1181,1122,893,1213,1128],"product_tag":[],"coleccion":[915,920,1329],"class_list":{"0":"post-63985","1":"product","2":"type-product","3":"status-publish","4":"has-post-thumbnail","6":"product_cat-a-partir-de-2-anos","7":"product_cat-abuelos","8":"product_cat-animales","9":"product_cat-edades","10":"product_cat-generos","11":"product_cat-habitos","12":"product_cat-libros-de-carton","13":"product_cat-novedades","14":"product_cat-primeros-conceptos","15":"product_cat-tematica","16":"coleccion-catala","17":"coleccion-els-meus-primers-llibres","18":"coleccion-que-fa-el-cocodril","20":"first","21":"instock","22":"taxable","23":"shipping-taxable","24":"purchasable","25":"product-type-simple"},"acf":{"indice":"","autor":"Montanari, Eva","codart":"4780","ediciones":"1","encuadernacion":"Cart\u00f3n","fecha_de_publicacion":"01\/09\/2022","fecha_de_reimpresion":"","novedad":"0","paginas":"36","subtitulo":"","texto_web_adicional":"","autores-libros":[38012],"ilustradores-libros":"","texto_web_novedad":"","orden":"999","portada":"0","texto_web_resaltado":"","traductores-libros":[58416],"descripcion_corta":"","recomendamos":"","mas_vendido":"","idioma-libro":"","color":false,"formato":"","mas_informacion_del_producto":false,"premios":false,"deshabilitar_compra":[],"texto_enlace_cubierta":"","enlace_cubierta":{"ID":69235,"id":69235,"title":"cover UN DIA EN EL PARQUE.indd","filename":"CAT_Un_Dia_Al_Parc_cover-scaled.jpg","filesize":667328,"url":"https:\/\/www.editorialjuventud.es\/wp-content\/uploads\/CAT_Un_Dia_Al_Parc_cover-scaled.jpg","link":"https:\/\/www.editorialjuventud.es\/ca\/?attachment_id=69235","alt":"","author":"49","description":"","caption":"","name":"cover-un-dia-en-el-parque-indd-5","status":"inherit","uploaded_to":63985,"date":"2022-08-31 11:15:59","modified":"2022-08-31 11:15:59","menu_order":0,"mime_type":"image\/jpeg","type":"image","subtype":"jpeg","icon":"https:\/\/www.editorialjuventud.es\/wp-includes\/images\/media\/default.png","width":0,"height":0,"sizes":{"thumbnail":"https:\/\/www.editorialjuventud.es\/wp-content\/uploads\/CAT_Un_Dia_Al_Parc_cover-scaled.jpg","thumbnail-width":1,"thumbnail-height":1,"medium":"https:\/\/www.editorialjuventud.es\/wp-content\/uploads\/CAT_Un_Dia_Al_Parc_cover-scaled.jpg","medium-width":0,"medium-height":0,"medium_large":"https:\/\/www.editorialjuventud.es\/wp-content\/uploads\/CAT_Un_Dia_Al_Parc_cover-scaled.jpg","medium_large-width":1,"medium_large-height":1,"large":"https:\/\/www.editorialjuventud.es\/wp-content\/uploads\/CAT_Un_Dia_Al_Parc_cover-scaled.jpg","large-width":0,"large-height":0,"1536x1536":"https:\/\/www.editorialjuventud.es\/wp-content\/uploads\/CAT_Un_Dia_Al_Parc_cover-scaled.jpg","1536x1536-width":1,"1536x1536-height":1,"2048x2048":"https:\/\/www.editorialjuventud.es\/wp-content\/uploads\/CAT_Un_Dia_Al_Parc_cover-scaled.jpg","2048x2048-width":1,"2048x2048-height":1,"woocommerce_thumbnail":"https:\/\/www.editorialjuventud.es\/wp-content\/uploads\/CAT_Un_Dia_Al_Parc_cover-scaled.jpg","woocommerce_thumbnail-width":1,"woocommerce_thumbnail-height":1,"woocommerce_single":"https:\/\/www.editorialjuventud.es\/wp-content\/uploads\/CAT_Un_Dia_Al_Parc_cover-scaled.jpg","woocommerce_single-width":1,"woocommerce_single-height":1,"woocommerce_gallery_thumbnail":"https:\/\/www.editorialjuventud.es\/wp-content\/uploads\/CAT_Un_Dia_Al_Parc_cover-scaled.jpg","woocommerce_gallery_thumbnail-width":1,"woocommerce_gallery_thumbnail-height":1,"ppec_logo_image_size":"https:\/\/www.editorialjuventud.es\/wp-content\/uploads\/CAT_Un_Dia_Al_Parc_cover-scaled.jpg","ppec_logo_image_size-width":1,"ppec_logo_image_size-height":1,"ppec_header_image_size":"https:\/\/www.editorialjuventud.es\/wp-content\/uploads\/CAT_Un_Dia_Al_Parc_cover-scaled.jpg","ppec_header_image_size-width":1,"ppec_header_image_size-height":1}},"texto_enlace_ficha_tecnica":"","enlace_ficha_tecnica":{"ID":70262,"id":70262,"title":"Un dia al parc","filename":"Un-dia-al-parc.pdf","filesize":420026,"url":"https:\/\/www.editorialjuventud.es\/wp-content\/uploads\/Un-dia-al-parc.pdf","link":"https:\/\/www.editorialjuventud.es\/ca\/?attachment_id=70262","alt":"","author":"50","description":"","caption":"","name":"un-dia-al-parc","status":"inherit","uploaded_to":63985,"date":"2022-10-03 11:58:32","modified":"2022-10-03 11:58:32","menu_order":0,"mime_type":"application\/pdf","type":"application","subtype":"pdf","icon":"https:\/\/www.editorialjuventud.es\/wp-includes\/images\/media\/document.png"},"ficheros":false,"titulo-fr":"","texto-fr":""},"yoast_head":"<!-- This site is optimized with the Yoast SEO plugin v27.5 - https:\/\/yoast.com\/product\/yoast-seo-wordpress\/ -->\n<title>Un dia al parc - Editorial Juventud<\/title>\n<meta name=\"description\" content=\"DING-DONG, MU\u00c0-MU\u00c0, BZZZ, FIU, FFF, BLA-BLA-BLA, FLOP-FLOP-FLOP, UUH-UUH, PIU-PIU, ADEU! El petit Cocodril passa un dia meravell\u00f3s al parc amb els seus\" \/>\n<meta name=\"robots\" content=\"index, follow, max-snippet:-1, max-image-preview:large, max-video-preview:-1\" \/>\n<link rel=\"canonical\" href=\"https:\/\/www.editorialjuventud.es\/un-dia-al-parc-9788426147806\/\" \/>\n<meta property=\"og:locale\" content=\"ca_ES\" \/>\n<meta property=\"og:type\" content=\"article\" \/>\n<meta property=\"og:title\" content=\"Un dia al parc - Editorial Juventud\" \/>\n<meta property=\"og:description\" content=\"DING-DONG, MU\u00c0-MU\u00c0, BZZZ, FIU, FFF, BLA-BLA-BLA, FLOP-FLOP-FLOP, UUH-UUH, PIU-PIU, ADEU! El petit Cocodril passa un dia meravell\u00f3s al parc amb els seus\" \/>\n<meta property=\"og:url\" content=\"https:\/\/www.editorialjuventud.es\/un-dia-al-parc-9788426147806\/\" \/>\n<meta property=\"og:site_name\" content=\"Editorial Juventud\" \/>\n<meta property=\"article:modified_time\" content=\"2025-10-29T11:34:05+00:00\" \/>\n<meta property=\"og:image\" content=\"https:\/\/www.editorialjuventud.es\/wp-content\/uploads\/9788426147806.jpg\" \/>\n\t<meta property=\"og:image:width\" content=\"1200\" \/>\n\t<meta property=\"og:image:height\" content=\"786\" \/>\n\t<meta property=\"og:image:type\" content=\"image\/jpeg\" \/>\n<meta name=\"twitter:card\" content=\"summary_large_image\" \/>\n<meta name=\"twitter:label1\" content=\"Temps estimat de lectura\" \/>\n\t<meta name=\"twitter:data1\" content=\"2 minuts\" \/>\n<script type=\"application\/ld+json\" class=\"yoast-schema-graph\">{\"@context\":\"https:\\\/\\\/schema.org\",\"@graph\":[{\"@type\":\"WebPage\",\"@id\":\"https:\\\/\\\/www.editorialjuventud.es\\\/un-dia-al-parc-9788426147806\\\/\",\"url\":\"https:\\\/\\\/www.editorialjuventud.es\\\/un-dia-al-parc-9788426147806\\\/\",\"name\":\"Un dia al parc - Editorial Juventud\",\"isPartOf\":{\"@id\":\"https:\\\/\\\/www.editorialjuventud.es\\\/#website\"},\"primaryImageOfPage\":{\"@id\":\"https:\\\/\\\/www.editorialjuventud.es\\\/un-dia-al-parc-9788426147806\\\/#primaryimage\"},\"image\":{\"@id\":\"https:\\\/\\\/www.editorialjuventud.es\\\/un-dia-al-parc-9788426147806\\\/#primaryimage\"},\"thumbnailUrl\":\"https:\\\/\\\/www.editorialjuventud.es\\\/wp-content\\\/uploads\\\/9788426147806.jpg\",\"datePublished\":\"2022-03-15T12:15:11+00:00\",\"dateModified\":\"2025-10-29T11:34:05+00:00\",\"description\":\"DING-DONG, MU\u00c0-MU\u00c0, BZZZ, FIU, FFF, BLA-BLA-BLA, FLOP-FLOP-FLOP, UUH-UUH, PIU-PIU, ADEU! El petit Cocodril passa un dia meravell\u00f3s al parc amb els seus\",\"breadcrumb\":{\"@id\":\"https:\\\/\\\/www.editorialjuventud.es\\\/un-dia-al-parc-9788426147806\\\/#breadcrumb\"},\"inLanguage\":\"ca\",\"potentialAction\":[{\"@type\":\"ReadAction\",\"target\":[\"https:\\\/\\\/www.editorialjuventud.es\\\/un-dia-al-parc-9788426147806\\\/\"]}]},{\"@type\":\"ImageObject\",\"inLanguage\":\"ca\",\"@id\":\"https:\\\/\\\/www.editorialjuventud.es\\\/un-dia-al-parc-9788426147806\\\/#primaryimage\",\"url\":\"https:\\\/\\\/www.editorialjuventud.es\\\/wp-content\\\/uploads\\\/9788426147806.jpg\",\"contentUrl\":\"https:\\\/\\\/www.editorialjuventud.es\\\/wp-content\\\/uploads\\\/9788426147806.jpg\",\"width\":1200,\"height\":786,\"caption\":\"9788426147806.jpg\"},{\"@type\":\"BreadcrumbList\",\"@id\":\"https:\\\/\\\/www.editorialjuventud.es\\\/un-dia-al-parc-9788426147806\\\/#breadcrumb\",\"itemListElement\":[{\"@type\":\"ListItem\",\"position\":1,\"name\":\"Portada\",\"item\":\"https:\\\/\\\/www.editorialjuventud.es\\\/\"},{\"@type\":\"ListItem\",\"position\":2,\"name\":\"cat\u00e1logo\",\"item\":\"https:\\\/\\\/www.editorialjuventud.es\\\/coleccion\\\/catalogo\\\/\"},{\"@type\":\"ListItem\",\"position\":3,\"name\":\"catal\u00e0\",\"item\":\"https:\\\/\\\/www.editorialjuventud.es\\\/coleccion\\\/catala\\\/\"},{\"@type\":\"ListItem\",\"position\":4,\"name\":\"Els Meus Primers Llibres\",\"item\":\"https:\\\/\\\/www.editorialjuventud.es\\\/ca\\\/coleccion\\\/els-meus-primers-llibres\\\/\"},{\"@type\":\"ListItem\",\"position\":5,\"name\":\"Qu\u00e8 fa el cocodril?\",\"item\":\"https:\\\/\\\/www.editorialjuventud.es\\\/ca\\\/coleccion\\\/que-fa-el-cocodril\\\/\"},{\"@type\":\"ListItem\",\"position\":6,\"name\":\"Un dia al parc\"}]},{\"@type\":\"WebSite\",\"@id\":\"https:\\\/\\\/www.editorialjuventud.es\\\/#website\",\"url\":\"https:\\\/\\\/www.editorialjuventud.es\\\/\",\"name\":\"Editorial Juventud\",\"description\":\"\",\"potentialAction\":[{\"@type\":\"SearchAction\",\"target\":{\"@type\":\"EntryPoint\",\"urlTemplate\":\"https:\\\/\\\/www.editorialjuventud.es\\\/?s={search_term_string}\"},\"query-input\":{\"@type\":\"PropertyValueSpecification\",\"valueRequired\":true,\"valueName\":\"search_term_string\"}}],\"inLanguage\":\"ca\"}]}<\/script>\n<!-- \/ Yoast SEO plugin. -->","yoast_head_json":{"title":"Un dia al parc - Editorial Juventud","description":"DING-DONG, MU\u00c0-MU\u00c0, BZZZ, FIU, FFF, BLA-BLA-BLA, FLOP-FLOP-FLOP, UUH-UUH, PIU-PIU, ADEU! El petit Cocodril passa un dia meravell\u00f3s al parc amb els seus","robots":{"index":"index","follow":"follow","max-snippet":"max-snippet:-1","max-image-preview":"max-image-preview:large","max-video-preview":"max-video-preview:-1"},"canonical":"https:\/\/www.editorialjuventud.es\/un-dia-al-parc-9788426147806\/","og_locale":"ca_ES","og_type":"article","og_title":"Un dia al parc - Editorial Juventud","og_description":"DING-DONG, MU\u00c0-MU\u00c0, BZZZ, FIU, FFF, BLA-BLA-BLA, FLOP-FLOP-FLOP, UUH-UUH, PIU-PIU, ADEU! El petit Cocodril passa un dia meravell\u00f3s al parc amb els seus","og_url":"https:\/\/www.editorialjuventud.es\/un-dia-al-parc-9788426147806\/","og_site_name":"Editorial Juventud","article_modified_time":"2025-10-29T11:34:05+00:00","og_image":[{"width":1200,"height":786,"url":"https:\/\/www.editorialjuventud.es\/wp-content\/uploads\/9788426147806.jpg","type":"image\/jpeg"}],"twitter_card":"summary_large_image","twitter_misc":{"Temps estimat de lectura":"2 minuts"},"schema":{"@context":"https:\/\/schema.org","@graph":[{"@type":"WebPage","@id":"https:\/\/www.editorialjuventud.es\/un-dia-al-parc-9788426147806\/","url":"https:\/\/www.editorialjuventud.es\/un-dia-al-parc-9788426147806\/","name":"Un dia al parc - Editorial Juventud","isPartOf":{"@id":"https:\/\/www.editorialjuventud.es\/#website"},"primaryImageOfPage":{"@id":"https:\/\/www.editorialjuventud.es\/un-dia-al-parc-9788426147806\/#primaryimage"},"image":{"@id":"https:\/\/www.editorialjuventud.es\/un-dia-al-parc-9788426147806\/#primaryimage"},"thumbnailUrl":"https:\/\/www.editorialjuventud.es\/wp-content\/uploads\/9788426147806.jpg","datePublished":"2022-03-15T12:15:11+00:00","dateModified":"2025-10-29T11:34:05+00:00","description":"DING-DONG, MU\u00c0-MU\u00c0, BZZZ, FIU, FFF, BLA-BLA-BLA, FLOP-FLOP-FLOP, UUH-UUH, PIU-PIU, ADEU! El petit Cocodril passa un dia meravell\u00f3s al parc amb els seus","breadcrumb":{"@id":"https:\/\/www.editorialjuventud.es\/un-dia-al-parc-9788426147806\/#breadcrumb"},"inLanguage":"ca","potentialAction":[{"@type":"ReadAction","target":["https:\/\/www.editorialjuventud.es\/un-dia-al-parc-9788426147806\/"]}]},{"@type":"ImageObject","inLanguage":"ca","@id":"https:\/\/www.editorialjuventud.es\/un-dia-al-parc-9788426147806\/#primaryimage","url":"https:\/\/www.editorialjuventud.es\/wp-content\/uploads\/9788426147806.jpg","contentUrl":"https:\/\/www.editorialjuventud.es\/wp-content\/uploads\/9788426147806.jpg","width":1200,"height":786,"caption":"9788426147806.jpg"},{"@type":"BreadcrumbList","@id":"https:\/\/www.editorialjuventud.es\/un-dia-al-parc-9788426147806\/#breadcrumb","itemListElement":[{"@type":"ListItem","position":1,"name":"Portada","item":"https:\/\/www.editorialjuventud.es\/"},{"@type":"ListItem","position":2,"name":"cat\u00e1logo","item":"https:\/\/www.editorialjuventud.es\/coleccion\/catalogo\/"},{"@type":"ListItem","position":3,"name":"catal\u00e0","item":"https:\/\/www.editorialjuventud.es\/coleccion\/catala\/"},{"@type":"ListItem","position":4,"name":"Els Meus Primers Llibres","item":"https:\/\/www.editorialjuventud.es\/ca\/coleccion\/els-meus-primers-llibres\/"},{"@type":"ListItem","position":5,"name":"Qu\u00e8 fa el cocodril?","item":"https:\/\/www.editorialjuventud.es\/ca\/coleccion\/que-fa-el-cocodril\/"},{"@type":"ListItem","position":6,"name":"Un dia al parc"}]},{"@type":"WebSite","@id":"https:\/\/www.editorialjuventud.es\/#website","url":"https:\/\/www.editorialjuventud.es\/","name":"Editorial Juventud","description":"","potentialAction":[{"@type":"SearchAction","target":{"@type":"EntryPoint","urlTemplate":"https:\/\/www.editorialjuventud.es\/?s={search_term_string}"},"query-input":{"@type":"PropertyValueSpecification","valueRequired":true,"valueName":"search_term_string"}}],"inLanguage":"ca"}]}},"_links":{"self":[{"href":"https:\/\/www.editorialjuventud.es\/ca\/wp-json\/wp\/v2\/product\/63985","targetHints":{"allow":["GET"]}}],"collection":[{"href":"https:\/\/www.editorialjuventud.es\/ca\/wp-json\/wp\/v2\/product"}],"about":[{"href":"https:\/\/www.editorialjuventud.es\/ca\/wp-json\/wp\/v2\/types\/product"}],"wp:featuredmedia":[{"embeddable":true,"href":"https:\/\/www.editorialjuventud.es\/ca\/wp-json\/wp\/v2\/media\/69211"}],"wp:attachment":[{"href":"https:\/\/www.editorialjuventud.es\/ca\/wp-json\/wp\/v2\/media?parent=63985"}],"wp:term":[{"taxonomy":"product_brand","embeddable":true,"href":"https:\/\/www.editorialjuventud.es\/ca\/wp-json\/wp\/v2\/product_brand?post=63985"},{"taxonomy":"product_cat","embeddable":true,"href":"https:\/\/www.editorialjuventud.es\/ca\/wp-json\/wp\/v2\/product_cat?post=63985"},{"taxonomy":"product_tag","embeddable":true,"href":"https:\/\/www.editorialjuventud.es\/ca\/wp-json\/wp\/v2\/product_tag?post=63985"},{"taxonomy":"coleccion","embeddable":true,"href":"https:\/\/www.editorialjuventud.es\/ca\/wp-json\/wp\/v2\/coleccion?post=63985"}],"curies":[{"name":"wp","href":"https:\/\/api.w.org\/{rel}","templated":true}]}}