{"id":63982,"date":"2022-03-15T13:14:42","date_gmt":"2022-03-15T12:14:42","guid":{"rendered":"https:\/\/www.editorialjuventud.es\/un-dia-en-el-parque-9788426147790\/"},"modified":"2025-10-29T12:35:49","modified_gmt":"2025-10-29T11:35:49","slug":"un-dia-en-el-parque-9788426147790","status":"publish","type":"product","link":"https:\/\/www.editorialjuventud.es\/ca\/un-dia-en-el-parque-9788426147790\/","title":{"rendered":"Un d\u00eda en el parque"},"content":{"rendered":"<p>DING DONG, MUAC MUAC, BZZZ, ZIUU, PFFFF, YUPIIII, FLOP FLOP FLOP, CUAC, HIII HAAA, P\u00cdO P\u00cdO, \u00a1ADI\u00d3S! El peque\u00f1o Cocodrilo pasa un hermoso d\u00eda en el parque con sus abuelos descubriendo nuevos sonidos&#8230;<\/p>\n<p>\u00a1El parque est\u00e1 lleno de sitios para explorar, juegos para jugar, y para hacer nuevos amigos! En este tercer volumen de la serie &#8216;\u00bfQu\u00e9 hace el Cocodrilo?&#8217;, el peque\u00f1o Cocodrilo pasa un d\u00eda incre\u00edble con el abuelo y la abuela Cocodrilo, descubriendo las voces de sus nuevos amigos animales. \u00a1Se encontrar\u00e1 con todo tipo de situaciones!<br \/>\nAdem\u00e1s, el libro viene acompa\u00f1ado con un c\u00f3digo QR para poder disfrutar de la versi\u00f3n narrada del mismo. Con sus juegos de onomatopeyas y estructura, es ideal para leer en voz alta. Una lectura tierna y divertida que sorprender\u00e1 a los peque\u00f1os lectores.<\/p>\n<h3>\u00a1Escucha el audiolibro!<\/h3>\n<p>A continuaci\u00f3n pod\u00e9is reproducir la<em><strong>\u00a0narraci\u00f3n oral<\/strong><\/em>\u00a0de\u00a0<em><strong>Un d\u00eda en el parque<\/strong><\/em>\u00a0realizada por Natalia Espa\u00f1a y Jose Carlos Rodr\u00edguez:<\/p>\n<audio class=\"wp-audio-shortcode\" id=\"audio-63982-1\" preload=\"none\" style=\"width: 100%;\" controls=\"controls\"><source type=\"audio\/mpeg\" src=\"https:\/\/www.editorialjuventud.es\/wp-content\/uploads\/Un-dia-en-el-parque-master.mp3?_=1\" \/><\/audio>\n<p>&nbsp;<\/p>\n<p><strong>Y si buscas una actividad del Peque\u00f1o Cocodrilo, la encontrar\u00e1s\u00a0<a href=\"https:\/\/www.editorialjuventud.es\/que-oye-el-cocodrilo\/\">AQU\u00cd<\/a>.<\/strong><\/p>\n<p>&nbsp;<\/p>\n<p>Este libro ha sido publicado con el apoyo de:<\/p>\n<p><img loading=\"lazy\" decoding=\"async\" class=\"alignnone size-full wp-image-76274\" src=\"https:\/\/www.editorialjuventud.es\/wp-content\/uploads\/unnamed.png\" alt=\"\" width=\"405\" height=\"35\" srcset=\"https:\/\/www.editorialjuventud.es\/wp-content\/uploads\/unnamed.png 405w, https:\/\/www.editorialjuventud.es\/wp-content\/uploads\/unnamed-350x30.png 350w, https:\/\/www.editorialjuventud.es\/wp-content\/uploads\/unnamed-190x16.png 190w\" sizes=\"auto, (max-width: 405px) 100vw, 405px\" \/><\/p>\n","protected":false},"excerpt":{"rendered":"DING DONG, MUAC MUAC, BZZZ, ZIUU, PFFFF, YUPIIII, FLOP FLOP FLOP, CUAC, HIII HAAA, P\u00cdO P\u00cdO, \u00a1ADI\u00d3S! El peque\u00f1o Cocodrilo pasa un hermoso d\u00eda en el parque con sus abuelos descubriendo nuevos sonidos&#8230; \u00a1El parque est\u00e1 lleno de sitios para [&hellip;]","protected":false},"featured_media":69213,"template":"","meta":{"_acf_changed":false,"_exactmetrics_skip_tracking":false,"_exactmetrics_sitenote_active":false,"_exactmetrics_sitenote_note":"","_exactmetrics_sitenote_category":0},"product_brand":[],"product_cat":[898,1129,1138,892,1115,1181,1122,893,1213,1128],"product_tag":[],"coleccion":[1313,916,1296],"class_list":{"0":"post-63982","1":"product","2":"type-product","3":"status-publish","4":"has-post-thumbnail","6":"product_cat-a-partir-de-2-anos","7":"product_cat-abuelos","8":"product_cat-animales","9":"product_cat-edades","10":"product_cat-generos","11":"product_cat-habitos","12":"product_cat-libros-de-carton","13":"product_cat-novedades","14":"product_cat-primeros-conceptos","15":"product_cat-tematica","16":"coleccion-que-hace-el-cocodrilo","17":"coleccion-castellano","18":"coleccion-mis-primeros-libros","20":"first","21":"instock","22":"taxable","23":"shipping-taxable","24":"purchasable","25":"product-type-simple"},"acf":{"indice":"","autor":"Montanari, Eva","codart":"4779","ediciones":"1","encuadernacion":"Cart\u00f3n","fecha_de_publicacion":"01\/09\/2022","fecha_de_reimpresion":"","novedad":"0","paginas":"36","subtitulo":"","texto_web_adicional":"","autores-libros":[38012],"ilustradores-libros":"","texto_web_novedad":"","orden":"999","portada":"0","texto_web_resaltado":"","traductores-libros":[17430],"descripcion_corta":"","recomendamos":"","mas_vendido":"","idioma-libro":"","color":false,"formato":"","mas_informacion_del_producto":false,"premios":false,"deshabilitar_compra":[],"texto_enlace_cubierta":"","enlace_cubierta":{"ID":69226,"id":69226,"title":"cover UN DIA EN EL PARQUE.indd","filename":"Un_Dia_En_El_Parque_cover-1-scaled.jpg","filesize":686880,"url":"https:\/\/www.editorialjuventud.es\/wp-content\/uploads\/Un_Dia_En_El_Parque_cover-1-scaled.jpg","link":"https:\/\/www.editorialjuventud.es\/ca\/?attachment_id=69226","alt":"","author":"49","description":"","caption":"","name":"cover-un-dia-en-el-parque-indd-4","status":"inherit","uploaded_to":63982,"date":"2022-08-31 11:05:33","modified":"2022-08-31 11:05:33","menu_order":0,"mime_type":"image\/jpeg","type":"image","subtype":"jpeg","icon":"https:\/\/www.editorialjuventud.es\/wp-includes\/images\/media\/default.png","width":0,"height":0,"sizes":{"thumbnail":"https:\/\/www.editorialjuventud.es\/wp-content\/uploads\/Un_Dia_En_El_Parque_cover-1-scaled.jpg","thumbnail-width":1,"thumbnail-height":1,"medium":"https:\/\/www.editorialjuventud.es\/wp-content\/uploads\/Un_Dia_En_El_Parque_cover-1-scaled.jpg","medium-width":0,"medium-height":0,"medium_large":"https:\/\/www.editorialjuventud.es\/wp-content\/uploads\/Un_Dia_En_El_Parque_cover-1-scaled.jpg","medium_large-width":1,"medium_large-height":1,"large":"https:\/\/www.editorialjuventud.es\/wp-content\/uploads\/Un_Dia_En_El_Parque_cover-1-scaled.jpg","large-width":0,"large-height":0,"1536x1536":"https:\/\/www.editorialjuventud.es\/wp-content\/uploads\/Un_Dia_En_El_Parque_cover-1-scaled.jpg","1536x1536-width":1,"1536x1536-height":1,"2048x2048":"https:\/\/www.editorialjuventud.es\/wp-content\/uploads\/Un_Dia_En_El_Parque_cover-1-scaled.jpg","2048x2048-width":1,"2048x2048-height":1,"woocommerce_thumbnail":"https:\/\/www.editorialjuventud.es\/wp-content\/uploads\/Un_Dia_En_El_Parque_cover-1-scaled.jpg","woocommerce_thumbnail-width":1,"woocommerce_thumbnail-height":1,"woocommerce_single":"https:\/\/www.editorialjuventud.es\/wp-content\/uploads\/Un_Dia_En_El_Parque_cover-1-scaled.jpg","woocommerce_single-width":1,"woocommerce_single-height":1,"woocommerce_gallery_thumbnail":"https:\/\/www.editorialjuventud.es\/wp-content\/uploads\/Un_Dia_En_El_Parque_cover-1-scaled.jpg","woocommerce_gallery_thumbnail-width":1,"woocommerce_gallery_thumbnail-height":1,"ppec_logo_image_size":"https:\/\/www.editorialjuventud.es\/wp-content\/uploads\/Un_Dia_En_El_Parque_cover-1-scaled.jpg","ppec_logo_image_size-width":1,"ppec_logo_image_size-height":1,"ppec_header_image_size":"https:\/\/www.editorialjuventud.es\/wp-content\/uploads\/Un_Dia_En_El_Parque_cover-1-scaled.jpg","ppec_header_image_size-width":1,"ppec_header_image_size-height":1}},"texto_enlace_ficha_tecnica":"","enlace_ficha_tecnica":{"ID":70257,"id":70257,"title":"Un d\u00eda en el parque_CAST","filename":"Un-dia-en-el-parque_CAST.pdf","filesize":430384,"url":"https:\/\/www.editorialjuventud.es\/wp-content\/uploads\/Un-dia-en-el-parque_CAST.pdf","link":"https:\/\/www.editorialjuventud.es\/ca\/?attachment_id=70257","alt":"","author":"50","description":"","caption":"","name":"un-dia-en-el-parque_cast","status":"inherit","uploaded_to":63982,"date":"2022-10-03 10:41:39","modified":"2022-10-03 10:41:39","menu_order":0,"mime_type":"application\/pdf","type":"application","subtype":"pdf","icon":"https:\/\/www.editorialjuventud.es\/wp-includes\/images\/media\/document.png"},"ficheros":false,"titulo-fr":"","texto-fr":""},"yoast_head":"<!-- This site is optimized with the Yoast SEO plugin v27.5 - https:\/\/yoast.com\/product\/yoast-seo-wordpress\/ -->\n<title>Un d\u00eda en el parque - Editorial Juventud<\/title>\n<meta name=\"description\" content=\"DING DONG, MUAC MUAC, BZZZ, ZIUU, PFFFF, YUPIIII, FLOP FLOP FLOP, CUAC, HIII HAAA, P\u00cdO P\u00cdO, \u00a1ADI\u00d3S! El peque\u00f1o Cocodrilo pasa un hermoso d\u00eda en el parque\" \/>\n<meta name=\"robots\" content=\"index, follow, max-snippet:-1, max-image-preview:large, max-video-preview:-1\" \/>\n<link rel=\"canonical\" href=\"https:\/\/www.editorialjuventud.es\/un-dia-en-el-parque-9788426147790\/\" \/>\n<meta property=\"og:locale\" content=\"ca_ES\" \/>\n<meta property=\"og:type\" content=\"article\" \/>\n<meta property=\"og:title\" content=\"Un d\u00eda en el parque - Editorial Juventud\" \/>\n<meta property=\"og:description\" content=\"DING DONG, MUAC MUAC, BZZZ, ZIUU, PFFFF, YUPIIII, FLOP FLOP FLOP, CUAC, HIII HAAA, P\u00cdO P\u00cdO, \u00a1ADI\u00d3S! El peque\u00f1o Cocodrilo pasa un hermoso d\u00eda en el parque\" \/>\n<meta property=\"og:url\" content=\"https:\/\/www.editorialjuventud.es\/un-dia-en-el-parque-9788426147790\/\" \/>\n<meta property=\"og:site_name\" content=\"Editorial Juventud\" \/>\n<meta property=\"article:modified_time\" content=\"2025-10-29T11:35:49+00:00\" \/>\n<meta property=\"og:image\" content=\"https:\/\/www.editorialjuventud.es\/wp-content\/uploads\/9788426147790.jpg\" \/>\n\t<meta property=\"og:image:width\" content=\"1200\" \/>\n\t<meta property=\"og:image:height\" content=\"794\" \/>\n\t<meta property=\"og:image:type\" content=\"image\/jpeg\" \/>\n<meta name=\"twitter:card\" content=\"summary_large_image\" \/>\n<meta name=\"twitter:label1\" content=\"Temps estimat de lectura\" \/>\n\t<meta name=\"twitter:data1\" content=\"2 minuts\" \/>\n<script type=\"application\/ld+json\" class=\"yoast-schema-graph\">{\"@context\":\"https:\\\/\\\/schema.org\",\"@graph\":[{\"@type\":\"WebPage\",\"@id\":\"https:\\\/\\\/www.editorialjuventud.es\\\/un-dia-en-el-parque-9788426147790\\\/\",\"url\":\"https:\\\/\\\/www.editorialjuventud.es\\\/un-dia-en-el-parque-9788426147790\\\/\",\"name\":\"Un d\u00eda en el parque - Editorial Juventud\",\"isPartOf\":{\"@id\":\"https:\\\/\\\/www.editorialjuventud.es\\\/#website\"},\"primaryImageOfPage\":{\"@id\":\"https:\\\/\\\/www.editorialjuventud.es\\\/un-dia-en-el-parque-9788426147790\\\/#primaryimage\"},\"image\":{\"@id\":\"https:\\\/\\\/www.editorialjuventud.es\\\/un-dia-en-el-parque-9788426147790\\\/#primaryimage\"},\"thumbnailUrl\":\"https:\\\/\\\/www.editorialjuventud.es\\\/wp-content\\\/uploads\\\/9788426147790.jpg\",\"datePublished\":\"2022-03-15T12:14:42+00:00\",\"dateModified\":\"2025-10-29T11:35:49+00:00\",\"description\":\"DING DONG, MUAC MUAC, BZZZ, ZIUU, PFFFF, YUPIIII, FLOP FLOP FLOP, CUAC, HIII HAAA, P\u00cdO P\u00cdO, \u00a1ADI\u00d3S! El peque\u00f1o Cocodrilo pasa un hermoso d\u00eda en el parque\",\"breadcrumb\":{\"@id\":\"https:\\\/\\\/www.editorialjuventud.es\\\/un-dia-en-el-parque-9788426147790\\\/#breadcrumb\"},\"inLanguage\":\"ca\",\"potentialAction\":[{\"@type\":\"ReadAction\",\"target\":[\"https:\\\/\\\/www.editorialjuventud.es\\\/un-dia-en-el-parque-9788426147790\\\/\"]}]},{\"@type\":\"ImageObject\",\"inLanguage\":\"ca\",\"@id\":\"https:\\\/\\\/www.editorialjuventud.es\\\/un-dia-en-el-parque-9788426147790\\\/#primaryimage\",\"url\":\"https:\\\/\\\/www.editorialjuventud.es\\\/wp-content\\\/uploads\\\/9788426147790.jpg\",\"contentUrl\":\"https:\\\/\\\/www.editorialjuventud.es\\\/wp-content\\\/uploads\\\/9788426147790.jpg\",\"width\":1200,\"height\":794,\"caption\":\"9788426147790.jpg\"},{\"@type\":\"BreadcrumbList\",\"@id\":\"https:\\\/\\\/www.editorialjuventud.es\\\/un-dia-en-el-parque-9788426147790\\\/#breadcrumb\",\"itemListElement\":[{\"@type\":\"ListItem\",\"position\":1,\"name\":\"Portada\",\"item\":\"https:\\\/\\\/www.editorialjuventud.es\\\/\"},{\"@type\":\"ListItem\",\"position\":2,\"name\":\"cat\u00e1logo\",\"item\":\"https:\\\/\\\/www.editorialjuventud.es\\\/coleccion\\\/catalogo\\\/\"},{\"@type\":\"ListItem\",\"position\":3,\"name\":\"castellano\",\"item\":\"https:\\\/\\\/www.editorialjuventud.es\\\/coleccion\\\/castellano\\\/\"},{\"@type\":\"ListItem\",\"position\":4,\"name\":\"Mis Primeros Libros\",\"item\":\"https:\\\/\\\/www.editorialjuventud.es\\\/coleccion\\\/mis-primeros-libros\\\/\"},{\"@type\":\"ListItem\",\"position\":5,\"name\":\"\u00bfQu\u00e9 hace el cocodrilo?\",\"item\":\"https:\\\/\\\/www.editorialjuventud.es\\\/coleccion\\\/que-hace-el-cocodrilo\\\/\"},{\"@type\":\"ListItem\",\"position\":6,\"name\":\"Un d\u00eda en el parque\"}]},{\"@type\":\"WebSite\",\"@id\":\"https:\\\/\\\/www.editorialjuventud.es\\\/#website\",\"url\":\"https:\\\/\\\/www.editorialjuventud.es\\\/\",\"name\":\"Editorial Juventud\",\"description\":\"\",\"potentialAction\":[{\"@type\":\"SearchAction\",\"target\":{\"@type\":\"EntryPoint\",\"urlTemplate\":\"https:\\\/\\\/www.editorialjuventud.es\\\/?s={search_term_string}\"},\"query-input\":{\"@type\":\"PropertyValueSpecification\",\"valueRequired\":true,\"valueName\":\"search_term_string\"}}],\"inLanguage\":\"ca\"}]}<\/script>\n<!-- \/ Yoast SEO plugin. -->","yoast_head_json":{"title":"Un d\u00eda en el parque - Editorial Juventud","description":"DING DONG, MUAC MUAC, BZZZ, ZIUU, PFFFF, YUPIIII, FLOP FLOP FLOP, CUAC, HIII HAAA, P\u00cdO P\u00cdO, \u00a1ADI\u00d3S! El peque\u00f1o Cocodrilo pasa un hermoso d\u00eda en el parque","robots":{"index":"index","follow":"follow","max-snippet":"max-snippet:-1","max-image-preview":"max-image-preview:large","max-video-preview":"max-video-preview:-1"},"canonical":"https:\/\/www.editorialjuventud.es\/un-dia-en-el-parque-9788426147790\/","og_locale":"ca_ES","og_type":"article","og_title":"Un d\u00eda en el parque - Editorial Juventud","og_description":"DING DONG, MUAC MUAC, BZZZ, ZIUU, PFFFF, YUPIIII, FLOP FLOP FLOP, CUAC, HIII HAAA, P\u00cdO P\u00cdO, \u00a1ADI\u00d3S! El peque\u00f1o Cocodrilo pasa un hermoso d\u00eda en el parque","og_url":"https:\/\/www.editorialjuventud.es\/un-dia-en-el-parque-9788426147790\/","og_site_name":"Editorial Juventud","article_modified_time":"2025-10-29T11:35:49+00:00","og_image":[{"width":1200,"height":794,"url":"https:\/\/www.editorialjuventud.es\/wp-content\/uploads\/9788426147790.jpg","type":"image\/jpeg"}],"twitter_card":"summary_large_image","twitter_misc":{"Temps estimat de lectura":"2 minuts"},"schema":{"@context":"https:\/\/schema.org","@graph":[{"@type":"WebPage","@id":"https:\/\/www.editorialjuventud.es\/un-dia-en-el-parque-9788426147790\/","url":"https:\/\/www.editorialjuventud.es\/un-dia-en-el-parque-9788426147790\/","name":"Un d\u00eda en el parque - Editorial Juventud","isPartOf":{"@id":"https:\/\/www.editorialjuventud.es\/#website"},"primaryImageOfPage":{"@id":"https:\/\/www.editorialjuventud.es\/un-dia-en-el-parque-9788426147790\/#primaryimage"},"image":{"@id":"https:\/\/www.editorialjuventud.es\/un-dia-en-el-parque-9788426147790\/#primaryimage"},"thumbnailUrl":"https:\/\/www.editorialjuventud.es\/wp-content\/uploads\/9788426147790.jpg","datePublished":"2022-03-15T12:14:42+00:00","dateModified":"2025-10-29T11:35:49+00:00","description":"DING DONG, MUAC MUAC, BZZZ, ZIUU, PFFFF, YUPIIII, FLOP FLOP FLOP, CUAC, HIII HAAA, P\u00cdO P\u00cdO, \u00a1ADI\u00d3S! El peque\u00f1o Cocodrilo pasa un hermoso d\u00eda en el parque","breadcrumb":{"@id":"https:\/\/www.editorialjuventud.es\/un-dia-en-el-parque-9788426147790\/#breadcrumb"},"inLanguage":"ca","potentialAction":[{"@type":"ReadAction","target":["https:\/\/www.editorialjuventud.es\/un-dia-en-el-parque-9788426147790\/"]}]},{"@type":"ImageObject","inLanguage":"ca","@id":"https:\/\/www.editorialjuventud.es\/un-dia-en-el-parque-9788426147790\/#primaryimage","url":"https:\/\/www.editorialjuventud.es\/wp-content\/uploads\/9788426147790.jpg","contentUrl":"https:\/\/www.editorialjuventud.es\/wp-content\/uploads\/9788426147790.jpg","width":1200,"height":794,"caption":"9788426147790.jpg"},{"@type":"BreadcrumbList","@id":"https:\/\/www.editorialjuventud.es\/un-dia-en-el-parque-9788426147790\/#breadcrumb","itemListElement":[{"@type":"ListItem","position":1,"name":"Portada","item":"https:\/\/www.editorialjuventud.es\/"},{"@type":"ListItem","position":2,"name":"cat\u00e1logo","item":"https:\/\/www.editorialjuventud.es\/coleccion\/catalogo\/"},{"@type":"ListItem","position":3,"name":"castellano","item":"https:\/\/www.editorialjuventud.es\/coleccion\/castellano\/"},{"@type":"ListItem","position":4,"name":"Mis Primeros Libros","item":"https:\/\/www.editorialjuventud.es\/coleccion\/mis-primeros-libros\/"},{"@type":"ListItem","position":5,"name":"\u00bfQu\u00e9 hace el cocodrilo?","item":"https:\/\/www.editorialjuventud.es\/coleccion\/que-hace-el-cocodrilo\/"},{"@type":"ListItem","position":6,"name":"Un d\u00eda en el parque"}]},{"@type":"WebSite","@id":"https:\/\/www.editorialjuventud.es\/#website","url":"https:\/\/www.editorialjuventud.es\/","name":"Editorial Juventud","description":"","potentialAction":[{"@type":"SearchAction","target":{"@type":"EntryPoint","urlTemplate":"https:\/\/www.editorialjuventud.es\/?s={search_term_string}"},"query-input":{"@type":"PropertyValueSpecification","valueRequired":true,"valueName":"search_term_string"}}],"inLanguage":"ca"}]}},"_links":{"self":[{"href":"https:\/\/www.editorialjuventud.es\/ca\/wp-json\/wp\/v2\/product\/63982","targetHints":{"allow":["GET"]}}],"collection":[{"href":"https:\/\/www.editorialjuventud.es\/ca\/wp-json\/wp\/v2\/product"}],"about":[{"href":"https:\/\/www.editorialjuventud.es\/ca\/wp-json\/wp\/v2\/types\/product"}],"wp:featuredmedia":[{"embeddable":true,"href":"https:\/\/www.editorialjuventud.es\/ca\/wp-json\/wp\/v2\/media\/69213"}],"wp:attachment":[{"href":"https:\/\/www.editorialjuventud.es\/ca\/wp-json\/wp\/v2\/media?parent=63982"}],"wp:term":[{"taxonomy":"product_brand","embeddable":true,"href":"https:\/\/www.editorialjuventud.es\/ca\/wp-json\/wp\/v2\/product_brand?post=63982"},{"taxonomy":"product_cat","embeddable":true,"href":"https:\/\/www.editorialjuventud.es\/ca\/wp-json\/wp\/v2\/product_cat?post=63982"},{"taxonomy":"product_tag","embeddable":true,"href":"https:\/\/www.editorialjuventud.es\/ca\/wp-json\/wp\/v2\/product_tag?post=63982"},{"taxonomy":"coleccion","embeddable":true,"href":"https:\/\/www.editorialjuventud.es\/ca\/wp-json\/wp\/v2\/coleccion?post=63982"}],"curies":[{"name":"wp","href":"https:\/\/api.w.org\/{rel}","templated":true}]}}