{"id":6355,"date":"2018-08-24T12:16:37","date_gmt":"2018-08-24T10:16:37","guid":{"rendered":"http:\/\/www.editorialjuventud.es\/narval-2\/"},"modified":"2025-01-31T10:56:30","modified_gmt":"2025-01-31T09:56:30","slug":"narval-unicorn-mari-9788426145123","status":"publish","type":"product","link":"https:\/\/www.editorialjuventud.es\/ca\/narval-unicorn-mari-9788426145123\/","title":{"rendered":"Narval Unicorn mar\u00ed"},"content":{"rendered":"<p>Narval \u00e9s un narval feli\u00e7 i genial; Medu \u00e9s una medusa assenyada. Potser no tenen gaires punts en com\u00fa, per\u00f2 als dos els encanten les gofres, les festes i les aventures. Uneix-te a Narval i Medu, i descobreix amb ells i la seva colla el gran oce\u00e0.<br \/>Una magn\u00edfica s\u00e8rie de c\u00f2mics per engrescar els nens i nenes a convertir-se en lectors aut\u00f2noms. Descobriran algunes de les infinites curiositats del mar contagiantse amb la m\u00e0gia d\u2019aquests entranyables personatges que no deixen ning\u00fa indiferent.<\/p>\n","protected":false},"excerpt":{"rendered":"Narval \u00e9s un narval feli\u00e7 i genial; Medu \u00e9s una medusa assenyada. Potser no tenen gaires punts en com\u00fa, per\u00f2 als dos els encanten les gofres, les festes i les aventures. Uneix-te a Narval i Medu, i descobreix amb ells [&hellip;]","protected":false},"featured_media":65882,"template":"","meta":{"_acf_changed":false,"_exactmetrics_skip_tracking":false,"_exactmetrics_sitenote_active":false,"_exactmetrics_sitenote_note":"","_exactmetrics_sitenote_category":0},"product_brand":[],"product_cat":[902,1232,1136,1138,1142,1127,1184,1193,1128],"product_tag":[],"coleccion":[977],"class_list":{"0":"post-6355","1":"product","2":"type-product","3":"status-publish","4":"has-post-thumbnail","6":"product_cat-a-partir-de-7-anos","7":"product_cat-abecedario","8":"product_cat-amistad","9":"product_cat-animales","10":"product_cat-aventura","11":"product_cat-comic","12":"product_cat-humor","13":"product_cat-mar-oceano","14":"product_cat-tematica","15":"coleccion-llibres-de-narval-i-medu","17":"first","18":"instock","19":"taxable","20":"shipping-taxable","21":"purchasable","22":"product-type-simple"},"acf":{"autor":"Clanton, Ben","codart":"4512","ediciones":"7","encuadernacion":"Carton\u00e9","fecha_de_publicacion":"01\/03\/2018","novedad":"0","paginas":"64","subtitulo":"","texto_web_adicional":"","texto_web_novedad":"","orden":"999","portada":"0","texto_web_resaltado":"","indice":"","autores-libros":[16284],"ilustradores-libros":[16284],"traductores-libros":[58416],"descripcion_corta":"","recomendamos":"","mas_vendido":"","idioma-libro":"","color":false,"formato":"","mas_informacion_del_producto":false,"premios":[{"premio":"Eisner. Millor Premi per Primers Lectors","anyo_del_premio":"2017","pais_del_premio":"Estats Units"}],"texto_enlace_cubierta":"","enlace_cubierta":false,"texto_enlace_ficha_tecnica":"","enlace_ficha_tecnica":{"ID":26160,"id":26160,"title":"Narval. Unicorn mar\u00ed Fitxa","filename":"Narval.-Unicorn-mar\u00ed-Fitxa.pdf","filesize":586330,"url":"https:\/\/www.editorialjuventud.es\/wp-content\/uploads\/Narval.-Unicorn-mar\u00ed-Fitxa.pdf","link":"https:\/\/www.editorialjuventud.es\/ca\/?attachment_id=26160","alt":"","author":"47","description":"","caption":"","name":"narval-unicorn-mari-fitxa","status":"inherit","uploaded_to":6355,"date":"2019-05-27 06:54:11","modified":"2019-05-27 06:54:11","menu_order":0,"mime_type":"application\/pdf","type":"application","subtype":"pdf","icon":"https:\/\/www.editorialjuventud.es\/wp-includes\/images\/media\/document.png"},"ficheros":false,"titulo-fr":"","texto-fr":"","fecha_de_reimpresion":"01\/06\/2022","deshabilitar_compra":[]},"yoast_head":"<!-- This site is optimized with the Yoast SEO plugin v27.3 - https:\/\/yoast.com\/product\/yoast-seo-wordpress\/ -->\n<title>Narval Unicorn mar\u00ed - Editorial Juventud<\/title>\n<meta name=\"description\" content=\"Narval \u00e9s un narval feli\u00e7 i genial; Medu \u00e9s una medusa assenyada. Potser no tenen gaires punts en com\u00fa, per\u00f2 als dos els encanten les gofres, les festes i\" \/>\n<meta name=\"robots\" content=\"index, follow, max-snippet:-1, max-image-preview:large, max-video-preview:-1\" \/>\n<link rel=\"canonical\" href=\"https:\/\/www.editorialjuventud.es\/narval-unicorn-mari-9788426145123\/\" \/>\n<meta property=\"og:locale\" content=\"ca_ES\" \/>\n<meta property=\"og:type\" content=\"article\" \/>\n<meta property=\"og:title\" content=\"Narval Unicorn mar\u00ed - Editorial Juventud\" \/>\n<meta property=\"og:description\" content=\"Narval \u00e9s un narval feli\u00e7 i genial; Medu \u00e9s una medusa assenyada. Potser no tenen gaires punts en com\u00fa, per\u00f2 als dos els encanten les gofres, les festes i\" \/>\n<meta property=\"og:url\" content=\"https:\/\/www.editorialjuventud.es\/narval-unicorn-mari-9788426145123\/\" \/>\n<meta property=\"og:site_name\" content=\"Editorial Juventud\" \/>\n<meta property=\"article:modified_time\" content=\"2025-01-31T09:56:30+00:00\" \/>\n<meta property=\"og:image\" content=\"https:\/\/www.editorialjuventud.es\/wp-content\/uploads\/4512.jpg\" \/>\n\t<meta property=\"og:image:width\" content=\"355\" \/>\n\t<meta property=\"og:image:height\" content=\"450\" \/>\n\t<meta property=\"og:image:type\" content=\"image\/jpeg\" \/>\n<meta name=\"twitter:card\" content=\"summary_large_image\" \/>\n<script type=\"application\/ld+json\" class=\"yoast-schema-graph\">{\"@context\":\"https:\\\/\\\/schema.org\",\"@graph\":[{\"@type\":\"WebPage\",\"@id\":\"https:\\\/\\\/www.editorialjuventud.es\\\/narval-unicorn-mari-9788426145123\\\/\",\"url\":\"https:\\\/\\\/www.editorialjuventud.es\\\/narval-unicorn-mari-9788426145123\\\/\",\"name\":\"Narval Unicorn mar\u00ed - Editorial Juventud\",\"isPartOf\":{\"@id\":\"https:\\\/\\\/www.editorialjuventud.es\\\/#website\"},\"primaryImageOfPage\":{\"@id\":\"https:\\\/\\\/www.editorialjuventud.es\\\/narval-unicorn-mari-9788426145123\\\/#primaryimage\"},\"image\":{\"@id\":\"https:\\\/\\\/www.editorialjuventud.es\\\/narval-unicorn-mari-9788426145123\\\/#primaryimage\"},\"thumbnailUrl\":\"https:\\\/\\\/www.editorialjuventud.es\\\/wp-content\\\/uploads\\\/4512.jpg\",\"datePublished\":\"2018-08-24T10:16:37+00:00\",\"dateModified\":\"2025-01-31T09:56:30+00:00\",\"description\":\"Narval \u00e9s un narval feli\u00e7 i genial; Medu \u00e9s una medusa assenyada. Potser no tenen gaires punts en com\u00fa, per\u00f2 als dos els encanten les gofres, les festes i\",\"breadcrumb\":{\"@id\":\"https:\\\/\\\/www.editorialjuventud.es\\\/narval-unicorn-mari-9788426145123\\\/#breadcrumb\"},\"inLanguage\":\"ca\",\"potentialAction\":[{\"@type\":\"ReadAction\",\"target\":[\"https:\\\/\\\/www.editorialjuventud.es\\\/narval-unicorn-mari-9788426145123\\\/\"]}]},{\"@type\":\"ImageObject\",\"inLanguage\":\"ca\",\"@id\":\"https:\\\/\\\/www.editorialjuventud.es\\\/narval-unicorn-mari-9788426145123\\\/#primaryimage\",\"url\":\"https:\\\/\\\/www.editorialjuventud.es\\\/wp-content\\\/uploads\\\/4512.jpg\",\"contentUrl\":\"https:\\\/\\\/www.editorialjuventud.es\\\/wp-content\\\/uploads\\\/4512.jpg\",\"width\":355,\"height\":450,\"caption\":\"4512.jpg\"},{\"@type\":\"BreadcrumbList\",\"@id\":\"https:\\\/\\\/www.editorialjuventud.es\\\/narval-unicorn-mari-9788426145123\\\/#breadcrumb\",\"itemListElement\":[{\"@type\":\"ListItem\",\"position\":1,\"name\":\"Portada\",\"item\":\"https:\\\/\\\/www.editorialjuventud.es\\\/\"},{\"@type\":\"ListItem\",\"position\":2,\"name\":\"cat\u00e1logo\",\"item\":\"https:\\\/\\\/www.editorialjuventud.es\\\/coleccion\\\/catalogo\\\/\"},{\"@type\":\"ListItem\",\"position\":3,\"name\":\"catal\u00e0\",\"item\":\"https:\\\/\\\/www.editorialjuventud.es\\\/coleccion\\\/catala\\\/\"},{\"@type\":\"ListItem\",\"position\":4,\"name\":\"Joventut C\u00f2mic\",\"item\":\"https:\\\/\\\/www.editorialjuventud.es\\\/ca\\\/coleccion\\\/joventut-comic\\\/\"},{\"@type\":\"ListItem\",\"position\":5,\"name\":\"Llibres de Narval i Medu\",\"item\":\"https:\\\/\\\/www.editorialjuventud.es\\\/ca\\\/coleccion\\\/llibres-de-narval-i-medu\\\/\"},{\"@type\":\"ListItem\",\"position\":6,\"name\":\"Narval Unicorn mar\u00ed\"}]},{\"@type\":\"WebSite\",\"@id\":\"https:\\\/\\\/www.editorialjuventud.es\\\/#website\",\"url\":\"https:\\\/\\\/www.editorialjuventud.es\\\/\",\"name\":\"Editorial Juventud\",\"description\":\"\",\"potentialAction\":[{\"@type\":\"SearchAction\",\"target\":{\"@type\":\"EntryPoint\",\"urlTemplate\":\"https:\\\/\\\/www.editorialjuventud.es\\\/?s={search_term_string}\"},\"query-input\":{\"@type\":\"PropertyValueSpecification\",\"valueRequired\":true,\"valueName\":\"search_term_string\"}}],\"inLanguage\":\"ca\"}]}<\/script>\n<!-- \/ Yoast SEO plugin. -->","yoast_head_json":{"title":"Narval Unicorn mar\u00ed - Editorial Juventud","description":"Narval \u00e9s un narval feli\u00e7 i genial; Medu \u00e9s una medusa assenyada. Potser no tenen gaires punts en com\u00fa, per\u00f2 als dos els encanten les gofres, les festes i","robots":{"index":"index","follow":"follow","max-snippet":"max-snippet:-1","max-image-preview":"max-image-preview:large","max-video-preview":"max-video-preview:-1"},"canonical":"https:\/\/www.editorialjuventud.es\/narval-unicorn-mari-9788426145123\/","og_locale":"ca_ES","og_type":"article","og_title":"Narval Unicorn mar\u00ed - Editorial Juventud","og_description":"Narval \u00e9s un narval feli\u00e7 i genial; Medu \u00e9s una medusa assenyada. Potser no tenen gaires punts en com\u00fa, per\u00f2 als dos els encanten les gofres, les festes i","og_url":"https:\/\/www.editorialjuventud.es\/narval-unicorn-mari-9788426145123\/","og_site_name":"Editorial Juventud","article_modified_time":"2025-01-31T09:56:30+00:00","og_image":[{"width":355,"height":450,"url":"https:\/\/www.editorialjuventud.es\/wp-content\/uploads\/4512.jpg","type":"image\/jpeg"}],"twitter_card":"summary_large_image","schema":{"@context":"https:\/\/schema.org","@graph":[{"@type":"WebPage","@id":"https:\/\/www.editorialjuventud.es\/narval-unicorn-mari-9788426145123\/","url":"https:\/\/www.editorialjuventud.es\/narval-unicorn-mari-9788426145123\/","name":"Narval Unicorn mar\u00ed - Editorial Juventud","isPartOf":{"@id":"https:\/\/www.editorialjuventud.es\/#website"},"primaryImageOfPage":{"@id":"https:\/\/www.editorialjuventud.es\/narval-unicorn-mari-9788426145123\/#primaryimage"},"image":{"@id":"https:\/\/www.editorialjuventud.es\/narval-unicorn-mari-9788426145123\/#primaryimage"},"thumbnailUrl":"https:\/\/www.editorialjuventud.es\/wp-content\/uploads\/4512.jpg","datePublished":"2018-08-24T10:16:37+00:00","dateModified":"2025-01-31T09:56:30+00:00","description":"Narval \u00e9s un narval feli\u00e7 i genial; Medu \u00e9s una medusa assenyada. Potser no tenen gaires punts en com\u00fa, per\u00f2 als dos els encanten les gofres, les festes i","breadcrumb":{"@id":"https:\/\/www.editorialjuventud.es\/narval-unicorn-mari-9788426145123\/#breadcrumb"},"inLanguage":"ca","potentialAction":[{"@type":"ReadAction","target":["https:\/\/www.editorialjuventud.es\/narval-unicorn-mari-9788426145123\/"]}]},{"@type":"ImageObject","inLanguage":"ca","@id":"https:\/\/www.editorialjuventud.es\/narval-unicorn-mari-9788426145123\/#primaryimage","url":"https:\/\/www.editorialjuventud.es\/wp-content\/uploads\/4512.jpg","contentUrl":"https:\/\/www.editorialjuventud.es\/wp-content\/uploads\/4512.jpg","width":355,"height":450,"caption":"4512.jpg"},{"@type":"BreadcrumbList","@id":"https:\/\/www.editorialjuventud.es\/narval-unicorn-mari-9788426145123\/#breadcrumb","itemListElement":[{"@type":"ListItem","position":1,"name":"Portada","item":"https:\/\/www.editorialjuventud.es\/"},{"@type":"ListItem","position":2,"name":"cat\u00e1logo","item":"https:\/\/www.editorialjuventud.es\/coleccion\/catalogo\/"},{"@type":"ListItem","position":3,"name":"catal\u00e0","item":"https:\/\/www.editorialjuventud.es\/coleccion\/catala\/"},{"@type":"ListItem","position":4,"name":"Joventut C\u00f2mic","item":"https:\/\/www.editorialjuventud.es\/ca\/coleccion\/joventut-comic\/"},{"@type":"ListItem","position":5,"name":"Llibres de Narval i Medu","item":"https:\/\/www.editorialjuventud.es\/ca\/coleccion\/llibres-de-narval-i-medu\/"},{"@type":"ListItem","position":6,"name":"Narval Unicorn mar\u00ed"}]},{"@type":"WebSite","@id":"https:\/\/www.editorialjuventud.es\/#website","url":"https:\/\/www.editorialjuventud.es\/","name":"Editorial Juventud","description":"","potentialAction":[{"@type":"SearchAction","target":{"@type":"EntryPoint","urlTemplate":"https:\/\/www.editorialjuventud.es\/?s={search_term_string}"},"query-input":{"@type":"PropertyValueSpecification","valueRequired":true,"valueName":"search_term_string"}}],"inLanguage":"ca"}]}},"_links":{"self":[{"href":"https:\/\/www.editorialjuventud.es\/ca\/wp-json\/wp\/v2\/product\/6355","targetHints":{"allow":["GET"]}}],"collection":[{"href":"https:\/\/www.editorialjuventud.es\/ca\/wp-json\/wp\/v2\/product"}],"about":[{"href":"https:\/\/www.editorialjuventud.es\/ca\/wp-json\/wp\/v2\/types\/product"}],"wp:featuredmedia":[{"embeddable":true,"href":"https:\/\/www.editorialjuventud.es\/ca\/wp-json\/wp\/v2\/media\/65882"}],"wp:attachment":[{"href":"https:\/\/www.editorialjuventud.es\/ca\/wp-json\/wp\/v2\/media?parent=6355"}],"wp:term":[{"taxonomy":"product_brand","embeddable":true,"href":"https:\/\/www.editorialjuventud.es\/ca\/wp-json\/wp\/v2\/product_brand?post=6355"},{"taxonomy":"product_cat","embeddable":true,"href":"https:\/\/www.editorialjuventud.es\/ca\/wp-json\/wp\/v2\/product_cat?post=6355"},{"taxonomy":"product_tag","embeddable":true,"href":"https:\/\/www.editorialjuventud.es\/ca\/wp-json\/wp\/v2\/product_tag?post=6355"},{"taxonomy":"coleccion","embeddable":true,"href":"https:\/\/www.editorialjuventud.es\/ca\/wp-json\/wp\/v2\/coleccion?post=6355"}],"curies":[{"name":"wp","href":"https:\/\/api.w.org\/{rel}","templated":true}]}}