{"id":6354,"date":"2018-08-24T12:16:33","date_gmt":"2018-08-24T10:16:33","guid":{"rendered":"http:\/\/www.editorialjuventud.es\/narval\/"},"modified":"2026-03-25T12:25:24","modified_gmt":"2026-03-25T11:25:24","slug":"narval-unicornio-marino-9788426145116","status":"publish","type":"product","link":"https:\/\/www.editorialjuventud.es\/ca\/narval-unicornio-marino-9788426145116\/","title":{"rendered":"Narval Unicornio marino"},"content":{"rendered":"<p>Narval es un narval despreocupado. Medu es una medusa sensata. Puede que no tengan mucho en com\u00fan, pero a los dos les encantan los gofres, las fiestas y las aventuras. \u00danete a Narval y Medu, y descubre el gran oc\u00e9ano con ellos y su pandilla. Una magn\u00edfica serie para que los peque\u00f1os empiecen a ser lectores aut\u00f3nomos, descubriendo algunas de las infinitas curiosidades del mar y contagi\u00e1ndose de la magia de estos entra\u00f1ables personajes que no dejar\u00e1n indiferente a nadie.   <\/p>\n","protected":false},"excerpt":{"rendered":"Narval es un narval despreocupado. Medu es una medusa sensata. Puede que no tengan mucho en com\u00fan, pero a los dos les encantan los gofres, las fiestas y las aventuras. \u00danete a Narval y Medu, y descubre el gran oc\u00e9ano [&hellip;]","protected":false},"featured_media":75912,"template":"","meta":{"_acf_changed":false,"_exactmetrics_skip_tracking":false,"_exactmetrics_sitenote_active":false,"_exactmetrics_sitenote_note":"","_exactmetrics_sitenote_category":0},"product_brand":[],"product_cat":[902,1136,1138,1142,1127,1184,1193],"product_tag":[],"coleccion":[1005],"class_list":{"0":"post-6354","1":"product","2":"type-product","3":"status-publish","4":"has-post-thumbnail","6":"product_cat-a-partir-de-7-anos","7":"product_cat-amistad","8":"product_cat-animales","9":"product_cat-aventura","10":"product_cat-comic","11":"product_cat-humor","12":"product_cat-mar-oceano","13":"coleccion-libros-de-narval-y-medu","15":"first","16":"instock","17":"taxable","18":"shipping-taxable","19":"purchasable","20":"product-type-simple"},"acf":{"autor":"Clanton, Ben","codart":"4511","ediciones":"9","encuadernacion":"Carton\u00e9","fecha_de_publicacion":"01\/03\/2018","novedad":"0","paginas":"64","subtitulo":"","texto_web_adicional":"","texto_web_novedad":"","orden":"999","portada":"0","texto_web_resaltado":"","indice":"","autores-libros":[16284],"ilustradores-libros":[16284],"traductores-libros":[58416],"descripcion_corta":"","recomendamos":"","mas_vendido":"","color":false,"formato":"","mas_informacion_del_producto":false,"premios":[{"premio":"Eisner. Mejor C\u00f3mic para Primeros Lectores","anyo_del_premio":"2017","pais_del_premio":"Estados Unidos"}],"texto_enlace_cubierta":"","enlace_cubierta":{"ID":23905,"id":23905,"title":"COVER narval y el unicornio.indd","filename":"NARVAL-UNICORNIO-MARINO-cover-a-300.jpg","filesize":580071,"url":"https:\/\/www.editorialjuventud.es\/wp-content\/uploads\/NARVAL-UNICORNIO-MARINO-cover-a-300.jpg","link":"https:\/\/www.editorialjuventud.es\/ca\/?attachment_id=23905","alt":"","author":"47","description":"","caption":"","name":"cover-narval-y-el-unicornio-indd","status":"inherit","uploaded_to":6354,"date":"2019-04-12 06:24:38","modified":"2019-04-12 06:24:38","menu_order":0,"mime_type":"image\/jpeg","type":"image","subtype":"jpeg","icon":"https:\/\/www.editorialjuventud.es\/wp-includes\/images\/media\/default.png","width":2063,"height":2883,"sizes":{"thumbnail":"https:\/\/www.editorialjuventud.es\/wp-content\/uploads\/NARVAL-UNICORNIO-MARINO-cover-a-300-200x200.jpg","thumbnail-width":200,"thumbnail-height":200,"medium":"https:\/\/www.editorialjuventud.es\/wp-content\/uploads\/NARVAL-UNICORNIO-MARINO-cover-a-300.jpg","medium-width":2063,"medium-height":2883,"medium_large":"https:\/\/www.editorialjuventud.es\/wp-content\/uploads\/NARVAL-UNICORNIO-MARINO-cover-a-300-768x1073.jpg","medium_large-width":768,"medium_large-height":1073,"large":"https:\/\/www.editorialjuventud.es\/wp-content\/uploads\/NARVAL-UNICORNIO-MARINO-cover-a-300.jpg","large-width":2063,"large-height":2883,"1536x1536":"https:\/\/www.editorialjuventud.es\/wp-content\/uploads\/NARVAL-UNICORNIO-MARINO-cover-a-300.jpg","1536x1536-width":1099,"1536x1536-height":1536,"2048x2048":"https:\/\/www.editorialjuventud.es\/wp-content\/uploads\/NARVAL-UNICORNIO-MARINO-cover-a-300.jpg","2048x2048-width":1465,"2048x2048-height":2048,"woocommerce_thumbnail":"https:\/\/www.editorialjuventud.es\/wp-content\/uploads\/NARVAL-UNICORNIO-MARINO-cover-a-300-350x489.jpg","woocommerce_thumbnail-width":350,"woocommerce_thumbnail-height":489,"woocommerce_single":"https:\/\/www.editorialjuventud.es\/wp-content\/uploads\/NARVAL-UNICORNIO-MARINO-cover-a-300-900x1258.jpg","woocommerce_single-width":900,"woocommerce_single-height":1258,"woocommerce_gallery_thumbnail":"https:\/\/www.editorialjuventud.es\/wp-content\/uploads\/NARVAL-UNICORNIO-MARINO-cover-a-300-100x100.jpg","woocommerce_gallery_thumbnail-width":100,"woocommerce_gallery_thumbnail-height":100,"ppec_logo_image_size":"https:\/\/www.editorialjuventud.es\/wp-content\/uploads\/NARVAL-UNICORNIO-MARINO-cover-a-300.jpg","ppec_logo_image_size-width":43,"ppec_logo_image_size-height":60,"ppec_header_image_size":"https:\/\/www.editorialjuventud.es\/wp-content\/uploads\/NARVAL-UNICORNIO-MARINO-cover-a-300.jpg","ppec_header_image_size-width":64,"ppec_header_image_size-height":90}},"texto_enlace_ficha_tecnica":"","enlace_ficha_tecnica":{"ID":23907,"id":23907,"title":"Narval. Unicornio marino_Ficha","filename":"Narval.-Unicornio-marino_Ficha.pdf","filesize":586788,"url":"https:\/\/www.editorialjuventud.es\/wp-content\/uploads\/Narval.-Unicornio-marino_Ficha.pdf","link":"https:\/\/www.editorialjuventud.es\/ca\/?attachment_id=23907","alt":"","author":"47","description":"","caption":"","name":"narval-unicornio-marino_ficha","status":"inherit","uploaded_to":6354,"date":"2019-04-12 06:25:05","modified":"2019-04-12 06:25:05","menu_order":0,"mime_type":"application\/pdf","type":"application","subtype":"pdf","icon":"https:\/\/www.editorialjuventud.es\/wp-includes\/images\/media\/document.png"},"ficheros":false,"titulo-fr":"","texto-fr":"","idioma-libro":"","fecha_de_reimpresion":"01\/05\/2023","deshabilitar_compra":[]},"yoast_head":"<!-- This site is optimized with the Yoast SEO plugin v27.5 - https:\/\/yoast.com\/product\/yoast-seo-wordpress\/ -->\n<title>Narval Unicornio marino - Editorial Juventud<\/title>\n<meta name=\"description\" content=\"Narval es un narval despreocupado. Medu es una medusa sensata. Puede que no tengan mucho en com\u00fan, pero a los dos les encantan los gofres, las fiestas y\" \/>\n<meta name=\"robots\" content=\"index, follow, max-snippet:-1, max-image-preview:large, max-video-preview:-1\" \/>\n<link rel=\"canonical\" href=\"https:\/\/www.editorialjuventud.es\/narval-unicornio-marino-9788426145116\/\" \/>\n<meta property=\"og:locale\" content=\"ca_ES\" \/>\n<meta property=\"og:type\" content=\"article\" \/>\n<meta property=\"og:title\" content=\"Narval Unicornio marino - Editorial Juventud\" \/>\n<meta property=\"og:description\" content=\"Narval es un narval despreocupado. Medu es una medusa sensata. Puede que no tengan mucho en com\u00fan, pero a los dos les encantan los gofres, las fiestas y\" \/>\n<meta property=\"og:url\" content=\"https:\/\/www.editorialjuventud.es\/narval-unicornio-marino-9788426145116\/\" \/>\n<meta property=\"og:site_name\" content=\"Editorial Juventud\" \/>\n<meta property=\"article:modified_time\" content=\"2026-03-25T11:25:24+00:00\" \/>\n<meta property=\"og:image\" content=\"https:\/\/www.editorialjuventud.es\/wp-content\/uploads\/4511-1.jpg\" \/>\n\t<meta property=\"og:image:width\" content=\"340\" \/>\n\t<meta property=\"og:image:height\" content=\"450\" \/>\n\t<meta property=\"og:image:type\" content=\"image\/jpeg\" \/>\n<meta name=\"twitter:card\" content=\"summary_large_image\" \/>\n<meta name=\"twitter:label1\" content=\"Temps estimat de lectura\" \/>\n\t<meta name=\"twitter:data1\" content=\"1 minut\" \/>\n<script type=\"application\/ld+json\" class=\"yoast-schema-graph\">{\"@context\":\"https:\\\/\\\/schema.org\",\"@graph\":[{\"@type\":\"WebPage\",\"@id\":\"https:\\\/\\\/www.editorialjuventud.es\\\/narval-unicornio-marino-9788426145116\\\/\",\"url\":\"https:\\\/\\\/www.editorialjuventud.es\\\/narval-unicornio-marino-9788426145116\\\/\",\"name\":\"Narval Unicornio marino - Editorial Juventud\",\"isPartOf\":{\"@id\":\"https:\\\/\\\/www.editorialjuventud.es\\\/#website\"},\"primaryImageOfPage\":{\"@id\":\"https:\\\/\\\/www.editorialjuventud.es\\\/narval-unicornio-marino-9788426145116\\\/#primaryimage\"},\"image\":{\"@id\":\"https:\\\/\\\/www.editorialjuventud.es\\\/narval-unicornio-marino-9788426145116\\\/#primaryimage\"},\"thumbnailUrl\":\"https:\\\/\\\/www.editorialjuventud.es\\\/wp-content\\\/uploads\\\/4511-1.jpg\",\"datePublished\":\"2018-08-24T10:16:33+00:00\",\"dateModified\":\"2026-03-25T11:25:24+00:00\",\"description\":\"Narval es un narval despreocupado. Medu es una medusa sensata. Puede que no tengan mucho en com\u00fan, pero a los dos les encantan los gofres, las fiestas y\",\"breadcrumb\":{\"@id\":\"https:\\\/\\\/www.editorialjuventud.es\\\/narval-unicornio-marino-9788426145116\\\/#breadcrumb\"},\"inLanguage\":\"ca\",\"potentialAction\":[{\"@type\":\"ReadAction\",\"target\":[\"https:\\\/\\\/www.editorialjuventud.es\\\/narval-unicornio-marino-9788426145116\\\/\"]}]},{\"@type\":\"ImageObject\",\"inLanguage\":\"ca\",\"@id\":\"https:\\\/\\\/www.editorialjuventud.es\\\/narval-unicornio-marino-9788426145116\\\/#primaryimage\",\"url\":\"https:\\\/\\\/www.editorialjuventud.es\\\/wp-content\\\/uploads\\\/4511-1.jpg\",\"contentUrl\":\"https:\\\/\\\/www.editorialjuventud.es\\\/wp-content\\\/uploads\\\/4511-1.jpg\",\"width\":340,\"height\":450},{\"@type\":\"BreadcrumbList\",\"@id\":\"https:\\\/\\\/www.editorialjuventud.es\\\/narval-unicornio-marino-9788426145116\\\/#breadcrumb\",\"itemListElement\":[{\"@type\":\"ListItem\",\"position\":1,\"name\":\"Portada\",\"item\":\"https:\\\/\\\/www.editorialjuventud.es\\\/\"},{\"@type\":\"ListItem\",\"position\":2,\"name\":\"cat\u00e1logo\",\"item\":\"https:\\\/\\\/www.editorialjuventud.es\\\/coleccion\\\/catalogo\\\/\"},{\"@type\":\"ListItem\",\"position\":3,\"name\":\"castellano\",\"item\":\"https:\\\/\\\/www.editorialjuventud.es\\\/coleccion\\\/castellano\\\/\"},{\"@type\":\"ListItem\",\"position\":4,\"name\":\"Juventud C\u00f3mic\",\"item\":\"https:\\\/\\\/www.editorialjuventud.es\\\/coleccion\\\/juventud-comic\\\/\"},{\"@type\":\"ListItem\",\"position\":5,\"name\":\"Libros de Narval y Medu\",\"item\":\"https:\\\/\\\/www.editorialjuventud.es\\\/coleccion\\\/libros-de-narval-y-medu\\\/\"},{\"@type\":\"ListItem\",\"position\":6,\"name\":\"Narval Unicornio marino\"}]},{\"@type\":\"WebSite\",\"@id\":\"https:\\\/\\\/www.editorialjuventud.es\\\/#website\",\"url\":\"https:\\\/\\\/www.editorialjuventud.es\\\/\",\"name\":\"Editorial Juventud\",\"description\":\"\",\"potentialAction\":[{\"@type\":\"SearchAction\",\"target\":{\"@type\":\"EntryPoint\",\"urlTemplate\":\"https:\\\/\\\/www.editorialjuventud.es\\\/?s={search_term_string}\"},\"query-input\":{\"@type\":\"PropertyValueSpecification\",\"valueRequired\":true,\"valueName\":\"search_term_string\"}}],\"inLanguage\":\"ca\"}]}<\/script>\n<!-- \/ Yoast SEO plugin. -->","yoast_head_json":{"title":"Narval Unicornio marino - Editorial Juventud","description":"Narval es un narval despreocupado. Medu es una medusa sensata. Puede que no tengan mucho en com\u00fan, pero a los dos les encantan los gofres, las fiestas y","robots":{"index":"index","follow":"follow","max-snippet":"max-snippet:-1","max-image-preview":"max-image-preview:large","max-video-preview":"max-video-preview:-1"},"canonical":"https:\/\/www.editorialjuventud.es\/narval-unicornio-marino-9788426145116\/","og_locale":"ca_ES","og_type":"article","og_title":"Narval Unicornio marino - Editorial Juventud","og_description":"Narval es un narval despreocupado. Medu es una medusa sensata. Puede que no tengan mucho en com\u00fan, pero a los dos les encantan los gofres, las fiestas y","og_url":"https:\/\/www.editorialjuventud.es\/narval-unicornio-marino-9788426145116\/","og_site_name":"Editorial Juventud","article_modified_time":"2026-03-25T11:25:24+00:00","og_image":[{"width":340,"height":450,"url":"https:\/\/www.editorialjuventud.es\/wp-content\/uploads\/4511-1.jpg","type":"image\/jpeg"}],"twitter_card":"summary_large_image","twitter_misc":{"Temps estimat de lectura":"1 minut"},"schema":{"@context":"https:\/\/schema.org","@graph":[{"@type":"WebPage","@id":"https:\/\/www.editorialjuventud.es\/narval-unicornio-marino-9788426145116\/","url":"https:\/\/www.editorialjuventud.es\/narval-unicornio-marino-9788426145116\/","name":"Narval Unicornio marino - Editorial Juventud","isPartOf":{"@id":"https:\/\/www.editorialjuventud.es\/#website"},"primaryImageOfPage":{"@id":"https:\/\/www.editorialjuventud.es\/narval-unicornio-marino-9788426145116\/#primaryimage"},"image":{"@id":"https:\/\/www.editorialjuventud.es\/narval-unicornio-marino-9788426145116\/#primaryimage"},"thumbnailUrl":"https:\/\/www.editorialjuventud.es\/wp-content\/uploads\/4511-1.jpg","datePublished":"2018-08-24T10:16:33+00:00","dateModified":"2026-03-25T11:25:24+00:00","description":"Narval es un narval despreocupado. Medu es una medusa sensata. Puede que no tengan mucho en com\u00fan, pero a los dos les encantan los gofres, las fiestas y","breadcrumb":{"@id":"https:\/\/www.editorialjuventud.es\/narval-unicornio-marino-9788426145116\/#breadcrumb"},"inLanguage":"ca","potentialAction":[{"@type":"ReadAction","target":["https:\/\/www.editorialjuventud.es\/narval-unicornio-marino-9788426145116\/"]}]},{"@type":"ImageObject","inLanguage":"ca","@id":"https:\/\/www.editorialjuventud.es\/narval-unicornio-marino-9788426145116\/#primaryimage","url":"https:\/\/www.editorialjuventud.es\/wp-content\/uploads\/4511-1.jpg","contentUrl":"https:\/\/www.editorialjuventud.es\/wp-content\/uploads\/4511-1.jpg","width":340,"height":450},{"@type":"BreadcrumbList","@id":"https:\/\/www.editorialjuventud.es\/narval-unicornio-marino-9788426145116\/#breadcrumb","itemListElement":[{"@type":"ListItem","position":1,"name":"Portada","item":"https:\/\/www.editorialjuventud.es\/"},{"@type":"ListItem","position":2,"name":"cat\u00e1logo","item":"https:\/\/www.editorialjuventud.es\/coleccion\/catalogo\/"},{"@type":"ListItem","position":3,"name":"castellano","item":"https:\/\/www.editorialjuventud.es\/coleccion\/castellano\/"},{"@type":"ListItem","position":4,"name":"Juventud C\u00f3mic","item":"https:\/\/www.editorialjuventud.es\/coleccion\/juventud-comic\/"},{"@type":"ListItem","position":5,"name":"Libros de Narval y Medu","item":"https:\/\/www.editorialjuventud.es\/coleccion\/libros-de-narval-y-medu\/"},{"@type":"ListItem","position":6,"name":"Narval Unicornio marino"}]},{"@type":"WebSite","@id":"https:\/\/www.editorialjuventud.es\/#website","url":"https:\/\/www.editorialjuventud.es\/","name":"Editorial Juventud","description":"","potentialAction":[{"@type":"SearchAction","target":{"@type":"EntryPoint","urlTemplate":"https:\/\/www.editorialjuventud.es\/?s={search_term_string}"},"query-input":{"@type":"PropertyValueSpecification","valueRequired":true,"valueName":"search_term_string"}}],"inLanguage":"ca"}]}},"_links":{"self":[{"href":"https:\/\/www.editorialjuventud.es\/ca\/wp-json\/wp\/v2\/product\/6354","targetHints":{"allow":["GET"]}}],"collection":[{"href":"https:\/\/www.editorialjuventud.es\/ca\/wp-json\/wp\/v2\/product"}],"about":[{"href":"https:\/\/www.editorialjuventud.es\/ca\/wp-json\/wp\/v2\/types\/product"}],"wp:featuredmedia":[{"embeddable":true,"href":"https:\/\/www.editorialjuventud.es\/ca\/wp-json\/wp\/v2\/media\/75912"}],"wp:attachment":[{"href":"https:\/\/www.editorialjuventud.es\/ca\/wp-json\/wp\/v2\/media?parent=6354"}],"wp:term":[{"taxonomy":"product_brand","embeddable":true,"href":"https:\/\/www.editorialjuventud.es\/ca\/wp-json\/wp\/v2\/product_brand?post=6354"},{"taxonomy":"product_cat","embeddable":true,"href":"https:\/\/www.editorialjuventud.es\/ca\/wp-json\/wp\/v2\/product_cat?post=6354"},{"taxonomy":"product_tag","embeddable":true,"href":"https:\/\/www.editorialjuventud.es\/ca\/wp-json\/wp\/v2\/product_tag?post=6354"},{"taxonomy":"coleccion","embeddable":true,"href":"https:\/\/www.editorialjuventud.es\/ca\/wp-json\/wp\/v2\/coleccion?post=6354"}],"curies":[{"name":"wp","href":"https:\/\/api.w.org\/{rel}","templated":true}]}}