{"id":6352,"date":"2018-08-24T14:16:25","date_gmt":"2018-08-24T10:16:25","guid":{"rendered":"http:\/\/www.editorialjuventud.es\/visibilidad-cero\/"},"modified":"2025-07-23T09:55:12","modified_gmt":"2025-07-23T07:55:12","slug":"visibilidad-cero-9788426145024","status":"publish","type":"product","link":"https:\/\/www.editorialjuventud.es\/ca\/visibilidad-cero-9788426145024\/","title":{"rendered":"Visibilidad cero"},"content":{"rendered":"<p>En abril de 1993 la goleta Pitcairn se hunde en aguas de Ibiza con toda su dotaci\u00f3n a bordo. Entre los tripulantes fallecidos se encuentra \u00c1lvaro Dur\u00e1n, un bi\u00f3logo marino que deja esposa y dos hijos. Han pasado m\u00e1s de veinte a\u00f1os y Marcos, el mayor de los hu\u00e9rfanos, se enfrenta ahora a una nueva tragedia: la muerte de su madre. Enferma terminal, las \u00faltimas palabras de la viuda antes de morir son desconcertantes: \u00abTu padre sigue vivo\u00bb. A partir de tan sorprendente revelaci\u00f3n, Marcos inicia un peligroso viaje existencial que cambiar\u00e1 su vida para siempre. Buscar la Pitcairn ser\u00e1 su meta; descubrir d\u00f3nde se encuentra su padre le llevar\u00e1 a cruzar el Mediterr\u00e1neo en un velero donde nada ni nadie es lo que parece. Se trata de una novela de aventuras que se desarrolla en un entorno mar\u00edtimo, aunque tambi\u00e9n aparecen ciudades como Sevilla, Melilla, Madrid, Barcelona, T\u00e1nger o Marsella. La historia narra dos viajes en barco en dos momentos temporales diferentes, que acabar\u00e1n convergiendo, uno en el a\u00f1o 1993, narrado en primera persona y a bordo de una goleta, donde parece que muriera el padre del protagonista, y otro en la actualidad, en un velero, narrado en tercera persona, desde el punto de vista de Marcos, el principal personaje de la obra.<\/p>\n","protected":false},"excerpt":{"rendered":"En abril de 1993 la goleta Pitcairn se hunde en aguas de Ibiza con toda su dotaci\u00f3n a bordo. Entre los tripulantes fallecidos se encuentra \u00c1lvaro Dur\u00e1n, un bi\u00f3logo marino que deja esposa y dos hijos. Han pasado m\u00e1s de [&hellip;]","protected":false},"featured_media":17308,"template":"","meta":{"_acf_changed":false,"_exactmetrics_skip_tracking":false,"_exactmetrics_sitenote_active":false,"_exactmetrics_sitenote_note":"","_exactmetrics_sitenote_category":0},"product_brand":[],"product_cat":[905,1120],"product_tag":[],"coleccion":[936,1088,1081],"class_list":{"0":"post-6352","1":"product","2":"type-product","3":"status-publish","4":"has-post-thumbnail","6":"product_cat-adulto","7":"product_cat-nautica","8":"coleccion-lecturas-en-torno-al-mar","9":"coleccion-narrativa-maritima-lecturas-entorno-al-mar","10":"coleccion-nostromo-la-aventura-maritima","12":"first","13":"instock","14":"taxable","15":"shipping-taxable","16":"purchasable","17":"product-type-simple"},"acf":{"autor":"De Cea, Fernando","codart":"4502","ediciones":"1","encuadernacion":"R\u00fastica","fecha_de_publicacion":"01\/03\/2018","novedad":"0","paginas":"304","subtitulo":"","texto_web_adicional":"","texto_web_novedad":"","orden":"999","portada":"0","texto_web_resaltado":"","autores-libros":[16356]},"yoast_head":"<!-- This site is optimized with the Yoast SEO plugin v27.5 - https:\/\/yoast.com\/product\/yoast-seo-wordpress\/ -->\n<title>Visibilidad cero - Editorial Juventud<\/title>\n<meta name=\"description\" content=\"En abril de 1993 la goleta Pitcairn se hunde en aguas de Ibiza con toda su dotaci\u00f3n a bordo. Entre los tripulantes fallecidos se encuentra \u00c1lvaro Dur\u00e1n,\" \/>\n<meta name=\"robots\" content=\"index, follow, max-snippet:-1, max-image-preview:large, max-video-preview:-1\" \/>\n<link rel=\"canonical\" href=\"https:\/\/www.editorialjuventud.es\/visibilidad-cero-9788426145024\/\" \/>\n<meta property=\"og:locale\" content=\"ca_ES\" \/>\n<meta property=\"og:type\" content=\"article\" \/>\n<meta property=\"og:title\" content=\"Visibilidad cero - Editorial Juventud\" \/>\n<meta property=\"og:description\" content=\"En abril de 1993 la goleta Pitcairn se hunde en aguas de Ibiza con toda su dotaci\u00f3n a bordo. Entre los tripulantes fallecidos se encuentra \u00c1lvaro Dur\u00e1n,\" \/>\n<meta property=\"og:url\" content=\"https:\/\/www.editorialjuventud.es\/visibilidad-cero-9788426145024\/\" \/>\n<meta property=\"og:site_name\" content=\"Editorial Juventud\" \/>\n<meta property=\"article:modified_time\" content=\"2025-07-23T07:55:12+00:00\" \/>\n<meta property=\"og:image\" content=\"https:\/\/www.editorialjuventud.es\/wp-content\/uploads\/4502.jpg\" \/>\n\t<meta property=\"og:image:width\" content=\"276\" \/>\n\t<meta property=\"og:image:height\" content=\"450\" \/>\n\t<meta property=\"og:image:type\" content=\"image\/jpeg\" \/>\n<meta name=\"twitter:card\" content=\"summary_large_image\" \/>\n<meta name=\"twitter:label1\" content=\"Temps estimat de lectura\" \/>\n\t<meta name=\"twitter:data1\" content=\"1 minut\" \/>\n<script type=\"application\/ld+json\" class=\"yoast-schema-graph\">{\"@context\":\"https:\\\/\\\/schema.org\",\"@graph\":[{\"@type\":\"WebPage\",\"@id\":\"https:\\\/\\\/www.editorialjuventud.es\\\/visibilidad-cero-9788426145024\\\/\",\"url\":\"https:\\\/\\\/www.editorialjuventud.es\\\/visibilidad-cero-9788426145024\\\/\",\"name\":\"Visibilidad cero - Editorial Juventud\",\"isPartOf\":{\"@id\":\"https:\\\/\\\/www.editorialjuventud.es\\\/#website\"},\"primaryImageOfPage\":{\"@id\":\"https:\\\/\\\/www.editorialjuventud.es\\\/visibilidad-cero-9788426145024\\\/#primaryimage\"},\"image\":{\"@id\":\"https:\\\/\\\/www.editorialjuventud.es\\\/visibilidad-cero-9788426145024\\\/#primaryimage\"},\"thumbnailUrl\":\"https:\\\/\\\/www.editorialjuventud.es\\\/wp-content\\\/uploads\\\/4502.jpg\",\"datePublished\":\"2018-08-24T10:16:25+00:00\",\"dateModified\":\"2025-07-23T07:55:12+00:00\",\"description\":\"En abril de 1993 la goleta Pitcairn se hunde en aguas de Ibiza con toda su dotaci\u00f3n a bordo. Entre los tripulantes fallecidos se encuentra \u00c1lvaro Dur\u00e1n,\",\"breadcrumb\":{\"@id\":\"https:\\\/\\\/www.editorialjuventud.es\\\/visibilidad-cero-9788426145024\\\/#breadcrumb\"},\"inLanguage\":\"ca\",\"potentialAction\":[{\"@type\":\"ReadAction\",\"target\":[\"https:\\\/\\\/www.editorialjuventud.es\\\/visibilidad-cero-9788426145024\\\/\"]}]},{\"@type\":\"ImageObject\",\"inLanguage\":\"ca\",\"@id\":\"https:\\\/\\\/www.editorialjuventud.es\\\/visibilidad-cero-9788426145024\\\/#primaryimage\",\"url\":\"https:\\\/\\\/www.editorialjuventud.es\\\/wp-content\\\/uploads\\\/4502.jpg\",\"contentUrl\":\"https:\\\/\\\/www.editorialjuventud.es\\\/wp-content\\\/uploads\\\/4502.jpg\",\"width\":276,\"height\":450,\"caption\":\"4502.jpg\"},{\"@type\":\"BreadcrumbList\",\"@id\":\"https:\\\/\\\/www.editorialjuventud.es\\\/visibilidad-cero-9788426145024\\\/#breadcrumb\",\"itemListElement\":[{\"@type\":\"ListItem\",\"position\":1,\"name\":\"Portada\",\"item\":\"https:\\\/\\\/www.editorialjuventud.es\\\/\"},{\"@type\":\"ListItem\",\"position\":2,\"name\":\"cat\u00e1logo\",\"item\":\"https:\\\/\\\/www.editorialjuventud.es\\\/coleccion\\\/catalogo\\\/\"},{\"@type\":\"ListItem\",\"position\":3,\"name\":\"castellano\",\"item\":\"https:\\\/\\\/www.editorialjuventud.es\\\/coleccion\\\/castellano\\\/\"},{\"@type\":\"ListItem\",\"position\":4,\"name\":\"Lecturas En torno al Mar\",\"item\":\"https:\\\/\\\/www.editorialjuventud.es\\\/coleccion\\\/lecturas-en-torno-al-mar\\\/\"},{\"@type\":\"ListItem\",\"position\":5,\"name\":\"Narrativa Mar\u00edtima\",\"item\":\"https:\\\/\\\/www.editorialjuventud.es\\\/ca\\\/coleccion\\\/narrativa-maritima-lecturas-entorno-al-mar\\\/\"},{\"@type\":\"ListItem\",\"position\":6,\"name\":\"Nostromo. La Aventura Mar\u00edtima\",\"item\":\"https:\\\/\\\/www.editorialjuventud.es\\\/ca\\\/coleccion\\\/nostromo-la-aventura-maritima\\\/\"},{\"@type\":\"ListItem\",\"position\":7,\"name\":\"Visibilidad cero\"}]},{\"@type\":\"WebSite\",\"@id\":\"https:\\\/\\\/www.editorialjuventud.es\\\/#website\",\"url\":\"https:\\\/\\\/www.editorialjuventud.es\\\/\",\"name\":\"Editorial Juventud\",\"description\":\"\",\"potentialAction\":[{\"@type\":\"SearchAction\",\"target\":{\"@type\":\"EntryPoint\",\"urlTemplate\":\"https:\\\/\\\/www.editorialjuventud.es\\\/?s={search_term_string}\"},\"query-input\":{\"@type\":\"PropertyValueSpecification\",\"valueRequired\":true,\"valueName\":\"search_term_string\"}}],\"inLanguage\":\"ca\"}]}<\/script>\n<!-- \/ Yoast SEO plugin. -->","yoast_head_json":{"title":"Visibilidad cero - Editorial Juventud","description":"En abril de 1993 la goleta Pitcairn se hunde en aguas de Ibiza con toda su dotaci\u00f3n a bordo. Entre los tripulantes fallecidos se encuentra \u00c1lvaro Dur\u00e1n,","robots":{"index":"index","follow":"follow","max-snippet":"max-snippet:-1","max-image-preview":"max-image-preview:large","max-video-preview":"max-video-preview:-1"},"canonical":"https:\/\/www.editorialjuventud.es\/visibilidad-cero-9788426145024\/","og_locale":"ca_ES","og_type":"article","og_title":"Visibilidad cero - Editorial Juventud","og_description":"En abril de 1993 la goleta Pitcairn se hunde en aguas de Ibiza con toda su dotaci\u00f3n a bordo. Entre los tripulantes fallecidos se encuentra \u00c1lvaro Dur\u00e1n,","og_url":"https:\/\/www.editorialjuventud.es\/visibilidad-cero-9788426145024\/","og_site_name":"Editorial Juventud","article_modified_time":"2025-07-23T07:55:12+00:00","og_image":[{"width":276,"height":450,"url":"https:\/\/www.editorialjuventud.es\/wp-content\/uploads\/4502.jpg","type":"image\/jpeg"}],"twitter_card":"summary_large_image","twitter_misc":{"Temps estimat de lectura":"1 minut"},"schema":{"@context":"https:\/\/schema.org","@graph":[{"@type":"WebPage","@id":"https:\/\/www.editorialjuventud.es\/visibilidad-cero-9788426145024\/","url":"https:\/\/www.editorialjuventud.es\/visibilidad-cero-9788426145024\/","name":"Visibilidad cero - Editorial Juventud","isPartOf":{"@id":"https:\/\/www.editorialjuventud.es\/#website"},"primaryImageOfPage":{"@id":"https:\/\/www.editorialjuventud.es\/visibilidad-cero-9788426145024\/#primaryimage"},"image":{"@id":"https:\/\/www.editorialjuventud.es\/visibilidad-cero-9788426145024\/#primaryimage"},"thumbnailUrl":"https:\/\/www.editorialjuventud.es\/wp-content\/uploads\/4502.jpg","datePublished":"2018-08-24T10:16:25+00:00","dateModified":"2025-07-23T07:55:12+00:00","description":"En abril de 1993 la goleta Pitcairn se hunde en aguas de Ibiza con toda su dotaci\u00f3n a bordo. Entre los tripulantes fallecidos se encuentra \u00c1lvaro Dur\u00e1n,","breadcrumb":{"@id":"https:\/\/www.editorialjuventud.es\/visibilidad-cero-9788426145024\/#breadcrumb"},"inLanguage":"ca","potentialAction":[{"@type":"ReadAction","target":["https:\/\/www.editorialjuventud.es\/visibilidad-cero-9788426145024\/"]}]},{"@type":"ImageObject","inLanguage":"ca","@id":"https:\/\/www.editorialjuventud.es\/visibilidad-cero-9788426145024\/#primaryimage","url":"https:\/\/www.editorialjuventud.es\/wp-content\/uploads\/4502.jpg","contentUrl":"https:\/\/www.editorialjuventud.es\/wp-content\/uploads\/4502.jpg","width":276,"height":450,"caption":"4502.jpg"},{"@type":"BreadcrumbList","@id":"https:\/\/www.editorialjuventud.es\/visibilidad-cero-9788426145024\/#breadcrumb","itemListElement":[{"@type":"ListItem","position":1,"name":"Portada","item":"https:\/\/www.editorialjuventud.es\/"},{"@type":"ListItem","position":2,"name":"cat\u00e1logo","item":"https:\/\/www.editorialjuventud.es\/coleccion\/catalogo\/"},{"@type":"ListItem","position":3,"name":"castellano","item":"https:\/\/www.editorialjuventud.es\/coleccion\/castellano\/"},{"@type":"ListItem","position":4,"name":"Lecturas En torno al Mar","item":"https:\/\/www.editorialjuventud.es\/coleccion\/lecturas-en-torno-al-mar\/"},{"@type":"ListItem","position":5,"name":"Narrativa Mar\u00edtima","item":"https:\/\/www.editorialjuventud.es\/ca\/coleccion\/narrativa-maritima-lecturas-entorno-al-mar\/"},{"@type":"ListItem","position":6,"name":"Nostromo. La Aventura Mar\u00edtima","item":"https:\/\/www.editorialjuventud.es\/ca\/coleccion\/nostromo-la-aventura-maritima\/"},{"@type":"ListItem","position":7,"name":"Visibilidad cero"}]},{"@type":"WebSite","@id":"https:\/\/www.editorialjuventud.es\/#website","url":"https:\/\/www.editorialjuventud.es\/","name":"Editorial Juventud","description":"","potentialAction":[{"@type":"SearchAction","target":{"@type":"EntryPoint","urlTemplate":"https:\/\/www.editorialjuventud.es\/?s={search_term_string}"},"query-input":{"@type":"PropertyValueSpecification","valueRequired":true,"valueName":"search_term_string"}}],"inLanguage":"ca"}]}},"_links":{"self":[{"href":"https:\/\/www.editorialjuventud.es\/ca\/wp-json\/wp\/v2\/product\/6352","targetHints":{"allow":["GET"]}}],"collection":[{"href":"https:\/\/www.editorialjuventud.es\/ca\/wp-json\/wp\/v2\/product"}],"about":[{"href":"https:\/\/www.editorialjuventud.es\/ca\/wp-json\/wp\/v2\/types\/product"}],"wp:featuredmedia":[{"embeddable":true,"href":"https:\/\/www.editorialjuventud.es\/ca\/wp-json\/wp\/v2\/media\/17308"}],"wp:attachment":[{"href":"https:\/\/www.editorialjuventud.es\/ca\/wp-json\/wp\/v2\/media?parent=6352"}],"wp:term":[{"taxonomy":"product_brand","embeddable":true,"href":"https:\/\/www.editorialjuventud.es\/ca\/wp-json\/wp\/v2\/product_brand?post=6352"},{"taxonomy":"product_cat","embeddable":true,"href":"https:\/\/www.editorialjuventud.es\/ca\/wp-json\/wp\/v2\/product_cat?post=6352"},{"taxonomy":"product_tag","embeddable":true,"href":"https:\/\/www.editorialjuventud.es\/ca\/wp-json\/wp\/v2\/product_tag?post=6352"},{"taxonomy":"coleccion","embeddable":true,"href":"https:\/\/www.editorialjuventud.es\/ca\/wp-json\/wp\/v2\/coleccion?post=6352"}],"curies":[{"name":"wp","href":"https:\/\/api.w.org\/{rel}","templated":true}]}}