{"id":6329,"date":"2018-08-24T14:14:39","date_gmt":"2018-08-24T10:14:39","guid":{"rendered":"http:\/\/www.editorialjuventud.es\/las-ideas-de-ada\/"},"modified":"2026-03-19T10:30:13","modified_gmt":"2026-03-19T09:30:13","slug":"las-ideas-de-ada-9788426144805","status":"publish","type":"product","link":"https:\/\/www.editorialjuventud.es\/ca\/las-ideas-de-ada-9788426144805\/","title":{"rendered":"Las ideas de Ada"},"content":{"rendered":"<p>En esta impresionante biograf\u00eda ilustrada, Fiona Robinson capta la mente creativa y el genio matem\u00e1tico de una figura poco conocida y sin embargo significativa en la historia de la inform\u00e1tica: Ada Lovelace. \u00abAda era hija del controvertido poeta Lord Byron y la matem\u00e1tica Anne Milbanke. Su imaginaci\u00f3n y su facilidad para las matem\u00e1ticas llamaron la atenci\u00f3n del inventor Charles Babbage, que estaba trabajando en los planos para una computadora extraordinaria. Solo le faltaba encontrar a alguien para programarla&#8230;\u00bb. Las ilustraciones han sido creadas con acuarelas japonesas sobre papel Arches, recortadas, unidas y pegadas en diferentes profundidades para luego fotografiar las im\u00e1genes. La delicadeza con la que han sido creadas ayuda a que este libro sea un retrato convincente de una mujer que vio el potencial de los n\u00fameros para crear arte. Ideal para los j\u00f3venes genios de la inform\u00e1tica, los inventores y los so\u00f1adores, este libro sobre la primera programadora del mundo destaca el maravilloso potencial de sumar conocimientos y una imaginaci\u00f3n ilimitada.<\/p>\n","protected":false},"excerpt":{"rendered":"En esta impresionante biograf\u00eda ilustrada, Fiona Robinson capta la mente creativa y el genio matem\u00e1tico de una figura poco conocida y sin embargo significativa en la historia de la inform\u00e1tica: Ada Lovelace. \u00abAda era hija del controvertido poeta Lord Byron [&hellip;]","protected":false},"featured_media":17298,"template":"","meta":{"_acf_changed":false,"_exactmetrics_skip_tracking":false,"_exactmetrics_sitenote_active":false,"_exactmetrics_sitenote_note":"","_exactmetrics_sitenote_category":0},"product_brand":[],"product_cat":[902,1149,1123,1195,1207],"product_tag":[],"coleccion":[987],"class_list":{"0":"post-6329","1":"product","2":"type-product","3":"status-publish","4":"has-post-thumbnail","6":"product_cat-a-partir-de-7-anos","7":"product_cat-ciencia","8":"product_cat-libros-informativos-infantil","9":"product_cat-matematicas","10":"product_cat-personajes-reales","11":"coleccion-conocer-y-comprender","13":"first","14":"instock","15":"taxable","16":"shipping-taxable","17":"purchasable","18":"product-type-simple"},"acf":{"autor":"Robinson, Fiona","codart":"4480","ediciones":"1","encuadernacion":"Carton\u00e9","fecha_de_publicacion":"01\/11\/2017","novedad":"0","paginas":"40","subtitulo":"","texto_web_adicional":"","texto_web_novedad":"","orden":"999","portada":"0","texto_web_resaltado":"","indice":"","autores-libros":[16584],"ilustradores-libros":[16584],"traductores-libros":[18265],"descripcion_corta":"","recomendamos":"","mas_vendido":"","idioma-libro":"","color":false,"formato":"","mas_informacion_del_producto":false,"premios":false,"texto_enlace_cubierta":"","enlace_cubierta":false,"texto_enlace_ficha_tecnica":"","enlace_ficha_tecnica":false,"ficheros":false,"titulo-fr":"","texto-fr":"","fecha_de_reimpresion":"","deshabilitar_compra":["deshabilitar"]},"yoast_head":"<!-- This site is optimized with the Yoast SEO plugin v27.3 - https:\/\/yoast.com\/product\/yoast-seo-wordpress\/ -->\n<title>Las ideas de Ada - Editorial Juventud<\/title>\n<meta name=\"description\" content=\"En esta impresionante biograf\u00eda ilustrada, Fiona Robinson capta la mente creativa y el genio matem\u00e1tico de una figura poco conocida y sin embargo\" \/>\n<meta name=\"robots\" content=\"index, follow, max-snippet:-1, max-image-preview:large, max-video-preview:-1\" \/>\n<link rel=\"canonical\" href=\"https:\/\/www.editorialjuventud.es\/las-ideas-de-ada-9788426144805\/\" \/>\n<meta property=\"og:locale\" content=\"ca_ES\" \/>\n<meta property=\"og:type\" content=\"article\" \/>\n<meta property=\"og:title\" content=\"Las ideas de Ada - Editorial Juventud\" \/>\n<meta property=\"og:description\" content=\"En esta impresionante biograf\u00eda ilustrada, Fiona Robinson capta la mente creativa y el genio matem\u00e1tico de una figura poco conocida y sin embargo\" \/>\n<meta property=\"og:url\" content=\"https:\/\/www.editorialjuventud.es\/las-ideas-de-ada-9788426144805\/\" \/>\n<meta property=\"og:site_name\" content=\"Editorial Juventud\" \/>\n<meta property=\"article:modified_time\" content=\"2026-03-19T09:30:13+00:00\" \/>\n<meta property=\"og:image\" content=\"https:\/\/www.editorialjuventud.es\/wp-content\/uploads\/4480.jpg\" \/>\n\t<meta property=\"og:image:width\" content=\"609\" \/>\n\t<meta property=\"og:image:height\" content=\"450\" \/>\n\t<meta property=\"og:image:type\" content=\"image\/jpeg\" \/>\n<meta name=\"twitter:card\" content=\"summary_large_image\" \/>\n<meta name=\"twitter:label1\" content=\"Temps estimat de lectura\" \/>\n\t<meta name=\"twitter:data1\" content=\"1 minut\" \/>\n<script type=\"application\/ld+json\" class=\"yoast-schema-graph\">{\"@context\":\"https:\\\/\\\/schema.org\",\"@graph\":[{\"@type\":\"WebPage\",\"@id\":\"https:\\\/\\\/www.editorialjuventud.es\\\/las-ideas-de-ada-9788426144805\\\/\",\"url\":\"https:\\\/\\\/www.editorialjuventud.es\\\/las-ideas-de-ada-9788426144805\\\/\",\"name\":\"Las ideas de Ada - Editorial Juventud\",\"isPartOf\":{\"@id\":\"https:\\\/\\\/www.editorialjuventud.es\\\/#website\"},\"primaryImageOfPage\":{\"@id\":\"https:\\\/\\\/www.editorialjuventud.es\\\/las-ideas-de-ada-9788426144805\\\/#primaryimage\"},\"image\":{\"@id\":\"https:\\\/\\\/www.editorialjuventud.es\\\/las-ideas-de-ada-9788426144805\\\/#primaryimage\"},\"thumbnailUrl\":\"https:\\\/\\\/www.editorialjuventud.es\\\/wp-content\\\/uploads\\\/4480.jpg\",\"datePublished\":\"2018-08-24T10:14:39+00:00\",\"dateModified\":\"2026-03-19T09:30:13+00:00\",\"description\":\"En esta impresionante biograf\u00eda ilustrada, Fiona Robinson capta la mente creativa y el genio matem\u00e1tico de una figura poco conocida y sin embargo\",\"breadcrumb\":{\"@id\":\"https:\\\/\\\/www.editorialjuventud.es\\\/las-ideas-de-ada-9788426144805\\\/#breadcrumb\"},\"inLanguage\":\"ca\",\"potentialAction\":[{\"@type\":\"ReadAction\",\"target\":[\"https:\\\/\\\/www.editorialjuventud.es\\\/las-ideas-de-ada-9788426144805\\\/\"]}]},{\"@type\":\"ImageObject\",\"inLanguage\":\"ca\",\"@id\":\"https:\\\/\\\/www.editorialjuventud.es\\\/las-ideas-de-ada-9788426144805\\\/#primaryimage\",\"url\":\"https:\\\/\\\/www.editorialjuventud.es\\\/wp-content\\\/uploads\\\/4480.jpg\",\"contentUrl\":\"https:\\\/\\\/www.editorialjuventud.es\\\/wp-content\\\/uploads\\\/4480.jpg\",\"width\":609,\"height\":450,\"caption\":\"4480.jpg\"},{\"@type\":\"BreadcrumbList\",\"@id\":\"https:\\\/\\\/www.editorialjuventud.es\\\/las-ideas-de-ada-9788426144805\\\/#breadcrumb\",\"itemListElement\":[{\"@type\":\"ListItem\",\"position\":1,\"name\":\"Portada\",\"item\":\"https:\\\/\\\/www.editorialjuventud.es\\\/\"},{\"@type\":\"ListItem\",\"position\":2,\"name\":\"cat\u00e1logo\",\"item\":\"https:\\\/\\\/www.editorialjuventud.es\\\/coleccion\\\/catalogo\\\/\"},{\"@type\":\"ListItem\",\"position\":3,\"name\":\"castellano\",\"item\":\"https:\\\/\\\/www.editorialjuventud.es\\\/coleccion\\\/castellano\\\/\"},{\"@type\":\"ListItem\",\"position\":4,\"name\":\"\u00c1lbumes Ilustrados\",\"item\":\"https:\\\/\\\/www.editorialjuventud.es\\\/coleccion\\\/albumes-ilustrados\\\/\"},{\"@type\":\"ListItem\",\"position\":5,\"name\":\"Conocer y Comprender\",\"item\":\"https:\\\/\\\/www.editorialjuventud.es\\\/coleccion\\\/conocer-y-comprender\\\/\"},{\"@type\":\"ListItem\",\"position\":6,\"name\":\"Las ideas de Ada\"}]},{\"@type\":\"WebSite\",\"@id\":\"https:\\\/\\\/www.editorialjuventud.es\\\/#website\",\"url\":\"https:\\\/\\\/www.editorialjuventud.es\\\/\",\"name\":\"Editorial Juventud\",\"description\":\"\",\"potentialAction\":[{\"@type\":\"SearchAction\",\"target\":{\"@type\":\"EntryPoint\",\"urlTemplate\":\"https:\\\/\\\/www.editorialjuventud.es\\\/?s={search_term_string}\"},\"query-input\":{\"@type\":\"PropertyValueSpecification\",\"valueRequired\":true,\"valueName\":\"search_term_string\"}}],\"inLanguage\":\"ca\"}]}<\/script>\n<!-- \/ Yoast SEO plugin. -->","yoast_head_json":{"title":"Las ideas de Ada - Editorial Juventud","description":"En esta impresionante biograf\u00eda ilustrada, Fiona Robinson capta la mente creativa y el genio matem\u00e1tico de una figura poco conocida y sin embargo","robots":{"index":"index","follow":"follow","max-snippet":"max-snippet:-1","max-image-preview":"max-image-preview:large","max-video-preview":"max-video-preview:-1"},"canonical":"https:\/\/www.editorialjuventud.es\/las-ideas-de-ada-9788426144805\/","og_locale":"ca_ES","og_type":"article","og_title":"Las ideas de Ada - Editorial Juventud","og_description":"En esta impresionante biograf\u00eda ilustrada, Fiona Robinson capta la mente creativa y el genio matem\u00e1tico de una figura poco conocida y sin embargo","og_url":"https:\/\/www.editorialjuventud.es\/las-ideas-de-ada-9788426144805\/","og_site_name":"Editorial Juventud","article_modified_time":"2026-03-19T09:30:13+00:00","og_image":[{"width":609,"height":450,"url":"https:\/\/www.editorialjuventud.es\/wp-content\/uploads\/4480.jpg","type":"image\/jpeg"}],"twitter_card":"summary_large_image","twitter_misc":{"Temps estimat de lectura":"1 minut"},"schema":{"@context":"https:\/\/schema.org","@graph":[{"@type":"WebPage","@id":"https:\/\/www.editorialjuventud.es\/las-ideas-de-ada-9788426144805\/","url":"https:\/\/www.editorialjuventud.es\/las-ideas-de-ada-9788426144805\/","name":"Las ideas de Ada - Editorial Juventud","isPartOf":{"@id":"https:\/\/www.editorialjuventud.es\/#website"},"primaryImageOfPage":{"@id":"https:\/\/www.editorialjuventud.es\/las-ideas-de-ada-9788426144805\/#primaryimage"},"image":{"@id":"https:\/\/www.editorialjuventud.es\/las-ideas-de-ada-9788426144805\/#primaryimage"},"thumbnailUrl":"https:\/\/www.editorialjuventud.es\/wp-content\/uploads\/4480.jpg","datePublished":"2018-08-24T10:14:39+00:00","dateModified":"2026-03-19T09:30:13+00:00","description":"En esta impresionante biograf\u00eda ilustrada, Fiona Robinson capta la mente creativa y el genio matem\u00e1tico de una figura poco conocida y sin embargo","breadcrumb":{"@id":"https:\/\/www.editorialjuventud.es\/las-ideas-de-ada-9788426144805\/#breadcrumb"},"inLanguage":"ca","potentialAction":[{"@type":"ReadAction","target":["https:\/\/www.editorialjuventud.es\/las-ideas-de-ada-9788426144805\/"]}]},{"@type":"ImageObject","inLanguage":"ca","@id":"https:\/\/www.editorialjuventud.es\/las-ideas-de-ada-9788426144805\/#primaryimage","url":"https:\/\/www.editorialjuventud.es\/wp-content\/uploads\/4480.jpg","contentUrl":"https:\/\/www.editorialjuventud.es\/wp-content\/uploads\/4480.jpg","width":609,"height":450,"caption":"4480.jpg"},{"@type":"BreadcrumbList","@id":"https:\/\/www.editorialjuventud.es\/las-ideas-de-ada-9788426144805\/#breadcrumb","itemListElement":[{"@type":"ListItem","position":1,"name":"Portada","item":"https:\/\/www.editorialjuventud.es\/"},{"@type":"ListItem","position":2,"name":"cat\u00e1logo","item":"https:\/\/www.editorialjuventud.es\/coleccion\/catalogo\/"},{"@type":"ListItem","position":3,"name":"castellano","item":"https:\/\/www.editorialjuventud.es\/coleccion\/castellano\/"},{"@type":"ListItem","position":4,"name":"\u00c1lbumes Ilustrados","item":"https:\/\/www.editorialjuventud.es\/coleccion\/albumes-ilustrados\/"},{"@type":"ListItem","position":5,"name":"Conocer y Comprender","item":"https:\/\/www.editorialjuventud.es\/coleccion\/conocer-y-comprender\/"},{"@type":"ListItem","position":6,"name":"Las ideas de Ada"}]},{"@type":"WebSite","@id":"https:\/\/www.editorialjuventud.es\/#website","url":"https:\/\/www.editorialjuventud.es\/","name":"Editorial Juventud","description":"","potentialAction":[{"@type":"SearchAction","target":{"@type":"EntryPoint","urlTemplate":"https:\/\/www.editorialjuventud.es\/?s={search_term_string}"},"query-input":{"@type":"PropertyValueSpecification","valueRequired":true,"valueName":"search_term_string"}}],"inLanguage":"ca"}]}},"_links":{"self":[{"href":"https:\/\/www.editorialjuventud.es\/ca\/wp-json\/wp\/v2\/product\/6329","targetHints":{"allow":["GET"]}}],"collection":[{"href":"https:\/\/www.editorialjuventud.es\/ca\/wp-json\/wp\/v2\/product"}],"about":[{"href":"https:\/\/www.editorialjuventud.es\/ca\/wp-json\/wp\/v2\/types\/product"}],"wp:featuredmedia":[{"embeddable":true,"href":"https:\/\/www.editorialjuventud.es\/ca\/wp-json\/wp\/v2\/media\/17298"}],"wp:attachment":[{"href":"https:\/\/www.editorialjuventud.es\/ca\/wp-json\/wp\/v2\/media?parent=6329"}],"wp:term":[{"taxonomy":"product_brand","embeddable":true,"href":"https:\/\/www.editorialjuventud.es\/ca\/wp-json\/wp\/v2\/product_brand?post=6329"},{"taxonomy":"product_cat","embeddable":true,"href":"https:\/\/www.editorialjuventud.es\/ca\/wp-json\/wp\/v2\/product_cat?post=6329"},{"taxonomy":"product_tag","embeddable":true,"href":"https:\/\/www.editorialjuventud.es\/ca\/wp-json\/wp\/v2\/product_tag?post=6329"},{"taxonomy":"coleccion","embeddable":true,"href":"https:\/\/www.editorialjuventud.es\/ca\/wp-json\/wp\/v2\/coleccion?post=6329"}],"curies":[{"name":"wp","href":"https:\/\/api.w.org\/{rel}","templated":true}]}}