{"id":6326,"date":"2018-08-24T12:14:27","date_gmt":"2018-08-24T10:14:27","guid":{"rendered":"http:\/\/www.editorialjuventud.es\/mi-primer-libro-de-fisica-cuantica\/"},"modified":"2025-04-30T12:00:56","modified_gmt":"2025-04-30T10:00:56","slug":"mi-primer-libro-de-fisica-cuantica-9788426144782","status":"publish","type":"product","link":"https:\/\/www.editorialjuventud.es\/ca\/mi-primer-libro-de-fisica-cuantica-9788426144782\/","title":{"rendered":"Mi primer libro de f\u00edsica cu\u00e1ntica"},"content":{"rendered":"<p>Todo lo que nos rodea, los \u00e1rboles, las piedras, la luz y hasta nosotros mismos, est\u00e1 compuesto por part\u00edculas muy, muy, muy peque\u00f1as. En este universo min\u00fasculo, hecho de materia y energ\u00eda, rigen unas leyes extra\u00f1as y sorprendentes. Empieza a descubrir el fascinante mundo de la F\u00edsica Cu\u00e1ntica con la ayuda del Dr. Albert. Desde Newton a Maxwell o al gato de Schr\u00f6dinger; introduciendo los \u00e1tomos, la tabla peri\u00f3dica, la antimateria o la radioactividad. Gracias a este libro estos conceptos dejar\u00e1n de ser pesadas materias que se imparten en la escuela, ya que despertar\u00e1 en los j\u00f3venes lectores la curiosidad y motivaci\u00f3n necesarias para convertirse en cient\u00edficos. Este es un primer libro perfecto para explicar estas cuestiones aparentemente complejas a ni\u00f1os a partir de 10 a\u00f1os (y sus padres), de la manera m\u00e1s f\u00e1cil y divertida posible, centr\u00e1ndose en la ense\u00f1anza de la ciencia.<\/p>\n","protected":false},"excerpt":{"rendered":"Todo lo que nos rodea, los \u00e1rboles, las piedras, la luz y hasta nosotros mismos, est\u00e1 compuesto por part\u00edculas muy, muy, muy peque\u00f1as. En este universo min\u00fasculo, hecho de materia y energ\u00eda, rigen unas leyes extra\u00f1as y sorprendentes. Empieza a [&hellip;]","protected":false},"featured_media":17294,"template":"","meta":{"_acf_changed":false,"_exactmetrics_skip_tracking":false,"_exactmetrics_sitenote_active":false,"_exactmetrics_sitenote_note":"","_exactmetrics_sitenote_category":0},"product_brand":[],"product_cat":[904,1149,1183,1123],"product_tag":[],"coleccion":[987,1319],"class_list":{"0":"post-6326","1":"product","2":"type-product","3":"status-publish","4":"has-post-thumbnail","6":"product_cat-a-partir-de-9-anos","7":"product_cat-ciencia","8":"product_cat-historia","9":"product_cat-libros-informativos-infantil","10":"coleccion-conocer-y-comprender","11":"coleccion-dr-albert-presenta-conocer-y-comprender","13":"first","14":"instock","15":"taxable","16":"shipping-taxable","17":"purchasable","18":"product-type-simple"},"acf":{"autor":"Kaid-Salah Ferr\u00f3n, Sheddad","codart":"4478","ediciones":"6","encuadernacion":"Carton\u00e9","fecha_de_publicacion":"01\/11\/2017","novedad":"0","paginas":"48","subtitulo":"","texto_web_adicional":"","texto_web_novedad":"","orden":"999","portada":"0","texto_web_resaltado":"","indice":"","autores-libros":[16442],"ilustradores-libros":[17344],"traductores-libros":"","descripcion_corta":"","recomendamos":"","mas_vendido":"","idioma-libro":"","color":false,"formato":"","mas_informacion_del_producto":false,"premios":[{"premio":"British Book Design and production Award","anyo_del_premio":"2018","pais_del_premio":""}],"texto_enlace_cubierta":"","enlace_cubierta":{"ID":21896,"id":21896,"title":"pruebas (POR CONFIRMAR) cover 3a edicion.indd","filename":"portada_fisica_cuantica.jpg","filesize":732271,"url":"https:\/\/www.editorialjuventud.es\/wp-content\/uploads\/portada_fisica_cuantica.jpg","link":"https:\/\/www.editorialjuventud.es\/ca\/?attachment_id=21896","alt":"","author":"47","description":"","caption":"","name":"pruebas-por-confirmar-cover-3a-edicion-indd-2","status":"inherit","uploaded_to":6326,"date":"2019-03-07 11:02:25","modified":"2019-03-07 11:02:25","menu_order":0,"mime_type":"image\/jpeg","type":"image","subtype":"jpeg","icon":"https:\/\/www.editorialjuventud.es\/wp-includes\/images\/media\/default.png","width":3428,"height":3425,"sizes":{"thumbnail":"https:\/\/www.editorialjuventud.es\/wp-content\/uploads\/portada_fisica_cuantica-200x200.jpg","thumbnail-width":200,"thumbnail-height":200,"medium":"https:\/\/www.editorialjuventud.es\/wp-content\/uploads\/portada_fisica_cuantica.jpg","medium-width":3428,"medium-height":3425,"medium_large":"https:\/\/www.editorialjuventud.es\/wp-content\/uploads\/portada_fisica_cuantica-768x767.jpg","medium_large-width":768,"medium_large-height":767,"large":"https:\/\/www.editorialjuventud.es\/wp-content\/uploads\/portada_fisica_cuantica.jpg","large-width":3428,"large-height":3425,"1536x1536":"https:\/\/www.editorialjuventud.es\/wp-content\/uploads\/portada_fisica_cuantica.jpg","1536x1536-width":1536,"1536x1536-height":1536,"2048x2048":"https:\/\/www.editorialjuventud.es\/wp-content\/uploads\/portada_fisica_cuantica.jpg","2048x2048-width":2048,"2048x2048-height":2046,"woocommerce_thumbnail":"https:\/\/www.editorialjuventud.es\/wp-content\/uploads\/portada_fisica_cuantica-350x350.jpg","woocommerce_thumbnail-width":350,"woocommerce_thumbnail-height":350,"woocommerce_single":"https:\/\/www.editorialjuventud.es\/wp-content\/uploads\/portada_fisica_cuantica-900x899.jpg","woocommerce_single-width":900,"woocommerce_single-height":899,"woocommerce_gallery_thumbnail":"https:\/\/www.editorialjuventud.es\/wp-content\/uploads\/portada_fisica_cuantica-100x100.jpg","woocommerce_gallery_thumbnail-width":100,"woocommerce_gallery_thumbnail-height":100,"ppec_logo_image_size":"https:\/\/www.editorialjuventud.es\/wp-content\/uploads\/portada_fisica_cuantica.jpg","ppec_logo_image_size-width":60,"ppec_logo_image_size-height":60,"ppec_header_image_size":"https:\/\/www.editorialjuventud.es\/wp-content\/uploads\/portada_fisica_cuantica.jpg","ppec_header_image_size-width":90,"ppec_header_image_size-height":90}},"texto_enlace_ficha_tecnica":"","enlace_ficha_tecnica":{"ID":21902,"id":21902,"title":"Mi_primer_libro_de_Fi\u0301sica_Cua\u0301ntica_ficha","filename":"Mi_primer_libro_de_Fi\u0301sica_Cua\u0301ntica_ficha.pdf","filesize":294485,"url":"https:\/\/www.editorialjuventud.es\/wp-content\/uploads\/Mi_primer_libro_de_Fi\u0301sica_Cua\u0301ntica_ficha.pdf","link":"https:\/\/www.editorialjuventud.es\/ca\/?attachment_id=21902","alt":"","author":"47","description":"","caption":"","name":"mi_primer_libro_de_fisica_cuantica_ficha","status":"inherit","uploaded_to":6326,"date":"2019-03-07 11:30:36","modified":"2019-03-07 11:30:36","menu_order":0,"mime_type":"application\/pdf","type":"application","subtype":"pdf","icon":"https:\/\/www.editorialjuventud.es\/wp-includes\/images\/media\/document.png"},"ficheros":false,"titulo-fr":"My First Book of Quantum Physics","texto-fr":"<p><img loading=\"lazy\" decoding=\"async\" class=\"aligncenter size-full wp-image-24710\" src=\"http:\/\/www.editorialjuventud.es\/wp-content\/uploads\/8.png\" alt=\"\" width=\"43\" height=\"43\" \/><\/p>\n<p class=\"p1\">Everything around us, trees, stones, light and even ourselves, is composed of very, very, very small particles. This tiny universe, made of energy and matter, is governed by strange and surprising laws.<\/p>\n<p class=\"p1\">Start discovering the fascinating world of quantum physics with Dr. Albert\u2019s help. This is the very first book to explain this subject to kids aged 9 (and their parents) in the easiest and funny way possible, focused on science teaching.<\/p>\n<p><span style=\"color: #008080;\"><em>\u203a RIGHTS SOLD:<br \/>\nEnglish, French, German, Italian, Dutch, Traditional and Complex Chinese, Czech, Japanese, Ukranian, Russian, Korean, Turkish, Romanian, Polish and Arabic.<\/em><\/span><\/p>\n<p><em> <span style=\"color: #008080;\">\u203a British Book Design and Production Award<\/span><\/em><\/p>\n<hr \/>\n<h2><img loading=\"lazy\" decoding=\"async\" class=\"aligncenter wp-image-24751\" src=\"http:\/\/www.editorialjuventud.es\/wp-content\/uploads\/Captura-de-pantalla-2019-04-26-a-las-9.48.02-200x191.png\" alt=\"\" width=\"145\" height=\"138\" \/><\/h2>\n<h2><\/h2>\n<h2><\/h2>\n<h2><strong>Sheddad\u00a0 Kaid-Salah Ferr\u00f3n<\/strong><\/h2>\n<p class=\"p1\">Sheddad has a Bachelor\u2019s Degree in Physics and Pharmacy and a Master in Pedagogy (UAB University), he also studied Quantum Mechanics in the Stanford University. He is working as teacher of Mathematics, Physics and Chemistry in a high school for many years and he is a member of the Astronomical Grouping of Terrassa.<\/p>\n<hr \/>\n<h2><img loading=\"lazy\" decoding=\"async\" class=\"aligncenter size-full wp-image-24763\" src=\"http:\/\/www.editorialjuventud.es\/wp-content\/uploads\/4592879.53c01dd6c2e63.jpg\" alt=\"\" width=\"138\" height=\"138\" srcset=\"https:\/\/www.editorialjuventud.es\/wp-content\/uploads\/4592879.53c01dd6c2e63.jpg 138w, https:\/\/www.editorialjuventud.es\/wp-content\/uploads\/4592879.53c01dd6c2e63-100x100.jpg 100w\" sizes=\"auto, (max-width: 138px) 100vw, 138px\" \/><\/h2>\n<p>&nbsp;<\/p>\n<h2><strong>Eduard Altarriba<\/strong><\/h2>\n<p class=\"p1\">He had been working for two decades in graphic design and illustration fields and since few years ago he works in Alababal\u00e0, his tiny independent studio. They are focused on publishing services and the creation of their own proposals aimed at children. He likes making books, games, exhibitions, animations, apps and workbooks that are practical, instructive, meaningfull and, of course, fun.<\/p>\n<hr \/>\n<h5><a href=\"http:\/\/www.editorialjuventud.es\/wp-content\/uploads\/cuantica.pdf\">\u203a\u00a0<strong>Fact Sheet<\/strong><\/a><\/h5>\n","fecha_de_reimpresion":"01\/03\/2022","deshabilitar_compra":[]},"yoast_head":"<!-- This site is optimized with the Yoast SEO plugin v27.3 - https:\/\/yoast.com\/product\/yoast-seo-wordpress\/ -->\n<title>Mi primer libro de f\u00edsica cu\u00e1ntica - Editorial Juventud<\/title>\n<meta name=\"description\" content=\"Todo lo que nos rodea, los \u00e1rboles, las piedras, la luz y hasta nosotros mismos, est\u00e1 compuesto por part\u00edculas muy, muy, muy peque\u00f1as. En este universo min\u00fasculo, hecho de materia y energ\u00eda, rigen unas leyes extra\u00f1as y sorprendentes. Empieza a descubrir el fascinante mundo de la F\u00edsica Cu\u00e1ntica.\" \/>\n<meta name=\"robots\" content=\"index, follow, max-snippet:-1, max-image-preview:large, max-video-preview:-1\" \/>\n<link rel=\"canonical\" href=\"https:\/\/www.editorialjuventud.es\/mi-primer-libro-de-fisica-cuantica-9788426144782\/\" \/>\n<meta property=\"og:locale\" content=\"ca_ES\" \/>\n<meta property=\"og:type\" content=\"article\" \/>\n<meta property=\"og:title\" content=\"Mi primer libro de f\u00edsica cu\u00e1ntica - Editorial Juventud\" \/>\n<meta property=\"og:description\" content=\"Todo lo que nos rodea, los \u00e1rboles, las piedras, la luz y hasta nosotros mismos, est\u00e1 compuesto por part\u00edculas muy, muy, muy peque\u00f1as. En este universo min\u00fasculo, hecho de materia y energ\u00eda, rigen unas leyes extra\u00f1as y sorprendentes. Empieza a descubrir el fascinante mundo de la F\u00edsica Cu\u00e1ntica.\" \/>\n<meta property=\"og:url\" content=\"https:\/\/www.editorialjuventud.es\/mi-primer-libro-de-fisica-cuantica-9788426144782\/\" \/>\n<meta property=\"og:site_name\" content=\"Editorial Juventud\" \/>\n<meta property=\"article:modified_time\" content=\"2025-04-30T10:00:56+00:00\" \/>\n<meta property=\"og:image\" content=\"https:\/\/www.editorialjuventud.es\/wp-content\/uploads\/4478.jpg\" \/>\n\t<meta property=\"og:image:width\" content=\"447\" \/>\n\t<meta property=\"og:image:height\" content=\"450\" \/>\n\t<meta property=\"og:image:type\" content=\"image\/jpeg\" \/>\n<meta name=\"twitter:card\" content=\"summary_large_image\" \/>\n<meta name=\"twitter:label1\" content=\"Temps estimat de lectura\" \/>\n\t<meta name=\"twitter:data1\" content=\"1 minut\" \/>\n<script type=\"application\/ld+json\" class=\"yoast-schema-graph\">{\"@context\":\"https:\\\/\\\/schema.org\",\"@graph\":[{\"@type\":\"WebPage\",\"@id\":\"https:\\\/\\\/www.editorialjuventud.es\\\/mi-primer-libro-de-fisica-cuantica-9788426144782\\\/\",\"url\":\"https:\\\/\\\/www.editorialjuventud.es\\\/mi-primer-libro-de-fisica-cuantica-9788426144782\\\/\",\"name\":\"Mi primer libro de f\u00edsica cu\u00e1ntica - Editorial Juventud\",\"isPartOf\":{\"@id\":\"https:\\\/\\\/www.editorialjuventud.es\\\/#website\"},\"primaryImageOfPage\":{\"@id\":\"https:\\\/\\\/www.editorialjuventud.es\\\/mi-primer-libro-de-fisica-cuantica-9788426144782\\\/#primaryimage\"},\"image\":{\"@id\":\"https:\\\/\\\/www.editorialjuventud.es\\\/mi-primer-libro-de-fisica-cuantica-9788426144782\\\/#primaryimage\"},\"thumbnailUrl\":\"https:\\\/\\\/www.editorialjuventud.es\\\/wp-content\\\/uploads\\\/4478.jpg\",\"datePublished\":\"2018-08-24T10:14:27+00:00\",\"dateModified\":\"2025-04-30T10:00:56+00:00\",\"description\":\"Todo lo que nos rodea, los \u00e1rboles, las piedras, la luz y hasta nosotros mismos, est\u00e1 compuesto por part\u00edculas muy, muy, muy peque\u00f1as. En este universo min\u00fasculo, hecho de materia y energ\u00eda, rigen unas leyes extra\u00f1as y sorprendentes. Empieza a descubrir el fascinante mundo de la F\u00edsica Cu\u00e1ntica.\",\"breadcrumb\":{\"@id\":\"https:\\\/\\\/www.editorialjuventud.es\\\/mi-primer-libro-de-fisica-cuantica-9788426144782\\\/#breadcrumb\"},\"inLanguage\":\"ca\",\"potentialAction\":[{\"@type\":\"ReadAction\",\"target\":[\"https:\\\/\\\/www.editorialjuventud.es\\\/mi-primer-libro-de-fisica-cuantica-9788426144782\\\/\"]}]},{\"@type\":\"ImageObject\",\"inLanguage\":\"ca\",\"@id\":\"https:\\\/\\\/www.editorialjuventud.es\\\/mi-primer-libro-de-fisica-cuantica-9788426144782\\\/#primaryimage\",\"url\":\"https:\\\/\\\/www.editorialjuventud.es\\\/wp-content\\\/uploads\\\/4478.jpg\",\"contentUrl\":\"https:\\\/\\\/www.editorialjuventud.es\\\/wp-content\\\/uploads\\\/4478.jpg\",\"width\":447,\"height\":450,\"caption\":\"9788426144782.jpg\"},{\"@type\":\"BreadcrumbList\",\"@id\":\"https:\\\/\\\/www.editorialjuventud.es\\\/mi-primer-libro-de-fisica-cuantica-9788426144782\\\/#breadcrumb\",\"itemListElement\":[{\"@type\":\"ListItem\",\"position\":1,\"name\":\"Portada\",\"item\":\"https:\\\/\\\/www.editorialjuventud.es\\\/\"},{\"@type\":\"ListItem\",\"position\":2,\"name\":\"cat\u00e1logo\",\"item\":\"https:\\\/\\\/www.editorialjuventud.es\\\/coleccion\\\/catalogo\\\/\"},{\"@type\":\"ListItem\",\"position\":3,\"name\":\"castellano\",\"item\":\"https:\\\/\\\/www.editorialjuventud.es\\\/coleccion\\\/castellano\\\/\"},{\"@type\":\"ListItem\",\"position\":4,\"name\":\"\u00c1lbumes Ilustrados\",\"item\":\"https:\\\/\\\/www.editorialjuventud.es\\\/coleccion\\\/albumes-ilustrados\\\/\"},{\"@type\":\"ListItem\",\"position\":5,\"name\":\"Conocer y Comprender\",\"item\":\"https:\\\/\\\/www.editorialjuventud.es\\\/coleccion\\\/conocer-y-comprender\\\/\"},{\"@type\":\"ListItem\",\"position\":6,\"name\":\"Dr. Albert presenta\",\"item\":\"https:\\\/\\\/www.editorialjuventud.es\\\/coleccion\\\/dr-albert-presenta-conocer-y-comprender\\\/\"},{\"@type\":\"ListItem\",\"position\":7,\"name\":\"Mi primer libro de f\u00edsica cu\u00e1ntica\"}]},{\"@type\":\"WebSite\",\"@id\":\"https:\\\/\\\/www.editorialjuventud.es\\\/#website\",\"url\":\"https:\\\/\\\/www.editorialjuventud.es\\\/\",\"name\":\"Editorial Juventud\",\"description\":\"\",\"potentialAction\":[{\"@type\":\"SearchAction\",\"target\":{\"@type\":\"EntryPoint\",\"urlTemplate\":\"https:\\\/\\\/www.editorialjuventud.es\\\/?s={search_term_string}\"},\"query-input\":{\"@type\":\"PropertyValueSpecification\",\"valueRequired\":true,\"valueName\":\"search_term_string\"}}],\"inLanguage\":\"ca\"}]}<\/script>\n<!-- \/ Yoast SEO plugin. -->","yoast_head_json":{"title":"Mi primer libro de f\u00edsica cu\u00e1ntica - Editorial Juventud","description":"Todo lo que nos rodea, los \u00e1rboles, las piedras, la luz y hasta nosotros mismos, est\u00e1 compuesto por part\u00edculas muy, muy, muy peque\u00f1as. En este universo min\u00fasculo, hecho de materia y energ\u00eda, rigen unas leyes extra\u00f1as y sorprendentes. Empieza a descubrir el fascinante mundo de la F\u00edsica Cu\u00e1ntica.","robots":{"index":"index","follow":"follow","max-snippet":"max-snippet:-1","max-image-preview":"max-image-preview:large","max-video-preview":"max-video-preview:-1"},"canonical":"https:\/\/www.editorialjuventud.es\/mi-primer-libro-de-fisica-cuantica-9788426144782\/","og_locale":"ca_ES","og_type":"article","og_title":"Mi primer libro de f\u00edsica cu\u00e1ntica - Editorial Juventud","og_description":"Todo lo que nos rodea, los \u00e1rboles, las piedras, la luz y hasta nosotros mismos, est\u00e1 compuesto por part\u00edculas muy, muy, muy peque\u00f1as. En este universo min\u00fasculo, hecho de materia y energ\u00eda, rigen unas leyes extra\u00f1as y sorprendentes. Empieza a descubrir el fascinante mundo de la F\u00edsica Cu\u00e1ntica.","og_url":"https:\/\/www.editorialjuventud.es\/mi-primer-libro-de-fisica-cuantica-9788426144782\/","og_site_name":"Editorial Juventud","article_modified_time":"2025-04-30T10:00:56+00:00","og_image":[{"width":447,"height":450,"url":"https:\/\/www.editorialjuventud.es\/wp-content\/uploads\/4478.jpg","type":"image\/jpeg"}],"twitter_card":"summary_large_image","twitter_misc":{"Temps estimat de lectura":"1 minut"},"schema":{"@context":"https:\/\/schema.org","@graph":[{"@type":"WebPage","@id":"https:\/\/www.editorialjuventud.es\/mi-primer-libro-de-fisica-cuantica-9788426144782\/","url":"https:\/\/www.editorialjuventud.es\/mi-primer-libro-de-fisica-cuantica-9788426144782\/","name":"Mi primer libro de f\u00edsica cu\u00e1ntica - Editorial Juventud","isPartOf":{"@id":"https:\/\/www.editorialjuventud.es\/#website"},"primaryImageOfPage":{"@id":"https:\/\/www.editorialjuventud.es\/mi-primer-libro-de-fisica-cuantica-9788426144782\/#primaryimage"},"image":{"@id":"https:\/\/www.editorialjuventud.es\/mi-primer-libro-de-fisica-cuantica-9788426144782\/#primaryimage"},"thumbnailUrl":"https:\/\/www.editorialjuventud.es\/wp-content\/uploads\/4478.jpg","datePublished":"2018-08-24T10:14:27+00:00","dateModified":"2025-04-30T10:00:56+00:00","description":"Todo lo que nos rodea, los \u00e1rboles, las piedras, la luz y hasta nosotros mismos, est\u00e1 compuesto por part\u00edculas muy, muy, muy peque\u00f1as. En este universo min\u00fasculo, hecho de materia y energ\u00eda, rigen unas leyes extra\u00f1as y sorprendentes. Empieza a descubrir el fascinante mundo de la F\u00edsica Cu\u00e1ntica.","breadcrumb":{"@id":"https:\/\/www.editorialjuventud.es\/mi-primer-libro-de-fisica-cuantica-9788426144782\/#breadcrumb"},"inLanguage":"ca","potentialAction":[{"@type":"ReadAction","target":["https:\/\/www.editorialjuventud.es\/mi-primer-libro-de-fisica-cuantica-9788426144782\/"]}]},{"@type":"ImageObject","inLanguage":"ca","@id":"https:\/\/www.editorialjuventud.es\/mi-primer-libro-de-fisica-cuantica-9788426144782\/#primaryimage","url":"https:\/\/www.editorialjuventud.es\/wp-content\/uploads\/4478.jpg","contentUrl":"https:\/\/www.editorialjuventud.es\/wp-content\/uploads\/4478.jpg","width":447,"height":450,"caption":"9788426144782.jpg"},{"@type":"BreadcrumbList","@id":"https:\/\/www.editorialjuventud.es\/mi-primer-libro-de-fisica-cuantica-9788426144782\/#breadcrumb","itemListElement":[{"@type":"ListItem","position":1,"name":"Portada","item":"https:\/\/www.editorialjuventud.es\/"},{"@type":"ListItem","position":2,"name":"cat\u00e1logo","item":"https:\/\/www.editorialjuventud.es\/coleccion\/catalogo\/"},{"@type":"ListItem","position":3,"name":"castellano","item":"https:\/\/www.editorialjuventud.es\/coleccion\/castellano\/"},{"@type":"ListItem","position":4,"name":"\u00c1lbumes Ilustrados","item":"https:\/\/www.editorialjuventud.es\/coleccion\/albumes-ilustrados\/"},{"@type":"ListItem","position":5,"name":"Conocer y Comprender","item":"https:\/\/www.editorialjuventud.es\/coleccion\/conocer-y-comprender\/"},{"@type":"ListItem","position":6,"name":"Dr. Albert presenta","item":"https:\/\/www.editorialjuventud.es\/coleccion\/dr-albert-presenta-conocer-y-comprender\/"},{"@type":"ListItem","position":7,"name":"Mi primer libro de f\u00edsica cu\u00e1ntica"}]},{"@type":"WebSite","@id":"https:\/\/www.editorialjuventud.es\/#website","url":"https:\/\/www.editorialjuventud.es\/","name":"Editorial Juventud","description":"","potentialAction":[{"@type":"SearchAction","target":{"@type":"EntryPoint","urlTemplate":"https:\/\/www.editorialjuventud.es\/?s={search_term_string}"},"query-input":{"@type":"PropertyValueSpecification","valueRequired":true,"valueName":"search_term_string"}}],"inLanguage":"ca"}]}},"_links":{"self":[{"href":"https:\/\/www.editorialjuventud.es\/ca\/wp-json\/wp\/v2\/product\/6326","targetHints":{"allow":["GET"]}}],"collection":[{"href":"https:\/\/www.editorialjuventud.es\/ca\/wp-json\/wp\/v2\/product"}],"about":[{"href":"https:\/\/www.editorialjuventud.es\/ca\/wp-json\/wp\/v2\/types\/product"}],"wp:featuredmedia":[{"embeddable":true,"href":"https:\/\/www.editorialjuventud.es\/ca\/wp-json\/wp\/v2\/media\/17294"}],"wp:attachment":[{"href":"https:\/\/www.editorialjuventud.es\/ca\/wp-json\/wp\/v2\/media?parent=6326"}],"wp:term":[{"taxonomy":"product_brand","embeddable":true,"href":"https:\/\/www.editorialjuventud.es\/ca\/wp-json\/wp\/v2\/product_brand?post=6326"},{"taxonomy":"product_cat","embeddable":true,"href":"https:\/\/www.editorialjuventud.es\/ca\/wp-json\/wp\/v2\/product_cat?post=6326"},{"taxonomy":"product_tag","embeddable":true,"href":"https:\/\/www.editorialjuventud.es\/ca\/wp-json\/wp\/v2\/product_tag?post=6326"},{"taxonomy":"coleccion","embeddable":true,"href":"https:\/\/www.editorialjuventud.es\/ca\/wp-json\/wp\/v2\/coleccion?post=6326"}],"curies":[{"name":"wp","href":"https:\/\/api.w.org\/{rel}","templated":true}]}}