{"id":63252,"date":"2022-02-23T11:26:36","date_gmt":"2022-02-23T10:26:36","guid":{"rendered":"https:\/\/www.editorialjuventud.es\/mi-primer-libro-de-electromagnetismo-9788426147431\/"},"modified":"2025-12-12T12:27:14","modified_gmt":"2025-12-12T11:27:14","slug":"mi-primer-libro-de-electromagnetismo-9788426147431","status":"publish","type":"product","link":"https:\/\/www.editorialjuventud.es\/ca\/mi-primer-libro-de-electromagnetismo-9788426147431\/","title":{"rendered":"Mi primer libro de electromagnetismo"},"content":{"rendered":"<p>\u00bfQu\u00e9 es en realidad la electricidad? \u00bfQu\u00e9 tiene que ver con los imanes? \u00bfQu\u00e9 es el magnetismo? Y lo m\u00e1s intrigante de todo: \u00bfqu\u00e9 tiene que ver con la luz?<\/p>\n<p>Hoy en d\u00eda, la electricidad y el magnetismo nos rodean. Los utilizamos para iluminar las casas y las calles, para cocinar, jugar a videojuegos, navegar por internet, escuchar m\u00fasica&#8230;, pr\u00e1cticamente para todo, y es dif\u00edcil encontrar algo que no funcione con electricidad y magnetismo. Ven y ad\u00e9ntrate en el fabuloso mundo del ELECTROMAGNETISMO.<\/p>\n<p>Dr. Albert es una colecci\u00f3n de libros perfectos para explicar cuestiones aparentemente complejas a los ni\u00f1os, a partir de 10 a\u00f1os, de la forma m\u00e1s f\u00e1cil y divertida posible, centr\u00e1ndose en la ense\u00f1anza de la ciencia.<\/p>\n","protected":false},"excerpt":{"rendered":"\u00bfQu\u00e9 es en realidad la electricidad? \u00bfQu\u00e9 tiene que ver con los imanes? \u00bfQu\u00e9 es el magnetismo? Y lo m\u00e1s intrigante de todo: \u00bfqu\u00e9 tiene que ver con la luz? Hoy en d\u00eda, la electricidad y el magnetismo nos rodean. [&hellip;]","protected":false},"featured_media":63253,"template":"","meta":{"_acf_changed":false,"_exactmetrics_skip_tracking":false,"_exactmetrics_sitenote_active":false,"_exactmetrics_sitenote_note":"","_exactmetrics_sitenote_category":0},"product_brand":[],"product_cat":[904,1121,1149,892,1115,893,1293,1128,910],"product_tag":[],"coleccion":[928,916,987,1319],"class_list":{"0":"post-63252","1":"product","2":"type-product","3":"status-publish","4":"has-post-thumbnail","6":"product_cat-a-partir-de-9-anos","7":"product_cat-albumes-ilustrados","8":"product_cat-ciencia","9":"product_cat-edades","10":"product_cat-generos","11":"product_cat-novedades","12":"product_cat-tecnologia","13":"product_cat-tematica","14":"product_cat-ultimas-novedades","15":"coleccion-albumes-ilustrados","16":"coleccion-castellano","17":"coleccion-conocer-y-comprender","18":"coleccion-dr-albert-presenta-conocer-y-comprender","20":"first","21":"instock","22":"taxable","23":"shipping-taxable","24":"purchasable","25":"product-type-simple"},"acf":{"indice":"","autor":"Kaid-Salah Ferr\u00f3n, Sheddad","codart":"4743","ediciones":"1","encuadernacion":"Carton\u00e9","fecha_de_publicacion":"01\/04\/2022","fecha_de_reimpresion":"","novedad":"0","paginas":"48","subtitulo":"","texto_web_adicional":"","autores-libros":[16442],"ilustradores-libros":[17344],"texto_web_novedad":"","orden":"999","portada":"0","texto_web_resaltado":"","traductores-libros":"","descripcion_corta":"\u00bfQu\u00e9 es en realidad la electricidad?","recomendamos":"","mas_vendido":"","idioma-libro":"","color":false,"formato":"","mas_informacion_del_producto":false,"premios":false,"deshabilitar_compra":["deshabilitar"],"texto_enlace_cubierta":"","enlace_cubierta":{"ID":63309,"id":63309,"title":"cover ELECTROMAGNETISMO (mercedes).indd","filename":"ELECTROMAGNETISMO_Cover_CAST.jpg","filesize":683294,"url":"https:\/\/www.editorialjuventud.es\/wp-content\/uploads\/ELECTROMAGNETISMO_Cover_CAST.jpg","link":"https:\/\/www.editorialjuventud.es\/ca\/?attachment_id=63309","alt":"","author":"50","description":"","caption":"","name":"cover-electromagnetismo-mercedes-indd-3","status":"inherit","uploaded_to":63252,"date":"2022-02-24 12:45:03","modified":"2022-02-24 12:45:03","menu_order":0,"mime_type":"image\/jpeg","type":"image","subtype":"jpeg","icon":"https:\/\/www.editorialjuventud.es\/wp-includes\/images\/media\/default.png","width":3422,"height":3420,"sizes":{"thumbnail":"https:\/\/www.editorialjuventud.es\/wp-content\/uploads\/ELECTROMAGNETISMO_Cover_CAST-200x200.jpg","thumbnail-width":200,"thumbnail-height":200,"medium":"https:\/\/www.editorialjuventud.es\/wp-content\/uploads\/ELECTROMAGNETISMO_Cover_CAST.jpg","medium-width":3422,"medium-height":3420,"medium_large":"https:\/\/www.editorialjuventud.es\/wp-content\/uploads\/ELECTROMAGNETISMO_Cover_CAST-768x768.jpg","medium_large-width":768,"medium_large-height":768,"large":"https:\/\/www.editorialjuventud.es\/wp-content\/uploads\/ELECTROMAGNETISMO_Cover_CAST.jpg","large-width":3422,"large-height":3420,"1536x1536":"https:\/\/www.editorialjuventud.es\/wp-content\/uploads\/ELECTROMAGNETISMO_Cover_CAST.jpg","1536x1536-width":1536,"1536x1536-height":1536,"2048x2048":"https:\/\/www.editorialjuventud.es\/wp-content\/uploads\/ELECTROMAGNETISMO_Cover_CAST.jpg","2048x2048-width":2048,"2048x2048-height":2048,"woocommerce_thumbnail":"https:\/\/www.editorialjuventud.es\/wp-content\/uploads\/ELECTROMAGNETISMO_Cover_CAST-350x350.jpg","woocommerce_thumbnail-width":350,"woocommerce_thumbnail-height":350,"woocommerce_single":"https:\/\/www.editorialjuventud.es\/wp-content\/uploads\/ELECTROMAGNETISMO_Cover_CAST-900x899.jpg","woocommerce_single-width":900,"woocommerce_single-height":899,"woocommerce_gallery_thumbnail":"https:\/\/www.editorialjuventud.es\/wp-content\/uploads\/ELECTROMAGNETISMO_Cover_CAST-100x100.jpg","woocommerce_gallery_thumbnail-width":100,"woocommerce_gallery_thumbnail-height":100,"ppec_logo_image_size":"https:\/\/www.editorialjuventud.es\/wp-content\/uploads\/ELECTROMAGNETISMO_Cover_CAST.jpg","ppec_logo_image_size-width":60,"ppec_logo_image_size-height":60,"ppec_header_image_size":"https:\/\/www.editorialjuventud.es\/wp-content\/uploads\/ELECTROMAGNETISMO_Cover_CAST.jpg","ppec_header_image_size-width":90,"ppec_header_image_size-height":90}},"texto_enlace_ficha_tecnica":"","enlace_ficha_tecnica":{"ID":64592,"id":64592,"title":"ELECTROMAGNETISMO_CAST","filename":"ELECTROMAGNETISMO_CAST.pdf","filesize":710199,"url":"https:\/\/www.editorialjuventud.es\/wp-content\/uploads\/ELECTROMAGNETISMO_CAST.pdf","link":"https:\/\/www.editorialjuventud.es\/ca\/?attachment_id=64592","alt":"","author":"50","description":"","caption":"","name":"electromagnetismo_cast","status":"inherit","uploaded_to":63252,"date":"2022-04-04 22:21:08","modified":"2022-04-04 22:21:08","menu_order":0,"mime_type":"application\/pdf","type":"application","subtype":"pdf","icon":"https:\/\/www.editorialjuventud.es\/wp-includes\/images\/media\/document.png"},"ficheros":false,"titulo-fr":"My First Book of Electromagnetism","texto-fr":"<p>Today electricity surrounds us and we use it for practically everything. In fact, it is difficult to find something that does not work with electricity. We need it to light up streets and houses, cook, cool, watch TV, play video games, surf the internet, send messages, and listen to music.<\/p>\n<p>But what is actually ELECTRICITY? What does it have to do with magnets? By the way, what is MAGNETISM? And most mysterious of all, what relation does all this have to LIGHT?<\/p>\n<p><span style=\"color: #008080;\"><em>\u203a Rights sold: Chinese (complex), German, Polish, Italian and Korean.<\/em><\/span><\/p>\n"},"yoast_head":"<!-- This site is optimized with the Yoast SEO plugin v27.3 - https:\/\/yoast.com\/product\/yoast-seo-wordpress\/ -->\n<title>Mi primer libro de electromagnetismo - Editorial Juventud<\/title>\n<meta name=\"description\" content=\"\u00bfQu\u00e9 es en realidad la electricidad? \u00bfQu\u00e9 tiene que ver con los imanes? \u00bfQu\u00e9 es el magnetismo? Y lo m\u00e1s intrigante de todo: \u00bfqu\u00e9 tiene que ver con la luz?\" \/>\n<meta name=\"robots\" content=\"index, follow, max-snippet:-1, max-image-preview:large, max-video-preview:-1\" \/>\n<link rel=\"canonical\" href=\"https:\/\/www.editorialjuventud.es\/mi-primer-libro-de-electromagnetismo-9788426147431\/\" \/>\n<meta property=\"og:locale\" content=\"ca_ES\" \/>\n<meta property=\"og:type\" content=\"article\" \/>\n<meta property=\"og:title\" content=\"Mi primer libro de electromagnetismo - Editorial Juventud\" \/>\n<meta property=\"og:description\" content=\"\u00bfQu\u00e9 es en realidad la electricidad? \u00bfQu\u00e9 tiene que ver con los imanes? \u00bfQu\u00e9 es el magnetismo? Y lo m\u00e1s intrigante de todo: \u00bfqu\u00e9 tiene que ver con la luz?\" \/>\n<meta property=\"og:url\" content=\"https:\/\/www.editorialjuventud.es\/mi-primer-libro-de-electromagnetismo-9788426147431\/\" \/>\n<meta property=\"og:site_name\" content=\"Editorial Juventud\" \/>\n<meta property=\"article:modified_time\" content=\"2025-12-12T11:27:14+00:00\" \/>\n<meta property=\"og:image\" content=\"https:\/\/www.editorialjuventud.es\/wp-content\/uploads\/9788426147431-e1682000600268.jpg\" \/>\n\t<meta property=\"og:image:width\" content=\"410\" \/>\n\t<meta property=\"og:image:height\" content=\"410\" \/>\n\t<meta property=\"og:image:type\" content=\"image\/jpeg\" \/>\n<meta name=\"twitter:card\" content=\"summary_large_image\" \/>\n<meta name=\"twitter:label1\" content=\"Temps estimat de lectura\" \/>\n\t<meta name=\"twitter:data1\" content=\"1 minut\" \/>\n<script type=\"application\/ld+json\" class=\"yoast-schema-graph\">{\"@context\":\"https:\\\/\\\/schema.org\",\"@graph\":[{\"@type\":\"WebPage\",\"@id\":\"https:\\\/\\\/www.editorialjuventud.es\\\/mi-primer-libro-de-electromagnetismo-9788426147431\\\/\",\"url\":\"https:\\\/\\\/www.editorialjuventud.es\\\/mi-primer-libro-de-electromagnetismo-9788426147431\\\/\",\"name\":\"Mi primer libro de electromagnetismo - Editorial Juventud\",\"isPartOf\":{\"@id\":\"https:\\\/\\\/www.editorialjuventud.es\\\/#website\"},\"primaryImageOfPage\":{\"@id\":\"https:\\\/\\\/www.editorialjuventud.es\\\/mi-primer-libro-de-electromagnetismo-9788426147431\\\/#primaryimage\"},\"image\":{\"@id\":\"https:\\\/\\\/www.editorialjuventud.es\\\/mi-primer-libro-de-electromagnetismo-9788426147431\\\/#primaryimage\"},\"thumbnailUrl\":\"https:\\\/\\\/www.editorialjuventud.es\\\/wp-content\\\/uploads\\\/9788426147431-e1682000600268.jpg\",\"datePublished\":\"2022-02-23T10:26:36+00:00\",\"dateModified\":\"2025-12-12T11:27:14+00:00\",\"description\":\"\u00bfQu\u00e9 es en realidad la electricidad? \u00bfQu\u00e9 tiene que ver con los imanes? \u00bfQu\u00e9 es el magnetismo? Y lo m\u00e1s intrigante de todo: \u00bfqu\u00e9 tiene que ver con la luz?\",\"breadcrumb\":{\"@id\":\"https:\\\/\\\/www.editorialjuventud.es\\\/mi-primer-libro-de-electromagnetismo-9788426147431\\\/#breadcrumb\"},\"inLanguage\":\"ca\",\"potentialAction\":[{\"@type\":\"ReadAction\",\"target\":[\"https:\\\/\\\/www.editorialjuventud.es\\\/mi-primer-libro-de-electromagnetismo-9788426147431\\\/\"]}]},{\"@type\":\"ImageObject\",\"inLanguage\":\"ca\",\"@id\":\"https:\\\/\\\/www.editorialjuventud.es\\\/mi-primer-libro-de-electromagnetismo-9788426147431\\\/#primaryimage\",\"url\":\"https:\\\/\\\/www.editorialjuventud.es\\\/wp-content\\\/uploads\\\/9788426147431-e1682000600268.jpg\",\"contentUrl\":\"https:\\\/\\\/www.editorialjuventud.es\\\/wp-content\\\/uploads\\\/9788426147431-e1682000600268.jpg\",\"width\":410,\"height\":410,\"caption\":\"9788426147431.jpg\"},{\"@type\":\"BreadcrumbList\",\"@id\":\"https:\\\/\\\/www.editorialjuventud.es\\\/mi-primer-libro-de-electromagnetismo-9788426147431\\\/#breadcrumb\",\"itemListElement\":[{\"@type\":\"ListItem\",\"position\":1,\"name\":\"Portada\",\"item\":\"https:\\\/\\\/www.editorialjuventud.es\\\/\"},{\"@type\":\"ListItem\",\"position\":2,\"name\":\"cat\u00e1logo\",\"item\":\"https:\\\/\\\/www.editorialjuventud.es\\\/coleccion\\\/catalogo\\\/\"},{\"@type\":\"ListItem\",\"position\":3,\"name\":\"castellano\",\"item\":\"https:\\\/\\\/www.editorialjuventud.es\\\/coleccion\\\/castellano\\\/\"},{\"@type\":\"ListItem\",\"position\":4,\"name\":\"\u00c1lbumes Ilustrados\",\"item\":\"https:\\\/\\\/www.editorialjuventud.es\\\/coleccion\\\/albumes-ilustrados\\\/\"},{\"@type\":\"ListItem\",\"position\":5,\"name\":\"Conocer y Comprender\",\"item\":\"https:\\\/\\\/www.editorialjuventud.es\\\/coleccion\\\/conocer-y-comprender\\\/\"},{\"@type\":\"ListItem\",\"position\":6,\"name\":\"Dr. Albert presenta\",\"item\":\"https:\\\/\\\/www.editorialjuventud.es\\\/coleccion\\\/dr-albert-presenta-conocer-y-comprender\\\/\"},{\"@type\":\"ListItem\",\"position\":7,\"name\":\"Mi primer libro de electromagnetismo\"}]},{\"@type\":\"WebSite\",\"@id\":\"https:\\\/\\\/www.editorialjuventud.es\\\/#website\",\"url\":\"https:\\\/\\\/www.editorialjuventud.es\\\/\",\"name\":\"Editorial Juventud\",\"description\":\"\",\"potentialAction\":[{\"@type\":\"SearchAction\",\"target\":{\"@type\":\"EntryPoint\",\"urlTemplate\":\"https:\\\/\\\/www.editorialjuventud.es\\\/?s={search_term_string}\"},\"query-input\":{\"@type\":\"PropertyValueSpecification\",\"valueRequired\":true,\"valueName\":\"search_term_string\"}}],\"inLanguage\":\"ca\"}]}<\/script>\n<!-- \/ Yoast SEO plugin. -->","yoast_head_json":{"title":"Mi primer libro de electromagnetismo - Editorial Juventud","description":"\u00bfQu\u00e9 es en realidad la electricidad? \u00bfQu\u00e9 tiene que ver con los imanes? \u00bfQu\u00e9 es el magnetismo? Y lo m\u00e1s intrigante de todo: \u00bfqu\u00e9 tiene que ver con la luz?","robots":{"index":"index","follow":"follow","max-snippet":"max-snippet:-1","max-image-preview":"max-image-preview:large","max-video-preview":"max-video-preview:-1"},"canonical":"https:\/\/www.editorialjuventud.es\/mi-primer-libro-de-electromagnetismo-9788426147431\/","og_locale":"ca_ES","og_type":"article","og_title":"Mi primer libro de electromagnetismo - Editorial Juventud","og_description":"\u00bfQu\u00e9 es en realidad la electricidad? \u00bfQu\u00e9 tiene que ver con los imanes? \u00bfQu\u00e9 es el magnetismo? Y lo m\u00e1s intrigante de todo: \u00bfqu\u00e9 tiene que ver con la luz?","og_url":"https:\/\/www.editorialjuventud.es\/mi-primer-libro-de-electromagnetismo-9788426147431\/","og_site_name":"Editorial Juventud","article_modified_time":"2025-12-12T11:27:14+00:00","og_image":[{"width":410,"height":410,"url":"https:\/\/www.editorialjuventud.es\/wp-content\/uploads\/9788426147431-e1682000600268.jpg","type":"image\/jpeg"}],"twitter_card":"summary_large_image","twitter_misc":{"Temps estimat de lectura":"1 minut"},"schema":{"@context":"https:\/\/schema.org","@graph":[{"@type":"WebPage","@id":"https:\/\/www.editorialjuventud.es\/mi-primer-libro-de-electromagnetismo-9788426147431\/","url":"https:\/\/www.editorialjuventud.es\/mi-primer-libro-de-electromagnetismo-9788426147431\/","name":"Mi primer libro de electromagnetismo - Editorial Juventud","isPartOf":{"@id":"https:\/\/www.editorialjuventud.es\/#website"},"primaryImageOfPage":{"@id":"https:\/\/www.editorialjuventud.es\/mi-primer-libro-de-electromagnetismo-9788426147431\/#primaryimage"},"image":{"@id":"https:\/\/www.editorialjuventud.es\/mi-primer-libro-de-electromagnetismo-9788426147431\/#primaryimage"},"thumbnailUrl":"https:\/\/www.editorialjuventud.es\/wp-content\/uploads\/9788426147431-e1682000600268.jpg","datePublished":"2022-02-23T10:26:36+00:00","dateModified":"2025-12-12T11:27:14+00:00","description":"\u00bfQu\u00e9 es en realidad la electricidad? \u00bfQu\u00e9 tiene que ver con los imanes? \u00bfQu\u00e9 es el magnetismo? Y lo m\u00e1s intrigante de todo: \u00bfqu\u00e9 tiene que ver con la luz?","breadcrumb":{"@id":"https:\/\/www.editorialjuventud.es\/mi-primer-libro-de-electromagnetismo-9788426147431\/#breadcrumb"},"inLanguage":"ca","potentialAction":[{"@type":"ReadAction","target":["https:\/\/www.editorialjuventud.es\/mi-primer-libro-de-electromagnetismo-9788426147431\/"]}]},{"@type":"ImageObject","inLanguage":"ca","@id":"https:\/\/www.editorialjuventud.es\/mi-primer-libro-de-electromagnetismo-9788426147431\/#primaryimage","url":"https:\/\/www.editorialjuventud.es\/wp-content\/uploads\/9788426147431-e1682000600268.jpg","contentUrl":"https:\/\/www.editorialjuventud.es\/wp-content\/uploads\/9788426147431-e1682000600268.jpg","width":410,"height":410,"caption":"9788426147431.jpg"},{"@type":"BreadcrumbList","@id":"https:\/\/www.editorialjuventud.es\/mi-primer-libro-de-electromagnetismo-9788426147431\/#breadcrumb","itemListElement":[{"@type":"ListItem","position":1,"name":"Portada","item":"https:\/\/www.editorialjuventud.es\/"},{"@type":"ListItem","position":2,"name":"cat\u00e1logo","item":"https:\/\/www.editorialjuventud.es\/coleccion\/catalogo\/"},{"@type":"ListItem","position":3,"name":"castellano","item":"https:\/\/www.editorialjuventud.es\/coleccion\/castellano\/"},{"@type":"ListItem","position":4,"name":"\u00c1lbumes Ilustrados","item":"https:\/\/www.editorialjuventud.es\/coleccion\/albumes-ilustrados\/"},{"@type":"ListItem","position":5,"name":"Conocer y Comprender","item":"https:\/\/www.editorialjuventud.es\/coleccion\/conocer-y-comprender\/"},{"@type":"ListItem","position":6,"name":"Dr. Albert presenta","item":"https:\/\/www.editorialjuventud.es\/coleccion\/dr-albert-presenta-conocer-y-comprender\/"},{"@type":"ListItem","position":7,"name":"Mi primer libro de electromagnetismo"}]},{"@type":"WebSite","@id":"https:\/\/www.editorialjuventud.es\/#website","url":"https:\/\/www.editorialjuventud.es\/","name":"Editorial Juventud","description":"","potentialAction":[{"@type":"SearchAction","target":{"@type":"EntryPoint","urlTemplate":"https:\/\/www.editorialjuventud.es\/?s={search_term_string}"},"query-input":{"@type":"PropertyValueSpecification","valueRequired":true,"valueName":"search_term_string"}}],"inLanguage":"ca"}]}},"_links":{"self":[{"href":"https:\/\/www.editorialjuventud.es\/ca\/wp-json\/wp\/v2\/product\/63252","targetHints":{"allow":["GET"]}}],"collection":[{"href":"https:\/\/www.editorialjuventud.es\/ca\/wp-json\/wp\/v2\/product"}],"about":[{"href":"https:\/\/www.editorialjuventud.es\/ca\/wp-json\/wp\/v2\/types\/product"}],"wp:featuredmedia":[{"embeddable":true,"href":"https:\/\/www.editorialjuventud.es\/ca\/wp-json\/wp\/v2\/media\/63253"}],"wp:attachment":[{"href":"https:\/\/www.editorialjuventud.es\/ca\/wp-json\/wp\/v2\/media?parent=63252"}],"wp:term":[{"taxonomy":"product_brand","embeddable":true,"href":"https:\/\/www.editorialjuventud.es\/ca\/wp-json\/wp\/v2\/product_brand?post=63252"},{"taxonomy":"product_cat","embeddable":true,"href":"https:\/\/www.editorialjuventud.es\/ca\/wp-json\/wp\/v2\/product_cat?post=63252"},{"taxonomy":"product_tag","embeddable":true,"href":"https:\/\/www.editorialjuventud.es\/ca\/wp-json\/wp\/v2\/product_tag?post=63252"},{"taxonomy":"coleccion","embeddable":true,"href":"https:\/\/www.editorialjuventud.es\/ca\/wp-json\/wp\/v2\/coleccion?post=63252"}],"curies":[{"name":"wp","href":"https:\/\/api.w.org\/{rel}","templated":true}]}}