{"id":6324,"date":"2018-08-24T13:14:19","date_gmt":"2018-08-24T11:14:19","guid":{"rendered":"http:\/\/www.editorialjuventud.es\/1-2-3%c2%85ya\/"},"modified":"2019-11-29T15:33:53","modified_gmt":"2019-11-29T14:33:53","slug":"123-ya-9788426144768","status":"publish","type":"product","link":"https:\/\/www.editorialjuventud.es\/ca\/123-ya-9788426144768\/","title":{"rendered":"1.2.3&#8230; \u00a1YA!"},"content":{"rendered":"<p>El puma puede dar un salto de hasta 5 metros, el equivalente a 3 veces su tama\u00f1o. El avestruz africano puede correr en esprint a 70 km\/h. El pulpo puede contorsionarse y meterse en un agujero de 8 cent\u00edmetros. Salto de altura, carrera de fondo, gimnasia, escalada, halterofilia&#8230; \u00a1hay tantas pruebas deportivas en las que los animales sobresalen! Perfectamente equipados y entrenados para correr, nadar, saltar, volar o bucear, algunos incluso pueden batir r\u00e9cords gracias a sus extraordinarias aptitudes f\u00edsicas. Estos atletas de alto nivel, de or\u00edgenes muy diversos, van a competir aqu\u00ed, cada uno en su disciplina deportiva. \u00a1Paso a los campeones!<\/p>\n","protected":false},"excerpt":{"rendered":"El puma puede dar un salto de hasta 5 metros, el equivalente a 3 veces su tama\u00f1o. El avestruz africano puede correr en esprint a 70 km\/h. El pulpo puede contorsionarse y meterse en un agujero de 8 cent\u00edmetros. Salto [&hellip;]","protected":false},"featured_media":17292,"template":"","meta":{"_acf_changed":false,"_exactmetrics_skip_tracking":false,"_exactmetrics_sitenote_active":false,"_exactmetrics_sitenote_note":"","_exactmetrics_sitenote_category":0},"product_brand":[],"product_cat":[900,1138,892,1115,1123,1128],"product_tag":[],"coleccion":[928,916,987],"class_list":{"0":"post-6324","1":"product","2":"type-product","3":"status-publish","4":"has-post-thumbnail","6":"product_cat-a-partir-de-5-anos","7":"product_cat-animales","8":"product_cat-edades","9":"product_cat-generos","10":"product_cat-libros-informativos-infantil","11":"product_cat-tematica","12":"coleccion-albumes-ilustrados","13":"coleccion-castellano","14":"coleccion-conocer-y-comprender","16":"first","17":"instock","18":"taxable","19":"shipping-taxable","20":"purchasable","21":"product-type-simple"},"acf":{"autor":"H\u00e9delin, Pascale","codart":"4476","ediciones":"1","encuadernacion":"Carton\u00e9","fecha_de_publicacion":"01\/10\/2017","novedad":"0","paginas":"48","subtitulo":"","texto_web_adicional":"","texto_web_novedad":"","orden":"999","portada":"0","texto_web_resaltado":"","indice":"","autores-libros":[16400],"ilustradores-libros":[17522],"traductores-libros":"","descripcion_corta":"","recomendamos":"","mas_vendido":"","idioma-libro":"","color":false,"formato":"","mas_informacion_del_producto":false,"premios":false,"texto_enlace_cubierta":"","enlace_cubierta":false,"texto_enlace_ficha_tecnica":"","enlace_ficha_tecnica":{"ID":26055,"id":26055,"title":"1 2 3 YA ficha","filename":"1-2-3-YA-ficha.pdf","filesize":210076,"url":"https:\/\/www.editorialjuventud.es\/wp-content\/uploads\/1-2-3-YA-ficha.pdf","link":"https:\/\/www.editorialjuventud.es\/ca\/?attachment_id=26055","alt":"","author":"47","description":"","caption":"","name":"1-2-3-ya-ficha","status":"inherit","uploaded_to":6324,"date":"2019-05-23 11:43:09","modified":"2019-05-23 11:43:09","menu_order":0,"mime_type":"application\/pdf","type":"application","subtype":"pdf","icon":"https:\/\/www.editorialjuventud.es\/wp-includes\/images\/media\/document.png"},"ficheros":false,"titulo-fr":"","texto-fr":""},"yoast_head":"<!-- This site is optimized with the Yoast SEO plugin v27.3 - https:\/\/yoast.com\/product\/yoast-seo-wordpress\/ -->\n<title>1.2.3... \u00a1YA! - Editorial Juventud<\/title>\n<meta name=\"description\" content=\"El puma puede dar un salto de hasta 5 metros, el equivalente a 3 veces su tama\u00f1o. El avestruz africano puede correr en esprint a 70 km\/h. El pulpo puede\" \/>\n<meta name=\"robots\" content=\"index, follow, max-snippet:-1, max-image-preview:large, max-video-preview:-1\" \/>\n<link rel=\"canonical\" href=\"https:\/\/www.editorialjuventud.es\/123-ya-9788426144768\/\" \/>\n<meta property=\"og:locale\" content=\"ca_ES\" \/>\n<meta property=\"og:type\" content=\"article\" \/>\n<meta property=\"og:title\" content=\"1.2.3... \u00a1YA! - Editorial Juventud\" \/>\n<meta property=\"og:description\" content=\"El puma puede dar un salto de hasta 5 metros, el equivalente a 3 veces su tama\u00f1o. El avestruz africano puede correr en esprint a 70 km\/h. El pulpo puede\" \/>\n<meta property=\"og:url\" content=\"https:\/\/www.editorialjuventud.es\/123-ya-9788426144768\/\" \/>\n<meta property=\"og:site_name\" content=\"Editorial Juventud\" \/>\n<meta property=\"article:modified_time\" content=\"2019-11-29T14:33:53+00:00\" \/>\n<meta property=\"og:image\" content=\"https:\/\/www.editorialjuventud.es\/wp-content\/uploads\/4476.jpg\" \/>\n\t<meta property=\"og:image:width\" content=\"269\" \/>\n\t<meta property=\"og:image:height\" content=\"450\" \/>\n\t<meta property=\"og:image:type\" content=\"image\/jpeg\" \/>\n<meta name=\"twitter:card\" content=\"summary_large_image\" \/>\n<meta name=\"twitter:label1\" content=\"Temps estimat de lectura\" \/>\n\t<meta name=\"twitter:data1\" content=\"1 minut\" \/>\n<script type=\"application\/ld+json\" class=\"yoast-schema-graph\">{\"@context\":\"https:\\\/\\\/schema.org\",\"@graph\":[{\"@type\":\"WebPage\",\"@id\":\"https:\\\/\\\/www.editorialjuventud.es\\\/123-ya-9788426144768\\\/\",\"url\":\"https:\\\/\\\/www.editorialjuventud.es\\\/123-ya-9788426144768\\\/\",\"name\":\"1.2.3... \u00a1YA! - Editorial Juventud\",\"isPartOf\":{\"@id\":\"https:\\\/\\\/www.editorialjuventud.es\\\/#website\"},\"primaryImageOfPage\":{\"@id\":\"https:\\\/\\\/www.editorialjuventud.es\\\/123-ya-9788426144768\\\/#primaryimage\"},\"image\":{\"@id\":\"https:\\\/\\\/www.editorialjuventud.es\\\/123-ya-9788426144768\\\/#primaryimage\"},\"thumbnailUrl\":\"https:\\\/\\\/www.editorialjuventud.es\\\/wp-content\\\/uploads\\\/4476.jpg\",\"datePublished\":\"2018-08-24T11:14:19+00:00\",\"dateModified\":\"2019-11-29T14:33:53+00:00\",\"description\":\"El puma puede dar un salto de hasta 5 metros, el equivalente a 3 veces su tama\u00f1o. El avestruz africano puede correr en esprint a 70 km\\\/h. El pulpo puede\",\"breadcrumb\":{\"@id\":\"https:\\\/\\\/www.editorialjuventud.es\\\/123-ya-9788426144768\\\/#breadcrumb\"},\"inLanguage\":\"ca\",\"potentialAction\":[{\"@type\":\"ReadAction\",\"target\":[\"https:\\\/\\\/www.editorialjuventud.es\\\/123-ya-9788426144768\\\/\"]}]},{\"@type\":\"ImageObject\",\"inLanguage\":\"ca\",\"@id\":\"https:\\\/\\\/www.editorialjuventud.es\\\/123-ya-9788426144768\\\/#primaryimage\",\"url\":\"https:\\\/\\\/www.editorialjuventud.es\\\/wp-content\\\/uploads\\\/4476.jpg\",\"contentUrl\":\"https:\\\/\\\/www.editorialjuventud.es\\\/wp-content\\\/uploads\\\/4476.jpg\",\"width\":269,\"height\":450,\"caption\":\"4476.jpg\"},{\"@type\":\"BreadcrumbList\",\"@id\":\"https:\\\/\\\/www.editorialjuventud.es\\\/123-ya-9788426144768\\\/#breadcrumb\",\"itemListElement\":[{\"@type\":\"ListItem\",\"position\":1,\"name\":\"Portada\",\"item\":\"https:\\\/\\\/www.editorialjuventud.es\\\/\"},{\"@type\":\"ListItem\",\"position\":2,\"name\":\"cat\u00e1logo\",\"item\":\"https:\\\/\\\/www.editorialjuventud.es\\\/coleccion\\\/catalogo\\\/\"},{\"@type\":\"ListItem\",\"position\":3,\"name\":\"castellano\",\"item\":\"https:\\\/\\\/www.editorialjuventud.es\\\/coleccion\\\/castellano\\\/\"},{\"@type\":\"ListItem\",\"position\":4,\"name\":\"\u00c1lbumes Ilustrados\",\"item\":\"https:\\\/\\\/www.editorialjuventud.es\\\/coleccion\\\/albumes-ilustrados\\\/\"},{\"@type\":\"ListItem\",\"position\":5,\"name\":\"Conocer y Comprender\",\"item\":\"https:\\\/\\\/www.editorialjuventud.es\\\/coleccion\\\/conocer-y-comprender\\\/\"},{\"@type\":\"ListItem\",\"position\":6,\"name\":\"1.2.3&#8230; \u00a1YA!\"}]},{\"@type\":\"WebSite\",\"@id\":\"https:\\\/\\\/www.editorialjuventud.es\\\/#website\",\"url\":\"https:\\\/\\\/www.editorialjuventud.es\\\/\",\"name\":\"Editorial Juventud\",\"description\":\"\",\"potentialAction\":[{\"@type\":\"SearchAction\",\"target\":{\"@type\":\"EntryPoint\",\"urlTemplate\":\"https:\\\/\\\/www.editorialjuventud.es\\\/?s={search_term_string}\"},\"query-input\":{\"@type\":\"PropertyValueSpecification\",\"valueRequired\":true,\"valueName\":\"search_term_string\"}}],\"inLanguage\":\"ca\"}]}<\/script>\n<!-- \/ Yoast SEO plugin. -->","yoast_head_json":{"title":"1.2.3... \u00a1YA! - Editorial Juventud","description":"El puma puede dar un salto de hasta 5 metros, el equivalente a 3 veces su tama\u00f1o. El avestruz africano puede correr en esprint a 70 km\/h. El pulpo puede","robots":{"index":"index","follow":"follow","max-snippet":"max-snippet:-1","max-image-preview":"max-image-preview:large","max-video-preview":"max-video-preview:-1"},"canonical":"https:\/\/www.editorialjuventud.es\/123-ya-9788426144768\/","og_locale":"ca_ES","og_type":"article","og_title":"1.2.3... \u00a1YA! - Editorial Juventud","og_description":"El puma puede dar un salto de hasta 5 metros, el equivalente a 3 veces su tama\u00f1o. El avestruz africano puede correr en esprint a 70 km\/h. El pulpo puede","og_url":"https:\/\/www.editorialjuventud.es\/123-ya-9788426144768\/","og_site_name":"Editorial Juventud","article_modified_time":"2019-11-29T14:33:53+00:00","og_image":[{"width":269,"height":450,"url":"https:\/\/www.editorialjuventud.es\/wp-content\/uploads\/4476.jpg","type":"image\/jpeg"}],"twitter_card":"summary_large_image","twitter_misc":{"Temps estimat de lectura":"1 minut"},"schema":{"@context":"https:\/\/schema.org","@graph":[{"@type":"WebPage","@id":"https:\/\/www.editorialjuventud.es\/123-ya-9788426144768\/","url":"https:\/\/www.editorialjuventud.es\/123-ya-9788426144768\/","name":"1.2.3... \u00a1YA! - Editorial Juventud","isPartOf":{"@id":"https:\/\/www.editorialjuventud.es\/#website"},"primaryImageOfPage":{"@id":"https:\/\/www.editorialjuventud.es\/123-ya-9788426144768\/#primaryimage"},"image":{"@id":"https:\/\/www.editorialjuventud.es\/123-ya-9788426144768\/#primaryimage"},"thumbnailUrl":"https:\/\/www.editorialjuventud.es\/wp-content\/uploads\/4476.jpg","datePublished":"2018-08-24T11:14:19+00:00","dateModified":"2019-11-29T14:33:53+00:00","description":"El puma puede dar un salto de hasta 5 metros, el equivalente a 3 veces su tama\u00f1o. El avestruz africano puede correr en esprint a 70 km\/h. El pulpo puede","breadcrumb":{"@id":"https:\/\/www.editorialjuventud.es\/123-ya-9788426144768\/#breadcrumb"},"inLanguage":"ca","potentialAction":[{"@type":"ReadAction","target":["https:\/\/www.editorialjuventud.es\/123-ya-9788426144768\/"]}]},{"@type":"ImageObject","inLanguage":"ca","@id":"https:\/\/www.editorialjuventud.es\/123-ya-9788426144768\/#primaryimage","url":"https:\/\/www.editorialjuventud.es\/wp-content\/uploads\/4476.jpg","contentUrl":"https:\/\/www.editorialjuventud.es\/wp-content\/uploads\/4476.jpg","width":269,"height":450,"caption":"4476.jpg"},{"@type":"BreadcrumbList","@id":"https:\/\/www.editorialjuventud.es\/123-ya-9788426144768\/#breadcrumb","itemListElement":[{"@type":"ListItem","position":1,"name":"Portada","item":"https:\/\/www.editorialjuventud.es\/"},{"@type":"ListItem","position":2,"name":"cat\u00e1logo","item":"https:\/\/www.editorialjuventud.es\/coleccion\/catalogo\/"},{"@type":"ListItem","position":3,"name":"castellano","item":"https:\/\/www.editorialjuventud.es\/coleccion\/castellano\/"},{"@type":"ListItem","position":4,"name":"\u00c1lbumes Ilustrados","item":"https:\/\/www.editorialjuventud.es\/coleccion\/albumes-ilustrados\/"},{"@type":"ListItem","position":5,"name":"Conocer y Comprender","item":"https:\/\/www.editorialjuventud.es\/coleccion\/conocer-y-comprender\/"},{"@type":"ListItem","position":6,"name":"1.2.3&#8230; \u00a1YA!"}]},{"@type":"WebSite","@id":"https:\/\/www.editorialjuventud.es\/#website","url":"https:\/\/www.editorialjuventud.es\/","name":"Editorial Juventud","description":"","potentialAction":[{"@type":"SearchAction","target":{"@type":"EntryPoint","urlTemplate":"https:\/\/www.editorialjuventud.es\/?s={search_term_string}"},"query-input":{"@type":"PropertyValueSpecification","valueRequired":true,"valueName":"search_term_string"}}],"inLanguage":"ca"}]}},"_links":{"self":[{"href":"https:\/\/www.editorialjuventud.es\/ca\/wp-json\/wp\/v2\/product\/6324","targetHints":{"allow":["GET"]}}],"collection":[{"href":"https:\/\/www.editorialjuventud.es\/ca\/wp-json\/wp\/v2\/product"}],"about":[{"href":"https:\/\/www.editorialjuventud.es\/ca\/wp-json\/wp\/v2\/types\/product"}],"wp:featuredmedia":[{"embeddable":true,"href":"https:\/\/www.editorialjuventud.es\/ca\/wp-json\/wp\/v2\/media\/17292"}],"wp:attachment":[{"href":"https:\/\/www.editorialjuventud.es\/ca\/wp-json\/wp\/v2\/media?parent=6324"}],"wp:term":[{"taxonomy":"product_brand","embeddable":true,"href":"https:\/\/www.editorialjuventud.es\/ca\/wp-json\/wp\/v2\/product_brand?post=6324"},{"taxonomy":"product_cat","embeddable":true,"href":"https:\/\/www.editorialjuventud.es\/ca\/wp-json\/wp\/v2\/product_cat?post=6324"},{"taxonomy":"product_tag","embeddable":true,"href":"https:\/\/www.editorialjuventud.es\/ca\/wp-json\/wp\/v2\/product_tag?post=6324"},{"taxonomy":"coleccion","embeddable":true,"href":"https:\/\/www.editorialjuventud.es\/ca\/wp-json\/wp\/v2\/coleccion?post=6324"}],"curies":[{"name":"wp","href":"https:\/\/api.w.org\/{rel}","templated":true}]}}