{"id":6323,"date":"2018-08-24T12:14:15","date_gmt":"2018-08-24T10:14:15","guid":{"rendered":"http:\/\/www.editorialjuventud.es\/la-guineu-i-laviador\/"},"modified":"2025-01-22T13:00:15","modified_gmt":"2025-01-22T12:00:15","slug":"la-guineu-i-laviador-9788426144751","status":"publish","type":"product","link":"https:\/\/www.editorialjuventud.es\/ca\/la-guineu-i-laviador-9788426144751\/","title":{"rendered":"La guineu i l&#8217;aviador"},"content":{"rendered":"<p>Inspirada lliurement en Saint-Exup\u00e9ry, aquesta hist\u00f2ria relata la trobada entre l\u2019home i l\u2019animal. Antoine, un aviador, irromp en el salvatge univers de la guineu a causa d\u2019un accident aeri al mig del bosc. Durant l\u2019accident la guineu queda ferida, per\u00f2 gr\u00e0cies a la paci\u00e8ncia de l\u2019home i al seu respecte per l\u2019animal, Antoine aconsegueix curar-lo i s\u2019estableix un fort vincle entre tots dos. Sense voler-ho, Antoine embarca a la guineu en la seva m\u00e0quina voladora per descobrir el m\u00f3n dels homes. Tot i ser un m\u00f3n totalment estrany per a ella, la guineu t\u00e9 plena confian\u00e7a en tot all\u00f2 que li mostra el seu nou amic. Fins i tot en el violent clima de l\u2019aer\u00f2drom (Antoine \u00e9s pilot de guerra), l\u2019animal no abandona els seus somnis, i quan el seu amic no torna del seu \u00faltim vol no perd l\u2019esperan\u00e7a de trobar-lo. Les il\u00b7lustracions d\u2019Anna Forlati encaixen a la perfecci\u00f3 amb el text de Luca Tortolini en aquesta oda a la fortalesa del cor, el coratge i la confian\u00e7a.<\/p>\n","protected":false},"excerpt":{"rendered":"Inspirada lliurement en Saint-Exup\u00e9ry, aquesta hist\u00f2ria relata la trobada entre l\u2019home i l\u2019animal. Antoine, un aviador, irromp en el salvatge univers de la guineu a causa d\u2019un accident aeri al mig del bosc. Durant l\u2019accident la guineu queda ferida, per\u00f2 [&hellip;]","protected":false},"featured_media":17290,"template":"","meta":{"_acf_changed":false,"_exactmetrics_skip_tracking":false,"_exactmetrics_sitenote_active":false,"_exactmetrics_sitenote_note":"","_exactmetrics_sitenote_category":0},"product_brand":[],"product_cat":[902,1121,1201,1128],"product_tag":[],"coleccion":[952],"class_list":{"0":"post-6323","1":"product","2":"type-product","3":"status-publish","4":"has-post-thumbnail","6":"product_cat-a-partir-de-7-anos","7":"product_cat-albumes-ilustrados","8":"product_cat-naturaleza-biodiversidad","9":"product_cat-tematica","10":"coleccion-ja-llegeixo-sol","12":"first","13":"instock","14":"taxable","15":"shipping-taxable","16":"purchasable","17":"product-type-simple"},"acf":{"autor":"Tortolini - Forlati","codart":"4475","ediciones":"1","encuadernacion":"Carton\u00e9","fecha_de_publicacion":"01\/10\/2017","novedad":"0","paginas":"44","subtitulo":"","texto_web_adicional":"","texto_web_novedad":"","orden":"999","portada":"0","texto_web_resaltado":"","indice":"","autores-libros":[16649],"ilustradores-libros":[17673],"traductores-libros":[17933],"descripcion_corta":"","recomendamos":"","mas_vendido":"","idioma-libro":"","color":false,"formato":"","mas_informacion_del_producto":false,"premios":false,"texto_enlace_cubierta":"","enlace_cubierta":false,"texto_enlace_ficha_tecnica":"","enlace_ficha_tecnica":{"ID":25925,"id":25925,"title":"La guineu i l'aviador Fitxa CAT","filename":"La-guineu-i-laviador-Fitxa-CAT.pdf","filesize":278356,"url":"https:\/\/www.editorialjuventud.es\/wp-content\/uploads\/La-guineu-i-laviador-Fitxa-CAT.pdf","link":"https:\/\/www.editorialjuventud.es\/ca\/?attachment_id=25925","alt":"","author":"47","description":"","caption":"","name":"la-guineu-i-laviador-fitxa-cat","status":"inherit","uploaded_to":6323,"date":"2019-05-22 08:14:22","modified":"2019-05-22 08:14:22","menu_order":0,"mime_type":"application\/pdf","type":"application","subtype":"pdf","icon":"https:\/\/www.editorialjuventud.es\/wp-includes\/images\/media\/document.png"},"ficheros":false,"titulo-fr":"","texto-fr":""},"yoast_head":"<!-- This site is optimized with the Yoast SEO plugin v27.5 - https:\/\/yoast.com\/product\/yoast-seo-wordpress\/ -->\n<title>La guineu i l&#039;aviador - Editorial Juventud<\/title>\n<meta name=\"description\" content=\"Inspirada lliurement en Saint-Exup\u00e9ry, aquesta hist\u00f2ria relata la trobada entre l\u2019home i l\u2019animal. Antoine, un aviador, irromp en el salvatge univers de\" \/>\n<meta name=\"robots\" content=\"index, follow, max-snippet:-1, max-image-preview:large, max-video-preview:-1\" \/>\n<link rel=\"canonical\" href=\"https:\/\/www.editorialjuventud.es\/la-guineu-i-laviador-9788426144751\/\" \/>\n<meta property=\"og:locale\" content=\"ca_ES\" \/>\n<meta property=\"og:type\" content=\"article\" \/>\n<meta property=\"og:title\" content=\"La guineu i l&#039;aviador - Editorial Juventud\" \/>\n<meta property=\"og:description\" content=\"Inspirada lliurement en Saint-Exup\u00e9ry, aquesta hist\u00f2ria relata la trobada entre l\u2019home i l\u2019animal. Antoine, un aviador, irromp en el salvatge univers de\" \/>\n<meta property=\"og:url\" content=\"https:\/\/www.editorialjuventud.es\/la-guineu-i-laviador-9788426144751\/\" \/>\n<meta property=\"og:site_name\" content=\"Editorial Juventud\" \/>\n<meta property=\"article:modified_time\" content=\"2025-01-22T12:00:15+00:00\" \/>\n<meta property=\"og:image\" content=\"https:\/\/www.editorialjuventud.es\/wp-content\/uploads\/4475.jpg\" \/>\n\t<meta property=\"og:image:width\" content=\"331\" \/>\n\t<meta property=\"og:image:height\" content=\"450\" \/>\n\t<meta property=\"og:image:type\" content=\"image\/jpeg\" \/>\n<meta name=\"twitter:card\" content=\"summary_large_image\" \/>\n<meta name=\"twitter:label1\" content=\"Temps estimat de lectura\" \/>\n\t<meta name=\"twitter:data1\" content=\"1 minut\" \/>\n<script type=\"application\/ld+json\" class=\"yoast-schema-graph\">{\"@context\":\"https:\\\/\\\/schema.org\",\"@graph\":[{\"@type\":\"WebPage\",\"@id\":\"https:\\\/\\\/www.editorialjuventud.es\\\/la-guineu-i-laviador-9788426144751\\\/\",\"url\":\"https:\\\/\\\/www.editorialjuventud.es\\\/la-guineu-i-laviador-9788426144751\\\/\",\"name\":\"La guineu i l'aviador - Editorial Juventud\",\"isPartOf\":{\"@id\":\"https:\\\/\\\/www.editorialjuventud.es\\\/#website\"},\"primaryImageOfPage\":{\"@id\":\"https:\\\/\\\/www.editorialjuventud.es\\\/la-guineu-i-laviador-9788426144751\\\/#primaryimage\"},\"image\":{\"@id\":\"https:\\\/\\\/www.editorialjuventud.es\\\/la-guineu-i-laviador-9788426144751\\\/#primaryimage\"},\"thumbnailUrl\":\"https:\\\/\\\/www.editorialjuventud.es\\\/wp-content\\\/uploads\\\/4475.jpg\",\"datePublished\":\"2018-08-24T10:14:15+00:00\",\"dateModified\":\"2025-01-22T12:00:15+00:00\",\"description\":\"Inspirada lliurement en Saint-Exup\u00e9ry, aquesta hist\u00f2ria relata la trobada entre l\u2019home i l\u2019animal. Antoine, un aviador, irromp en el salvatge univers de\",\"breadcrumb\":{\"@id\":\"https:\\\/\\\/www.editorialjuventud.es\\\/la-guineu-i-laviador-9788426144751\\\/#breadcrumb\"},\"inLanguage\":\"ca\",\"potentialAction\":[{\"@type\":\"ReadAction\",\"target\":[\"https:\\\/\\\/www.editorialjuventud.es\\\/la-guineu-i-laviador-9788426144751\\\/\"]}]},{\"@type\":\"ImageObject\",\"inLanguage\":\"ca\",\"@id\":\"https:\\\/\\\/www.editorialjuventud.es\\\/la-guineu-i-laviador-9788426144751\\\/#primaryimage\",\"url\":\"https:\\\/\\\/www.editorialjuventud.es\\\/wp-content\\\/uploads\\\/4475.jpg\",\"contentUrl\":\"https:\\\/\\\/www.editorialjuventud.es\\\/wp-content\\\/uploads\\\/4475.jpg\",\"width\":331,\"height\":450,\"caption\":\"4475.jpg\"},{\"@type\":\"BreadcrumbList\",\"@id\":\"https:\\\/\\\/www.editorialjuventud.es\\\/la-guineu-i-laviador-9788426144751\\\/#breadcrumb\",\"itemListElement\":[{\"@type\":\"ListItem\",\"position\":1,\"name\":\"Portada\",\"item\":\"https:\\\/\\\/www.editorialjuventud.es\\\/\"},{\"@type\":\"ListItem\",\"position\":2,\"name\":\"cat\u00e1logo\",\"item\":\"https:\\\/\\\/www.editorialjuventud.es\\\/coleccion\\\/catalogo\\\/\"},{\"@type\":\"ListItem\",\"position\":3,\"name\":\"catal\u00e0\",\"item\":\"https:\\\/\\\/www.editorialjuventud.es\\\/coleccion\\\/catala\\\/\"},{\"@type\":\"ListItem\",\"position\":4,\"name\":\"\u00c0lbums Il\u00b7lustrats\",\"item\":\"https:\\\/\\\/www.editorialjuventud.es\\\/coleccion\\\/albums-il%c2%b7lustrats\\\/\"},{\"@type\":\"ListItem\",\"position\":5,\"name\":\"Ja Llegeixo Sol!\",\"item\":\"https:\\\/\\\/www.editorialjuventud.es\\\/coleccion\\\/ja-llegeixo-sol\\\/\"},{\"@type\":\"ListItem\",\"position\":6,\"name\":\"La guineu i l'aviador\"}]},{\"@type\":\"WebSite\",\"@id\":\"https:\\\/\\\/www.editorialjuventud.es\\\/#website\",\"url\":\"https:\\\/\\\/www.editorialjuventud.es\\\/\",\"name\":\"Editorial Juventud\",\"description\":\"\",\"potentialAction\":[{\"@type\":\"SearchAction\",\"target\":{\"@type\":\"EntryPoint\",\"urlTemplate\":\"https:\\\/\\\/www.editorialjuventud.es\\\/?s={search_term_string}\"},\"query-input\":{\"@type\":\"PropertyValueSpecification\",\"valueRequired\":true,\"valueName\":\"search_term_string\"}}],\"inLanguage\":\"ca\"}]}<\/script>\n<!-- \/ Yoast SEO plugin. -->","yoast_head_json":{"title":"La guineu i l'aviador - Editorial Juventud","description":"Inspirada lliurement en Saint-Exup\u00e9ry, aquesta hist\u00f2ria relata la trobada entre l\u2019home i l\u2019animal. Antoine, un aviador, irromp en el salvatge univers de","robots":{"index":"index","follow":"follow","max-snippet":"max-snippet:-1","max-image-preview":"max-image-preview:large","max-video-preview":"max-video-preview:-1"},"canonical":"https:\/\/www.editorialjuventud.es\/la-guineu-i-laviador-9788426144751\/","og_locale":"ca_ES","og_type":"article","og_title":"La guineu i l'aviador - Editorial Juventud","og_description":"Inspirada lliurement en Saint-Exup\u00e9ry, aquesta hist\u00f2ria relata la trobada entre l\u2019home i l\u2019animal. Antoine, un aviador, irromp en el salvatge univers de","og_url":"https:\/\/www.editorialjuventud.es\/la-guineu-i-laviador-9788426144751\/","og_site_name":"Editorial Juventud","article_modified_time":"2025-01-22T12:00:15+00:00","og_image":[{"width":331,"height":450,"url":"https:\/\/www.editorialjuventud.es\/wp-content\/uploads\/4475.jpg","type":"image\/jpeg"}],"twitter_card":"summary_large_image","twitter_misc":{"Temps estimat de lectura":"1 minut"},"schema":{"@context":"https:\/\/schema.org","@graph":[{"@type":"WebPage","@id":"https:\/\/www.editorialjuventud.es\/la-guineu-i-laviador-9788426144751\/","url":"https:\/\/www.editorialjuventud.es\/la-guineu-i-laviador-9788426144751\/","name":"La guineu i l'aviador - Editorial Juventud","isPartOf":{"@id":"https:\/\/www.editorialjuventud.es\/#website"},"primaryImageOfPage":{"@id":"https:\/\/www.editorialjuventud.es\/la-guineu-i-laviador-9788426144751\/#primaryimage"},"image":{"@id":"https:\/\/www.editorialjuventud.es\/la-guineu-i-laviador-9788426144751\/#primaryimage"},"thumbnailUrl":"https:\/\/www.editorialjuventud.es\/wp-content\/uploads\/4475.jpg","datePublished":"2018-08-24T10:14:15+00:00","dateModified":"2025-01-22T12:00:15+00:00","description":"Inspirada lliurement en Saint-Exup\u00e9ry, aquesta hist\u00f2ria relata la trobada entre l\u2019home i l\u2019animal. Antoine, un aviador, irromp en el salvatge univers de","breadcrumb":{"@id":"https:\/\/www.editorialjuventud.es\/la-guineu-i-laviador-9788426144751\/#breadcrumb"},"inLanguage":"ca","potentialAction":[{"@type":"ReadAction","target":["https:\/\/www.editorialjuventud.es\/la-guineu-i-laviador-9788426144751\/"]}]},{"@type":"ImageObject","inLanguage":"ca","@id":"https:\/\/www.editorialjuventud.es\/la-guineu-i-laviador-9788426144751\/#primaryimage","url":"https:\/\/www.editorialjuventud.es\/wp-content\/uploads\/4475.jpg","contentUrl":"https:\/\/www.editorialjuventud.es\/wp-content\/uploads\/4475.jpg","width":331,"height":450,"caption":"4475.jpg"},{"@type":"BreadcrumbList","@id":"https:\/\/www.editorialjuventud.es\/la-guineu-i-laviador-9788426144751\/#breadcrumb","itemListElement":[{"@type":"ListItem","position":1,"name":"Portada","item":"https:\/\/www.editorialjuventud.es\/"},{"@type":"ListItem","position":2,"name":"cat\u00e1logo","item":"https:\/\/www.editorialjuventud.es\/coleccion\/catalogo\/"},{"@type":"ListItem","position":3,"name":"catal\u00e0","item":"https:\/\/www.editorialjuventud.es\/coleccion\/catala\/"},{"@type":"ListItem","position":4,"name":"\u00c0lbums Il\u00b7lustrats","item":"https:\/\/www.editorialjuventud.es\/coleccion\/albums-il%c2%b7lustrats\/"},{"@type":"ListItem","position":5,"name":"Ja Llegeixo Sol!","item":"https:\/\/www.editorialjuventud.es\/coleccion\/ja-llegeixo-sol\/"},{"@type":"ListItem","position":6,"name":"La guineu i l'aviador"}]},{"@type":"WebSite","@id":"https:\/\/www.editorialjuventud.es\/#website","url":"https:\/\/www.editorialjuventud.es\/","name":"Editorial Juventud","description":"","potentialAction":[{"@type":"SearchAction","target":{"@type":"EntryPoint","urlTemplate":"https:\/\/www.editorialjuventud.es\/?s={search_term_string}"},"query-input":{"@type":"PropertyValueSpecification","valueRequired":true,"valueName":"search_term_string"}}],"inLanguage":"ca"}]}},"_links":{"self":[{"href":"https:\/\/www.editorialjuventud.es\/ca\/wp-json\/wp\/v2\/product\/6323","targetHints":{"allow":["GET"]}}],"collection":[{"href":"https:\/\/www.editorialjuventud.es\/ca\/wp-json\/wp\/v2\/product"}],"about":[{"href":"https:\/\/www.editorialjuventud.es\/ca\/wp-json\/wp\/v2\/types\/product"}],"wp:featuredmedia":[{"embeddable":true,"href":"https:\/\/www.editorialjuventud.es\/ca\/wp-json\/wp\/v2\/media\/17290"}],"wp:attachment":[{"href":"https:\/\/www.editorialjuventud.es\/ca\/wp-json\/wp\/v2\/media?parent=6323"}],"wp:term":[{"taxonomy":"product_brand","embeddable":true,"href":"https:\/\/www.editorialjuventud.es\/ca\/wp-json\/wp\/v2\/product_brand?post=6323"},{"taxonomy":"product_cat","embeddable":true,"href":"https:\/\/www.editorialjuventud.es\/ca\/wp-json\/wp\/v2\/product_cat?post=6323"},{"taxonomy":"product_tag","embeddable":true,"href":"https:\/\/www.editorialjuventud.es\/ca\/wp-json\/wp\/v2\/product_tag?post=6323"},{"taxonomy":"coleccion","embeddable":true,"href":"https:\/\/www.editorialjuventud.es\/ca\/wp-json\/wp\/v2\/coleccion?post=6323"}],"curies":[{"name":"wp","href":"https:\/\/api.w.org\/{rel}","templated":true}]}}