{"id":6318,"date":"2018-08-24T12:13:53","date_gmt":"2018-08-24T10:13:53","guid":{"rendered":"http:\/\/www.editorialjuventud.es\/la-casa-de-la-lluca\/"},"modified":"2019-10-28T13:46:32","modified_gmt":"2019-10-28T12:46:32","slug":"la-casa-de-la-lluca-9788426144690","status":"publish","type":"product","link":"https:\/\/www.editorialjuventud.es\/ca\/la-casa-de-la-lluca-9788426144690\/","title":{"rendered":"La casa de la LLuca"},"content":{"rendered":"<p>Enlloc com a casa! Per\u00f2 la pobra Lluca, una petita cuca de llum, s&#8217;ha perdut, i hi ha tantes llums que brillen a la nit que no sap per on ha d&#8217;anar&#8230; Pots ajudar-la a trobar el cam\u00ed cap a casa seva?<br \/>\nEn aquest brillant \u00e0lbum il\u00b7lustrat interactiu, els nens poden ajudar la Lluca durant el seu viatge, encoratjant-la a volar m\u00e9s r\u00e0pid, suggerint-li quina direcci\u00f3 prendre o simplement demanant un desig perqu\u00e8 la petita cuca de llum trobi la seva llar.<\/p>\n<p>&nbsp;<\/p>\n<p>Aquest llibre ha estat publicat amb el suport de:<\/p>\n<p><img loading=\"lazy\" decoding=\"async\" class=\"alignnone size-full wp-image-33299\" src=\"http:\/\/www.editorialjuventud.es\/wp-content\/uploads\/0.png\" alt=\"\" width=\"198\" height=\"57\" \/><\/p>\n<p>&nbsp;<\/p>\n<p>&nbsp;<\/p>\n","protected":false},"excerpt":{"rendered":"Enlloc com a casa! Per\u00f2 la pobra Lluca, una petita cuca de llum, s&#8217;ha perdut, i hi ha tantes llums que brillen a la nit que no sap per on ha d&#8217;anar&#8230; Pots ajudar-la a trobar el cam\u00ed cap a [&hellip;]","protected":false},"featured_media":17286,"template":"","meta":{"_acf_changed":false,"_exactmetrics_skip_tracking":false,"_exactmetrics_sitenote_active":false,"_exactmetrics_sitenote_note":"","_exactmetrics_sitenote_category":0},"product_brand":[],"product_cat":[899,1121,1142,1154,1156,892,1115,1128],"product_tag":[],"coleccion":[917,915,951],"class_list":{"0":"post-6318","1":"product","2":"type-product","3":"status-publish","4":"has-post-thumbnail","6":"product_cat-a-partir-de-3-anos","7":"product_cat-albumes-ilustrados","8":"product_cat-aventura","9":"product_cat-comunicacion","10":"product_cat-cooperacion","11":"product_cat-edades","12":"product_cat-generos","13":"product_cat-tematica","14":"coleccion-albums-illustrats","15":"coleccion-catala","16":"coleccion-els-meus-primers-contes","18":"first","19":"instock","20":"taxable","21":"shipping-taxable","22":"purchasable","23":"product-type-simple"},"acf":{"autor":"CLARKE - TECKENTRUP","codart":"4469","ediciones":"1","encuadernacion":"Carton\u00e9","fecha_de_publicacion":"01\/01\/2018","novedad":"0","paginas":"24","subtitulo":"","texto_web_adicional":"","texto_web_novedad":"","orden":"999","portada":"0","texto_web_resaltado":"","indice":"","autores-libros":[16286],"ilustradores-libros":[18198],"traductores-libros":[18265],"descripcion_corta":"","recomendamos":"","mas_vendido":"","idioma-libro":"","color":false,"formato":"","mas_informacion_del_producto":false,"premios":false,"texto_enlace_cubierta":"","enlace_cubierta":{"ID":24308,"id":24308,"title":"COVER-4469","filename":"COVER-4469.jpg","filesize":48229,"url":"https:\/\/www.editorialjuventud.es\/wp-content\/uploads\/COVER-4469.jpg","link":"https:\/\/www.editorialjuventud.es\/ca\/?attachment_id=24308","alt":"","author":"47","description":"","caption":"","name":"cover-4469","status":"inherit","uploaded_to":6318,"date":"2019-04-16 08:11:16","modified":"2019-04-16 08:11:16","menu_order":0,"mime_type":"image\/jpeg","type":"image","subtype":"jpeg","icon":"https:\/\/www.editorialjuventud.es\/wp-includes\/images\/media\/default.png","width":389,"height":450,"sizes":{"thumbnail":"https:\/\/www.editorialjuventud.es\/wp-content\/uploads\/COVER-4469-200x200.jpg","thumbnail-width":200,"thumbnail-height":200,"medium":"https:\/\/www.editorialjuventud.es\/wp-content\/uploads\/COVER-4469.jpg","medium-width":389,"medium-height":450,"medium_large":"https:\/\/www.editorialjuventud.es\/wp-content\/uploads\/COVER-4469.jpg","medium_large-width":389,"medium_large-height":450,"large":"https:\/\/www.editorialjuventud.es\/wp-content\/uploads\/COVER-4469.jpg","large-width":389,"large-height":450,"1536x1536":"https:\/\/www.editorialjuventud.es\/wp-content\/uploads\/COVER-4469.jpg","1536x1536-width":389,"1536x1536-height":450,"2048x2048":"https:\/\/www.editorialjuventud.es\/wp-content\/uploads\/COVER-4469.jpg","2048x2048-width":389,"2048x2048-height":450,"woocommerce_thumbnail":"https:\/\/www.editorialjuventud.es\/wp-content\/uploads\/COVER-4469-350x405.jpg","woocommerce_thumbnail-width":350,"woocommerce_thumbnail-height":405,"woocommerce_single":"https:\/\/www.editorialjuventud.es\/wp-content\/uploads\/COVER-4469.jpg","woocommerce_single-width":389,"woocommerce_single-height":450,"woocommerce_gallery_thumbnail":"https:\/\/www.editorialjuventud.es\/wp-content\/uploads\/COVER-4469-100x100.jpg","woocommerce_gallery_thumbnail-width":100,"woocommerce_gallery_thumbnail-height":100,"ppec_logo_image_size":"https:\/\/www.editorialjuventud.es\/wp-content\/uploads\/COVER-4469.jpg","ppec_logo_image_size-width":52,"ppec_logo_image_size-height":60,"ppec_header_image_size":"https:\/\/www.editorialjuventud.es\/wp-content\/uploads\/COVER-4469.jpg","ppec_header_image_size-width":78,"ppec_header_image_size-height":90}},"texto_enlace_ficha_tecnica":"","enlace_ficha_tecnica":{"ID":33689,"id":33689,"title":"La casa de la Lluca Fitxa","filename":"La-casa-de-la-Lluca-Fitxa.pdf","filesize":354892,"url":"https:\/\/www.editorialjuventud.es\/wp-content\/uploads\/La-casa-de-la-Lluca-Fitxa.pdf","link":"https:\/\/www.editorialjuventud.es\/ca\/?attachment_id=33689","alt":"","author":"47","description":"","caption":"","name":"la-casa-de-la-lluca-fitxa-4","status":"inherit","uploaded_to":6318,"date":"2019-10-28 12:46:03","modified":"2019-10-28 12:46:03","menu_order":0,"mime_type":"application\/pdf","type":"application","subtype":"pdf","icon":"https:\/\/www.editorialjuventud.es\/wp-includes\/images\/media\/document.png"},"ficheros":false,"titulo-fr":"","texto-fr":"","fecha_de_reimpresion":""},"yoast_head":"<!-- This site is optimized with the Yoast SEO plugin v27.3 - https:\/\/yoast.com\/product\/yoast-seo-wordpress\/ -->\n<title>La casa de la LLuca - Editorial Juventud<\/title>\n<meta name=\"description\" content=\"Enlloc com a casa! Per\u00f2 la pobra Lluca, una petita cuca de llum, s&#039;ha perdut, i hi ha tantes llums que brillen a la nit que no sap per on ha d&#039;anar...\" \/>\n<meta name=\"robots\" content=\"index, follow, max-snippet:-1, max-image-preview:large, max-video-preview:-1\" \/>\n<link rel=\"canonical\" href=\"https:\/\/www.editorialjuventud.es\/la-casa-de-la-lluca-9788426144690\/\" \/>\n<meta property=\"og:locale\" content=\"ca_ES\" \/>\n<meta property=\"og:type\" content=\"article\" \/>\n<meta property=\"og:title\" content=\"La casa de la LLuca - Editorial Juventud\" \/>\n<meta property=\"og:description\" content=\"Enlloc com a casa! Per\u00f2 la pobra Lluca, una petita cuca de llum, s&#039;ha perdut, i hi ha tantes llums que brillen a la nit que no sap per on ha d&#039;anar...\" \/>\n<meta property=\"og:url\" content=\"https:\/\/www.editorialjuventud.es\/la-casa-de-la-lluca-9788426144690\/\" \/>\n<meta property=\"og:site_name\" content=\"Editorial Juventud\" \/>\n<meta property=\"article:modified_time\" content=\"2019-10-28T12:46:32+00:00\" \/>\n<meta property=\"og:image\" content=\"https:\/\/www.editorialjuventud.es\/wp-content\/uploads\/4469.jpg\" \/>\n\t<meta property=\"og:image:width\" content=\"389\" \/>\n\t<meta property=\"og:image:height\" content=\"450\" \/>\n\t<meta property=\"og:image:type\" content=\"image\/jpeg\" \/>\n<meta name=\"twitter:card\" content=\"summary_large_image\" \/>\n<script type=\"application\/ld+json\" class=\"yoast-schema-graph\">{\"@context\":\"https:\\\/\\\/schema.org\",\"@graph\":[{\"@type\":\"WebPage\",\"@id\":\"https:\\\/\\\/www.editorialjuventud.es\\\/la-casa-de-la-lluca-9788426144690\\\/\",\"url\":\"https:\\\/\\\/www.editorialjuventud.es\\\/la-casa-de-la-lluca-9788426144690\\\/\",\"name\":\"La casa de la LLuca - Editorial Juventud\",\"isPartOf\":{\"@id\":\"https:\\\/\\\/www.editorialjuventud.es\\\/#website\"},\"primaryImageOfPage\":{\"@id\":\"https:\\\/\\\/www.editorialjuventud.es\\\/la-casa-de-la-lluca-9788426144690\\\/#primaryimage\"},\"image\":{\"@id\":\"https:\\\/\\\/www.editorialjuventud.es\\\/la-casa-de-la-lluca-9788426144690\\\/#primaryimage\"},\"thumbnailUrl\":\"https:\\\/\\\/www.editorialjuventud.es\\\/wp-content\\\/uploads\\\/4469.jpg\",\"datePublished\":\"2018-08-24T10:13:53+00:00\",\"dateModified\":\"2019-10-28T12:46:32+00:00\",\"description\":\"Enlloc com a casa! Per\u00f2 la pobra Lluca, una petita cuca de llum, s'ha perdut, i hi ha tantes llums que brillen a la nit que no sap per on ha d'anar...\",\"breadcrumb\":{\"@id\":\"https:\\\/\\\/www.editorialjuventud.es\\\/la-casa-de-la-lluca-9788426144690\\\/#breadcrumb\"},\"inLanguage\":\"ca\",\"potentialAction\":[{\"@type\":\"ReadAction\",\"target\":[\"https:\\\/\\\/www.editorialjuventud.es\\\/la-casa-de-la-lluca-9788426144690\\\/\"]}]},{\"@type\":\"ImageObject\",\"inLanguage\":\"ca\",\"@id\":\"https:\\\/\\\/www.editorialjuventud.es\\\/la-casa-de-la-lluca-9788426144690\\\/#primaryimage\",\"url\":\"https:\\\/\\\/www.editorialjuventud.es\\\/wp-content\\\/uploads\\\/4469.jpg\",\"contentUrl\":\"https:\\\/\\\/www.editorialjuventud.es\\\/wp-content\\\/uploads\\\/4469.jpg\",\"width\":389,\"height\":450,\"caption\":\"4469.jpg\"},{\"@type\":\"BreadcrumbList\",\"@id\":\"https:\\\/\\\/www.editorialjuventud.es\\\/la-casa-de-la-lluca-9788426144690\\\/#breadcrumb\",\"itemListElement\":[{\"@type\":\"ListItem\",\"position\":1,\"name\":\"Portada\",\"item\":\"https:\\\/\\\/www.editorialjuventud.es\\\/\"},{\"@type\":\"ListItem\",\"position\":2,\"name\":\"cat\u00e1logo\",\"item\":\"https:\\\/\\\/www.editorialjuventud.es\\\/coleccion\\\/catalogo\\\/\"},{\"@type\":\"ListItem\",\"position\":3,\"name\":\"catal\u00e0\",\"item\":\"https:\\\/\\\/www.editorialjuventud.es\\\/coleccion\\\/catala\\\/\"},{\"@type\":\"ListItem\",\"position\":4,\"name\":\"\u00c0lbums Il\u00b7lustrats\",\"item\":\"https:\\\/\\\/www.editorialjuventud.es\\\/coleccion\\\/albums-il%c2%b7lustrats\\\/\"},{\"@type\":\"ListItem\",\"position\":5,\"name\":\"Els Meus Primers Contes\",\"item\":\"https:\\\/\\\/www.editorialjuventud.es\\\/coleccion\\\/els-meus-primers-contes\\\/\"},{\"@type\":\"ListItem\",\"position\":6,\"name\":\"La casa de la LLuca\"}]},{\"@type\":\"WebSite\",\"@id\":\"https:\\\/\\\/www.editorialjuventud.es\\\/#website\",\"url\":\"https:\\\/\\\/www.editorialjuventud.es\\\/\",\"name\":\"Editorial Juventud\",\"description\":\"\",\"potentialAction\":[{\"@type\":\"SearchAction\",\"target\":{\"@type\":\"EntryPoint\",\"urlTemplate\":\"https:\\\/\\\/www.editorialjuventud.es\\\/?s={search_term_string}\"},\"query-input\":{\"@type\":\"PropertyValueSpecification\",\"valueRequired\":true,\"valueName\":\"search_term_string\"}}],\"inLanguage\":\"ca\"}]}<\/script>\n<!-- \/ Yoast SEO plugin. -->","yoast_head_json":{"title":"La casa de la LLuca - Editorial Juventud","description":"Enlloc com a casa! Per\u00f2 la pobra Lluca, una petita cuca de llum, s'ha perdut, i hi ha tantes llums que brillen a la nit que no sap per on ha d'anar...","robots":{"index":"index","follow":"follow","max-snippet":"max-snippet:-1","max-image-preview":"max-image-preview:large","max-video-preview":"max-video-preview:-1"},"canonical":"https:\/\/www.editorialjuventud.es\/la-casa-de-la-lluca-9788426144690\/","og_locale":"ca_ES","og_type":"article","og_title":"La casa de la LLuca - Editorial Juventud","og_description":"Enlloc com a casa! Per\u00f2 la pobra Lluca, una petita cuca de llum, s'ha perdut, i hi ha tantes llums que brillen a la nit que no sap per on ha d'anar...","og_url":"https:\/\/www.editorialjuventud.es\/la-casa-de-la-lluca-9788426144690\/","og_site_name":"Editorial Juventud","article_modified_time":"2019-10-28T12:46:32+00:00","og_image":[{"width":389,"height":450,"url":"https:\/\/www.editorialjuventud.es\/wp-content\/uploads\/4469.jpg","type":"image\/jpeg"}],"twitter_card":"summary_large_image","schema":{"@context":"https:\/\/schema.org","@graph":[{"@type":"WebPage","@id":"https:\/\/www.editorialjuventud.es\/la-casa-de-la-lluca-9788426144690\/","url":"https:\/\/www.editorialjuventud.es\/la-casa-de-la-lluca-9788426144690\/","name":"La casa de la LLuca - Editorial Juventud","isPartOf":{"@id":"https:\/\/www.editorialjuventud.es\/#website"},"primaryImageOfPage":{"@id":"https:\/\/www.editorialjuventud.es\/la-casa-de-la-lluca-9788426144690\/#primaryimage"},"image":{"@id":"https:\/\/www.editorialjuventud.es\/la-casa-de-la-lluca-9788426144690\/#primaryimage"},"thumbnailUrl":"https:\/\/www.editorialjuventud.es\/wp-content\/uploads\/4469.jpg","datePublished":"2018-08-24T10:13:53+00:00","dateModified":"2019-10-28T12:46:32+00:00","description":"Enlloc com a casa! Per\u00f2 la pobra Lluca, una petita cuca de llum, s'ha perdut, i hi ha tantes llums que brillen a la nit que no sap per on ha d'anar...","breadcrumb":{"@id":"https:\/\/www.editorialjuventud.es\/la-casa-de-la-lluca-9788426144690\/#breadcrumb"},"inLanguage":"ca","potentialAction":[{"@type":"ReadAction","target":["https:\/\/www.editorialjuventud.es\/la-casa-de-la-lluca-9788426144690\/"]}]},{"@type":"ImageObject","inLanguage":"ca","@id":"https:\/\/www.editorialjuventud.es\/la-casa-de-la-lluca-9788426144690\/#primaryimage","url":"https:\/\/www.editorialjuventud.es\/wp-content\/uploads\/4469.jpg","contentUrl":"https:\/\/www.editorialjuventud.es\/wp-content\/uploads\/4469.jpg","width":389,"height":450,"caption":"4469.jpg"},{"@type":"BreadcrumbList","@id":"https:\/\/www.editorialjuventud.es\/la-casa-de-la-lluca-9788426144690\/#breadcrumb","itemListElement":[{"@type":"ListItem","position":1,"name":"Portada","item":"https:\/\/www.editorialjuventud.es\/"},{"@type":"ListItem","position":2,"name":"cat\u00e1logo","item":"https:\/\/www.editorialjuventud.es\/coleccion\/catalogo\/"},{"@type":"ListItem","position":3,"name":"catal\u00e0","item":"https:\/\/www.editorialjuventud.es\/coleccion\/catala\/"},{"@type":"ListItem","position":4,"name":"\u00c0lbums Il\u00b7lustrats","item":"https:\/\/www.editorialjuventud.es\/coleccion\/albums-il%c2%b7lustrats\/"},{"@type":"ListItem","position":5,"name":"Els Meus Primers Contes","item":"https:\/\/www.editorialjuventud.es\/coleccion\/els-meus-primers-contes\/"},{"@type":"ListItem","position":6,"name":"La casa de la LLuca"}]},{"@type":"WebSite","@id":"https:\/\/www.editorialjuventud.es\/#website","url":"https:\/\/www.editorialjuventud.es\/","name":"Editorial Juventud","description":"","potentialAction":[{"@type":"SearchAction","target":{"@type":"EntryPoint","urlTemplate":"https:\/\/www.editorialjuventud.es\/?s={search_term_string}"},"query-input":{"@type":"PropertyValueSpecification","valueRequired":true,"valueName":"search_term_string"}}],"inLanguage":"ca"}]}},"_links":{"self":[{"href":"https:\/\/www.editorialjuventud.es\/ca\/wp-json\/wp\/v2\/product\/6318","targetHints":{"allow":["GET"]}}],"collection":[{"href":"https:\/\/www.editorialjuventud.es\/ca\/wp-json\/wp\/v2\/product"}],"about":[{"href":"https:\/\/www.editorialjuventud.es\/ca\/wp-json\/wp\/v2\/types\/product"}],"wp:featuredmedia":[{"embeddable":true,"href":"https:\/\/www.editorialjuventud.es\/ca\/wp-json\/wp\/v2\/media\/17286"}],"wp:attachment":[{"href":"https:\/\/www.editorialjuventud.es\/ca\/wp-json\/wp\/v2\/media?parent=6318"}],"wp:term":[{"taxonomy":"product_brand","embeddable":true,"href":"https:\/\/www.editorialjuventud.es\/ca\/wp-json\/wp\/v2\/product_brand?post=6318"},{"taxonomy":"product_cat","embeddable":true,"href":"https:\/\/www.editorialjuventud.es\/ca\/wp-json\/wp\/v2\/product_cat?post=6318"},{"taxonomy":"product_tag","embeddable":true,"href":"https:\/\/www.editorialjuventud.es\/ca\/wp-json\/wp\/v2\/product_tag?post=6318"},{"taxonomy":"coleccion","embeddable":true,"href":"https:\/\/www.editorialjuventud.es\/ca\/wp-json\/wp\/v2\/coleccion?post=6318"}],"curies":[{"name":"wp","href":"https:\/\/api.w.org\/{rel}","templated":true}]}}