{"id":6317,"date":"2018-08-24T12:13:50","date_gmt":"2018-08-24T10:13:50","guid":{"rendered":"http:\/\/www.editorialjuventud.es\/la-casa-de-luci\/"},"modified":"2019-10-28T12:24:55","modified_gmt":"2019-10-28T11:24:55","slug":"la-casa-de-luci-9788426144683","status":"publish","type":"product","link":"https:\/\/www.editorialjuventud.es\/ca\/la-casa-de-luci-9788426144683\/","title":{"rendered":"La casa de Luci"},"content":{"rendered":"<p>\u00a1En ning\u00fan sitio como en casa! Pero la luci\u00e9rnaga Luci se ha perdido, y hay tantas luces que brillan en el cielo nocturno que no sabe hacia d\u00f3nde tiene que ir&#8230; \u00bfPuedes ayudarla a encontrar el camino de regreso a casa? En este brillante \u00e1lbum ilustrado interactivo, los ni\u00f1os pueden ayudar a Luci en su viaje alent\u00e1ndola a volar m\u00e1s r\u00e1pido, sugiriendo qu\u00e9 direcci\u00f3n tomar o simplemente pidiendo un deseo para que la peque\u00f1a luci\u00e9rnaga encuentre su hogar.<\/p>\n<p>&nbsp;<\/p>\n<p>Este libro ha sido publicado con el apoyo de:<\/p>\n<p><img loading=\"lazy\" decoding=\"async\" class=\"alignnone size-full wp-image-33299\" src=\"http:\/\/www.editorialjuventud.es\/wp-content\/uploads\/0.png\" alt=\"\" width=\"198\" height=\"57\" \/><\/p>\n","protected":false},"excerpt":{"rendered":"\u00a1En ning\u00fan sitio como en casa! Pero la luci\u00e9rnaga Luci se ha perdido, y hay tantas luces que brillan en el cielo nocturno que no sabe hacia d\u00f3nde tiene que ir&#8230; \u00bfPuedes ayudarla a encontrar el camino de regreso a [&hellip;]","protected":false},"featured_media":17284,"template":"","meta":{"_acf_changed":false,"_exactmetrics_skip_tracking":false,"_exactmetrics_sitenote_active":false,"_exactmetrics_sitenote_note":"","_exactmetrics_sitenote_category":0},"product_brand":[],"product_cat":[899,1121,892,1115,1187,1128],"product_tag":[],"coleccion":[928,916,997],"class_list":{"0":"post-6317","1":"product","2":"type-product","3":"status-publish","4":"has-post-thumbnail","6":"product_cat-a-partir-de-3-anos","7":"product_cat-albumes-ilustrados","8":"product_cat-edades","9":"product_cat-generos","10":"product_cat-insectos","11":"product_cat-tematica","12":"coleccion-albumes-ilustrados","13":"coleccion-castellano","14":"coleccion-mis-primeros-cuentos","16":"first","17":"instock","18":"taxable","19":"shipping-taxable","20":"purchasable","21":"product-type-simple"},"acf":{"autor":"CLARKE - TECKENTRUP","codart":"4468","ediciones":"1","encuadernacion":"Carton\u00e9","fecha_de_publicacion":"01\/01\/2018","novedad":"0","paginas":"24","subtitulo":"","texto_web_adicional":"","texto_web_novedad":"","orden":"999","portada":"0","texto_web_resaltado":"","indice":"","autores-libros":[16286],"ilustradores-libros":[18198],"traductores-libros":"","descripcion_corta":"","recomendamos":"","mas_vendido":"","idioma-libro":"","color":false,"formato":"","mas_informacion_del_producto":false,"premios":false,"texto_enlace_cubierta":"","enlace_cubierta":{"ID":24123,"id":24123,"title":"cover-4468","filename":"cover-4468.jpg","filesize":47556,"url":"https:\/\/www.editorialjuventud.es\/wp-content\/uploads\/cover-4468.jpg","link":"https:\/\/www.editorialjuventud.es\/ca\/?attachment_id=24123","alt":"","author":"47","description":"","caption":"","name":"cover-4468","status":"inherit","uploaded_to":6317,"date":"2019-04-15 12:23:34","modified":"2019-04-15 12:23:34","menu_order":0,"mime_type":"image\/jpeg","type":"image","subtype":"jpeg","icon":"https:\/\/www.editorialjuventud.es\/wp-includes\/images\/media\/default.png","width":390,"height":450,"sizes":{"thumbnail":"https:\/\/www.editorialjuventud.es\/wp-content\/uploads\/cover-4468-200x200.jpg","thumbnail-width":200,"thumbnail-height":200,"medium":"https:\/\/www.editorialjuventud.es\/wp-content\/uploads\/cover-4468.jpg","medium-width":390,"medium-height":450,"medium_large":"https:\/\/www.editorialjuventud.es\/wp-content\/uploads\/cover-4468.jpg","medium_large-width":390,"medium_large-height":450,"large":"https:\/\/www.editorialjuventud.es\/wp-content\/uploads\/cover-4468.jpg","large-width":390,"large-height":450,"1536x1536":"https:\/\/www.editorialjuventud.es\/wp-content\/uploads\/cover-4468.jpg","1536x1536-width":390,"1536x1536-height":450,"2048x2048":"https:\/\/www.editorialjuventud.es\/wp-content\/uploads\/cover-4468.jpg","2048x2048-width":390,"2048x2048-height":450,"woocommerce_thumbnail":"https:\/\/www.editorialjuventud.es\/wp-content\/uploads\/cover-4468-350x404.jpg","woocommerce_thumbnail-width":350,"woocommerce_thumbnail-height":404,"woocommerce_single":"https:\/\/www.editorialjuventud.es\/wp-content\/uploads\/cover-4468.jpg","woocommerce_single-width":390,"woocommerce_single-height":450,"woocommerce_gallery_thumbnail":"https:\/\/www.editorialjuventud.es\/wp-content\/uploads\/cover-4468-100x100.jpg","woocommerce_gallery_thumbnail-width":100,"woocommerce_gallery_thumbnail-height":100,"ppec_logo_image_size":"https:\/\/www.editorialjuventud.es\/wp-content\/uploads\/cover-4468.jpg","ppec_logo_image_size-width":52,"ppec_logo_image_size-height":60,"ppec_header_image_size":"https:\/\/www.editorialjuventud.es\/wp-content\/uploads\/cover-4468.jpg","ppec_header_image_size-width":78,"ppec_header_image_size-height":90}},"texto_enlace_ficha_tecnica":"","enlace_ficha_tecnica":{"ID":33677,"id":33677,"title":"La casa de Luci ficha","filename":"La-casa-de-Luci-ficha-1.pdf","filesize":381670,"url":"https:\/\/www.editorialjuventud.es\/wp-content\/uploads\/La-casa-de-Luci-ficha-1.pdf","link":"https:\/\/www.editorialjuventud.es\/ca\/?attachment_id=33677","alt":"","author":"47","description":"","caption":"","name":"la-casa-de-luci-ficha-2","status":"inherit","uploaded_to":6317,"date":"2019-10-28 11:24:23","modified":"2019-10-28 11:24:23","menu_order":0,"mime_type":"application\/pdf","type":"application","subtype":"pdf","icon":"https:\/\/www.editorialjuventud.es\/wp-includes\/images\/media\/document.png"},"ficheros":false,"titulo-fr":"","texto-fr":"","fecha_de_reimpresion":""},"yoast_head":"<!-- This site is optimized with the Yoast SEO plugin v27.5 - https:\/\/yoast.com\/product\/yoast-seo-wordpress\/ -->\n<title>La casa de Luci - Editorial Juventud<\/title>\n<meta name=\"description\" content=\"\u00a1En ning\u00fan sitio como en casa! Pero la luci\u00e9rnaga Luci se ha perdido, y hay tantas luces que brillan en el cielo nocturno que no sabe hacia d\u00f3nde tiene\" \/>\n<meta name=\"robots\" content=\"index, follow, max-snippet:-1, max-image-preview:large, max-video-preview:-1\" \/>\n<link rel=\"canonical\" href=\"https:\/\/www.editorialjuventud.es\/la-casa-de-luci-9788426144683\/\" \/>\n<meta property=\"og:locale\" content=\"ca_ES\" \/>\n<meta property=\"og:type\" content=\"article\" \/>\n<meta property=\"og:title\" content=\"La casa de Luci - Editorial Juventud\" \/>\n<meta property=\"og:description\" content=\"\u00a1En ning\u00fan sitio como en casa! Pero la luci\u00e9rnaga Luci se ha perdido, y hay tantas luces que brillan en el cielo nocturno que no sabe hacia d\u00f3nde tiene\" \/>\n<meta property=\"og:url\" content=\"https:\/\/www.editorialjuventud.es\/la-casa-de-luci-9788426144683\/\" \/>\n<meta property=\"og:site_name\" content=\"Editorial Juventud\" \/>\n<meta property=\"article:modified_time\" content=\"2019-10-28T11:24:55+00:00\" \/>\n<meta property=\"og:image\" content=\"https:\/\/www.editorialjuventud.es\/wp-content\/uploads\/4468.jpg\" \/>\n\t<meta property=\"og:image:width\" content=\"390\" \/>\n\t<meta property=\"og:image:height\" content=\"450\" \/>\n\t<meta property=\"og:image:type\" content=\"image\/jpeg\" \/>\n<meta name=\"twitter:card\" content=\"summary_large_image\" \/>\n<script type=\"application\/ld+json\" class=\"yoast-schema-graph\">{\"@context\":\"https:\\\/\\\/schema.org\",\"@graph\":[{\"@type\":\"WebPage\",\"@id\":\"https:\\\/\\\/www.editorialjuventud.es\\\/la-casa-de-luci-9788426144683\\\/\",\"url\":\"https:\\\/\\\/www.editorialjuventud.es\\\/la-casa-de-luci-9788426144683\\\/\",\"name\":\"La casa de Luci - Editorial Juventud\",\"isPartOf\":{\"@id\":\"https:\\\/\\\/www.editorialjuventud.es\\\/#website\"},\"primaryImageOfPage\":{\"@id\":\"https:\\\/\\\/www.editorialjuventud.es\\\/la-casa-de-luci-9788426144683\\\/#primaryimage\"},\"image\":{\"@id\":\"https:\\\/\\\/www.editorialjuventud.es\\\/la-casa-de-luci-9788426144683\\\/#primaryimage\"},\"thumbnailUrl\":\"https:\\\/\\\/www.editorialjuventud.es\\\/wp-content\\\/uploads\\\/4468.jpg\",\"datePublished\":\"2018-08-24T10:13:50+00:00\",\"dateModified\":\"2019-10-28T11:24:55+00:00\",\"description\":\"\u00a1En ning\u00fan sitio como en casa! Pero la luci\u00e9rnaga Luci se ha perdido, y hay tantas luces que brillan en el cielo nocturno que no sabe hacia d\u00f3nde tiene\",\"breadcrumb\":{\"@id\":\"https:\\\/\\\/www.editorialjuventud.es\\\/la-casa-de-luci-9788426144683\\\/#breadcrumb\"},\"inLanguage\":\"ca\",\"potentialAction\":[{\"@type\":\"ReadAction\",\"target\":[\"https:\\\/\\\/www.editorialjuventud.es\\\/la-casa-de-luci-9788426144683\\\/\"]}]},{\"@type\":\"ImageObject\",\"inLanguage\":\"ca\",\"@id\":\"https:\\\/\\\/www.editorialjuventud.es\\\/la-casa-de-luci-9788426144683\\\/#primaryimage\",\"url\":\"https:\\\/\\\/www.editorialjuventud.es\\\/wp-content\\\/uploads\\\/4468.jpg\",\"contentUrl\":\"https:\\\/\\\/www.editorialjuventud.es\\\/wp-content\\\/uploads\\\/4468.jpg\",\"width\":390,\"height\":450,\"caption\":\"4468.jpg\"},{\"@type\":\"BreadcrumbList\",\"@id\":\"https:\\\/\\\/www.editorialjuventud.es\\\/la-casa-de-luci-9788426144683\\\/#breadcrumb\",\"itemListElement\":[{\"@type\":\"ListItem\",\"position\":1,\"name\":\"Portada\",\"item\":\"https:\\\/\\\/www.editorialjuventud.es\\\/\"},{\"@type\":\"ListItem\",\"position\":2,\"name\":\"cat\u00e1logo\",\"item\":\"https:\\\/\\\/www.editorialjuventud.es\\\/coleccion\\\/catalogo\\\/\"},{\"@type\":\"ListItem\",\"position\":3,\"name\":\"castellano\",\"item\":\"https:\\\/\\\/www.editorialjuventud.es\\\/coleccion\\\/castellano\\\/\"},{\"@type\":\"ListItem\",\"position\":4,\"name\":\"\u00c1lbumes Ilustrados\",\"item\":\"https:\\\/\\\/www.editorialjuventud.es\\\/coleccion\\\/albumes-ilustrados\\\/\"},{\"@type\":\"ListItem\",\"position\":5,\"name\":\"Mis Primeros Cuentos\",\"item\":\"https:\\\/\\\/www.editorialjuventud.es\\\/coleccion\\\/mis-primeros-cuentos\\\/\"},{\"@type\":\"ListItem\",\"position\":6,\"name\":\"La casa de Luci\"}]},{\"@type\":\"WebSite\",\"@id\":\"https:\\\/\\\/www.editorialjuventud.es\\\/#website\",\"url\":\"https:\\\/\\\/www.editorialjuventud.es\\\/\",\"name\":\"Editorial Juventud\",\"description\":\"\",\"potentialAction\":[{\"@type\":\"SearchAction\",\"target\":{\"@type\":\"EntryPoint\",\"urlTemplate\":\"https:\\\/\\\/www.editorialjuventud.es\\\/?s={search_term_string}\"},\"query-input\":{\"@type\":\"PropertyValueSpecification\",\"valueRequired\":true,\"valueName\":\"search_term_string\"}}],\"inLanguage\":\"ca\"}]}<\/script>\n<!-- \/ Yoast SEO plugin. -->","yoast_head_json":{"title":"La casa de Luci - Editorial Juventud","description":"\u00a1En ning\u00fan sitio como en casa! Pero la luci\u00e9rnaga Luci se ha perdido, y hay tantas luces que brillan en el cielo nocturno que no sabe hacia d\u00f3nde tiene","robots":{"index":"index","follow":"follow","max-snippet":"max-snippet:-1","max-image-preview":"max-image-preview:large","max-video-preview":"max-video-preview:-1"},"canonical":"https:\/\/www.editorialjuventud.es\/la-casa-de-luci-9788426144683\/","og_locale":"ca_ES","og_type":"article","og_title":"La casa de Luci - Editorial Juventud","og_description":"\u00a1En ning\u00fan sitio como en casa! Pero la luci\u00e9rnaga Luci se ha perdido, y hay tantas luces que brillan en el cielo nocturno que no sabe hacia d\u00f3nde tiene","og_url":"https:\/\/www.editorialjuventud.es\/la-casa-de-luci-9788426144683\/","og_site_name":"Editorial Juventud","article_modified_time":"2019-10-28T11:24:55+00:00","og_image":[{"width":390,"height":450,"url":"https:\/\/www.editorialjuventud.es\/wp-content\/uploads\/4468.jpg","type":"image\/jpeg"}],"twitter_card":"summary_large_image","schema":{"@context":"https:\/\/schema.org","@graph":[{"@type":"WebPage","@id":"https:\/\/www.editorialjuventud.es\/la-casa-de-luci-9788426144683\/","url":"https:\/\/www.editorialjuventud.es\/la-casa-de-luci-9788426144683\/","name":"La casa de Luci - Editorial Juventud","isPartOf":{"@id":"https:\/\/www.editorialjuventud.es\/#website"},"primaryImageOfPage":{"@id":"https:\/\/www.editorialjuventud.es\/la-casa-de-luci-9788426144683\/#primaryimage"},"image":{"@id":"https:\/\/www.editorialjuventud.es\/la-casa-de-luci-9788426144683\/#primaryimage"},"thumbnailUrl":"https:\/\/www.editorialjuventud.es\/wp-content\/uploads\/4468.jpg","datePublished":"2018-08-24T10:13:50+00:00","dateModified":"2019-10-28T11:24:55+00:00","description":"\u00a1En ning\u00fan sitio como en casa! Pero la luci\u00e9rnaga Luci se ha perdido, y hay tantas luces que brillan en el cielo nocturno que no sabe hacia d\u00f3nde tiene","breadcrumb":{"@id":"https:\/\/www.editorialjuventud.es\/la-casa-de-luci-9788426144683\/#breadcrumb"},"inLanguage":"ca","potentialAction":[{"@type":"ReadAction","target":["https:\/\/www.editorialjuventud.es\/la-casa-de-luci-9788426144683\/"]}]},{"@type":"ImageObject","inLanguage":"ca","@id":"https:\/\/www.editorialjuventud.es\/la-casa-de-luci-9788426144683\/#primaryimage","url":"https:\/\/www.editorialjuventud.es\/wp-content\/uploads\/4468.jpg","contentUrl":"https:\/\/www.editorialjuventud.es\/wp-content\/uploads\/4468.jpg","width":390,"height":450,"caption":"4468.jpg"},{"@type":"BreadcrumbList","@id":"https:\/\/www.editorialjuventud.es\/la-casa-de-luci-9788426144683\/#breadcrumb","itemListElement":[{"@type":"ListItem","position":1,"name":"Portada","item":"https:\/\/www.editorialjuventud.es\/"},{"@type":"ListItem","position":2,"name":"cat\u00e1logo","item":"https:\/\/www.editorialjuventud.es\/coleccion\/catalogo\/"},{"@type":"ListItem","position":3,"name":"castellano","item":"https:\/\/www.editorialjuventud.es\/coleccion\/castellano\/"},{"@type":"ListItem","position":4,"name":"\u00c1lbumes Ilustrados","item":"https:\/\/www.editorialjuventud.es\/coleccion\/albumes-ilustrados\/"},{"@type":"ListItem","position":5,"name":"Mis Primeros Cuentos","item":"https:\/\/www.editorialjuventud.es\/coleccion\/mis-primeros-cuentos\/"},{"@type":"ListItem","position":6,"name":"La casa de Luci"}]},{"@type":"WebSite","@id":"https:\/\/www.editorialjuventud.es\/#website","url":"https:\/\/www.editorialjuventud.es\/","name":"Editorial Juventud","description":"","potentialAction":[{"@type":"SearchAction","target":{"@type":"EntryPoint","urlTemplate":"https:\/\/www.editorialjuventud.es\/?s={search_term_string}"},"query-input":{"@type":"PropertyValueSpecification","valueRequired":true,"valueName":"search_term_string"}}],"inLanguage":"ca"}]}},"_links":{"self":[{"href":"https:\/\/www.editorialjuventud.es\/ca\/wp-json\/wp\/v2\/product\/6317","targetHints":{"allow":["GET"]}}],"collection":[{"href":"https:\/\/www.editorialjuventud.es\/ca\/wp-json\/wp\/v2\/product"}],"about":[{"href":"https:\/\/www.editorialjuventud.es\/ca\/wp-json\/wp\/v2\/types\/product"}],"wp:featuredmedia":[{"embeddable":true,"href":"https:\/\/www.editorialjuventud.es\/ca\/wp-json\/wp\/v2\/media\/17284"}],"wp:attachment":[{"href":"https:\/\/www.editorialjuventud.es\/ca\/wp-json\/wp\/v2\/media?parent=6317"}],"wp:term":[{"taxonomy":"product_brand","embeddable":true,"href":"https:\/\/www.editorialjuventud.es\/ca\/wp-json\/wp\/v2\/product_brand?post=6317"},{"taxonomy":"product_cat","embeddable":true,"href":"https:\/\/www.editorialjuventud.es\/ca\/wp-json\/wp\/v2\/product_cat?post=6317"},{"taxonomy":"product_tag","embeddable":true,"href":"https:\/\/www.editorialjuventud.es\/ca\/wp-json\/wp\/v2\/product_tag?post=6317"},{"taxonomy":"coleccion","embeddable":true,"href":"https:\/\/www.editorialjuventud.es\/ca\/wp-json\/wp\/v2\/coleccion?post=6317"}],"curies":[{"name":"wp","href":"https:\/\/api.w.org\/{rel}","templated":true}]}}