{"id":6316,"date":"2018-08-24T12:13:46","date_gmt":"2018-08-24T10:13:46","guid":{"rendered":"http:\/\/www.editorialjuventud.es\/loficina-dels-objectes-perduts\/"},"modified":"2025-01-22T13:00:32","modified_gmt":"2025-01-22T12:00:32","slug":"loficina-dels-objectes-perduts-9788426144676","status":"publish","type":"product","link":"https:\/\/www.editorialjuventud.es\/ca\/loficina-dels-objectes-perduts-9788426144676\/","title":{"rendered":"L&#8217;oficina dels objectes perduts"},"content":{"rendered":"<p>Cada dia, el Senyor Gos recull els objectes que troba al bosc i els seus voltants i els porta a la seva oficina d&#8217;objectes perduts.<br \/>Quan un animal va a recollir un objecte perdut&#8230; Quina sorpresa! No era qui pens\u00e0vem!<br \/>Pots endevinar de quin animal es tracta quan diu l&#8217;objecte que ha perdut?<br \/>La posada en escena d&#8217;aquest llibre t\u00e9 tots els ingredients per a captar l&#8217;atenci\u00f3 dels m\u00e9s petits: una oficina d&#8217;objectes perduts, uns animals despistats que necessiten ajuda i un joc que aprofita les troballes que el Sr. Gos guarda a la prestatgeria per endevinar l&#8217;evoluci\u00f3 de cada personatge.<br \/>Un \u00e0lbum l\u00fadic amb qu\u00e8 divertir-se endevinant de quin animal es tracta realment, amb un sorprenent final que donar\u00e0 als nens una altra oportunitat per tornar a llegirlo amb una nova mirada sobre la hist\u00f2ria&#8230;<\/p>\n","protected":false},"excerpt":{"rendered":"Cada dia, el Senyor Gos recull els objectes que troba al bosc i els seus voltants i els porta a la seva oficina d&#8217;objectes perduts.Quan un animal va a recollir un objecte perdut&#8230; Quina sorpresa! No era qui pens\u00e0vem!Pots endevinar [&hellip;]","protected":false},"featured_media":17282,"template":"","meta":{"_acf_changed":false,"_exactmetrics_skip_tracking":false,"_exactmetrics_sitenote_active":false,"_exactmetrics_sitenote_note":"","_exactmetrics_sitenote_category":0},"product_brand":[],"product_cat":[899,1121,1138,1128],"product_tag":[],"coleccion":[951],"class_list":{"0":"post-6316","1":"product","2":"type-product","3":"status-publish","4":"has-post-thumbnail","6":"product_cat-a-partir-de-3-anos","7":"product_cat-albumes-ilustrados","8":"product_cat-animales","9":"product_cat-tematica","10":"coleccion-els-meus-primers-contes","12":"first","13":"instock","14":"taxable","15":"shipping-taxable","16":"purchasable","17":"product-type-simple"},"acf":{"autor":"Shibuya. Junko","codart":"4467","ediciones":"1","encuadernacion":"Carton\u00e9","fecha_de_publicacion":"01\/02\/2018","novedad":"0","paginas":"48","subtitulo":"","texto_web_adicional":"","texto_web_novedad":"","orden":"999","portada":"0","texto_web_resaltado":"","indice":"","autores-libros":[16616],"ilustradores-libros":[16616],"traductores-libros":[58416],"descripcion_corta":"","recomendamos":"","mas_vendido":"","idioma-libro":"","color":false,"formato":"","mas_informacion_del_producto":false,"premios":false,"texto_enlace_cubierta":"","enlace_cubierta":{"ID":24318,"id":24318,"title":"l-oficina-dels-objectes-perduts-cover","filename":"l-oficina-dels-objectes-perduts-cover.jpg","filesize":65650,"url":"https:\/\/www.editorialjuventud.es\/wp-content\/uploads\/l-oficina-dels-objectes-perduts-cover.jpg","link":"https:\/\/www.editorialjuventud.es\/ca\/?attachment_id=24318","alt":"","author":"47","description":"","caption":"","name":"l-oficina-dels-objectes-perduts-cover","status":"inherit","uploaded_to":6316,"date":"2019-04-16 08:24:05","modified":"2019-04-16 08:24:05","menu_order":0,"mime_type":"image\/jpeg","type":"image","subtype":"jpeg","icon":"https:\/\/www.editorialjuventud.es\/wp-includes\/images\/media\/default.png","width":1078,"height":1200,"sizes":{"thumbnail":"https:\/\/www.editorialjuventud.es\/wp-content\/uploads\/l-oficina-dels-objectes-perduts-cover-200x200.jpg","thumbnail-width":200,"thumbnail-height":200,"medium":"https:\/\/www.editorialjuventud.es\/wp-content\/uploads\/l-oficina-dels-objectes-perduts-cover.jpg","medium-width":1078,"medium-height":1200,"medium_large":"https:\/\/www.editorialjuventud.es\/wp-content\/uploads\/l-oficina-dels-objectes-perduts-cover-768x855.jpg","medium_large-width":768,"medium_large-height":855,"large":"https:\/\/www.editorialjuventud.es\/wp-content\/uploads\/l-oficina-dels-objectes-perduts-cover.jpg","large-width":1078,"large-height":1200,"1536x1536":"https:\/\/www.editorialjuventud.es\/wp-content\/uploads\/l-oficina-dels-objectes-perduts-cover.jpg","1536x1536-width":1078,"1536x1536-height":1200,"2048x2048":"https:\/\/www.editorialjuventud.es\/wp-content\/uploads\/l-oficina-dels-objectes-perduts-cover.jpg","2048x2048-width":1078,"2048x2048-height":1200,"woocommerce_thumbnail":"https:\/\/www.editorialjuventud.es\/wp-content\/uploads\/l-oficina-dels-objectes-perduts-cover-350x390.jpg","woocommerce_thumbnail-width":350,"woocommerce_thumbnail-height":390,"woocommerce_single":"https:\/\/www.editorialjuventud.es\/wp-content\/uploads\/l-oficina-dels-objectes-perduts-cover-900x1002.jpg","woocommerce_single-width":900,"woocommerce_single-height":1002,"woocommerce_gallery_thumbnail":"https:\/\/www.editorialjuventud.es\/wp-content\/uploads\/l-oficina-dels-objectes-perduts-cover-100x100.jpg","woocommerce_gallery_thumbnail-width":100,"woocommerce_gallery_thumbnail-height":100,"ppec_logo_image_size":"https:\/\/www.editorialjuventud.es\/wp-content\/uploads\/l-oficina-dels-objectes-perduts-cover.jpg","ppec_logo_image_size-width":54,"ppec_logo_image_size-height":60,"ppec_header_image_size":"https:\/\/www.editorialjuventud.es\/wp-content\/uploads\/l-oficina-dels-objectes-perduts-cover.jpg","ppec_header_image_size-width":81,"ppec_header_image_size-height":90}},"texto_enlace_ficha_tecnica":"","enlace_ficha_tecnica":{"ID":24320,"id":24320,"title":"L'oficina dels objectes perduts Fitxa","filename":"Loficina-dels-objectes-perduts-Fitxa.pdf","filesize":177307,"url":"https:\/\/www.editorialjuventud.es\/wp-content\/uploads\/Loficina-dels-objectes-perduts-Fitxa.pdf","link":"https:\/\/www.editorialjuventud.es\/ca\/?attachment_id=24320","alt":"","author":"47","description":"","caption":"","name":"loficina-dels-objectes-perduts-fitxa","status":"inherit","uploaded_to":6316,"date":"2019-04-16 08:24:18","modified":"2019-04-16 08:24:18","menu_order":0,"mime_type":"application\/pdf","type":"application","subtype":"pdf","icon":"https:\/\/www.editorialjuventud.es\/wp-includes\/images\/media\/document.png"},"ficheros":false,"titulo-fr":"","texto-fr":""},"yoast_head":"<!-- This site is optimized with the Yoast SEO plugin v27.5 - https:\/\/yoast.com\/product\/yoast-seo-wordpress\/ -->\n<title>L&#039;oficina dels objectes perduts - Editorial Juventud<\/title>\n<meta name=\"description\" content=\"Cada dia, el Senyor Gos recull els objectes que troba al bosc i els seus voltants i els porta a la seva oficina d&#039;objectes perduts.Quan un animal va a\" \/>\n<meta name=\"robots\" content=\"index, follow, max-snippet:-1, max-image-preview:large, max-video-preview:-1\" \/>\n<link rel=\"canonical\" href=\"https:\/\/www.editorialjuventud.es\/loficina-dels-objectes-perduts-9788426144676\/\" \/>\n<meta property=\"og:locale\" content=\"ca_ES\" \/>\n<meta property=\"og:type\" content=\"article\" \/>\n<meta property=\"og:title\" content=\"L&#039;oficina dels objectes perduts - Editorial Juventud\" \/>\n<meta property=\"og:description\" content=\"Cada dia, el Senyor Gos recull els objectes que troba al bosc i els seus voltants i els porta a la seva oficina d&#039;objectes perduts.Quan un animal va a\" \/>\n<meta property=\"og:url\" content=\"https:\/\/www.editorialjuventud.es\/loficina-dels-objectes-perduts-9788426144676\/\" \/>\n<meta property=\"og:site_name\" content=\"Editorial Juventud\" \/>\n<meta property=\"article:modified_time\" content=\"2025-01-22T12:00:32+00:00\" \/>\n<meta property=\"og:image\" content=\"https:\/\/www.editorialjuventud.es\/wp-content\/uploads\/4467.jpg\" \/>\n\t<meta property=\"og:image:width\" content=\"398\" \/>\n\t<meta property=\"og:image:height\" content=\"450\" \/>\n\t<meta property=\"og:image:type\" content=\"image\/jpeg\" \/>\n<meta name=\"twitter:card\" content=\"summary_large_image\" \/>\n<meta name=\"twitter:label1\" content=\"Temps estimat de lectura\" \/>\n\t<meta name=\"twitter:data1\" content=\"1 minut\" \/>\n<script type=\"application\/ld+json\" class=\"yoast-schema-graph\">{\"@context\":\"https:\\\/\\\/schema.org\",\"@graph\":[{\"@type\":\"WebPage\",\"@id\":\"https:\\\/\\\/www.editorialjuventud.es\\\/loficina-dels-objectes-perduts-9788426144676\\\/\",\"url\":\"https:\\\/\\\/www.editorialjuventud.es\\\/loficina-dels-objectes-perduts-9788426144676\\\/\",\"name\":\"L'oficina dels objectes perduts - Editorial Juventud\",\"isPartOf\":{\"@id\":\"https:\\\/\\\/www.editorialjuventud.es\\\/#website\"},\"primaryImageOfPage\":{\"@id\":\"https:\\\/\\\/www.editorialjuventud.es\\\/loficina-dels-objectes-perduts-9788426144676\\\/#primaryimage\"},\"image\":{\"@id\":\"https:\\\/\\\/www.editorialjuventud.es\\\/loficina-dels-objectes-perduts-9788426144676\\\/#primaryimage\"},\"thumbnailUrl\":\"https:\\\/\\\/www.editorialjuventud.es\\\/wp-content\\\/uploads\\\/4467.jpg\",\"datePublished\":\"2018-08-24T10:13:46+00:00\",\"dateModified\":\"2025-01-22T12:00:32+00:00\",\"description\":\"Cada dia, el Senyor Gos recull els objectes que troba al bosc i els seus voltants i els porta a la seva oficina d'objectes perduts.Quan un animal va a\",\"breadcrumb\":{\"@id\":\"https:\\\/\\\/www.editorialjuventud.es\\\/loficina-dels-objectes-perduts-9788426144676\\\/#breadcrumb\"},\"inLanguage\":\"ca\",\"potentialAction\":[{\"@type\":\"ReadAction\",\"target\":[\"https:\\\/\\\/www.editorialjuventud.es\\\/loficina-dels-objectes-perduts-9788426144676\\\/\"]}]},{\"@type\":\"ImageObject\",\"inLanguage\":\"ca\",\"@id\":\"https:\\\/\\\/www.editorialjuventud.es\\\/loficina-dels-objectes-perduts-9788426144676\\\/#primaryimage\",\"url\":\"https:\\\/\\\/www.editorialjuventud.es\\\/wp-content\\\/uploads\\\/4467.jpg\",\"contentUrl\":\"https:\\\/\\\/www.editorialjuventud.es\\\/wp-content\\\/uploads\\\/4467.jpg\",\"width\":398,\"height\":450,\"caption\":\"4467.jpg\"},{\"@type\":\"BreadcrumbList\",\"@id\":\"https:\\\/\\\/www.editorialjuventud.es\\\/loficina-dels-objectes-perduts-9788426144676\\\/#breadcrumb\",\"itemListElement\":[{\"@type\":\"ListItem\",\"position\":1,\"name\":\"Portada\",\"item\":\"https:\\\/\\\/www.editorialjuventud.es\\\/\"},{\"@type\":\"ListItem\",\"position\":2,\"name\":\"cat\u00e1logo\",\"item\":\"https:\\\/\\\/www.editorialjuventud.es\\\/coleccion\\\/catalogo\\\/\"},{\"@type\":\"ListItem\",\"position\":3,\"name\":\"catal\u00e0\",\"item\":\"https:\\\/\\\/www.editorialjuventud.es\\\/coleccion\\\/catala\\\/\"},{\"@type\":\"ListItem\",\"position\":4,\"name\":\"\u00c0lbums Il\u00b7lustrats\",\"item\":\"https:\\\/\\\/www.editorialjuventud.es\\\/coleccion\\\/albums-il%c2%b7lustrats\\\/\"},{\"@type\":\"ListItem\",\"position\":5,\"name\":\"Els Meus Primers Contes\",\"item\":\"https:\\\/\\\/www.editorialjuventud.es\\\/coleccion\\\/els-meus-primers-contes\\\/\"},{\"@type\":\"ListItem\",\"position\":6,\"name\":\"L'oficina dels objectes perduts\"}]},{\"@type\":\"WebSite\",\"@id\":\"https:\\\/\\\/www.editorialjuventud.es\\\/#website\",\"url\":\"https:\\\/\\\/www.editorialjuventud.es\\\/\",\"name\":\"Editorial Juventud\",\"description\":\"\",\"potentialAction\":[{\"@type\":\"SearchAction\",\"target\":{\"@type\":\"EntryPoint\",\"urlTemplate\":\"https:\\\/\\\/www.editorialjuventud.es\\\/?s={search_term_string}\"},\"query-input\":{\"@type\":\"PropertyValueSpecification\",\"valueRequired\":true,\"valueName\":\"search_term_string\"}}],\"inLanguage\":\"ca\"}]}<\/script>\n<!-- \/ Yoast SEO plugin. -->","yoast_head_json":{"title":"L'oficina dels objectes perduts - Editorial Juventud","description":"Cada dia, el Senyor Gos recull els objectes que troba al bosc i els seus voltants i els porta a la seva oficina d'objectes perduts.Quan un animal va a","robots":{"index":"index","follow":"follow","max-snippet":"max-snippet:-1","max-image-preview":"max-image-preview:large","max-video-preview":"max-video-preview:-1"},"canonical":"https:\/\/www.editorialjuventud.es\/loficina-dels-objectes-perduts-9788426144676\/","og_locale":"ca_ES","og_type":"article","og_title":"L'oficina dels objectes perduts - Editorial Juventud","og_description":"Cada dia, el Senyor Gos recull els objectes que troba al bosc i els seus voltants i els porta a la seva oficina d'objectes perduts.Quan un animal va a","og_url":"https:\/\/www.editorialjuventud.es\/loficina-dels-objectes-perduts-9788426144676\/","og_site_name":"Editorial Juventud","article_modified_time":"2025-01-22T12:00:32+00:00","og_image":[{"width":398,"height":450,"url":"https:\/\/www.editorialjuventud.es\/wp-content\/uploads\/4467.jpg","type":"image\/jpeg"}],"twitter_card":"summary_large_image","twitter_misc":{"Temps estimat de lectura":"1 minut"},"schema":{"@context":"https:\/\/schema.org","@graph":[{"@type":"WebPage","@id":"https:\/\/www.editorialjuventud.es\/loficina-dels-objectes-perduts-9788426144676\/","url":"https:\/\/www.editorialjuventud.es\/loficina-dels-objectes-perduts-9788426144676\/","name":"L'oficina dels objectes perduts - Editorial Juventud","isPartOf":{"@id":"https:\/\/www.editorialjuventud.es\/#website"},"primaryImageOfPage":{"@id":"https:\/\/www.editorialjuventud.es\/loficina-dels-objectes-perduts-9788426144676\/#primaryimage"},"image":{"@id":"https:\/\/www.editorialjuventud.es\/loficina-dels-objectes-perduts-9788426144676\/#primaryimage"},"thumbnailUrl":"https:\/\/www.editorialjuventud.es\/wp-content\/uploads\/4467.jpg","datePublished":"2018-08-24T10:13:46+00:00","dateModified":"2025-01-22T12:00:32+00:00","description":"Cada dia, el Senyor Gos recull els objectes que troba al bosc i els seus voltants i els porta a la seva oficina d'objectes perduts.Quan un animal va a","breadcrumb":{"@id":"https:\/\/www.editorialjuventud.es\/loficina-dels-objectes-perduts-9788426144676\/#breadcrumb"},"inLanguage":"ca","potentialAction":[{"@type":"ReadAction","target":["https:\/\/www.editorialjuventud.es\/loficina-dels-objectes-perduts-9788426144676\/"]}]},{"@type":"ImageObject","inLanguage":"ca","@id":"https:\/\/www.editorialjuventud.es\/loficina-dels-objectes-perduts-9788426144676\/#primaryimage","url":"https:\/\/www.editorialjuventud.es\/wp-content\/uploads\/4467.jpg","contentUrl":"https:\/\/www.editorialjuventud.es\/wp-content\/uploads\/4467.jpg","width":398,"height":450,"caption":"4467.jpg"},{"@type":"BreadcrumbList","@id":"https:\/\/www.editorialjuventud.es\/loficina-dels-objectes-perduts-9788426144676\/#breadcrumb","itemListElement":[{"@type":"ListItem","position":1,"name":"Portada","item":"https:\/\/www.editorialjuventud.es\/"},{"@type":"ListItem","position":2,"name":"cat\u00e1logo","item":"https:\/\/www.editorialjuventud.es\/coleccion\/catalogo\/"},{"@type":"ListItem","position":3,"name":"catal\u00e0","item":"https:\/\/www.editorialjuventud.es\/coleccion\/catala\/"},{"@type":"ListItem","position":4,"name":"\u00c0lbums Il\u00b7lustrats","item":"https:\/\/www.editorialjuventud.es\/coleccion\/albums-il%c2%b7lustrats\/"},{"@type":"ListItem","position":5,"name":"Els Meus Primers Contes","item":"https:\/\/www.editorialjuventud.es\/coleccion\/els-meus-primers-contes\/"},{"@type":"ListItem","position":6,"name":"L'oficina dels objectes perduts"}]},{"@type":"WebSite","@id":"https:\/\/www.editorialjuventud.es\/#website","url":"https:\/\/www.editorialjuventud.es\/","name":"Editorial Juventud","description":"","potentialAction":[{"@type":"SearchAction","target":{"@type":"EntryPoint","urlTemplate":"https:\/\/www.editorialjuventud.es\/?s={search_term_string}"},"query-input":{"@type":"PropertyValueSpecification","valueRequired":true,"valueName":"search_term_string"}}],"inLanguage":"ca"}]}},"_links":{"self":[{"href":"https:\/\/www.editorialjuventud.es\/ca\/wp-json\/wp\/v2\/product\/6316","targetHints":{"allow":["GET"]}}],"collection":[{"href":"https:\/\/www.editorialjuventud.es\/ca\/wp-json\/wp\/v2\/product"}],"about":[{"href":"https:\/\/www.editorialjuventud.es\/ca\/wp-json\/wp\/v2\/types\/product"}],"wp:featuredmedia":[{"embeddable":true,"href":"https:\/\/www.editorialjuventud.es\/ca\/wp-json\/wp\/v2\/media\/17282"}],"wp:attachment":[{"href":"https:\/\/www.editorialjuventud.es\/ca\/wp-json\/wp\/v2\/media?parent=6316"}],"wp:term":[{"taxonomy":"product_brand","embeddable":true,"href":"https:\/\/www.editorialjuventud.es\/ca\/wp-json\/wp\/v2\/product_brand?post=6316"},{"taxonomy":"product_cat","embeddable":true,"href":"https:\/\/www.editorialjuventud.es\/ca\/wp-json\/wp\/v2\/product_cat?post=6316"},{"taxonomy":"product_tag","embeddable":true,"href":"https:\/\/www.editorialjuventud.es\/ca\/wp-json\/wp\/v2\/product_tag?post=6316"},{"taxonomy":"coleccion","embeddable":true,"href":"https:\/\/www.editorialjuventud.es\/ca\/wp-json\/wp\/v2\/coleccion?post=6316"}],"curies":[{"name":"wp","href":"https:\/\/api.w.org\/{rel}","templated":true}]}}