{"id":6315,"date":"2018-08-24T14:13:42","date_gmt":"2018-08-24T10:13:42","guid":{"rendered":"http:\/\/www.editorialjuventud.es\/la-oficina-de-objetos-perdidos\/"},"modified":"2025-01-22T13:01:00","modified_gmt":"2025-01-22T12:01:00","slug":"la-oficina-de-objetos-perdidos-9788426144669","status":"publish","type":"product","link":"https:\/\/www.editorialjuventud.es\/ca\/la-oficina-de-objetos-perdidos-9788426144669\/","title":{"rendered":"La oficina de objetos perdidos"},"content":{"rendered":"<p>Cada d\u00eda, el Se\u00f1or Perro recoge los objetos que encuentra en el bosque y sus alrededores y los lleva a su oficina de objetos perdidos. Cuando un animal va a recoger un objeto perdido&#8230; \u00a1Vaya sorpresa! \u00a1No era qui\u00e9n pens\u00e1bamos! \u00bfPuedes adivinar de qu\u00e9 animal se trata cuando dice el objeto que ha perdido? La puesta en escena de este libro tiene todos los ingredientes para captar la atenci\u00f3n de los m\u00e1s peque\u00f1os: una oficina de objetos perdidos, unos animales despistados que necesitan ayuda y un juego que aprovecha los hallazgos que el Sr. Perro guarda en la estanter\u00eda para adivinar la evoluci\u00f3n de los personajes. Un \u00e1lbum l\u00fadico con el que divertirse adivinando qu\u00e9 animal esconde a otro, y con un sorprendente final que dar\u00e1 a los ni\u00f1os otra oportunidad para volver a leerlo con una nueva mirada sobre la historia?<\/p>\n","protected":false},"excerpt":{"rendered":"Cada d\u00eda, el Se\u00f1or Perro recoge los objetos que encuentra en el bosque y sus alrededores y los lleva a su oficina de objetos perdidos. Cuando un animal va a recoger un objeto perdido&#8230; \u00a1Vaya sorpresa! \u00a1No era qui\u00e9n pens\u00e1bamos! [&hellip;]","protected":false},"featured_media":17280,"template":"","meta":{"_acf_changed":false,"_exactmetrics_skip_tracking":false,"_exactmetrics_sitenote_active":false,"_exactmetrics_sitenote_note":"","_exactmetrics_sitenote_category":0},"product_brand":[],"product_cat":[899,1121,1138],"product_tag":[],"coleccion":[997],"class_list":{"0":"post-6315","1":"product","2":"type-product","3":"status-publish","4":"has-post-thumbnail","6":"product_cat-a-partir-de-3-anos","7":"product_cat-albumes-ilustrados","8":"product_cat-animales","9":"coleccion-mis-primeros-cuentos","11":"first","12":"instock","13":"taxable","14":"shipping-taxable","15":"purchasable","16":"product-type-simple"},"acf":{"autor":"Shibuya, Junko","codart":"4466","ediciones":"1","encuadernacion":"Carton\u00e9","fecha_de_publicacion":"01\/02\/2018","novedad":"0","paginas":"48","subtitulo":"","texto_web_adicional":"","texto_web_novedad":"","orden":"999","portada":"0","texto_web_resaltado":"","indice":"","autores-libros":[16616],"ilustradores-libros":[16616],"traductores-libros":"","descripcion_corta":"","recomendamos":"","mas_vendido":"","idioma-libro":"","color":false,"formato":"","mas_informacion_del_producto":false,"premios":false,"texto_enlace_cubierta":"","enlace_cubierta":{"ID":24127,"id":24127,"title":"cover OFICINA DE LOS OBJETOS.indd","filename":"La-oficina-de-objetos-perdidos-cover.jpg","filesize":155310,"url":"https:\/\/www.editorialjuventud.es\/wp-content\/uploads\/La-oficina-de-objetos-perdidos-cover.jpg","link":"https:\/\/www.editorialjuventud.es\/ca\/?attachment_id=24127","alt":"","author":"47","description":"","caption":"","name":"cover-oficina-de-los-objetos-indd","status":"inherit","uploaded_to":6315,"date":"2019-04-15 12:26:23","modified":"2019-04-15 12:26:23","menu_order":0,"mime_type":"image\/jpeg","type":"image","subtype":"jpeg","icon":"https:\/\/www.editorialjuventud.es\/wp-includes\/images\/media\/default.png","width":2185,"height":2433,"sizes":{"thumbnail":"https:\/\/www.editorialjuventud.es\/wp-content\/uploads\/La-oficina-de-objetos-perdidos-cover-200x200.jpg","thumbnail-width":200,"thumbnail-height":200,"medium":"https:\/\/www.editorialjuventud.es\/wp-content\/uploads\/La-oficina-de-objetos-perdidos-cover.jpg","medium-width":2185,"medium-height":2433,"medium_large":"https:\/\/www.editorialjuventud.es\/wp-content\/uploads\/La-oficina-de-objetos-perdidos-cover-768x855.jpg","medium_large-width":768,"medium_large-height":855,"large":"https:\/\/www.editorialjuventud.es\/wp-content\/uploads\/La-oficina-de-objetos-perdidos-cover.jpg","large-width":2185,"large-height":2433,"1536x1536":"https:\/\/www.editorialjuventud.es\/wp-content\/uploads\/La-oficina-de-objetos-perdidos-cover.jpg","1536x1536-width":1379,"1536x1536-height":1536,"2048x2048":"https:\/\/www.editorialjuventud.es\/wp-content\/uploads\/La-oficina-de-objetos-perdidos-cover.jpg","2048x2048-width":1839,"2048x2048-height":2048,"woocommerce_thumbnail":"https:\/\/www.editorialjuventud.es\/wp-content\/uploads\/La-oficina-de-objetos-perdidos-cover-350x390.jpg","woocommerce_thumbnail-width":350,"woocommerce_thumbnail-height":390,"woocommerce_single":"https:\/\/www.editorialjuventud.es\/wp-content\/uploads\/La-oficina-de-objetos-perdidos-cover-900x1002.jpg","woocommerce_single-width":900,"woocommerce_single-height":1002,"woocommerce_gallery_thumbnail":"https:\/\/www.editorialjuventud.es\/wp-content\/uploads\/La-oficina-de-objetos-perdidos-cover-100x100.jpg","woocommerce_gallery_thumbnail-width":100,"woocommerce_gallery_thumbnail-height":100,"ppec_logo_image_size":"https:\/\/www.editorialjuventud.es\/wp-content\/uploads\/La-oficina-de-objetos-perdidos-cover.jpg","ppec_logo_image_size-width":54,"ppec_logo_image_size-height":60,"ppec_header_image_size":"https:\/\/www.editorialjuventud.es\/wp-content\/uploads\/La-oficina-de-objetos-perdidos-cover.jpg","ppec_header_image_size-width":81,"ppec_header_image_size-height":90}},"texto_enlace_ficha_tecnica":"","enlace_ficha_tecnica":{"ID":24129,"id":24129,"title":"La oficina de los objetos perdidos Ficha","filename":"La-oficina-de-los-objetos-perdidos-Ficha.pdf","filesize":176994,"url":"https:\/\/www.editorialjuventud.es\/wp-content\/uploads\/La-oficina-de-los-objetos-perdidos-Ficha.pdf","link":"https:\/\/www.editorialjuventud.es\/ca\/?attachment_id=24129","alt":"","author":"47","description":"","caption":"","name":"la-oficina-de-los-objetos-perdidos-ficha","status":"inherit","uploaded_to":6315,"date":"2019-04-15 12:26:35","modified":"2019-04-15 12:26:35","menu_order":0,"mime_type":"application\/pdf","type":"application","subtype":"pdf","icon":"https:\/\/www.editorialjuventud.es\/wp-includes\/images\/media\/document.png"},"ficheros":false,"titulo-fr":"","texto-fr":""},"yoast_head":"<!-- This site is optimized with the Yoast SEO plugin v27.5 - https:\/\/yoast.com\/product\/yoast-seo-wordpress\/ -->\n<title>La oficina de objetos perdidos - Editorial Juventud<\/title>\n<meta name=\"description\" content=\"Cada d\u00eda, el Se\u00f1or Perro recoge los objetos que encuentra en el bosque y sus alrededores y los lleva a su oficina de objetos perdidos. Cuando un animal va\" \/>\n<meta name=\"robots\" content=\"index, follow, max-snippet:-1, max-image-preview:large, max-video-preview:-1\" \/>\n<link rel=\"canonical\" href=\"https:\/\/www.editorialjuventud.es\/la-oficina-de-objetos-perdidos-9788426144669\/\" \/>\n<meta property=\"og:locale\" content=\"ca_ES\" \/>\n<meta property=\"og:type\" content=\"article\" \/>\n<meta property=\"og:title\" content=\"La oficina de objetos perdidos - Editorial Juventud\" \/>\n<meta property=\"og:description\" content=\"Cada d\u00eda, el Se\u00f1or Perro recoge los objetos que encuentra en el bosque y sus alrededores y los lleva a su oficina de objetos perdidos. Cuando un animal va\" \/>\n<meta property=\"og:url\" content=\"https:\/\/www.editorialjuventud.es\/la-oficina-de-objetos-perdidos-9788426144669\/\" \/>\n<meta property=\"og:site_name\" content=\"Editorial Juventud\" \/>\n<meta property=\"article:modified_time\" content=\"2025-01-22T12:01:00+00:00\" \/>\n<meta property=\"og:image\" content=\"https:\/\/www.editorialjuventud.es\/wp-content\/uploads\/4466.jpg\" \/>\n\t<meta property=\"og:image:width\" content=\"402\" \/>\n\t<meta property=\"og:image:height\" content=\"450\" \/>\n\t<meta property=\"og:image:type\" content=\"image\/jpeg\" \/>\n<meta name=\"twitter:card\" content=\"summary_large_image\" \/>\n<meta name=\"twitter:label1\" content=\"Temps estimat de lectura\" \/>\n\t<meta name=\"twitter:data1\" content=\"1 minut\" \/>\n<script type=\"application\/ld+json\" class=\"yoast-schema-graph\">{\"@context\":\"https:\\\/\\\/schema.org\",\"@graph\":[{\"@type\":\"WebPage\",\"@id\":\"https:\\\/\\\/www.editorialjuventud.es\\\/la-oficina-de-objetos-perdidos-9788426144669\\\/\",\"url\":\"https:\\\/\\\/www.editorialjuventud.es\\\/la-oficina-de-objetos-perdidos-9788426144669\\\/\",\"name\":\"La oficina de objetos perdidos - Editorial Juventud\",\"isPartOf\":{\"@id\":\"https:\\\/\\\/www.editorialjuventud.es\\\/#website\"},\"primaryImageOfPage\":{\"@id\":\"https:\\\/\\\/www.editorialjuventud.es\\\/la-oficina-de-objetos-perdidos-9788426144669\\\/#primaryimage\"},\"image\":{\"@id\":\"https:\\\/\\\/www.editorialjuventud.es\\\/la-oficina-de-objetos-perdidos-9788426144669\\\/#primaryimage\"},\"thumbnailUrl\":\"https:\\\/\\\/www.editorialjuventud.es\\\/wp-content\\\/uploads\\\/4466.jpg\",\"datePublished\":\"2018-08-24T10:13:42+00:00\",\"dateModified\":\"2025-01-22T12:01:00+00:00\",\"description\":\"Cada d\u00eda, el Se\u00f1or Perro recoge los objetos que encuentra en el bosque y sus alrededores y los lleva a su oficina de objetos perdidos. Cuando un animal va\",\"breadcrumb\":{\"@id\":\"https:\\\/\\\/www.editorialjuventud.es\\\/la-oficina-de-objetos-perdidos-9788426144669\\\/#breadcrumb\"},\"inLanguage\":\"ca\",\"potentialAction\":[{\"@type\":\"ReadAction\",\"target\":[\"https:\\\/\\\/www.editorialjuventud.es\\\/la-oficina-de-objetos-perdidos-9788426144669\\\/\"]}]},{\"@type\":\"ImageObject\",\"inLanguage\":\"ca\",\"@id\":\"https:\\\/\\\/www.editorialjuventud.es\\\/la-oficina-de-objetos-perdidos-9788426144669\\\/#primaryimage\",\"url\":\"https:\\\/\\\/www.editorialjuventud.es\\\/wp-content\\\/uploads\\\/4466.jpg\",\"contentUrl\":\"https:\\\/\\\/www.editorialjuventud.es\\\/wp-content\\\/uploads\\\/4466.jpg\",\"width\":402,\"height\":450,\"caption\":\"4466.jpg\"},{\"@type\":\"BreadcrumbList\",\"@id\":\"https:\\\/\\\/www.editorialjuventud.es\\\/la-oficina-de-objetos-perdidos-9788426144669\\\/#breadcrumb\",\"itemListElement\":[{\"@type\":\"ListItem\",\"position\":1,\"name\":\"Portada\",\"item\":\"https:\\\/\\\/www.editorialjuventud.es\\\/\"},{\"@type\":\"ListItem\",\"position\":2,\"name\":\"cat\u00e1logo\",\"item\":\"https:\\\/\\\/www.editorialjuventud.es\\\/coleccion\\\/catalogo\\\/\"},{\"@type\":\"ListItem\",\"position\":3,\"name\":\"castellano\",\"item\":\"https:\\\/\\\/www.editorialjuventud.es\\\/coleccion\\\/castellano\\\/\"},{\"@type\":\"ListItem\",\"position\":4,\"name\":\"\u00c1lbumes Ilustrados\",\"item\":\"https:\\\/\\\/www.editorialjuventud.es\\\/coleccion\\\/albumes-ilustrados\\\/\"},{\"@type\":\"ListItem\",\"position\":5,\"name\":\"Mis Primeros Cuentos\",\"item\":\"https:\\\/\\\/www.editorialjuventud.es\\\/coleccion\\\/mis-primeros-cuentos\\\/\"},{\"@type\":\"ListItem\",\"position\":6,\"name\":\"La oficina de objetos perdidos\"}]},{\"@type\":\"WebSite\",\"@id\":\"https:\\\/\\\/www.editorialjuventud.es\\\/#website\",\"url\":\"https:\\\/\\\/www.editorialjuventud.es\\\/\",\"name\":\"Editorial Juventud\",\"description\":\"\",\"potentialAction\":[{\"@type\":\"SearchAction\",\"target\":{\"@type\":\"EntryPoint\",\"urlTemplate\":\"https:\\\/\\\/www.editorialjuventud.es\\\/?s={search_term_string}\"},\"query-input\":{\"@type\":\"PropertyValueSpecification\",\"valueRequired\":true,\"valueName\":\"search_term_string\"}}],\"inLanguage\":\"ca\"}]}<\/script>\n<!-- \/ Yoast SEO plugin. -->","yoast_head_json":{"title":"La oficina de objetos perdidos - Editorial Juventud","description":"Cada d\u00eda, el Se\u00f1or Perro recoge los objetos que encuentra en el bosque y sus alrededores y los lleva a su oficina de objetos perdidos. Cuando un animal va","robots":{"index":"index","follow":"follow","max-snippet":"max-snippet:-1","max-image-preview":"max-image-preview:large","max-video-preview":"max-video-preview:-1"},"canonical":"https:\/\/www.editorialjuventud.es\/la-oficina-de-objetos-perdidos-9788426144669\/","og_locale":"ca_ES","og_type":"article","og_title":"La oficina de objetos perdidos - Editorial Juventud","og_description":"Cada d\u00eda, el Se\u00f1or Perro recoge los objetos que encuentra en el bosque y sus alrededores y los lleva a su oficina de objetos perdidos. Cuando un animal va","og_url":"https:\/\/www.editorialjuventud.es\/la-oficina-de-objetos-perdidos-9788426144669\/","og_site_name":"Editorial Juventud","article_modified_time":"2025-01-22T12:01:00+00:00","og_image":[{"width":402,"height":450,"url":"https:\/\/www.editorialjuventud.es\/wp-content\/uploads\/4466.jpg","type":"image\/jpeg"}],"twitter_card":"summary_large_image","twitter_misc":{"Temps estimat de lectura":"1 minut"},"schema":{"@context":"https:\/\/schema.org","@graph":[{"@type":"WebPage","@id":"https:\/\/www.editorialjuventud.es\/la-oficina-de-objetos-perdidos-9788426144669\/","url":"https:\/\/www.editorialjuventud.es\/la-oficina-de-objetos-perdidos-9788426144669\/","name":"La oficina de objetos perdidos - Editorial Juventud","isPartOf":{"@id":"https:\/\/www.editorialjuventud.es\/#website"},"primaryImageOfPage":{"@id":"https:\/\/www.editorialjuventud.es\/la-oficina-de-objetos-perdidos-9788426144669\/#primaryimage"},"image":{"@id":"https:\/\/www.editorialjuventud.es\/la-oficina-de-objetos-perdidos-9788426144669\/#primaryimage"},"thumbnailUrl":"https:\/\/www.editorialjuventud.es\/wp-content\/uploads\/4466.jpg","datePublished":"2018-08-24T10:13:42+00:00","dateModified":"2025-01-22T12:01:00+00:00","description":"Cada d\u00eda, el Se\u00f1or Perro recoge los objetos que encuentra en el bosque y sus alrededores y los lleva a su oficina de objetos perdidos. Cuando un animal va","breadcrumb":{"@id":"https:\/\/www.editorialjuventud.es\/la-oficina-de-objetos-perdidos-9788426144669\/#breadcrumb"},"inLanguage":"ca","potentialAction":[{"@type":"ReadAction","target":["https:\/\/www.editorialjuventud.es\/la-oficina-de-objetos-perdidos-9788426144669\/"]}]},{"@type":"ImageObject","inLanguage":"ca","@id":"https:\/\/www.editorialjuventud.es\/la-oficina-de-objetos-perdidos-9788426144669\/#primaryimage","url":"https:\/\/www.editorialjuventud.es\/wp-content\/uploads\/4466.jpg","contentUrl":"https:\/\/www.editorialjuventud.es\/wp-content\/uploads\/4466.jpg","width":402,"height":450,"caption":"4466.jpg"},{"@type":"BreadcrumbList","@id":"https:\/\/www.editorialjuventud.es\/la-oficina-de-objetos-perdidos-9788426144669\/#breadcrumb","itemListElement":[{"@type":"ListItem","position":1,"name":"Portada","item":"https:\/\/www.editorialjuventud.es\/"},{"@type":"ListItem","position":2,"name":"cat\u00e1logo","item":"https:\/\/www.editorialjuventud.es\/coleccion\/catalogo\/"},{"@type":"ListItem","position":3,"name":"castellano","item":"https:\/\/www.editorialjuventud.es\/coleccion\/castellano\/"},{"@type":"ListItem","position":4,"name":"\u00c1lbumes Ilustrados","item":"https:\/\/www.editorialjuventud.es\/coleccion\/albumes-ilustrados\/"},{"@type":"ListItem","position":5,"name":"Mis Primeros Cuentos","item":"https:\/\/www.editorialjuventud.es\/coleccion\/mis-primeros-cuentos\/"},{"@type":"ListItem","position":6,"name":"La oficina de objetos perdidos"}]},{"@type":"WebSite","@id":"https:\/\/www.editorialjuventud.es\/#website","url":"https:\/\/www.editorialjuventud.es\/","name":"Editorial Juventud","description":"","potentialAction":[{"@type":"SearchAction","target":{"@type":"EntryPoint","urlTemplate":"https:\/\/www.editorialjuventud.es\/?s={search_term_string}"},"query-input":{"@type":"PropertyValueSpecification","valueRequired":true,"valueName":"search_term_string"}}],"inLanguage":"ca"}]}},"_links":{"self":[{"href":"https:\/\/www.editorialjuventud.es\/ca\/wp-json\/wp\/v2\/product\/6315","targetHints":{"allow":["GET"]}}],"collection":[{"href":"https:\/\/www.editorialjuventud.es\/ca\/wp-json\/wp\/v2\/product"}],"about":[{"href":"https:\/\/www.editorialjuventud.es\/ca\/wp-json\/wp\/v2\/types\/product"}],"wp:featuredmedia":[{"embeddable":true,"href":"https:\/\/www.editorialjuventud.es\/ca\/wp-json\/wp\/v2\/media\/17280"}],"wp:attachment":[{"href":"https:\/\/www.editorialjuventud.es\/ca\/wp-json\/wp\/v2\/media?parent=6315"}],"wp:term":[{"taxonomy":"product_brand","embeddable":true,"href":"https:\/\/www.editorialjuventud.es\/ca\/wp-json\/wp\/v2\/product_brand?post=6315"},{"taxonomy":"product_cat","embeddable":true,"href":"https:\/\/www.editorialjuventud.es\/ca\/wp-json\/wp\/v2\/product_cat?post=6315"},{"taxonomy":"product_tag","embeddable":true,"href":"https:\/\/www.editorialjuventud.es\/ca\/wp-json\/wp\/v2\/product_tag?post=6315"},{"taxonomy":"coleccion","embeddable":true,"href":"https:\/\/www.editorialjuventud.es\/ca\/wp-json\/wp\/v2\/coleccion?post=6315"}],"curies":[{"name":"wp","href":"https:\/\/api.w.org\/{rel}","templated":true}]}}