{"id":6310,"date":"2018-08-24T12:13:22","date_gmt":"2018-08-24T10:13:22","guid":{"rendered":"http:\/\/www.editorialjuventud.es\/molt-adormit-molt-despert\/"},"modified":"2025-01-22T13:00:55","modified_gmt":"2025-01-22T12:00:55","slug":"molt-adormit-molt-despert-9788426144614","status":"publish","type":"product","link":"https:\/\/www.editorialjuventud.es\/ca\/molt-adormit-molt-despert-9788426144614\/","title":{"rendered":"Molt adormit, molt despert"},"content":{"rendered":"<p>Cansat, per\u00f2 mooolt despert: l&#8217;eterna batalla de l&#8217;hora d&#8217;anar a dormir! Hi ha molts personatges en aquest alegre llibre de cartr\u00f3 que no poden quedar-se adormits ni amb la millor de les seves intencions. <br \/>L&#8217;eri\u00e7\u00f3, la guineu, el ruc, el pelic\u00e0 i el cocodril estan mooolt adormits. Per\u00f2 la foca est\u00e0 mooolt desperta. Salta del llit perqu\u00e8 necessita fer pip\u00ed. Ara \u00e9s el cocodril qui est\u00e0 mooolt despert, perqu\u00e8 s&#8217;ha oblidat de rentarse les dents &#8230; <br \/>Un a un, els animals salten del llit i surten de l&#8217;habitaci\u00f3. La porta s&#8217;obre, la porta es tanca. <br \/>Aquesta divertida fugida del llit nom\u00e9s pot acabar amb un pet\u00f3 de bona nit.<\/p>\n","protected":false},"excerpt":{"rendered":"Cansat, per\u00f2 mooolt despert: l&#8217;eterna batalla de l&#8217;hora d&#8217;anar a dormir! Hi ha molts personatges en aquest alegre llibre de cartr\u00f3 que no poden quedar-se adormits ni amb la millor de les seves intencions. L&#8217;eri\u00e7\u00f3, la guineu, el ruc, el [&hellip;]","protected":false},"featured_media":17274,"template":"","meta":{"_acf_changed":false,"_exactmetrics_skip_tracking":false,"_exactmetrics_sitenote_active":false,"_exactmetrics_sitenote_note":"","_exactmetrics_sitenote_category":0},"product_brand":[],"product_cat":[898,1136,1156,907,1122,1128],"product_tag":[],"coleccion":[915,920,972],"class_list":{"0":"post-6310","1":"product","2":"type-product","3":"status-publish","4":"has-post-thumbnail","6":"product_cat-a-partir-de-2-anos","7":"product_cat-amistad","8":"product_cat-cooperacion","9":"product_cat-de-0-a-2-anos","10":"product_cat-libros-de-carton","11":"product_cat-tematica","12":"coleccion-catala","13":"coleccion-els-meus-primers-llibres","14":"coleccion-millor-amb-amics","16":"first","17":"instock","18":"taxable","19":"shipping-taxable","20":"purchasable","21":"product-type-simple"},"acf":{"autor":"Stra\u00dfer, Susanne","codart":"4461","ediciones":"3","encuadernacion":"Cart\u00f3n","fecha_de_publicacion":"01\/02\/2018","novedad":"0","paginas":"24","subtitulo":"","texto_web_adicional":"","texto_web_novedad":"","orden":"999","portada":"0","texto_web_resaltado":"","indice":"","autores-libros":[16631],"ilustradores-libros":[16631],"traductores-libros":[18265],"descripcion_corta":"","recomendamos":"","mas_vendido":"","idioma-libro":"","color":false,"formato":"","mas_informacion_del_producto":false,"premios":false,"texto_enlace_cubierta":"","enlace_cubierta":{"ID":24419,"id":24419,"title":"molt-adormit-molt-despert-cover","filename":"molt-adormit-molt-despert-cover.jpg","filesize":220429,"url":"https:\/\/www.editorialjuventud.es\/wp-content\/uploads\/molt-adormit-molt-despert-cover.jpg","link":"https:\/\/www.editorialjuventud.es\/ca\/?attachment_id=24419","alt":"","author":"47","description":"","caption":"","name":"molt-adormit-molt-despert-cover","status":"inherit","uploaded_to":6310,"date":"2019-04-16 18:18:35","modified":"2019-04-16 18:18:35","menu_order":0,"mime_type":"image\/jpeg","type":"image","subtype":"jpeg","icon":"https:\/\/www.editorialjuventud.es\/wp-includes\/images\/media\/default.png","width":1200,"height":902,"sizes":{"thumbnail":"https:\/\/www.editorialjuventud.es\/wp-content\/uploads\/molt-adormit-molt-despert-cover-200x200.jpg","thumbnail-width":200,"thumbnail-height":200,"medium":"https:\/\/www.editorialjuventud.es\/wp-content\/uploads\/molt-adormit-molt-despert-cover.jpg","medium-width":1200,"medium-height":902,"medium_large":"https:\/\/www.editorialjuventud.es\/wp-content\/uploads\/molt-adormit-molt-despert-cover-768x577.jpg","medium_large-width":768,"medium_large-height":577,"large":"https:\/\/www.editorialjuventud.es\/wp-content\/uploads\/molt-adormit-molt-despert-cover.jpg","large-width":1200,"large-height":902,"1536x1536":"https:\/\/www.editorialjuventud.es\/wp-content\/uploads\/molt-adormit-molt-despert-cover.jpg","1536x1536-width":1200,"1536x1536-height":902,"2048x2048":"https:\/\/www.editorialjuventud.es\/wp-content\/uploads\/molt-adormit-molt-despert-cover.jpg","2048x2048-width":1200,"2048x2048-height":902,"woocommerce_thumbnail":"https:\/\/www.editorialjuventud.es\/wp-content\/uploads\/molt-adormit-molt-despert-cover-350x263.jpg","woocommerce_thumbnail-width":350,"woocommerce_thumbnail-height":263,"woocommerce_single":"https:\/\/www.editorialjuventud.es\/wp-content\/uploads\/molt-adormit-molt-despert-cover-900x677.jpg","woocommerce_single-width":900,"woocommerce_single-height":677,"woocommerce_gallery_thumbnail":"https:\/\/www.editorialjuventud.es\/wp-content\/uploads\/molt-adormit-molt-despert-cover-100x100.jpg","woocommerce_gallery_thumbnail-width":100,"woocommerce_gallery_thumbnail-height":100,"ppec_logo_image_size":"https:\/\/www.editorialjuventud.es\/wp-content\/uploads\/molt-adormit-molt-despert-cover.jpg","ppec_logo_image_size-width":80,"ppec_logo_image_size-height":60,"ppec_header_image_size":"https:\/\/www.editorialjuventud.es\/wp-content\/uploads\/molt-adormit-molt-despert-cover.jpg","ppec_header_image_size-width":120,"ppec_header_image_size-height":90}},"texto_enlace_ficha_tecnica":"","enlace_ficha_tecnica":{"ID":24421,"id":24421,"title":"Molt adormit, molt despert Fitxa","filename":"Molt-adormit-molt-despert-Fitxa.pdf","filesize":276696,"url":"https:\/\/www.editorialjuventud.es\/wp-content\/uploads\/Molt-adormit-molt-despert-Fitxa.pdf","link":"https:\/\/www.editorialjuventud.es\/ca\/?attachment_id=24421","alt":"","author":"47","description":"","caption":"","name":"molt-adormit-molt-despert-fitxa","status":"inherit","uploaded_to":6310,"date":"2019-04-16 18:18:49","modified":"2019-04-16 18:18:49","menu_order":0,"mime_type":"application\/pdf","type":"application","subtype":"pdf","icon":"https:\/\/www.editorialjuventud.es\/wp-includes\/images\/media\/document.png"},"ficheros":false,"titulo-fr":"","texto-fr":"","fecha_de_reimpresion":"01\/11\/2019","deshabilitar_compra":["deshabilitar"]},"yoast_head":"<!-- This site is optimized with the Yoast SEO plugin v27.5 - https:\/\/yoast.com\/product\/yoast-seo-wordpress\/ -->\n<title>Molt adormit, molt despert - Editorial Juventud<\/title>\n<meta name=\"description\" content=\"Cansat, per\u00f2 mooolt despert: l&#039;eterna batalla de l&#039;hora d&#039;anar a dormir! Hi ha molts personatges en aquest alegre llibre de cartr\u00f3 que no poden quedar-se\" \/>\n<meta name=\"robots\" content=\"index, follow, max-snippet:-1, max-image-preview:large, max-video-preview:-1\" \/>\n<link rel=\"canonical\" href=\"https:\/\/www.editorialjuventud.es\/molt-adormit-molt-despert-9788426144614\/\" \/>\n<meta property=\"og:locale\" content=\"ca_ES\" \/>\n<meta property=\"og:type\" content=\"article\" \/>\n<meta property=\"og:title\" content=\"Molt adormit, molt despert - Editorial Juventud\" \/>\n<meta property=\"og:description\" content=\"Cansat, per\u00f2 mooolt despert: l&#039;eterna batalla de l&#039;hora d&#039;anar a dormir! Hi ha molts personatges en aquest alegre llibre de cartr\u00f3 que no poden quedar-se\" \/>\n<meta property=\"og:url\" content=\"https:\/\/www.editorialjuventud.es\/molt-adormit-molt-despert-9788426144614\/\" \/>\n<meta property=\"og:site_name\" content=\"Editorial Juventud\" \/>\n<meta property=\"article:modified_time\" content=\"2025-01-22T12:00:55+00:00\" \/>\n<meta property=\"og:image\" content=\"https:\/\/www.editorialjuventud.es\/wp-content\/uploads\/4461.jpg\" \/>\n\t<meta property=\"og:image:width\" content=\"594\" \/>\n\t<meta property=\"og:image:height\" content=\"450\" \/>\n\t<meta property=\"og:image:type\" content=\"image\/jpeg\" \/>\n<meta name=\"twitter:card\" content=\"summary_large_image\" \/>\n<meta name=\"twitter:label1\" content=\"Temps estimat de lectura\" \/>\n\t<meta name=\"twitter:data1\" content=\"1 minut\" \/>\n<script type=\"application\/ld+json\" class=\"yoast-schema-graph\">{\"@context\":\"https:\\\/\\\/schema.org\",\"@graph\":[{\"@type\":\"WebPage\",\"@id\":\"https:\\\/\\\/www.editorialjuventud.es\\\/molt-adormit-molt-despert-9788426144614\\\/\",\"url\":\"https:\\\/\\\/www.editorialjuventud.es\\\/molt-adormit-molt-despert-9788426144614\\\/\",\"name\":\"Molt adormit, molt despert - Editorial Juventud\",\"isPartOf\":{\"@id\":\"https:\\\/\\\/www.editorialjuventud.es\\\/#website\"},\"primaryImageOfPage\":{\"@id\":\"https:\\\/\\\/www.editorialjuventud.es\\\/molt-adormit-molt-despert-9788426144614\\\/#primaryimage\"},\"image\":{\"@id\":\"https:\\\/\\\/www.editorialjuventud.es\\\/molt-adormit-molt-despert-9788426144614\\\/#primaryimage\"},\"thumbnailUrl\":\"https:\\\/\\\/www.editorialjuventud.es\\\/wp-content\\\/uploads\\\/4461.jpg\",\"datePublished\":\"2018-08-24T10:13:22+00:00\",\"dateModified\":\"2025-01-22T12:00:55+00:00\",\"description\":\"Cansat, per\u00f2 mooolt despert: l'eterna batalla de l'hora d'anar a dormir! Hi ha molts personatges en aquest alegre llibre de cartr\u00f3 que no poden quedar-se\",\"breadcrumb\":{\"@id\":\"https:\\\/\\\/www.editorialjuventud.es\\\/molt-adormit-molt-despert-9788426144614\\\/#breadcrumb\"},\"inLanguage\":\"ca\",\"potentialAction\":[{\"@type\":\"ReadAction\",\"target\":[\"https:\\\/\\\/www.editorialjuventud.es\\\/molt-adormit-molt-despert-9788426144614\\\/\"]}]},{\"@type\":\"ImageObject\",\"inLanguage\":\"ca\",\"@id\":\"https:\\\/\\\/www.editorialjuventud.es\\\/molt-adormit-molt-despert-9788426144614\\\/#primaryimage\",\"url\":\"https:\\\/\\\/www.editorialjuventud.es\\\/wp-content\\\/uploads\\\/4461.jpg\",\"contentUrl\":\"https:\\\/\\\/www.editorialjuventud.es\\\/wp-content\\\/uploads\\\/4461.jpg\",\"width\":594,\"height\":450,\"caption\":\"4461.jpg\"},{\"@type\":\"BreadcrumbList\",\"@id\":\"https:\\\/\\\/www.editorialjuventud.es\\\/molt-adormit-molt-despert-9788426144614\\\/#breadcrumb\",\"itemListElement\":[{\"@type\":\"ListItem\",\"position\":1,\"name\":\"Portada\",\"item\":\"https:\\\/\\\/www.editorialjuventud.es\\\/\"},{\"@type\":\"ListItem\",\"position\":2,\"name\":\"cat\u00e1logo\",\"item\":\"https:\\\/\\\/www.editorialjuventud.es\\\/coleccion\\\/catalogo\\\/\"},{\"@type\":\"ListItem\",\"position\":3,\"name\":\"catal\u00e0\",\"item\":\"https:\\\/\\\/www.editorialjuventud.es\\\/coleccion\\\/catala\\\/\"},{\"@type\":\"ListItem\",\"position\":4,\"name\":\"Els Meus Primers Llibres\",\"item\":\"https:\\\/\\\/www.editorialjuventud.es\\\/ca\\\/coleccion\\\/els-meus-primers-llibres\\\/\"},{\"@type\":\"ListItem\",\"position\":5,\"name\":\"Millor amb Amics\",\"item\":\"https:\\\/\\\/www.editorialjuventud.es\\\/coleccion\\\/millor-amb-amics\\\/\"},{\"@type\":\"ListItem\",\"position\":6,\"name\":\"Molt adormit, molt despert\"}]},{\"@type\":\"WebSite\",\"@id\":\"https:\\\/\\\/www.editorialjuventud.es\\\/#website\",\"url\":\"https:\\\/\\\/www.editorialjuventud.es\\\/\",\"name\":\"Editorial Juventud\",\"description\":\"\",\"potentialAction\":[{\"@type\":\"SearchAction\",\"target\":{\"@type\":\"EntryPoint\",\"urlTemplate\":\"https:\\\/\\\/www.editorialjuventud.es\\\/?s={search_term_string}\"},\"query-input\":{\"@type\":\"PropertyValueSpecification\",\"valueRequired\":true,\"valueName\":\"search_term_string\"}}],\"inLanguage\":\"ca\"}]}<\/script>\n<!-- \/ Yoast SEO plugin. -->","yoast_head_json":{"title":"Molt adormit, molt despert - Editorial Juventud","description":"Cansat, per\u00f2 mooolt despert: l'eterna batalla de l'hora d'anar a dormir! Hi ha molts personatges en aquest alegre llibre de cartr\u00f3 que no poden quedar-se","robots":{"index":"index","follow":"follow","max-snippet":"max-snippet:-1","max-image-preview":"max-image-preview:large","max-video-preview":"max-video-preview:-1"},"canonical":"https:\/\/www.editorialjuventud.es\/molt-adormit-molt-despert-9788426144614\/","og_locale":"ca_ES","og_type":"article","og_title":"Molt adormit, molt despert - Editorial Juventud","og_description":"Cansat, per\u00f2 mooolt despert: l'eterna batalla de l'hora d'anar a dormir! Hi ha molts personatges en aquest alegre llibre de cartr\u00f3 que no poden quedar-se","og_url":"https:\/\/www.editorialjuventud.es\/molt-adormit-molt-despert-9788426144614\/","og_site_name":"Editorial Juventud","article_modified_time":"2025-01-22T12:00:55+00:00","og_image":[{"width":594,"height":450,"url":"https:\/\/www.editorialjuventud.es\/wp-content\/uploads\/4461.jpg","type":"image\/jpeg"}],"twitter_card":"summary_large_image","twitter_misc":{"Temps estimat de lectura":"1 minut"},"schema":{"@context":"https:\/\/schema.org","@graph":[{"@type":"WebPage","@id":"https:\/\/www.editorialjuventud.es\/molt-adormit-molt-despert-9788426144614\/","url":"https:\/\/www.editorialjuventud.es\/molt-adormit-molt-despert-9788426144614\/","name":"Molt adormit, molt despert - Editorial Juventud","isPartOf":{"@id":"https:\/\/www.editorialjuventud.es\/#website"},"primaryImageOfPage":{"@id":"https:\/\/www.editorialjuventud.es\/molt-adormit-molt-despert-9788426144614\/#primaryimage"},"image":{"@id":"https:\/\/www.editorialjuventud.es\/molt-adormit-molt-despert-9788426144614\/#primaryimage"},"thumbnailUrl":"https:\/\/www.editorialjuventud.es\/wp-content\/uploads\/4461.jpg","datePublished":"2018-08-24T10:13:22+00:00","dateModified":"2025-01-22T12:00:55+00:00","description":"Cansat, per\u00f2 mooolt despert: l'eterna batalla de l'hora d'anar a dormir! Hi ha molts personatges en aquest alegre llibre de cartr\u00f3 que no poden quedar-se","breadcrumb":{"@id":"https:\/\/www.editorialjuventud.es\/molt-adormit-molt-despert-9788426144614\/#breadcrumb"},"inLanguage":"ca","potentialAction":[{"@type":"ReadAction","target":["https:\/\/www.editorialjuventud.es\/molt-adormit-molt-despert-9788426144614\/"]}]},{"@type":"ImageObject","inLanguage":"ca","@id":"https:\/\/www.editorialjuventud.es\/molt-adormit-molt-despert-9788426144614\/#primaryimage","url":"https:\/\/www.editorialjuventud.es\/wp-content\/uploads\/4461.jpg","contentUrl":"https:\/\/www.editorialjuventud.es\/wp-content\/uploads\/4461.jpg","width":594,"height":450,"caption":"4461.jpg"},{"@type":"BreadcrumbList","@id":"https:\/\/www.editorialjuventud.es\/molt-adormit-molt-despert-9788426144614\/#breadcrumb","itemListElement":[{"@type":"ListItem","position":1,"name":"Portada","item":"https:\/\/www.editorialjuventud.es\/"},{"@type":"ListItem","position":2,"name":"cat\u00e1logo","item":"https:\/\/www.editorialjuventud.es\/coleccion\/catalogo\/"},{"@type":"ListItem","position":3,"name":"catal\u00e0","item":"https:\/\/www.editorialjuventud.es\/coleccion\/catala\/"},{"@type":"ListItem","position":4,"name":"Els Meus Primers Llibres","item":"https:\/\/www.editorialjuventud.es\/ca\/coleccion\/els-meus-primers-llibres\/"},{"@type":"ListItem","position":5,"name":"Millor amb Amics","item":"https:\/\/www.editorialjuventud.es\/coleccion\/millor-amb-amics\/"},{"@type":"ListItem","position":6,"name":"Molt adormit, molt despert"}]},{"@type":"WebSite","@id":"https:\/\/www.editorialjuventud.es\/#website","url":"https:\/\/www.editorialjuventud.es\/","name":"Editorial Juventud","description":"","potentialAction":[{"@type":"SearchAction","target":{"@type":"EntryPoint","urlTemplate":"https:\/\/www.editorialjuventud.es\/?s={search_term_string}"},"query-input":{"@type":"PropertyValueSpecification","valueRequired":true,"valueName":"search_term_string"}}],"inLanguage":"ca"}]}},"_links":{"self":[{"href":"https:\/\/www.editorialjuventud.es\/ca\/wp-json\/wp\/v2\/product\/6310","targetHints":{"allow":["GET"]}}],"collection":[{"href":"https:\/\/www.editorialjuventud.es\/ca\/wp-json\/wp\/v2\/product"}],"about":[{"href":"https:\/\/www.editorialjuventud.es\/ca\/wp-json\/wp\/v2\/types\/product"}],"wp:featuredmedia":[{"embeddable":true,"href":"https:\/\/www.editorialjuventud.es\/ca\/wp-json\/wp\/v2\/media\/17274"}],"wp:attachment":[{"href":"https:\/\/www.editorialjuventud.es\/ca\/wp-json\/wp\/v2\/media?parent=6310"}],"wp:term":[{"taxonomy":"product_brand","embeddable":true,"href":"https:\/\/www.editorialjuventud.es\/ca\/wp-json\/wp\/v2\/product_brand?post=6310"},{"taxonomy":"product_cat","embeddable":true,"href":"https:\/\/www.editorialjuventud.es\/ca\/wp-json\/wp\/v2\/product_cat?post=6310"},{"taxonomy":"product_tag","embeddable":true,"href":"https:\/\/www.editorialjuventud.es\/ca\/wp-json\/wp\/v2\/product_tag?post=6310"},{"taxonomy":"coleccion","embeddable":true,"href":"https:\/\/www.editorialjuventud.es\/ca\/wp-json\/wp\/v2\/coleccion?post=6310"}],"curies":[{"name":"wp","href":"https:\/\/api.w.org\/{rel}","templated":true}]}}