{"id":6307,"date":"2018-08-24T12:13:10","date_gmt":"2018-08-24T10:13:10","guid":{"rendered":"http:\/\/www.editorialjuventud.es\/la-granota\/"},"modified":"2021-10-22T14:31:41","modified_gmt":"2021-10-22T12:31:41","slug":"la-granota-9788426144591","status":"publish","type":"product","link":"https:\/\/www.editorialjuventud.es\/ca\/la-granota-9788426144591\/","title":{"rendered":"La granota"},"content":{"rendered":"<p>Aquest petit \u00e0lbum documental \u00e9s el tercer t\u00edtol de la s\u00e8rie dissenyada per Bernadette Gervais.<br \/>\nL&#8217;autora proposa observar la natura centrant-se en un sol element, familiar per al nen. En aquest llibre ens revela els secrets de la granota i, a trav\u00e9s d&#8217;ella, ens adonem de la diversitat, els recursos i els perills que comporta la natura.<br \/>\nCom captura la granota la seva presa? On hiverna? I com \u00e9s el creixement dels capgrossos?<br \/>\nPerqu\u00e8 TOTS aprenguin i comprenguin aquesta meravella de la natura, l&#8217;autora ha dissenyat solapes que s&#8217;aixequen per descobrir l&#8217;evoluci\u00f3 d&#8217;un fenomen, o revelar qu\u00e8 hi ha darrere d&#8217;un amagatall&#8230; Al final del llibre hi trobarem el cl\u00e0ssic joc de les set difer\u00e8ncies, recurs que se suma als de la resta del llibre, i que fan que sigui una divertida manera d&#8217;aprendre jugant.<\/p>\n<p>&nbsp;<\/p>\n<p>Aquest llibre ha estat publicat amb el suport de:<\/p>\n<p><img loading=\"lazy\" decoding=\"async\" class=\"alignnone size-full wp-image-33299\" src=\"http:\/\/www.editorialjuventud.es\/wp-content\/uploads\/0.png\" alt=\"\" width=\"198\" height=\"57\" \/><\/p>\n","protected":false},"excerpt":{"rendered":"Aquest petit \u00e0lbum documental \u00e9s el tercer t\u00edtol de la s\u00e8rie dissenyada per Bernadette Gervais. L&#8217;autora proposa observar la natura centrant-se en un sol element, familiar per al nen. En aquest llibre ens revela els secrets de la granota i, [&hellip;]","protected":false},"featured_media":17272,"template":"","meta":{"_acf_changed":false,"_exactmetrics_skip_tracking":false,"_exactmetrics_sitenote_active":false,"_exactmetrics_sitenote_note":"","_exactmetrics_sitenote_category":0},"product_brand":[],"product_cat":[900,1138,1147,892,1115,1123,1128],"product_tag":[],"coleccion":[917,915,946,1041],"class_list":{"0":"post-6307","1":"product","2":"type-product","3":"status-publish","4":"has-post-thumbnail","6":"product_cat-a-partir-de-5-anos","7":"product_cat-animales","8":"product_cat-ciclo-de-la-vida","9":"product_cat-edades","10":"product_cat-generos","11":"product_cat-libros-informativos-infantil","12":"product_cat-tematica","13":"coleccion-albums-illustrats","14":"coleccion-catala","15":"coleccion-com-i-per-que","16":"coleccion-meravelles-de-la-natura","18":"first","19":"instock","20":"taxable","21":"shipping-taxable","22":"purchasable","23":"product-type-simple"},"acf":{"autor":"GERVAIS, BERNADETTE","codart":"4459","ediciones":"1","encuadernacion":"POP UPS","fecha_de_publicacion":"01\/01\/2018","novedad":"0","paginas":"24","subtitulo":"","texto_web_adicional":"","texto_web_novedad":"","orden":"999","portada":"0","texto_web_resaltado":"","indice":"","autores-libros":[16367],"ilustradores-libros":[16367],"traductores-libros":[18265],"descripcion_corta":"","recomendamos":"","mas_vendido":"","idioma-libro":"","color":false,"formato":"","mas_informacion_del_producto":false,"premios":false,"texto_enlace_cubierta":"","enlace_cubierta":false,"texto_enlace_ficha_tecnica":"","enlace_ficha_tecnica":{"ID":33684,"id":33684,"title":"La granota Fitxa","filename":"La-granota-Fitxa.pdf","filesize":324967,"url":"https:\/\/www.editorialjuventud.es\/wp-content\/uploads\/La-granota-Fitxa.pdf","link":"https:\/\/www.editorialjuventud.es\/ca\/?attachment_id=33684","alt":"","author":"47","description":"","caption":"","name":"la-granota-fitxa","status":"inherit","uploaded_to":6307,"date":"2019-10-28 11:32:06","modified":"2019-10-28 11:32:06","menu_order":0,"mime_type":"application\/pdf","type":"application","subtype":"pdf","icon":"https:\/\/www.editorialjuventud.es\/wp-includes\/images\/media\/document.png"},"ficheros":false,"titulo-fr":"","texto-fr":"","fecha_de_reimpresion":""},"yoast_head":"<!-- This site is optimized with the Yoast SEO plugin v27.3 - https:\/\/yoast.com\/product\/yoast-seo-wordpress\/ -->\n<title>La granota - Editorial Juventud<\/title>\n<meta name=\"description\" content=\"Aquest petit \u00e0lbum documental \u00e9s el tercer t\u00edtol de la s\u00e8rie dissenyada per Bernadette Gervais. L&#039;autora proposa observar la natura centrant-se en un sol\" \/>\n<meta name=\"robots\" content=\"index, follow, max-snippet:-1, max-image-preview:large, max-video-preview:-1\" \/>\n<link rel=\"canonical\" href=\"https:\/\/www.editorialjuventud.es\/la-granota-9788426144591\/\" \/>\n<meta property=\"og:locale\" content=\"ca_ES\" \/>\n<meta property=\"og:type\" content=\"article\" \/>\n<meta property=\"og:title\" content=\"La granota - Editorial Juventud\" \/>\n<meta property=\"og:description\" content=\"Aquest petit \u00e0lbum documental \u00e9s el tercer t\u00edtol de la s\u00e8rie dissenyada per Bernadette Gervais. L&#039;autora proposa observar la natura centrant-se en un sol\" \/>\n<meta property=\"og:url\" content=\"https:\/\/www.editorialjuventud.es\/la-granota-9788426144591\/\" \/>\n<meta property=\"og:site_name\" content=\"Editorial Juventud\" \/>\n<meta property=\"article:modified_time\" content=\"2021-10-22T12:31:41+00:00\" \/>\n<meta property=\"og:image\" content=\"https:\/\/www.editorialjuventud.es\/wp-content\/uploads\/4459.jpg\" \/>\n\t<meta property=\"og:image:width\" content=\"433\" \/>\n\t<meta property=\"og:image:height\" content=\"450\" \/>\n\t<meta property=\"og:image:type\" content=\"image\/jpeg\" \/>\n<meta name=\"twitter:card\" content=\"summary_large_image\" \/>\n<meta name=\"twitter:label1\" content=\"Temps estimat de lectura\" \/>\n\t<meta name=\"twitter:data1\" content=\"1 minut\" \/>\n<script type=\"application\/ld+json\" class=\"yoast-schema-graph\">{\"@context\":\"https:\\\/\\\/schema.org\",\"@graph\":[{\"@type\":\"WebPage\",\"@id\":\"https:\\\/\\\/www.editorialjuventud.es\\\/la-granota-9788426144591\\\/\",\"url\":\"https:\\\/\\\/www.editorialjuventud.es\\\/la-granota-9788426144591\\\/\",\"name\":\"La granota - Editorial Juventud\",\"isPartOf\":{\"@id\":\"https:\\\/\\\/www.editorialjuventud.es\\\/#website\"},\"primaryImageOfPage\":{\"@id\":\"https:\\\/\\\/www.editorialjuventud.es\\\/la-granota-9788426144591\\\/#primaryimage\"},\"image\":{\"@id\":\"https:\\\/\\\/www.editorialjuventud.es\\\/la-granota-9788426144591\\\/#primaryimage\"},\"thumbnailUrl\":\"https:\\\/\\\/www.editorialjuventud.es\\\/wp-content\\\/uploads\\\/4459.jpg\",\"datePublished\":\"2018-08-24T10:13:10+00:00\",\"dateModified\":\"2021-10-22T12:31:41+00:00\",\"description\":\"Aquest petit \u00e0lbum documental \u00e9s el tercer t\u00edtol de la s\u00e8rie dissenyada per Bernadette Gervais. L'autora proposa observar la natura centrant-se en un sol\",\"breadcrumb\":{\"@id\":\"https:\\\/\\\/www.editorialjuventud.es\\\/la-granota-9788426144591\\\/#breadcrumb\"},\"inLanguage\":\"ca\",\"potentialAction\":[{\"@type\":\"ReadAction\",\"target\":[\"https:\\\/\\\/www.editorialjuventud.es\\\/la-granota-9788426144591\\\/\"]}]},{\"@type\":\"ImageObject\",\"inLanguage\":\"ca\",\"@id\":\"https:\\\/\\\/www.editorialjuventud.es\\\/la-granota-9788426144591\\\/#primaryimage\",\"url\":\"https:\\\/\\\/www.editorialjuventud.es\\\/wp-content\\\/uploads\\\/4459.jpg\",\"contentUrl\":\"https:\\\/\\\/www.editorialjuventud.es\\\/wp-content\\\/uploads\\\/4459.jpg\",\"width\":433,\"height\":450,\"caption\":\"4459.jpg\"},{\"@type\":\"BreadcrumbList\",\"@id\":\"https:\\\/\\\/www.editorialjuventud.es\\\/la-granota-9788426144591\\\/#breadcrumb\",\"itemListElement\":[{\"@type\":\"ListItem\",\"position\":1,\"name\":\"Portada\",\"item\":\"https:\\\/\\\/www.editorialjuventud.es\\\/\"},{\"@type\":\"ListItem\",\"position\":2,\"name\":\"cat\u00e1logo\",\"item\":\"https:\\\/\\\/www.editorialjuventud.es\\\/coleccion\\\/catalogo\\\/\"},{\"@type\":\"ListItem\",\"position\":3,\"name\":\"catal\u00e0\",\"item\":\"https:\\\/\\\/www.editorialjuventud.es\\\/coleccion\\\/catala\\\/\"},{\"@type\":\"ListItem\",\"position\":4,\"name\":\"\u00c0lbums Il\u00b7lustrats\",\"item\":\"https:\\\/\\\/www.editorialjuventud.es\\\/coleccion\\\/albums-il%c2%b7lustrats\\\/\"},{\"@type\":\"ListItem\",\"position\":5,\"name\":\"Com i Per qu\u00e8\",\"item\":\"https:\\\/\\\/www.editorialjuventud.es\\\/coleccion\\\/com-i-per-que\\\/\"},{\"@type\":\"ListItem\",\"position\":6,\"name\":\"Meravelles de la Natura\",\"item\":\"https:\\\/\\\/www.editorialjuventud.es\\\/coleccion\\\/meravelles-de-la-natura\\\/\"},{\"@type\":\"ListItem\",\"position\":7,\"name\":\"La granota\"}]},{\"@type\":\"WebSite\",\"@id\":\"https:\\\/\\\/www.editorialjuventud.es\\\/#website\",\"url\":\"https:\\\/\\\/www.editorialjuventud.es\\\/\",\"name\":\"Editorial Juventud\",\"description\":\"\",\"potentialAction\":[{\"@type\":\"SearchAction\",\"target\":{\"@type\":\"EntryPoint\",\"urlTemplate\":\"https:\\\/\\\/www.editorialjuventud.es\\\/?s={search_term_string}\"},\"query-input\":{\"@type\":\"PropertyValueSpecification\",\"valueRequired\":true,\"valueName\":\"search_term_string\"}}],\"inLanguage\":\"ca\"}]}<\/script>\n<!-- \/ Yoast SEO plugin. -->","yoast_head_json":{"title":"La granota - Editorial Juventud","description":"Aquest petit \u00e0lbum documental \u00e9s el tercer t\u00edtol de la s\u00e8rie dissenyada per Bernadette Gervais. L'autora proposa observar la natura centrant-se en un sol","robots":{"index":"index","follow":"follow","max-snippet":"max-snippet:-1","max-image-preview":"max-image-preview:large","max-video-preview":"max-video-preview:-1"},"canonical":"https:\/\/www.editorialjuventud.es\/la-granota-9788426144591\/","og_locale":"ca_ES","og_type":"article","og_title":"La granota - Editorial Juventud","og_description":"Aquest petit \u00e0lbum documental \u00e9s el tercer t\u00edtol de la s\u00e8rie dissenyada per Bernadette Gervais. L'autora proposa observar la natura centrant-se en un sol","og_url":"https:\/\/www.editorialjuventud.es\/la-granota-9788426144591\/","og_site_name":"Editorial Juventud","article_modified_time":"2021-10-22T12:31:41+00:00","og_image":[{"width":433,"height":450,"url":"https:\/\/www.editorialjuventud.es\/wp-content\/uploads\/4459.jpg","type":"image\/jpeg"}],"twitter_card":"summary_large_image","twitter_misc":{"Temps estimat de lectura":"1 minut"},"schema":{"@context":"https:\/\/schema.org","@graph":[{"@type":"WebPage","@id":"https:\/\/www.editorialjuventud.es\/la-granota-9788426144591\/","url":"https:\/\/www.editorialjuventud.es\/la-granota-9788426144591\/","name":"La granota - Editorial Juventud","isPartOf":{"@id":"https:\/\/www.editorialjuventud.es\/#website"},"primaryImageOfPage":{"@id":"https:\/\/www.editorialjuventud.es\/la-granota-9788426144591\/#primaryimage"},"image":{"@id":"https:\/\/www.editorialjuventud.es\/la-granota-9788426144591\/#primaryimage"},"thumbnailUrl":"https:\/\/www.editorialjuventud.es\/wp-content\/uploads\/4459.jpg","datePublished":"2018-08-24T10:13:10+00:00","dateModified":"2021-10-22T12:31:41+00:00","description":"Aquest petit \u00e0lbum documental \u00e9s el tercer t\u00edtol de la s\u00e8rie dissenyada per Bernadette Gervais. L'autora proposa observar la natura centrant-se en un sol","breadcrumb":{"@id":"https:\/\/www.editorialjuventud.es\/la-granota-9788426144591\/#breadcrumb"},"inLanguage":"ca","potentialAction":[{"@type":"ReadAction","target":["https:\/\/www.editorialjuventud.es\/la-granota-9788426144591\/"]}]},{"@type":"ImageObject","inLanguage":"ca","@id":"https:\/\/www.editorialjuventud.es\/la-granota-9788426144591\/#primaryimage","url":"https:\/\/www.editorialjuventud.es\/wp-content\/uploads\/4459.jpg","contentUrl":"https:\/\/www.editorialjuventud.es\/wp-content\/uploads\/4459.jpg","width":433,"height":450,"caption":"4459.jpg"},{"@type":"BreadcrumbList","@id":"https:\/\/www.editorialjuventud.es\/la-granota-9788426144591\/#breadcrumb","itemListElement":[{"@type":"ListItem","position":1,"name":"Portada","item":"https:\/\/www.editorialjuventud.es\/"},{"@type":"ListItem","position":2,"name":"cat\u00e1logo","item":"https:\/\/www.editorialjuventud.es\/coleccion\/catalogo\/"},{"@type":"ListItem","position":3,"name":"catal\u00e0","item":"https:\/\/www.editorialjuventud.es\/coleccion\/catala\/"},{"@type":"ListItem","position":4,"name":"\u00c0lbums Il\u00b7lustrats","item":"https:\/\/www.editorialjuventud.es\/coleccion\/albums-il%c2%b7lustrats\/"},{"@type":"ListItem","position":5,"name":"Com i Per qu\u00e8","item":"https:\/\/www.editorialjuventud.es\/coleccion\/com-i-per-que\/"},{"@type":"ListItem","position":6,"name":"Meravelles de la Natura","item":"https:\/\/www.editorialjuventud.es\/coleccion\/meravelles-de-la-natura\/"},{"@type":"ListItem","position":7,"name":"La granota"}]},{"@type":"WebSite","@id":"https:\/\/www.editorialjuventud.es\/#website","url":"https:\/\/www.editorialjuventud.es\/","name":"Editorial Juventud","description":"","potentialAction":[{"@type":"SearchAction","target":{"@type":"EntryPoint","urlTemplate":"https:\/\/www.editorialjuventud.es\/?s={search_term_string}"},"query-input":{"@type":"PropertyValueSpecification","valueRequired":true,"valueName":"search_term_string"}}],"inLanguage":"ca"}]}},"_links":{"self":[{"href":"https:\/\/www.editorialjuventud.es\/ca\/wp-json\/wp\/v2\/product\/6307","targetHints":{"allow":["GET"]}}],"collection":[{"href":"https:\/\/www.editorialjuventud.es\/ca\/wp-json\/wp\/v2\/product"}],"about":[{"href":"https:\/\/www.editorialjuventud.es\/ca\/wp-json\/wp\/v2\/types\/product"}],"wp:featuredmedia":[{"embeddable":true,"href":"https:\/\/www.editorialjuventud.es\/ca\/wp-json\/wp\/v2\/media\/17272"}],"wp:attachment":[{"href":"https:\/\/www.editorialjuventud.es\/ca\/wp-json\/wp\/v2\/media?parent=6307"}],"wp:term":[{"taxonomy":"product_brand","embeddable":true,"href":"https:\/\/www.editorialjuventud.es\/ca\/wp-json\/wp\/v2\/product_brand?post=6307"},{"taxonomy":"product_cat","embeddable":true,"href":"https:\/\/www.editorialjuventud.es\/ca\/wp-json\/wp\/v2\/product_cat?post=6307"},{"taxonomy":"product_tag","embeddable":true,"href":"https:\/\/www.editorialjuventud.es\/ca\/wp-json\/wp\/v2\/product_tag?post=6307"},{"taxonomy":"coleccion","embeddable":true,"href":"https:\/\/www.editorialjuventud.es\/ca\/wp-json\/wp\/v2\/coleccion?post=6307"}],"curies":[{"name":"wp","href":"https:\/\/api.w.org\/{rel}","templated":true}]}}