{"id":6294,"date":"2018-08-24T12:12:19","date_gmt":"2018-08-24T10:12:19","guid":{"rendered":"http:\/\/www.editorialjuventud.es\/molt-be-set-secrets-2\/"},"modified":"2025-01-22T13:01:59","modified_gmt":"2025-01-22T12:01:59","slug":"mosquit-al-rescat-9788426144478","status":"publish","type":"product","link":"https:\/\/www.editorialjuventud.es\/ca\/mosquit-al-rescat-9788426144478\/","title":{"rendered":"Mosquit al rescat"},"content":{"rendered":"<p>L\u2019avi, el gat o el gripau han desaparegut? No passa res! La missi\u00f3 del Mosquit \u00e9s trobar-los. A bord del seu avi\u00f3, explora llocs tan ins\u00f2lits com fabulosos: l\u2019oce\u00e0, les coves i el parc d\u2019atraccions; el bosc, la gran ciutat, i fins i tot l\u2019espai! Res no l\u2019atura! Per\u00f2 per aconseguir-ho, li cal la teva ajuda&#8230;<\/p>\n<p>El Mosquit viatja pel m\u00f3n a la recerca de petits animals perduts. Un \u00e0lbum per jugar a &#8216;buscar i trobar&#8217;, amb uns escenaris fantasiosos i plens de detalls. Benvinguts a la incre\u00efble bogeria imagin\u00e0ria de Sophie Guerrive!<\/p>\n","protected":false},"excerpt":{"rendered":"L\u2019avi, el gat o el gripau han desaparegut? No passa res! La missi\u00f3 del Mosquit \u00e9s trobar-los. A bord del seu avi\u00f3, explora llocs tan ins\u00f2lits com fabulosos: l\u2019oce\u00e0, les coves i el parc d\u2019atraccions; el bosc, la gran ciutat, [&hellip;]","protected":false},"featured_media":16914,"template":"","meta":{"_acf_changed":false,"_exactmetrics_skip_tracking":false,"_exactmetrics_sitenote_active":false,"_exactmetrics_sitenote_note":"","_exactmetrics_sitenote_category":0},"product_brand":[],"product_cat":[900,1121,1138,1142,1184,1291],"product_tag":[],"coleccion":[956],"class_list":{"0":"post-6294","1":"product","2":"type-product","3":"status-publish","4":"has-post-thumbnail","6":"product_cat-a-partir-de-5-anos","7":"product_cat-albumes-ilustrados","8":"product_cat-animales","9":"product_cat-aventura","10":"product_cat-humor","11":"product_cat-libro-juego","12":"coleccion-llibres-joc","14":"first","15":"instock","16":"taxable","17":"shipping-taxable","18":"purchasable","19":"product-type-simple"},"acf":{"autor":"Guerrive, Sophie","codart":"4447","ediciones":"1","encuadernacion":"Carton\u00e9","fecha_de_publicacion":"01\/07\/2017","novedad":"0","paginas":"36","subtitulo":"","texto_web_adicional":"","texto_web_novedad":"","orden":"999","portada":"0","texto_web_resaltado":"","indice":"","autores-libros":[16386],"ilustradores-libros":"","traductores-libros":[58416],"descripcion_corta":"","recomendamos":"","mas_vendido":"","idioma-libro":"","color":false,"formato":"","mas_informacion_del_producto":false,"premios":false,"texto_enlace_cubierta":"","enlace_cubierta":{"ID":24266,"id":24266,"title":"cover-mosquito-al-rescate","filename":"cover-mosquito-al-rescate.jpg","filesize":0,"url":"https:\/\/www.editorialjuventud.es\/wp-content\/uploads\/cover-mosquito-al-rescate.jpg","link":"https:\/\/www.editorialjuventud.es\/ca\/?attachment_id=24266","alt":"","author":"47","description":"","caption":"","name":"cover-mosquito-al-rescate","status":"inherit","uploaded_to":6294,"date":"2019-04-15 18:42:44","modified":"2019-04-15 18:42:44","menu_order":0,"mime_type":"image\/jpeg","type":"image","subtype":"jpeg","icon":"https:\/\/www.editorialjuventud.es\/wp-includes\/images\/media\/default.png","width":882,"height":1200,"sizes":{"thumbnail":"https:\/\/www.editorialjuventud.es\/wp-content\/uploads\/cover-mosquito-al-rescate-200x200.jpg","thumbnail-width":200,"thumbnail-height":200,"medium":"https:\/\/www.editorialjuventud.es\/wp-content\/uploads\/cover-mosquito-al-rescate.jpg","medium-width":882,"medium-height":1200,"medium_large":"https:\/\/www.editorialjuventud.es\/wp-content\/uploads\/cover-mosquito-al-rescate-768x1045.jpg","medium_large-width":768,"medium_large-height":1045,"large":"https:\/\/www.editorialjuventud.es\/wp-content\/uploads\/cover-mosquito-al-rescate.jpg","large-width":882,"large-height":1200,"1536x1536":"https:\/\/www.editorialjuventud.es\/wp-content\/uploads\/cover-mosquito-al-rescate.jpg","1536x1536-width":882,"1536x1536-height":1200,"2048x2048":"https:\/\/www.editorialjuventud.es\/wp-content\/uploads\/cover-mosquito-al-rescate.jpg","2048x2048-width":882,"2048x2048-height":1200,"woocommerce_thumbnail":"https:\/\/www.editorialjuventud.es\/wp-content\/uploads\/cover-mosquito-al-rescate-350x476.jpg","woocommerce_thumbnail-width":350,"woocommerce_thumbnail-height":476,"woocommerce_single":"https:\/\/www.editorialjuventud.es\/wp-content\/uploads\/cover-mosquito-al-rescate.jpg","woocommerce_single-width":882,"woocommerce_single-height":1200,"woocommerce_gallery_thumbnail":"https:\/\/www.editorialjuventud.es\/wp-content\/uploads\/cover-mosquito-al-rescate-100x100.jpg","woocommerce_gallery_thumbnail-width":100,"woocommerce_gallery_thumbnail-height":100,"ppec_logo_image_size":"https:\/\/www.editorialjuventud.es\/wp-content\/uploads\/cover-mosquito-al-rescate.jpg","ppec_logo_image_size-width":44,"ppec_logo_image_size-height":60,"ppec_header_image_size":"https:\/\/www.editorialjuventud.es\/wp-content\/uploads\/cover-mosquito-al-rescate.jpg","ppec_header_image_size-width":66,"ppec_header_image_size-height":90}},"texto_enlace_ficha_tecnica":"","enlace_ficha_tecnica":{"ID":24268,"id":24268,"title":"fitxa Mosquit al rescat (cat)","filename":"fitxa-Mosquit-al-rescat-cat.pdf","filesize":357725,"url":"https:\/\/www.editorialjuventud.es\/wp-content\/uploads\/fitxa-Mosquit-al-rescat-cat.pdf","link":"https:\/\/www.editorialjuventud.es\/ca\/?attachment_id=24268","alt":"","author":"47","description":"","caption":"","name":"fitxa-mosquit-al-rescat-cat","status":"inherit","uploaded_to":6294,"date":"2019-04-15 18:42:58","modified":"2019-04-15 18:42:58","menu_order":0,"mime_type":"application\/pdf","type":"application","subtype":"pdf","icon":"https:\/\/www.editorialjuventud.es\/wp-includes\/images\/media\/document.png"},"ficheros":false,"titulo-fr":"","texto-fr":""},"yoast_head":"<!-- This site is optimized with the Yoast SEO plugin v27.3 - https:\/\/yoast.com\/product\/yoast-seo-wordpress\/ -->\n<title>Mosquit al rescat - Editorial Juventud<\/title>\n<meta name=\"description\" content=\"L\u2019avi, el gat o el gripau han desaparegut? No passa res! La missi\u00f3 del Mosquit \u00e9s trobar-los. A bord del seu avi\u00f3, explora llocs tan ins\u00f2lits com\" \/>\n<meta name=\"robots\" content=\"index, follow, max-snippet:-1, max-image-preview:large, max-video-preview:-1\" \/>\n<link rel=\"canonical\" href=\"https:\/\/www.editorialjuventud.es\/mosquit-al-rescat-9788426144478\/\" \/>\n<meta property=\"og:locale\" content=\"ca_ES\" \/>\n<meta property=\"og:type\" content=\"article\" \/>\n<meta property=\"og:title\" content=\"Mosquit al rescat - Editorial Juventud\" \/>\n<meta property=\"og:description\" content=\"L\u2019avi, el gat o el gripau han desaparegut? No passa res! La missi\u00f3 del Mosquit \u00e9s trobar-los. A bord del seu avi\u00f3, explora llocs tan ins\u00f2lits com\" \/>\n<meta property=\"og:url\" content=\"https:\/\/www.editorialjuventud.es\/mosquit-al-rescat-9788426144478\/\" \/>\n<meta property=\"og:site_name\" content=\"Editorial Juventud\" \/>\n<meta property=\"article:modified_time\" content=\"2025-01-22T12:01:59+00:00\" \/>\n<meta property=\"og:image\" content=\"https:\/\/www.editorialjuventud.es\/wp-content\/uploads\/4447.jpg\" \/>\n\t<meta property=\"og:image:width\" content=\"327\" \/>\n\t<meta property=\"og:image:height\" content=\"450\" \/>\n\t<meta property=\"og:image:type\" content=\"image\/jpeg\" \/>\n<meta name=\"twitter:card\" content=\"summary_large_image\" \/>\n<meta name=\"twitter:label1\" content=\"Temps estimat de lectura\" \/>\n\t<meta name=\"twitter:data1\" content=\"1 minut\" \/>\n<script type=\"application\/ld+json\" class=\"yoast-schema-graph\">{\"@context\":\"https:\\\/\\\/schema.org\",\"@graph\":[{\"@type\":\"WebPage\",\"@id\":\"https:\\\/\\\/www.editorialjuventud.es\\\/mosquit-al-rescat-9788426144478\\\/\",\"url\":\"https:\\\/\\\/www.editorialjuventud.es\\\/mosquit-al-rescat-9788426144478\\\/\",\"name\":\"Mosquit al rescat - Editorial Juventud\",\"isPartOf\":{\"@id\":\"https:\\\/\\\/www.editorialjuventud.es\\\/#website\"},\"primaryImageOfPage\":{\"@id\":\"https:\\\/\\\/www.editorialjuventud.es\\\/mosquit-al-rescat-9788426144478\\\/#primaryimage\"},\"image\":{\"@id\":\"https:\\\/\\\/www.editorialjuventud.es\\\/mosquit-al-rescat-9788426144478\\\/#primaryimage\"},\"thumbnailUrl\":\"https:\\\/\\\/www.editorialjuventud.es\\\/wp-content\\\/uploads\\\/4447.jpg\",\"datePublished\":\"2018-08-24T10:12:19+00:00\",\"dateModified\":\"2025-01-22T12:01:59+00:00\",\"description\":\"L\u2019avi, el gat o el gripau han desaparegut? No passa res! La missi\u00f3 del Mosquit \u00e9s trobar-los. A bord del seu avi\u00f3, explora llocs tan ins\u00f2lits com\",\"breadcrumb\":{\"@id\":\"https:\\\/\\\/www.editorialjuventud.es\\\/mosquit-al-rescat-9788426144478\\\/#breadcrumb\"},\"inLanguage\":\"ca\",\"potentialAction\":[{\"@type\":\"ReadAction\",\"target\":[\"https:\\\/\\\/www.editorialjuventud.es\\\/mosquit-al-rescat-9788426144478\\\/\"]}]},{\"@type\":\"ImageObject\",\"inLanguage\":\"ca\",\"@id\":\"https:\\\/\\\/www.editorialjuventud.es\\\/mosquit-al-rescat-9788426144478\\\/#primaryimage\",\"url\":\"https:\\\/\\\/www.editorialjuventud.es\\\/wp-content\\\/uploads\\\/4447.jpg\",\"contentUrl\":\"https:\\\/\\\/www.editorialjuventud.es\\\/wp-content\\\/uploads\\\/4447.jpg\",\"width\":327,\"height\":450,\"caption\":\"4447.jpg\"},{\"@type\":\"BreadcrumbList\",\"@id\":\"https:\\\/\\\/www.editorialjuventud.es\\\/mosquit-al-rescat-9788426144478\\\/#breadcrumb\",\"itemListElement\":[{\"@type\":\"ListItem\",\"position\":1,\"name\":\"Portada\",\"item\":\"https:\\\/\\\/www.editorialjuventud.es\\\/\"},{\"@type\":\"ListItem\",\"position\":2,\"name\":\"cat\u00e1logo\",\"item\":\"https:\\\/\\\/www.editorialjuventud.es\\\/coleccion\\\/catalogo\\\/\"},{\"@type\":\"ListItem\",\"position\":3,\"name\":\"catal\u00e0\",\"item\":\"https:\\\/\\\/www.editorialjuventud.es\\\/coleccion\\\/catala\\\/\"},{\"@type\":\"ListItem\",\"position\":4,\"name\":\"\u00c0lbums Il\u00b7lustrats\",\"item\":\"https:\\\/\\\/www.editorialjuventud.es\\\/coleccion\\\/albums-il%c2%b7lustrats\\\/\"},{\"@type\":\"ListItem\",\"position\":5,\"name\":\"Llibres Joc\",\"item\":\"https:\\\/\\\/www.editorialjuventud.es\\\/coleccion\\\/llibres-joc\\\/\"},{\"@type\":\"ListItem\",\"position\":6,\"name\":\"Mosquit al rescat\"}]},{\"@type\":\"WebSite\",\"@id\":\"https:\\\/\\\/www.editorialjuventud.es\\\/#website\",\"url\":\"https:\\\/\\\/www.editorialjuventud.es\\\/\",\"name\":\"Editorial Juventud\",\"description\":\"\",\"potentialAction\":[{\"@type\":\"SearchAction\",\"target\":{\"@type\":\"EntryPoint\",\"urlTemplate\":\"https:\\\/\\\/www.editorialjuventud.es\\\/?s={search_term_string}\"},\"query-input\":{\"@type\":\"PropertyValueSpecification\",\"valueRequired\":true,\"valueName\":\"search_term_string\"}}],\"inLanguage\":\"ca\"}]}<\/script>\n<!-- \/ Yoast SEO plugin. -->","yoast_head_json":{"title":"Mosquit al rescat - Editorial Juventud","description":"L\u2019avi, el gat o el gripau han desaparegut? No passa res! La missi\u00f3 del Mosquit \u00e9s trobar-los. A bord del seu avi\u00f3, explora llocs tan ins\u00f2lits com","robots":{"index":"index","follow":"follow","max-snippet":"max-snippet:-1","max-image-preview":"max-image-preview:large","max-video-preview":"max-video-preview:-1"},"canonical":"https:\/\/www.editorialjuventud.es\/mosquit-al-rescat-9788426144478\/","og_locale":"ca_ES","og_type":"article","og_title":"Mosquit al rescat - Editorial Juventud","og_description":"L\u2019avi, el gat o el gripau han desaparegut? No passa res! La missi\u00f3 del Mosquit \u00e9s trobar-los. A bord del seu avi\u00f3, explora llocs tan ins\u00f2lits com","og_url":"https:\/\/www.editorialjuventud.es\/mosquit-al-rescat-9788426144478\/","og_site_name":"Editorial Juventud","article_modified_time":"2025-01-22T12:01:59+00:00","og_image":[{"width":327,"height":450,"url":"https:\/\/www.editorialjuventud.es\/wp-content\/uploads\/4447.jpg","type":"image\/jpeg"}],"twitter_card":"summary_large_image","twitter_misc":{"Temps estimat de lectura":"1 minut"},"schema":{"@context":"https:\/\/schema.org","@graph":[{"@type":"WebPage","@id":"https:\/\/www.editorialjuventud.es\/mosquit-al-rescat-9788426144478\/","url":"https:\/\/www.editorialjuventud.es\/mosquit-al-rescat-9788426144478\/","name":"Mosquit al rescat - Editorial Juventud","isPartOf":{"@id":"https:\/\/www.editorialjuventud.es\/#website"},"primaryImageOfPage":{"@id":"https:\/\/www.editorialjuventud.es\/mosquit-al-rescat-9788426144478\/#primaryimage"},"image":{"@id":"https:\/\/www.editorialjuventud.es\/mosquit-al-rescat-9788426144478\/#primaryimage"},"thumbnailUrl":"https:\/\/www.editorialjuventud.es\/wp-content\/uploads\/4447.jpg","datePublished":"2018-08-24T10:12:19+00:00","dateModified":"2025-01-22T12:01:59+00:00","description":"L\u2019avi, el gat o el gripau han desaparegut? No passa res! La missi\u00f3 del Mosquit \u00e9s trobar-los. A bord del seu avi\u00f3, explora llocs tan ins\u00f2lits com","breadcrumb":{"@id":"https:\/\/www.editorialjuventud.es\/mosquit-al-rescat-9788426144478\/#breadcrumb"},"inLanguage":"ca","potentialAction":[{"@type":"ReadAction","target":["https:\/\/www.editorialjuventud.es\/mosquit-al-rescat-9788426144478\/"]}]},{"@type":"ImageObject","inLanguage":"ca","@id":"https:\/\/www.editorialjuventud.es\/mosquit-al-rescat-9788426144478\/#primaryimage","url":"https:\/\/www.editorialjuventud.es\/wp-content\/uploads\/4447.jpg","contentUrl":"https:\/\/www.editorialjuventud.es\/wp-content\/uploads\/4447.jpg","width":327,"height":450,"caption":"4447.jpg"},{"@type":"BreadcrumbList","@id":"https:\/\/www.editorialjuventud.es\/mosquit-al-rescat-9788426144478\/#breadcrumb","itemListElement":[{"@type":"ListItem","position":1,"name":"Portada","item":"https:\/\/www.editorialjuventud.es\/"},{"@type":"ListItem","position":2,"name":"cat\u00e1logo","item":"https:\/\/www.editorialjuventud.es\/coleccion\/catalogo\/"},{"@type":"ListItem","position":3,"name":"catal\u00e0","item":"https:\/\/www.editorialjuventud.es\/coleccion\/catala\/"},{"@type":"ListItem","position":4,"name":"\u00c0lbums Il\u00b7lustrats","item":"https:\/\/www.editorialjuventud.es\/coleccion\/albums-il%c2%b7lustrats\/"},{"@type":"ListItem","position":5,"name":"Llibres Joc","item":"https:\/\/www.editorialjuventud.es\/coleccion\/llibres-joc\/"},{"@type":"ListItem","position":6,"name":"Mosquit al rescat"}]},{"@type":"WebSite","@id":"https:\/\/www.editorialjuventud.es\/#website","url":"https:\/\/www.editorialjuventud.es\/","name":"Editorial Juventud","description":"","potentialAction":[{"@type":"SearchAction","target":{"@type":"EntryPoint","urlTemplate":"https:\/\/www.editorialjuventud.es\/?s={search_term_string}"},"query-input":{"@type":"PropertyValueSpecification","valueRequired":true,"valueName":"search_term_string"}}],"inLanguage":"ca"}]}},"_links":{"self":[{"href":"https:\/\/www.editorialjuventud.es\/ca\/wp-json\/wp\/v2\/product\/6294","targetHints":{"allow":["GET"]}}],"collection":[{"href":"https:\/\/www.editorialjuventud.es\/ca\/wp-json\/wp\/v2\/product"}],"about":[{"href":"https:\/\/www.editorialjuventud.es\/ca\/wp-json\/wp\/v2\/types\/product"}],"wp:featuredmedia":[{"embeddable":true,"href":"https:\/\/www.editorialjuventud.es\/ca\/wp-json\/wp\/v2\/media\/16914"}],"wp:attachment":[{"href":"https:\/\/www.editorialjuventud.es\/ca\/wp-json\/wp\/v2\/media?parent=6294"}],"wp:term":[{"taxonomy":"product_brand","embeddable":true,"href":"https:\/\/www.editorialjuventud.es\/ca\/wp-json\/wp\/v2\/product_brand?post=6294"},{"taxonomy":"product_cat","embeddable":true,"href":"https:\/\/www.editorialjuventud.es\/ca\/wp-json\/wp\/v2\/product_cat?post=6294"},{"taxonomy":"product_tag","embeddable":true,"href":"https:\/\/www.editorialjuventud.es\/ca\/wp-json\/wp\/v2\/product_tag?post=6294"},{"taxonomy":"coleccion","embeddable":true,"href":"https:\/\/www.editorialjuventud.es\/ca\/wp-json\/wp\/v2\/coleccion?post=6294"}],"curies":[{"name":"wp","href":"https:\/\/api.w.org\/{rel}","templated":true}]}}