{"id":6293,"date":"2018-08-24T12:12:15","date_gmt":"2018-08-24T10:12:15","guid":{"rendered":"http:\/\/www.editorialjuventud.es\/mosquito-al-rescate\/"},"modified":"2025-01-22T13:01:53","modified_gmt":"2025-01-22T12:01:53","slug":"mosquito-al-rescate-9788426144461","status":"publish","type":"product","link":"https:\/\/www.editorialjuventud.es\/ca\/mosquito-al-rescate-9788426144461\/","title":{"rendered":"Mosquito al rescate"},"content":{"rendered":"<p>\u00bfEl abuelo, el gato o el sapo han desaparecido? \u00a1No pasa nada! La misi\u00f3n de Mosquito es encontrarlos. A bordo de su maravilloso avi\u00f3n transformable, explora lugares tan ins\u00f3litos como fabulosos: oc\u00e9anos, cuevas y parques de atracciones; la huerta, la gran ciudad, e incluso el espacio, \u00a1nada se le resiste! Pero para lograrlo, necesita tu ayuda&#8230;<br \/>Mosquito viaja por el vasto mundo en busca de peque\u00f1os animales perdidos. Un \u00e1lbum para jugar a \u201cbuscar y encontrar\u201d, con unos escenarios fantasiosos y llenos de detalles. \u00a1Bienvenidos a la dulce locura de ensue\u00f1o de Sophie Guerrive!<\/p>\n","protected":false},"excerpt":{"rendered":"\u00bfEl abuelo, el gato o el sapo han desaparecido? \u00a1No pasa nada! La misi\u00f3n de Mosquito es encontrarlos. A bordo de su maravilloso avi\u00f3n transformable, explora lugares tan ins\u00f3litos como fabulosos: oc\u00e9anos, cuevas y parques de atracciones; la huerta, la [&hellip;]","protected":false},"featured_media":16912,"template":"","meta":{"_acf_changed":false,"_exactmetrics_skip_tracking":false,"_exactmetrics_sitenote_active":false,"_exactmetrics_sitenote_note":"","_exactmetrics_sitenote_category":0},"product_brand":[],"product_cat":[900,1121,1138,1142,1184,1291],"product_tag":[],"coleccion":[994],"class_list":{"0":"post-6293","1":"product","2":"type-product","3":"status-publish","4":"has-post-thumbnail","6":"product_cat-a-partir-de-5-anos","7":"product_cat-albumes-ilustrados","8":"product_cat-animales","9":"product_cat-aventura","10":"product_cat-humor","11":"product_cat-libro-juego","12":"coleccion-libros-juego","14":"first","15":"instock","16":"taxable","17":"shipping-taxable","18":"purchasable","19":"product-type-simple"},"acf":{"autor":"Guerrive, Sophie","codart":"4446","ediciones":"1","encuadernacion":"Carton\u00e9","fecha_de_publicacion":"01\/07\/2017","novedad":"0","paginas":"36","subtitulo":"","texto_web_adicional":"","texto_web_novedad":"","orden":"999","portada":"0","texto_web_resaltado":"","indice":"","autores-libros":[16386],"ilustradores-libros":[16386],"traductores-libros":[17933],"descripcion_corta":"","recomendamos":"","mas_vendido":"","idioma-libro":"","color":false,"formato":"","mas_informacion_del_producto":false,"premios":false,"texto_enlace_cubierta":"","enlace_cubierta":{"ID":24349,"id":24349,"title":"CV_El mosquito (ESP).indd","filename":"cover-Mosquito-al-rescate.jpg","filesize":427661,"url":"https:\/\/www.editorialjuventud.es\/wp-content\/uploads\/cover-Mosquito-al-rescate.jpg","link":"https:\/\/www.editorialjuventud.es\/ca\/?attachment_id=24349","alt":"","author":"47","description":"","caption":"","name":"cv_el-mosquito-esp-indd","status":"inherit","uploaded_to":6293,"date":"2019-04-16 09:51:40","modified":"2019-04-16 09:51:40","menu_order":0,"mime_type":"image\/jpeg","type":"image","subtype":"jpeg","icon":"https:\/\/www.editorialjuventud.es\/wp-includes\/images\/media\/default.png","width":1547,"height":2104,"sizes":{"thumbnail":"https:\/\/www.editorialjuventud.es\/wp-content\/uploads\/cover-Mosquito-al-rescate-200x200.jpg","thumbnail-width":200,"thumbnail-height":200,"medium":"https:\/\/www.editorialjuventud.es\/wp-content\/uploads\/cover-Mosquito-al-rescate.jpg","medium-width":1547,"medium-height":2104,"medium_large":"https:\/\/www.editorialjuventud.es\/wp-content\/uploads\/cover-Mosquito-al-rescate-768x1045.jpg","medium_large-width":768,"medium_large-height":1045,"large":"https:\/\/www.editorialjuventud.es\/wp-content\/uploads\/cover-Mosquito-al-rescate.jpg","large-width":1547,"large-height":2104,"1536x1536":"https:\/\/www.editorialjuventud.es\/wp-content\/uploads\/cover-Mosquito-al-rescate.jpg","1536x1536-width":1129,"1536x1536-height":1536,"2048x2048":"https:\/\/www.editorialjuventud.es\/wp-content\/uploads\/cover-Mosquito-al-rescate.jpg","2048x2048-width":1506,"2048x2048-height":2048,"woocommerce_thumbnail":"https:\/\/www.editorialjuventud.es\/wp-content\/uploads\/cover-Mosquito-al-rescate-350x476.jpg","woocommerce_thumbnail-width":350,"woocommerce_thumbnail-height":476,"woocommerce_single":"https:\/\/www.editorialjuventud.es\/wp-content\/uploads\/cover-Mosquito-al-rescate-900x1224.jpg","woocommerce_single-width":900,"woocommerce_single-height":1224,"woocommerce_gallery_thumbnail":"https:\/\/www.editorialjuventud.es\/wp-content\/uploads\/cover-Mosquito-al-rescate-100x100.jpg","woocommerce_gallery_thumbnail-width":100,"woocommerce_gallery_thumbnail-height":100,"ppec_logo_image_size":"https:\/\/www.editorialjuventud.es\/wp-content\/uploads\/cover-Mosquito-al-rescate.jpg","ppec_logo_image_size-width":44,"ppec_logo_image_size-height":60,"ppec_header_image_size":"https:\/\/www.editorialjuventud.es\/wp-content\/uploads\/cover-Mosquito-al-rescate.jpg","ppec_header_image_size-width":66,"ppec_header_image_size-height":90}},"texto_enlace_ficha_tecnica":"","enlace_ficha_tecnica":{"ID":24351,"id":24351,"title":"Ficha Mosquito al rescate","filename":"Ficha-Mosquito-al-rescate.pdf","filesize":336777,"url":"https:\/\/www.editorialjuventud.es\/wp-content\/uploads\/Ficha-Mosquito-al-rescate.pdf","link":"https:\/\/www.editorialjuventud.es\/ca\/?attachment_id=24351","alt":"","author":"47","description":"","caption":"","name":"ficha-mosquito-al-rescate","status":"inherit","uploaded_to":6293,"date":"2019-04-16 09:52:00","modified":"2019-04-16 09:52:00","menu_order":0,"mime_type":"application\/pdf","type":"application","subtype":"pdf","icon":"https:\/\/www.editorialjuventud.es\/wp-includes\/images\/media\/document.png"},"ficheros":false,"titulo-fr":"","texto-fr":""},"yoast_head":"<!-- This site is optimized with the Yoast SEO plugin v27.5 - https:\/\/yoast.com\/product\/yoast-seo-wordpress\/ -->\n<title>Mosquito al rescate - Editorial Juventud<\/title>\n<meta name=\"description\" content=\"\u00bfEl abuelo, el gato o el sapo han desaparecido? \u00a1No pasa nada! La misi\u00f3n de Mosquito es encontrarlos. A bordo de su maravilloso avi\u00f3n transformable, explora lugares tan ins\u00f3litos como fabulosos: oc\u00e9anos, cuevas y parques de atracciones; la huerta, la gran ciudad, e incluso el espacio, \u00a1nada se le resiste!\" \/>\n<meta name=\"robots\" content=\"index, follow, max-snippet:-1, max-image-preview:large, max-video-preview:-1\" \/>\n<link rel=\"canonical\" href=\"https:\/\/www.editorialjuventud.es\/mosquito-al-rescate-9788426144461\/\" \/>\n<meta property=\"og:locale\" content=\"ca_ES\" \/>\n<meta property=\"og:type\" content=\"article\" \/>\n<meta property=\"og:title\" content=\"Mosquito al rescate - Editorial Juventud\" \/>\n<meta property=\"og:description\" content=\"\u00bfEl abuelo, el gato o el sapo han desaparecido? \u00a1No pasa nada! La misi\u00f3n de Mosquito es encontrarlos. A bordo de su maravilloso avi\u00f3n transformable, explora lugares tan ins\u00f3litos como fabulosos: oc\u00e9anos, cuevas y parques de atracciones; la huerta, la gran ciudad, e incluso el espacio, \u00a1nada se le resiste!\" \/>\n<meta property=\"og:url\" content=\"https:\/\/www.editorialjuventud.es\/mosquito-al-rescate-9788426144461\/\" \/>\n<meta property=\"og:site_name\" content=\"Editorial Juventud\" \/>\n<meta property=\"article:modified_time\" content=\"2025-01-22T12:01:53+00:00\" \/>\n<meta property=\"og:image\" content=\"https:\/\/www.editorialjuventud.es\/wp-content\/uploads\/4446.jpg\" \/>\n\t<meta property=\"og:image:width\" content=\"329\" \/>\n\t<meta property=\"og:image:height\" content=\"450\" \/>\n\t<meta property=\"og:image:type\" content=\"image\/jpeg\" \/>\n<meta name=\"twitter:card\" content=\"summary_large_image\" \/>\n<meta name=\"twitter:label1\" content=\"Temps estimat de lectura\" \/>\n\t<meta name=\"twitter:data1\" content=\"1 minut\" \/>\n<script type=\"application\/ld+json\" class=\"yoast-schema-graph\">{\"@context\":\"https:\\\/\\\/schema.org\",\"@graph\":[{\"@type\":\"WebPage\",\"@id\":\"https:\\\/\\\/www.editorialjuventud.es\\\/mosquito-al-rescate-9788426144461\\\/\",\"url\":\"https:\\\/\\\/www.editorialjuventud.es\\\/mosquito-al-rescate-9788426144461\\\/\",\"name\":\"Mosquito al rescate - Editorial Juventud\",\"isPartOf\":{\"@id\":\"https:\\\/\\\/www.editorialjuventud.es\\\/#website\"},\"primaryImageOfPage\":{\"@id\":\"https:\\\/\\\/www.editorialjuventud.es\\\/mosquito-al-rescate-9788426144461\\\/#primaryimage\"},\"image\":{\"@id\":\"https:\\\/\\\/www.editorialjuventud.es\\\/mosquito-al-rescate-9788426144461\\\/#primaryimage\"},\"thumbnailUrl\":\"https:\\\/\\\/www.editorialjuventud.es\\\/wp-content\\\/uploads\\\/4446.jpg\",\"datePublished\":\"2018-08-24T10:12:15+00:00\",\"dateModified\":\"2025-01-22T12:01:53+00:00\",\"description\":\"\u00bfEl abuelo, el gato o el sapo han desaparecido? \u00a1No pasa nada! La misi\u00f3n de Mosquito es encontrarlos. A bordo de su maravilloso avi\u00f3n transformable, explora lugares tan ins\u00f3litos como fabulosos: oc\u00e9anos, cuevas y parques de atracciones; la huerta, la gran ciudad, e incluso el espacio, \u00a1nada se le resiste!\",\"breadcrumb\":{\"@id\":\"https:\\\/\\\/www.editorialjuventud.es\\\/mosquito-al-rescate-9788426144461\\\/#breadcrumb\"},\"inLanguage\":\"ca\",\"potentialAction\":[{\"@type\":\"ReadAction\",\"target\":[\"https:\\\/\\\/www.editorialjuventud.es\\\/mosquito-al-rescate-9788426144461\\\/\"]}]},{\"@type\":\"ImageObject\",\"inLanguage\":\"ca\",\"@id\":\"https:\\\/\\\/www.editorialjuventud.es\\\/mosquito-al-rescate-9788426144461\\\/#primaryimage\",\"url\":\"https:\\\/\\\/www.editorialjuventud.es\\\/wp-content\\\/uploads\\\/4446.jpg\",\"contentUrl\":\"https:\\\/\\\/www.editorialjuventud.es\\\/wp-content\\\/uploads\\\/4446.jpg\",\"width\":329,\"height\":450,\"caption\":\"4446.jpg\"},{\"@type\":\"BreadcrumbList\",\"@id\":\"https:\\\/\\\/www.editorialjuventud.es\\\/mosquito-al-rescate-9788426144461\\\/#breadcrumb\",\"itemListElement\":[{\"@type\":\"ListItem\",\"position\":1,\"name\":\"Portada\",\"item\":\"https:\\\/\\\/www.editorialjuventud.es\\\/\"},{\"@type\":\"ListItem\",\"position\":2,\"name\":\"cat\u00e1logo\",\"item\":\"https:\\\/\\\/www.editorialjuventud.es\\\/coleccion\\\/catalogo\\\/\"},{\"@type\":\"ListItem\",\"position\":3,\"name\":\"castellano\",\"item\":\"https:\\\/\\\/www.editorialjuventud.es\\\/coleccion\\\/castellano\\\/\"},{\"@type\":\"ListItem\",\"position\":4,\"name\":\"\u00c1lbumes Ilustrados\",\"item\":\"https:\\\/\\\/www.editorialjuventud.es\\\/coleccion\\\/albumes-ilustrados\\\/\"},{\"@type\":\"ListItem\",\"position\":5,\"name\":\"Libros Juego\",\"item\":\"https:\\\/\\\/www.editorialjuventud.es\\\/coleccion\\\/libros-juego\\\/\"},{\"@type\":\"ListItem\",\"position\":6,\"name\":\"Mosquito al rescate\"}]},{\"@type\":\"WebSite\",\"@id\":\"https:\\\/\\\/www.editorialjuventud.es\\\/#website\",\"url\":\"https:\\\/\\\/www.editorialjuventud.es\\\/\",\"name\":\"Editorial Juventud\",\"description\":\"\",\"potentialAction\":[{\"@type\":\"SearchAction\",\"target\":{\"@type\":\"EntryPoint\",\"urlTemplate\":\"https:\\\/\\\/www.editorialjuventud.es\\\/?s={search_term_string}\"},\"query-input\":{\"@type\":\"PropertyValueSpecification\",\"valueRequired\":true,\"valueName\":\"search_term_string\"}}],\"inLanguage\":\"ca\"}]}<\/script>\n<!-- \/ Yoast SEO plugin. -->","yoast_head_json":{"title":"Mosquito al rescate - Editorial Juventud","description":"\u00bfEl abuelo, el gato o el sapo han desaparecido? \u00a1No pasa nada! La misi\u00f3n de Mosquito es encontrarlos. A bordo de su maravilloso avi\u00f3n transformable, explora lugares tan ins\u00f3litos como fabulosos: oc\u00e9anos, cuevas y parques de atracciones; la huerta, la gran ciudad, e incluso el espacio, \u00a1nada se le resiste!","robots":{"index":"index","follow":"follow","max-snippet":"max-snippet:-1","max-image-preview":"max-image-preview:large","max-video-preview":"max-video-preview:-1"},"canonical":"https:\/\/www.editorialjuventud.es\/mosquito-al-rescate-9788426144461\/","og_locale":"ca_ES","og_type":"article","og_title":"Mosquito al rescate - Editorial Juventud","og_description":"\u00bfEl abuelo, el gato o el sapo han desaparecido? \u00a1No pasa nada! La misi\u00f3n de Mosquito es encontrarlos. A bordo de su maravilloso avi\u00f3n transformable, explora lugares tan ins\u00f3litos como fabulosos: oc\u00e9anos, cuevas y parques de atracciones; la huerta, la gran ciudad, e incluso el espacio, \u00a1nada se le resiste!","og_url":"https:\/\/www.editorialjuventud.es\/mosquito-al-rescate-9788426144461\/","og_site_name":"Editorial Juventud","article_modified_time":"2025-01-22T12:01:53+00:00","og_image":[{"width":329,"height":450,"url":"https:\/\/www.editorialjuventud.es\/wp-content\/uploads\/4446.jpg","type":"image\/jpeg"}],"twitter_card":"summary_large_image","twitter_misc":{"Temps estimat de lectura":"1 minut"},"schema":{"@context":"https:\/\/schema.org","@graph":[{"@type":"WebPage","@id":"https:\/\/www.editorialjuventud.es\/mosquito-al-rescate-9788426144461\/","url":"https:\/\/www.editorialjuventud.es\/mosquito-al-rescate-9788426144461\/","name":"Mosquito al rescate - Editorial Juventud","isPartOf":{"@id":"https:\/\/www.editorialjuventud.es\/#website"},"primaryImageOfPage":{"@id":"https:\/\/www.editorialjuventud.es\/mosquito-al-rescate-9788426144461\/#primaryimage"},"image":{"@id":"https:\/\/www.editorialjuventud.es\/mosquito-al-rescate-9788426144461\/#primaryimage"},"thumbnailUrl":"https:\/\/www.editorialjuventud.es\/wp-content\/uploads\/4446.jpg","datePublished":"2018-08-24T10:12:15+00:00","dateModified":"2025-01-22T12:01:53+00:00","description":"\u00bfEl abuelo, el gato o el sapo han desaparecido? \u00a1No pasa nada! La misi\u00f3n de Mosquito es encontrarlos. A bordo de su maravilloso avi\u00f3n transformable, explora lugares tan ins\u00f3litos como fabulosos: oc\u00e9anos, cuevas y parques de atracciones; la huerta, la gran ciudad, e incluso el espacio, \u00a1nada se le resiste!","breadcrumb":{"@id":"https:\/\/www.editorialjuventud.es\/mosquito-al-rescate-9788426144461\/#breadcrumb"},"inLanguage":"ca","potentialAction":[{"@type":"ReadAction","target":["https:\/\/www.editorialjuventud.es\/mosquito-al-rescate-9788426144461\/"]}]},{"@type":"ImageObject","inLanguage":"ca","@id":"https:\/\/www.editorialjuventud.es\/mosquito-al-rescate-9788426144461\/#primaryimage","url":"https:\/\/www.editorialjuventud.es\/wp-content\/uploads\/4446.jpg","contentUrl":"https:\/\/www.editorialjuventud.es\/wp-content\/uploads\/4446.jpg","width":329,"height":450,"caption":"4446.jpg"},{"@type":"BreadcrumbList","@id":"https:\/\/www.editorialjuventud.es\/mosquito-al-rescate-9788426144461\/#breadcrumb","itemListElement":[{"@type":"ListItem","position":1,"name":"Portada","item":"https:\/\/www.editorialjuventud.es\/"},{"@type":"ListItem","position":2,"name":"cat\u00e1logo","item":"https:\/\/www.editorialjuventud.es\/coleccion\/catalogo\/"},{"@type":"ListItem","position":3,"name":"castellano","item":"https:\/\/www.editorialjuventud.es\/coleccion\/castellano\/"},{"@type":"ListItem","position":4,"name":"\u00c1lbumes Ilustrados","item":"https:\/\/www.editorialjuventud.es\/coleccion\/albumes-ilustrados\/"},{"@type":"ListItem","position":5,"name":"Libros Juego","item":"https:\/\/www.editorialjuventud.es\/coleccion\/libros-juego\/"},{"@type":"ListItem","position":6,"name":"Mosquito al rescate"}]},{"@type":"WebSite","@id":"https:\/\/www.editorialjuventud.es\/#website","url":"https:\/\/www.editorialjuventud.es\/","name":"Editorial Juventud","description":"","potentialAction":[{"@type":"SearchAction","target":{"@type":"EntryPoint","urlTemplate":"https:\/\/www.editorialjuventud.es\/?s={search_term_string}"},"query-input":{"@type":"PropertyValueSpecification","valueRequired":true,"valueName":"search_term_string"}}],"inLanguage":"ca"}]}},"_links":{"self":[{"href":"https:\/\/www.editorialjuventud.es\/ca\/wp-json\/wp\/v2\/product\/6293","targetHints":{"allow":["GET"]}}],"collection":[{"href":"https:\/\/www.editorialjuventud.es\/ca\/wp-json\/wp\/v2\/product"}],"about":[{"href":"https:\/\/www.editorialjuventud.es\/ca\/wp-json\/wp\/v2\/types\/product"}],"wp:featuredmedia":[{"embeddable":true,"href":"https:\/\/www.editorialjuventud.es\/ca\/wp-json\/wp\/v2\/media\/16912"}],"wp:attachment":[{"href":"https:\/\/www.editorialjuventud.es\/ca\/wp-json\/wp\/v2\/media?parent=6293"}],"wp:term":[{"taxonomy":"product_brand","embeddable":true,"href":"https:\/\/www.editorialjuventud.es\/ca\/wp-json\/wp\/v2\/product_brand?post=6293"},{"taxonomy":"product_cat","embeddable":true,"href":"https:\/\/www.editorialjuventud.es\/ca\/wp-json\/wp\/v2\/product_cat?post=6293"},{"taxonomy":"product_tag","embeddable":true,"href":"https:\/\/www.editorialjuventud.es\/ca\/wp-json\/wp\/v2\/product_tag?post=6293"},{"taxonomy":"coleccion","embeddable":true,"href":"https:\/\/www.editorialjuventud.es\/ca\/wp-json\/wp\/v2\/coleccion?post=6293"}],"curies":[{"name":"wp","href":"https:\/\/api.w.org\/{rel}","templated":true}]}}