{"id":6291,"date":"2018-08-24T12:12:06","date_gmt":"2018-08-24T10:12:06","guid":{"rendered":"http:\/\/www.editorialjuventud.es\/abecedario-escondido\/"},"modified":"2025-01-22T13:02:10","modified_gmt":"2025-01-22T12:02:10","slug":"abecedario-escondido-9788426144447","status":"publish","type":"product","link":"https:\/\/www.editorialjuventud.es\/ca\/abecedario-escondido-9788426144447\/","title":{"rendered":"Abecedario escondido"},"content":{"rendered":"<p>Este abecedario es un juego visual para descubrir las letras que nos rodean. Puedes ir a la Luna en una A, morder con la W, sonre\u00edr con una U, ba\u00f1arte en una D, ir al hospital por una S, navegar con una L\u2026 Un primer abecedario para descubrir y aprender a reconocer de forma muy l\u00fadica las letras que se esconden en las ilustraciones y alrededor nuestro. \u00a1Insp\u00edrate con este libro y crea tu propio abecedario escondido! Con papeles de colores, un l\u00e1piz y mucha imaginaci\u00f3n, ver\u00e1s c\u00f3mo las letras pueden ocultarse y sorprenderte de infinitas maneras. \u00a1Desc\u00fabrelas!<\/p>\n","protected":false},"excerpt":{"rendered":"Este abecedario es un juego visual para descubrir las letras que nos rodean. Puedes ir a la Luna en una A, morder con la W, sonre\u00edr con una U, ba\u00f1arte en una D, ir al hospital por una S, navegar [&hellip;]","protected":false},"featured_media":17250,"template":"","meta":{"_acf_changed":false,"_exactmetrics_skip_tracking":false,"_exactmetrics_sitenote_active":false,"_exactmetrics_sitenote_note":"","_exactmetrics_sitenote_category":0},"product_brand":[],"product_cat":[899,1232,1121,1133,1291,1213],"product_tag":[],"coleccion":[985],"class_list":{"0":"post-6291","1":"product","2":"type-product","3":"status-publish","4":"has-post-thumbnail","6":"product_cat-a-partir-de-3-anos","7":"product_cat-abecedario","8":"product_cat-albumes-ilustrados","9":"product_cat-alfabetizacion","10":"product_cat-libro-juego","11":"product_cat-primeros-conceptos","12":"coleccion-aprendiendo-a-leer","14":"first","15":"instock","16":"taxable","17":"shipping-taxable","18":"purchasable","19":"product-type-simple"},"acf":{"autor":"Imapla","codart":"4444","ediciones":"2","encuadernacion":"Carton\u00e9","fecha_de_publicacion":"01\/09\/2017","novedad":"0","paginas":"60","subtitulo":"","texto_web_adicional":"","texto_web_novedad":"","orden":"999","portada":"0","texto_web_resaltado":"","indice":"","autores-libros":[16422],"ilustradores-libros":[16422],"traductores-libros":"","descripcion_corta":"","recomendamos":"","mas_vendido":"","color":false,"formato":"","mas_informacion_del_producto":false,"premios":false,"texto_enlace_cubierta":" Foreign Rights","enlace_cubierta":{"ID":23822,"id":23822,"title":"cover-Abecedario-escondido","filename":"cover-Abecedario-escondido-1.jpg","filesize":58354,"url":"https:\/\/www.editorialjuventud.es\/wp-content\/uploads\/cover-Abecedario-escondido-1.jpg","link":"https:\/\/www.editorialjuventud.es\/ca\/?attachment_id=23822","alt":"","author":"47","description":"","caption":"","name":"cover-abecedario-escondido","status":"inherit","uploaded_to":6291,"date":"2019-04-10 17:39:26","modified":"2019-04-10 17:39:26","menu_order":0,"mime_type":"image\/jpeg","type":"image","subtype":"jpeg","icon":"https:\/\/www.editorialjuventud.es\/wp-includes\/images\/media\/default.png","width":856,"height":1200,"sizes":{"thumbnail":"https:\/\/www.editorialjuventud.es\/wp-content\/uploads\/cover-Abecedario-escondido-1-200x200.jpg","thumbnail-width":200,"thumbnail-height":200,"medium":"https:\/\/www.editorialjuventud.es\/wp-content\/uploads\/cover-Abecedario-escondido-1.jpg","medium-width":856,"medium-height":1200,"medium_large":"https:\/\/www.editorialjuventud.es\/wp-content\/uploads\/cover-Abecedario-escondido-1-768x1077.jpg","medium_large-width":768,"medium_large-height":1077,"large":"https:\/\/www.editorialjuventud.es\/wp-content\/uploads\/cover-Abecedario-escondido-1.jpg","large-width":856,"large-height":1200,"1536x1536":"https:\/\/www.editorialjuventud.es\/wp-content\/uploads\/cover-Abecedario-escondido-1.jpg","1536x1536-width":856,"1536x1536-height":1200,"2048x2048":"https:\/\/www.editorialjuventud.es\/wp-content\/uploads\/cover-Abecedario-escondido-1.jpg","2048x2048-width":856,"2048x2048-height":1200,"woocommerce_thumbnail":"https:\/\/www.editorialjuventud.es\/wp-content\/uploads\/cover-Abecedario-escondido-1-350x491.jpg","woocommerce_thumbnail-width":350,"woocommerce_thumbnail-height":491,"woocommerce_single":"https:\/\/www.editorialjuventud.es\/wp-content\/uploads\/cover-Abecedario-escondido-1.jpg","woocommerce_single-width":856,"woocommerce_single-height":1200,"woocommerce_gallery_thumbnail":"https:\/\/www.editorialjuventud.es\/wp-content\/uploads\/cover-Abecedario-escondido-1-100x100.jpg","woocommerce_gallery_thumbnail-width":100,"woocommerce_gallery_thumbnail-height":100,"ppec_logo_image_size":"https:\/\/www.editorialjuventud.es\/wp-content\/uploads\/cover-Abecedario-escondido-1.jpg","ppec_logo_image_size-width":43,"ppec_logo_image_size-height":60,"ppec_header_image_size":"https:\/\/www.editorialjuventud.es\/wp-content\/uploads\/cover-Abecedario-escondido-1.jpg","ppec_header_image_size-width":64,"ppec_header_image_size-height":90}},"texto_enlace_ficha_tecnica":"","enlace_ficha_tecnica":{"ID":23820,"id":23820,"title":"Ficha Abecedario escondido","filename":"Ficha-Abecedario-escondido.pdf","filesize":332739,"url":"https:\/\/www.editorialjuventud.es\/wp-content\/uploads\/Ficha-Abecedario-escondido.pdf","link":"https:\/\/www.editorialjuventud.es\/ca\/?attachment_id=23820","alt":"","author":"47","description":"","caption":"","name":"ficha-abecedario-escondido","status":"inherit","uploaded_to":6291,"date":"2019-04-10 17:38:00","modified":"2019-04-10 17:38:00","menu_order":0,"mime_type":"application\/pdf","type":"application","subtype":"pdf","icon":"https:\/\/www.editorialjuventud.es\/wp-includes\/images\/media\/document.png"},"ficheros":false,"titulo-fr":"Hidden Alphabet","texto-fr":"<h3><img loading=\"lazy\" decoding=\"async\" class=\"aligncenter size-full wp-image-24704\" src=\"http:\/\/www.editorialjuventud.es\/wp-content\/uploads\/3.png\" alt=\"\" width=\"43\" height=\"43\" \/><\/h3>\n<p><span style=\"color: #000000;\"><strong>A fun way to learn the alphabet<\/strong><\/span><\/p>\n<p>This alphabet is a visual game to discover the letters that surround you. You can go to the moon by an A, bite with the W, smile with a U, get a bath in a D, go to the hospital through an S, sail with an L&#8230; Discover them!<\/p>\n<p>It also has a final game to create your own alphabet. With colored papers, a pencil and a lot of imagination, discover what is hidden behind each letter of your alphabet.<\/p>\n<p><span style=\"color: #008080;\"><em>\u203a Rights sold: Italy<\/em><\/span><\/p>\n<hr \/>\n<p><img loading=\"lazy\" decoding=\"async\" class=\"alignnone size-full wp-image-19115\" src=\"http:\/\/www.editorialjuventud.es\/wp-content\/uploads\/test-imapla.jpg\" alt=\"\" width=\"147\" height=\"157\" \/><\/p>\n<h2><\/h2>\n<h2><strong>Imapla<\/strong><\/h2>\n<h6><\/h6>\n<p>She studied Graphic Design at Elisava School in Barcelona. She learned to work with the image and to understand the graphic independently of the drawing. She began collaborating for different magazines and advertising media, which led her to combine different disciplines. She received the Apel.les Mestres Award in 1992 and that made her devote her life to illustration and later to start as an author. In 2007, she won the International Illustration Award of SM Foundation.<\/p>\n<hr \/>\n<h5>\u203a\u00a0<span style=\"text-decoration: underline;\"><span style=\"color: #0000ff;\"><strong><a href=\"http:\/\/www.editorialjuventud.es\/wp-content\/uploads\/Ficha-FR-Hidden-Alphabet-1.pdf\" target=\"_blank\" rel=\"noopener\">Fact Sheet<\/a><\/strong><\/span><\/span><\/h5>\n<p>&nbsp;<\/p>\n","idioma-libro":"","fecha_de_reimpresion":"01\/01\/2020","deshabilitar_compra":[]},"yoast_head":"<!-- This site is optimized with the Yoast SEO plugin v27.3 - https:\/\/yoast.com\/product\/yoast-seo-wordpress\/ -->\n<title>Abecedario escondido - Editorial Juventud<\/title>\n<meta name=\"description\" content=\"Este abecedario es un juego visual para descubrir las letras que nos rodean. Puedes ir a la Luna en una A, morder con la W, sonre\u00edr con una U, ba\u00f1arte en\" \/>\n<meta name=\"robots\" content=\"index, follow, max-snippet:-1, max-image-preview:large, max-video-preview:-1\" \/>\n<link rel=\"canonical\" href=\"https:\/\/www.editorialjuventud.es\/abecedario-escondido-9788426144447\/\" \/>\n<meta property=\"og:locale\" content=\"ca_ES\" \/>\n<meta property=\"og:type\" content=\"article\" \/>\n<meta property=\"og:title\" content=\"Abecedario escondido - Editorial Juventud\" \/>\n<meta property=\"og:description\" content=\"Este abecedario es un juego visual para descubrir las letras que nos rodean. Puedes ir a la Luna en una A, morder con la W, sonre\u00edr con una U, ba\u00f1arte en\" \/>\n<meta property=\"og:url\" content=\"https:\/\/www.editorialjuventud.es\/abecedario-escondido-9788426144447\/\" \/>\n<meta property=\"og:site_name\" content=\"Editorial Juventud\" \/>\n<meta property=\"article:modified_time\" content=\"2025-01-22T12:02:10+00:00\" \/>\n<meta property=\"og:image\" content=\"https:\/\/www.editorialjuventud.es\/wp-content\/uploads\/4444.jpg\" \/>\n\t<meta property=\"og:image:width\" content=\"320\" \/>\n\t<meta property=\"og:image:height\" content=\"450\" \/>\n\t<meta property=\"og:image:type\" content=\"image\/jpeg\" \/>\n<meta name=\"twitter:card\" content=\"summary_large_image\" \/>\n<meta name=\"twitter:label1\" content=\"Temps estimat de lectura\" \/>\n\t<meta name=\"twitter:data1\" content=\"1 minut\" \/>\n<script type=\"application\/ld+json\" class=\"yoast-schema-graph\">{\"@context\":\"https:\\\/\\\/schema.org\",\"@graph\":[{\"@type\":\"WebPage\",\"@id\":\"https:\\\/\\\/www.editorialjuventud.es\\\/abecedario-escondido-9788426144447\\\/\",\"url\":\"https:\\\/\\\/www.editorialjuventud.es\\\/abecedario-escondido-9788426144447\\\/\",\"name\":\"Abecedario escondido - Editorial Juventud\",\"isPartOf\":{\"@id\":\"https:\\\/\\\/www.editorialjuventud.es\\\/#website\"},\"primaryImageOfPage\":{\"@id\":\"https:\\\/\\\/www.editorialjuventud.es\\\/abecedario-escondido-9788426144447\\\/#primaryimage\"},\"image\":{\"@id\":\"https:\\\/\\\/www.editorialjuventud.es\\\/abecedario-escondido-9788426144447\\\/#primaryimage\"},\"thumbnailUrl\":\"https:\\\/\\\/www.editorialjuventud.es\\\/wp-content\\\/uploads\\\/4444.jpg\",\"datePublished\":\"2018-08-24T10:12:06+00:00\",\"dateModified\":\"2025-01-22T12:02:10+00:00\",\"description\":\"Este abecedario es un juego visual para descubrir las letras que nos rodean. Puedes ir a la Luna en una A, morder con la W, sonre\u00edr con una U, ba\u00f1arte en\",\"breadcrumb\":{\"@id\":\"https:\\\/\\\/www.editorialjuventud.es\\\/abecedario-escondido-9788426144447\\\/#breadcrumb\"},\"inLanguage\":\"ca\",\"potentialAction\":[{\"@type\":\"ReadAction\",\"target\":[\"https:\\\/\\\/www.editorialjuventud.es\\\/abecedario-escondido-9788426144447\\\/\"]}]},{\"@type\":\"ImageObject\",\"inLanguage\":\"ca\",\"@id\":\"https:\\\/\\\/www.editorialjuventud.es\\\/abecedario-escondido-9788426144447\\\/#primaryimage\",\"url\":\"https:\\\/\\\/www.editorialjuventud.es\\\/wp-content\\\/uploads\\\/4444.jpg\",\"contentUrl\":\"https:\\\/\\\/www.editorialjuventud.es\\\/wp-content\\\/uploads\\\/4444.jpg\",\"width\":320,\"height\":450,\"caption\":\"4444.jpg\"},{\"@type\":\"BreadcrumbList\",\"@id\":\"https:\\\/\\\/www.editorialjuventud.es\\\/abecedario-escondido-9788426144447\\\/#breadcrumb\",\"itemListElement\":[{\"@type\":\"ListItem\",\"position\":1,\"name\":\"Portada\",\"item\":\"https:\\\/\\\/www.editorialjuventud.es\\\/\"},{\"@type\":\"ListItem\",\"position\":2,\"name\":\"cat\u00e1logo\",\"item\":\"https:\\\/\\\/www.editorialjuventud.es\\\/coleccion\\\/catalogo\\\/\"},{\"@type\":\"ListItem\",\"position\":3,\"name\":\"castellano\",\"item\":\"https:\\\/\\\/www.editorialjuventud.es\\\/coleccion\\\/castellano\\\/\"},{\"@type\":\"ListItem\",\"position\":4,\"name\":\"\u00c1lbumes Ilustrados\",\"item\":\"https:\\\/\\\/www.editorialjuventud.es\\\/coleccion\\\/albumes-ilustrados\\\/\"},{\"@type\":\"ListItem\",\"position\":5,\"name\":\"Aprendiendo a Leer\",\"item\":\"https:\\\/\\\/www.editorialjuventud.es\\\/coleccion\\\/aprendiendo-a-leer\\\/\"},{\"@type\":\"ListItem\",\"position\":6,\"name\":\"Abecedario escondido\"}]},{\"@type\":\"WebSite\",\"@id\":\"https:\\\/\\\/www.editorialjuventud.es\\\/#website\",\"url\":\"https:\\\/\\\/www.editorialjuventud.es\\\/\",\"name\":\"Editorial Juventud\",\"description\":\"\",\"potentialAction\":[{\"@type\":\"SearchAction\",\"target\":{\"@type\":\"EntryPoint\",\"urlTemplate\":\"https:\\\/\\\/www.editorialjuventud.es\\\/?s={search_term_string}\"},\"query-input\":{\"@type\":\"PropertyValueSpecification\",\"valueRequired\":true,\"valueName\":\"search_term_string\"}}],\"inLanguage\":\"ca\"}]}<\/script>\n<!-- \/ Yoast SEO plugin. -->","yoast_head_json":{"title":"Abecedario escondido - Editorial Juventud","description":"Este abecedario es un juego visual para descubrir las letras que nos rodean. Puedes ir a la Luna en una A, morder con la W, sonre\u00edr con una U, ba\u00f1arte en","robots":{"index":"index","follow":"follow","max-snippet":"max-snippet:-1","max-image-preview":"max-image-preview:large","max-video-preview":"max-video-preview:-1"},"canonical":"https:\/\/www.editorialjuventud.es\/abecedario-escondido-9788426144447\/","og_locale":"ca_ES","og_type":"article","og_title":"Abecedario escondido - Editorial Juventud","og_description":"Este abecedario es un juego visual para descubrir las letras que nos rodean. Puedes ir a la Luna en una A, morder con la W, sonre\u00edr con una U, ba\u00f1arte en","og_url":"https:\/\/www.editorialjuventud.es\/abecedario-escondido-9788426144447\/","og_site_name":"Editorial Juventud","article_modified_time":"2025-01-22T12:02:10+00:00","og_image":[{"width":320,"height":450,"url":"https:\/\/www.editorialjuventud.es\/wp-content\/uploads\/4444.jpg","type":"image\/jpeg"}],"twitter_card":"summary_large_image","twitter_misc":{"Temps estimat de lectura":"1 minut"},"schema":{"@context":"https:\/\/schema.org","@graph":[{"@type":"WebPage","@id":"https:\/\/www.editorialjuventud.es\/abecedario-escondido-9788426144447\/","url":"https:\/\/www.editorialjuventud.es\/abecedario-escondido-9788426144447\/","name":"Abecedario escondido - Editorial Juventud","isPartOf":{"@id":"https:\/\/www.editorialjuventud.es\/#website"},"primaryImageOfPage":{"@id":"https:\/\/www.editorialjuventud.es\/abecedario-escondido-9788426144447\/#primaryimage"},"image":{"@id":"https:\/\/www.editorialjuventud.es\/abecedario-escondido-9788426144447\/#primaryimage"},"thumbnailUrl":"https:\/\/www.editorialjuventud.es\/wp-content\/uploads\/4444.jpg","datePublished":"2018-08-24T10:12:06+00:00","dateModified":"2025-01-22T12:02:10+00:00","description":"Este abecedario es un juego visual para descubrir las letras que nos rodean. Puedes ir a la Luna en una A, morder con la W, sonre\u00edr con una U, ba\u00f1arte en","breadcrumb":{"@id":"https:\/\/www.editorialjuventud.es\/abecedario-escondido-9788426144447\/#breadcrumb"},"inLanguage":"ca","potentialAction":[{"@type":"ReadAction","target":["https:\/\/www.editorialjuventud.es\/abecedario-escondido-9788426144447\/"]}]},{"@type":"ImageObject","inLanguage":"ca","@id":"https:\/\/www.editorialjuventud.es\/abecedario-escondido-9788426144447\/#primaryimage","url":"https:\/\/www.editorialjuventud.es\/wp-content\/uploads\/4444.jpg","contentUrl":"https:\/\/www.editorialjuventud.es\/wp-content\/uploads\/4444.jpg","width":320,"height":450,"caption":"4444.jpg"},{"@type":"BreadcrumbList","@id":"https:\/\/www.editorialjuventud.es\/abecedario-escondido-9788426144447\/#breadcrumb","itemListElement":[{"@type":"ListItem","position":1,"name":"Portada","item":"https:\/\/www.editorialjuventud.es\/"},{"@type":"ListItem","position":2,"name":"cat\u00e1logo","item":"https:\/\/www.editorialjuventud.es\/coleccion\/catalogo\/"},{"@type":"ListItem","position":3,"name":"castellano","item":"https:\/\/www.editorialjuventud.es\/coleccion\/castellano\/"},{"@type":"ListItem","position":4,"name":"\u00c1lbumes Ilustrados","item":"https:\/\/www.editorialjuventud.es\/coleccion\/albumes-ilustrados\/"},{"@type":"ListItem","position":5,"name":"Aprendiendo a Leer","item":"https:\/\/www.editorialjuventud.es\/coleccion\/aprendiendo-a-leer\/"},{"@type":"ListItem","position":6,"name":"Abecedario escondido"}]},{"@type":"WebSite","@id":"https:\/\/www.editorialjuventud.es\/#website","url":"https:\/\/www.editorialjuventud.es\/","name":"Editorial Juventud","description":"","potentialAction":[{"@type":"SearchAction","target":{"@type":"EntryPoint","urlTemplate":"https:\/\/www.editorialjuventud.es\/?s={search_term_string}"},"query-input":{"@type":"PropertyValueSpecification","valueRequired":true,"valueName":"search_term_string"}}],"inLanguage":"ca"}]}},"_links":{"self":[{"href":"https:\/\/www.editorialjuventud.es\/ca\/wp-json\/wp\/v2\/product\/6291","targetHints":{"allow":["GET"]}}],"collection":[{"href":"https:\/\/www.editorialjuventud.es\/ca\/wp-json\/wp\/v2\/product"}],"about":[{"href":"https:\/\/www.editorialjuventud.es\/ca\/wp-json\/wp\/v2\/types\/product"}],"wp:featuredmedia":[{"embeddable":true,"href":"https:\/\/www.editorialjuventud.es\/ca\/wp-json\/wp\/v2\/media\/17250"}],"wp:attachment":[{"href":"https:\/\/www.editorialjuventud.es\/ca\/wp-json\/wp\/v2\/media?parent=6291"}],"wp:term":[{"taxonomy":"product_brand","embeddable":true,"href":"https:\/\/www.editorialjuventud.es\/ca\/wp-json\/wp\/v2\/product_brand?post=6291"},{"taxonomy":"product_cat","embeddable":true,"href":"https:\/\/www.editorialjuventud.es\/ca\/wp-json\/wp\/v2\/product_cat?post=6291"},{"taxonomy":"product_tag","embeddable":true,"href":"https:\/\/www.editorialjuventud.es\/ca\/wp-json\/wp\/v2\/product_tag?post=6291"},{"taxonomy":"coleccion","embeddable":true,"href":"https:\/\/www.editorialjuventud.es\/ca\/wp-json\/wp\/v2\/coleccion?post=6291"}],"curies":[{"name":"wp","href":"https:\/\/api.w.org\/{rel}","templated":true}]}}