{"id":6290,"date":"2018-08-24T12:12:02","date_gmt":"2018-08-24T10:12:02","guid":{"rendered":"http:\/\/www.editorialjuventud.es\/labella-i-jo\/"},"modified":"2025-01-22T13:02:05","modified_gmt":"2025-01-22T12:02:05","slug":"labella-i-jo-9788426144430","status":"publish","type":"product","link":"https:\/\/www.editorialjuventud.es\/ca\/labella-i-jo-9788426144430\/","title":{"rendered":"L&#8217;abella i jo"},"content":{"rendered":"<p>Una abella empipadora entra volant per la finestra i espanta una nena, que l\u2019atrapa i no sap qu\u00e8 fer-ne&#8230;<br \/>Una preciosa hist\u00f2ria que relata l\u2019amistat que sorgeix entre la nena i l\u2019abella, introdu\u00efnt els infants en la interdepend\u00e8ncia del m\u00f3n natural i el m\u00f3n artificial.<br \/>Fent palesa la dif\u00edcil situaci\u00f3 de l\u2019abella en perill de desapar\u00e8ixer, el llibre mostra algunes accions senzilles que poden ajudar a restaurar la bellesa i l\u2019equilibri del nostre medi. <br \/>La dif\u00edcil situaci\u00f3 de les abelles al nostre planeta \u00e9s un fet m\u00e9s que reocupant. \u00bfI qui millor per prendre consci\u00e8ncia sobre aquesta greu amena\u00e7a ambiental que les noves generacions que heretaran la Terra?<br \/>Alison Jay ha creat, amb les seves magn\u00edfiques il\u00b7lustracions que fan gaireb\u00e9 inneces\u00e0ri el text, un conte sobre la bellesa de les abelles i el seu vital paper al nostre m\u00f3n.<\/p>\n","protected":false},"excerpt":{"rendered":"Una abella empipadora entra volant per la finestra i espanta una nena, que l\u2019atrapa i no sap qu\u00e8 fer-ne&#8230;Una preciosa hist\u00f2ria que relata l\u2019amistat que sorgeix entre la nena i l\u2019abella, introdu\u00efnt els infants en la interdepend\u00e8ncia del m\u00f3n natural [&hellip;]","protected":false},"featured_media":17248,"template":"","meta":{"_acf_changed":false,"_exactmetrics_skip_tracking":false,"_exactmetrics_sitenote_active":false,"_exactmetrics_sitenote_note":"","_exactmetrics_sitenote_category":0},"product_brand":[],"product_cat":[900,1121,1328,1167,1187,1201,1128],"product_tag":[],"coleccion":[950],"class_list":{"0":"post-6290","1":"product","2":"type-product","3":"status-publish","4":"has-post-thumbnail","6":"product_cat-a-partir-de-5-anos","7":"product_cat-albumes-ilustrados","8":"product_cat-cambio-climatico","9":"product_cat-ecologia-medio-ambiente","10":"product_cat-insectos","11":"product_cat-naturaleza-biodiversidad","12":"product_cat-tematica","13":"coleccion-ecologia","15":"first","16":"instock","17":"taxable","18":"shipping-taxable","19":"purchasable","20":"product-type-simple"},"acf":{"autor":"Jay, Alison","codart":"4443","ediciones":"1","encuadernacion":"Carton\u00e9","fecha_de_publicacion":"01\/06\/2017","novedad":"0","paginas":"32","subtitulo":"","texto_web_adicional":"","texto_web_novedad":"","orden":"999","portada":"0","texto_web_resaltado":"","indice":"","autores-libros":[16426],"ilustradores-libros":[16426],"traductores-libros":[17859],"descripcion_corta":"","recomendamos":"","mas_vendido":"","idioma-libro":"","color":false,"formato":"","mas_informacion_del_producto":false,"premios":[{"premio":"Nominat Caldecott Medal","anyo_del_premio":"2017","pais_del_premio":"EE.UU."}],"texto_enlace_cubierta":"","enlace_cubierta":false,"texto_enlace_ficha_tecnica":"","enlace_ficha_tecnica":{"ID":25933,"id":25933,"title":"fitxa L'abella i jo","filename":"fitxa-Labella-i-jo.pdf","filesize":321547,"url":"https:\/\/www.editorialjuventud.es\/wp-content\/uploads\/fitxa-Labella-i-jo.pdf","link":"https:\/\/www.editorialjuventud.es\/ca\/?attachment_id=25933","alt":"","author":"47","description":"","caption":"","name":"fitxa-labella-i-jo","status":"inherit","uploaded_to":6290,"date":"2019-05-22 08:17:46","modified":"2019-05-22 08:17:46","menu_order":0,"mime_type":"application\/pdf","type":"application","subtype":"pdf","icon":"https:\/\/www.editorialjuventud.es\/wp-includes\/images\/media\/document.png"},"ficheros":false,"titulo-fr":"","texto-fr":"","fecha_de_reimpresion":"","deshabilitar_compra":[]},"yoast_head":"<!-- This site is optimized with the Yoast SEO plugin v27.5 - https:\/\/yoast.com\/product\/yoast-seo-wordpress\/ -->\n<title>L&#039;abella i jo - Editorial Juventud<\/title>\n<meta name=\"description\" content=\"Una abella empipadora entra volant per la finestra i espanta una nena, que l\u2019atrapa i no sap qu\u00e8 fer-ne...Una preciosa hist\u00f2ria que relata l\u2019amistat que\" \/>\n<meta name=\"robots\" content=\"index, follow, max-snippet:-1, max-image-preview:large, max-video-preview:-1\" \/>\n<link rel=\"canonical\" href=\"https:\/\/www.editorialjuventud.es\/labella-i-jo-9788426144430\/\" \/>\n<meta property=\"og:locale\" content=\"ca_ES\" \/>\n<meta property=\"og:type\" content=\"article\" \/>\n<meta property=\"og:title\" content=\"L&#039;abella i jo - Editorial Juventud\" \/>\n<meta property=\"og:description\" content=\"Una abella empipadora entra volant per la finestra i espanta una nena, que l\u2019atrapa i no sap qu\u00e8 fer-ne...Una preciosa hist\u00f2ria que relata l\u2019amistat que\" \/>\n<meta property=\"og:url\" content=\"https:\/\/www.editorialjuventud.es\/labella-i-jo-9788426144430\/\" \/>\n<meta property=\"og:site_name\" content=\"Editorial Juventud\" \/>\n<meta property=\"article:modified_time\" content=\"2025-01-22T12:02:05+00:00\" \/>\n<meta property=\"og:image\" content=\"https:\/\/www.editorialjuventud.es\/wp-content\/uploads\/4443.jpg\" \/>\n\t<meta property=\"og:image:width\" content=\"451\" \/>\n\t<meta property=\"og:image:height\" content=\"450\" \/>\n\t<meta property=\"og:image:type\" content=\"image\/jpeg\" \/>\n<meta name=\"twitter:card\" content=\"summary_large_image\" \/>\n<meta name=\"twitter:label1\" content=\"Temps estimat de lectura\" \/>\n\t<meta name=\"twitter:data1\" content=\"1 minut\" \/>\n<script type=\"application\/ld+json\" class=\"yoast-schema-graph\">{\"@context\":\"https:\\\/\\\/schema.org\",\"@graph\":[{\"@type\":\"WebPage\",\"@id\":\"https:\\\/\\\/www.editorialjuventud.es\\\/labella-i-jo-9788426144430\\\/\",\"url\":\"https:\\\/\\\/www.editorialjuventud.es\\\/labella-i-jo-9788426144430\\\/\",\"name\":\"L'abella i jo - Editorial Juventud\",\"isPartOf\":{\"@id\":\"https:\\\/\\\/www.editorialjuventud.es\\\/#website\"},\"primaryImageOfPage\":{\"@id\":\"https:\\\/\\\/www.editorialjuventud.es\\\/labella-i-jo-9788426144430\\\/#primaryimage\"},\"image\":{\"@id\":\"https:\\\/\\\/www.editorialjuventud.es\\\/labella-i-jo-9788426144430\\\/#primaryimage\"},\"thumbnailUrl\":\"https:\\\/\\\/www.editorialjuventud.es\\\/wp-content\\\/uploads\\\/4443.jpg\",\"datePublished\":\"2018-08-24T10:12:02+00:00\",\"dateModified\":\"2025-01-22T12:02:05+00:00\",\"description\":\"Una abella empipadora entra volant per la finestra i espanta una nena, que l\u2019atrapa i no sap qu\u00e8 fer-ne...Una preciosa hist\u00f2ria que relata l\u2019amistat que\",\"breadcrumb\":{\"@id\":\"https:\\\/\\\/www.editorialjuventud.es\\\/labella-i-jo-9788426144430\\\/#breadcrumb\"},\"inLanguage\":\"ca\",\"potentialAction\":[{\"@type\":\"ReadAction\",\"target\":[\"https:\\\/\\\/www.editorialjuventud.es\\\/labella-i-jo-9788426144430\\\/\"]}]},{\"@type\":\"ImageObject\",\"inLanguage\":\"ca\",\"@id\":\"https:\\\/\\\/www.editorialjuventud.es\\\/labella-i-jo-9788426144430\\\/#primaryimage\",\"url\":\"https:\\\/\\\/www.editorialjuventud.es\\\/wp-content\\\/uploads\\\/4443.jpg\",\"contentUrl\":\"https:\\\/\\\/www.editorialjuventud.es\\\/wp-content\\\/uploads\\\/4443.jpg\",\"width\":451,\"height\":450,\"caption\":\"4443.jpg\"},{\"@type\":\"BreadcrumbList\",\"@id\":\"https:\\\/\\\/www.editorialjuventud.es\\\/labella-i-jo-9788426144430\\\/#breadcrumb\",\"itemListElement\":[{\"@type\":\"ListItem\",\"position\":1,\"name\":\"Portada\",\"item\":\"https:\\\/\\\/www.editorialjuventud.es\\\/\"},{\"@type\":\"ListItem\",\"position\":2,\"name\":\"cat\u00e1logo\",\"item\":\"https:\\\/\\\/www.editorialjuventud.es\\\/coleccion\\\/catalogo\\\/\"},{\"@type\":\"ListItem\",\"position\":3,\"name\":\"catal\u00e0\",\"item\":\"https:\\\/\\\/www.editorialjuventud.es\\\/coleccion\\\/catala\\\/\"},{\"@type\":\"ListItem\",\"position\":4,\"name\":\"\u00c0lbums Il\u00b7lustrats\",\"item\":\"https:\\\/\\\/www.editorialjuventud.es\\\/coleccion\\\/albums-il%c2%b7lustrats\\\/\"},{\"@type\":\"ListItem\",\"position\":5,\"name\":\"Ecologia\",\"item\":\"https:\\\/\\\/www.editorialjuventud.es\\\/coleccion\\\/ecologia\\\/\"},{\"@type\":\"ListItem\",\"position\":6,\"name\":\"L'abella i jo\"}]},{\"@type\":\"WebSite\",\"@id\":\"https:\\\/\\\/www.editorialjuventud.es\\\/#website\",\"url\":\"https:\\\/\\\/www.editorialjuventud.es\\\/\",\"name\":\"Editorial Juventud\",\"description\":\"\",\"potentialAction\":[{\"@type\":\"SearchAction\",\"target\":{\"@type\":\"EntryPoint\",\"urlTemplate\":\"https:\\\/\\\/www.editorialjuventud.es\\\/?s={search_term_string}\"},\"query-input\":{\"@type\":\"PropertyValueSpecification\",\"valueRequired\":true,\"valueName\":\"search_term_string\"}}],\"inLanguage\":\"ca\"}]}<\/script>\n<!-- \/ Yoast SEO plugin. -->","yoast_head_json":{"title":"L'abella i jo - Editorial Juventud","description":"Una abella empipadora entra volant per la finestra i espanta una nena, que l\u2019atrapa i no sap qu\u00e8 fer-ne...Una preciosa hist\u00f2ria que relata l\u2019amistat que","robots":{"index":"index","follow":"follow","max-snippet":"max-snippet:-1","max-image-preview":"max-image-preview:large","max-video-preview":"max-video-preview:-1"},"canonical":"https:\/\/www.editorialjuventud.es\/labella-i-jo-9788426144430\/","og_locale":"ca_ES","og_type":"article","og_title":"L'abella i jo - Editorial Juventud","og_description":"Una abella empipadora entra volant per la finestra i espanta una nena, que l\u2019atrapa i no sap qu\u00e8 fer-ne...Una preciosa hist\u00f2ria que relata l\u2019amistat que","og_url":"https:\/\/www.editorialjuventud.es\/labella-i-jo-9788426144430\/","og_site_name":"Editorial Juventud","article_modified_time":"2025-01-22T12:02:05+00:00","og_image":[{"width":451,"height":450,"url":"https:\/\/www.editorialjuventud.es\/wp-content\/uploads\/4443.jpg","type":"image\/jpeg"}],"twitter_card":"summary_large_image","twitter_misc":{"Temps estimat de lectura":"1 minut"},"schema":{"@context":"https:\/\/schema.org","@graph":[{"@type":"WebPage","@id":"https:\/\/www.editorialjuventud.es\/labella-i-jo-9788426144430\/","url":"https:\/\/www.editorialjuventud.es\/labella-i-jo-9788426144430\/","name":"L'abella i jo - Editorial Juventud","isPartOf":{"@id":"https:\/\/www.editorialjuventud.es\/#website"},"primaryImageOfPage":{"@id":"https:\/\/www.editorialjuventud.es\/labella-i-jo-9788426144430\/#primaryimage"},"image":{"@id":"https:\/\/www.editorialjuventud.es\/labella-i-jo-9788426144430\/#primaryimage"},"thumbnailUrl":"https:\/\/www.editorialjuventud.es\/wp-content\/uploads\/4443.jpg","datePublished":"2018-08-24T10:12:02+00:00","dateModified":"2025-01-22T12:02:05+00:00","description":"Una abella empipadora entra volant per la finestra i espanta una nena, que l\u2019atrapa i no sap qu\u00e8 fer-ne...Una preciosa hist\u00f2ria que relata l\u2019amistat que","breadcrumb":{"@id":"https:\/\/www.editorialjuventud.es\/labella-i-jo-9788426144430\/#breadcrumb"},"inLanguage":"ca","potentialAction":[{"@type":"ReadAction","target":["https:\/\/www.editorialjuventud.es\/labella-i-jo-9788426144430\/"]}]},{"@type":"ImageObject","inLanguage":"ca","@id":"https:\/\/www.editorialjuventud.es\/labella-i-jo-9788426144430\/#primaryimage","url":"https:\/\/www.editorialjuventud.es\/wp-content\/uploads\/4443.jpg","contentUrl":"https:\/\/www.editorialjuventud.es\/wp-content\/uploads\/4443.jpg","width":451,"height":450,"caption":"4443.jpg"},{"@type":"BreadcrumbList","@id":"https:\/\/www.editorialjuventud.es\/labella-i-jo-9788426144430\/#breadcrumb","itemListElement":[{"@type":"ListItem","position":1,"name":"Portada","item":"https:\/\/www.editorialjuventud.es\/"},{"@type":"ListItem","position":2,"name":"cat\u00e1logo","item":"https:\/\/www.editorialjuventud.es\/coleccion\/catalogo\/"},{"@type":"ListItem","position":3,"name":"catal\u00e0","item":"https:\/\/www.editorialjuventud.es\/coleccion\/catala\/"},{"@type":"ListItem","position":4,"name":"\u00c0lbums Il\u00b7lustrats","item":"https:\/\/www.editorialjuventud.es\/coleccion\/albums-il%c2%b7lustrats\/"},{"@type":"ListItem","position":5,"name":"Ecologia","item":"https:\/\/www.editorialjuventud.es\/coleccion\/ecologia\/"},{"@type":"ListItem","position":6,"name":"L'abella i jo"}]},{"@type":"WebSite","@id":"https:\/\/www.editorialjuventud.es\/#website","url":"https:\/\/www.editorialjuventud.es\/","name":"Editorial Juventud","description":"","potentialAction":[{"@type":"SearchAction","target":{"@type":"EntryPoint","urlTemplate":"https:\/\/www.editorialjuventud.es\/?s={search_term_string}"},"query-input":{"@type":"PropertyValueSpecification","valueRequired":true,"valueName":"search_term_string"}}],"inLanguage":"ca"}]}},"_links":{"self":[{"href":"https:\/\/www.editorialjuventud.es\/ca\/wp-json\/wp\/v2\/product\/6290","targetHints":{"allow":["GET"]}}],"collection":[{"href":"https:\/\/www.editorialjuventud.es\/ca\/wp-json\/wp\/v2\/product"}],"about":[{"href":"https:\/\/www.editorialjuventud.es\/ca\/wp-json\/wp\/v2\/types\/product"}],"wp:featuredmedia":[{"embeddable":true,"href":"https:\/\/www.editorialjuventud.es\/ca\/wp-json\/wp\/v2\/media\/17248"}],"wp:attachment":[{"href":"https:\/\/www.editorialjuventud.es\/ca\/wp-json\/wp\/v2\/media?parent=6290"}],"wp:term":[{"taxonomy":"product_brand","embeddable":true,"href":"https:\/\/www.editorialjuventud.es\/ca\/wp-json\/wp\/v2\/product_brand?post=6290"},{"taxonomy":"product_cat","embeddable":true,"href":"https:\/\/www.editorialjuventud.es\/ca\/wp-json\/wp\/v2\/product_cat?post=6290"},{"taxonomy":"product_tag","embeddable":true,"href":"https:\/\/www.editorialjuventud.es\/ca\/wp-json\/wp\/v2\/product_tag?post=6290"},{"taxonomy":"coleccion","embeddable":true,"href":"https:\/\/www.editorialjuventud.es\/ca\/wp-json\/wp\/v2\/coleccion?post=6290"}],"curies":[{"name":"wp","href":"https:\/\/api.w.org\/{rel}","templated":true}]}}