{"id":6289,"date":"2018-08-24T12:11:58","date_gmt":"2018-08-24T10:11:58","guid":{"rendered":"http:\/\/www.editorialjuventud.es\/la-abeja-y-yo\/"},"modified":"2025-02-24T09:33:41","modified_gmt":"2025-02-24T08:33:41","slug":"la-abeja-y-yo-9788426144423","status":"publish","type":"product","link":"https:\/\/www.editorialjuventud.es\/ca\/la-abeja-y-yo-9788426144423\/","title":{"rendered":"La abeja y yo"},"content":{"rendered":"<p>Una molesta abeja entra volando por la ventana y asusta a una ni\u00f1a, que la atrapa y no sabe qu\u00e9 hacer<br \/>\ncon ella&#8230; Una preciosa historia que relata la amistad que surge entre la ni\u00f1a y la abeja, e introduce a los ni\u00f1os en la interdependencia del mundo natural y el mundo<br \/>\nartificial. Subrayando la dif\u00edcil situaci\u00f3n de la abeja en peligro de desaparecer, el libro muestra algunas acciones sencillas que pueden ayudar a restaurar la belleza y el equilibrio de nuestro medio ambiente. La dif\u00edcil situaci\u00f3n de las abejas en nuestro planeta es un hecho m\u00e1s que preocupante. \u00bfY qui\u00e9n mejor para tomar conciencia sobre esta grave preocupaci\u00f3n ambiental que las nuevas generaciones que heredar\u00e1n la Tierra? Alison Jay ha creado, con sus magn\u00edficas ilustraciones que hacen casi inecesario el texto, un cuento sobre la belleza de las abejas y su papel vital para nuestro mundo.<\/p>\n","protected":false},"excerpt":{"rendered":"Una molesta abeja entra volando por la ventana y asusta a una ni\u00f1a, que la atrapa y no sabe qu\u00e9 hacer con ella&#8230; Una preciosa historia que relata la amistad que surge entre la ni\u00f1a y la abeja, e introduce [&hellip;]","protected":false},"featured_media":17246,"template":"","meta":{"_acf_changed":false,"_exactmetrics_skip_tracking":false,"_exactmetrics_sitenote_active":false,"_exactmetrics_sitenote_note":"","_exactmetrics_sitenote_category":0},"product_brand":[],"product_cat":[900,1121,1328,1167,1187,1201],"product_tag":[],"coleccion":[991],"class_list":{"0":"post-6289","1":"product","2":"type-product","3":"status-publish","4":"has-post-thumbnail","6":"product_cat-a-partir-de-5-anos","7":"product_cat-albumes-ilustrados","8":"product_cat-cambio-climatico","9":"product_cat-ecologia-medio-ambiente","10":"product_cat-insectos","11":"product_cat-naturaleza-biodiversidad","12":"coleccion-ecologia-albumes-ilustrados","14":"first","15":"instock","16":"taxable","17":"shipping-taxable","18":"purchasable","19":"product-type-simple"},"acf":{"autor":"Jay, Alison","codart":"4442","ediciones":"1","encuadernacion":"Carton\u00e9","fecha_de_publicacion":"01\/06\/2017","novedad":"0","paginas":"32","subtitulo":"","texto_web_adicional":"","texto_web_novedad":"","orden":"999","portada":"0","texto_web_resaltado":"","indice":"","autores-libros":[16426],"ilustradores-libros":[16426],"traductores-libros":[17859],"descripcion_corta":"","recomendamos":"","mas_vendido":"","idioma-libro":"","color":false,"formato":"","mas_informacion_del_producto":false,"premios":[{"premio":"Nominado Caldecott Medal","anyo_del_premio":"2017","pais_del_premio":"EE.UU."}],"texto_enlace_cubierta":"","enlace_cubierta":false,"texto_enlace_ficha_tecnica":"","enlace_ficha_tecnica":{"ID":25901,"id":25901,"title":"ficha La abeja y yo","filename":"ficha-La-abeja-y-yo.pdf","filesize":321119,"url":"https:\/\/www.editorialjuventud.es\/wp-content\/uploads\/ficha-La-abeja-y-yo.pdf","link":"https:\/\/www.editorialjuventud.es\/ca\/?attachment_id=25901","alt":"","author":"47","description":"","caption":"","name":"ficha-la-abeja-y-yo","status":"inherit","uploaded_to":6289,"date":"2019-05-22 07:43:13","modified":"2019-05-22 07:43:13","menu_order":0,"mime_type":"application\/pdf","type":"application","subtype":"pdf","icon":"https:\/\/www.editorialjuventud.es\/wp-includes\/images\/media\/document.png"},"ficheros":false,"titulo-fr":"","texto-fr":"","fecha_de_reimpresion":"","deshabilitar_compra":["deshabilitar"]},"yoast_head":"<!-- This site is optimized with the Yoast SEO plugin v27.5 - https:\/\/yoast.com\/product\/yoast-seo-wordpress\/ -->\n<title>La abeja y yo - Editorial Juventud<\/title>\n<meta name=\"description\" content=\"Una molesta abeja entra volando por la ventana y asusta a una ni\u00f1a, que la atrapa y no sabe qu\u00e9 hacer con ella... Una preciosa historia que relata la\" \/>\n<meta name=\"robots\" content=\"index, follow, max-snippet:-1, max-image-preview:large, max-video-preview:-1\" \/>\n<link rel=\"canonical\" href=\"https:\/\/www.editorialjuventud.es\/la-abeja-y-yo-9788426144423\/\" \/>\n<meta property=\"og:locale\" content=\"ca_ES\" \/>\n<meta property=\"og:type\" content=\"article\" \/>\n<meta property=\"og:title\" content=\"La abeja y yo - Editorial Juventud\" \/>\n<meta property=\"og:description\" content=\"Una molesta abeja entra volando por la ventana y asusta a una ni\u00f1a, que la atrapa y no sabe qu\u00e9 hacer con ella... Una preciosa historia que relata la\" \/>\n<meta property=\"og:url\" content=\"https:\/\/www.editorialjuventud.es\/la-abeja-y-yo-9788426144423\/\" \/>\n<meta property=\"og:site_name\" content=\"Editorial Juventud\" \/>\n<meta property=\"article:modified_time\" content=\"2025-02-24T08:33:41+00:00\" \/>\n<meta property=\"og:image\" content=\"https:\/\/www.editorialjuventud.es\/wp-content\/uploads\/4442.jpg\" \/>\n\t<meta property=\"og:image:width\" content=\"458\" \/>\n\t<meta property=\"og:image:height\" content=\"450\" \/>\n\t<meta property=\"og:image:type\" content=\"image\/jpeg\" \/>\n<meta name=\"twitter:card\" content=\"summary_large_image\" \/>\n<meta name=\"twitter:label1\" content=\"Temps estimat de lectura\" \/>\n\t<meta name=\"twitter:data1\" content=\"1 minut\" \/>\n<script type=\"application\/ld+json\" class=\"yoast-schema-graph\">{\"@context\":\"https:\\\/\\\/schema.org\",\"@graph\":[{\"@type\":\"WebPage\",\"@id\":\"https:\\\/\\\/www.editorialjuventud.es\\\/la-abeja-y-yo-9788426144423\\\/\",\"url\":\"https:\\\/\\\/www.editorialjuventud.es\\\/la-abeja-y-yo-9788426144423\\\/\",\"name\":\"La abeja y yo - Editorial Juventud\",\"isPartOf\":{\"@id\":\"https:\\\/\\\/www.editorialjuventud.es\\\/#website\"},\"primaryImageOfPage\":{\"@id\":\"https:\\\/\\\/www.editorialjuventud.es\\\/la-abeja-y-yo-9788426144423\\\/#primaryimage\"},\"image\":{\"@id\":\"https:\\\/\\\/www.editorialjuventud.es\\\/la-abeja-y-yo-9788426144423\\\/#primaryimage\"},\"thumbnailUrl\":\"https:\\\/\\\/www.editorialjuventud.es\\\/wp-content\\\/uploads\\\/4442.jpg\",\"datePublished\":\"2018-08-24T10:11:58+00:00\",\"dateModified\":\"2025-02-24T08:33:41+00:00\",\"description\":\"Una molesta abeja entra volando por la ventana y asusta a una ni\u00f1a, que la atrapa y no sabe qu\u00e9 hacer con ella... Una preciosa historia que relata la\",\"breadcrumb\":{\"@id\":\"https:\\\/\\\/www.editorialjuventud.es\\\/la-abeja-y-yo-9788426144423\\\/#breadcrumb\"},\"inLanguage\":\"ca\",\"potentialAction\":[{\"@type\":\"ReadAction\",\"target\":[\"https:\\\/\\\/www.editorialjuventud.es\\\/la-abeja-y-yo-9788426144423\\\/\"]}]},{\"@type\":\"ImageObject\",\"inLanguage\":\"ca\",\"@id\":\"https:\\\/\\\/www.editorialjuventud.es\\\/la-abeja-y-yo-9788426144423\\\/#primaryimage\",\"url\":\"https:\\\/\\\/www.editorialjuventud.es\\\/wp-content\\\/uploads\\\/4442.jpg\",\"contentUrl\":\"https:\\\/\\\/www.editorialjuventud.es\\\/wp-content\\\/uploads\\\/4442.jpg\",\"width\":458,\"height\":450,\"caption\":\"4442.jpg\"},{\"@type\":\"BreadcrumbList\",\"@id\":\"https:\\\/\\\/www.editorialjuventud.es\\\/la-abeja-y-yo-9788426144423\\\/#breadcrumb\",\"itemListElement\":[{\"@type\":\"ListItem\",\"position\":1,\"name\":\"Portada\",\"item\":\"https:\\\/\\\/www.editorialjuventud.es\\\/\"},{\"@type\":\"ListItem\",\"position\":2,\"name\":\"cat\u00e1logo\",\"item\":\"https:\\\/\\\/www.editorialjuventud.es\\\/coleccion\\\/catalogo\\\/\"},{\"@type\":\"ListItem\",\"position\":3,\"name\":\"castellano\",\"item\":\"https:\\\/\\\/www.editorialjuventud.es\\\/coleccion\\\/castellano\\\/\"},{\"@type\":\"ListItem\",\"position\":4,\"name\":\"\u00c1lbumes Ilustrados\",\"item\":\"https:\\\/\\\/www.editorialjuventud.es\\\/coleccion\\\/albumes-ilustrados\\\/\"},{\"@type\":\"ListItem\",\"position\":5,\"name\":\"Ecolog\u00eda\",\"item\":\"https:\\\/\\\/www.editorialjuventud.es\\\/coleccion\\\/ecologia-albumes-ilustrados\\\/\"},{\"@type\":\"ListItem\",\"position\":6,\"name\":\"La abeja y yo\"}]},{\"@type\":\"WebSite\",\"@id\":\"https:\\\/\\\/www.editorialjuventud.es\\\/#website\",\"url\":\"https:\\\/\\\/www.editorialjuventud.es\\\/\",\"name\":\"Editorial Juventud\",\"description\":\"\",\"potentialAction\":[{\"@type\":\"SearchAction\",\"target\":{\"@type\":\"EntryPoint\",\"urlTemplate\":\"https:\\\/\\\/www.editorialjuventud.es\\\/?s={search_term_string}\"},\"query-input\":{\"@type\":\"PropertyValueSpecification\",\"valueRequired\":true,\"valueName\":\"search_term_string\"}}],\"inLanguage\":\"ca\"}]}<\/script>\n<!-- \/ Yoast SEO plugin. -->","yoast_head_json":{"title":"La abeja y yo - Editorial Juventud","description":"Una molesta abeja entra volando por la ventana y asusta a una ni\u00f1a, que la atrapa y no sabe qu\u00e9 hacer con ella... Una preciosa historia que relata la","robots":{"index":"index","follow":"follow","max-snippet":"max-snippet:-1","max-image-preview":"max-image-preview:large","max-video-preview":"max-video-preview:-1"},"canonical":"https:\/\/www.editorialjuventud.es\/la-abeja-y-yo-9788426144423\/","og_locale":"ca_ES","og_type":"article","og_title":"La abeja y yo - Editorial Juventud","og_description":"Una molesta abeja entra volando por la ventana y asusta a una ni\u00f1a, que la atrapa y no sabe qu\u00e9 hacer con ella... Una preciosa historia que relata la","og_url":"https:\/\/www.editorialjuventud.es\/la-abeja-y-yo-9788426144423\/","og_site_name":"Editorial Juventud","article_modified_time":"2025-02-24T08:33:41+00:00","og_image":[{"width":458,"height":450,"url":"https:\/\/www.editorialjuventud.es\/wp-content\/uploads\/4442.jpg","type":"image\/jpeg"}],"twitter_card":"summary_large_image","twitter_misc":{"Temps estimat de lectura":"1 minut"},"schema":{"@context":"https:\/\/schema.org","@graph":[{"@type":"WebPage","@id":"https:\/\/www.editorialjuventud.es\/la-abeja-y-yo-9788426144423\/","url":"https:\/\/www.editorialjuventud.es\/la-abeja-y-yo-9788426144423\/","name":"La abeja y yo - Editorial Juventud","isPartOf":{"@id":"https:\/\/www.editorialjuventud.es\/#website"},"primaryImageOfPage":{"@id":"https:\/\/www.editorialjuventud.es\/la-abeja-y-yo-9788426144423\/#primaryimage"},"image":{"@id":"https:\/\/www.editorialjuventud.es\/la-abeja-y-yo-9788426144423\/#primaryimage"},"thumbnailUrl":"https:\/\/www.editorialjuventud.es\/wp-content\/uploads\/4442.jpg","datePublished":"2018-08-24T10:11:58+00:00","dateModified":"2025-02-24T08:33:41+00:00","description":"Una molesta abeja entra volando por la ventana y asusta a una ni\u00f1a, que la atrapa y no sabe qu\u00e9 hacer con ella... Una preciosa historia que relata la","breadcrumb":{"@id":"https:\/\/www.editorialjuventud.es\/la-abeja-y-yo-9788426144423\/#breadcrumb"},"inLanguage":"ca","potentialAction":[{"@type":"ReadAction","target":["https:\/\/www.editorialjuventud.es\/la-abeja-y-yo-9788426144423\/"]}]},{"@type":"ImageObject","inLanguage":"ca","@id":"https:\/\/www.editorialjuventud.es\/la-abeja-y-yo-9788426144423\/#primaryimage","url":"https:\/\/www.editorialjuventud.es\/wp-content\/uploads\/4442.jpg","contentUrl":"https:\/\/www.editorialjuventud.es\/wp-content\/uploads\/4442.jpg","width":458,"height":450,"caption":"4442.jpg"},{"@type":"BreadcrumbList","@id":"https:\/\/www.editorialjuventud.es\/la-abeja-y-yo-9788426144423\/#breadcrumb","itemListElement":[{"@type":"ListItem","position":1,"name":"Portada","item":"https:\/\/www.editorialjuventud.es\/"},{"@type":"ListItem","position":2,"name":"cat\u00e1logo","item":"https:\/\/www.editorialjuventud.es\/coleccion\/catalogo\/"},{"@type":"ListItem","position":3,"name":"castellano","item":"https:\/\/www.editorialjuventud.es\/coleccion\/castellano\/"},{"@type":"ListItem","position":4,"name":"\u00c1lbumes Ilustrados","item":"https:\/\/www.editorialjuventud.es\/coleccion\/albumes-ilustrados\/"},{"@type":"ListItem","position":5,"name":"Ecolog\u00eda","item":"https:\/\/www.editorialjuventud.es\/coleccion\/ecologia-albumes-ilustrados\/"},{"@type":"ListItem","position":6,"name":"La abeja y yo"}]},{"@type":"WebSite","@id":"https:\/\/www.editorialjuventud.es\/#website","url":"https:\/\/www.editorialjuventud.es\/","name":"Editorial Juventud","description":"","potentialAction":[{"@type":"SearchAction","target":{"@type":"EntryPoint","urlTemplate":"https:\/\/www.editorialjuventud.es\/?s={search_term_string}"},"query-input":{"@type":"PropertyValueSpecification","valueRequired":true,"valueName":"search_term_string"}}],"inLanguage":"ca"}]}},"_links":{"self":[{"href":"https:\/\/www.editorialjuventud.es\/ca\/wp-json\/wp\/v2\/product\/6289","targetHints":{"allow":["GET"]}}],"collection":[{"href":"https:\/\/www.editorialjuventud.es\/ca\/wp-json\/wp\/v2\/product"}],"about":[{"href":"https:\/\/www.editorialjuventud.es\/ca\/wp-json\/wp\/v2\/types\/product"}],"wp:featuredmedia":[{"embeddable":true,"href":"https:\/\/www.editorialjuventud.es\/ca\/wp-json\/wp\/v2\/media\/17246"}],"wp:attachment":[{"href":"https:\/\/www.editorialjuventud.es\/ca\/wp-json\/wp\/v2\/media?parent=6289"}],"wp:term":[{"taxonomy":"product_brand","embeddable":true,"href":"https:\/\/www.editorialjuventud.es\/ca\/wp-json\/wp\/v2\/product_brand?post=6289"},{"taxonomy":"product_cat","embeddable":true,"href":"https:\/\/www.editorialjuventud.es\/ca\/wp-json\/wp\/v2\/product_cat?post=6289"},{"taxonomy":"product_tag","embeddable":true,"href":"https:\/\/www.editorialjuventud.es\/ca\/wp-json\/wp\/v2\/product_tag?post=6289"},{"taxonomy":"coleccion","embeddable":true,"href":"https:\/\/www.editorialjuventud.es\/ca\/wp-json\/wp\/v2\/coleccion?post=6289"}],"curies":[{"name":"wp","href":"https:\/\/api.w.org\/{rel}","templated":true}]}}