{"id":6287,"date":"2018-08-24T12:11:51","date_gmt":"2018-08-24T10:11:51","guid":{"rendered":"http:\/\/www.editorialjuventud.es\/yo-no-soy-tu-mama\/"},"modified":"2026-04-01T12:55:51","modified_gmt":"2026-04-01T10:55:51","slug":"yo-no-soy-tu-mama-9788426144409","status":"publish","type":"product","link":"https:\/\/www.editorialjuventud.es\/ca\/yo-no-soy-tu-mama-9788426144409\/","title":{"rendered":"Yo no soy tu mam\u00e1"},"content":{"rendered":"<p>Una ma\u00f1ana, la ardilla Mina encuentra una extra\u00f1a bola verde delante de su casa. Decide ignorarla y seguir su camino, pero al regresar a casa, una criatura peque\u00f1a, redonda y peluda sale de la bola. Mina la acoge en su casa esa noche, pensando que al d\u00eda siguiente encontrar\u00e1 a su mam\u00e1&#8230; La talentosa autora Marianne Dubuc est\u00e1 de vuelta con un nuevo \u00e1lbum fresco y lleno de ternura. Una bella historia sobre la amistad y la prueba de que la maternidad a veces toma formas inesperadas&#8230; Aunque el texto es brillante, son realmente las ilustraciones las que roban todo el protagonismo. \u00bfC\u00f3mo no caer bajo el hechizo de P\u00edo, la extra\u00f1a criatura nacida de una bola verde, y Mina, la ardilla que repentinamente se convierte en mam\u00e1? Una corazonada de \u00e1lbum para leer sin moderaci\u00f3n.<\/p>\n","protected":false},"excerpt":{"rendered":"Una ma\u00f1ana, la ardilla Mina encuentra una extra\u00f1a bola verde delante de su casa. Decide ignorarla y seguir su camino, pero al regresar a casa, una criatura peque\u00f1a, redonda y peluda sale de la bola. Mina la acoge en su [&hellip;]","protected":false},"featured_media":17242,"template":"","meta":{"_acf_changed":false,"_exactmetrics_skip_tracking":false,"_exactmetrics_sitenote_active":false,"_exactmetrics_sitenote_note":"","_exactmetrics_sitenote_category":0},"product_brand":[],"product_cat":[900,1131,1121,1191],"product_tag":[],"coleccion":[997],"class_list":{"0":"post-6287","1":"product","2":"type-product","3":"status-publish","4":"has-post-thumbnail","6":"product_cat-a-partir-de-5-anos","7":"product_cat-adopcion","8":"product_cat-albumes-ilustrados","9":"product_cat-madres","10":"coleccion-mis-primeros-cuentos","12":"first","13":"instock","14":"taxable","15":"shipping-taxable","16":"purchasable","17":"product-type-simple"},"acf":{"autor":"Dubuc, Marianne","codart":"4440","ediciones":"1","encuadernacion":"Carton\u00e9","fecha_de_publicacion":"01\/05\/2017","novedad":"0","paginas":"72","subtitulo":"","texto_web_adicional":"","texto_web_novedad":"","orden":"999","portada":"0","texto_web_resaltado":"","indice":"","autores-libros":[16332],"ilustradores-libros":[16332],"traductores-libros":[18265],"descripcion_corta":"","recomendamos":"","mas_vendido":"","idioma-libro":"","color":false,"formato":"","mas_informacion_del_producto":false,"premios":false,"texto_enlace_cubierta":"","enlace_cubierta":{"ID":24135,"id":24135,"title":"cover-Yo-no-soy-tu-mama","filename":"cover-Yo-no-soy-tu-mama.jpg","filesize":270842,"url":"https:\/\/www.editorialjuventud.es\/wp-content\/uploads\/cover-Yo-no-soy-tu-mama.jpg","link":"https:\/\/www.editorialjuventud.es\/ca\/?attachment_id=24135","alt":"","author":"47","description":"","caption":"","name":"cover-yo-no-soy-tu-mama","status":"inherit","uploaded_to":6287,"date":"2019-04-15 12:35:40","modified":"2019-04-15 12:35:40","menu_order":0,"mime_type":"image\/jpeg","type":"image","subtype":"jpeg","icon":"https:\/\/www.editorialjuventud.es\/wp-includes\/images\/media\/default.png","width":897,"height":1200,"sizes":{"thumbnail":"https:\/\/www.editorialjuventud.es\/wp-content\/uploads\/cover-Yo-no-soy-tu-mama-200x200.jpg","thumbnail-width":200,"thumbnail-height":200,"medium":"https:\/\/www.editorialjuventud.es\/wp-content\/uploads\/cover-Yo-no-soy-tu-mama.jpg","medium-width":897,"medium-height":1200,"medium_large":"https:\/\/www.editorialjuventud.es\/wp-content\/uploads\/cover-Yo-no-soy-tu-mama-768x1027.jpg","medium_large-width":768,"medium_large-height":1027,"large":"https:\/\/www.editorialjuventud.es\/wp-content\/uploads\/cover-Yo-no-soy-tu-mama.jpg","large-width":897,"large-height":1200,"1536x1536":"https:\/\/www.editorialjuventud.es\/wp-content\/uploads\/cover-Yo-no-soy-tu-mama.jpg","1536x1536-width":897,"1536x1536-height":1200,"2048x2048":"https:\/\/www.editorialjuventud.es\/wp-content\/uploads\/cover-Yo-no-soy-tu-mama.jpg","2048x2048-width":897,"2048x2048-height":1200,"woocommerce_thumbnail":"https:\/\/www.editorialjuventud.es\/wp-content\/uploads\/cover-Yo-no-soy-tu-mama-350x468.jpg","woocommerce_thumbnail-width":350,"woocommerce_thumbnail-height":468,"woocommerce_single":"https:\/\/www.editorialjuventud.es\/wp-content\/uploads\/cover-Yo-no-soy-tu-mama.jpg","woocommerce_single-width":897,"woocommerce_single-height":1200,"woocommerce_gallery_thumbnail":"https:\/\/www.editorialjuventud.es\/wp-content\/uploads\/cover-Yo-no-soy-tu-mama-100x100.jpg","woocommerce_gallery_thumbnail-width":100,"woocommerce_gallery_thumbnail-height":100,"ppec_logo_image_size":"https:\/\/www.editorialjuventud.es\/wp-content\/uploads\/cover-Yo-no-soy-tu-mama.jpg","ppec_logo_image_size-width":45,"ppec_logo_image_size-height":60,"ppec_header_image_size":"https:\/\/www.editorialjuventud.es\/wp-content\/uploads\/cover-Yo-no-soy-tu-mama.jpg","ppec_header_image_size-width":67,"ppec_header_image_size-height":90}},"texto_enlace_ficha_tecnica":"","enlace_ficha_tecnica":{"ID":24137,"id":24137,"title":"ficha Yo no soy tu mam\u00e1","filename":"ficha-Yo-no-soy-tu-mam\u00e1.pdf","filesize":324508,"url":"https:\/\/www.editorialjuventud.es\/wp-content\/uploads\/ficha-Yo-no-soy-tu-mam\u00e1.pdf","link":"https:\/\/www.editorialjuventud.es\/ca\/?attachment_id=24137","alt":"","author":"47","description":"","caption":"","name":"ficha-yo-no-soy-tu-mama","status":"inherit","uploaded_to":6287,"date":"2019-04-15 12:36:25","modified":"2019-04-15 12:36:25","menu_order":0,"mime_type":"application\/pdf","type":"application","subtype":"pdf","icon":"https:\/\/www.editorialjuventud.es\/wp-includes\/images\/media\/document.png"},"ficheros":false,"titulo-fr":"","texto-fr":"","fecha_de_reimpresion":"","deshabilitar_compra":["deshabilitar"]},"yoast_head":"<!-- This site is optimized with the Yoast SEO plugin v27.5 - https:\/\/yoast.com\/product\/yoast-seo-wordpress\/ -->\n<title>Yo no soy tu mam\u00e1 - Editorial Juventud<\/title>\n<meta name=\"description\" content=\"Una ma\u00f1ana, la ardilla Mina encuentra una extra\u00f1a bola verde delante de su casa. Decide ignorarla y seguir su camino, pero al regresar a casa, una\" \/>\n<meta name=\"robots\" content=\"index, follow, max-snippet:-1, max-image-preview:large, max-video-preview:-1\" \/>\n<link rel=\"canonical\" href=\"https:\/\/www.editorialjuventud.es\/yo-no-soy-tu-mama-9788426144409\/\" \/>\n<meta property=\"og:locale\" content=\"ca_ES\" \/>\n<meta property=\"og:type\" content=\"article\" \/>\n<meta property=\"og:title\" content=\"Yo no soy tu mam\u00e1 - Editorial Juventud\" \/>\n<meta property=\"og:description\" content=\"Una ma\u00f1ana, la ardilla Mina encuentra una extra\u00f1a bola verde delante de su casa. Decide ignorarla y seguir su camino, pero al regresar a casa, una\" \/>\n<meta property=\"og:url\" content=\"https:\/\/www.editorialjuventud.es\/yo-no-soy-tu-mama-9788426144409\/\" \/>\n<meta property=\"og:site_name\" content=\"Editorial Juventud\" \/>\n<meta property=\"article:modified_time\" content=\"2026-04-01T10:55:51+00:00\" \/>\n<meta property=\"og:image\" content=\"https:\/\/www.editorialjuventud.es\/wp-content\/uploads\/4440.jpg\" \/>\n\t<meta property=\"og:image:width\" content=\"344\" \/>\n\t<meta property=\"og:image:height\" content=\"450\" \/>\n\t<meta property=\"og:image:type\" content=\"image\/jpeg\" \/>\n<meta name=\"twitter:card\" content=\"summary_large_image\" \/>\n<meta name=\"twitter:label1\" content=\"Temps estimat de lectura\" \/>\n\t<meta name=\"twitter:data1\" content=\"1 minut\" \/>\n<script type=\"application\/ld+json\" class=\"yoast-schema-graph\">{\"@context\":\"https:\\\/\\\/schema.org\",\"@graph\":[{\"@type\":\"WebPage\",\"@id\":\"https:\\\/\\\/www.editorialjuventud.es\\\/yo-no-soy-tu-mama-9788426144409\\\/\",\"url\":\"https:\\\/\\\/www.editorialjuventud.es\\\/yo-no-soy-tu-mama-9788426144409\\\/\",\"name\":\"Yo no soy tu mam\u00e1 - Editorial Juventud\",\"isPartOf\":{\"@id\":\"https:\\\/\\\/www.editorialjuventud.es\\\/#website\"},\"primaryImageOfPage\":{\"@id\":\"https:\\\/\\\/www.editorialjuventud.es\\\/yo-no-soy-tu-mama-9788426144409\\\/#primaryimage\"},\"image\":{\"@id\":\"https:\\\/\\\/www.editorialjuventud.es\\\/yo-no-soy-tu-mama-9788426144409\\\/#primaryimage\"},\"thumbnailUrl\":\"https:\\\/\\\/www.editorialjuventud.es\\\/wp-content\\\/uploads\\\/4440.jpg\",\"datePublished\":\"2018-08-24T10:11:51+00:00\",\"dateModified\":\"2026-04-01T10:55:51+00:00\",\"description\":\"Una ma\u00f1ana, la ardilla Mina encuentra una extra\u00f1a bola verde delante de su casa. Decide ignorarla y seguir su camino, pero al regresar a casa, una\",\"breadcrumb\":{\"@id\":\"https:\\\/\\\/www.editorialjuventud.es\\\/yo-no-soy-tu-mama-9788426144409\\\/#breadcrumb\"},\"inLanguage\":\"ca\",\"potentialAction\":[{\"@type\":\"ReadAction\",\"target\":[\"https:\\\/\\\/www.editorialjuventud.es\\\/yo-no-soy-tu-mama-9788426144409\\\/\"]}]},{\"@type\":\"ImageObject\",\"inLanguage\":\"ca\",\"@id\":\"https:\\\/\\\/www.editorialjuventud.es\\\/yo-no-soy-tu-mama-9788426144409\\\/#primaryimage\",\"url\":\"https:\\\/\\\/www.editorialjuventud.es\\\/wp-content\\\/uploads\\\/4440.jpg\",\"contentUrl\":\"https:\\\/\\\/www.editorialjuventud.es\\\/wp-content\\\/uploads\\\/4440.jpg\",\"width\":344,\"height\":450,\"caption\":\"4440.jpg\"},{\"@type\":\"BreadcrumbList\",\"@id\":\"https:\\\/\\\/www.editorialjuventud.es\\\/yo-no-soy-tu-mama-9788426144409\\\/#breadcrumb\",\"itemListElement\":[{\"@type\":\"ListItem\",\"position\":1,\"name\":\"Portada\",\"item\":\"https:\\\/\\\/www.editorialjuventud.es\\\/\"},{\"@type\":\"ListItem\",\"position\":2,\"name\":\"cat\u00e1logo\",\"item\":\"https:\\\/\\\/www.editorialjuventud.es\\\/coleccion\\\/catalogo\\\/\"},{\"@type\":\"ListItem\",\"position\":3,\"name\":\"castellano\",\"item\":\"https:\\\/\\\/www.editorialjuventud.es\\\/coleccion\\\/castellano\\\/\"},{\"@type\":\"ListItem\",\"position\":4,\"name\":\"\u00c1lbumes Ilustrados\",\"item\":\"https:\\\/\\\/www.editorialjuventud.es\\\/coleccion\\\/albumes-ilustrados\\\/\"},{\"@type\":\"ListItem\",\"position\":5,\"name\":\"Mis Primeros Cuentos\",\"item\":\"https:\\\/\\\/www.editorialjuventud.es\\\/coleccion\\\/mis-primeros-cuentos\\\/\"},{\"@type\":\"ListItem\",\"position\":6,\"name\":\"Yo no soy tu mam\u00e1\"}]},{\"@type\":\"WebSite\",\"@id\":\"https:\\\/\\\/www.editorialjuventud.es\\\/#website\",\"url\":\"https:\\\/\\\/www.editorialjuventud.es\\\/\",\"name\":\"Editorial Juventud\",\"description\":\"\",\"potentialAction\":[{\"@type\":\"SearchAction\",\"target\":{\"@type\":\"EntryPoint\",\"urlTemplate\":\"https:\\\/\\\/www.editorialjuventud.es\\\/?s={search_term_string}\"},\"query-input\":{\"@type\":\"PropertyValueSpecification\",\"valueRequired\":true,\"valueName\":\"search_term_string\"}}],\"inLanguage\":\"ca\"}]}<\/script>\n<!-- \/ Yoast SEO plugin. -->","yoast_head_json":{"title":"Yo no soy tu mam\u00e1 - Editorial Juventud","description":"Una ma\u00f1ana, la ardilla Mina encuentra una extra\u00f1a bola verde delante de su casa. Decide ignorarla y seguir su camino, pero al regresar a casa, una","robots":{"index":"index","follow":"follow","max-snippet":"max-snippet:-1","max-image-preview":"max-image-preview:large","max-video-preview":"max-video-preview:-1"},"canonical":"https:\/\/www.editorialjuventud.es\/yo-no-soy-tu-mama-9788426144409\/","og_locale":"ca_ES","og_type":"article","og_title":"Yo no soy tu mam\u00e1 - Editorial Juventud","og_description":"Una ma\u00f1ana, la ardilla Mina encuentra una extra\u00f1a bola verde delante de su casa. Decide ignorarla y seguir su camino, pero al regresar a casa, una","og_url":"https:\/\/www.editorialjuventud.es\/yo-no-soy-tu-mama-9788426144409\/","og_site_name":"Editorial Juventud","article_modified_time":"2026-04-01T10:55:51+00:00","og_image":[{"width":344,"height":450,"url":"https:\/\/www.editorialjuventud.es\/wp-content\/uploads\/4440.jpg","type":"image\/jpeg"}],"twitter_card":"summary_large_image","twitter_misc":{"Temps estimat de lectura":"1 minut"},"schema":{"@context":"https:\/\/schema.org","@graph":[{"@type":"WebPage","@id":"https:\/\/www.editorialjuventud.es\/yo-no-soy-tu-mama-9788426144409\/","url":"https:\/\/www.editorialjuventud.es\/yo-no-soy-tu-mama-9788426144409\/","name":"Yo no soy tu mam\u00e1 - Editorial Juventud","isPartOf":{"@id":"https:\/\/www.editorialjuventud.es\/#website"},"primaryImageOfPage":{"@id":"https:\/\/www.editorialjuventud.es\/yo-no-soy-tu-mama-9788426144409\/#primaryimage"},"image":{"@id":"https:\/\/www.editorialjuventud.es\/yo-no-soy-tu-mama-9788426144409\/#primaryimage"},"thumbnailUrl":"https:\/\/www.editorialjuventud.es\/wp-content\/uploads\/4440.jpg","datePublished":"2018-08-24T10:11:51+00:00","dateModified":"2026-04-01T10:55:51+00:00","description":"Una ma\u00f1ana, la ardilla Mina encuentra una extra\u00f1a bola verde delante de su casa. Decide ignorarla y seguir su camino, pero al regresar a casa, una","breadcrumb":{"@id":"https:\/\/www.editorialjuventud.es\/yo-no-soy-tu-mama-9788426144409\/#breadcrumb"},"inLanguage":"ca","potentialAction":[{"@type":"ReadAction","target":["https:\/\/www.editorialjuventud.es\/yo-no-soy-tu-mama-9788426144409\/"]}]},{"@type":"ImageObject","inLanguage":"ca","@id":"https:\/\/www.editorialjuventud.es\/yo-no-soy-tu-mama-9788426144409\/#primaryimage","url":"https:\/\/www.editorialjuventud.es\/wp-content\/uploads\/4440.jpg","contentUrl":"https:\/\/www.editorialjuventud.es\/wp-content\/uploads\/4440.jpg","width":344,"height":450,"caption":"4440.jpg"},{"@type":"BreadcrumbList","@id":"https:\/\/www.editorialjuventud.es\/yo-no-soy-tu-mama-9788426144409\/#breadcrumb","itemListElement":[{"@type":"ListItem","position":1,"name":"Portada","item":"https:\/\/www.editorialjuventud.es\/"},{"@type":"ListItem","position":2,"name":"cat\u00e1logo","item":"https:\/\/www.editorialjuventud.es\/coleccion\/catalogo\/"},{"@type":"ListItem","position":3,"name":"castellano","item":"https:\/\/www.editorialjuventud.es\/coleccion\/castellano\/"},{"@type":"ListItem","position":4,"name":"\u00c1lbumes Ilustrados","item":"https:\/\/www.editorialjuventud.es\/coleccion\/albumes-ilustrados\/"},{"@type":"ListItem","position":5,"name":"Mis Primeros Cuentos","item":"https:\/\/www.editorialjuventud.es\/coleccion\/mis-primeros-cuentos\/"},{"@type":"ListItem","position":6,"name":"Yo no soy tu mam\u00e1"}]},{"@type":"WebSite","@id":"https:\/\/www.editorialjuventud.es\/#website","url":"https:\/\/www.editorialjuventud.es\/","name":"Editorial Juventud","description":"","potentialAction":[{"@type":"SearchAction","target":{"@type":"EntryPoint","urlTemplate":"https:\/\/www.editorialjuventud.es\/?s={search_term_string}"},"query-input":{"@type":"PropertyValueSpecification","valueRequired":true,"valueName":"search_term_string"}}],"inLanguage":"ca"}]}},"_links":{"self":[{"href":"https:\/\/www.editorialjuventud.es\/ca\/wp-json\/wp\/v2\/product\/6287","targetHints":{"allow":["GET"]}}],"collection":[{"href":"https:\/\/www.editorialjuventud.es\/ca\/wp-json\/wp\/v2\/product"}],"about":[{"href":"https:\/\/www.editorialjuventud.es\/ca\/wp-json\/wp\/v2\/types\/product"}],"wp:featuredmedia":[{"embeddable":true,"href":"https:\/\/www.editorialjuventud.es\/ca\/wp-json\/wp\/v2\/media\/17242"}],"wp:attachment":[{"href":"https:\/\/www.editorialjuventud.es\/ca\/wp-json\/wp\/v2\/media?parent=6287"}],"wp:term":[{"taxonomy":"product_brand","embeddable":true,"href":"https:\/\/www.editorialjuventud.es\/ca\/wp-json\/wp\/v2\/product_brand?post=6287"},{"taxonomy":"product_cat","embeddable":true,"href":"https:\/\/www.editorialjuventud.es\/ca\/wp-json\/wp\/v2\/product_cat?post=6287"},{"taxonomy":"product_tag","embeddable":true,"href":"https:\/\/www.editorialjuventud.es\/ca\/wp-json\/wp\/v2\/product_tag?post=6287"},{"taxonomy":"coleccion","embeddable":true,"href":"https:\/\/www.editorialjuventud.es\/ca\/wp-json\/wp\/v2\/coleccion?post=6287"}],"curies":[{"name":"wp","href":"https:\/\/api.w.org\/{rel}","templated":true}]}}