{"id":6285,"date":"2018-08-24T12:11:42","date_gmt":"2018-08-24T10:11:42","guid":{"rendered":"http:\/\/www.editorialjuventud.es\/on-viure\/"},"modified":"2025-01-22T13:02:32","modified_gmt":"2025-01-22T12:02:32","slug":"on-viure-9788426144393","status":"publish","type":"product","link":"https:\/\/www.editorialjuventud.es\/ca\/on-viure-9788426144393\/","title":{"rendered":"On viur\u00e9?"},"content":{"rendered":"<p>A on vas quan casa teva ja no \u00e9s un lloc segur?<br \/>Tots els nens necessiten una casa, un lloc segur per poder ser feli\u00e7os, menjar amb la seva fam\u00edlia, jugar amb les seves joguines, i anar-se\u2019n al llit i dormir sense tenir por. Per\u00f2 molts nens de tot el m\u00f3n han hagut d\u2019abandonar les seves cases perqu\u00e8 ja no s\u00f3n segures. Per culpa de les guerres i els confl ictes armats, ells i les seves fam\u00edlies s\u2019han convertit en refugiats. Per a ells la vida \u00e9s molt dura i est\u00e0 plena d\u2019interrogants. I tanmateix, segueixen trobant moments per riure, jugar i fer amics. I el m\u00e9s important de tot, conserven l\u2019esperan\u00e7a que, en algun lloc, alg\u00fa els donar\u00e0 la benvinguda a la seva nova llar.<\/p>\n","protected":false},"excerpt":{"rendered":"A on vas quan casa teva ja no \u00e9s un lloc segur?Tots els nens necessiten una casa, un lloc segur per poder ser feli\u00e7os, menjar amb la seva fam\u00edlia, jugar amb les seves joguines, i anar-se\u2019n al llit i dormir [&hellip;]","protected":false},"featured_media":17240,"template":"","meta":{"_acf_changed":false,"_exactmetrics_skip_tracking":false,"_exactmetrics_sitenote_active":false,"_exactmetrics_sitenote_note":"","_exactmetrics_sitenote_category":0},"product_brand":[],"product_cat":[902,1121,1123,1219,1222],"product_tag":[],"coleccion":[1045],"class_list":{"0":"post-6285","1":"product","2":"type-product","3":"status-publish","4":"has-post-thumbnail","6":"product_cat-a-partir-de-7-anos","7":"product_cat-albumes-ilustrados","8":"product_cat-libros-informativos-infantil","9":"product_cat-refugiados","10":"product_cat-superacion","11":"coleccion-petits-herois","13":"first","14":"instock","15":"taxable","16":"shipping-taxable","17":"purchasable","18":"product-type-simple"},"acf":{"autor":"McCarney, Rosemary","codart":"4439","ediciones":"1","encuadernacion":"Carton\u00e9","fecha_de_publicacion":"01\/05\/2017","novedad":"0","paginas":"24","subtitulo":"","texto_web_adicional":"","texto_web_novedad":"","orden":"999","portada":"0","texto_web_resaltado":"","indice":"","autores-libros":[16498],"ilustradores-libros":[16498],"traductores-libros":[18265],"descripcion_corta":"","recomendamos":"","mas_vendido":"","idioma-libro":"","color":false,"formato":"","mas_informacion_del_producto":false,"premios":false,"texto_enlace_cubierta":"","enlace_cubierta":false,"texto_enlace_ficha_tecnica":"","enlace_ficha_tecnica":{"ID":25723,"id":25723,"title":"fitxa on viur\u00e9","filename":"fitxa-on-viur\u00e9.pdf","filesize":300041,"url":"https:\/\/www.editorialjuventud.es\/wp-content\/uploads\/fitxa-on-viur\u00e9.pdf","link":"https:\/\/www.editorialjuventud.es\/ca\/?attachment_id=25723","alt":"","author":"47","description":"","caption":"","name":"fitxa-on-viure","status":"inherit","uploaded_to":6285,"date":"2019-05-20 09:28:34","modified":"2019-05-20 09:28:34","menu_order":0,"mime_type":"application\/pdf","type":"application","subtype":"pdf","icon":"https:\/\/www.editorialjuventud.es\/wp-includes\/images\/media\/document.png"},"ficheros":false,"titulo-fr":"","texto-fr":""},"yoast_head":"<!-- This site is optimized with the Yoast SEO plugin v27.3 - https:\/\/yoast.com\/product\/yoast-seo-wordpress\/ -->\n<title>On viur\u00e9? - Editorial Juventud<\/title>\n<meta name=\"description\" content=\"A on vas quan casa teva ja no \u00e9s un lloc segur?Tots els nens necessiten una casa, un lloc segur per poder ser feli\u00e7os, menjar amb la seva fam\u00edlia, jugar\" \/>\n<meta name=\"robots\" content=\"index, follow, max-snippet:-1, max-image-preview:large, max-video-preview:-1\" \/>\n<link rel=\"canonical\" href=\"https:\/\/www.editorialjuventud.es\/on-viure-9788426144393\/\" \/>\n<meta property=\"og:locale\" content=\"ca_ES\" \/>\n<meta property=\"og:type\" content=\"article\" \/>\n<meta property=\"og:title\" content=\"On viur\u00e9? - Editorial Juventud\" \/>\n<meta property=\"og:description\" content=\"A on vas quan casa teva ja no \u00e9s un lloc segur?Tots els nens necessiten una casa, un lloc segur per poder ser feli\u00e7os, menjar amb la seva fam\u00edlia, jugar\" \/>\n<meta property=\"og:url\" content=\"https:\/\/www.editorialjuventud.es\/on-viure-9788426144393\/\" \/>\n<meta property=\"og:site_name\" content=\"Editorial Juventud\" \/>\n<meta property=\"article:modified_time\" content=\"2025-01-22T12:02:32+00:00\" \/>\n<meta property=\"og:image\" content=\"https:\/\/www.editorialjuventud.es\/wp-content\/uploads\/4439.jpg\" \/>\n\t<meta property=\"og:image:width\" content=\"578\" \/>\n\t<meta property=\"og:image:height\" content=\"450\" \/>\n\t<meta property=\"og:image:type\" content=\"image\/jpeg\" \/>\n<meta name=\"twitter:card\" content=\"summary_large_image\" \/>\n<meta name=\"twitter:label1\" content=\"Temps estimat de lectura\" \/>\n\t<meta name=\"twitter:data1\" content=\"1 minut\" \/>\n<script type=\"application\/ld+json\" class=\"yoast-schema-graph\">{\"@context\":\"https:\\\/\\\/schema.org\",\"@graph\":[{\"@type\":\"WebPage\",\"@id\":\"https:\\\/\\\/www.editorialjuventud.es\\\/on-viure-9788426144393\\\/\",\"url\":\"https:\\\/\\\/www.editorialjuventud.es\\\/on-viure-9788426144393\\\/\",\"name\":\"On viur\u00e9? - Editorial Juventud\",\"isPartOf\":{\"@id\":\"https:\\\/\\\/www.editorialjuventud.es\\\/#website\"},\"primaryImageOfPage\":{\"@id\":\"https:\\\/\\\/www.editorialjuventud.es\\\/on-viure-9788426144393\\\/#primaryimage\"},\"image\":{\"@id\":\"https:\\\/\\\/www.editorialjuventud.es\\\/on-viure-9788426144393\\\/#primaryimage\"},\"thumbnailUrl\":\"https:\\\/\\\/www.editorialjuventud.es\\\/wp-content\\\/uploads\\\/4439.jpg\",\"datePublished\":\"2018-08-24T10:11:42+00:00\",\"dateModified\":\"2025-01-22T12:02:32+00:00\",\"description\":\"A on vas quan casa teva ja no \u00e9s un lloc segur?Tots els nens necessiten una casa, un lloc segur per poder ser feli\u00e7os, menjar amb la seva fam\u00edlia, jugar\",\"breadcrumb\":{\"@id\":\"https:\\\/\\\/www.editorialjuventud.es\\\/on-viure-9788426144393\\\/#breadcrumb\"},\"inLanguage\":\"ca\",\"potentialAction\":[{\"@type\":\"ReadAction\",\"target\":[\"https:\\\/\\\/www.editorialjuventud.es\\\/on-viure-9788426144393\\\/\"]}]},{\"@type\":\"ImageObject\",\"inLanguage\":\"ca\",\"@id\":\"https:\\\/\\\/www.editorialjuventud.es\\\/on-viure-9788426144393\\\/#primaryimage\",\"url\":\"https:\\\/\\\/www.editorialjuventud.es\\\/wp-content\\\/uploads\\\/4439.jpg\",\"contentUrl\":\"https:\\\/\\\/www.editorialjuventud.es\\\/wp-content\\\/uploads\\\/4439.jpg\",\"width\":578,\"height\":450,\"caption\":\"4439.jpg\"},{\"@type\":\"BreadcrumbList\",\"@id\":\"https:\\\/\\\/www.editorialjuventud.es\\\/on-viure-9788426144393\\\/#breadcrumb\",\"itemListElement\":[{\"@type\":\"ListItem\",\"position\":1,\"name\":\"Portada\",\"item\":\"https:\\\/\\\/www.editorialjuventud.es\\\/\"},{\"@type\":\"ListItem\",\"position\":2,\"name\":\"cat\u00e1logo\",\"item\":\"https:\\\/\\\/www.editorialjuventud.es\\\/coleccion\\\/catalogo\\\/\"},{\"@type\":\"ListItem\",\"position\":3,\"name\":\"catal\u00e0\",\"item\":\"https:\\\/\\\/www.editorialjuventud.es\\\/coleccion\\\/catala\\\/\"},{\"@type\":\"ListItem\",\"position\":4,\"name\":\"\u00c0lbums Il\u00b7lustrats\",\"item\":\"https:\\\/\\\/www.editorialjuventud.es\\\/coleccion\\\/albums-il%c2%b7lustrats\\\/\"},{\"@type\":\"ListItem\",\"position\":5,\"name\":\"Conviv\u00e8ncia i Multiculturalitat\",\"item\":\"https:\\\/\\\/www.editorialjuventud.es\\\/coleccion\\\/convivencia-i-multiculturalitat\\\/\"},{\"@type\":\"ListItem\",\"position\":6,\"name\":\"Petits Herois\",\"item\":\"https:\\\/\\\/www.editorialjuventud.es\\\/coleccion\\\/petits-herois\\\/\"},{\"@type\":\"ListItem\",\"position\":7,\"name\":\"On viur\u00e9?\"}]},{\"@type\":\"WebSite\",\"@id\":\"https:\\\/\\\/www.editorialjuventud.es\\\/#website\",\"url\":\"https:\\\/\\\/www.editorialjuventud.es\\\/\",\"name\":\"Editorial Juventud\",\"description\":\"\",\"potentialAction\":[{\"@type\":\"SearchAction\",\"target\":{\"@type\":\"EntryPoint\",\"urlTemplate\":\"https:\\\/\\\/www.editorialjuventud.es\\\/?s={search_term_string}\"},\"query-input\":{\"@type\":\"PropertyValueSpecification\",\"valueRequired\":true,\"valueName\":\"search_term_string\"}}],\"inLanguage\":\"ca\"}]}<\/script>\n<!-- \/ Yoast SEO plugin. -->","yoast_head_json":{"title":"On viur\u00e9? - Editorial Juventud","description":"A on vas quan casa teva ja no \u00e9s un lloc segur?Tots els nens necessiten una casa, un lloc segur per poder ser feli\u00e7os, menjar amb la seva fam\u00edlia, jugar","robots":{"index":"index","follow":"follow","max-snippet":"max-snippet:-1","max-image-preview":"max-image-preview:large","max-video-preview":"max-video-preview:-1"},"canonical":"https:\/\/www.editorialjuventud.es\/on-viure-9788426144393\/","og_locale":"ca_ES","og_type":"article","og_title":"On viur\u00e9? - Editorial Juventud","og_description":"A on vas quan casa teva ja no \u00e9s un lloc segur?Tots els nens necessiten una casa, un lloc segur per poder ser feli\u00e7os, menjar amb la seva fam\u00edlia, jugar","og_url":"https:\/\/www.editorialjuventud.es\/on-viure-9788426144393\/","og_site_name":"Editorial Juventud","article_modified_time":"2025-01-22T12:02:32+00:00","og_image":[{"width":578,"height":450,"url":"https:\/\/www.editorialjuventud.es\/wp-content\/uploads\/4439.jpg","type":"image\/jpeg"}],"twitter_card":"summary_large_image","twitter_misc":{"Temps estimat de lectura":"1 minut"},"schema":{"@context":"https:\/\/schema.org","@graph":[{"@type":"WebPage","@id":"https:\/\/www.editorialjuventud.es\/on-viure-9788426144393\/","url":"https:\/\/www.editorialjuventud.es\/on-viure-9788426144393\/","name":"On viur\u00e9? - Editorial Juventud","isPartOf":{"@id":"https:\/\/www.editorialjuventud.es\/#website"},"primaryImageOfPage":{"@id":"https:\/\/www.editorialjuventud.es\/on-viure-9788426144393\/#primaryimage"},"image":{"@id":"https:\/\/www.editorialjuventud.es\/on-viure-9788426144393\/#primaryimage"},"thumbnailUrl":"https:\/\/www.editorialjuventud.es\/wp-content\/uploads\/4439.jpg","datePublished":"2018-08-24T10:11:42+00:00","dateModified":"2025-01-22T12:02:32+00:00","description":"A on vas quan casa teva ja no \u00e9s un lloc segur?Tots els nens necessiten una casa, un lloc segur per poder ser feli\u00e7os, menjar amb la seva fam\u00edlia, jugar","breadcrumb":{"@id":"https:\/\/www.editorialjuventud.es\/on-viure-9788426144393\/#breadcrumb"},"inLanguage":"ca","potentialAction":[{"@type":"ReadAction","target":["https:\/\/www.editorialjuventud.es\/on-viure-9788426144393\/"]}]},{"@type":"ImageObject","inLanguage":"ca","@id":"https:\/\/www.editorialjuventud.es\/on-viure-9788426144393\/#primaryimage","url":"https:\/\/www.editorialjuventud.es\/wp-content\/uploads\/4439.jpg","contentUrl":"https:\/\/www.editorialjuventud.es\/wp-content\/uploads\/4439.jpg","width":578,"height":450,"caption":"4439.jpg"},{"@type":"BreadcrumbList","@id":"https:\/\/www.editorialjuventud.es\/on-viure-9788426144393\/#breadcrumb","itemListElement":[{"@type":"ListItem","position":1,"name":"Portada","item":"https:\/\/www.editorialjuventud.es\/"},{"@type":"ListItem","position":2,"name":"cat\u00e1logo","item":"https:\/\/www.editorialjuventud.es\/coleccion\/catalogo\/"},{"@type":"ListItem","position":3,"name":"catal\u00e0","item":"https:\/\/www.editorialjuventud.es\/coleccion\/catala\/"},{"@type":"ListItem","position":4,"name":"\u00c0lbums Il\u00b7lustrats","item":"https:\/\/www.editorialjuventud.es\/coleccion\/albums-il%c2%b7lustrats\/"},{"@type":"ListItem","position":5,"name":"Conviv\u00e8ncia i Multiculturalitat","item":"https:\/\/www.editorialjuventud.es\/coleccion\/convivencia-i-multiculturalitat\/"},{"@type":"ListItem","position":6,"name":"Petits Herois","item":"https:\/\/www.editorialjuventud.es\/coleccion\/petits-herois\/"},{"@type":"ListItem","position":7,"name":"On viur\u00e9?"}]},{"@type":"WebSite","@id":"https:\/\/www.editorialjuventud.es\/#website","url":"https:\/\/www.editorialjuventud.es\/","name":"Editorial Juventud","description":"","potentialAction":[{"@type":"SearchAction","target":{"@type":"EntryPoint","urlTemplate":"https:\/\/www.editorialjuventud.es\/?s={search_term_string}"},"query-input":{"@type":"PropertyValueSpecification","valueRequired":true,"valueName":"search_term_string"}}],"inLanguage":"ca"}]}},"_links":{"self":[{"href":"https:\/\/www.editorialjuventud.es\/ca\/wp-json\/wp\/v2\/product\/6285","targetHints":{"allow":["GET"]}}],"collection":[{"href":"https:\/\/www.editorialjuventud.es\/ca\/wp-json\/wp\/v2\/product"}],"about":[{"href":"https:\/\/www.editorialjuventud.es\/ca\/wp-json\/wp\/v2\/types\/product"}],"wp:featuredmedia":[{"embeddable":true,"href":"https:\/\/www.editorialjuventud.es\/ca\/wp-json\/wp\/v2\/media\/17240"}],"wp:attachment":[{"href":"https:\/\/www.editorialjuventud.es\/ca\/wp-json\/wp\/v2\/media?parent=6285"}],"wp:term":[{"taxonomy":"product_brand","embeddable":true,"href":"https:\/\/www.editorialjuventud.es\/ca\/wp-json\/wp\/v2\/product_brand?post=6285"},{"taxonomy":"product_cat","embeddable":true,"href":"https:\/\/www.editorialjuventud.es\/ca\/wp-json\/wp\/v2\/product_cat?post=6285"},{"taxonomy":"product_tag","embeddable":true,"href":"https:\/\/www.editorialjuventud.es\/ca\/wp-json\/wp\/v2\/product_tag?post=6285"},{"taxonomy":"coleccion","embeddable":true,"href":"https:\/\/www.editorialjuventud.es\/ca\/wp-json\/wp\/v2\/coleccion?post=6285"}],"curies":[{"name":"wp","href":"https:\/\/api.w.org\/{rel}","templated":true}]}}