{"id":6284,"date":"2018-08-24T14:11:38","date_gmt":"2018-08-24T10:11:38","guid":{"rendered":"http:\/\/www.editorialjuventud.es\/donde-vivire\/"},"modified":"2025-01-22T13:02:47","modified_gmt":"2025-01-22T12:02:47","slug":"donde-vivire-9788426144386","status":"publish","type":"product","link":"https:\/\/www.editorialjuventud.es\/ca\/donde-vivire-9788426144386\/","title":{"rendered":"\u00bfD\u00f3nde vivir\u00e9?"},"content":{"rendered":"<p>Todos los ni\u00f1os necesitan una casa, un lugar seguro donde poder ser felices, comer con su familia, jugar con sus juguetes, y por la noche acostarse y dormir sin miedo. Pero muchos ni\u00f1os de todo el mundo han tenido que abandonar sus casas porque ya no son seguras. Debido a las guerras y los conflictos armados, ellos y sus familias se han convertido en refugiados. Escrito por Rosemary McCarney, embajadora de las Naciones Unidas en Canad\u00e1, \u00bfD\u00f3nde vivir\u00e9? ayudar\u00e1 a los ni\u00f1os que no est\u00e1n directamente afectados por esta crisis humanitaria, a pensar en la importancia del hogar y en c\u00f3mo es la vida de un ni\u00f1o refugiado que no tiene un lugar permanente y seguro para cobijarlo a \u00e9l y a su familia. Las hermosas fotograf\u00edas forman parte de la Biblioteca de Im\u00e1genes de ACNUR (Alto Comisionado de las Naciones Unidas para los Refugiados) e incluyen im\u00e1genes de ni\u00f1os que migran y de campos de refugiados en pa\u00edses como L\u00edbano, Ruanda, Iraq, N\u00edger, Hungr\u00eda, Jordania, Sud\u00e1n y Grecia. Parte de los beneficios obtenidos por la venta de este libro ser\u00e1n donados a programas para ni\u00f1os refugiados de todo el mundo.<\/p>\n","protected":false},"excerpt":{"rendered":"Todos los ni\u00f1os necesitan una casa, un lugar seguro donde poder ser felices, comer con su familia, jugar con sus juguetes, y por la noche acostarse y dormir sin miedo. Pero muchos ni\u00f1os de todo el mundo han tenido que [&hellip;]","protected":false},"featured_media":17238,"template":"","meta":{"_acf_changed":false,"_exactmetrics_skip_tracking":false,"_exactmetrics_sitenote_active":false,"_exactmetrics_sitenote_note":"","_exactmetrics_sitenote_category":0},"product_brand":[],"product_cat":[902,1121,1186,1219],"product_tag":[],"coleccion":[988,1069],"class_list":{"0":"post-6284","1":"product","2":"type-product","3":"status-publish","4":"has-post-thumbnail","6":"product_cat-a-partir-de-7-anos","7":"product_cat-albumes-ilustrados","8":"product_cat-inmigracion","9":"product_cat-refugiados","10":"coleccion-convivencia-y-multiculturalidad","11":"coleccion-pequenos-heroes","13":"first","14":"instock","15":"taxable","16":"shipping-taxable","17":"purchasable","18":"product-type-simple"},"acf":{"autor":"McCarney, Rosemary","codart":"4438","ediciones":"1","encuadernacion":"Carton\u00e9","fecha_de_publicacion":"01\/05\/2017","novedad":"0","paginas":"24","subtitulo":"","texto_web_adicional":"","texto_web_novedad":"","orden":"999","portada":"0","texto_web_resaltado":"","indice":"","autores-libros":[16498],"ilustradores-libros":[16498],"traductores-libros":"","descripcion_corta":"","recomendamos":"","mas_vendido":"","idioma-libro":"","color":false,"formato":"","mas_informacion_del_producto":false,"premios":false,"texto_enlace_cubierta":"","enlace_cubierta":false,"texto_enlace_ficha_tecnica":"","enlace_ficha_tecnica":{"ID":25673,"id":25673,"title":"ficha d\u00f3nde vivir\u00e9","filename":"ficha-d\u00f3nde-vivir\u00e9.pdf","filesize":269835,"url":"https:\/\/www.editorialjuventud.es\/wp-content\/uploads\/ficha-d\u00f3nde-vivir\u00e9.pdf","link":"https:\/\/www.editorialjuventud.es\/ca\/?attachment_id=25673","alt":"","author":"47","description":"","caption":"","name":"ficha-donde-vivire","status":"inherit","uploaded_to":6284,"date":"2019-05-20 09:04:19","modified":"2019-05-20 09:04:19","menu_order":0,"mime_type":"application\/pdf","type":"application","subtype":"pdf","icon":"https:\/\/www.editorialjuventud.es\/wp-includes\/images\/media\/document.png"},"ficheros":false,"titulo-fr":"","texto-fr":""},"yoast_head":"<!-- This site is optimized with the Yoast SEO plugin v27.5 - https:\/\/yoast.com\/product\/yoast-seo-wordpress\/ -->\n<title>\u00bfD\u00f3nde vivir\u00e9? - Editorial Juventud<\/title>\n<meta name=\"description\" content=\"Todos los ni\u00f1os necesitan una casa, un lugar seguro donde poder ser felices, comer con su familia, jugar con sus juguetes, y por la noche acostarse y\" \/>\n<meta name=\"robots\" content=\"index, follow, max-snippet:-1, max-image-preview:large, max-video-preview:-1\" \/>\n<link rel=\"canonical\" href=\"https:\/\/www.editorialjuventud.es\/donde-vivire-9788426144386\/\" \/>\n<meta property=\"og:locale\" content=\"ca_ES\" \/>\n<meta property=\"og:type\" content=\"article\" \/>\n<meta property=\"og:title\" content=\"\u00bfD\u00f3nde vivir\u00e9? - Editorial Juventud\" \/>\n<meta property=\"og:description\" content=\"Todos los ni\u00f1os necesitan una casa, un lugar seguro donde poder ser felices, comer con su familia, jugar con sus juguetes, y por la noche acostarse y\" \/>\n<meta property=\"og:url\" content=\"https:\/\/www.editorialjuventud.es\/donde-vivire-9788426144386\/\" \/>\n<meta property=\"og:site_name\" content=\"Editorial Juventud\" \/>\n<meta property=\"article:modified_time\" content=\"2025-01-22T12:02:47+00:00\" \/>\n<meta property=\"og:image\" content=\"https:\/\/www.editorialjuventud.es\/wp-content\/uploads\/4438.jpg\" \/>\n\t<meta property=\"og:image:width\" content=\"577\" \/>\n\t<meta property=\"og:image:height\" content=\"450\" \/>\n\t<meta property=\"og:image:type\" content=\"image\/jpeg\" \/>\n<meta name=\"twitter:card\" content=\"summary_large_image\" \/>\n<meta name=\"twitter:label1\" content=\"Temps estimat de lectura\" \/>\n\t<meta name=\"twitter:data1\" content=\"1 minut\" \/>\n<script type=\"application\/ld+json\" class=\"yoast-schema-graph\">{\"@context\":\"https:\\\/\\\/schema.org\",\"@graph\":[{\"@type\":\"WebPage\",\"@id\":\"https:\\\/\\\/www.editorialjuventud.es\\\/donde-vivire-9788426144386\\\/\",\"url\":\"https:\\\/\\\/www.editorialjuventud.es\\\/donde-vivire-9788426144386\\\/\",\"name\":\"\u00bfD\u00f3nde vivir\u00e9? - Editorial Juventud\",\"isPartOf\":{\"@id\":\"https:\\\/\\\/www.editorialjuventud.es\\\/#website\"},\"primaryImageOfPage\":{\"@id\":\"https:\\\/\\\/www.editorialjuventud.es\\\/donde-vivire-9788426144386\\\/#primaryimage\"},\"image\":{\"@id\":\"https:\\\/\\\/www.editorialjuventud.es\\\/donde-vivire-9788426144386\\\/#primaryimage\"},\"thumbnailUrl\":\"https:\\\/\\\/www.editorialjuventud.es\\\/wp-content\\\/uploads\\\/4438.jpg\",\"datePublished\":\"2018-08-24T10:11:38+00:00\",\"dateModified\":\"2025-01-22T12:02:47+00:00\",\"description\":\"Todos los ni\u00f1os necesitan una casa, un lugar seguro donde poder ser felices, comer con su familia, jugar con sus juguetes, y por la noche acostarse y\",\"breadcrumb\":{\"@id\":\"https:\\\/\\\/www.editorialjuventud.es\\\/donde-vivire-9788426144386\\\/#breadcrumb\"},\"inLanguage\":\"ca\",\"potentialAction\":[{\"@type\":\"ReadAction\",\"target\":[\"https:\\\/\\\/www.editorialjuventud.es\\\/donde-vivire-9788426144386\\\/\"]}]},{\"@type\":\"ImageObject\",\"inLanguage\":\"ca\",\"@id\":\"https:\\\/\\\/www.editorialjuventud.es\\\/donde-vivire-9788426144386\\\/#primaryimage\",\"url\":\"https:\\\/\\\/www.editorialjuventud.es\\\/wp-content\\\/uploads\\\/4438.jpg\",\"contentUrl\":\"https:\\\/\\\/www.editorialjuventud.es\\\/wp-content\\\/uploads\\\/4438.jpg\",\"width\":577,\"height\":450,\"caption\":\"4438.jpg\"},{\"@type\":\"BreadcrumbList\",\"@id\":\"https:\\\/\\\/www.editorialjuventud.es\\\/donde-vivire-9788426144386\\\/#breadcrumb\",\"itemListElement\":[{\"@type\":\"ListItem\",\"position\":1,\"name\":\"Portada\",\"item\":\"https:\\\/\\\/www.editorialjuventud.es\\\/\"},{\"@type\":\"ListItem\",\"position\":2,\"name\":\"cat\u00e1logo\",\"item\":\"https:\\\/\\\/www.editorialjuventud.es\\\/coleccion\\\/catalogo\\\/\"},{\"@type\":\"ListItem\",\"position\":3,\"name\":\"castellano\",\"item\":\"https:\\\/\\\/www.editorialjuventud.es\\\/coleccion\\\/castellano\\\/\"},{\"@type\":\"ListItem\",\"position\":4,\"name\":\"\u00c1lbumes Ilustrados\",\"item\":\"https:\\\/\\\/www.editorialjuventud.es\\\/coleccion\\\/albumes-ilustrados\\\/\"},{\"@type\":\"ListItem\",\"position\":5,\"name\":\"Convivencia y Multiculturalidad\",\"item\":\"https:\\\/\\\/www.editorialjuventud.es\\\/coleccion\\\/convivencia-y-multiculturalidad\\\/\"},{\"@type\":\"ListItem\",\"position\":6,\"name\":\"Peque\u00f1os H\u00e9roes\",\"item\":\"https:\\\/\\\/www.editorialjuventud.es\\\/coleccion\\\/pequenos-heroes\\\/\"},{\"@type\":\"ListItem\",\"position\":7,\"name\":\"\u00bfD\u00f3nde vivir\u00e9?\"}]},{\"@type\":\"WebSite\",\"@id\":\"https:\\\/\\\/www.editorialjuventud.es\\\/#website\",\"url\":\"https:\\\/\\\/www.editorialjuventud.es\\\/\",\"name\":\"Editorial Juventud\",\"description\":\"\",\"potentialAction\":[{\"@type\":\"SearchAction\",\"target\":{\"@type\":\"EntryPoint\",\"urlTemplate\":\"https:\\\/\\\/www.editorialjuventud.es\\\/?s={search_term_string}\"},\"query-input\":{\"@type\":\"PropertyValueSpecification\",\"valueRequired\":true,\"valueName\":\"search_term_string\"}}],\"inLanguage\":\"ca\"}]}<\/script>\n<!-- \/ Yoast SEO plugin. -->","yoast_head_json":{"title":"\u00bfD\u00f3nde vivir\u00e9? - Editorial Juventud","description":"Todos los ni\u00f1os necesitan una casa, un lugar seguro donde poder ser felices, comer con su familia, jugar con sus juguetes, y por la noche acostarse y","robots":{"index":"index","follow":"follow","max-snippet":"max-snippet:-1","max-image-preview":"max-image-preview:large","max-video-preview":"max-video-preview:-1"},"canonical":"https:\/\/www.editorialjuventud.es\/donde-vivire-9788426144386\/","og_locale":"ca_ES","og_type":"article","og_title":"\u00bfD\u00f3nde vivir\u00e9? - Editorial Juventud","og_description":"Todos los ni\u00f1os necesitan una casa, un lugar seguro donde poder ser felices, comer con su familia, jugar con sus juguetes, y por la noche acostarse y","og_url":"https:\/\/www.editorialjuventud.es\/donde-vivire-9788426144386\/","og_site_name":"Editorial Juventud","article_modified_time":"2025-01-22T12:02:47+00:00","og_image":[{"width":577,"height":450,"url":"https:\/\/www.editorialjuventud.es\/wp-content\/uploads\/4438.jpg","type":"image\/jpeg"}],"twitter_card":"summary_large_image","twitter_misc":{"Temps estimat de lectura":"1 minut"},"schema":{"@context":"https:\/\/schema.org","@graph":[{"@type":"WebPage","@id":"https:\/\/www.editorialjuventud.es\/donde-vivire-9788426144386\/","url":"https:\/\/www.editorialjuventud.es\/donde-vivire-9788426144386\/","name":"\u00bfD\u00f3nde vivir\u00e9? - Editorial Juventud","isPartOf":{"@id":"https:\/\/www.editorialjuventud.es\/#website"},"primaryImageOfPage":{"@id":"https:\/\/www.editorialjuventud.es\/donde-vivire-9788426144386\/#primaryimage"},"image":{"@id":"https:\/\/www.editorialjuventud.es\/donde-vivire-9788426144386\/#primaryimage"},"thumbnailUrl":"https:\/\/www.editorialjuventud.es\/wp-content\/uploads\/4438.jpg","datePublished":"2018-08-24T10:11:38+00:00","dateModified":"2025-01-22T12:02:47+00:00","description":"Todos los ni\u00f1os necesitan una casa, un lugar seguro donde poder ser felices, comer con su familia, jugar con sus juguetes, y por la noche acostarse y","breadcrumb":{"@id":"https:\/\/www.editorialjuventud.es\/donde-vivire-9788426144386\/#breadcrumb"},"inLanguage":"ca","potentialAction":[{"@type":"ReadAction","target":["https:\/\/www.editorialjuventud.es\/donde-vivire-9788426144386\/"]}]},{"@type":"ImageObject","inLanguage":"ca","@id":"https:\/\/www.editorialjuventud.es\/donde-vivire-9788426144386\/#primaryimage","url":"https:\/\/www.editorialjuventud.es\/wp-content\/uploads\/4438.jpg","contentUrl":"https:\/\/www.editorialjuventud.es\/wp-content\/uploads\/4438.jpg","width":577,"height":450,"caption":"4438.jpg"},{"@type":"BreadcrumbList","@id":"https:\/\/www.editorialjuventud.es\/donde-vivire-9788426144386\/#breadcrumb","itemListElement":[{"@type":"ListItem","position":1,"name":"Portada","item":"https:\/\/www.editorialjuventud.es\/"},{"@type":"ListItem","position":2,"name":"cat\u00e1logo","item":"https:\/\/www.editorialjuventud.es\/coleccion\/catalogo\/"},{"@type":"ListItem","position":3,"name":"castellano","item":"https:\/\/www.editorialjuventud.es\/coleccion\/castellano\/"},{"@type":"ListItem","position":4,"name":"\u00c1lbumes Ilustrados","item":"https:\/\/www.editorialjuventud.es\/coleccion\/albumes-ilustrados\/"},{"@type":"ListItem","position":5,"name":"Convivencia y Multiculturalidad","item":"https:\/\/www.editorialjuventud.es\/coleccion\/convivencia-y-multiculturalidad\/"},{"@type":"ListItem","position":6,"name":"Peque\u00f1os H\u00e9roes","item":"https:\/\/www.editorialjuventud.es\/coleccion\/pequenos-heroes\/"},{"@type":"ListItem","position":7,"name":"\u00bfD\u00f3nde vivir\u00e9?"}]},{"@type":"WebSite","@id":"https:\/\/www.editorialjuventud.es\/#website","url":"https:\/\/www.editorialjuventud.es\/","name":"Editorial Juventud","description":"","potentialAction":[{"@type":"SearchAction","target":{"@type":"EntryPoint","urlTemplate":"https:\/\/www.editorialjuventud.es\/?s={search_term_string}"},"query-input":{"@type":"PropertyValueSpecification","valueRequired":true,"valueName":"search_term_string"}}],"inLanguage":"ca"}]}},"_links":{"self":[{"href":"https:\/\/www.editorialjuventud.es\/ca\/wp-json\/wp\/v2\/product\/6284","targetHints":{"allow":["GET"]}}],"collection":[{"href":"https:\/\/www.editorialjuventud.es\/ca\/wp-json\/wp\/v2\/product"}],"about":[{"href":"https:\/\/www.editorialjuventud.es\/ca\/wp-json\/wp\/v2\/types\/product"}],"wp:featuredmedia":[{"embeddable":true,"href":"https:\/\/www.editorialjuventud.es\/ca\/wp-json\/wp\/v2\/media\/17238"}],"wp:attachment":[{"href":"https:\/\/www.editorialjuventud.es\/ca\/wp-json\/wp\/v2\/media?parent=6284"}],"wp:term":[{"taxonomy":"product_brand","embeddable":true,"href":"https:\/\/www.editorialjuventud.es\/ca\/wp-json\/wp\/v2\/product_brand?post=6284"},{"taxonomy":"product_cat","embeddable":true,"href":"https:\/\/www.editorialjuventud.es\/ca\/wp-json\/wp\/v2\/product_cat?post=6284"},{"taxonomy":"product_tag","embeddable":true,"href":"https:\/\/www.editorialjuventud.es\/ca\/wp-json\/wp\/v2\/product_tag?post=6284"},{"taxonomy":"coleccion","embeddable":true,"href":"https:\/\/www.editorialjuventud.es\/ca\/wp-json\/wp\/v2\/coleccion?post=6284"}],"curies":[{"name":"wp","href":"https:\/\/api.w.org\/{rel}","templated":true}]}}