{"id":6280,"date":"2018-08-24T14:11:19","date_gmt":"2018-08-24T10:11:19","guid":{"rendered":"http:\/\/www.editorialjuventud.es\/colores-2\/"},"modified":"2024-11-14T12:19:59","modified_gmt":"2024-11-14T11:19:59","slug":"colores-cuentos-del-bosque-de-la-bellota-9788426144348","status":"publish","type":"product","link":"https:\/\/www.editorialjuventud.es\/ca\/colores-cuentos-del-bosque-de-la-bellota-9788426144348\/","title":{"rendered":"Colores (Cuentos del Bosque de la Bellota)"},"content":{"rendered":"<p>Aprende los colores con el Zorro, la Cerdita, la Coneja, el Oso y todos sus amigos del Bosque de la Bellota. \u00a1Un nuevo t\u00edtulo de la serie que lleva cautivando a los m\u00e1s peque\u00f1os desde hace m\u00e1s de quince a\u00f1os!<\/p>\n<p>Estos libros de cart\u00f3n est\u00e1n dise\u00f1ados para facilitar la introducci\u00f3n a la lectura a edades tempranas. Los textos rimados, ideales para leer en voz alta, van acompa\u00f1ados de magn\u00edficas ilustraciones que estimulan la imaginaci\u00f3n de los peque\u00f1os a la par que les ayudan a volcarse en la historia. Esta obra, de los galardonados autores de El Gr\u00fafalo, har\u00e1 que los adultos disfruten al ver a los m\u00e1s peque\u00f1os gozar de la lectura.<\/p>\n","protected":false},"excerpt":{"rendered":"Aprende los colores con el Zorro, la Cerdita, la Coneja, el Oso y todos sus amigos del Bosque de la Bellota. \u00a1Un nuevo t\u00edtulo de la serie que lleva cautivando a los m\u00e1s peque\u00f1os desde hace m\u00e1s de quince a\u00f1os! [&hellip;]","protected":false},"featured_media":17230,"template":"","meta":{"_acf_changed":false,"_exactmetrics_skip_tracking":false,"_exactmetrics_sitenote_active":false,"_exactmetrics_sitenote_note":"","_exactmetrics_sitenote_category":0},"product_brand":[],"product_cat":[898,1152,907,892,1115,1122,1211,1128],"product_tag":[],"coleccion":[916,1015,1296],"class_list":{"0":"post-6280","1":"product","2":"type-product","3":"status-publish","4":"has-post-thumbnail","6":"product_cat-a-partir-de-2-anos","7":"product_cat-colores","8":"product_cat-de-0-a-2-anos","9":"product_cat-edades","10":"product_cat-generos","11":"product_cat-libros-de-carton","12":"product_cat-poesia-rimas","13":"product_cat-tematica","14":"coleccion-castellano","15":"coleccion-cuentos-del-bosque-de-la-bellota","16":"coleccion-mis-primeros-libros","18":"first","19":"instock","20":"taxable","21":"shipping-taxable","22":"purchasable","23":"product-type-simple"},"acf":{"autor":"DONALSON - SCHEFFLER","codart":"4434","ediciones":"1","encuadernacion":"Cart\u00f3n","fecha_de_publicacion":"01\/09\/2017","novedad":"0","paginas":"22","subtitulo":"","texto_web_adicional":"","texto_web_novedad":"","orden":"999","portada":"0","texto_web_resaltado":"","indice":"","autores-libros":[16329],"ilustradores-libros":[18092],"traductores-libros":"","descripcion_corta":"","recomendamos":"","mas_vendido":"","idioma-libro":"","color":false,"formato":"","mas_informacion_del_producto":false,"premios":false,"texto_enlace_cubierta":"","enlace_cubierta":{"ID":24139,"id":24139,"title":"cover Colores","filename":"cover-Colores.jpg","filesize":369365,"url":"https:\/\/www.editorialjuventud.es\/wp-content\/uploads\/cover-Colores.jpg","link":"https:\/\/www.editorialjuventud.es\/ca\/?attachment_id=24139","alt":"","author":"47","description":"","caption":"","name":"cover-colores","status":"inherit","uploaded_to":6280,"date":"2019-04-15 14:08:16","modified":"2019-04-15 14:08:16","menu_order":0,"mime_type":"image\/jpeg","type":"image","subtype":"jpeg","icon":"https:\/\/www.editorialjuventud.es\/wp-includes\/images\/media\/default.png","width":2362,"height":1951,"sizes":{"thumbnail":"https:\/\/www.editorialjuventud.es\/wp-content\/uploads\/cover-Colores-200x200.jpg","thumbnail-width":200,"thumbnail-height":200,"medium":"https:\/\/www.editorialjuventud.es\/wp-content\/uploads\/cover-Colores.jpg","medium-width":2362,"medium-height":1951,"medium_large":"https:\/\/www.editorialjuventud.es\/wp-content\/uploads\/cover-Colores-768x634.jpg","medium_large-width":768,"medium_large-height":634,"large":"https:\/\/www.editorialjuventud.es\/wp-content\/uploads\/cover-Colores.jpg","large-width":2362,"large-height":1951,"1536x1536":"https:\/\/www.editorialjuventud.es\/wp-content\/uploads\/cover-Colores.jpg","1536x1536-width":1536,"1536x1536-height":1269,"2048x2048":"https:\/\/www.editorialjuventud.es\/wp-content\/uploads\/cover-Colores.jpg","2048x2048-width":2048,"2048x2048-height":1692,"woocommerce_thumbnail":"https:\/\/www.editorialjuventud.es\/wp-content\/uploads\/cover-Colores-350x289.jpg","woocommerce_thumbnail-width":350,"woocommerce_thumbnail-height":289,"woocommerce_single":"https:\/\/www.editorialjuventud.es\/wp-content\/uploads\/cover-Colores-900x743.jpg","woocommerce_single-width":900,"woocommerce_single-height":743,"woocommerce_gallery_thumbnail":"https:\/\/www.editorialjuventud.es\/wp-content\/uploads\/cover-Colores-100x100.jpg","woocommerce_gallery_thumbnail-width":100,"woocommerce_gallery_thumbnail-height":100,"ppec_logo_image_size":"https:\/\/www.editorialjuventud.es\/wp-content\/uploads\/cover-Colores.jpg","ppec_logo_image_size-width":73,"ppec_logo_image_size-height":60,"ppec_header_image_size":"https:\/\/www.editorialjuventud.es\/wp-content\/uploads\/cover-Colores.jpg","ppec_header_image_size-width":109,"ppec_header_image_size-height":90}},"texto_enlace_ficha_tecnica":"","enlace_ficha_tecnica":{"ID":79613,"id":79613,"title":"Ficha-N\u00fameros-Colores-Cuentos-del-Bosque-de-la-Bellota-1","filename":"Ficha-Numeros-Colores-Cuentos-del-Bosque-de-la-Bellota-1.pdf","filesize":300274,"url":"https:\/\/www.editorialjuventud.es\/wp-content\/uploads\/Ficha-Numeros-Colores-Cuentos-del-Bosque-de-la-Bellota-1.pdf","link":"https:\/\/www.editorialjuventud.es\/ca\/?attachment_id=79613","alt":"","author":"1519","description":"","caption":"","name":"ficha-numeros-colores-cuentos-del-bosque-de-la-bellota-1","status":"inherit","uploaded_to":6280,"date":"2024-11-14 11:19:47","modified":"2024-11-14 11:19:47","menu_order":0,"mime_type":"application\/pdf","type":"application","subtype":"pdf","icon":"https:\/\/www.editorialjuventud.es\/wp-includes\/images\/media\/document.png"},"ficheros":false,"titulo-fr":"","texto-fr":"","fecha_de_reimpresion":"","deshabilitar_compra":[]},"yoast_head":"<!-- This site is optimized with the Yoast SEO plugin v27.5 - https:\/\/yoast.com\/product\/yoast-seo-wordpress\/ -->\n<title>Colores (Cuentos del Bosque de la Bellota) - Editorial Juventud<\/title>\n<meta name=\"description\" content=\"Aprende los colores con el Zorro, la Cerdita, la Coneja, el Oso y todos sus amigos del Bosque de la Bellota. \u00a1Un nuevo t\u00edtulo de la serie que lleva\" \/>\n<meta name=\"robots\" content=\"index, follow, max-snippet:-1, max-image-preview:large, max-video-preview:-1\" \/>\n<link rel=\"canonical\" href=\"https:\/\/www.editorialjuventud.es\/colores-cuentos-del-bosque-de-la-bellota-9788426144348\/\" \/>\n<meta property=\"og:locale\" content=\"ca_ES\" \/>\n<meta property=\"og:type\" content=\"article\" \/>\n<meta property=\"og:title\" content=\"Colores (Cuentos del Bosque de la Bellota) - Editorial Juventud\" \/>\n<meta property=\"og:description\" content=\"Aprende los colores con el Zorro, la Cerdita, la Coneja, el Oso y todos sus amigos del Bosque de la Bellota. \u00a1Un nuevo t\u00edtulo de la serie que lleva\" \/>\n<meta property=\"og:url\" content=\"https:\/\/www.editorialjuventud.es\/colores-cuentos-del-bosque-de-la-bellota-9788426144348\/\" \/>\n<meta property=\"og:site_name\" content=\"Editorial Juventud\" \/>\n<meta property=\"article:modified_time\" content=\"2024-11-14T11:19:59+00:00\" \/>\n<meta property=\"og:image\" content=\"https:\/\/www.editorialjuventud.es\/wp-content\/uploads\/4434.jpg\" \/>\n\t<meta property=\"og:image:width\" content=\"535\" \/>\n\t<meta property=\"og:image:height\" content=\"450\" \/>\n\t<meta property=\"og:image:type\" content=\"image\/jpeg\" \/>\n<meta name=\"twitter:card\" content=\"summary_large_image\" \/>\n<meta name=\"twitter:label1\" content=\"Temps estimat de lectura\" \/>\n\t<meta name=\"twitter:data1\" content=\"1 minut\" \/>\n<script type=\"application\/ld+json\" class=\"yoast-schema-graph\">{\"@context\":\"https:\\\/\\\/schema.org\",\"@graph\":[{\"@type\":\"WebPage\",\"@id\":\"https:\\\/\\\/www.editorialjuventud.es\\\/colores-cuentos-del-bosque-de-la-bellota-9788426144348\\\/\",\"url\":\"https:\\\/\\\/www.editorialjuventud.es\\\/colores-cuentos-del-bosque-de-la-bellota-9788426144348\\\/\",\"name\":\"Colores (Cuentos del Bosque de la Bellota) - Editorial Juventud\",\"isPartOf\":{\"@id\":\"https:\\\/\\\/www.editorialjuventud.es\\\/#website\"},\"primaryImageOfPage\":{\"@id\":\"https:\\\/\\\/www.editorialjuventud.es\\\/colores-cuentos-del-bosque-de-la-bellota-9788426144348\\\/#primaryimage\"},\"image\":{\"@id\":\"https:\\\/\\\/www.editorialjuventud.es\\\/colores-cuentos-del-bosque-de-la-bellota-9788426144348\\\/#primaryimage\"},\"thumbnailUrl\":\"https:\\\/\\\/www.editorialjuventud.es\\\/wp-content\\\/uploads\\\/4434.jpg\",\"datePublished\":\"2018-08-24T10:11:19+00:00\",\"dateModified\":\"2024-11-14T11:19:59+00:00\",\"description\":\"Aprende los colores con el Zorro, la Cerdita, la Coneja, el Oso y todos sus amigos del Bosque de la Bellota. \u00a1Un nuevo t\u00edtulo de la serie que lleva\",\"breadcrumb\":{\"@id\":\"https:\\\/\\\/www.editorialjuventud.es\\\/colores-cuentos-del-bosque-de-la-bellota-9788426144348\\\/#breadcrumb\"},\"inLanguage\":\"ca\",\"potentialAction\":[{\"@type\":\"ReadAction\",\"target\":[\"https:\\\/\\\/www.editorialjuventud.es\\\/colores-cuentos-del-bosque-de-la-bellota-9788426144348\\\/\"]}]},{\"@type\":\"ImageObject\",\"inLanguage\":\"ca\",\"@id\":\"https:\\\/\\\/www.editorialjuventud.es\\\/colores-cuentos-del-bosque-de-la-bellota-9788426144348\\\/#primaryimage\",\"url\":\"https:\\\/\\\/www.editorialjuventud.es\\\/wp-content\\\/uploads\\\/4434.jpg\",\"contentUrl\":\"https:\\\/\\\/www.editorialjuventud.es\\\/wp-content\\\/uploads\\\/4434.jpg\",\"width\":535,\"height\":450,\"caption\":\"4434.jpg\"},{\"@type\":\"BreadcrumbList\",\"@id\":\"https:\\\/\\\/www.editorialjuventud.es\\\/colores-cuentos-del-bosque-de-la-bellota-9788426144348\\\/#breadcrumb\",\"itemListElement\":[{\"@type\":\"ListItem\",\"position\":1,\"name\":\"Portada\",\"item\":\"https:\\\/\\\/www.editorialjuventud.es\\\/\"},{\"@type\":\"ListItem\",\"position\":2,\"name\":\"cat\u00e1logo\",\"item\":\"https:\\\/\\\/www.editorialjuventud.es\\\/coleccion\\\/catalogo\\\/\"},{\"@type\":\"ListItem\",\"position\":3,\"name\":\"castellano\",\"item\":\"https:\\\/\\\/www.editorialjuventud.es\\\/coleccion\\\/castellano\\\/\"},{\"@type\":\"ListItem\",\"position\":4,\"name\":\"Mis Primeros Libros\",\"item\":\"https:\\\/\\\/www.editorialjuventud.es\\\/coleccion\\\/mis-primeros-libros\\\/\"},{\"@type\":\"ListItem\",\"position\":5,\"name\":\"Cuentos del Bosque de la Bellota\",\"item\":\"https:\\\/\\\/www.editorialjuventud.es\\\/coleccion\\\/cuentos-del-bosque-de-la-bellota\\\/\"},{\"@type\":\"ListItem\",\"position\":6,\"name\":\"Colores (Cuentos del Bosque de la Bellota)\"}]},{\"@type\":\"WebSite\",\"@id\":\"https:\\\/\\\/www.editorialjuventud.es\\\/#website\",\"url\":\"https:\\\/\\\/www.editorialjuventud.es\\\/\",\"name\":\"Editorial Juventud\",\"description\":\"\",\"potentialAction\":[{\"@type\":\"SearchAction\",\"target\":{\"@type\":\"EntryPoint\",\"urlTemplate\":\"https:\\\/\\\/www.editorialjuventud.es\\\/?s={search_term_string}\"},\"query-input\":{\"@type\":\"PropertyValueSpecification\",\"valueRequired\":true,\"valueName\":\"search_term_string\"}}],\"inLanguage\":\"ca\"}]}<\/script>\n<!-- \/ Yoast SEO plugin. -->","yoast_head_json":{"title":"Colores (Cuentos del Bosque de la Bellota) - Editorial Juventud","description":"Aprende los colores con el Zorro, la Cerdita, la Coneja, el Oso y todos sus amigos del Bosque de la Bellota. \u00a1Un nuevo t\u00edtulo de la serie que lleva","robots":{"index":"index","follow":"follow","max-snippet":"max-snippet:-1","max-image-preview":"max-image-preview:large","max-video-preview":"max-video-preview:-1"},"canonical":"https:\/\/www.editorialjuventud.es\/colores-cuentos-del-bosque-de-la-bellota-9788426144348\/","og_locale":"ca_ES","og_type":"article","og_title":"Colores (Cuentos del Bosque de la Bellota) - Editorial Juventud","og_description":"Aprende los colores con el Zorro, la Cerdita, la Coneja, el Oso y todos sus amigos del Bosque de la Bellota. \u00a1Un nuevo t\u00edtulo de la serie que lleva","og_url":"https:\/\/www.editorialjuventud.es\/colores-cuentos-del-bosque-de-la-bellota-9788426144348\/","og_site_name":"Editorial Juventud","article_modified_time":"2024-11-14T11:19:59+00:00","og_image":[{"width":535,"height":450,"url":"https:\/\/www.editorialjuventud.es\/wp-content\/uploads\/4434.jpg","type":"image\/jpeg"}],"twitter_card":"summary_large_image","twitter_misc":{"Temps estimat de lectura":"1 minut"},"schema":{"@context":"https:\/\/schema.org","@graph":[{"@type":"WebPage","@id":"https:\/\/www.editorialjuventud.es\/colores-cuentos-del-bosque-de-la-bellota-9788426144348\/","url":"https:\/\/www.editorialjuventud.es\/colores-cuentos-del-bosque-de-la-bellota-9788426144348\/","name":"Colores (Cuentos del Bosque de la Bellota) - Editorial Juventud","isPartOf":{"@id":"https:\/\/www.editorialjuventud.es\/#website"},"primaryImageOfPage":{"@id":"https:\/\/www.editorialjuventud.es\/colores-cuentos-del-bosque-de-la-bellota-9788426144348\/#primaryimage"},"image":{"@id":"https:\/\/www.editorialjuventud.es\/colores-cuentos-del-bosque-de-la-bellota-9788426144348\/#primaryimage"},"thumbnailUrl":"https:\/\/www.editorialjuventud.es\/wp-content\/uploads\/4434.jpg","datePublished":"2018-08-24T10:11:19+00:00","dateModified":"2024-11-14T11:19:59+00:00","description":"Aprende los colores con el Zorro, la Cerdita, la Coneja, el Oso y todos sus amigos del Bosque de la Bellota. \u00a1Un nuevo t\u00edtulo de la serie que lleva","breadcrumb":{"@id":"https:\/\/www.editorialjuventud.es\/colores-cuentos-del-bosque-de-la-bellota-9788426144348\/#breadcrumb"},"inLanguage":"ca","potentialAction":[{"@type":"ReadAction","target":["https:\/\/www.editorialjuventud.es\/colores-cuentos-del-bosque-de-la-bellota-9788426144348\/"]}]},{"@type":"ImageObject","inLanguage":"ca","@id":"https:\/\/www.editorialjuventud.es\/colores-cuentos-del-bosque-de-la-bellota-9788426144348\/#primaryimage","url":"https:\/\/www.editorialjuventud.es\/wp-content\/uploads\/4434.jpg","contentUrl":"https:\/\/www.editorialjuventud.es\/wp-content\/uploads\/4434.jpg","width":535,"height":450,"caption":"4434.jpg"},{"@type":"BreadcrumbList","@id":"https:\/\/www.editorialjuventud.es\/colores-cuentos-del-bosque-de-la-bellota-9788426144348\/#breadcrumb","itemListElement":[{"@type":"ListItem","position":1,"name":"Portada","item":"https:\/\/www.editorialjuventud.es\/"},{"@type":"ListItem","position":2,"name":"cat\u00e1logo","item":"https:\/\/www.editorialjuventud.es\/coleccion\/catalogo\/"},{"@type":"ListItem","position":3,"name":"castellano","item":"https:\/\/www.editorialjuventud.es\/coleccion\/castellano\/"},{"@type":"ListItem","position":4,"name":"Mis Primeros Libros","item":"https:\/\/www.editorialjuventud.es\/coleccion\/mis-primeros-libros\/"},{"@type":"ListItem","position":5,"name":"Cuentos del Bosque de la Bellota","item":"https:\/\/www.editorialjuventud.es\/coleccion\/cuentos-del-bosque-de-la-bellota\/"},{"@type":"ListItem","position":6,"name":"Colores (Cuentos del Bosque de la Bellota)"}]},{"@type":"WebSite","@id":"https:\/\/www.editorialjuventud.es\/#website","url":"https:\/\/www.editorialjuventud.es\/","name":"Editorial Juventud","description":"","potentialAction":[{"@type":"SearchAction","target":{"@type":"EntryPoint","urlTemplate":"https:\/\/www.editorialjuventud.es\/?s={search_term_string}"},"query-input":{"@type":"PropertyValueSpecification","valueRequired":true,"valueName":"search_term_string"}}],"inLanguage":"ca"}]}},"_links":{"self":[{"href":"https:\/\/www.editorialjuventud.es\/ca\/wp-json\/wp\/v2\/product\/6280","targetHints":{"allow":["GET"]}}],"collection":[{"href":"https:\/\/www.editorialjuventud.es\/ca\/wp-json\/wp\/v2\/product"}],"about":[{"href":"https:\/\/www.editorialjuventud.es\/ca\/wp-json\/wp\/v2\/types\/product"}],"wp:featuredmedia":[{"embeddable":true,"href":"https:\/\/www.editorialjuventud.es\/ca\/wp-json\/wp\/v2\/media\/17230"}],"wp:attachment":[{"href":"https:\/\/www.editorialjuventud.es\/ca\/wp-json\/wp\/v2\/media?parent=6280"}],"wp:term":[{"taxonomy":"product_brand","embeddable":true,"href":"https:\/\/www.editorialjuventud.es\/ca\/wp-json\/wp\/v2\/product_brand?post=6280"},{"taxonomy":"product_cat","embeddable":true,"href":"https:\/\/www.editorialjuventud.es\/ca\/wp-json\/wp\/v2\/product_cat?post=6280"},{"taxonomy":"product_tag","embeddable":true,"href":"https:\/\/www.editorialjuventud.es\/ca\/wp-json\/wp\/v2\/product_tag?post=6280"},{"taxonomy":"coleccion","embeddable":true,"href":"https:\/\/www.editorialjuventud.es\/ca\/wp-json\/wp\/v2\/coleccion?post=6280"}],"curies":[{"name":"wp","href":"https:\/\/api.w.org\/{rel}","templated":true}]}}